{"id":105,"date":"2025-06-15T14:19:58","date_gmt":"2025-06-15T14:19:58","guid":{"rendered":"https:\/\/nobel.websitesunum.com.tr\/?page_id=105"},"modified":"2025-08-14T12:39:45","modified_gmt":"2025-08-14T12:39:45","slug":"hizmetlerimiz","status":"publish","type":"page","link":"https:\/\/nobelexpo.com\/ar\/hizmetlerimiz\/","title":{"rendered":"\u062e\u062f\u0645\u0627\u062a\u0646\u0627"},"content":{"rendered":"<div class=\"wpb-content-wrapper\"><div class=\"vc_row wpb_row vc_row-fluid vc_custom_1750685076115 wd-rs-6859558a33f17\"><div class=\"wpb_column vc_column_container vc_col-sm-12\"><div class=\"vc_column-inner\"><div class=\"wpb_wrapper\">\n\t<div class=\"wpb_text_column wpb_content_element\" >\n\t\t<div class=\"wpb_wrapper\">\n\t\t\t<p style=\"text-align: center;\">\u064a\u0642\u062f\u0645 \u0644\u0643 \u0645\u0639\u0631\u0636 \u0646\u0648\u0628\u0644 \u0625\u0643\u0633\u0628\u0648<\/p>\n<h1 style=\"text-align: center;\"><strong>\u062a\u0641\u0648\u0651\u0642 \u0639\u0644\u0649 \u0645\u0646\u0627\u0641\u0633\u064a\u0643 \u0628\u062e\u062f\u0645\u0627\u062a \u0645\u062a\u0641\u0648\u0642\u0629!<\/strong><\/h1>\n\n\t\t<\/div>\n\t<\/div>\n<\/div><\/div><\/div><\/div><div id=\"hizmetlerimiz-bilgi\" class=\"vc_row wpb_row vc_row-fluid vc_custom_1755171250766 vc_row-has-fill vc_column-gap-30 wd-rs-689dc9a0775fe wd-section-stretch\"><div class=\"wpb_column vc_column_container vc_col-sm-12\"><div class=\"vc_column-inner\"><div class=\"wpb_wrapper\"><div class=\"vc_row wpb_row vc_inner vc_row-fluid vc_custom_1750685131472 vc_row-has-fill vc_column-gap-10 wd-rs-685955c03bc8e\"><div class=\"wpb_column vc_column_container vc_col-sm-4 wd-rs-684ee0dfa03e3\"><div class=\"vc_column-inner\"><div class=\"wpb_wrapper\">\t\t\t<div class=\"info-box-wrapper\">\n\t\t\t\t<div id=\"wd-689dcbaa3855f\" class=\"wd-animation-slide-from-bottom wd-animation-normal wd_delay_100 wd-rs-689dcbaa3855f wd-info-box wd-wpb text-left box-icon-align-top box-style- color-scheme- wd-bg-none with-btn box-btn-static\">\n\t\t\t\t\t\t\t\t\t\t<div class=\"info-box-content\">\n\t\t\t\t\t\t<h2 class=\"info-box-title title box-title-style-default wd-fontsize-m\">\u0627\u0644\u0648\u0643\u0627\u0644\u0629 \u0648\u0627\u0644\u062a\u0633\u0648\u064a\u0642<\/h2>\t\t\t\t\t\t<div class=\"info-box-inner reset-last-child\"><p>\u062a\u0623\u0643\u062f \u0645\u0646 \u0623\u0646 \u0645\u0646\u062a\u062c\u0627\u062a\u0643 \u0648\u062e\u062f\u0645\u0627\u062a\u0643 \u062a\u0644\u062a\u0642\u064a \u0628\u0627\u0644\u0639\u0645\u0644\u0627\u0621 \u0627\u0644\u0645\u0646\u0627\u0633\u0628\u064a\u0646 \u0628\u0627\u0633\u062a\u062e\u062f\u0627\u0645 \u0623\u062f\u0648\u0627\u062a \u0627\u0644\u062a\u0633\u0648\u064a\u0642 \u0627\u0644\u0641\u0639\u0627\u0644\u0629 \u0627\u0644\u062a\u064a \u062a\u0642\u062f\u0645\u0647\u0627 \u0646\u0648\u0628\u0644 \u0645\u064a\u062f\u064a\u0627. \u0627\u0633\u062a\u0645\u0631 \u0641\u064a \u0627\u0644\u062a\u0631\u0648\u064a\u062c \u0644\u0634\u0631\u0643\u062a\u0643 \u0648\u0639\u0644\u0627\u0645\u062a\u0643 \u0627\u0644\u062a\u062c\u0627\u0631\u064a\u0629 \u0644\u064a\u0633 \u0641\u0642\u0637 \u062e\u0644\u0627\u0644 \u0627\u0644\u0645\u0639\u0631\u0636 \u0648\u0644\u0643\u0646 \u0623\u064a\u0636\u064b\u0627 \u0642\u0628\u0644 \u0627\u0644\u0645\u0639\u0631\u0636 \u0648\u0628\u0639\u062f\u0647.<\/p>\n<\/div>\n\n\t\t\t\t\t\t<div class=\"info-btn-wrapper\"><div id=\"wd-69e0cd913921f\" class=\"wd-button-wrapper text-left\"><a href=\"\/ar\/iletisim\/\" title=\"\" class=\"btn btn-color-alt btn-style-link btn-shape-rectangle btn-size-large btn-icon-pos-right\">\u0627\u0646\u0642\u0631 \u0644\u0644\u0627\u062a\u0635\u0627\u0644 \u0628\u0646\u0627<span class=\"wd-btn-icon\"><span class=\"wd-icon fa fa-solid fa-right-long\"><\/span><\/span><\/a><\/div><\/div>\t\t\t\t\t<\/div>\n\n\t\t\t\t\t\n\t\t\t\t\t<style><\/style>\t\t\t\t<\/div>\n\t\t\t<\/div>\n\t\t<\/div><\/div><\/div><div class=\"wpb_column vc_column_container vc_col-sm-4\"><div class=\"vc_column-inner\"><div class=\"wpb_wrapper\">\t\t\t<div class=\"info-box-wrapper\">\n\t\t\t\t<div id=\"wd-689dcbb12ef6d\" class=\"wd-animation-slide-from-bottom wd-animation-normal wd_delay_100 wd-rs-689dcbb12ef6d wd-info-box wd-wpb text-left box-icon-align-top box-style- color-scheme- wd-bg-none with-btn box-btn-static\">\n\t\t\t\t\t\t\t\t\t\t<div class=\"info-box-content\">\n\t\t\t\t\t\t<h2 class=\"info-box-title title box-title-style-default wd-fontsize-m\">\u0627\u0644\u062e\u062f\u0645\u0627\u062a \u0627\u0644\u0644\u0648\u062c\u0633\u062a\u064a\u0629 \u0648\u0627\u0644\u0645\u0648\u0642\u0641<\/h2>\t\t\t\t\t\t<div class=\"info-box-inner reset-last-child\"><p>\u0627\u0635\u0646\u0639 \u0641\u0631\u0642\u0643 \u0648\u062a\u0645\u064a\u0632 \u0639\u0646 \u0645\u0646\u0627\u0641\u0633\u064a\u0643 \u0641\u064a \u0627\u0644\u0645\u0639\u0627\u0631\u0636 \u0627\u0644\u062a\u064a \u062a\u062d\u0636\u0631\u0647\u0627 \u0645\u0646 \u062e\u0644\u0627\u0644 \u062e\u062f\u0645\u0627\u062a \u0627\u0644\u0646\u0642\u0644 \u0627\u0644\u0623\u0643\u062b\u0631 \u0645\u0648\u062b\u0648\u0642\u064a\u0629 \u0648\u062e\u062f\u0645\u0627\u062a \u062a\u0635\u0645\u064a\u0645 \u0627\u0644\u0645\u0646\u0635\u0627\u062a \u0627\u0644\u0623\u0643\u062b\u0631 \u062d\u062f\u0627\u062b\u0629. \u0627\u062a\u0635\u0644 \u0628\u0646\u0627 \u0627\u0644\u0622\u0646 \u0644\u0644\u062d\u0635\u0648\u0644 \u0639\u0644\u0649 \u062c\u0645\u064a\u0639 \u0647\u0630\u0647 \u0627\u0644\u062e\u062f\u0645\u0627\u062a \u0627\u0644\u062a\u0634\u063a\u064a\u0644\u064a\u0629 \u0648\u0623\u0643\u062b\u0631 \u0645\u0646 \u0630\u0644\u0643.<\/p>\n<\/div>\n\n\t\t\t\t\t\t<div class=\"info-btn-wrapper\"><div id=\"wd-69e0cd91396de\" class=\"wd-button-wrapper text-left\"><a href=\"\/ar\/iletisim\/\" title=\"\" class=\"btn btn-color-alt btn-style-link btn-shape-rectangle btn-size-large btn-icon-pos-right\">\u0627\u0646\u0642\u0631 \u0644\u0644\u0627\u062a\u0635\u0627\u0644 \u0628\u0646\u0627<span class=\"wd-btn-icon\"><span class=\"wd-icon fa fa-solid fa-right-long\"><\/span><\/span><\/a><\/div><\/div>\t\t\t\t\t<\/div>\n\n\t\t\t\t\t\n\t\t\t\t\t<style><\/style>\t\t\t\t<\/div>\n\t\t\t<\/div>\n\t\t<\/div><\/div><\/div><div class=\"wpb_column vc_column_container vc_col-sm-4\"><div class=\"vc_column-inner\"><div class=\"wpb_wrapper\">\t\t\t<div class=\"info-box-wrapper\">\n\t\t\t\t<div id=\"wd-689dcbb75061f\" class=\"wd-animation-slide-from-bottom wd-animation-normal wd_delay_100 wd-rs-689dcbb75061f wd-info-box wd-wpb text-left box-icon-align-top box-style- color-scheme- wd-bg-none with-btn box-btn-static\">\n\t\t\t\t\t\t\t\t\t\t<div class=\"info-box-content\">\n\t\t\t\t\t\t<h2 class=\"info-box-title title box-title-style-default wd-fontsize-m\">\u0627\u0644\u062d\u0648\u0627\u0641\u0632 \u0648\u0627\u0644\u0645\u0646\u062d \u0627\u0644\u0639\u0627\u062f\u0644\u0629<\/h2>\t\t\t\t\t\t<div class=\"info-box-inner reset-last-child\"><p>\u0645\u0627 \u0647\u064a \u0627\u0644\u062f\u0648\u0644 \u0627\u0644\u0645\u0633\u062a\u0647\u062f\u0641\u0629\u060c \u0648\u0645\u0627 \u0647\u064a \u0627\u0644\u062f\u0648\u0644 \u0627\u0644\u0645\u0633\u062a\u0647\u062f\u0641\u0629\u060c \u0648\u0645\u0627 \u0645\u0642\u062f\u0627\u0631 \u0627\u0644\u062d\u0648\u0627\u0641\u0632 \u0623\u0648 \u0627\u0644\u0645\u0646\u062d \u0627\u0644\u062a\u064a \u0633\u062a\u062d\u0635\u0644 \u0639\u0644\u064a\u0647\u0627 \u0641\u064a \u0627\u0644\u0645\u0639\u0627\u0631\u0636 \u0627\u0644\u062a\u064a \u0633\u062a\u062d\u0636\u0631\u0647\u0627 \u0641\u064a \u0623\u064a \u0627\u0644\u062f\u0648\u0644\u061f \u0633\u064a\u0643\u0648\u0646 \u0642\u0633\u0645 \u062d\u0648\u0627\u0641\u0632 \u0627\u0644\u0645\u0639\u0627\u0631\u0636 \u0644\u062f\u064a\u0646\u0627 \u0645\u0639\u0643 \u062f\u0627\u0626\u0645\u0627\u064b \u0644\u0644\u062d\u0635\u0648\u0644 \u0639\u0644\u0649 \u0625\u062c\u0627\u0628\u0627\u062a \u0644\u062c\u0645\u064a\u0639 \u0647\u0630\u0647 \u0627\u0644\u0623\u0633\u0626\u0644\u0629 \u0648\u0623\u0643\u062b\u0631.<\/p>\n<\/div>\n\n\t\t\t\t\t\t<div class=\"info-btn-wrapper\"><div id=\"wd-69e0cd9139a9d\" class=\"wd-button-wrapper text-left\"><a href=\"\/ar\/iletisim\/\" title=\"\" class=\"btn btn-color-alt btn-style-link btn-shape-rectangle btn-size-large btn-icon-pos-right\">\u0627\u0646\u0642\u0631 \u0644\u0644\u0627\u062a\u0635\u0627\u0644 \u0628\u0646\u0627<span class=\"wd-btn-icon\"><span class=\"wd-icon fa fa-solid fa-right-long\"><\/span><\/span><\/a><\/div><\/div>\t\t\t\t\t<\/div>\n\n\t\t\t\t\t\n\t\t\t\t\t<style><\/style>\t\t\t\t<\/div>\n\t\t\t<\/div>\n\t\t<\/div><\/div><\/div><\/div><div class=\"vc_row wpb_row vc_inner vc_row-fluid vc_custom_1750685131472 vc_row-has-fill vc_column-gap-10 wd-rs-685955c03bc8e\"><div class=\"wpb_column vc_column_container vc_col-sm-4 wd-rs-684ee0dfa03e3\"><div class=\"vc_column-inner\"><div class=\"wpb_wrapper\">\t\t\t<div class=\"info-box-wrapper\">\n\t\t\t\t<div id=\"wd-689dcbbd9dab9\" class=\"wd-animation-slide-from-bottom wd-animation-normal wd_delay_100 wd-rs-689dcbbd9dab9 wd-info-box wd-wpb text-left box-icon-align-top box-style- color-scheme- wd-bg-none with-btn box-btn-static\">\n\t\t\t\t\t\t\t\t\t\t<div class=\"info-box-content\">\n\t\t\t\t\t\t<h2 class=\"info-box-title title box-title-style-default wd-fontsize-m\">\u0648\u0641\u0648\u062f \u0627\u0644\u0645\u0637\u0627\u0628\u0642\u0629 \u0628\u064a\u0646 \u0627\u0644\u0623\u0639\u0645\u0627\u0644 \u0627\u0644\u062a\u062c\u0627\u0631\u064a\u0629 \u0648\u0627\u0644\u0645\u0634\u062a\u0631\u064a\u0627\u062a (b2b)<\/h2>\t\t\t\t\t\t<div class=\"info-box-inner reset-last-child\"><p>\u0645\u0639 \u0628\u0631\u0627\u0645\u062c\u0646\u0627 \u0627\u0644\u0641\u0631\u064a\u062f\u0629 \u0644\u0644\u062a\u0648\u0641\u064a\u0642 \u0628\u064a\u0646 \u0627\u0644\u0634\u0631\u0643\u0627\u062a \u0648\u0648\u0641\u0648\u062f \u0627\u0644\u0645\u0634\u062a\u0631\u064a\u0646\u060c \u0644\u0646 \u064a\u0643\u0648\u0646 \u062c\u0646\u0627\u062d\u0643 \u0641\u0627\u0631\u063a\u0627\u064b \u0623\u0628\u062f\u0627\u064b. \u0641\u0645\u0639 \u0628\u0631\u0646\u0627\u0645\u062c \u0627\u0644\u062a\u0648\u0641\u064a\u0642 \u0628\u064a\u0646 \u0627\u0644\u0634\u0631\u0643\u0627\u062a B2B\u060c \u0633\u062a\u0644\u062a\u0642\u064a \u0628\u0627\u0644\u0639\u0645\u0644\u0627\u0621 \u0627\u0644\u0630\u064a\u0646 \u062a\u0633\u062a\u0647\u062f\u0641\u0647\u0645\u060c \u0648\u0645\u0639 \u0648\u0641\u0648\u062f \u0627\u0644\u0645\u0634\u062a\u0631\u064a\u0646 \u0633\u062a\u0646\u0642\u0644 \u0627\u0644\u0648\u0639\u064a \u0628\u0645\u0646\u062a\u062c\u0643 \u0648\u0639\u0644\u0627\u0645\u062a\u0643 \u0627\u0644\u062a\u062c\u0627\u0631\u064a\u0629 \u0625\u0644\u0649 \u062e\u0627\u0631\u062c \u062d\u062f\u0648\u062f \u0627\u0644\u062f\u0648\u0644\u0629.<\/p>\n<\/div>\n\n\t\t\t\t\t\t<div class=\"info-btn-wrapper\"><div id=\"wd-69e0cd913a18f\" class=\"wd-button-wrapper text-left\"><a href=\"\/ar\/iletisim\/\" title=\"\" class=\"btn btn-color-alt btn-style-link btn-shape-rectangle btn-size-large btn-icon-pos-right\">\u0627\u0646\u0642\u0631 \u0644\u0644\u0627\u062a\u0635\u0627\u0644 \u0628\u0646\u0627<span class=\"wd-btn-icon\"><span class=\"wd-icon fa fa-solid fa-right-long\"><\/span><\/span><\/a><\/div><\/div>\t\t\t\t\t<\/div>\n\n\t\t\t\t\t\n\t\t\t\t\t<style><\/style>\t\t\t\t<\/div>\n\t\t\t<\/div>\n\t\t<\/div><\/div><\/div><div class=\"wpb_column vc_column_container vc_col-sm-4\"><div class=\"vc_column-inner\"><div class=\"wpb_wrapper\">\t\t\t<div class=\"info-box-wrapper\">\n\t\t\t\t<div id=\"wd-689dd8fa65cb2\" class=\"wd-animation-slide-from-bottom wd-animation-normal wd_delay_100 wd-rs-689dd8fa65cb2 wd-info-box wd-wpb text-left box-icon-align-top box-style- color-scheme- wd-bg-none with-btn box-btn-static\">\n\t\t\t\t\t\t\t\t\t\t<div class=\"info-box-content\">\n\t\t\t\t\t\t<h2 class=\"info-box-title title box-title-style-default wd-fontsize-m\">\u0627\u0644\u0633\u064a\u0627\u062d\u0629 \u0648\u0627\u0644\u0625\u0642\u0627\u0645\u0629<\/h2>\t\t\t\t\t\t<div class=\"info-box-inner reset-last-child\"><p>\u0633\u0648\u0627\u0621 \u0643\u0646\u062a \u0641\u064a \u062a\u0631\u0643\u064a\u0627 \u0623\u0648 \u062e\u0627\u0631\u062c\u0647\u0627\u060c \u062f\u0639\u0646\u0627 \u0646\u0647\u062a\u0645 \u0628\u0627\u0644\u0633\u064a\u0627\u062d\u0629 \u0648\u0627\u0644\u0625\u0642\u0627\u0645\u0629 \u0645\u0646 \u062e\u0644\u0627\u0644 \u0625\u064a\u062c\u0627\u062f \u0623\u0641\u0636\u0644 \u0648\u0623\u0646\u0633\u0628 \u0627\u0644\u062e\u064a\u0627\u0631\u0627\u062a \u0644\u0645\u0634\u0627\u0631\u0643\u062a\u0643 \u0641\u064a \u0627\u0644\u0645\u0639\u0631\u0636. \u0645\u0627 \u0639\u0644\u064a\u0643 \u0633\u0648\u0649 \u0627\u0644\u062a\u0631\u0643\u064a\u0632 \u0639\u0644\u0649 \u0627\u0633\u062a\u0639\u062f\u0627\u062f\u0627\u062a\u0643 \u0644\u0644\u0645\u0639\u0631\u0636 \u0648\u0639\u0631\u0648\u0636\u0643 \u0648\u0645\u0646\u062a\u062c\u0627\u062a\u0643 \u0648\u0627\u062d\u062a\u064a\u0627\u062c\u0627\u062a \u0627\u0644\u0639\u0645\u0644\u0627\u0621.<\/p>\n<\/div>\n\n\t\t\t\t\t\t<div class=\"info-btn-wrapper\"><div id=\"wd-69e0cd913a624\" class=\"wd-button-wrapper text-left\"><a href=\"\/ar\/iletisim\/\" title=\"\" class=\"btn btn-color-alt btn-style-link btn-shape-rectangle btn-size-large btn-icon-pos-right\">\u0627\u0646\u0642\u0631 \u0644\u0644\u0627\u062a\u0635\u0627\u0644 \u0628\u0646\u0627<span class=\"wd-btn-icon\"><span class=\"wd-icon fa fa-solid fa-right-long\"><\/span><\/span><\/a><\/div><\/div>\t\t\t\t\t<\/div>\n\n\t\t\t\t\t\n\t\t\t\t\t<style><\/style>\t\t\t\t<\/div>\n\t\t\t<\/div>\n\t\t<\/div><\/div><\/div><div class=\"wpb_column vc_column_container vc_col-sm-4\"><div class=\"vc_column-inner\"><div class=\"wpb_wrapper\">\t\t\t<div class=\"info-box-wrapper\">\n\t\t\t\t<div id=\"wd-689dcbd1da41d\" class=\"wd-animation-slide-from-bottom wd-animation-normal wd_delay_100 wd-rs-689dcbd1da41d wd-info-box wd-wpb text-left box-icon-align-top box-style- color-scheme- wd-bg-none with-btn box-btn-static\">\n\t\t\t\t\t\t\t\t\t\t<div class=\"info-box-content\">\n\t\t\t\t\t\t<h2 class=\"info-box-title title box-title-style-default wd-fontsize-m\">\u062a\u0637\u0648\u064a\u0631 \u0627\u0644\u0623\u0639\u0645\u0627\u0644 \u0648\u0627\u0644\u0627\u0633\u062a\u0639\u0644\u0627\u0645 \u0627\u0644\u0639\u0627\u062f\u0644<\/h2>\t\t\t\t\t\t<div class=\"info-box-inner reset-last-child\"><p>\u0634\u0627\u0631\u0643\u0646\u0627 \u0641\u064a \u0623\u064a \u0628\u0644\u062f \u0648\u0641\u064a \u0623\u064a \u0642\u0637\u0627\u0639 \u062a\u0631\u064a\u062f \u0623\u0646 \u062a\u0639\u0631\u0636 \u0641\u064a\u0647. \u0648\u0633\u0646\u0639\u0648\u062f \u0625\u0644\u064a\u0643 \u0628\u0623\u0641\u0636\u0644 \u0627\u0644\u062e\u064a\u0627\u0631\u0627\u062a. \u0648\u0628\u0647\u0630\u0647 \u0627\u0644\u0637\u0631\u064a\u0642\u0629\u060c \u064a\u0645\u0643\u0646\u0643 \u062a\u0634\u0643\u064a\u0644 \u0645\u062d\u0641\u0638\u0629 \u0645\u0639\u0627\u0631\u0636\u0646\u0627 \u0648\u0633\u0646\u0642\u0648\u0645 \u0628\u062a\u0648\u0633\u064a\u0639 \u0646\u0637\u0627\u0642 \u062a\u062c\u0627\u0631\u062a\u0643 \u0645\u0639 \u0627\u0644\u0645\u0639\u0627\u0631\u0636 \u0627\u0644\u062a\u064a \u062a\u0644\u0628\u064a \u0627\u062d\u062a\u064a\u0627\u062c\u0627\u062a\u0643 \u0628\u0623\u0641\u0636\u0644 \u0637\u0631\u064a\u0642\u0629 \u0645\u0645\u0643\u0646\u0629.<\/p>\n<\/div>\n\n\t\t\t\t\t\t<div class=\"info-btn-wrapper\"><div id=\"wd-69e0cd913aa59\" class=\"wd-button-wrapper text-left\"><a href=\"\/ar\/iletisim\/\" title=\"\" class=\"btn btn-color-alt btn-style-link btn-shape-rectangle btn-size-large btn-icon-pos-right\">\u0627\u0646\u0642\u0631 \u0644\u0644\u0627\u062a\u0635\u0627\u0644 \u0628\u0646\u0627<span class=\"wd-btn-icon\"><span class=\"wd-icon fa fa-solid fa-right-long\"><\/span><\/span><\/a><\/div><\/div>\t\t\t\t\t<\/div>\n\n\t\t\t\t\t\n\t\t\t\t\t<style><\/style>\t\t\t\t<\/div>\n\t\t\t<\/div>\n\t\t<\/div><\/div><\/div><\/div><\/div><\/div><\/div><\/div>\n<\/div>","protected":false},"excerpt":{"rendered":"Nobel Expo\u2019nun Size Sundu\u011fu \u00dcST\u00dcN H\u0130ZMETLERLE RAK\u0130PLER\u0130N\u0130Z\u0130N \u00d6N\u00dcNE GE\u00c7\u0130N! AJANS VE PAZARLAMA Nobel Medya\u2019n\u0131n etkili pazarlama ara\u00e7lar\u0131n\u0131 kullanarak, \u00fcr\u00fcn ve","protected":false},"author":1,"featured_media":0,"parent":0,"menu_order":0,"comment_status":"closed","ping_status":"closed","template":"","meta":{"_acf_changed":false,"footnotes":""},"class_list":["post-105","page","type-page","status-publish","hentry"],"acf":[],"yoast_head":"<!-- This site is optimized with the Yoast SEO plugin v25.8 - https:\/\/yoast.com\/wordpress\/plugins\/seo\/ -->\n<title>Hizmetlerimiz - Nobel Expo<\/title>\n<meta name=\"robots\" content=\"index, follow, max-snippet:-1, max-image-preview:large, max-video-preview:-1\" \/>\n<link rel=\"canonical\" href=\"https:\/\/nobelexpo.com\/ar\/hizmetlerimiz\/\" \/>\n<meta property=\"og:locale\" content=\"ar_AR\" \/>\n<meta property=\"og:type\" content=\"article\" \/>\n<meta property=\"og:title\" content=\"Hizmetlerimiz - Nobel Expo\" \/>\n<meta property=\"og:url\" content=\"https:\/\/nobelexpo.com\/ar\/hizmetlerimiz\/\" \/>\n<meta property=\"og:site_name\" content=\"Nobel Expo\" \/>\n<meta property=\"article:modified_time\" content=\"2025-08-14T12:39:45+00:00\" \/>\n<meta name=\"twitter:card\" content=\"summary_large_image\" \/>\n<meta name=\"twitter:label1\" content=\"\u0648\u0642\u062a \u0627\u0644\u0642\u0631\u0627\u0621\u0629 \u0627\u0644\u0645\u064f\u0642\u062f\u0651\u0631\" \/>\n\t<meta name=\"twitter:data1\" content=\"10 \u062f\u0642\u0627\u0626\u0642\" \/>\n<script type=\"application\/ld+json\" class=\"yoast-schema-graph\">{\"@context\":\"https:\/\/schema.org\",\"@graph\":[{\"@type\":\"WebPage\",\"@id\":\"https:\/\/nobelexpo.com\/hizmetlerimiz\/\",\"url\":\"https:\/\/nobelexpo.com\/hizmetlerimiz\/\",\"name\":\"Hizmetlerimiz - Nobel Expo\",\"isPartOf\":{\"@id\":\"https:\/\/nobelexpo.com\/#website\"},\"datePublished\":\"2025-06-15T14:19:58+00:00\",\"dateModified\":\"2025-08-14T12:39:45+00:00\",\"breadcrumb\":{\"@id\":\"https:\/\/nobelexpo.com\/hizmetlerimiz\/#breadcrumb\"},\"inLanguage\":\"ar\",\"potentialAction\":[{\"@type\":\"ReadAction\",\"target\":[\"https:\/\/nobelexpo.com\/hizmetlerimiz\/\"]}]},{\"@type\":\"BreadcrumbList\",\"@id\":\"https:\/\/nobelexpo.com\/hizmetlerimiz\/#breadcrumb\",\"itemListElement\":[{\"@type\":\"ListItem\",\"position\":1,\"name\":\"Anasayfa\",\"item\":\"https:\/\/nobelexpo.com\/\"},{\"@type\":\"ListItem\",\"position\":2,\"name\":\"Hizmetlerimiz\"}]},{\"@type\":\"WebSite\",\"@id\":\"https:\/\/nobelexpo.com\/#website\",\"url\":\"https:\/\/nobelexpo.com\/\",\"name\":\"Nobel Expo\",\"description\":\"Gelece\u011fin Fuarlar\u0131na \u015eimdi Kat\u0131l\",\"potentialAction\":[{\"@type\":\"SearchAction\",\"target\":{\"@type\":\"EntryPoint\",\"urlTemplate\":\"https:\/\/nobelexpo.com\/?s={search_term_string}\"},\"query-input\":{\"@type\":\"PropertyValueSpecification\",\"valueRequired\":true,\"valueName\":\"search_term_string\"}}],\"inLanguage\":\"ar\"}]}<\/script>\n<!-- \/ Yoast SEO plugin. -->","yoast_head_json":{"title":"Hizmetlerimiz - Nobel Expo","robots":{"index":"index","follow":"follow","max-snippet":"max-snippet:-1","max-image-preview":"max-image-preview:large","max-video-preview":"max-video-preview:-1"},"canonical":"https:\/\/nobelexpo.com\/ar\/hizmetlerimiz\/","og_locale":"ar_AR","og_type":"article","og_title":"Hizmetlerimiz - Nobel Expo","og_url":"https:\/\/nobelexpo.com\/ar\/hizmetlerimiz\/","og_site_name":"Nobel Expo","article_modified_time":"2025-08-14T12:39:45+00:00","twitter_card":"summary_large_image","twitter_misc":{"\u0648\u0642\u062a \u0627\u0644\u0642\u0631\u0627\u0621\u0629 \u0627\u0644\u0645\u064f\u0642\u062f\u0651\u0631":"10 \u062f\u0642\u0627\u0626\u0642"},"schema":{"@context":"https:\/\/schema.org","@graph":[{"@type":"WebPage","@id":"https:\/\/nobelexpo.com\/hizmetlerimiz\/","url":"https:\/\/nobelexpo.com\/hizmetlerimiz\/","name":"Hizmetlerimiz - Nobel Expo","isPartOf":{"@id":"https:\/\/nobelexpo.com\/#website"},"datePublished":"2025-06-15T14:19:58+00:00","dateModified":"2025-08-14T12:39:45+00:00","breadcrumb":{"@id":"https:\/\/nobelexpo.com\/hizmetlerimiz\/#breadcrumb"},"inLanguage":"ar","potentialAction":[{"@type":"ReadAction","target":["https:\/\/nobelexpo.com\/hizmetlerimiz\/"]}]},{"@type":"BreadcrumbList","@id":"https:\/\/nobelexpo.com\/hizmetlerimiz\/#breadcrumb","itemListElement":[{"@type":"ListItem","position":1,"name":"Anasayfa","item":"https:\/\/nobelexpo.com\/"},{"@type":"ListItem","position":2,"name":"Hizmetlerimiz"}]},{"@type":"WebSite","@id":"https:\/\/nobelexpo.com\/#website","url":"https:\/\/nobelexpo.com\/","name":"\u0645\u0639\u0631\u0636 \u0646\u0648\u0628\u0644","description":"\u0627\u0646\u0636\u0645 \u0625\u0644\u0649 \u0645\u0639\u0627\u0631\u0636 \u0627\u0644\u0645\u0633\u062a\u0642\u0628\u0644 \u0627\u0644\u0622\u0646","potentialAction":[{"@type":"SearchAction","target":{"@type":"EntryPoint","urlTemplate":"https:\/\/nobelexpo.com\/?s={search_term_string}"},"query-input":{"@type":"PropertyValueSpecification","valueRequired":true,"valueName":"search_term_string"}}],"inLanguage":"ar"}]}},"_links":{"self":[{"href":"https:\/\/nobelexpo.com\/ar\/wp-json\/wp\/v2\/pages\/105","targetHints":{"allow":["GET"]}}],"collection":[{"href":"https:\/\/nobelexpo.com\/ar\/wp-json\/wp\/v2\/pages"}],"about":[{"href":"https:\/\/nobelexpo.com\/ar\/wp-json\/wp\/v2\/types\/page"}],"author":[{"embeddable":true,"href":"https:\/\/nobelexpo.com\/ar\/wp-json\/wp\/v2\/users\/1"}],"replies":[{"embeddable":true,"href":"https:\/\/nobelexpo.com\/ar\/wp-json\/wp\/v2\/comments?post=105"}],"version-history":[{"count":0,"href":"https:\/\/nobelexpo.com\/ar\/wp-json\/wp\/v2\/pages\/105\/revisions"}],"wp:attachment":[{"href":"https:\/\/nobelexpo.com\/ar\/wp-json\/wp\/v2\/media?parent=105"}],"curies":[{"name":"\u062f\u0628\u0644\u064a\u0648 \u0628\u064a","href":"https:\/\/api.w.org\/{rel}","templated":true}]}}