{"id":108,"date":"2025-06-15T14:26:21","date_gmt":"2025-06-15T14:26:21","guid":{"rendered":"https:\/\/nobel.websitesunum.com.tr\/?page_id=108"},"modified":"2025-06-15T14:35:37","modified_gmt":"2025-06-15T14:35:37","slug":"hikayemiz","status":"publish","type":"page","link":"https:\/\/nobelexpo.com\/ar\/hikayemiz\/","title":{"rendered":"\u0642\u0635\u062a\u0646\u0627"},"content":{"rendered":"<div class=\"wpb-content-wrapper\"><div class=\"vc_row wpb_row vc_row-fluid\"><div class=\"wpb_column vc_column_container vc_col-sm-12\"><div class=\"vc_column-inner\"><div class=\"wpb_wrapper\">\n\t<div class=\"wpb_text_column wpb_content_element wpb_animate_when_almost_visible wpb_fadeIn fadeIn\" >\n\t\t<div class=\"wpb_wrapper\">\n\t\t\t<h2 style=\"text-align: center;\">\u0642\u0635\u062a\u0646\u0627<\/h2>\n<p style=\"text-align: center;\">\u0642\u0635\u0629 \u0646\u0648\u0628\u0644 \u0625\u0643\u0633\u0628\u0648 \u0647\u064a \u0642\u0635\u0629 \u0635\u0639\u0648\u062f \u0633\u0631\u064a\u0639 \u0648\u0631\u0624\u064a\u0629 \u0645\u0628\u062a\u0643\u0631\u0629. \u0648\u0647\u0630\u0627 \u0627\u0644\u0646\u062c\u0627\u062d \u0644\u064a\u0633 \u0645\u0624\u0634\u0631\u0627\u064b \u0639\u0644\u0649 \u0627\u0644\u0646\u0645\u0648 \u0627\u0644\u0633\u0631\u064a\u0639 \u0641\u062d\u0633\u0628\u060c \u0628\u0644 \u0647\u0648 \u0623\u064a\u0636\u0627\u064b \u0627\u0646\u0639\u0643\u0627\u0633 \u0644\u0627\u0644\u062a\u0632\u0627\u0645\u0646\u0627 \u0628\u062a\u0644\u0628\u064a\u0629 \u0627\u062d\u062a\u064a\u0627\u062c\u0627\u062a \u0627\u0644\u0635\u0646\u0627\u0639\u0629.<\/p>\n\n\t\t<\/div>\n\t<\/div>\n<\/div><\/div><\/div><\/div><div class=\"vc_row wpb_row vc_row-fluid wd-rs-684ed9994c703\"><div class=\"wpb_column vc_column_container vc_col-sm-12\"><div class=\"vc_column-inner\"><div class=\"wpb_wrapper\"><div id=\"row-yazilar\" class=\"vc_row wpb_row vc_inner vc_row-fluid vc_column-gap-5 wd-rs-684ed98ce56ec\"><div class=\"wpb_column vc_column_container vc_col-sm-3 vc_col-has-fill wd-rs-684ed93c4afb3\"><div class=\"vc_column-inner vc_custom_1749997893427\"><div class=\"wpb_wrapper\">\n\t<div class=\"wpb_text_column wpb_content_element wd-animation-slide-from-bottom wd-animation-normal wd_delay_100\" >\n\t\t<div class=\"wpb_wrapper\">\n\t\t\t<h5 style=\"text-align: center;\">01<\/h5>\n<h3 style=\"text-align: center;\">\u0627\u0644\u0631\u062d\u0644\u0629 \u0627\u0644\u0627\u0633\u062a\u062b\u0646\u0627\u0626\u064a\u0629 \u0644\u0645\u0639\u0631\u0636 \u0646\u0648\u0628\u0644 \u0625\u0643\u0633\u0628\u0648<\/h3>\n<p style=\"text-align: center;\">\u0644\u0642\u062f \u0639\u0645\u0644 \u0645\u0639\u0631\u0636 \u0646\u0648\u0628\u0644 \u0625\u0643\u0633\u0628\u0648\u060c \u0627\u0644\u0630\u064a \u062f\u062e\u0644 \u0639\u0627\u0644\u0645 \u0627\u0644\u0645\u0639\u0627\u0631\u0636 \u0627\u0644\u062a\u062c\u0627\u0631\u064a\u0629 \u0645\u0646\u0630 \u0639\u0627\u0645 2020\u060c \u0628\u0647\u062f\u0641 \u0643\u0633\u0631 \u0627\u0644\u062d\u062f\u0648\u062f \u0627\u0644\u062a\u0642\u0644\u064a\u062f\u064a\u0629 \u0641\u064a \u0647\u0630\u0627 \u0627\u0644\u0642\u0637\u0627\u0639 \u0645\u0646\u0630 \u0627\u0644\u064a\u0648\u0645 \u0627\u0644\u0623\u0648\u0644 \u0644\u062a\u0623\u0633\u064a\u0633\u0647. \u0644\u0642\u062f \u0642\u0645\u0646\u0627 \u0628\u062a\u062e\u0637\u064a\u0637\u0646\u0627 \u0648\u0639\u0645\u0644\u0646\u0627 \u0627\u0644\u0623\u0648\u0644 \u0645\u0646 \u062e\u0644\u0627\u0644 \u062a\u0642\u062f\u064a\u0645 \u0645\u0646\u0638\u0648\u0631 \u062c\u062f\u064a\u062f \u0644\u0645\u0641\u0647\u0648\u0645 \u0627\u0644\u0645\u0639\u0631\u0636 \u0627\u0644\u062a\u062c\u0627\u0631\u064a \u0645\u0646 \u062e\u0644\u0627\u0644 \u0646\u0647\u062c\u0646\u0627 \u0627\u0644\u0645\u0648\u062c\u0647 \u0646\u062d\u0648 \u0627\u0644\u062a\u062c\u0627\u0631\u0629 \u0648\u0631\u0624\u064a\u062a\u0646\u0627 \u0627\u0644\u0645\u0628\u062a\u0643\u0631\u0629. \u0648\u0645\u0646 \u062e\u0644\u0627\u0644 \u062f\u0639\u0645\u0646\u0627 \u0644\u0644\u0639\u0627\u0631\u0636\u064a\u0646 \u0645\u0646 \u062e\u0644\u0627\u0644 \u062e\u062f\u0645\u0627\u062a\u0646\u0627 \u0627\u0644\u062a\u0633\u0648\u064a\u0642\u064a\u0629 \u0648\u0627\u0644\u0625\u0639\u0644\u0627\u0646\u064a\u0629 \u0627\u0644\u062a\u064a \u0646\u0642\u062f\u0645\u0647\u0627\u060c \u062d\u0631\u0635\u0646\u0627 \u0639\u0644\u0649 \u0636\u0645\u0627\u0646 \u0627\u0633\u062a\u0645\u0631\u0627\u0631\u0647\u0645 \u0641\u064a \u0627\u0644\u062a\u062c\u0627\u0631\u0629 \u0639\u0644\u0649 \u0645\u062f\u0627\u0631 \u0627\u0644\u0639\u0627\u0645.<\/p>\n\n\t\t<\/div>\n\t<\/div>\n<\/div><\/div><\/div><div class=\"wpb_column vc_column_container vc_col-sm-3 vc_col-has-fill wd-rs-684ed987afeb5\"><div class=\"vc_column-inner vc_custom_1749997966139\"><div class=\"wpb_wrapper\">\n\t<div class=\"wpb_text_column wpb_content_element wd-animation-slide-from-bottom wd-animation-normal wd_delay_200\" >\n\t\t<div class=\"wpb_wrapper\">\n\t\t\t<h5 style=\"text-align: center;\">02<\/h5>\n<h3 style=\"text-align: center;\">\u0646\u062c\u0627\u062d \u0645\u0639\u0631\u0636 \u0646\u0648\u0628\u0644 \u0625\u0643\u0633\u0628\u0648 \u0646\u0648\u0628\u0644 \u0628\u0627\u0644\u0623\u0631\u0642\u0627\u0645<\/h3>\n<p style=\"text-align: center;\">\u0648\u0642\u062f \u0646\u062c\u062d \u0645\u0639\u0631\u0636 \u0646\u0648\u0628\u0644 \u0625\u0643\u0633\u0628\u0648\u060c \u0627\u0644\u0630\u064a \u064a\u0645\u062a\u0644\u0643 \u0645\u0643\u0627\u062a\u0628 \u0641\u064a 5 \u062f\u0648\u0644 \u0645\u062e\u062a\u0644\u0641\u0629\u060c \u062e\u0627\u0635\u0629 \u0641\u064a \u062a\u0631\u0643\u064a\u0627 \u062b\u0645 \u0631\u0648\u0633\u064a\u0627 \u0648\u0623\u0644\u0645\u0627\u0646\u064a\u0627 \u0648\u0623\u0644\u0645\u0627\u0646\u064a\u0627 \u0648\u0627\u0644\u0648\u0644\u0627\u064a\u0627\u062a \u0627\u0644\u0645\u062a\u062d\u062f\u0629 \u0627\u0644\u0623\u0645\u0631\u064a\u0643\u064a\u0629 \u0648\u0644\u064a\u0628\u064a\u0627\u060c \u0641\u064a \u0627\u0633\u062a\u0636\u0627\u0641\u0629 \u0623\u0643\u062b\u0631 \u0645\u0646 6000 \u0639\u0627\u0631\u0636 \u0641\u064a 12 \u0645\u062f\u064a\u0646\u0629 \u0645\u062e\u062a\u0644\u0641\u0629 \u0641\u064a \u0627\u0644\u0645\u0639\u0627\u0631\u0636 \u0627\u0644\u062a\u062c\u0627\u0631\u064a\u0629 \u0627\u0644\u062a\u064a \u0646\u0638\u0645\u0647\u0627 \u062d\u062a\u0649 \u0627\u0644\u0622\u0646. \u0648\u0641\u064a \u063a\u0636\u0648\u0646 3 \u0633\u0646\u0648\u0627\u062a \u0641\u0642\u0637\u060c \u062c\u0645\u0639\u062a 300.000 \u0645\u062a\u0631 \u0645\u0631\u0628\u0639 \u0635\u0627\u0641\u064a \u0645\u0633\u0627\u062d\u0629 \u0639\u0631\u0636 \u0644\u0644\u0634\u0631\u0643\u0627\u062a \u0648\u0636\u0645\u0646\u062a \u0627\u0644\u062a\u0642\u0627\u0621 \u0627\u0644\u0639\u0627\u0631\u0636\u064a\u0646 \u0628\u0623\u0641\u0636\u0644 \u0648\u0623\u062f\u0642 \u0627\u0644\u0645\u0634\u062a\u0631\u064a\u0646 \u0648\u0627\u0644\u0645\u062a\u062e\u0635\u0635\u064a\u0646 \u0641\u064a \u0627\u0644\u0642\u0637\u0627\u0639.<\/p>\n\n\t\t<\/div>\n\t<\/div>\n<\/div><\/div><\/div><div class=\"wpb_column vc_column_container vc_col-sm-3 vc_col-has-fill wd-rs-684ed9483f230\"><div class=\"vc_column-inner vc_custom_1749997902403\"><div class=\"wpb_wrapper\">\n\t<div class=\"wpb_text_column wpb_content_element wd-animation-slide-from-bottom wd-animation-normal wd_delay_300\" >\n\t\t<div class=\"wpb_wrapper\">\n\t\t\t<h5 style=\"text-align: center;\">03<\/h5>\n<h3 style=\"text-align: center;\">\u062c\u0632\u0621 \u062f\u064a\u0646\u0627\u0645\u064a\u0643\u064a \u0645\u0646 \u0627\u0644\u062a\u062c\u0627\u0631\u0629 \u0627\u0644\u0639\u0627\u0644\u0645\u064a\u0629<\/h3>\n<p style=\"text-align: center;\">\u0644\u0645 \u0646\u0643\u062a\u0641\u0650 \u0628\u062f\u0639\u0645 \u0635\u0646\u0627\u0639\u0629 \u0627\u0644\u0645\u0639\u0627\u0631\u0636 \u0641\u064a \u0627\u0644\u0623\u0646\u0627\u0636\u0648\u0644 \u0641\u064a \u062a\u0631\u0643\u064a\u0627 \u0641\u062d\u0633\u0628\u060c \u0628\u0644 \u0648\u0633\u0639\u0646\u0627 \u0631\u0624\u064a\u062a\u0646\u0627 \u0644\u062a\u0634\u0645\u0644 \u0645\u0646\u0637\u0642\u0629 \u0623\u0648\u0633\u0639\u060c \u0641\u0645\u0646 \u062e\u0644\u0627\u0644 \u0625\u0646\u0634\u0627\u0621 \u0645\u0646\u0638\u0645\u0627\u062a \u062a\u062c\u0627\u0631\u064a\u0629 \u0648\u0645\u0646\u0638\u0645\u0627\u062a \u0645\u0639\u0627\u0631\u0636 \u0641\u064a \u062f\u0648\u0644 \u0645\u062b\u0644 \u0631\u0648\u0633\u064a\u0627 \u0648\u0623\u0644\u0645\u0627\u0646\u064a\u0627 \u0648\u0644\u064a\u0628\u064a\u0627 \u0648\u0627\u0644\u0648\u0644\u0627\u064a\u0627\u062a \u0627\u0644\u0645\u062a\u062d\u062f\u0629 \u0627\u0644\u0623\u0645\u0631\u064a\u0643\u064a\u0629\u060c \u0648\u0633\u0639\u0646\u0627 \u062a\u0623\u062b\u064a\u0631 \u0645\u0639\u0631\u0636 \u0646\u0648\u0628\u0644 \u0625\u0643\u0633\u0628\u0648 \u0639\u0644\u0649 \u0645\u0633\u062a\u0648\u0649 \u0627\u0644\u0639\u0627\u0644\u0645. \u0648\u0645\u0646 \u062e\u0644\u0627\u0644 \u0628\u0646\u0627\u0621 \u0627\u0644\u062c\u0633\u0648\u0631 \u0628\u064a\u0646 \u0645\u062e\u062a\u0644\u0641 \u0627\u0644\u0642\u0637\u0627\u0639\u0627\u062a \u0648\u0627\u0644\u0623\u0633\u0648\u0627\u0642 \u0648\u0627\u0644\u062b\u0642\u0627\u0641\u0627\u062a \u062d\u0648\u0644 \u0627\u0644\u0639\u0627\u0644\u0645\u060c \u0623\u0635\u0628\u062d\u0646\u0627 \u062c\u0632\u0621\u0627\u064b \u062d\u064a\u0648\u064a\u0627\u064b \u0645\u0646 \u0627\u0644\u062a\u062c\u0627\u0631\u0629 \u0627\u0644\u0639\u0627\u0644\u0645\u064a\u0629.<\/p>\n\n\t\t<\/div>\n\t<\/div>\n<\/div><\/div><\/div><div class=\"wpb_column vc_column_container vc_col-sm-3 vc_col-has-fill wd-rs-684ed94d68b3a\"><div class=\"vc_column-inner vc_custom_1749997907723\"><div class=\"wpb_wrapper\">\n\t<div class=\"wpb_text_column wpb_content_element wd-animation-slide-from-bottom wd-animation-normal wd_delay_400\" >\n\t\t<div class=\"wpb_wrapper\">\n\t\t\t<h5 style=\"text-align: center;\">04<\/h5>\n<h3 style=\"text-align: center;\">\u0634\u0643\u0631\u0627\u064b \u0644\u0643<\/h3>\n<p style=\"text-align: center;\">\u0625\u0646 \u0627\u0644\u062a\u0632\u0627\u0645\u0646\u0627 \u0628\u0646\u062c\u0627\u062d \u0643\u0644 \u0645\u0634\u0627\u0631\u0643 \u064a\u062e\u062a\u0627\u0631\u0646\u0627 \u0647\u0648 \u0641\u064a \u0635\u0645\u064a\u0645 \u0642\u0635\u062a\u0646\u0627. \u0646\u0648\u062f \u0623\u0646 \u0646\u0634\u0643\u0631 \u062c\u0645\u064a\u0639 \u0627\u0644\u0639\u0627\u0631\u0636\u064a\u0646 \u0627\u0644\u0630\u064a\u0646 \u0643\u0627\u0646\u0648\u0627 \u0645\u0639\u0646\u0627 \u0641\u064a \u0647\u0630\u0647 \u0627\u0644\u0631\u062d\u0644\u0629 \u0627\u0644\u0645\u0644\u0647\u0645\u0629 \u0648\u0623\u0648\u0644\u0626\u0643 \u0627\u0644\u0630\u064a\u0646 \u0627\u0646\u0636\u0645\u0648\u0627 \u0625\u0644\u064a\u0646\u0627 \u0644\u0644\u062a\u0648. \u0625\u0630\u0627 \u0643\u0646\u062a \u062a\u0631\u063a\u0628 \u0623\u064a\u0636\u064b\u0627 \u0641\u064a \u0643\u062a\u0627\u0628\u0629 \u0642\u0635\u0635 \u0646\u062c\u0627\u062d \u062c\u062f\u064a\u062f\u0629 \u0645\u0646 \u062e\u0644\u0627\u0644 \u062a\u0648\u0633\u064a\u0639 \u0646\u0637\u0627\u0642 \u062a\u062c\u0627\u0631\u062a\u0643\u060c \u0641\u0627\u062d\u062c\u0632 \u0645\u0643\u0627\u0646\u0643 \u0641\u064a \u0627\u0644\u0645\u0639\u0627\u0631\u0636 \u062f\u0648\u0646 \u062a\u0623\u062e\u064a\u0631 \u0648\u0627\u0646\u0636\u0645 \u0625\u0644\u0649 \u0645\u0639\u0627\u0631\u0636 \u0627\u0644\u0645\u0633\u062a\u0642\u0628\u0644 \u0645\u0639 \u0646\u0648\u0628\u0644 \u0625\u0643\u0633\u0628\u0648 \u0627\u0644\u0622\u0646!<\/p>\n\n\t\t<\/div>\n\t<\/div>\n<\/div><\/div><\/div><\/div><\/div><\/div><\/div><\/div><div class=\"vc_row wpb_row vc_row-fluid\"><div class=\"wpb_column vc_column_container vc_col-sm-12\"><div class=\"vc_column-inner\"><div class=\"wpb_wrapper\">\t\t<div id=\"gallery_522\" class=\"wd-images-gallery wd-wpb wd-animation-slide-from-bottom wd-animation-normal wd_delay_200 wd-rs-684ed8567f5cc wd-carousel-container wd-wpb\" style=\"--wd-justify-content:center;--wd-align-items:center;\">\n\t\t\t\t\t\t\t<div class=\"wd-carousel-inner\">\n\t\t\t\n\t\t\t<div class=\"wd-carousel wd-grid\"data-wrap=\"yes\" data-scroll_per_page=\"yes\" style=\"--wd-col-lg:1.5;--wd-col-md:1;--wd-col-sm:1;--wd-gap-lg:6px;\">\n\t\t\t\t\t\t\t\t\t<div class=\"wd-carousel-wrap\">\n\t\t\t\t\n\t\t\t\t\t\t\t\t\t\t\t\t\t\t\t<div class=\"wd-gallery-item wd-carousel-item\">\n\t\t\t\t\t\t\t\n\t\t\t\t\t\t\t\t<img loading=\"lazy\" decoding=\"async\" width=\"1973\" height=\"1279\" src=\"https:\/\/nobelexpo.com\/wp-content\/uploads\/2025\/06\/hikayemiz1.jpg\" class=\"wd-gallery-image image-1\" alt=\"\" srcset=\"https:\/\/nobelexpo.com\/wp-content\/uploads\/2025\/06\/hikayemiz1.jpg 1973w, https:\/\/nobelexpo.com\/wp-content\/uploads\/2025\/06\/hikayemiz1-300x194.jpg 300w, https:\/\/nobelexpo.com\/wp-content\/uploads\/2025\/06\/hikayemiz1-1024x664.jpg 1024w, https:\/\/nobelexpo.com\/wp-content\/uploads\/2025\/06\/hikayemiz1-768x498.jpg 768w, https:\/\/nobelexpo.com\/wp-content\/uploads\/2025\/06\/hikayemiz1-1536x996.jpg 1536w\" sizes=\"auto, (max-width: 1973px) 100vw, 1973px\" \/>\n\t\t\t\t\t\t\t\t\t\t\t\t\t\t<\/div>\n\t\t\t\t\t\t\t\t\t\t\t<div class=\"wd-gallery-item wd-carousel-item\">\n\t\t\t\t\t\t\t\n\t\t\t\t\t\t\t\t<img loading=\"lazy\" decoding=\"async\" width=\"1973\" height=\"1279\" src=\"https:\/\/nobelexpo.com\/wp-content\/uploads\/2025\/06\/hikayemiz3.jpg\" class=\"wd-gallery-image image-2\" alt=\"\" srcset=\"https:\/\/nobelexpo.com\/wp-content\/uploads\/2025\/06\/hikayemiz3.jpg 1973w, https:\/\/nobelexpo.com\/wp-content\/uploads\/2025\/06\/hikayemiz3-300x194.jpg 300w, https:\/\/nobelexpo.com\/wp-content\/uploads\/2025\/06\/hikayemiz3-1024x664.jpg 1024w, https:\/\/nobelexpo.com\/wp-content\/uploads\/2025\/06\/hikayemiz3-768x498.jpg 768w, https:\/\/nobelexpo.com\/wp-content\/uploads\/2025\/06\/hikayemiz3-1536x996.jpg 1536w\" sizes=\"auto, (max-width: 1973px) 100vw, 1973px\" \/>\n\t\t\t\t\t\t\t\t\t\t\t\t\t\t<\/div>\n\t\t\t\t\t\t\t\t\t\n\t\t\t\t\t\t\t\t\t<\/div>\n\t\t\t\t\t\t\t<\/div>\n\n\t\t\t\t\t\t\t\n\t\t\t\t<\/div>\n\n\t\t\t\t\t\t\t\t\t\t\t\t\t<\/div>\n\t\t<\/div><\/div><\/div><\/div>\n<\/div>","protected":false},"excerpt":{"rendered":"H\u0130K\u00c2YEM\u0130Z Nobel Expo\u2019nun hik\u00e2yesi, h\u0131zl\u0131 bir y\u00fckseli\u015fin ve yenilik\u00e7i bir vizyonun \u00f6yk\u00fcs\u00fcd\u00fcr. Bu ba\u015far\u0131, sadece h\u0131zl\u0131 b\u00fcy\u00fcmenin bir g\u00f6stergesi de\u011fil,","protected":false},"author":1,"featured_media":0,"parent":0,"menu_order":0,"comment_status":"closed","ping_status":"closed","template":"","meta":{"_acf_changed":false,"footnotes":""},"class_list":["post-108","page","type-page","status-publish","hentry"],"acf":[],"yoast_head":"<!-- This site is optimized with the Yoast SEO plugin v25.8 - https:\/\/yoast.com\/wordpress\/plugins\/seo\/ -->\n<title>Hikayemiz - Nobel Expo<\/title>\n<meta name=\"robots\" content=\"index, follow, max-snippet:-1, max-image-preview:large, max-video-preview:-1\" \/>\n<link rel=\"canonical\" href=\"https:\/\/nobelexpo.com\/ar\/hikayemiz\/\" \/>\n<meta property=\"og:locale\" content=\"ar_AR\" \/>\n<meta property=\"og:type\" content=\"article\" \/>\n<meta property=\"og:title\" content=\"Hikayemiz - Nobel Expo\" \/>\n<meta property=\"og:url\" content=\"https:\/\/nobelexpo.com\/ar\/hikayemiz\/\" \/>\n<meta property=\"og:site_name\" content=\"Nobel Expo\" \/>\n<meta property=\"article:modified_time\" content=\"2025-06-15T14:35:37+00:00\" \/>\n<meta name=\"twitter:card\" content=\"summary_large_image\" \/>\n<meta name=\"twitter:label1\" content=\"\u0648\u0642\u062a \u0627\u0644\u0642\u0631\u0627\u0621\u0629 \u0627\u0644\u0645\u064f\u0642\u062f\u0651\u0631\" \/>\n\t<meta name=\"twitter:data1\" content=\"6 \u062f\u0642\u0627\u0626\u0642\" \/>\n<script type=\"application\/ld+json\" class=\"yoast-schema-graph\">{\"@context\":\"https:\/\/schema.org\",\"@graph\":[{\"@type\":\"WebPage\",\"@id\":\"https:\/\/nobelexpo.com\/hikayemiz\/\",\"url\":\"https:\/\/nobelexpo.com\/hikayemiz\/\",\"name\":\"Hikayemiz - Nobel Expo\",\"isPartOf\":{\"@id\":\"https:\/\/nobelexpo.com\/#website\"},\"datePublished\":\"2025-06-15T14:26:21+00:00\",\"dateModified\":\"2025-06-15T14:35:37+00:00\",\"breadcrumb\":{\"@id\":\"https:\/\/nobelexpo.com\/hikayemiz\/#breadcrumb\"},\"inLanguage\":\"ar\",\"potentialAction\":[{\"@type\":\"ReadAction\",\"target\":[\"https:\/\/nobelexpo.com\/hikayemiz\/\"]}]},{\"@type\":\"BreadcrumbList\",\"@id\":\"https:\/\/nobelexpo.com\/hikayemiz\/#breadcrumb\",\"itemListElement\":[{\"@type\":\"ListItem\",\"position\":1,\"name\":\"Anasayfa\",\"item\":\"https:\/\/nobelexpo.com\/\"},{\"@type\":\"ListItem\",\"position\":2,\"name\":\"Hikayemiz\"}]},{\"@type\":\"WebSite\",\"@id\":\"https:\/\/nobelexpo.com\/#website\",\"url\":\"https:\/\/nobelexpo.com\/\",\"name\":\"Nobel Expo\",\"description\":\"Gelece\u011fin Fuarlar\u0131na \u015eimdi Kat\u0131l\",\"potentialAction\":[{\"@type\":\"SearchAction\",\"target\":{\"@type\":\"EntryPoint\",\"urlTemplate\":\"https:\/\/nobelexpo.com\/?s={search_term_string}\"},\"query-input\":{\"@type\":\"PropertyValueSpecification\",\"valueRequired\":true,\"valueName\":\"search_term_string\"}}],\"inLanguage\":\"ar\"}]}<\/script>\n<!-- \/ Yoast SEO plugin. -->","yoast_head_json":{"title":"Hikayemiz - Nobel Expo","robots":{"index":"index","follow":"follow","max-snippet":"max-snippet:-1","max-image-preview":"max-image-preview:large","max-video-preview":"max-video-preview:-1"},"canonical":"https:\/\/nobelexpo.com\/ar\/hikayemiz\/","og_locale":"ar_AR","og_type":"article","og_title":"Hikayemiz - Nobel Expo","og_url":"https:\/\/nobelexpo.com\/ar\/hikayemiz\/","og_site_name":"Nobel Expo","article_modified_time":"2025-06-15T14:35:37+00:00","twitter_card":"summary_large_image","twitter_misc":{"\u0648\u0642\u062a \u0627\u0644\u0642\u0631\u0627\u0621\u0629 \u0627\u0644\u0645\u064f\u0642\u062f\u0651\u0631":"6 \u062f\u0642\u0627\u0626\u0642"},"schema":{"@context":"https:\/\/schema.org","@graph":[{"@type":"WebPage","@id":"https:\/\/nobelexpo.com\/hikayemiz\/","url":"https:\/\/nobelexpo.com\/hikayemiz\/","name":"Hikayemiz - Nobel Expo","isPartOf":{"@id":"https:\/\/nobelexpo.com\/#website"},"datePublished":"2025-06-15T14:26:21+00:00","dateModified":"2025-06-15T14:35:37+00:00","breadcrumb":{"@id":"https:\/\/nobelexpo.com\/hikayemiz\/#breadcrumb"},"inLanguage":"ar","potentialAction":[{"@type":"ReadAction","target":["https:\/\/nobelexpo.com\/hikayemiz\/"]}]},{"@type":"BreadcrumbList","@id":"https:\/\/nobelexpo.com\/hikayemiz\/#breadcrumb","itemListElement":[{"@type":"ListItem","position":1,"name":"Anasayfa","item":"https:\/\/nobelexpo.com\/"},{"@type":"ListItem","position":2,"name":"Hikayemiz"}]},{"@type":"WebSite","@id":"https:\/\/nobelexpo.com\/#website","url":"https:\/\/nobelexpo.com\/","name":"\u0645\u0639\u0631\u0636 \u0646\u0648\u0628\u0644","description":"\u0627\u0646\u0636\u0645 \u0625\u0644\u0649 \u0645\u0639\u0627\u0631\u0636 \u0627\u0644\u0645\u0633\u062a\u0642\u0628\u0644 \u0627\u0644\u0622\u0646","potentialAction":[{"@type":"SearchAction","target":{"@type":"EntryPoint","urlTemplate":"https:\/\/nobelexpo.com\/?s={search_term_string}"},"query-input":{"@type":"PropertyValueSpecification","valueRequired":true,"valueName":"search_term_string"}}],"inLanguage":"ar"}]}},"_links":{"self":[{"href":"https:\/\/nobelexpo.com\/ar\/wp-json\/wp\/v2\/pages\/108","targetHints":{"allow":["GET"]}}],"collection":[{"href":"https:\/\/nobelexpo.com\/ar\/wp-json\/wp\/v2\/pages"}],"about":[{"href":"https:\/\/nobelexpo.com\/ar\/wp-json\/wp\/v2\/types\/page"}],"author":[{"embeddable":true,"href":"https:\/\/nobelexpo.com\/ar\/wp-json\/wp\/v2\/users\/1"}],"replies":[{"embeddable":true,"href":"https:\/\/nobelexpo.com\/ar\/wp-json\/wp\/v2\/comments?post=108"}],"version-history":[{"count":0,"href":"https:\/\/nobelexpo.com\/ar\/wp-json\/wp\/v2\/pages\/108\/revisions"}],"wp:attachment":[{"href":"https:\/\/nobelexpo.com\/ar\/wp-json\/wp\/v2\/media?parent=108"}],"curies":[{"name":"\u062f\u0628\u0644\u064a\u0648 \u0628\u064a","href":"https:\/\/api.w.org\/{rel}","templated":true}]}}