{"id":175,"date":"2025-06-15T14:57:37","date_gmt":"2025-06-15T14:57:37","guid":{"rendered":"https:\/\/nobel.websitesunum.com.tr\/?page_id=175"},"modified":"2025-07-10T07:12:22","modified_gmt":"2025-07-10T07:12:22","slug":"misyonumuz","status":"publish","type":"page","link":"https:\/\/nobelexpo.com\/ar\/misyonumuz\/","title":{"rendered":"\u0645\u0647\u0645\u062a\u0646\u0627"},"content":{"rendered":"<div class=\"wpb-content-wrapper\"><div id=\"misyon-in\" class=\"vc_row wpb_row vc_row-fluid vc_custom_1750773961388 wd-rs-685ab0be0b4af\"><div class=\"wpb_column vc_column_container vc_col-sm-12\"><div class=\"vc_column-inner\"><div class=\"wpb_wrapper\">\n\t<div class=\"wpb_text_column wpb_content_element misyon-title1\" >\n\t\t<div class=\"wpb_wrapper\">\n\t\t\t<h1 style=\"text-align: center;\"><strong>\u0645\u0647\u0645\u062a\u0646\u0627<\/strong><\/h1>\n\n\t\t<\/div>\n\t<\/div>\n\n\t<div class=\"wpb_text_column wpb_content_element misyon-title2\" >\n\t\t<div class=\"wpb_wrapper\">\n\t\t\t<p class=\"font-weight-600 text-extra-dark-gray alt-font\" style=\"text-align: center;\">\u0644\u0636\u0645\u0627\u0646 \u0623\u0646 \u0644\u0627 \u064a\u0643\u0648\u0646 \u0643\u0644 \u0645\u0639\u0631\u0636 \u0645\u062c\u0631\u062f \u0646\u0642\u0637\u0629 \u0627\u0644\u062a\u0642\u0627\u0621\u060c \u0628\u0644 \u0645\u0646\u0635\u0629 \u062d\u064a\u0648\u064a\u0629 \u0648\u062a\u0641\u0627\u0639\u0644\u064a\u0629 \u062a\u062a\u0637\u0648\u0631 \u0641\u064a\u0647\u0627 \u0627\u0644\u062a\u062c\u0627\u0631\u0629 \u0648\u062a\u0646\u0634\u0623 \u0639\u0644\u0627\u0642\u0627\u062a \u062a\u0639\u0627\u0648\u0646 \u0648\u062a\u0643\u062a\u0634\u0641 \u0641\u0631\u0635\u0627\u064b \u062c\u062f\u064a\u062f\u0629.<\/p>\n\n\t\t<\/div>\n\t<\/div>\n\n\t<div class=\"wpb_text_column wpb_content_element b2b-desc\" >\n\t\t<div class=\"wpb_wrapper\">\n\t\t\t<p style=\"text-align: center;\"><em><strong>\u062a\u062a\u0645\u062b\u0644 \u0645\u0647\u0645\u062a\u0646\u0627 \u0641\u064a \u0623\u0646 \u0646\u0643\u0648\u0646 \u0628\u0645\u062b\u0627\u0628\u0629 \u062c\u0633\u0631 \u0628\u064a\u0646 \u0642\u0627\u062f\u0629 \u0627\u0644\u0642\u0637\u0627\u0639\u0627\u062a \u0648\u0627\u0644\u0645\u0628\u0627\u062f\u0631\u0627\u062a \u0627\u0644\u0645\u0628\u062a\u0643\u0631\u0629 \u0645\u0646 \u062e\u0644\u0627\u0644 \u062a\u0642\u062f\u064a\u0645 \u0645\u0646\u0638\u0648\u0631 \u062c\u062f\u064a\u062f \u062a\u0645\u0627\u0645\u0627\u064b \u0644\u0639\u0627\u0644\u0645 \u0627\u0644\u062a\u062c\u0627\u0631\u0629 \u0627\u0644\u0639\u0627\u0644\u0645\u064a\u0629\u060c \u0627\u0633\u062a\u0646\u0627\u062f\u0627\u064b \u0625\u0644\u0649 \u0628\u0644\u062f\u0646\u0627 \u0648\u0623\u0647\u062f\u0627\u0641\u0646\u0627 \u0627\u0644\u062a\u0635\u062f\u064a\u0631\u064a\u0629. \u062a\u062a\u0645\u062b\u0644 \u0645\u0647\u0645\u062a\u0646\u0627 \u0627\u0644\u0623\u0647\u0645 \u0643\u0645\u0639\u0631\u0636 \u0646\u0648\u0628\u0644 \u0625\u0643\u0633\u0628\u0648 \u0641\u064a \u0625\u0646\u0634\u0627\u0621 \u0645\u0646\u0635\u0629 \u062a\u0633\u0627\u0639\u062f \u0627\u0644\u0637\u0631\u0641\u064a\u0646 \u0639\u0644\u0649 \u062a\u062d\u0642\u064a\u0642 \u0623\u0641\u0636\u0644 \u0627\u0644\u0646\u062a\u0627\u0626\u062c \u0645\u0646 \u062e\u0644\u0627\u0644 \u0627\u0644\u062c\u0645\u0639 \u0628\u064a\u0646 \u0627\u0644\u0639\u0627\u0631\u0636\u064a\u0646 \u0627\u0644\u0642\u064a\u0645\u064a\u0646 \u0648\u0627\u0644\u0632\u0648\u0627\u0631 \u0627\u0644\u0645\u062d\u062a\u0631\u0641\u064a\u0646 \u0648\u0627\u0644\u0645\u0633\u0627\u0647\u0645\u0629 \u0641\u064a \u062d\u0631\u0643\u0629 \u0627\u0644\u062a\u0646\u0645\u064a\u0629 \u0627\u0644\u0648\u0637\u0646\u064a\u0629 \u0627\u0644\u062a\u0631\u0643\u064a\u0629 \u0627\u0644\u062a\u064a \u062a\u0633\u062a\u0645\u0631 \u0625\u0644\u0649 \u0627\u0644\u0623\u0628\u062f.<\/strong><\/em><\/p>\n\n\t\t<\/div>\n\t<\/div>\n<\/div><\/div><\/div><\/div><div id=\"row-vizyon\" class=\"vc_row wpb_row vc_row-fluid vc_custom_1750773170547 vc_row-has-fill wd-rs-685aad98651a2 wd-section-stretch\"><div class=\"wpb_column vc_column_container vc_col-sm-12\"><div class=\"vc_column-inner\"><div class=\"wpb_wrapper\">\n\t<div class=\"wpb_text_column wpb_content_element color-scheme-light\" >\n\t\t<div class=\"wpb_wrapper\">\n\t\t\t<p><span class=\"tirnak\">&#8220;<\/span><\/p>\n<h1 style=\"text-align: center;\">\u062a\u062a\u0645\u062b\u0644 \u0645\u0647\u0645\u062a\u0646\u0627 \u0641\u064a \u0636\u0645\u0627\u0646 \u0623\u0646 \u0643\u0644 \u0645\u0639\u0631\u0636 \u0644\u064a\u0633 \u0645\u062c\u0631\u062f \u0646\u0642\u0637\u0629 \u0627\u0644\u062a\u0642\u0627\u0621\u060c \u0628\u0644 \u062a\u062c\u0631\u0628\u0629 \u062a\u0641\u0627\u0639\u0644\u064a\u0629 \u0645\u0641\u0639\u0645\u0629 \u0628\u0627\u0644\u062d\u064a\u0648\u064a\u0629 \u062d\u064a\u062b \u064a\u062a\u0645 \u0627\u0644\u062a\u0639\u0627\u0648\u0646 \u0627\u0644\u062a\u062c\u0627\u0631\u064a \u0648\u0627\u0644\u062a\u062c\u0627\u0631\u064a\u060c \u0648\u0627\u0643\u062a\u0634\u0627\u0641 \u0641\u0631\u0635 \u062c\u062f\u064a\u062f\u0629 \u0648\u0643\u062a\u0627\u0628\u0629 \u0642\u0635\u0635 \u0627\u0644\u0646\u062c\u0627\u062d.<\/h1>\n<p><span class=\"tirnak\">\"<\/span><\/p>\n\n\t\t<\/div>\n\t<\/div>\n<\/div><\/div><\/div><\/div><div class=\"nk-awb  nk-awb-after-vc_row\" ><div class=\"nk-awb-wrap\" data-awb-type=\"image\" data-awb-image-background-size=\"cover\" data-awb-image-background-position=\"50% 50%\"><div class=\"nk-awb-overlay\" style=\"background-color: #3A3A3ABF;\"><\/div><div  class=\"nk-awb-inner\"><img loading=\"lazy\" decoding=\"async\" width=\"1600\" height=\"900\" src=\"https:\/\/nobelexpo.com\/wp-content\/uploads\/2025\/06\/PHOTO-2025-06-24-10-53-16.jpg\" class=\"jarallax-img\" alt=\"\" style=\"object-position: 50% 50%;\" srcset=\"https:\/\/nobelexpo.com\/wp-content\/uploads\/2025\/06\/PHOTO-2025-06-24-10-53-16.jpg 1600w, https:\/\/nobelexpo.com\/wp-content\/uploads\/2025\/06\/PHOTO-2025-06-24-10-53-16-300x169.jpg 300w, https:\/\/nobelexpo.com\/wp-content\/uploads\/2025\/06\/PHOTO-2025-06-24-10-53-16-1024x576.jpg 1024w, https:\/\/nobelexpo.com\/wp-content\/uploads\/2025\/06\/PHOTO-2025-06-24-10-53-16-768x432.jpg 768w, https:\/\/nobelexpo.com\/wp-content\/uploads\/2025\/06\/PHOTO-2025-06-24-10-53-16-1536x864.jpg 1536w, https:\/\/nobelexpo.com\/wp-content\/uploads\/2025\/06\/PHOTO-2025-06-24-10-53-16-500x281.jpg 500w, https:\/\/nobelexpo.com\/wp-content\/uploads\/2025\/06\/PHOTO-2025-06-24-10-53-16-800x450.jpg 800w, https:\/\/nobelexpo.com\/wp-content\/uploads\/2025\/06\/PHOTO-2025-06-24-10-53-16-1280x720.jpg 1280w\" sizes=\"auto, (max-width: 1600px) 100vw, 1600px\" \/><\/div><\/div><\/div><div id=\"row-imza\" class=\"vc_row wpb_row vc_row-fluid wd-rs-684edc0d7dedd\"><div class=\"wpb_column vc_column_container vc_col-sm-12\"><div class=\"vc_column-inner\"><div class=\"wpb_wrapper\">\n\t<div class=\"wpb_text_column wpb_content_element\" >\n\t\t<div class=\"wpb_wrapper\">\n\t\t\t<h2 style=\"text-align: center;\">\u0625\u0631\u0647\u0627\u0646 \u062c\u064a\u0644\u064a\u0643<\/h2>\n<p style=\"text-align: center;\"><em>\u0631\u0626\u064a\u0633 \u0645\u062c\u0644\u0633 \u0627\u0644\u0625\u062f\u0627\u0631\u0629<\/em><\/p>\n\n\t\t<\/div>\n\t<\/div>\n\t\t<div id=\"wd-684edc168fc47\" class=\"wd-image wd-wpb wd-rs-684edc168fc47 text-center\">\n\t\t\t\n\t\t\t<img loading=\"lazy\" decoding=\"async\" width=\"349\" height=\"95\" src=\"https:\/\/nobelexpo.com\/wp-content\/uploads\/2025\/06\/erhan-celik-imza.jpg\" class=\"attachment-full size-full\" alt=\"\" srcset=\"https:\/\/nobelexpo.com\/wp-content\/uploads\/2025\/06\/erhan-celik-imza.jpg 349w, https:\/\/nobelexpo.com\/wp-content\/uploads\/2025\/06\/erhan-celik-imza-300x82.jpg 300w\" sizes=\"auto, (max-width: 349px) 100vw, 349px\" \/>\n\t\t\t\t\t<\/div>\n\t\t<\/div><\/div><\/div><\/div>\n<\/div>","protected":false},"excerpt":{"rendered":"M\u0130SYONUMUZ Her fuar\u0131n yaln\u0131zca bir bulu\u015fma noktas\u0131 de\u011fil, ticaretin geli\u015fti\u011fi, i\u015f birliklerinin kuruldu\u011fu ve yeni f\u0131rsatlar\u0131n ke\u015ffedildi\u011fi canl\u0131 ve etkile\u015fimli","protected":false},"author":1,"featured_media":0,"parent":0,"menu_order":0,"comment_status":"closed","ping_status":"closed","template":"","meta":{"_acf_changed":false,"footnotes":""},"class_list":["post-175","page","type-page","status-publish","hentry"],"acf":[],"yoast_head":"<!-- This site is optimized with the Yoast SEO plugin v25.8 - https:\/\/yoast.com\/wordpress\/plugins\/seo\/ -->\n<title>Misyonumuz - Nobel Expo<\/title>\n<meta name=\"robots\" content=\"index, follow, max-snippet:-1, max-image-preview:large, max-video-preview:-1\" \/>\n<link rel=\"canonical\" href=\"https:\/\/nobelexpo.com\/ar\/misyonumuz\/\" \/>\n<meta property=\"og:locale\" content=\"ar_AR\" \/>\n<meta property=\"og:type\" content=\"article\" \/>\n<meta property=\"og:title\" content=\"Misyonumuz - Nobel Expo\" \/>\n<meta property=\"og:url\" content=\"https:\/\/nobelexpo.com\/ar\/misyonumuz\/\" \/>\n<meta property=\"og:site_name\" content=\"Nobel Expo\" \/>\n<meta property=\"article:modified_time\" content=\"2025-07-10T07:12:22+00:00\" \/>\n<meta name=\"twitter:card\" content=\"summary_large_image\" \/>\n<meta name=\"twitter:label1\" content=\"\u0648\u0642\u062a \u0627\u0644\u0642\u0631\u0627\u0621\u0629 \u0627\u0644\u0645\u064f\u0642\u062f\u0651\u0631\" \/>\n\t<meta name=\"twitter:data1\" content=\"3 \u062f\u0642\u0627\u0626\u0642\" \/>\n<script type=\"application\/ld+json\" class=\"yoast-schema-graph\">{\"@context\":\"https:\/\/schema.org\",\"@graph\":[{\"@type\":\"WebPage\",\"@id\":\"https:\/\/nobelexpo.com\/misyonumuz\/\",\"url\":\"https:\/\/nobelexpo.com\/misyonumuz\/\",\"name\":\"Misyonumuz - Nobel Expo\",\"isPartOf\":{\"@id\":\"https:\/\/nobelexpo.com\/#website\"},\"datePublished\":\"2025-06-15T14:57:37+00:00\",\"dateModified\":\"2025-07-10T07:12:22+00:00\",\"breadcrumb\":{\"@id\":\"https:\/\/nobelexpo.com\/misyonumuz\/#breadcrumb\"},\"inLanguage\":\"ar\",\"potentialAction\":[{\"@type\":\"ReadAction\",\"target\":[\"https:\/\/nobelexpo.com\/misyonumuz\/\"]}]},{\"@type\":\"BreadcrumbList\",\"@id\":\"https:\/\/nobelexpo.com\/misyonumuz\/#breadcrumb\",\"itemListElement\":[{\"@type\":\"ListItem\",\"position\":1,\"name\":\"Anasayfa\",\"item\":\"https:\/\/nobelexpo.com\/\"},{\"@type\":\"ListItem\",\"position\":2,\"name\":\"Misyonumuz\"}]},{\"@type\":\"WebSite\",\"@id\":\"https:\/\/nobelexpo.com\/#website\",\"url\":\"https:\/\/nobelexpo.com\/\",\"name\":\"Nobel Expo\",\"description\":\"Gelece\u011fin Fuarlar\u0131na \u015eimdi Kat\u0131l\",\"potentialAction\":[{\"@type\":\"SearchAction\",\"target\":{\"@type\":\"EntryPoint\",\"urlTemplate\":\"https:\/\/nobelexpo.com\/?s={search_term_string}\"},\"query-input\":{\"@type\":\"PropertyValueSpecification\",\"valueRequired\":true,\"valueName\":\"search_term_string\"}}],\"inLanguage\":\"ar\"}]}<\/script>\n<!-- \/ Yoast SEO plugin. -->","yoast_head_json":{"title":"Misyonumuz - Nobel Expo","robots":{"index":"index","follow":"follow","max-snippet":"max-snippet:-1","max-image-preview":"max-image-preview:large","max-video-preview":"max-video-preview:-1"},"canonical":"https:\/\/nobelexpo.com\/ar\/misyonumuz\/","og_locale":"ar_AR","og_type":"article","og_title":"Misyonumuz - Nobel Expo","og_url":"https:\/\/nobelexpo.com\/ar\/misyonumuz\/","og_site_name":"Nobel Expo","article_modified_time":"2025-07-10T07:12:22+00:00","twitter_card":"summary_large_image","twitter_misc":{"\u0648\u0642\u062a \u0627\u0644\u0642\u0631\u0627\u0621\u0629 \u0627\u0644\u0645\u064f\u0642\u062f\u0651\u0631":"3 \u062f\u0642\u0627\u0626\u0642"},"schema":{"@context":"https:\/\/schema.org","@graph":[{"@type":"WebPage","@id":"https:\/\/nobelexpo.com\/misyonumuz\/","url":"https:\/\/nobelexpo.com\/misyonumuz\/","name":"Misyonumuz - Nobel Expo","isPartOf":{"@id":"https:\/\/nobelexpo.com\/#website"},"datePublished":"2025-06-15T14:57:37+00:00","dateModified":"2025-07-10T07:12:22+00:00","breadcrumb":{"@id":"https:\/\/nobelexpo.com\/misyonumuz\/#breadcrumb"},"inLanguage":"ar","potentialAction":[{"@type":"ReadAction","target":["https:\/\/nobelexpo.com\/misyonumuz\/"]}]},{"@type":"BreadcrumbList","@id":"https:\/\/nobelexpo.com\/misyonumuz\/#breadcrumb","itemListElement":[{"@type":"ListItem","position":1,"name":"Anasayfa","item":"https:\/\/nobelexpo.com\/"},{"@type":"ListItem","position":2,"name":"Misyonumuz"}]},{"@type":"WebSite","@id":"https:\/\/nobelexpo.com\/#website","url":"https:\/\/nobelexpo.com\/","name":"\u0645\u0639\u0631\u0636 \u0646\u0648\u0628\u0644","description":"\u0627\u0646\u0636\u0645 \u0625\u0644\u0649 \u0645\u0639\u0627\u0631\u0636 \u0627\u0644\u0645\u0633\u062a\u0642\u0628\u0644 \u0627\u0644\u0622\u0646","potentialAction":[{"@type":"SearchAction","target":{"@type":"EntryPoint","urlTemplate":"https:\/\/nobelexpo.com\/?s={search_term_string}"},"query-input":{"@type":"PropertyValueSpecification","valueRequired":true,"valueName":"search_term_string"}}],"inLanguage":"ar"}]}},"_links":{"self":[{"href":"https:\/\/nobelexpo.com\/ar\/wp-json\/wp\/v2\/pages\/175","targetHints":{"allow":["GET"]}}],"collection":[{"href":"https:\/\/nobelexpo.com\/ar\/wp-json\/wp\/v2\/pages"}],"about":[{"href":"https:\/\/nobelexpo.com\/ar\/wp-json\/wp\/v2\/types\/page"}],"author":[{"embeddable":true,"href":"https:\/\/nobelexpo.com\/ar\/wp-json\/wp\/v2\/users\/1"}],"replies":[{"embeddable":true,"href":"https:\/\/nobelexpo.com\/ar\/wp-json\/wp\/v2\/comments?post=175"}],"version-history":[{"count":0,"href":"https:\/\/nobelexpo.com\/ar\/wp-json\/wp\/v2\/pages\/175\/revisions"}],"wp:attachment":[{"href":"https:\/\/nobelexpo.com\/ar\/wp-json\/wp\/v2\/media?parent=175"}],"curies":[{"name":"\u062f\u0628\u0644\u064a\u0648 \u0628\u064a","href":"https:\/\/api.w.org\/{rel}","templated":true}]}}