{"id":199,"date":"2025-06-15T15:09:36","date_gmt":"2025-06-15T15:09:36","guid":{"rendered":"https:\/\/nobel.websitesunum.com.tr\/?page_id=199"},"modified":"2025-06-27T06:46:46","modified_gmt":"2025-06-27T06:46:46","slug":"ik-politikamiz-2","status":"publish","type":"page","link":"https:\/\/nobelexpo.com\/ar\/ik-politikamiz-2\/","title":{"rendered":"\u0633\u064a\u0627\u0633\u0629 \u0627\u0644\u0645\u0648\u0627\u0631\u062f \u0627\u0644\u0628\u0634\u0631\u064a\u0629 \u0644\u062f\u064a\u0646\u0627"},"content":{"rendered":"<div class=\"wpb-content-wrapper\"><div class=\"vc_row wpb_row vc_row-fluid vc_custom_1750000498100 wd-rs-684ee36cbc877 wd-section-stretch-content-no-pd\"><div class=\"wpb_column vc_column_container vc_col-sm-12\"><div class=\"vc_column-inner\"><div class=\"wpb_wrapper\">\t\t<div class=\"promo-banner-wrapper  wd-rs-685ab5dd28cf0\">\n\t\t\t<div id=\"wd-685ab5dd28cf0\" class=\"promo-banner  banner-mask banner-hover-zoom color-scheme-light banner-btn-size-default banner-btn-style-default  with-btn banner-btn-position-static wd-with-link wd-underline-colored\">\n\t\t\t\t<div class=\"main-wrapp-img\">\n\t\t\t\t\t<div class=\"banner-image wd-bg-position-center\" >\n\t\t\t\t\t\t<img loading=\"lazy\" decoding=\"async\" width=\"1472\" height=\"832\" src=\"https:\/\/nobelexpo.com\/wp-content\/uploads\/2025\/06\/PHOTO-2025-06-24-16-55-18.jpg\" class=\"attachment-full size-full\" alt=\"\" \/>\t\t\t\t\t<\/div>\n\t\t\t\t<\/div>\n\n\t\t\t\t<div class=\"wrapper-content-banner wd-fill  wd-items-middle wd-justify-center\">\n\t\t\t\t\t<div class=\"content-banner  text-center\">\n\t\t\t\t\t\t<div class=\"banner-subtitle subtitle-color-default subtitle-style-default wd-fontsize-xs wd-font-weight-\">\u0646\u062d\u0646 \u0646\u0639\u0645\u0644 \u0628\u062c\u062f \u0646\u062d\u0638\u0649 \u0628\u0627\u0644\u0643\u062b\u064a\u0631 \u0645\u0646 \u0627\u0644\u0645\u0631\u062d<\/div><h4 class=\"banner-title wd-font-weight- wd-fontsize-l\">\u0633\u064a\u0627\u0633\u0629 \u0627\u0644\u0645\u0648\u0627\u0631\u062f \u0627\u0644\u0628\u0634\u0631\u064a\u0629 \u0644\u062f\u064a\u0646\u0627<\/h4>\t\t\t\t\t\t\n\t\t\t\t\t\t\n\t\t\t\t\t\t<div class=\"banner-btn-wrapper\"><div id=\"wd-69e0cbdbf3cba\" class=\"wd-button-wrapper text-center\"><a href=\"\/ar\/aramiza-katilin\/\" title=\"\u0627\u0646\u0636\u0645 \u0625\u0644\u064a\u0646\u0627\" class=\"btn btn-style-default btn-shape-rectangle btn-size-default\">\u0627\u0646\u0636\u0645 \u0625\u0644\u064a\u0646\u0627<\/a><\/div><\/div>\t\t\t\t\t<\/div>\n\t\t\t\t<\/div>\n\n\t\t\t\t\t\t\t\t\t<a class=\"wd-promo-banner-link wd-fill\" aria-label=\"\u0631\u0627\u0628\u0637 \u0627\u0644\u0634\u0639\u0627\u0631\" href=\"\/ar\/aramiza-katilin\/\" title=\"\u0627\u0646\u0636\u0645 \u0625\u0644\u064a\u0646\u0627\"><\/a>\n\t\t\t\t\n\t\t\t\t\t\t\t<\/div>\n\t\t<\/div>\n\n\t\t<\/div><\/div><\/div><\/div><div class=\"vc_row wpb_row vc_row-fluid vc_custom_1750688635901 wd-rs-6859636da6153\"><div class=\"wpb_column vc_column_container vc_col-sm-12\"><div class=\"vc_column-inner\"><div class=\"wpb_wrapper\">\n\t<div class=\"wpb_text_column wpb_content_element\" >\n\t\t<div class=\"wpb_wrapper\">\n\t\t\t<h2 style=\"text-align: center;\">\u0644\u0646\u062d\u062a\u0641\u0644 \u0628\u0627\u0644\u0627\u062e\u062a\u0644\u0627\u0641 \u0648\u0627\u0644\u062a\u0646\u0648\u0639 \u0645\u0639\u0627\u064b!<\/h2>\n\n\t\t<\/div>\n\t<\/div>\n<\/div><\/div><\/div><\/div><div id=\"row-esit\" class=\"vc_row wpb_row vc_row-fluid vc_custom_1750000790363 wd-rs-684ee490edab4\"><div class=\"wpb_column vc_column_container vc_col-sm-2\"><div class=\"vc_column-inner\"><div class=\"wpb_wrapper\"><\/div><\/div><\/div><div class=\"wpb_column vc_column_container vc_col-sm-8\"><div class=\"vc_column-inner\"><div class=\"wpb_wrapper\"><div class=\"vc_row wpb_row vc_inner vc_row-fluid vc_column-gap-10 wd-rs-684ee3b862f8e\"><div class=\"wpb_column vc_column_container vc_col-sm-4\"><div class=\"vc_column-inner\"><div class=\"wpb_wrapper\">\n\t<div class=\"wpb_text_column wpb_content_element vc_custom_1750688565404\" >\n\t\t<div class=\"wpb_wrapper\">\n\t\t\t<h2 style=\"text-align: center;\">01<\/h2>\n\n\t\t<\/div>\n\t<\/div>\n\n\t<div class=\"wpb_text_column wpb_content_element text-larger wd-animation-slide-from-bottom wd-animation-normal wd_delay_200\" >\n\t\t<div class=\"wpb_wrapper\">\n\t\t\t<div class=\"alt-font text-medium text-extra-dark-gray margin-10px-bottom\" style=\"text-align: center;\">\n<p><strong>\u0627\u0644\u0645\u0633\u0627\u0648\u0627\u0629<\/strong><\/p>\n<p class=\"alt-font text-medium text-extra-dark-gray margin-10px-bottom\" style=\"text-align: center;\">\u0646\u062d\u0646 \u0646\u0644\u062a\u0632\u0645 \u0627\u0644\u062a\u0632\u0627\u0645\u0627\u064b \u0635\u0627\u0631\u0645\u0627\u064b \u0628\u0645\u0628\u062f\u0623 \u0627\u0644\u0645\u0633\u0627\u0648\u0627\u0629 \u0641\u064a \u0643\u0644 \u0645\u0631\u062d\u0644\u0629 \u0645\u0646 \u0645\u0631\u0627\u062d\u0644 \u0627\u0644\u062a\u0648\u0638\u064a\u0641 \u0625\u0644\u0649 \u0627\u0644\u062a\u062f\u0631\u064a\u0628\u060c \u0648\u0645\u0646 \u0627\u0644\u062a\u0637\u0648\u064a\u0631 \u0625\u0644\u0649 \u062a\u0642\u064a\u064a\u0645 \u0627\u0644\u0623\u062f\u0627\u0621.<\/p>\n<\/div>\n\n\t\t<\/div>\n\t<\/div>\n<\/div><\/div><\/div><div class=\"wpb_column vc_column_container vc_col-sm-4\"><div class=\"vc_column-inner\"><div class=\"wpb_wrapper\">\n\t<div class=\"wpb_text_column wpb_content_element vc_custom_1750688572341\" >\n\t\t<div class=\"wpb_wrapper\">\n\t\t\t<h2 style=\"text-align: center;\">02<\/h2>\n\n\t\t<\/div>\n\t<\/div>\n\n\t<div class=\"wpb_text_column wpb_content_element text-larger wd-animation-slide-from-bottom wd-animation-normal wd_delay_200\" >\n\t\t<div class=\"wpb_wrapper\">\n\t\t\t<div class=\"alt-font text-medium text-extra-dark-gray margin-10px-bottom\" style=\"text-align: center;\"><strong>\u0627\u0644\u062a\u0646\u0648\u0639<\/strong><\/div>\n<p class=\"w-75 lg-w-85 md-w-90 mx-auto\" style=\"text-align: center;\">\u0644\u0627 \u062a\u062a\u0633\u0628\u0628 \u0623\u064a \u0645\u0646 \u0627\u0644\u0639\u0648\u0627\u0645\u0644 \u0645\u062b\u0644 \u0627\u0644\u0644\u063a\u0629 \u0648\u0627\u0644\u062f\u064a\u0646 \u0648\u0627\u0644\u0639\u0631\u0642 \u0648\u0627\u0644\u0637\u0627\u0626\u0641\u0629 \u0648\u0627\u0644\u0645\u064a\u0648\u0644 \u0627\u0644\u062c\u0646\u0633\u064a\u0629 \u0648\u0627\u0644\u0641\u0643\u0631 \u0627\u0644\u0633\u064a\u0627\u0633\u064a \u0641\u064a \u0627\u0644\u062a\u0645\u064a\u064a\u0632 \u0641\u064a \u0639\u0645\u0644\u064a\u0627\u062a \u0627\u0644\u062a\u0648\u0638\u064a\u0641 \u0644\u062f\u064a\u0646\u0627.<\/p>\n\n\t\t<\/div>\n\t<\/div>\n<\/div><\/div><\/div><div class=\"wpb_column vc_column_container vc_col-sm-4\"><div class=\"vc_column-inner\"><div class=\"wpb_wrapper\">\n\t<div class=\"wpb_text_column wpb_content_element vc_custom_1750688578142\" >\n\t\t<div class=\"wpb_wrapper\">\n\t\t\t<h2 style=\"text-align: center;\">03<\/h2>\n\n\t\t<\/div>\n\t<\/div>\n\n\t<div class=\"wpb_text_column wpb_content_element text-larger wd-animation-slide-from-bottom wd-animation-normal wd_delay_300\" >\n\t\t<div class=\"wpb_wrapper\">\n\t\t\t<div class=\"alt-font text-medium text-extra-dark-gray margin-10px-bottom\" style=\"text-align: center;\"><strong>\u0627\u0644\u0642\u064a\u0627\u062f\u0629<\/strong><\/div>\n<p class=\"w-75 lg-w-85 md-w-90 mx-auto\" style=\"text-align: center;\">\u0645\u0646 \u062e\u0644\u0627\u0644 \u0627\u0644\u0641\u0631\u064a\u0642 \u0627\u0644\u0630\u064a \u0623\u0646\u0634\u0623\u0646\u0627\u0647 \u0645\u0646 \u062e\u0644\u0627\u0644 \u062a\u0642\u062f\u064a\u0631\u0646\u0627 \u0644\u0644\u062a\u0646\u0648\u0639\u060c \u0646\u0639\u0645\u0644 \u0645\u0639\u0627\u064b \u0644\u062a\u0642\u062f\u064a\u0645 \u0623\u0641\u0636\u0644 \u062e\u062f\u0645\u0629 \u0644\u0639\u0645\u0644\u0627\u0626\u0646\u0627 \u0648\u0644\u0646\u0643\u0648\u0646 \u0631\u0648\u0627\u062f\u0627\u064b \u0641\u064a \u0647\u0630\u0627 \u0627\u0644\u0642\u0637\u0627\u0639.<\/p>\n\n\t\t<\/div>\n\t<\/div>\n<\/div><\/div><\/div><\/div><\/div><\/div><\/div><div class=\"wpb_column vc_column_container vc_col-sm-2\"><div class=\"vc_column-inner\"><div class=\"wpb_wrapper\"><\/div><\/div><\/div><\/div><div class=\"vc_row wpb_row vc_row-fluid wpb_animate_when_almost_visible wpb_wd-slide-from-bottom wd-slide-from-bottom vc_custom_1750689511828 wd-rs-685966de2b2e5\"><div class=\"wpb_column vc_column_container vc_col-sm-12\"><div class=\"vc_column-inner\"><div class=\"wpb_wrapper\">\n\t<div class=\"wpb_text_column wpb_content_element\" >\n\t\t<div class=\"wpb_wrapper\">\n\t\t\t<h1 style=\"text-align: center;\">\u0644\u0645\u0627\u0630\u0627 \u064a\u062c\u0628 \u0623\u0646 \u062a\u0639\u0645\u0644 \u0645\u0639\u0646\u0627\u061f<\/h1>\n\n\t\t<\/div>\n\t<\/div>\n<div class=\"vc_row wpb_row vc_inner vc_row-fluid vc_column-gap-10 wd-rs-684ee4f76418e\"><div class=\"wpb_column vc_column_container vc_col-sm-4\"><div class=\"vc_column-inner\"><div class=\"wpb_wrapper\"><div class=\"vc-hoverbox-wrapper vc_custom_1750772862699 vc-hoverbox-shape--square vc-hoverbox-align--center vc-hoverbox-direction--default vc-hoverbox-width--100\"  ontouchstart=\"\">\n  <div class=\"vc-hoverbox\">\n    <div class=\"vc-hoverbox-inner\">\n      <div class=\"vc-hoverbox-block vc-hoverbox-front\" style=\"background-image: url(https:\/\/nobelexpo.com\/wp-content\/uploads\/2025\/06\/yaraticilk.png);\">\n        <div class=\"vc-hoverbox-block-inner vc-hoverbox-front-inner\">\n            \n        <\/div>\n      <\/div>\n      <div class=\"vc-hoverbox-block vc-hoverbox-back\" style=\"background-color: #ebebeb;\">\n        <div class=\"vc-hoverbox-block-inner vc-hoverbox-back-inner\">\n            <h2 style=\"text-align:center\">\u0625\u0630\u0627 \u0643\u0646\u062a \u062a\u0639\u062a\u0642\u062f \u0623\u0646 \u0628\u0625\u0645\u0643\u0627\u0646\u0643 \u0625\u0636\u0627\u0641\u0629 \u0625\u0628\u062f\u0627\u0639 \u0625\u0644\u0649 \u0625\u0628\u062f\u0627\u0639\u0643\u060c \u062a\u0642\u062f\u0645 \u0627\u0644\u0622\u0646!<\/h2>\n            \n            \n        <\/div>\n      <\/div>\n    <\/div>\n  <\/div>\n<\/div>\n\t<div class=\"wpb_text_column wpb_content_element\" >\n\t\t<div class=\"wpb_wrapper\">\n\t\t\t<h2 style=\"text-align: center;\"><strong>\u0646\u062d\u0646 \u0646\u0624\u0645\u0646 \u0628\u0627\u0644\u0625\u0628\u062f\u0627\u0639<\/strong><\/h2>\n<p style=\"text-align: center;\">\u0627\u0644\u0625\u0628\u062f\u0627\u0639 \u0648\u0627\u0644\u062e\u064a\u0627\u0644 \u0644\u064a\u0633\u0627 \u0645\u062c\u0631\u062f \u0645\u0641\u0647\u0648\u0645\u064a\u0646 \u0628\u0627\u0644\u0646\u0633\u0628\u0629 \u0644\u0646\u0627\u060c \u0628\u0644 \u0647\u0645\u0627 \u0623\u0633\u0627\u0633 \u0627\u0644\u0623\u0641\u0643\u0627\u0631 \u0627\u0644\u062a\u064a \u062a\u062a\u062c\u0627\u0648\u0632 \u0627\u0644\u062d\u062f\u0648\u062f. \u0639\u0646\u062f\u0645\u0627 \u064a\u062a\u0639\u0644\u0642 \u0627\u0644\u0623\u0645\u0631 \u0628\u0627\u0644\u0625\u0628\u062f\u0627\u0639\u060c \u0641\u0646\u062d\u0646 \u0644\u0627 \u0646\u0639\u0631\u0641 \u062d\u062f\u0648\u062f\u064b\u0627 - \u0641\u062d\u062f\u0648\u062f\u0646\u0627 \u0644\u064a\u0633\u062a \u062d\u062a\u0649 \u0627\u0644\u0633\u0645\u0627\u0621\u060c \u0628\u0644 \u0627\u0644\u0643\u0648\u0646 \u0646\u0641\u0633\u0647.<\/p>\n\n\t\t<\/div>\n\t<\/div>\n<\/div><\/div><\/div><div class=\"wpb_column vc_column_container vc_col-sm-4\"><div class=\"vc_column-inner\"><div class=\"wpb_wrapper\"><div class=\"vc-hoverbox-wrapper vc_custom_1750772874470 vc-hoverbox-shape--square vc-hoverbox-align--center vc-hoverbox-direction--default vc-hoverbox-width--100\"  ontouchstart=\"\">\n  <div class=\"vc-hoverbox\">\n    <div class=\"vc-hoverbox-inner\">\n      <div class=\"vc-hoverbox-block vc-hoverbox-front\" style=\"background-image: url(https:\/\/nobelexpo.com\/wp-content\/uploads\/2025\/06\/kalite.png);\">\n        <div class=\"vc-hoverbox-block-inner vc-hoverbox-front-inner\">\n            \n        <\/div>\n      <\/div>\n      <div class=\"vc-hoverbox-block vc-hoverbox-back\" style=\"background-color: #ebebeb;\">\n        <div class=\"vc-hoverbox-block-inner vc-hoverbox-back-inner\">\n            <h2 style=\"text-align:center\">\u0625\u0630\u0627 \u0643\u0646\u062a \u062a\u0642\u0648\u0644 \u0625\u0646\u0646\u064a \u0644\u0627 \u0623\u062a\u0646\u0627\u0632\u0644 \u0639\u0646 \u0627\u0644\u062c\u0648\u062f\u0629\u060c \u0641\u0623\u0646\u0627 \u0623\u0642\u0648\u0645 \u0628\u0623\u0641\u0636\u0644 \u062c\u0648\u062f\u0629\u060c \u062a\u0642\u062f\u0645 \u0628\u0637\u0644\u0628\u0643 \u0627\u0644\u0622\u0646!<\/h2>\n            \n            \n        <\/div>\n      <\/div>\n    <\/div>\n  <\/div>\n<\/div>\n\t<div class=\"wpb_text_column wpb_content_element\" >\n\t\t<div class=\"wpb_wrapper\">\n\t\t\t<h2 style=\"text-align: center;\"><strong>\u0646\u062d\u0646 \u0646\u0624\u0645\u0646 \u0628\u0627\u0644\u062c\u0648\u062f\u0629<\/strong><\/h2>\n<p style=\"text-align: center;\">\u0628\u0627\u0644\u0646\u0633\u0628\u0629 \u0644\u0646\u0627\u060c \u062a\u0642\u0627\u0633 \u0642\u064a\u0645\u0629 \u0627\u0644\u0639\u0645\u0644 \u0628\u0645\u062f\u0649 \u062c\u0648\u062f\u0629 \u0625\u0646\u062c\u0627\u0632\u0647.<br data-start=\"560\" data-end=\"563\" \/>\u0646\u062d\u0646 \u0644\u0627 \u0646\u062a\u0631\u062f\u062f \u0641\u064a \u0627\u0644\u063a\u0648\u0635 \u0641\u064a \u0627\u0644\u062a\u0641\u0627\u0635\u064a\u0644 \u0644\u0623\u0646 \u0627\u0644\u0643\u0645\u0627\u0644 \u064a\u0643\u0645\u0646 \u0641\u064a \u0627\u0644\u062a\u0641\u0627\u0635\u064a\u0644.<\/p>\n\n\t\t<\/div>\n\t<\/div>\n<\/div><\/div><\/div><div class=\"wpb_column vc_column_container vc_col-sm-4\"><div class=\"vc_column-inner\"><div class=\"wpb_wrapper\"><div class=\"vc-hoverbox-wrapper vc_custom_1750772893060 vc-hoverbox-shape--square vc-hoverbox-align--center vc-hoverbox-direction--default vc-hoverbox-width--100\"  ontouchstart=\"\">\n  <div class=\"vc-hoverbox\">\n    <div class=\"vc-hoverbox-inner\">\n      <div class=\"vc-hoverbox-block vc-hoverbox-front\" style=\"background-image: url(https:\/\/nobelexpo.com\/wp-content\/uploads\/2025\/06\/iletisim2.png);\">\n        <div class=\"vc-hoverbox-block-inner vc-hoverbox-front-inner\">\n            \n        <\/div>\n      <\/div>\n      <div class=\"vc-hoverbox-block vc-hoverbox-back\" style=\"background-color: #ebebeb;\">\n        <div class=\"vc-hoverbox-block-inner vc-hoverbox-back-inner\">\n            <h2 style=\"text-align:center\">\u0625\u0630\u0627 \u0643\u0646\u062a \u062a\u0639\u062a\u0642\u062f \u0623\u0646 \u0623\u0635\u062d \u0627\u0644\u0639\u0645\u0644\u064a\u0627\u062a \u0627\u0644\u062a\u062c\u0627\u0631\u064a\u0629 \u062a\u0628\u062f\u0623 \u0628\u0627\u0644\u062a\u0648\u0627\u0635\u0644\u060c \u0627\u0646\u0636\u0645 \u0625\u0644\u064a\u0646\u0627!<\/h2>\n            \n            \n        <\/div>\n      <\/div>\n    <\/div>\n  <\/div>\n<\/div>\n\t<div class=\"wpb_text_column wpb_content_element\" >\n\t\t<div class=\"wpb_wrapper\">\n\t\t\t<h2 style=\"text-align: center;\"><strong>\u0646\u062d\u0646 \u0646\u0624\u0645\u0646 \u0628\u0627\u0644\u062a\u0648\u0627\u0635\u0644<\/strong><\/h2>\n<p style=\"text-align: center;\">\u062a\u0643\u062a\u0633\u0628 \u0627\u0644\u0641\u0643\u0631\u0629 \u0627\u0644\u062c\u064a\u062f\u0629 \u0645\u0639\u0646\u0649 \u0645\u0639 \u0627\u0644\u062a\u0648\u0627\u0635\u0644 \u0627\u0644\u0635\u062d\u064a\u062d. \u0646\u062d\u0646 \u0644\u0627 \u0646\u0646\u0638\u0631 \u0625\u0644\u0649 \u0627\u0644\u062a\u0648\u0627\u0635\u0644 \u0643\u0623\u062f\u0627\u0629 \u0641\u062d\u0633\u0628\u060c \u0628\u0644 \u0643\u0637\u0631\u064a\u0642 \u0644\u0644\u0646\u062c\u0627\u062d \u0623\u064a\u0636\u0627\u064b. \u0646\u062d\u0646 \u0644\u0627 \u0646\u0639\u0645\u0644 \u062f\u0648\u0646 \u062a\u0648\u0627\u0635\u0644\u061b \u0644\u0623\u0646\u0646\u0627 \u0646\u0639\u0644\u0645 \u0623\u0646 \u0627\u0644\u0641\u0631\u0642 \u0627\u0644\u0642\u0648\u064a\u0629 \u062a\u064f\u0628\u0646\u0649 \u0628\u0627\u0644\u062a\u0648\u0627\u0635\u0644 \u0627\u0644\u0645\u0641\u062a\u0648\u062d.<\/p>\n\n\t\t<\/div>\n\t<\/div>\n<\/div><\/div><\/div><\/div><\/div><\/div><\/div><\/div>\n<\/div>","protected":false},"excerpt":{"rendered":"\u00c7OK \u00c7ALI\u015eIYORUZ. \u00c7OK E\u011eLEN\u0130YORUZ\u0130NSAN KAYNAKLARI POL\u0130T\u0130KAMIZ ARAMIZA KATILIN FARKLILI\u011eI VE \u00c7E\u015e\u0130TL\u0130L\u0130\u011e\u0130 HEP B\u0130RL\u0130KTE KUTLAYALIM! 01 E\u015fitlik \u0130\u015fe al\u0131mdan e\u011fitime, geli\u015fimden","protected":false},"author":1,"featured_media":0,"parent":0,"menu_order":0,"comment_status":"closed","ping_status":"closed","template":"","meta":{"_acf_changed":false,"footnotes":""},"class_list":["post-199","page","type-page","status-publish","hentry"],"acf":[],"yoast_head":"<!-- This site is optimized with the Yoast SEO plugin v25.8 - https:\/\/yoast.com\/wordpress\/plugins\/seo\/ -->\n<title>\u0130K Politikam\u0131z - Nobel Expo<\/title>\n<meta name=\"robots\" content=\"index, follow, max-snippet:-1, max-image-preview:large, max-video-preview:-1\" \/>\n<link rel=\"canonical\" href=\"https:\/\/nobelexpo.com\/ar\/ik-politikamiz-2\/\" \/>\n<meta property=\"og:locale\" content=\"ar_AR\" \/>\n<meta property=\"og:type\" content=\"article\" \/>\n<meta property=\"og:title\" content=\"\u0130K Politikam\u0131z - Nobel Expo\" \/>\n<meta property=\"og:url\" content=\"https:\/\/nobelexpo.com\/ar\/ik-politikamiz-2\/\" \/>\n<meta property=\"og:site_name\" content=\"Nobel Expo\" \/>\n<meta property=\"article:modified_time\" content=\"2025-06-27T06:46:46+00:00\" \/>\n<meta name=\"twitter:card\" content=\"summary_large_image\" \/>\n<meta name=\"twitter:label1\" content=\"\u0648\u0642\u062a \u0627\u0644\u0642\u0631\u0627\u0621\u0629 \u0627\u0644\u0645\u064f\u0642\u062f\u0651\u0631\" \/>\n\t<meta name=\"twitter:data1\" content=\"6 \u062f\u0642\u0627\u0626\u0642\" \/>\n<script type=\"application\/ld+json\" class=\"yoast-schema-graph\">{\"@context\":\"https:\/\/schema.org\",\"@graph\":[{\"@type\":\"WebPage\",\"@id\":\"https:\/\/nobelexpo.com\/ik-politikamiz-2\/\",\"url\":\"https:\/\/nobelexpo.com\/ik-politikamiz-2\/\",\"name\":\"\u0130K Politikam\u0131z - Nobel Expo\",\"isPartOf\":{\"@id\":\"https:\/\/nobelexpo.com\/#website\"},\"datePublished\":\"2025-06-15T15:09:36+00:00\",\"dateModified\":\"2025-06-27T06:46:46+00:00\",\"breadcrumb\":{\"@id\":\"https:\/\/nobelexpo.com\/ik-politikamiz-2\/#breadcrumb\"},\"inLanguage\":\"ar\",\"potentialAction\":[{\"@type\":\"ReadAction\",\"target\":[\"https:\/\/nobelexpo.com\/ik-politikamiz-2\/\"]}]},{\"@type\":\"BreadcrumbList\",\"@id\":\"https:\/\/nobelexpo.com\/ik-politikamiz-2\/#breadcrumb\",\"itemListElement\":[{\"@type\":\"ListItem\",\"position\":1,\"name\":\"Anasayfa\",\"item\":\"https:\/\/nobelexpo.com\/\"},{\"@type\":\"ListItem\",\"position\":2,\"name\":\"\u0130K Politikam\u0131z\"}]},{\"@type\":\"WebSite\",\"@id\":\"https:\/\/nobelexpo.com\/#website\",\"url\":\"https:\/\/nobelexpo.com\/\",\"name\":\"Nobel Expo\",\"description\":\"Gelece\u011fin Fuarlar\u0131na \u015eimdi Kat\u0131l\",\"potentialAction\":[{\"@type\":\"SearchAction\",\"target\":{\"@type\":\"EntryPoint\",\"urlTemplate\":\"https:\/\/nobelexpo.com\/?s={search_term_string}\"},\"query-input\":{\"@type\":\"PropertyValueSpecification\",\"valueRequired\":true,\"valueName\":\"search_term_string\"}}],\"inLanguage\":\"ar\"}]}<\/script>\n<!-- \/ Yoast SEO plugin. -->","yoast_head_json":{"title":"\u0130K Politikam\u0131z - Nobel Expo","robots":{"index":"index","follow":"follow","max-snippet":"max-snippet:-1","max-image-preview":"max-image-preview:large","max-video-preview":"max-video-preview:-1"},"canonical":"https:\/\/nobelexpo.com\/ar\/ik-politikamiz-2\/","og_locale":"ar_AR","og_type":"article","og_title":"\u0130K Politikam\u0131z - Nobel Expo","og_url":"https:\/\/nobelexpo.com\/ar\/ik-politikamiz-2\/","og_site_name":"Nobel Expo","article_modified_time":"2025-06-27T06:46:46+00:00","twitter_card":"summary_large_image","twitter_misc":{"\u0648\u0642\u062a \u0627\u0644\u0642\u0631\u0627\u0621\u0629 \u0627\u0644\u0645\u064f\u0642\u062f\u0651\u0631":"6 \u062f\u0642\u0627\u0626\u0642"},"schema":{"@context":"https:\/\/schema.org","@graph":[{"@type":"WebPage","@id":"https:\/\/nobelexpo.com\/ik-politikamiz-2\/","url":"https:\/\/nobelexpo.com\/ik-politikamiz-2\/","name":"\u0130K Politikam\u0131z - Nobel Expo","isPartOf":{"@id":"https:\/\/nobelexpo.com\/#website"},"datePublished":"2025-06-15T15:09:36+00:00","dateModified":"2025-06-27T06:46:46+00:00","breadcrumb":{"@id":"https:\/\/nobelexpo.com\/ik-politikamiz-2\/#breadcrumb"},"inLanguage":"ar","potentialAction":[{"@type":"ReadAction","target":["https:\/\/nobelexpo.com\/ik-politikamiz-2\/"]}]},{"@type":"BreadcrumbList","@id":"https:\/\/nobelexpo.com\/ik-politikamiz-2\/#breadcrumb","itemListElement":[{"@type":"ListItem","position":1,"name":"Anasayfa","item":"https:\/\/nobelexpo.com\/"},{"@type":"ListItem","position":2,"name":"\u0130K Politikam\u0131z"}]},{"@type":"WebSite","@id":"https:\/\/nobelexpo.com\/#website","url":"https:\/\/nobelexpo.com\/","name":"\u0645\u0639\u0631\u0636 \u0646\u0648\u0628\u0644","description":"\u0627\u0646\u0636\u0645 \u0625\u0644\u0649 \u0645\u0639\u0627\u0631\u0636 \u0627\u0644\u0645\u0633\u062a\u0642\u0628\u0644 \u0627\u0644\u0622\u0646","potentialAction":[{"@type":"SearchAction","target":{"@type":"EntryPoint","urlTemplate":"https:\/\/nobelexpo.com\/?s={search_term_string}"},"query-input":{"@type":"PropertyValueSpecification","valueRequired":true,"valueName":"search_term_string"}}],"inLanguage":"ar"}]}},"_links":{"self":[{"href":"https:\/\/nobelexpo.com\/ar\/wp-json\/wp\/v2\/pages\/199","targetHints":{"allow":["GET"]}}],"collection":[{"href":"https:\/\/nobelexpo.com\/ar\/wp-json\/wp\/v2\/pages"}],"about":[{"href":"https:\/\/nobelexpo.com\/ar\/wp-json\/wp\/v2\/types\/page"}],"author":[{"embeddable":true,"href":"https:\/\/nobelexpo.com\/ar\/wp-json\/wp\/v2\/users\/1"}],"replies":[{"embeddable":true,"href":"https:\/\/nobelexpo.com\/ar\/wp-json\/wp\/v2\/comments?post=199"}],"version-history":[{"count":0,"href":"https:\/\/nobelexpo.com\/ar\/wp-json\/wp\/v2\/pages\/199\/revisions"}],"wp:attachment":[{"href":"https:\/\/nobelexpo.com\/ar\/wp-json\/wp\/v2\/media?parent=199"}],"curies":[{"name":"\u062f\u0628\u0644\u064a\u0648 \u0628\u064a","href":"https:\/\/api.w.org\/{rel}","templated":true}]}}