{"id":20,"date":"2025-06-14T16:03:20","date_gmt":"2025-06-14T16:03:20","guid":{"rendered":"https:\/\/nobel.websitesunum.com.tr\/?page_id=20"},"modified":"2025-07-10T07:38:22","modified_gmt":"2025-07-10T07:38:22","slug":"b2b-eslestirme","status":"publish","type":"page","link":"https:\/\/nobelexpo.com\/ar\/b2b-eslestirme\/","title":{"rendered":"\u0627\u0644\u062a\u0648\u0641\u064a\u0642 \u0628\u064a\u0646 \u0627\u0644\u0623\u0639\u0645\u0627\u0644 \u0625\u0644\u0649 \u0627\u0644\u0623\u0639\u0645\u0627\u0644 B2B"},"content":{"rendered":"<div class=\"wpb-content-wrapper\"><div id=\"b2b-in\" class=\"vc_row wpb_row vc_row-fluid wpb_animate_when_almost_visible wpb_wd-slide-from-bottom wd-slide-from-bottom vc_custom_1750775979529 wd-rs-685ab8a30544c\"><div class=\"wpb_column vc_column_container vc_col-sm-12\"><div class=\"vc_column-inner\"><div class=\"wpb_wrapper\">\n\t<div class=\"wpb_text_column wpb_content_element\" >\n\t\t<div class=\"wpb_wrapper\">\n\t\t\t<h1><strong>\u0628\u0631\u0646\u0627\u0645\u062c \u0627\u0644\u0645\u0648\u0627\u0621\u0645\u0629 \u0628\u064a\u0646 \u0627\u0644\u0634\u0631\u0643\u0627\u062a \u0648\u0648\u0641\u0648\u062f \u0627\u0644\u0645\u0634\u062a\u0631\u064a\u0646:<\/strong><\/h1>\n\n\t\t<\/div>\n\t<\/div>\n\n\t<div class=\"wpb_text_column wpb_content_element b2b-title2\" >\n\t\t<div class=\"wpb_wrapper\">\n\t\t\t<p class=\"font-weight-600 text-extra-dark-gray alt-font\">\u0627\u0644\u062e\u062f\u0645\u0627\u062a \u0627\u0644\u0645\u062a\u0645\u064a\u0632\u0629 \u0644\u0645\u0639\u0631\u0636 \u0646\u0648\u0628\u0644 \u0625\u0643\u0633\u0628\u0648<\/p>\n\n\t\t<\/div>\n\t<\/div>\n\n\t<div class=\"wpb_text_column wpb_content_element b2b-desc\" >\n\t\t<div class=\"wpb_wrapper\">\n\t\t\t<p>\u0646\u062d\u0646 \u0641\u064a \u0646\u0648\u0628\u0644 \u0625\u0643\u0633\u0628\u0648 \u0646\u062f\u0631\u0643 \u062c\u064a\u062f\u0627\u064b \u0623\u0646 \u0627\u0644\u0645\u0639\u0627\u0631\u0636 \u0627\u0644\u062a\u062c\u0627\u0631\u064a\u0629 \u0644\u0627 \u062a\u0631\u0643\u0632 \u0641\u0642\u0637 \u0639\u0644\u0649 \u0646\u0642\u0637\u0629 \u0648\u0627\u062d\u062f\u0629. \u0641\u0645\u0639 \u062e\u062f\u0645\u0627\u062a\u0646\u0627 \u0627\u0644\u0645\u062a\u0641\u0648\u0642\u0629 \u0627\u0644\u062a\u064a \u0637\u0648\u0631\u0646\u0627\u0647\u0627 \u0644\u0645\u0633\u0627\u0639\u062f\u062a\u0643 \u0639\u0644\u0649 \u0625\u062c\u0631\u0627\u0621 \u0627\u0644\u0627\u062a\u0635\u0627\u0644\u0627\u062a \u0627\u0644\u0635\u062d\u064a\u062d\u0629 \u0627\u0644\u062a\u064a \u0633\u062a\u0633\u0627\u0639\u062f\u0643 \u0639\u0644\u0649 \u062a\u0646\u0645\u064a\u0629 \u0623\u0639\u0645\u0627\u0644\u0643\u060c \u0646\u0636\u0645\u0646 \u0644\u0643 \u0623\u0646 \u062a\u0643\u0648\u0646 \u0645\u062a\u0642\u062f\u0645\u0627\u064b \u0639\u0644\u0649 \u0645\u0646\u0627\u0641\u0633\u064a\u0643 \u0628\u062e\u0637\u0648\u0629 \u0648\u0627\u062d\u062f\u0629. \u0648\u0647\u0646\u0627 \u0628\u0627\u0644\u0636\u0628\u0637 \u064a\u0623\u062a\u064a \u062f\u0648\u0631 \u0628\u0631\u0627\u0645\u062c\u0646\u0627 \u0627\u0644\u062e\u0627\u0635\u0629 \u0628\u0627\u0644\u062a\u0648\u0641\u064a\u0642 \u0628\u064a\u0646 \u0627\u0644\u0634\u0631\u0643\u0627\u062a \u0648\u0648\u0641\u0648\u062f \u0627\u0644\u0645\u0634\u062a\u0631\u064a\u0646. \u064a\u062a\u0645 \u062a\u0646\u0638\u064a\u0645 \u0628\u0631\u0627\u0645\u062c \u0646\u0648\u0628\u0644 \u0625\u0643\u0633\u0628\u0648 \u0644\u0644\u0645\u0637\u0627\u0628\u0642\u0629 \u0628\u064a\u0646 \u0627\u0644\u0634\u0631\u0643\u0627\u062a \u0648\u0648\u0641\u0648\u062f \u0627\u0644\u0645\u0634\u062a\u0631\u064a\u0646 \u0641\u064a \u0623\u0648\u0631\u0648\u0628\u0627 \u0648\u0623\u0645\u0631\u064a\u0643\u0627 \u0648\u0622\u0633\u064a\u0627 \u0648\u0623\u0641\u0631\u064a\u0642\u064a\u0627.\u00a0<strong><a href=\"https:\/\/nobelexpo.com\/ar\/ofislerimiz.php\/\">\u0645\u0643\u0627\u062a\u0628 \u062a\u062c\u0627\u0631\u064a\u0629 \u0641\u064a 4 \u0642\u0627\u0631\u0627\u062a \u0645\u062e\u062a\u0644\u0641\u0629<\/a><\/strong>\u00a0\u0648\u0639\u0644\u0627\u0642\u0627\u062a\u0647\u0627 \u0627\u0644\u0648\u062b\u064a\u0642\u0629 \u0645\u0639 \u0645\u0643\u0627\u062a\u0628 \u0627\u0644\u0645\u0644\u062d\u0642\u064a\u0627\u062a \u0627\u0644\u062a\u062c\u0627\u0631\u064a\u0629 \u0641\u064a \u0647\u0630\u0647 \u0627\u0644\u0628\u0644\u062f\u0627\u0646\u060c \u0633\u062a\u062a\u0645\u0643\u0646 \u0645\u0646 \u0627\u0644\u0639\u062b\u0648\u0631 \u0639\u0644\u0649 \u0639\u0645\u0644\u0627\u0621 \u0645\u0646 \u062c\u0645\u064a\u0639 \u0623\u0646\u062d\u0627\u0621 \u0627\u0644\u0639\u0627\u0644\u0645.<\/p>\n\n\t\t<\/div>\n\t<\/div>\n<\/div><\/div><\/div><\/div><div id=\"row-c\" class=\"vc_row wpb_row vc_row-fluid wpb_animate_when_almost_visible wpb_wd-slide-from-bottom wd-slide-from-bottom vc_custom_1750775987063 vc_row-has-fill wd-rs-685ab89e81a73 wd-section-stretch\"><div class=\"wpb_column vc_column_container vc_col-sm-12\"><div class=\"vc_column-inner\"><div class=\"wpb_wrapper\"><div class=\"vc_icon_element vc_icon_element-outer vc_do_icon vc_icon_element-align-center\"><div class=\"vc_icon_element-inner vc_icon_element-color-custom vc_icon_element-size-lg vc_icon_element-style- vc_icon_element-background-color-grey\" ><span class=\"vc_icon_element-icon fa fa-solid fa-quote-left\" style=\"color:#EE7202 !important\"><\/span><\/div><\/div>\n\t<div class=\"wpb_text_column wpb_content_element\" >\n\t\t<div class=\"wpb_wrapper\">\n\t\t\t<h5 style=\"text-align: center;\"><strong>\"\u0627\u0644\u0645\u0633\u062a\u0648\u0649 \u062c\u064a\u0645<\/strong> \u0623\u0648 \u0627\u062c\u062a\u0645\u0627\u0639\u0627\u062a B2B \u0645\u0639 \u0627\u0644\u0645\u062f\u064a\u0631\u064a\u0646 \u0627\u0644\u0630\u064a\u0646 \u0644\u062f\u064a\u0647\u0645 \u0633\u0644\u0637\u0629 \u0627\u062a\u062e\u0627\u0630 \u0627\u0644\u0642\u0631\u0627\u0631,<br \/>\n<strong>\u0623\u0647\u062f\u0627\u0641\u0643 \u0627\u0644\u062a\u062c\u0627\u0631\u064a\u0629 \u0628\u0633\u0647\u0648\u0644\u0629 \u0623\u0643\u0628\u0631<\/strong> \u0633\u062a\u0635\u0644 \u0625\u0644\u0649.<\/h5>\n\n\t\t<\/div>\n\t<\/div>\n<div class=\"vc_icon_element vc_icon_element-outer vc_do_icon vc_icon_element-align-center\"><div class=\"vc_icon_element-inner vc_icon_element-color-custom vc_icon_element-size-lg vc_icon_element-style- vc_icon_element-background-color-grey\" ><span class=\"vc_icon_element-icon fa fa-solid fa-quote-right\" style=\"color:#EE7202 !important\"><\/span><\/div><\/div><\/div><\/div><\/div><\/div><div id=\"row-gorselke\" class=\"vc_row wpb_row vc_row-fluid wpb_animate_when_almost_visible wpb_wd-slide-from-bottom wd-slide-from-bottom wd-rs-685ab8b23a43d wd-section-stretch-content-no-pd\"><div class=\"wpb_column vc_column_container vc_col-sm-6\"><div class=\"vc_column-inner\"><div class=\"wpb_wrapper\">\t\t<div id=\"wd-685aa8d0a2bc4\" class=\"wd-image wd-wpb wd-rs-685aa8d0a2bc4 text-center\">\n\t\t\t\n\t\t\t<img loading=\"lazy\" decoding=\"async\" width=\"847\" height=\"702\" src=\"https:\/\/nobelexpo.com\/wp-content\/uploads\/2025\/06\/PHOTO-2025-06-24-11-09-13.jpg\" class=\"attachment-full size-full\" alt=\"\" srcset=\"https:\/\/nobelexpo.com\/wp-content\/uploads\/2025\/06\/PHOTO-2025-06-24-11-09-13.jpg 847w, https:\/\/nobelexpo.com\/wp-content\/uploads\/2025\/06\/PHOTO-2025-06-24-11-09-13-300x249.jpg 300w, https:\/\/nobelexpo.com\/wp-content\/uploads\/2025\/06\/PHOTO-2025-06-24-11-09-13-768x637.jpg 768w, https:\/\/nobelexpo.com\/wp-content\/uploads\/2025\/06\/PHOTO-2025-06-24-11-09-13-500x414.jpg 500w, https:\/\/nobelexpo.com\/wp-content\/uploads\/2025\/06\/PHOTO-2025-06-24-11-09-13-800x663.jpg 800w\" sizes=\"auto, (max-width: 847px) 100vw, 847px\" \/>\n\t\t\t\t\t<\/div>\n\t\t<\/div><\/div><\/div><div class=\"wpb_column vc_column_container vc_col-sm-6\"><div class=\"vc_column-inner\"><div class=\"wpb_wrapper\">\n\t\t\t<div id=\"carousel-682\" class=\"wd-carousel-container banners-carousel-wrapper   wd-rs-68594a5561fe6\">\n\t\t\t\t<div class=\"wd-carousel-inner\">\n\t\t\t\t\t<div class=\"wd-carousel wd-grid banners-carousel\" data-speed=\"5000\" data-autoplay=\"yes\" data-scroll_per_page=\"yes\" style=\"--wd-col-lg:1;--wd-col-md:1;--wd-col-sm:1;--wd-gap-lg:30px;--wd-gap-sm:10px;\">\n\t\t\t\t\t\t<div class=\"wd-carousel-wrap\">\n\t\t\t\t\t\t\t\t\t<div class=\"promo-banner-wrapper  wd-rs-686f6cff55c46  wd-carousel-item\">\n\t\t\t<div id=\"wd-686f6cff55c46\" class=\"promo-banner  banner-mask banner-hover-zoom color-scheme-light banner-btn-size-default banner-btn-style-default wd-width-enabled  with-btn banner-btn-position-static wd-with-link wd-underline-colored\" style=\"--wd-max-width: 80%;\">\n\t\t\t\t<div class=\"main-wrapp-img\">\n\t\t\t\t\t<div class=\"banner-image wd-bg-position-center\" >\n\t\t\t\t\t\t<img loading=\"lazy\" decoding=\"async\" width=\"1000\" height=\"1000\" src=\"https:\/\/nobelexpo.com\/wp-content\/uploads\/2025\/06\/b2b.webp\" class=\"attachment-full size-full\" alt=\"\" \/>\t\t\t\t\t<\/div>\n\t\t\t\t<\/div>\n\n\t\t\t\t<div class=\"wrapper-content-banner wd-fill  wd-items-middle wd-justify-center\">\n\t\t\t\t\t<div class=\"content-banner  text-center\">\n\t\t\t\t\t\t<div class=\"banner-subtitle subtitle-color-default subtitle-style-default wd-fontsize-xs wd-font-weight-\">01<\/div><h4 class=\"banner-title wd-font-weight- wd-fontsize-l\">\u062f\u0639 \u0627\u0644\u0639\u0645\u0644\u0627\u0621 \u0627\u0644\u0645\u0646\u0627\u0633\u0628\u064a\u0646 \u064a\u0623\u062a\u0648\u0646 \u0625\u0644\u064a\u0643<\/h4>\t\t\t\t\t\t\t\t\t\t\t\t\t<div class=\"banner-inner reset-last-child\">\n\t\t\t\t\t\t\t\t<\/p>\n<h3 style=\"text-align: center;\">\u0627\u0644\u062a\u0648\u0641\u064a\u0642 \u0628\u064a\u0646 \u0627\u0644\u0623\u0639\u0645\u0627\u0644 \u0625\u0644\u0649 \u0627\u0644\u0623\u0639\u0645\u0627\u0644 B2B<\/h3>\n<p style=\"text-align: center;\">\u0646\u062d\u0646 \u0641\u064a \u0645\u0639\u0631\u0636 \u0646\u0648\u0628\u0644 \u0625\u0643\u0633\u0628\u0648 \u0646\u062f\u0631\u0643 \u0623\u0646 \u0627\u0644\u0639\u0631\u0636 \u0644\u0627 \u064a\u0642\u062a\u0635\u0631 \u0639\u0644\u0649 \u0627\u0633\u062a\u0626\u062c\u0627\u0631 \u0645\u0633\u0627\u062d\u0629 \u0641\u0642\u0637. \u0646\u062d\u0646 \u0646\u062c\u0645\u0639 \u0627\u0644\u0639\u0627\u0631\u0636\u064a\u0646 \u0644\u062f\u064a\u0646\u0627 \u0645\u0639 \u0641\u0631\u0635 \u062a\u062c\u0627\u0631\u064a\u0629 \u062d\u0642\u064a\u0642\u064a\u0629 \u0645\u0646 \u062e\u0644\u0627\u0644 \u0628\u0631\u0627\u0645\u062c\u0646\u0627 \u0644\u0645\u0637\u0627\u0628\u0642\u0629 \u0627\u0644\u0623\u0639\u0645\u0627\u0644 \u0628\u064a\u0646 \u0627\u0644\u0634\u0631\u0643\u0627\u062a \u0648\u0648\u0641\u0648\u062f \u0627\u0644\u0645\u0634\u062a\u0631\u064a\u0646\u060c \u0648\u0627\u0644\u062a\u064a \u0642\u0645\u0646\u0627 \u0628\u062a\u0637\u0648\u064a\u0631\u0647\u0627 \u0645\u0646 \u0623\u062c\u0644\u0643 \u0644\u0625\u062c\u0631\u0627\u0621 \u0627\u0644\u0627\u062a\u0635\u0627\u0644\u0627\u062a \u0627\u0644\u0635\u062d\u064a\u062d\u0629 \u0627\u0644\u062a\u064a \u0633\u062a\u0633\u0627\u0647\u0645 \u0641\u064a \u0646\u0645\u0648 \u0623\u0639\u0645\u0627\u0644\u0643.<\/p>\n<p>\n\t\t\t\t\t\t\t<\/div>\n\t\t\t\t\t\t\n\t\t\t\t\t\t\n\t\t\t\t\t\t<div class=\"banner-btn-wrapper\"><div id=\"wd-69e0cbf31c09b\" class=\"wd-button-wrapper text-center\"><a href=\"\/ar\/hizmetlerimiz\/\" title=\"\" class=\"btn btn-color-primary btn-style-default btn-shape-rectangle btn-size-default\">\u062e\u062f\u0645\u0627\u062a\u0646\u0627<\/a><\/div><\/div>\t\t\t\t\t<\/div>\n\t\t\t\t<\/div>\n\n\t\t\t\t\t\t\t\t\t<a class=\"wd-promo-banner-link wd-fill\" aria-label=\"\u0631\u0627\u0628\u0637 \u0627\u0644\u0634\u0639\u0627\u0631\" href=\"\/ar\/hizmetlerimiz\/\" title=\"\"><\/a>\n\t\t\t\t\n\t\t\t\t\t\t\t<\/div>\n\t\t<\/div>\n\n\t\t\t\t<div class=\"promo-banner-wrapper  wd-rs-686f6dd610c0f  wd-carousel-item\">\n\t\t\t<div id=\"wd-686f6dd610c0f\" class=\"promo-banner  banner-mask banner-hover-zoom color-scheme-light banner-btn-size-default banner-btn-style-default wd-width-enabled  with-btn banner-btn-position-static wd-with-link wd-underline-colored\" style=\"--wd-max-width: 80%;\">\n\t\t\t\t<div class=\"main-wrapp-img\">\n\t\t\t\t\t<div class=\"banner-image wd-bg-position-center\" >\n\t\t\t\t\t\t<img loading=\"lazy\" decoding=\"async\" width=\"1000\" height=\"1000\" src=\"https:\/\/nobelexpo.com\/wp-content\/uploads\/2025\/06\/b2b.webp\" class=\"attachment-full size-full\" alt=\"\" \/>\t\t\t\t\t<\/div>\n\t\t\t\t<\/div>\n\n\t\t\t\t<div class=\"wrapper-content-banner wd-fill  wd-items-middle wd-justify-center\">\n\t\t\t\t\t<div class=\"content-banner  text-center\">\n\t\t\t\t\t\t<div class=\"banner-subtitle subtitle-color-default subtitle-style-default wd-fontsize-xs wd-font-weight-\">02<\/div><h4 class=\"banner-title wd-font-weight- wd-fontsize-l\">\u0644\u0646 \u062a\u0643\u0648\u0646 \u0645\u0646\u0635\u062a\u0643 \u0641\u0627\u0631\u063a\u0629 \u0623\u0628\u062f\u064b\u0627<\/h4>\t\t\t\t\t\t\t\t\t\t\t\t\t<div class=\"banner-inner reset-last-child\">\n\t\t\t\t\t\t\t\t<\/p>\n<h3 style=\"text-align: center;\">\u0628\u0631\u0646\u0627\u0645\u062c \u062a\u0641\u0648\u064a\u0636 \u0627\u0644\u0645\u0634\u062a\u0631\u064a\u0646<\/h3>\n<p style=\"text-align: center;\">\u0628\u0641\u0636\u0644 \u0645\u0643\u0627\u062a\u0628\u0646\u0627 \u0627\u0644\u062a\u062c\u0627\u0631\u064a\u0629 \u0641\u064a \u0623\u0648\u0631\u0648\u0628\u0627\u060c \u0648\u0623\u0645\u0631\u064a\u0643\u0627\u060c \u0648\u0622\u0633\u064a\u0627\u060c \u0648\u0623\u0641\u0631\u064a\u0642\u064a\u0627 \u0648\u062a\u0639\u0627\u0648\u0646\u0646\u0627 \u0627\u0644\u0642\u0648\u064a \u0645\u0639 \u0645\u0643\u0627\u062a\u0628 \u0627\u0644\u0645\u0644\u062d\u0642\u064a\u0646 \u0627\u0644\u062a\u062c\u0627\u0631\u064a\u064a\u0646 \u0641\u064a \u0647\u0630\u0647 \u0627\u0644\u0645\u0646\u0627\u0637\u0642\u060c \u0646\u062c\u0645\u0639\u0643\u0645 \u0645\u0639 \u0627\u0644\u0645\u0634\u062a\u0631\u064a\u0646 \u0645\u0646 \u062c\u0645\u064a\u0639 \u0623\u0646\u062d\u0627\u0621 \u0627\u0644\u0639\u0627\u0644\u0645 \u0639\u0644\u0649 \u0646\u0641\u0633 \u0627\u0644\u0645\u0646\u0635\u0629. \u0648\u0628\u0641\u0636\u0644 \u0634\u0628\u0643\u0629 \u0646\u0648\u0628\u0644 \u0625\u0643\u0633\u0628\u0648 \u0627\u0644\u062f\u0648\u0644\u064a\u0629\u060c \u0627\u0633\u062a\u0628\u0642 \u0627\u0644\u0645\u0646\u0627\u0641\u0633\u0629 \u0648\u0627\u0646\u0641\u062a\u062d \u0639\u0644\u0649 \u0627\u0644\u0623\u0633\u0648\u0627\u0642 \u0627\u0644\u0639\u0627\u0644\u0645\u064a\u0629 \u0628\u0643\u0644 \u062b\u0642\u0629.<\/p>\n<p>\n\t\t\t\t\t\t\t<\/div>\n\t\t\t\t\t\t\n\t\t\t\t\t\t\n\t\t\t\t\t\t<div class=\"banner-btn-wrapper\"><div id=\"wd-69e0cbf31c3fa\" class=\"wd-button-wrapper text-center\"><a href=\"\/ar\/hizmetlerimiz\/\" title=\"\" class=\"btn btn-color-primary btn-style-default btn-shape-rectangle btn-size-default\">\u062e\u062f\u0645\u0627\u062a\u0646\u0627<\/a><\/div><\/div>\t\t\t\t\t<\/div>\n\t\t\t\t<\/div>\n\n\t\t\t\t\t\t\t\t\t<a class=\"wd-promo-banner-link wd-fill\" aria-label=\"\u0631\u0627\u0628\u0637 \u0627\u0644\u0634\u0639\u0627\u0631\" href=\"\/ar\/hizmetlerimiz\/\" title=\"\"><\/a>\n\t\t\t\t\n\t\t\t\t\t\t\t<\/div>\n\t\t<\/div>\n\n\t\t\t\t\t\t\t\t<\/div>\n\t\t\t\t\t<\/div>\n\n\t\t\t\t\t\t\t\t\t\t\t\t\t<div class=\"wd-nav-arrows wd-pos-sep wd-hover-1 wd-icon-1\">\n\t\t\t<div class=\"wd-btn-arrow wd-prev wd-disabled\">\n\t\t\t\t<div class=\"wd-arrow-inner\"><\/div>\n\t\t\t<\/div>\n\t\t\t<div class=\"wd-btn-arrow wd-next\">\n\t\t\t\t<div class=\"wd-arrow-inner\"><\/div>\n\t\t\t<\/div>\n\t\t<\/div>\n\t\t\t\t\t\t\t\t\t\t\t<\/div>\n\n\t\t\t\t\t\t\t\t\t\t\t<\/div>\n\n\t\t<\/div><\/div><\/div><\/div>\n<\/div>","protected":false},"excerpt":{"rendered":"\u0628\u0631\u0646\u0627\u0645\u062c \u0627\u0644\u062a\u0648\u0641\u064a\u0642 \u0628\u064a\u0646 \u0627\u0644\u0634\u0631\u0643\u0627\u062a \u0648\u0648\u0641\u0648\u062f \u0627\u0644\u0645\u0634\u062a\u0631\u064a\u0646: \u062e\u062f\u0645\u0627\u062a \u0646\u0648\u0628\u0644 \u0625\u0643\u0633\u0628\u0648 \u0627\u0644\u0645\u062a\u0645\u064a\u0632\u0629 \u0628\u0635\u0641\u062a\u0646\u0627 \u0634\u0631\u0643\u0629 \u0646\u0648\u0628\u0644 \u0625\u0643\u0633\u0628\u0648\u060c \u0646\u0624\u0645\u0646 \u0628\u0623\u0646 \u0627\u0644\u0645\u0639\u0627\u0631\u0636 \u0627\u0644\u062a\u062c\u0627\u0631\u064a\u0629 \u0644\u0627 \u062a\u0631\u0643\u0632 \u0641\u0642\u0637 \u0639\u0644\u0649 \u0646\u0642\u0637\u0629 \u0648\u0627\u062d\u062f\u0629.","protected":false},"author":1,"featured_media":0,"parent":0,"menu_order":0,"comment_status":"closed","ping_status":"closed","template":"","meta":{"_acf_changed":false,"footnotes":""},"class_list":["post-20","page","type-page","status-publish","hentry"],"acf":[],"yoast_head":"<!-- This site is optimized with the Yoast SEO plugin v25.8 - https:\/\/yoast.com\/wordpress\/plugins\/seo\/ -->\n<title>B2B E\u015fle\u015ftirme - Nobel Expo<\/title>\n<meta name=\"robots\" content=\"index, follow, max-snippet:-1, max-image-preview:large, max-video-preview:-1\" \/>\n<link rel=\"canonical\" href=\"https:\/\/nobelexpo.com\/ar\/b2b-eslestirme\/\" \/>\n<meta property=\"og:locale\" content=\"ar_AR\" \/>\n<meta property=\"og:type\" content=\"article\" \/>\n<meta property=\"og:title\" content=\"B2B E\u015fle\u015ftirme - Nobel Expo\" \/>\n<meta property=\"og:url\" content=\"https:\/\/nobelexpo.com\/ar\/b2b-eslestirme\/\" \/>\n<meta property=\"og:site_name\" content=\"Nobel Expo\" \/>\n<meta property=\"article:modified_time\" content=\"2025-07-10T07:38:22+00:00\" \/>\n<meta name=\"twitter:card\" content=\"summary_large_image\" \/>\n<meta name=\"twitter:label1\" content=\"\u0648\u0642\u062a \u0627\u0644\u0642\u0631\u0627\u0621\u0629 \u0627\u0644\u0645\u064f\u0642\u062f\u0651\u0631\" \/>\n\t<meta name=\"twitter:data1\" content=\"6 \u062f\u0642\u0627\u0626\u0642\" \/>\n<script type=\"application\/ld+json\" class=\"yoast-schema-graph\">{\"@context\":\"https:\/\/schema.org\",\"@graph\":[{\"@type\":\"WebPage\",\"@id\":\"https:\/\/nobelexpo.com\/b2b-eslestirme\/\",\"url\":\"https:\/\/nobelexpo.com\/b2b-eslestirme\/\",\"name\":\"B2B E\u015fle\u015ftirme - Nobel Expo\",\"isPartOf\":{\"@id\":\"https:\/\/nobelexpo.com\/#website\"},\"datePublished\":\"2025-06-14T16:03:20+00:00\",\"dateModified\":\"2025-07-10T07:38:22+00:00\",\"breadcrumb\":{\"@id\":\"https:\/\/nobelexpo.com\/b2b-eslestirme\/#breadcrumb\"},\"inLanguage\":\"ar\",\"potentialAction\":[{\"@type\":\"ReadAction\",\"target\":[\"https:\/\/nobelexpo.com\/b2b-eslestirme\/\"]}]},{\"@type\":\"BreadcrumbList\",\"@id\":\"https:\/\/nobelexpo.com\/b2b-eslestirme\/#breadcrumb\",\"itemListElement\":[{\"@type\":\"ListItem\",\"position\":1,\"name\":\"Anasayfa\",\"item\":\"https:\/\/nobelexpo.com\/\"},{\"@type\":\"ListItem\",\"position\":2,\"name\":\"B2B E\u015fle\u015ftirme\"}]},{\"@type\":\"WebSite\",\"@id\":\"https:\/\/nobelexpo.com\/#website\",\"url\":\"https:\/\/nobelexpo.com\/\",\"name\":\"Nobel Expo\",\"description\":\"Gelece\u011fin Fuarlar\u0131na \u015eimdi Kat\u0131l\",\"potentialAction\":[{\"@type\":\"SearchAction\",\"target\":{\"@type\":\"EntryPoint\",\"urlTemplate\":\"https:\/\/nobelexpo.com\/?s={search_term_string}\"},\"query-input\":{\"@type\":\"PropertyValueSpecification\",\"valueRequired\":true,\"valueName\":\"search_term_string\"}}],\"inLanguage\":\"ar\"}]}<\/script>\n<!-- \/ Yoast SEO plugin. -->","yoast_head_json":{"title":"\u0627\u0644\u062a\u0648\u0641\u064a\u0642 \u0628\u064a\u0646 \u0627\u0644\u0634\u0631\u0643\u0627\u062a - \u0645\u0639\u0631\u0636 \u0646\u0648\u0628\u0644 \u0625\u0643\u0633\u0628\u0648 - B2B","robots":{"index":"index","follow":"follow","max-snippet":"max-snippet:-1","max-image-preview":"max-image-preview:large","max-video-preview":"max-video-preview:-1"},"canonical":"https:\/\/nobelexpo.com\/ar\/b2b-eslestirme\/","og_locale":"ar_AR","og_type":"article","og_title":"B2B E\u015fle\u015ftirme - Nobel Expo","og_url":"https:\/\/nobelexpo.com\/ar\/b2b-eslestirme\/","og_site_name":"Nobel Expo","article_modified_time":"2025-07-10T07:38:22+00:00","twitter_card":"summary_large_image","twitter_misc":{"\u0648\u0642\u062a \u0627\u0644\u0642\u0631\u0627\u0621\u0629 \u0627\u0644\u0645\u064f\u0642\u062f\u0651\u0631":"6 \u062f\u0642\u0627\u0626\u0642"},"schema":{"@context":"https:\/\/schema.org","@graph":[{"@type":"WebPage","@id":"https:\/\/nobelexpo.com\/b2b-eslestirme\/","url":"https:\/\/nobelexpo.com\/b2b-eslestirme\/","name":"\u0627\u0644\u062a\u0648\u0641\u064a\u0642 \u0628\u064a\u0646 \u0627\u0644\u0634\u0631\u0643\u0627\u062a - \u0645\u0639\u0631\u0636 \u0646\u0648\u0628\u0644 \u0625\u0643\u0633\u0628\u0648 - B2B","isPartOf":{"@id":"https:\/\/nobelexpo.com\/#website"},"datePublished":"2025-06-14T16:03:20+00:00","dateModified":"2025-07-10T07:38:22+00:00","breadcrumb":{"@id":"https:\/\/nobelexpo.com\/b2b-eslestirme\/#breadcrumb"},"inLanguage":"ar","potentialAction":[{"@type":"ReadAction","target":["https:\/\/nobelexpo.com\/b2b-eslestirme\/"]}]},{"@type":"BreadcrumbList","@id":"https:\/\/nobelexpo.com\/b2b-eslestirme\/#breadcrumb","itemListElement":[{"@type":"ListItem","position":1,"name":"Anasayfa","item":"https:\/\/nobelexpo.com\/"},{"@type":"ListItem","position":2,"name":"B2B E\u015fle\u015ftirme"}]},{"@type":"WebSite","@id":"https:\/\/nobelexpo.com\/#website","url":"https:\/\/nobelexpo.com\/","name":"\u0645\u0639\u0631\u0636 \u0646\u0648\u0628\u0644","description":"\u0627\u0646\u0636\u0645 \u0625\u0644\u0649 \u0645\u0639\u0627\u0631\u0636 \u0627\u0644\u0645\u0633\u062a\u0642\u0628\u0644 \u0627\u0644\u0622\u0646","potentialAction":[{"@type":"SearchAction","target":{"@type":"EntryPoint","urlTemplate":"https:\/\/nobelexpo.com\/?s={search_term_string}"},"query-input":{"@type":"PropertyValueSpecification","valueRequired":true,"valueName":"search_term_string"}}],"inLanguage":"ar"}]}},"_links":{"self":[{"href":"https:\/\/nobelexpo.com\/ar\/wp-json\/wp\/v2\/pages\/20","targetHints":{"allow":["GET"]}}],"collection":[{"href":"https:\/\/nobelexpo.com\/ar\/wp-json\/wp\/v2\/pages"}],"about":[{"href":"https:\/\/nobelexpo.com\/ar\/wp-json\/wp\/v2\/types\/page"}],"author":[{"embeddable":true,"href":"https:\/\/nobelexpo.com\/ar\/wp-json\/wp\/v2\/users\/1"}],"replies":[{"embeddable":true,"href":"https:\/\/nobelexpo.com\/ar\/wp-json\/wp\/v2\/comments?post=20"}],"version-history":[{"count":0,"href":"https:\/\/nobelexpo.com\/ar\/wp-json\/wp\/v2\/pages\/20\/revisions"}],"wp:attachment":[{"href":"https:\/\/nobelexpo.com\/ar\/wp-json\/wp\/v2\/media?parent=20"}],"curies":[{"name":"\u062f\u0628\u0644\u064a\u0648 \u0628\u064a","href":"https:\/\/api.w.org\/{rel}","templated":true}]}}