{"id":2384,"date":"2025-09-06T08:43:14","date_gmt":"2025-09-06T08:43:14","guid":{"rendered":"https:\/\/nobelexpo.com\/?page_id=2384"},"modified":"2025-09-06T08:43:14","modified_gmt":"2025-09-06T08:43:14","slug":"kvkk","status":"publish","type":"page","link":"https:\/\/nobelexpo.com\/ar\/kvkk\/","title":{"rendered":"KVKKK"},"content":{"rendered":"<div class=\"modal-header\">\n<h5 id=\"exampleModalGizlilikLabel\" class=\"modal-title\">\u0627\u0644\u0646\u0635 \u0627\u0644\u062a\u0648\u0636\u064a\u062d\u064a K.V.K.K.K. \u0646\u0635 \u062a\u0648\u0636\u064a\u062d\u064a<\/h5>\n<p>&nbsp;<\/p>\n<\/div>\n<div class=\"modal-body\">\u0648\u0641\u0642\u064b\u0627 \u0644\u0644\u0642\u0627\u0646\u0648\u0646 \u0631\u0642\u0645 6698 \u0627\u0644\u062e\u0627\u0635 \u0628\u062d\u0645\u0627\u064a\u0629 \u0627\u0644\u0628\u064a\u0627\u0646\u0627\u062a \u0627\u0644\u0634\u062e\u0635\u064a\u0629 (\"KVKK\")\u060c \u064a\u062a\u0645 \u062a\u0642\u062f\u064a\u0645 \u0627\u0644\u062a\u0641\u0627\u0635\u064a\u0644 \u0627\u0644\u0645\u062a\u0639\u0644\u0642\u0629 \u0628\u0627\u0644\u0646\u0637\u0627\u0642 \u0627\u0644\u0630\u064a \u0633\u062a\u062a\u0645 \u0641\u064a\u0647 \u0645\u0639\u0627\u0644\u062c\u0629 \u0628\u064a\u0627\u0646\u0627\u062a\u0643 \u0627\u0644\u0634\u062e\u0635\u064a\u0629 \u0645\u0646 \u0642\u0628\u0644 \u0634\u0631\u0643\u0629 \u0646\u0648\u0628\u0644 \u0625\u0643\u0633\u0628\u0648 \u0623\u0648\u0644\u0648\u0633\u0644\u0627\u0631\u0627\u0631\u0627\u0633\u0649 \u0641\u0648\u0627\u0631\u0633\u064a\u0644\u064a\u0643 \u0623.\u0634 (\"\u0646\u0648\u0628\u0644 \u0625\u0643\u0633\u0628\u0648\" \u0623\u0648 \"\u0627\u0644\u0634\u0631\u0643\u0629\") \u0628\u0635\u0641\u062a\u0647\u0627 \u0627\u0644\u0645\u062a\u062d\u0643\u0645 \u0641\u064a \u0627\u0644\u0628\u064a\u0627\u0646\u0627\u062a \u0644\u0645\u0639\u0644\u0648\u0645\u0627\u062a\u0643 \u0641\u064a \u0627\u0644\u0639\u0646\u0627\u0648\u064a\u0646 \u0627\u0644\u062a\u0627\u0644\u064a\u0629.&nbsp;<\/p>\n<h6>1 - \u0637\u0631\u0642 \u062c\u0645\u0639 \u0628\u064a\u0627\u0646\u0627\u062a\u0643 \u0627\u0644\u0634\u062e\u0635\u064a\u0629 \u0648\u0623\u0633\u0628\u0627\u0628\u0647\u0627 \u0627\u0644\u0642\u0627\u0646\u0648\u0646\u064a\u0629<\/h6>\n<p>\u064a\u062a\u0645 \u062c\u0645\u0639 \u0628\u064a\u0627\u0646\u0627\u062a\u0643 \u0627\u0644\u0634\u062e\u0635\u064a\u0629 \u0645\u0646 \u0642\u0650\u0628\u0644 \u0634\u0631\u0643\u062a\u0646\u0627 \u0645\u0646 \u062e\u0644\u0627\u0644 \u0642\u0646\u0648\u0627\u062a \u0645\u062e\u062a\u0644\u0641\u0629 \u0645\u0646 \u0623\u062c\u0644 \u062a\u0646\u0641\u064a\u0630 \u0623\u0646\u0634\u0637\u062a\u0646\u0627 \u0628\u0646\u0627\u0621\u064b \u0639\u0644\u0649 \u0623\u0633\u0628\u0627\u0628 \u0642\u0627\u0646\u0648\u0646\u064a\u0629 \u0644\u0644\u0627\u0645\u062a\u062b\u0627\u0644 \u0644\u0644\u062a\u0634\u0631\u064a\u0639\u0627\u062a \u0648\u0633\u064a\u0627\u0633\u0627\u062a \u0627\u0644\u0634\u0631\u0643\u0629. \u0643\u0645\u0627 \u064a\u062c\u0648\u0632 \u0623\u064a\u0636\u064b\u0627 \u0645\u0639\u0627\u0644\u062c\u0629 \u0628\u064a\u0627\u0646\u0627\u062a\u0643 \u0627\u0644\u0634\u062e\u0635\u064a\u0629 \u0648\u0646\u0642\u0644\u0647\u0627 \u0644\u0644\u0623\u063a\u0631\u0627\u0636 \u0627\u0644\u0645\u062d\u062f\u062f\u0629 \u0641\u064a \u0647\u0630\u0627 \u0627\u0644\u0646\u0635 \u0627\u0644\u062a\u0648\u0636\u064a\u062d\u064a \u0641\u064a \u0646\u0637\u0627\u0642 \u0634\u0631\u0648\u0637 \u0648\u0623\u063a\u0631\u0627\u0636 \u0645\u0639\u0627\u0644\u062c\u0629 \u0627\u0644\u0628\u064a\u0627\u0646\u0627\u062a \u0627\u0644\u0634\u062e\u0635\u064a\u0629 \u0627\u0644\u0645\u062d\u062f\u062f\u0629 \u0641\u064a \u0627\u0644\u0645\u0627\u062f\u062a\u064a\u0646 5 \u06486 \u0645\u0646 \u0642\u0627\u0646\u0648\u0646 \u062d\u0645\u0627\u064a\u0629 \u0627\u0644\u0628\u064a\u0627\u0646\u0627\u062a \u0627\u0644\u0634\u062e\u0635\u064a\u0629 \u0648\u0641\u0642\u064b\u0627 \u0644\u0644\u0645\u0628\u0627\u062f\u0626 \u0627\u0644\u0623\u0633\u0627\u0633\u064a\u0629 \u0627\u0644\u0645\u0646\u0635\u0648\u0635 \u0639\u0644\u064a\u0647\u0627 \u0641\u064a \u0642\u0627\u0646\u0648\u0646 \u062d\u0645\u0627\u064a\u0629 \u0627\u0644\u0628\u064a\u0627\u0646\u0627\u062a \u0627\u0644\u0634\u062e\u0635\u064a\u0629.<\/p>\n<h6>2- \u0645\u0639\u0627\u0644\u062c\u0629 \u0628\u064a\u0627\u0646\u0627\u062a\u0643 \u0627\u0644\u0634\u062e\u0635\u064a\u0629<\/h6>\n<p>\u062a\u062a\u0645 \u0645\u0639\u0627\u0644\u062c\u0629 \u0628\u064a\u0627\u0646\u0627\u062a\u0643 \u0627\u0644\u0634\u062e\u0635\u064a\u0629 \u0627\u0644\u062a\u064a \u064a\u062a\u0645 \u062c\u0645\u0639\u0647\u0627 \u0648\u0641\u0642\u064b\u0627 \u0644\u0644\u0645\u0628\u0627\u062f\u0626 \u0627\u0644\u0623\u0633\u0627\u0633\u064a\u0629 \u0627\u0644\u0645\u0646\u0635\u0648\u0635 \u0639\u0644\u064a\u0647\u0627 \u0641\u064a \u0642\u0627\u0646\u0648\u0646 \u062d\u0645\u0627\u064a\u0629 \u0627\u0644\u0628\u064a\u0627\u0646\u0627\u062a \u0627\u0644\u0634\u062e\u0635\u064a\u0629 \u0648\u0636\u0645\u0646 \u0634\u0631\u0648\u0637 \u0648\u0623\u063a\u0631\u0627\u0636 \u0645\u0639\u0627\u0644\u062c\u0629 \u0627\u0644\u0628\u064a\u0627\u0646\u0627\u062a \u0627\u0644\u0634\u062e\u0635\u064a\u0629 \u0627\u0644\u0645\u062d\u062f\u062f\u0629 \u0641\u064a \u0627\u0644\u0645\u0627\u062f\u062a\u064a\u0646 5 \u06486 \u0645\u0646 \u0642\u0627\u0646\u0648\u0646 \u062d\u0645\u0627\u064a\u0629 \u0627\u0644\u0628\u064a\u0627\u0646\u0627\u062a \u0627\u0644\u0634\u062e\u0635\u064a\u0629 - \u062a\u0646\u0641\u064a\u0630 \u0627\u0644\u0623\u0646\u0634\u0637\u0629 \u0627\u0644\u062a\u062c\u0627\u0631\u064a\u0629 \u0627\u0644\u062a\u064a \u062a\u0642\u0648\u0645 \u0628\u0647\u0627 \u0634\u0631\u0643\u0629 \u0646\u0648\u0628\u0644 \u0625\u0643\u0633\u0628\u0648 \u0648\u0641\u0642\u064b\u0627 \u0644\u0644\u062a\u0634\u0631\u064a\u0639\u0627\u062a \u0648\u0633\u064a\u0627\u0633\u0627\u062a \u0627\u0644\u0634\u0631\u0643\u0629 - \u062a\u0635\u0645\u064a\u0645 \u0648\u062a\u0646\u0641\u064a\u0630 \u0623\u0646\u0634\u0637\u0629 \u0627\u0644\u0645\u0648\u0627\u0631\u062f \u0627\u0644\u0628\u0634\u0631\u064a\u0629 - \u0636\u0645\u0627\u0646 \u0627\u0644\u0623\u0645\u0646 \u0627\u0644\u062a\u062c\u0627\u0631\u064a \u0648\u0627\u0644\u0642\u0627\u0646\u0648\u0646\u064a \u0644\u0644\u0623\u0634\u062e\u0627\u0635 \u0627\u0644\u0637\u0628\u064a\u0639\u064a\u064a\u0646 \u0627\u0644\u0630\u064a\u0646 \u062a\u0631\u0628\u0637\u0646\u0627 \u0628\u0647\u0645 \u0639\u0644\u0627\u0642\u0629 \u0639\u0645\u0644 - \u062d\u0645\u0627\u064a\u0629 \u0627\u0644\u0633\u0645\u0639\u0629 \u0627\u0644\u062a\u062c\u0627\u0631\u064a\u0629 \u0644\u0634\u0631\u0643\u0629 \u0646\u0648\u0628\u0644 \u0625\u0643\u0633\u0628\u0648 \u0648\u0627\u0644\u062b\u0642\u0629 \u0627\u0644\u062a\u064a \u062a\u062e\u0644\u0642\u0647\u0627.<\/p>\n<h6>3 - \u0645\u0634\u0627\u0631\u0643\u0629 \u0628\u064a\u0627\u0646\u0627\u062a\u0643 \u0627\u0644\u0634\u062e\u0635\u064a\u0629<\/h6>\n<p>\u0642\u062f \u062a\u062a\u0645 \u0645\u0634\u0627\u0631\u0643\u0629 \u0628\u064a\u0627\u0646\u0627\u062a\u0643 \u0627\u0644\u0634\u062e\u0635\u064a\u0629 \u0627\u0644\u062a\u064a \u062a\u0645 \u062c\u0645\u0639\u0647\u0627 \u0645\u0639 \u0627\u0644\u0634\u0631\u0643\u0627\u062a \u0627\u0644\u062a\u0627\u0628\u0639\u0629 \u0644\u0646\u0627 \u0648\u0627\u0644\u0645\u0648\u0631\u062f\u064a\u0646 \u0648\u0645\u0642\u062f\u0645\u064a \u0627\u0644\u062e\u062f\u0645\u0627\u062a \u0627\u0644\u062e\u0627\u0631\u062c\u064a\u064a\u0646 \u0648\u0627\u0644\u0645\u0624\u0633\u0633\u0627\u062a \u0648\u0627\u0644\u0645\u0646\u0638\u0645\u0627\u062a \u0627\u0644\u0639\u0627\u0645\u0629 \u0627\u0644\u0645\u0635\u0631\u062d \u0644\u0647\u0627 \u0642\u0627\u0646\u0648\u0646\u064b\u0627 \u0645\u0646 \u0623\u062c\u0644 \u0642\u064a\u0627\u0645 \u0648\u062d\u062f\u0627\u062a \u0623\u0639\u0645\u0627\u0644\u0646\u0627 \u0628\u0627\u0644\u0639\u0645\u0644 \u0627\u0644\u0644\u0627\u0632\u0645 \u0641\u064a \u0647\u0630\u0627 \u0627\u0644\u0627\u062a\u062c\u0627\u0647 \u0645\u0646 \u0623\u062c\u0644 \u062a\u0646\u0641\u064a\u0630 \u0623\u0646\u0634\u0637\u062a\u0646\u0627 \u0627\u0644\u062a\u062c\u0627\u0631\u064a\u0629 \u0648\u0641\u0642\u064b\u0627 \u0644\u0644\u062a\u0634\u0631\u064a\u0639\u0627\u062a \u0648\u0633\u064a\u0627\u0633\u0627\u062a \u0627\u0644\u0634\u0631\u0643\u0629 \u0648\u0641\u0642\u064b\u0627 \u0644\u0644\u0645\u0628\u0627\u062f\u0626 \u0627\u0644\u0623\u0633\u0627\u0633\u064a\u0629 \u0627\u0644\u0645\u0646\u0635\u0648\u0635 \u0639\u0644\u064a\u0647\u0627 \u0641\u064a \u0642\u0627\u0646\u0648\u0646 \u062d\u0645\u0627\u064a\u0629 \u0627\u0644\u0628\u064a\u0627\u0646\u0627\u062a \u0627\u0644\u0634\u062e\u0635\u064a\u0629 \u0648\u0636\u0645\u0646 \u0634\u0631\u0648\u0637 \u0648\u0623\u063a\u0631\u0627\u0636 \u0645\u0639\u0627\u0644\u062c\u0629 \u0627\u0644\u0628\u064a\u0627\u0646\u0627\u062a \u0627\u0644\u0634\u062e\u0635\u064a\u0629 \u0627\u0644\u0645\u062d\u062f\u062f\u0629 \u0641\u064a \u0627\u0644\u0645\u0627\u062f\u062a\u064a\u0646 8 \u06489 \u0645\u0646 \u0642\u0627\u0646\u0648\u0646 \u062d\u0645\u0627\u064a\u0629 \u0627\u0644\u0628\u064a\u0627\u0646\u0627\u062a \u0627\u0644\u0634\u062e\u0635\u064a\u0629.<\/p>\n<h6>4 - \u062d\u0642\u0648\u0642\u0643 \u0643\u0645\u0627\u0644\u0643 \u0644\u0644\u0628\u064a\u0627\u0646\u0627\u062a \u0627\u0644\u0645\u062f\u0631\u062c\u0629 \u0641\u064a \u0627\u0644\u0645\u0627\u062f\u0629 11 \u0645\u0646 \u0642\u0627\u0646\u0648\u0646 \u062d\u0645\u0627\u064a\u0629 \u0627\u0644\u0628\u064a\u0627\u0646\u0627\u062a \u0627\u0644\u0634\u062e\u0635\u064a\u0629<\/h6>\n<p>\u0639\u0645\u0644\u0627\u064b \u0628\u0627\u0644\u0645\u0627\u062f\u0629 11 \u0645\u0646 \u0642\u0627\u0646\u0648\u0646 \u062d\u0645\u0627\u064a\u0629 \u0627\u0644\u0628\u064a\u0627\u0646\u0627\u062a \u0627\u0644\u0634\u062e\u0635\u064a\u0629\u060c \u0627\u0644\u0630\u064a \u062f\u062e\u0644 \u062d\u064a\u0632 \u0627\u0644\u062a\u0646\u0641\u064a\u0630 \u0641\u064a 7 \u0623\u0643\u062a\u0648\u0628\u0631 2016\u060c \u062a\u062a\u0645\u062a\u0639 \u0628\u0627\u0644\u062d\u0642\u0648\u0642 \u0627\u0644\u062a\u0627\u0644\u064a\u0629 \u0641\u064a\u0645\u0627 \u064a\u062a\u0639\u0644\u0642 \u0628\u0628\u064a\u0627\u0646\u0627\u062a\u0643 \u0627\u0644\u0634\u062e\u0635\u064a\u0629 - \u0645\u0639\u0631\u0641\u0629 \u0645\u0627 \u0625\u0630\u0627 \u0643\u0627\u0646\u062a \u0628\u064a\u0627\u0646\u0627\u062a\u0643 \u0627\u0644\u0634\u062e\u0635\u064a\u0629 \u0642\u062f \u062a\u0645\u062a \u0645\u0639\u0627\u0644\u062c\u062a\u0647\u0627 \u0623\u0645 \u0644\u0627\u060c - \u0637\u0644\u0628 \u0627\u0644\u062d\u0635\u0648\u0644 \u0639\u0644\u0649 \u0645\u0639\u0644\u0648\u0645\u0627\u062a \u0641\u064a \u062d\u0627\u0644\u0629 \u0645\u0639\u0627\u0644\u062c\u0629 \u0628\u064a\u0627\u0646\u0627\u062a\u0643 \u0627\u0644\u0634\u062e\u0635\u064a\u0629\u060c - \u0645\u0639\u0631\u0641\u0629 \u0627\u0644\u063a\u0631\u0636 \u0645\u0646 \u0645\u0639\u0627\u0644\u062c\u0629 \u0628\u064a\u0627\u0646\u0627\u062a\u0643 \u0627\u0644\u0634\u062e\u0635\u064a\u0629 \u0648\u0645\u0627 \u0625\u0630\u0627 \u0643\u0627\u0646\u062a \u062a\u064f\u0633\u062a\u062e\u062f\u0645 \u0648\u0641\u0642\u064b\u0627 \u0644\u0644\u063a\u0631\u0636 \u0645\u0646\u0647\u0627\u060c - \u0645\u0639\u0631\u0641\u0629 \u0627\u0644\u0623\u0637\u0631\u0627\u0641 \u0627\u0644\u062b\u0627\u0644\u062b\u0629 \u0627\u0644\u062a\u064a \u062a\u064f\u0646\u0642\u0644 \u0625\u0644\u064a\u0647\u0627 \u0627\u0644\u0628\u064a\u0627\u0646\u0627\u062a \u0627\u0644\u0634\u062e\u0635\u064a\u0629 \u0645\u062d\u0644\u064a\u064b\u0627 \u0623\u0648 \u062e\u0627\u0631\u062c\u064a\u064b\u0627\u060c - \u0637\u0644\u0628 \u062a\u0635\u062d\u064a\u062d \u0627\u0644\u0628\u064a\u0627\u0646\u0627\u062a \u0627\u0644\u0634\u062e\u0635\u064a\u0629 \u0641\u064a \u062d\u0627\u0644\u0629 \u0627\u0644\u0645\u0639\u0627\u0644\u062c\u0629 \u063a\u064a\u0631 \u0627\u0644\u0643\u0627\u0645\u0644\u0629 \u0623\u0648 \u063a\u064a\u0631 \u0627\u0644\u0635\u062d\u064a\u062d\u0629 \u0648\u0637\u0644\u0628 \u0625\u062e\u0637\u0627\u0631 \u0627\u0644\u0623\u0637\u0631\u0627\u0641 \u0627\u0644\u062b\u0627\u0644\u062b\u0629 \u0627\u0644\u062a\u064a \u062a\u064f\u0646\u0642\u0644 \u0625\u0644\u064a\u0647\u0627 \u0627\u0644\u0628\u064a\u0627\u0646\u0627\u062a \u0627\u0644\u0634\u062e\u0635\u064a\u0629 \u0628\u0627\u0644\u0645\u0639\u0627\u0645\u0644\u0629 \u0627\u0644\u062a\u064a \u062a\u0645\u062a \u0641\u064a \u0647\u0630\u0627 \u0627\u0644\u0646\u0637\u0627\u0642, - \u0637\u0644\u0628 \u062d\u0630\u0641 \u0627\u0644\u0628\u064a\u0627\u0646\u0627\u062a \u0627\u0644\u0634\u062e\u0635\u064a\u0629 \u0623\u0648 \u0625\u062a\u0644\u0627\u0641\u0647\u0627 \u0641\u064a \u062d\u0627\u0644\u0629 \u0632\u0648\u0627\u0644 \u0627\u0644\u0623\u0633\u0628\u0627\u0628 \u0627\u0644\u062a\u064a \u062a\u062a\u0637\u0644\u0628 \u0645\u0639\u0627\u0644\u062c\u062a\u0647\u0627\u060c \u0639\u0644\u0649 \u0627\u0644\u0631\u063a\u0645 \u0645\u0646 \u0645\u0639\u0627\u0644\u062c\u062a\u0647\u0627 \u0648\u0641\u0642\u064b\u0627 \u0644\u0623\u062d\u0643\u0627\u0645 \u0642\u0627\u0646\u0648\u0646 \u062d\u0645\u0627\u064a\u0629 \u0627\u0644\u0628\u064a\u0627\u0646\u0627\u062a \u0627\u0644\u0634\u062e\u0635\u064a\u0629 \u0648\u0627\u0644\u0642\u0648\u0627\u0646\u064a\u0646 \u0627\u0644\u0623\u062e\u0631\u0649 \u0630\u0627\u062a \u0627\u0644\u0635\u0644\u0629\u060c \u0648\u0637\u0644\u0628 \u0625\u062e\u0637\u0627\u0631 \u0627\u0644\u0623\u0637\u0631\u0627\u0641 \u0627\u0644\u062b\u0627\u0644\u062b\u0629 \u0627\u0644\u062a\u064a \u062a\u064f\u0646\u0642\u0644 \u0625\u0644\u064a\u0647\u0627 \u0627\u0644\u0628\u064a\u0627\u0646\u0627\u062a \u0627\u0644\u0634\u062e\u0635\u064a\u0629 \u0628\u0627\u0644\u0645\u0639\u0627\u0645\u0644\u0629 \u0627\u0644\u062a\u064a \u062a\u062a\u0645 \u0641\u064a \u0647\u0630\u0627 \u0627\u0644\u0646\u0637\u0627\u0642\u060c - \u0627\u0644\u0627\u0639\u062a\u0631\u0627\u0636 \u0639\u0644\u0649 \u062d\u062f\u0648\u062b \u0646\u062a\u064a\u062c\u0629 \u062a\u0636\u0631 \u0628\u0627\u0644\u0634\u062e\u0635 \u0646\u0641\u0633\u0647 \u0645\u0646 \u062e\u0644\u0627\u0644 \u062a\u062d\u0644\u064a\u0644 \u0627\u0644\u0628\u064a\u0627\u0646\u0627\u062a \u0627\u0644\u0645\u0639\u0627\u0644\u062c\u0629 \u062d\u0635\u0631\u064a\u064b\u0627 \u0645\u0646 \u062e\u0644\u0627\u0644 \u0627\u0644\u0623\u0646\u0638\u0645\u0629 \u0627\u0644\u0622\u0644\u064a\u0629\u060c - \u0637\u0644\u0628 \u062a\u0639\u0648\u064a\u0636 \u0639\u0646 \u0627\u0644\u0636\u0631\u0631 \u0641\u064a \u062d\u0627\u0644\u0629 \u062d\u062f\u0648\u062b \u0636\u0631\u0631 \u0628\u0633\u0628\u0628 \u0627\u0644\u0645\u0639\u0627\u0644\u062c\u0629 \u063a\u064a\u0631 \u0627\u0644\u0642\u0627\u0646\u0648\u0646\u064a\u0629 \u0644\u0644\u0628\u064a\u0627\u0646\u0627\u062a \u0627\u0644\u0634\u062e\u0635\u064a\u0629. \u0645\u0639 \u062e\u0627\u0644\u0635 \u0627\u0644\u062a\u0642\u062f\u064a\u0631,<br \/>\n\u064a\u0645\u0643\u0646\u0643 \u0645\u0644\u0621 \u0627\u0633\u062a\u0645\u0627\u0631\u0629 \u0627\u0644\u0637\u0644\u0628 \u0641\u064a \u0646\u0637\u0627\u0642 kvkk \u0648\u0637\u0644\u0628 \u0645\u0639\u0644\u0648\u0645\u0627\u062a \u0645\u0639 \u0637\u0644\u0628 \u062e\u0637\u064a.<\/p>\n<\/div>","protected":false},"excerpt":{"rendered":"<p>\u0639\u0645\u0644\u0627\u064b \u0628\u0627\u0644\u0642\u0627\u0646\u0648\u0646 \u0631\u0642\u0645 6698 \u0628\u0634\u0623\u0646 \u062d\u0645\u0627\u064a\u0629 \u0627\u0644\u0628\u064a\u0627\u0646\u0627\u062a \u0627\u0644\u0634\u062e\u0635\u064a\u0629 (\"KVKK\")\u060c \u0641\u0625\u0646 \u0634\u0631\u0643\u0629 \u0646\u0648\u0628\u0644 \u0625\u0643\u0633\u0628\u0648 \u0627\u0644\u062f\u0648\u0644\u064a\u0629<\/p>","protected":false},"author":1,"featured_media":0,"parent":0,"menu_order":0,"comment_status":"closed","ping_status":"closed","template":"","meta":{"_acf_changed":false,"footnotes":""},"class_list":["post-2384","page","type-page","status-publish","hentry"],"acf":[],"yoast_head":"<!-- This site is optimized with the Yoast SEO plugin v25.8 - https:\/\/yoast.com\/wordpress\/plugins\/seo\/ -->\n<title>KVKK - Nobel Expo<\/title>\n<meta name=\"robots\" content=\"index, follow, max-snippet:-1, max-image-preview:large, max-video-preview:-1\" \/>\n<link rel=\"canonical\" href=\"https:\/\/nobelexpo.com\/ar\/kvkk\/\" \/>\n<meta property=\"og:locale\" content=\"ar_AR\" \/>\n<meta property=\"og:type\" content=\"article\" \/>\n<meta property=\"og:title\" content=\"KVKK - Nobel Expo\" \/>\n<meta property=\"og:description\" content=\"K.V.K.K Ayd\u0131nlatma Metni &nbsp; Ki\u015fisel verilerinizin 6698 say\u0131l\u0131 Ki\u015fisel Verilerin Korunmas\u0131 Kanunu (\u201cKVKK\u201d) uyar\u0131nca, veri sorumlusu s\u0131fat\u0131yla Nobel Expo Uluslararas\u0131\" \/>\n<meta property=\"og:url\" content=\"https:\/\/nobelexpo.com\/ar\/kvkk\/\" \/>\n<meta property=\"og:site_name\" content=\"Nobel Expo\" \/>\n<meta name=\"twitter:card\" content=\"summary_large_image\" \/>\n<script type=\"application\/ld+json\" class=\"yoast-schema-graph\">{\"@context\":\"https:\/\/schema.org\",\"@graph\":[{\"@type\":\"WebPage\",\"@id\":\"https:\/\/nobelexpo.com\/kvkk\/\",\"url\":\"https:\/\/nobelexpo.com\/kvkk\/\",\"name\":\"KVKK - Nobel Expo\",\"isPartOf\":{\"@id\":\"https:\/\/nobelexpo.com\/#website\"},\"datePublished\":\"2025-09-06T08:43:14+00:00\",\"breadcrumb\":{\"@id\":\"https:\/\/nobelexpo.com\/kvkk\/#breadcrumb\"},\"inLanguage\":\"ar\",\"potentialAction\":[{\"@type\":\"ReadAction\",\"target\":[\"https:\/\/nobelexpo.com\/kvkk\/\"]}]},{\"@type\":\"BreadcrumbList\",\"@id\":\"https:\/\/nobelexpo.com\/kvkk\/#breadcrumb\",\"itemListElement\":[{\"@type\":\"ListItem\",\"position\":1,\"name\":\"Anasayfa\",\"item\":\"https:\/\/nobelexpo.com\/\"},{\"@type\":\"ListItem\",\"position\":2,\"name\":\"KVKK\"}]},{\"@type\":\"WebSite\",\"@id\":\"https:\/\/nobelexpo.com\/#website\",\"url\":\"https:\/\/nobelexpo.com\/\",\"name\":\"Nobel Expo\",\"description\":\"Gelece\u011fin Fuarlar\u0131na \u015eimdi Kat\u0131l\",\"potentialAction\":[{\"@type\":\"SearchAction\",\"target\":{\"@type\":\"EntryPoint\",\"urlTemplate\":\"https:\/\/nobelexpo.com\/?s={search_term_string}\"},\"query-input\":{\"@type\":\"PropertyValueSpecification\",\"valueRequired\":true,\"valueName\":\"search_term_string\"}}],\"inLanguage\":\"ar\"}]}<\/script>\n<!-- \/ Yoast SEO plugin. -->","yoast_head_json":{"title":"KVKK - Nobel Expo","robots":{"index":"index","follow":"follow","max-snippet":"max-snippet:-1","max-image-preview":"max-image-preview:large","max-video-preview":"max-video-preview:-1"},"canonical":"https:\/\/nobelexpo.com\/ar\/kvkk\/","og_locale":"ar_AR","og_type":"article","og_title":"KVKK - Nobel Expo","og_description":"K.V.K.K Ayd\u0131nlatma Metni &nbsp; Ki\u015fisel verilerinizin 6698 say\u0131l\u0131 Ki\u015fisel Verilerin Korunmas\u0131 Kanunu (\u201cKVKK\u201d) uyar\u0131nca, veri sorumlusu s\u0131fat\u0131yla Nobel Expo Uluslararas\u0131","og_url":"https:\/\/nobelexpo.com\/ar\/kvkk\/","og_site_name":"Nobel Expo","twitter_card":"summary_large_image","schema":{"@context":"https:\/\/schema.org","@graph":[{"@type":"WebPage","@id":"https:\/\/nobelexpo.com\/kvkk\/","url":"https:\/\/nobelexpo.com\/kvkk\/","name":"KVKK - Nobel Expo","isPartOf":{"@id":"https:\/\/nobelexpo.com\/#website"},"datePublished":"2025-09-06T08:43:14+00:00","breadcrumb":{"@id":"https:\/\/nobelexpo.com\/kvkk\/#breadcrumb"},"inLanguage":"ar","potentialAction":[{"@type":"ReadAction","target":["https:\/\/nobelexpo.com\/kvkk\/"]}]},{"@type":"BreadcrumbList","@id":"https:\/\/nobelexpo.com\/kvkk\/#breadcrumb","itemListElement":[{"@type":"ListItem","position":1,"name":"Anasayfa","item":"https:\/\/nobelexpo.com\/"},{"@type":"ListItem","position":2,"name":"KVKK"}]},{"@type":"WebSite","@id":"https:\/\/nobelexpo.com\/#website","url":"https:\/\/nobelexpo.com\/","name":"\u0645\u0639\u0631\u0636 \u0646\u0648\u0628\u0644","description":"\u0627\u0646\u0636\u0645 \u0625\u0644\u0649 \u0645\u0639\u0627\u0631\u0636 \u0627\u0644\u0645\u0633\u062a\u0642\u0628\u0644 \u0627\u0644\u0622\u0646","potentialAction":[{"@type":"SearchAction","target":{"@type":"EntryPoint","urlTemplate":"https:\/\/nobelexpo.com\/?s={search_term_string}"},"query-input":{"@type":"PropertyValueSpecification","valueRequired":true,"valueName":"search_term_string"}}],"inLanguage":"ar"}]}},"_links":{"self":[{"href":"https:\/\/nobelexpo.com\/ar\/wp-json\/wp\/v2\/pages\/2384","targetHints":{"allow":["GET"]}}],"collection":[{"href":"https:\/\/nobelexpo.com\/ar\/wp-json\/wp\/v2\/pages"}],"about":[{"href":"https:\/\/nobelexpo.com\/ar\/wp-json\/wp\/v2\/types\/page"}],"author":[{"embeddable":true,"href":"https:\/\/nobelexpo.com\/ar\/wp-json\/wp\/v2\/users\/1"}],"replies":[{"embeddable":true,"href":"https:\/\/nobelexpo.com\/ar\/wp-json\/wp\/v2\/comments?post=2384"}],"version-history":[{"count":0,"href":"https:\/\/nobelexpo.com\/ar\/wp-json\/wp\/v2\/pages\/2384\/revisions"}],"wp:attachment":[{"href":"https:\/\/nobelexpo.com\/ar\/wp-json\/wp\/v2\/media?parent=2384"}],"curies":[{"name":"\u062f\u0628\u0644\u064a\u0648 \u0628\u064a","href":"https:\/\/api.w.org\/{rel}","templated":true}]}}