{"id":105,"date":"2025-06-15T14:19:58","date_gmt":"2025-06-15T14:19:58","guid":{"rendered":"https:\/\/nobel.websitesunum.com.tr\/?page_id=105"},"modified":"2025-08-14T12:39:45","modified_gmt":"2025-08-14T12:39:45","slug":"hizmetlerimiz","status":"publish","type":"page","link":"https:\/\/nobelexpo.com\/de\/hizmetlerimiz\/","title":{"rendered":"Unsere Dienstleistungen"},"content":{"rendered":"<div class=\"wpb-content-wrapper\"><div class=\"vc_row wpb_row vc_row-fluid vc_custom_1750685076115 wd-rs-6859558a33f17\"><div class=\"wpb_column vc_column_container vc_col-sm-12\"><div class=\"vc_column-inner\"><div class=\"wpb_wrapper\">\n\t<div class=\"wpb_text_column wpb_content_element\" >\n\t\t<div class=\"wpb_wrapper\">\n\t\t\t<p style=\"text-align: center;\">Nobel Expo bietet Ihnen<\/p>\n<h1 style=\"text-align: center;\"><strong>SEIEN SIE IHREN MITBEWERBERN MIT \u00dcBERLEGENEN DIENSTLEISTUNGEN VORAUS!<\/strong><\/h1>\n\n\t\t<\/div>\n\t<\/div>\n<\/div><\/div><\/div><\/div><div id=\"hizmetlerimiz-bilgi\" class=\"vc_row wpb_row vc_row-fluid vc_custom_1755171250766 vc_row-has-fill vc_column-gap-30 wd-rs-689dc9a0775fe wd-section-stretch\"><div class=\"wpb_column vc_column_container vc_col-sm-12\"><div class=\"vc_column-inner\"><div class=\"wpb_wrapper\"><div class=\"vc_row wpb_row vc_inner vc_row-fluid vc_custom_1750685131472 vc_row-has-fill vc_column-gap-10 wd-rs-685955c03bc8e\"><div class=\"wpb_column vc_column_container vc_col-sm-4 wd-rs-684ee0dfa03e3\"><div class=\"vc_column-inner\"><div class=\"wpb_wrapper\">\t\t\t<div class=\"info-box-wrapper\">\n\t\t\t\t<div id=\"wd-689dcbaa3855f\" class=\"wd-animation-slide-from-bottom wd-animation-normal wd_delay_100 wd-rs-689dcbaa3855f wd-info-box wd-wpb text-left box-icon-align-top box-style- color-scheme- wd-bg-none with-btn box-btn-static\">\n\t\t\t\t\t\t\t\t\t\t<div class=\"info-box-content\">\n\t\t\t\t\t\t<h2 class=\"info-box-title title box-title-style-default wd-fontsize-m\">AGENTUR UND MARKETING<\/h2>\t\t\t\t\t\t<div class=\"info-box-inner reset-last-child\"><p>Stellen Sie sicher, dass Ihre Produkte und Dienstleistungen auf die richtigen Kunden treffen, indem Sie die effektiven Marketinginstrumente von Nobel Media nutzen. Werben Sie weiter f\u00fcr Ihr Unternehmen und Ihre Marke, nicht nur w\u00e4hrend der Messe, sondern auch vor und nach der Messe.<\/p>\n<\/div>\n\n\t\t\t\t\t\t<div class=\"info-btn-wrapper\"><div id=\"wd-69e0cbae198ee\" class=\"wd-button-wrapper text-left\"><a href=\"\/de\/iletisim\/\" title=\"\" class=\"btn btn-color-alt btn-style-link btn-shape-rectangle btn-size-large btn-icon-pos-right\">KLICK F\u00dcR KONTAKT<span class=\"wd-btn-icon\"><span class=\"wd-icon fa fa-solid fa-right-long\"><\/span><\/span><\/a><\/div><\/div>\t\t\t\t\t<\/div>\n\n\t\t\t\t\t\n\t\t\t\t\t<style><\/style>\t\t\t\t<\/div>\n\t\t\t<\/div>\n\t\t<\/div><\/div><\/div><div class=\"wpb_column vc_column_container vc_col-sm-4\"><div class=\"vc_column-inner\"><div class=\"wpb_wrapper\">\t\t\t<div class=\"info-box-wrapper\">\n\t\t\t\t<div id=\"wd-689dcbb12ef6d\" class=\"wd-animation-slide-from-bottom wd-animation-normal wd_delay_100 wd-rs-689dcbb12ef6d wd-info-box wd-wpb text-left box-icon-align-top box-style- color-scheme- wd-bg-none with-btn box-btn-static\">\n\t\t\t\t\t\t\t\t\t\t<div class=\"info-box-content\">\n\t\t\t\t\t\t<h2 class=\"info-box-title title box-title-style-default wd-fontsize-m\">LOGISTIK UND STAND<\/h2>\t\t\t\t\t\t<div class=\"info-box-inner reset-last-child\"><p>Unterscheiden Sie sich von Ihren Mitbewerbern auf den Messen, an denen Sie teilnehmen, mit den zuverl\u00e4ssigsten Transportmitteln und den modernsten Designstanddiensten. Wenden Sie sich jetzt an uns, um all diese operativen Dienstleistungen und mehr zu erhalten.<\/p>\n<\/div>\n\n\t\t\t\t\t\t<div class=\"info-btn-wrapper\"><div id=\"wd-69e0cbae19c42\" class=\"wd-button-wrapper text-left\"><a href=\"\/de\/iletisim\/\" title=\"\" class=\"btn btn-color-alt btn-style-link btn-shape-rectangle btn-size-large btn-icon-pos-right\">KLICK F\u00dcR KONTAKT<span class=\"wd-btn-icon\"><span class=\"wd-icon fa fa-solid fa-right-long\"><\/span><\/span><\/a><\/div><\/div>\t\t\t\t\t<\/div>\n\n\t\t\t\t\t\n\t\t\t\t\t<style><\/style>\t\t\t\t<\/div>\n\t\t\t<\/div>\n\t\t<\/div><\/div><\/div><div class=\"wpb_column vc_column_container vc_col-sm-4\"><div class=\"vc_column-inner\"><div class=\"wpb_wrapper\">\t\t\t<div class=\"info-box-wrapper\">\n\t\t\t\t<div id=\"wd-689dcbb75061f\" class=\"wd-animation-slide-from-bottom wd-animation-normal wd_delay_100 wd-rs-689dcbb75061f wd-info-box wd-wpb text-left box-icon-align-top box-style- color-scheme- wd-bg-none with-btn box-btn-static\">\n\t\t\t\t\t\t\t\t\t\t<div class=\"info-box-content\">\n\t\t\t\t\t\t<h2 class=\"info-box-title title box-title-style-default wd-fontsize-m\">FAIRE ANREIZE UND ZUSCH\u00dcSSE<\/h2>\t\t\t\t\t\t<div class=\"info-box-inner reset-last-child\"><p>Welche L\u00e4nder sind die Ziell\u00e4nder, wie viele Anreize oder Zusch\u00fcsse k\u00f6nnen Sie auf den Messen, die Sie in welchen L\u00e4ndern besuchen, erhalten? In unserem Bereich \"Fair Incentive\" finden Sie Antworten auf all diese Fragen und mehr.<\/p>\n<\/div>\n\n\t\t\t\t\t\t<div class=\"info-btn-wrapper\"><div id=\"wd-69e0cbae19eaf\" class=\"wd-button-wrapper text-left\"><a href=\"\/de\/iletisim\/\" title=\"\" class=\"btn btn-color-alt btn-style-link btn-shape-rectangle btn-size-large btn-icon-pos-right\">KLICK F\u00dcR KONTAKT<span class=\"wd-btn-icon\"><span class=\"wd-icon fa fa-solid fa-right-long\"><\/span><\/span><\/a><\/div><\/div>\t\t\t\t\t<\/div>\n\n\t\t\t\t\t\n\t\t\t\t\t<style><\/style>\t\t\t\t<\/div>\n\t\t\t<\/div>\n\t\t<\/div><\/div><\/div><\/div><div class=\"vc_row wpb_row vc_inner vc_row-fluid vc_custom_1750685131472 vc_row-has-fill vc_column-gap-10 wd-rs-685955c03bc8e\"><div class=\"wpb_column vc_column_container vc_col-sm-4 wd-rs-684ee0dfa03e3\"><div class=\"vc_column-inner\"><div class=\"wpb_wrapper\">\t\t\t<div class=\"info-box-wrapper\">\n\t\t\t\t<div id=\"wd-689dcbbd9dab9\" class=\"wd-animation-slide-from-bottom wd-animation-normal wd_delay_100 wd-rs-689dcbbd9dab9 wd-info-box wd-wpb text-left box-icon-align-top box-style- color-scheme- wd-bg-none with-btn box-btn-static\">\n\t\t\t\t\t\t\t\t\t\t<div class=\"info-box-content\">\n\t\t\t\t\t\t<h2 class=\"info-box-title title box-title-style-default wd-fontsize-m\">B2B-MATCHING UND EINKAUFSDELEGATIONEN<\/h2>\t\t\t\t\t\t<div class=\"info-box-inner reset-last-child\"><p>Mit unseren einzigartigen B2B-Matchmaking- und Buyer-Delegation-Programmen bleibt Ihr Stand nie leer. Beim B2B-Matchmaking treffen Sie auf das von Ihnen angestrebte Kundenprofil, und bei den Eink\u00e4uferdelegationen tragen Sie Ihr Produkt und Ihre Markenbekanntheit \u00fcber die Landesgrenzen hinaus.<\/p>\n<\/div>\n\n\t\t\t\t\t\t<div class=\"info-btn-wrapper\"><div id=\"wd-69e0cbae1a2d1\" class=\"wd-button-wrapper text-left\"><a href=\"\/de\/iletisim\/\" title=\"\" class=\"btn btn-color-alt btn-style-link btn-shape-rectangle btn-size-large btn-icon-pos-right\">KLICK F\u00dcR KONTAKT<span class=\"wd-btn-icon\"><span class=\"wd-icon fa fa-solid fa-right-long\"><\/span><\/span><\/a><\/div><\/div>\t\t\t\t\t<\/div>\n\n\t\t\t\t\t\n\t\t\t\t\t<style><\/style>\t\t\t\t<\/div>\n\t\t\t<\/div>\n\t\t<\/div><\/div><\/div><div class=\"wpb_column vc_column_container vc_col-sm-4\"><div class=\"vc_column-inner\"><div class=\"wpb_wrapper\">\t\t\t<div class=\"info-box-wrapper\">\n\t\t\t\t<div id=\"wd-689dd8fa65cb2\" class=\"wd-animation-slide-from-bottom wd-animation-normal wd_delay_100 wd-rs-689dd8fa65cb2 wd-info-box wd-wpb text-left box-icon-align-top box-style- color-scheme- wd-bg-none with-btn box-btn-static\">\n\t\t\t\t\t\t\t\t\t\t<div class=\"info-box-content\">\n\t\t\t\t\t\t<h2 class=\"info-box-title title box-title-style-default wd-fontsize-m\">TOURISMUS UND UNTERKUNFT<\/h2>\t\t\t\t\t\t<div class=\"info-box-inner reset-last-child\"><p>Ob in der T\u00fcrkei oder im Ausland, wir k\u00fcmmern uns um Ihren Tourismus und Ihre Unterkunft und finden die besten und geeignetsten Optionen f\u00fcr Ihre Messeteilnahme. Konzentrieren Sie sich einfach auf Ihre Messevorbereitungen, Pr\u00e4sentationen, Produkte und Kundenbed\u00fcrfnisse.<\/p>\n<\/div>\n\n\t\t\t\t\t\t<div class=\"info-btn-wrapper\"><div id=\"wd-69e0cbae1a502\" class=\"wd-button-wrapper text-left\"><a href=\"\/de\/iletisim\/\" title=\"\" class=\"btn btn-color-alt btn-style-link btn-shape-rectangle btn-size-large btn-icon-pos-right\">KLICK F\u00dcR KONTAKT<span class=\"wd-btn-icon\"><span class=\"wd-icon fa fa-solid fa-right-long\"><\/span><\/span><\/a><\/div><\/div>\t\t\t\t\t<\/div>\n\n\t\t\t\t\t\n\t\t\t\t\t<style><\/style>\t\t\t\t<\/div>\n\t\t\t<\/div>\n\t\t<\/div><\/div><\/div><div class=\"wpb_column vc_column_container vc_col-sm-4\"><div class=\"vc_column-inner\"><div class=\"wpb_wrapper\">\t\t\t<div class=\"info-box-wrapper\">\n\t\t\t\t<div id=\"wd-689dcbd1da41d\" class=\"wd-animation-slide-from-bottom wd-animation-normal wd_delay_100 wd-rs-689dcbd1da41d wd-info-box wd-wpb text-left box-icon-align-top box-style- color-scheme- wd-bg-none with-btn box-btn-static\">\n\t\t\t\t\t\t\t\t\t\t<div class=\"info-box-content\">\n\t\t\t\t\t\t<h2 class=\"info-box-title title box-title-style-default wd-fontsize-m\">GESCH\u00c4FTSENTWICKLUNG UND MESSEANFRAGEN<\/h2>\t\t\t\t\t\t<div class=\"info-box-inner reset-last-child\"><p>Teilen Sie uns mit, in welchem Land und in welchem Bereich Sie ausstellen m\u00f6chten. Wir melden uns mit den besten Optionen bei Ihnen zur\u00fcck. Auf diese Weise gestalten Sie unser Messeportfolio und wir werden Ihren Handel mit Messen erweitern, die Ihren Bed\u00fcrfnissen am besten entsprechen.<\/p>\n<\/div>\n\n\t\t\t\t\t\t<div class=\"info-btn-wrapper\"><div id=\"wd-69e0cbae1a712\" class=\"wd-button-wrapper text-left\"><a href=\"\/de\/iletisim\/\" title=\"\" class=\"btn btn-color-alt btn-style-link btn-shape-rectangle btn-size-large btn-icon-pos-right\">KLICK F\u00dcR KONTAKT<span class=\"wd-btn-icon\"><span class=\"wd-icon fa fa-solid fa-right-long\"><\/span><\/span><\/a><\/div><\/div>\t\t\t\t\t<\/div>\n\n\t\t\t\t\t\n\t\t\t\t\t<style><\/style>\t\t\t\t<\/div>\n\t\t\t<\/div>\n\t\t<\/div><\/div><\/div><\/div><\/div><\/div><\/div><\/div>\n<\/div>","protected":false},"excerpt":{"rendered":"Nobel Expo\u2019nun Size Sundu\u011fu \u00dcST\u00dcN H\u0130ZMETLERLE RAK\u0130PLER\u0130N\u0130Z\u0130N \u00d6N\u00dcNE GE\u00c7\u0130N! AJANS VE PAZARLAMA Nobel Medya\u2019n\u0131n etkili pazarlama ara\u00e7lar\u0131n\u0131 kullanarak, \u00fcr\u00fcn ve","protected":false},"author":1,"featured_media":0,"parent":0,"menu_order":0,"comment_status":"closed","ping_status":"closed","template":"","meta":{"_acf_changed":false,"footnotes":""},"class_list":["post-105","page","type-page","status-publish","hentry"],"acf":[],"yoast_head":"<!-- This site is optimized with the Yoast SEO plugin v25.8 - https:\/\/yoast.com\/wordpress\/plugins\/seo\/ -->\n<title>Hizmetlerimiz - Nobel Expo<\/title>\n<meta name=\"robots\" content=\"index, follow, max-snippet:-1, max-image-preview:large, max-video-preview:-1\" \/>\n<link rel=\"canonical\" href=\"https:\/\/nobelexpo.com\/de\/hizmetlerimiz\/\" \/>\n<meta property=\"og:locale\" content=\"de_DE\" \/>\n<meta property=\"og:type\" content=\"article\" \/>\n<meta property=\"og:title\" content=\"Hizmetlerimiz - Nobel Expo\" \/>\n<meta property=\"og:url\" content=\"https:\/\/nobelexpo.com\/de\/hizmetlerimiz\/\" \/>\n<meta property=\"og:site_name\" content=\"Nobel Expo\" \/>\n<meta property=\"article:modified_time\" content=\"2025-08-14T12:39:45+00:00\" \/>\n<meta name=\"twitter:card\" content=\"summary_large_image\" \/>\n<meta name=\"twitter:label1\" content=\"Gesch\u00e4tzte Lesezeit\" \/>\n\t<meta name=\"twitter:data1\" content=\"10\u00a0Minuten\" \/>\n<script type=\"application\/ld+json\" class=\"yoast-schema-graph\">{\"@context\":\"https:\/\/schema.org\",\"@graph\":[{\"@type\":\"WebPage\",\"@id\":\"https:\/\/nobelexpo.com\/hizmetlerimiz\/\",\"url\":\"https:\/\/nobelexpo.com\/hizmetlerimiz\/\",\"name\":\"Hizmetlerimiz - Nobel Expo\",\"isPartOf\":{\"@id\":\"https:\/\/nobelexpo.com\/#website\"},\"datePublished\":\"2025-06-15T14:19:58+00:00\",\"dateModified\":\"2025-08-14T12:39:45+00:00\",\"breadcrumb\":{\"@id\":\"https:\/\/nobelexpo.com\/hizmetlerimiz\/#breadcrumb\"},\"inLanguage\":\"de\",\"potentialAction\":[{\"@type\":\"ReadAction\",\"target\":[\"https:\/\/nobelexpo.com\/hizmetlerimiz\/\"]}]},{\"@type\":\"BreadcrumbList\",\"@id\":\"https:\/\/nobelexpo.com\/hizmetlerimiz\/#breadcrumb\",\"itemListElement\":[{\"@type\":\"ListItem\",\"position\":1,\"name\":\"Anasayfa\",\"item\":\"https:\/\/nobelexpo.com\/\"},{\"@type\":\"ListItem\",\"position\":2,\"name\":\"Hizmetlerimiz\"}]},{\"@type\":\"WebSite\",\"@id\":\"https:\/\/nobelexpo.com\/#website\",\"url\":\"https:\/\/nobelexpo.com\/\",\"name\":\"Nobel Expo\",\"description\":\"Gelece\u011fin Fuarlar\u0131na \u015eimdi Kat\u0131l\",\"potentialAction\":[{\"@type\":\"SearchAction\",\"target\":{\"@type\":\"EntryPoint\",\"urlTemplate\":\"https:\/\/nobelexpo.com\/?s={search_term_string}\"},\"query-input\":{\"@type\":\"PropertyValueSpecification\",\"valueRequired\":true,\"valueName\":\"search_term_string\"}}],\"inLanguage\":\"de\"}]}<\/script>\n<!-- \/ Yoast SEO plugin. -->","yoast_head_json":{"title":"Hizmetlerimiz - Nobel Expo","robots":{"index":"index","follow":"follow","max-snippet":"max-snippet:-1","max-image-preview":"max-image-preview:large","max-video-preview":"max-video-preview:-1"},"canonical":"https:\/\/nobelexpo.com\/de\/hizmetlerimiz\/","og_locale":"de_DE","og_type":"article","og_title":"Hizmetlerimiz - Nobel Expo","og_url":"https:\/\/nobelexpo.com\/de\/hizmetlerimiz\/","og_site_name":"Nobel Expo","article_modified_time":"2025-08-14T12:39:45+00:00","twitter_card":"summary_large_image","twitter_misc":{"Gesch\u00e4tzte Lesezeit":"10\u00a0Minuten"},"schema":{"@context":"https:\/\/schema.org","@graph":[{"@type":"WebPage","@id":"https:\/\/nobelexpo.com\/hizmetlerimiz\/","url":"https:\/\/nobelexpo.com\/hizmetlerimiz\/","name":"Hizmetlerimiz - Nobel Expo","isPartOf":{"@id":"https:\/\/nobelexpo.com\/#website"},"datePublished":"2025-06-15T14:19:58+00:00","dateModified":"2025-08-14T12:39:45+00:00","breadcrumb":{"@id":"https:\/\/nobelexpo.com\/hizmetlerimiz\/#breadcrumb"},"inLanguage":"de","potentialAction":[{"@type":"ReadAction","target":["https:\/\/nobelexpo.com\/hizmetlerimiz\/"]}]},{"@type":"BreadcrumbList","@id":"https:\/\/nobelexpo.com\/hizmetlerimiz\/#breadcrumb","itemListElement":[{"@type":"ListItem","position":1,"name":"Anasayfa","item":"https:\/\/nobelexpo.com\/"},{"@type":"ListItem","position":2,"name":"Hizmetlerimiz"}]},{"@type":"WebSite","@id":"https:\/\/nobelexpo.com\/#website","url":"https:\/\/nobelexpo.com\/","name":"Nobel-Expo","description":"Jetzt an den Messen der Zukunft teilnehmen","potentialAction":[{"@type":"SearchAction","target":{"@type":"EntryPoint","urlTemplate":"https:\/\/nobelexpo.com\/?s={search_term_string}"},"query-input":{"@type":"PropertyValueSpecification","valueRequired":true,"valueName":"search_term_string"}}],"inLanguage":"de"}]}},"_links":{"self":[{"href":"https:\/\/nobelexpo.com\/de\/wp-json\/wp\/v2\/pages\/105","targetHints":{"allow":["GET"]}}],"collection":[{"href":"https:\/\/nobelexpo.com\/de\/wp-json\/wp\/v2\/pages"}],"about":[{"href":"https:\/\/nobelexpo.com\/de\/wp-json\/wp\/v2\/types\/page"}],"author":[{"embeddable":true,"href":"https:\/\/nobelexpo.com\/de\/wp-json\/wp\/v2\/users\/1"}],"replies":[{"embeddable":true,"href":"https:\/\/nobelexpo.com\/de\/wp-json\/wp\/v2\/comments?post=105"}],"version-history":[{"count":0,"href":"https:\/\/nobelexpo.com\/de\/wp-json\/wp\/v2\/pages\/105\/revisions"}],"wp:attachment":[{"href":"https:\/\/nobelexpo.com\/de\/wp-json\/wp\/v2\/media?parent=105"}],"curies":[{"name":"wp","href":"https:\/\/api.w.org\/{rel}","templated":true}]}}