{"id":20,"date":"2025-06-14T16:03:20","date_gmt":"2025-06-14T16:03:20","guid":{"rendered":"https:\/\/nobel.websitesunum.com.tr\/?page_id=20"},"modified":"2025-07-10T07:38:22","modified_gmt":"2025-07-10T07:38:22","slug":"b2b-eslestirme","status":"publish","type":"page","link":"https:\/\/nobelexpo.com\/de\/b2b-eslestirme\/","title":{"rendered":"B2B-Matchmaking"},"content":{"rendered":"<div class=\"wpb-content-wrapper\"><div id=\"b2b-in\" class=\"vc_row wpb_row vc_row-fluid wpb_animate_when_almost_visible wpb_wd-slide-from-bottom wd-slide-from-bottom vc_custom_1750775979529 wd-rs-685ab8a30544c\"><div class=\"wpb_column vc_column_container vc_col-sm-12\"><div class=\"vc_column-inner\"><div class=\"wpb_wrapper\">\n\t<div class=\"wpb_text_column wpb_content_element\" >\n\t\t<div class=\"wpb_wrapper\">\n\t\t\t<h1><strong>B2B-Matchmaking- und Eink\u00e4ufer-Delegationsprogramm:<\/strong><\/h1>\n\n\t\t<\/div>\n\t<\/div>\n\n\t<div class=\"wpb_text_column wpb_content_element b2b-title2\" >\n\t\t<div class=\"wpb_wrapper\">\n\t\t\t<p class=\"font-weight-600 text-extra-dark-gray alt-font\">Herausragende Leistungen der Nobel Expo<\/p>\n\n\t\t<\/div>\n\t<\/div>\n\n\t<div class=\"wpb_text_column wpb_content_element b2b-desc\" >\n\t\t<div class=\"wpb_wrapper\">\n\t\t\t<p>Als Nobel Expo sind wir uns bewusst, dass sich Messen nicht nur auf einen Punkt konzentrieren. Mit unseren hervorragenden Dienstleistungen, die wir entwickelt haben, um Ihnen dabei zu helfen, die richtigen Kontakte zu kn\u00fcpfen, die Ihnen helfen, Ihr Gesch\u00e4ft auszubauen, stellen wir sicher, dass Sie der Konkurrenz einen Schritt voraus sind. Genau hier kommen unsere B2B-Matchmaking- und K\u00e4uferdelegationsprogramme ins Spiel. Die B2B-Matching- und K\u00e4uferdelegationsprogramme von Nobel Expo werden in Europa, Amerika, Asien und Afrika organisiert.\u00a0<strong><a href=\"https:\/\/nobelexpo.com\/de\/ofislerimiz.php\/\">Handelsb\u00fcros auf 4 verschiedenen Kontinenten<\/a><\/strong>\u00a0und seinen engen Beziehungen zu den Handelsattach\u00e9s in diesen L\u00e4ndern k\u00f6nnen Sie Kunden aus der ganzen Welt finden.<\/p>\n\n\t\t<\/div>\n\t<\/div>\n<\/div><\/div><\/div><\/div><div id=\"row-c\" class=\"vc_row wpb_row vc_row-fluid wpb_animate_when_almost_visible wpb_wd-slide-from-bottom wd-slide-from-bottom vc_custom_1750775987063 vc_row-has-fill wd-rs-685ab89e81a73 wd-section-stretch\"><div class=\"wpb_column vc_column_container vc_col-sm-12\"><div class=\"vc_column-inner\"><div class=\"wpb_wrapper\"><div class=\"vc_icon_element vc_icon_element-outer vc_do_icon vc_icon_element-align-center\"><div class=\"vc_icon_element-inner vc_icon_element-color-custom vc_icon_element-size-lg vc_icon_element-style- vc_icon_element-background-color-grey\" ><span class=\"vc_icon_element-icon fa fa-solid fa-quote-left\" style=\"color:#EE7202 !important\"><\/span><\/div><\/div>\n\t<div class=\"wpb_text_column wpb_content_element\" >\n\t\t<div class=\"wpb_wrapper\">\n\t\t\t<h5 style=\"text-align: center;\"><strong>C-Ebene'.<\/strong> oder B2B-Sitzungen mit Managern, die \u00fcber Entscheidungsbefugnisse verf\u00fcgen,<br \/>\n<strong>Ihre kommerziellen Ziele leichter zu erreichen<\/strong> werden Sie erreichen.<\/h5>\n\n\t\t<\/div>\n\t<\/div>\n<div class=\"vc_icon_element vc_icon_element-outer vc_do_icon vc_icon_element-align-center\"><div class=\"vc_icon_element-inner vc_icon_element-color-custom vc_icon_element-size-lg vc_icon_element-style- vc_icon_element-background-color-grey\" ><span class=\"vc_icon_element-icon fa fa-solid fa-quote-right\" style=\"color:#EE7202 !important\"><\/span><\/div><\/div><\/div><\/div><\/div><\/div><div id=\"row-gorselke\" class=\"vc_row wpb_row vc_row-fluid wpb_animate_when_almost_visible wpb_wd-slide-from-bottom wd-slide-from-bottom wd-rs-685ab8b23a43d wd-section-stretch-content-no-pd\"><div class=\"wpb_column vc_column_container vc_col-sm-6\"><div class=\"vc_column-inner\"><div class=\"wpb_wrapper\">\t\t<div id=\"wd-685aa8d0a2bc4\" class=\"wd-image wd-wpb wd-rs-685aa8d0a2bc4 text-center\">\n\t\t\t\n\t\t\t<img loading=\"lazy\" decoding=\"async\" width=\"847\" height=\"702\" src=\"https:\/\/nobelexpo.com\/wp-content\/uploads\/2025\/06\/PHOTO-2025-06-24-11-09-13.jpg\" class=\"attachment-full size-full\" alt=\"\" srcset=\"https:\/\/nobelexpo.com\/wp-content\/uploads\/2025\/06\/PHOTO-2025-06-24-11-09-13.jpg 847w, https:\/\/nobelexpo.com\/wp-content\/uploads\/2025\/06\/PHOTO-2025-06-24-11-09-13-300x249.jpg 300w, https:\/\/nobelexpo.com\/wp-content\/uploads\/2025\/06\/PHOTO-2025-06-24-11-09-13-768x637.jpg 768w, https:\/\/nobelexpo.com\/wp-content\/uploads\/2025\/06\/PHOTO-2025-06-24-11-09-13-500x414.jpg 500w, https:\/\/nobelexpo.com\/wp-content\/uploads\/2025\/06\/PHOTO-2025-06-24-11-09-13-800x663.jpg 800w\" sizes=\"auto, (max-width: 847px) 100vw, 847px\" \/>\n\t\t\t\t\t<\/div>\n\t\t<\/div><\/div><\/div><div class=\"wpb_column vc_column_container vc_col-sm-6\"><div class=\"vc_column-inner\"><div class=\"wpb_wrapper\">\n\t\t\t<div id=\"carousel-144\" class=\"wd-carousel-container banners-carousel-wrapper   wd-rs-68594a5561fe6\">\n\t\t\t\t<div class=\"wd-carousel-inner\">\n\t\t\t\t\t<div class=\"wd-carousel wd-grid banners-carousel\" data-speed=\"5000\" data-autoplay=\"yes\" data-scroll_per_page=\"yes\" style=\"--wd-col-lg:1;--wd-col-md:1;--wd-col-sm:1;--wd-gap-lg:30px;--wd-gap-sm:10px;\">\n\t\t\t\t\t\t<div class=\"wd-carousel-wrap\">\n\t\t\t\t\t\t\t\t\t<div class=\"promo-banner-wrapper  wd-rs-686f6cff55c46  wd-carousel-item\">\n\t\t\t<div id=\"wd-686f6cff55c46\" class=\"promo-banner  banner-mask banner-hover-zoom color-scheme-light banner-btn-size-default banner-btn-style-default wd-width-enabled  with-btn banner-btn-position-static wd-with-link wd-underline-colored\" style=\"--wd-max-width: 80%;\">\n\t\t\t\t<div class=\"main-wrapp-img\">\n\t\t\t\t\t<div class=\"banner-image wd-bg-position-center\" >\n\t\t\t\t\t\t<img loading=\"lazy\" decoding=\"async\" width=\"1000\" height=\"1000\" src=\"https:\/\/nobelexpo.com\/wp-content\/uploads\/2025\/06\/b2b.webp\" class=\"attachment-full size-full\" alt=\"\" \/>\t\t\t\t\t<\/div>\n\t\t\t\t<\/div>\n\n\t\t\t\t<div class=\"wrapper-content-banner wd-fill  wd-items-middle wd-justify-center\">\n\t\t\t\t\t<div class=\"content-banner  text-center\">\n\t\t\t\t\t\t<div class=\"banner-subtitle subtitle-color-default subtitle-style-default wd-fontsize-xs wd-font-weight-\">01<\/div><h4 class=\"banner-title wd-font-weight- wd-fontsize-l\">LASSEN SIE DIE RICHTIGEN KUNDEN ZU IHNEN KOMMEN<\/h4>\t\t\t\t\t\t\t\t\t\t\t\t\t<div class=\"banner-inner reset-last-child\">\n\t\t\t\t\t\t\t\t<\/p>\n<h3 style=\"text-align: center;\">B2B-Matchmaking<\/h3>\n<p style=\"text-align: center;\">Als Nobel Expo sind wir uns bewusst, dass es beim Ausstellen nicht nur darum geht, eine Fl\u00e4che zu mieten. Mit unseren B2B-Matching- und K\u00e4uferdelegationsprogrammen, die wir f\u00fcr Sie entwickelt haben, um die richtigen Kontakte zu kn\u00fcpfen, die zum Wachstum Ihres Unternehmens beitragen, bringen wir unsere Aussteller mit echten Handelsm\u00f6glichkeiten zusammen.<\/p>\n<p>\n\t\t\t\t\t\t\t<\/div>\n\t\t\t\t\t\t\n\t\t\t\t\t\t\n\t\t\t\t\t\t<div class=\"banner-btn-wrapper\"><div id=\"wd-69e0c665a3759\" class=\"wd-button-wrapper text-center\"><a href=\"\/de\/hizmetlerimiz\/\" title=\"\" class=\"btn btn-color-primary btn-style-default btn-shape-rectangle btn-size-default\">Unsere Dienstleistungen<\/a><\/div><\/div>\t\t\t\t\t<\/div>\n\t\t\t\t<\/div>\n\n\t\t\t\t\t\t\t\t\t<a class=\"wd-promo-banner-link wd-fill\" aria-label=\"Banner-Link\" href=\"\/de\/hizmetlerimiz\/\" title=\"\"><\/a>\n\t\t\t\t\n\t\t\t\t\t\t\t<\/div>\n\t\t<\/div>\n\n\t\t\t\t<div class=\"promo-banner-wrapper  wd-rs-686f6dd610c0f  wd-carousel-item\">\n\t\t\t<div id=\"wd-686f6dd610c0f\" class=\"promo-banner  banner-mask banner-hover-zoom color-scheme-light banner-btn-size-default banner-btn-style-default wd-width-enabled  with-btn banner-btn-position-static wd-with-link wd-underline-colored\" style=\"--wd-max-width: 80%;\">\n\t\t\t\t<div class=\"main-wrapp-img\">\n\t\t\t\t\t<div class=\"banner-image wd-bg-position-center\" >\n\t\t\t\t\t\t<img loading=\"lazy\" decoding=\"async\" width=\"1000\" height=\"1000\" src=\"https:\/\/nobelexpo.com\/wp-content\/uploads\/2025\/06\/b2b.webp\" class=\"attachment-full size-full\" alt=\"\" \/>\t\t\t\t\t<\/div>\n\t\t\t\t<\/div>\n\n\t\t\t\t<div class=\"wrapper-content-banner wd-fill  wd-items-middle wd-justify-center\">\n\t\t\t\t\t<div class=\"content-banner  text-center\">\n\t\t\t\t\t\t<div class=\"banner-subtitle subtitle-color-default subtitle-style-default wd-fontsize-xs wd-font-weight-\">02<\/div><h4 class=\"banner-title wd-font-weight- wd-fontsize-l\">IHR STAND WIRD NIE LEER SEIN<\/h4>\t\t\t\t\t\t\t\t\t\t\t\t\t<div class=\"banner-inner reset-last-child\">\n\t\t\t\t\t\t\t\t<\/p>\n<h3 style=\"text-align: center;\">PROGRAMM F\u00dcR K\u00c4UFERDELEGATIONEN<\/h3>\n<p style=\"text-align: center;\">Dank unserer Handelsb\u00fcros in Europa, Amerika, Asien und Afrika und unserer engen Zusammenarbeit mit Handelsattach\u00e9s in diesen Regionen bringen wir Sie mit Eink\u00e4ufern aus der ganzen Welt auf derselben Plattform zusammen. Dank des internationalen Netzwerks von Nobel Expo sind Sie der Konkurrenz einen Schritt voraus und k\u00f6nnen sich mit Zuversicht den globalen M\u00e4rkten \u00f6ffnen.<\/p>\n<p>\n\t\t\t\t\t\t\t<\/div>\n\t\t\t\t\t\t\n\t\t\t\t\t\t\n\t\t\t\t\t\t<div class=\"banner-btn-wrapper\"><div id=\"wd-69e0c665a39d7\" class=\"wd-button-wrapper text-center\"><a href=\"\/de\/hizmetlerimiz\/\" title=\"\" class=\"btn btn-color-primary btn-style-default btn-shape-rectangle btn-size-default\">Unsere Dienstleistungen<\/a><\/div><\/div>\t\t\t\t\t<\/div>\n\t\t\t\t<\/div>\n\n\t\t\t\t\t\t\t\t\t<a class=\"wd-promo-banner-link wd-fill\" aria-label=\"Banner-Link\" href=\"\/de\/hizmetlerimiz\/\" title=\"\"><\/a>\n\t\t\t\t\n\t\t\t\t\t\t\t<\/div>\n\t\t<\/div>\n\n\t\t\t\t\t\t\t\t<\/div>\n\t\t\t\t\t<\/div>\n\n\t\t\t\t\t\t\t\t\t\t\t\t\t<div class=\"wd-nav-arrows wd-pos-sep wd-hover-1 wd-icon-1\">\n\t\t\t<div class=\"wd-btn-arrow wd-prev wd-disabled\">\n\t\t\t\t<div class=\"wd-arrow-inner\"><\/div>\n\t\t\t<\/div>\n\t\t\t<div class=\"wd-btn-arrow wd-next\">\n\t\t\t\t<div class=\"wd-arrow-inner\"><\/div>\n\t\t\t<\/div>\n\t\t<\/div>\n\t\t\t\t\t\t\t\t\t\t\t<\/div>\n\n\t\t\t\t\t\t\t\t\t\t\t<\/div>\n\n\t\t<\/div><\/div><\/div><\/div>\n<\/div>","protected":false},"excerpt":{"rendered":"B2B E\u015fle\u015ftirme ve Al\u0131m Heyeti Program\u0131: Nobel Expo\u2019nun \u00dcst\u00fcn Hizmetleri Nobel Expo olarak bizler, ticaret fuarlar\u0131n\u0131n sadece bir noktaya odaklanmad\u0131\u011f\u0131n\u0131n","protected":false},"author":1,"featured_media":0,"parent":0,"menu_order":0,"comment_status":"closed","ping_status":"closed","template":"","meta":{"_acf_changed":false,"footnotes":""},"class_list":["post-20","page","type-page","status-publish","hentry"],"acf":[],"yoast_head":"<!-- This site is optimized with the Yoast SEO plugin v25.8 - https:\/\/yoast.com\/wordpress\/plugins\/seo\/ -->\n<title>B2B E\u015fle\u015ftirme - Nobel Expo<\/title>\n<meta name=\"robots\" content=\"index, follow, max-snippet:-1, max-image-preview:large, max-video-preview:-1\" \/>\n<link rel=\"canonical\" href=\"https:\/\/nobelexpo.com\/de\/b2b-eslestirme\/\" \/>\n<meta property=\"og:locale\" content=\"de_DE\" \/>\n<meta property=\"og:type\" content=\"article\" \/>\n<meta property=\"og:title\" content=\"B2B E\u015fle\u015ftirme - Nobel Expo\" \/>\n<meta property=\"og:url\" content=\"https:\/\/nobelexpo.com\/de\/b2b-eslestirme\/\" \/>\n<meta property=\"og:site_name\" content=\"Nobel Expo\" \/>\n<meta property=\"article:modified_time\" content=\"2025-07-10T07:38:22+00:00\" \/>\n<meta name=\"twitter:card\" content=\"summary_large_image\" \/>\n<meta name=\"twitter:label1\" content=\"Gesch\u00e4tzte Lesezeit\" \/>\n\t<meta name=\"twitter:data1\" content=\"6\u00a0Minuten\" \/>\n<script type=\"application\/ld+json\" class=\"yoast-schema-graph\">{\"@context\":\"https:\/\/schema.org\",\"@graph\":[{\"@type\":\"WebPage\",\"@id\":\"https:\/\/nobelexpo.com\/b2b-eslestirme\/\",\"url\":\"https:\/\/nobelexpo.com\/b2b-eslestirme\/\",\"name\":\"B2B E\u015fle\u015ftirme - Nobel Expo\",\"isPartOf\":{\"@id\":\"https:\/\/nobelexpo.com\/#website\"},\"datePublished\":\"2025-06-14T16:03:20+00:00\",\"dateModified\":\"2025-07-10T07:38:22+00:00\",\"breadcrumb\":{\"@id\":\"https:\/\/nobelexpo.com\/b2b-eslestirme\/#breadcrumb\"},\"inLanguage\":\"de\",\"potentialAction\":[{\"@type\":\"ReadAction\",\"target\":[\"https:\/\/nobelexpo.com\/b2b-eslestirme\/\"]}]},{\"@type\":\"BreadcrumbList\",\"@id\":\"https:\/\/nobelexpo.com\/b2b-eslestirme\/#breadcrumb\",\"itemListElement\":[{\"@type\":\"ListItem\",\"position\":1,\"name\":\"Anasayfa\",\"item\":\"https:\/\/nobelexpo.com\/\"},{\"@type\":\"ListItem\",\"position\":2,\"name\":\"B2B E\u015fle\u015ftirme\"}]},{\"@type\":\"WebSite\",\"@id\":\"https:\/\/nobelexpo.com\/#website\",\"url\":\"https:\/\/nobelexpo.com\/\",\"name\":\"Nobel Expo\",\"description\":\"Gelece\u011fin Fuarlar\u0131na \u015eimdi Kat\u0131l\",\"potentialAction\":[{\"@type\":\"SearchAction\",\"target\":{\"@type\":\"EntryPoint\",\"urlTemplate\":\"https:\/\/nobelexpo.com\/?s={search_term_string}\"},\"query-input\":{\"@type\":\"PropertyValueSpecification\",\"valueRequired\":true,\"valueName\":\"search_term_string\"}}],\"inLanguage\":\"de\"}]}<\/script>\n<!-- \/ Yoast SEO plugin. -->","yoast_head_json":{"title":"B2B E\u015fle\u015ftirme - Nobel Expo","robots":{"index":"index","follow":"follow","max-snippet":"max-snippet:-1","max-image-preview":"max-image-preview:large","max-video-preview":"max-video-preview:-1"},"canonical":"https:\/\/nobelexpo.com\/de\/b2b-eslestirme\/","og_locale":"de_DE","og_type":"article","og_title":"B2B E\u015fle\u015ftirme - Nobel Expo","og_url":"https:\/\/nobelexpo.com\/de\/b2b-eslestirme\/","og_site_name":"Nobel Expo","article_modified_time":"2025-07-10T07:38:22+00:00","twitter_card":"summary_large_image","twitter_misc":{"Gesch\u00e4tzte Lesezeit":"6\u00a0Minuten"},"schema":{"@context":"https:\/\/schema.org","@graph":[{"@type":"WebPage","@id":"https:\/\/nobelexpo.com\/b2b-eslestirme\/","url":"https:\/\/nobelexpo.com\/b2b-eslestirme\/","name":"B2B E\u015fle\u015ftirme - Nobel Expo","isPartOf":{"@id":"https:\/\/nobelexpo.com\/#website"},"datePublished":"2025-06-14T16:03:20+00:00","dateModified":"2025-07-10T07:38:22+00:00","breadcrumb":{"@id":"https:\/\/nobelexpo.com\/b2b-eslestirme\/#breadcrumb"},"inLanguage":"de","potentialAction":[{"@type":"ReadAction","target":["https:\/\/nobelexpo.com\/b2b-eslestirme\/"]}]},{"@type":"BreadcrumbList","@id":"https:\/\/nobelexpo.com\/b2b-eslestirme\/#breadcrumb","itemListElement":[{"@type":"ListItem","position":1,"name":"Anasayfa","item":"https:\/\/nobelexpo.com\/"},{"@type":"ListItem","position":2,"name":"B2B E\u015fle\u015ftirme"}]},{"@type":"WebSite","@id":"https:\/\/nobelexpo.com\/#website","url":"https:\/\/nobelexpo.com\/","name":"Nobel-Expo","description":"Jetzt an den Messen der Zukunft teilnehmen","potentialAction":[{"@type":"SearchAction","target":{"@type":"EntryPoint","urlTemplate":"https:\/\/nobelexpo.com\/?s={search_term_string}"},"query-input":{"@type":"PropertyValueSpecification","valueRequired":true,"valueName":"search_term_string"}}],"inLanguage":"de"}]}},"_links":{"self":[{"href":"https:\/\/nobelexpo.com\/de\/wp-json\/wp\/v2\/pages\/20","targetHints":{"allow":["GET"]}}],"collection":[{"href":"https:\/\/nobelexpo.com\/de\/wp-json\/wp\/v2\/pages"}],"about":[{"href":"https:\/\/nobelexpo.com\/de\/wp-json\/wp\/v2\/types\/page"}],"author":[{"embeddable":true,"href":"https:\/\/nobelexpo.com\/de\/wp-json\/wp\/v2\/users\/1"}],"replies":[{"embeddable":true,"href":"https:\/\/nobelexpo.com\/de\/wp-json\/wp\/v2\/comments?post=20"}],"version-history":[{"count":0,"href":"https:\/\/nobelexpo.com\/de\/wp-json\/wp\/v2\/pages\/20\/revisions"}],"wp:attachment":[{"href":"https:\/\/nobelexpo.com\/de\/wp-json\/wp\/v2\/media?parent=20"}],"curies":[{"name":"wp","href":"https:\/\/api.w.org\/{rel}","templated":true}]}}