{"id":2381,"date":"2025-09-06T08:42:26","date_gmt":"2025-09-06T08:42:26","guid":{"rendered":"https:\/\/nobelexpo.com\/?page_id=2381"},"modified":"2025-09-06T08:42:53","modified_gmt":"2025-09-06T08:42:53","slug":"gizlilik-politikasi","status":"publish","type":"page","link":"https:\/\/nobelexpo.com\/de\/gizlilik-politikasi\/","title":{"rendered":"Datenschutzbestimmungen"},"content":{"rendered":"<div class=\"modal-header\">\n<div class=\"modal-header\">\n<h5 id=\"exampleModalGizlilikLabel\" class=\"modal-title\">Datenschutzbestimmungen<\/h5>\n<p>&nbsp;<\/p>\n<\/div>\n<div class=\"modal-body\">\n<p>Willkommen bei Nobel Expo! Als Nobel Expo Uluslararas\u0131 Fuarc\u0131l\u0131k A.\u015e. nehmen wir als Grundsatz an, dass die Datenschutzrechte der Besucher der Website www.nobelexpo.com Vorrang haben. Als Nobel Expo, als ein Unternehmen, das f\u00fcr die Speicherung und Sicherheit Ihrer pers\u00f6nlichen Daten verantwortlich ist, ergreifen wir die notwendigen Ma\u00dfnahmen, um den Verlust oder die Ver\u00e4nderung Ihrer Daten zu verhindern und sie sicher zu speichern; zu diesem Zweck f\u00fchren wir technische und softwaretechnische Ma\u00dfnahmen durch. Um unseren Nutzern genauere Informationen zur Verf\u00fcgung zu stellen, kann unsere Website Links zu Websites enthalten, die wir als ebenso zuverl\u00e4ssig erachten wie wir selbst. Nobel Expo kann jedoch nicht f\u00fcr die Datenschutzrichtlinien oder den Inhalt der entsprechenden Websites verantwortlich gemacht werden. Durch die Nutzung unserer Website erkl\u00e4ren Sie, dass Sie unsere Datenschutzrichtlinie gelesen, verstanden und akzeptiert haben. Im Falle von Kooperationsanfragen von Justiz- oder Verwaltungsbeh\u00f6rden k\u00f6nnen wir Ihre personenbezogenen Daten in \u00dcbereinstimmung mit den einschl\u00e4gigen Gesetzen und Vorschriften weitergeben.<\/p>\n<p>Nicht-personenbezogene Daten sind Informationen, die anonym sind und Sie nicht pers\u00f6nlich identifizieren. Diese Informationen werden automatisch auf unseren Servern gespeichert. Zu diesen Daten geh\u00f6ren Ihr richtiger Name, Ihre Adresse, Telefonnummer, E-Mail-Adresse, der Name Ihres Internetdienstanbieters, Ihre IP-Adresse, die Version Ihres Webbrowsers, das Betriebssystem des Computers, auf den Sie zugreifen, die Website, von der aus Sie auf uns verwiesen wurden, die Websites, die Sie w\u00e4hrend Ihres Besuchs auf unserer Website besucht haben, und die Suchbegriffe, die Sie verwendet haben, um unsere Website zu finden.<\/p>\n<p>Als Nobel Expo k\u00f6nnen wir mit Ihrer vorherigen Zustimmung E-Bulletins versenden, um Sie \u00fcber die Gesch\u00e4ftsaktivit\u00e4ten von Nobel Expo zu informieren. Wenn Sie sich f\u00fcr die Teilnahme an unserem vorab genehmigten E-Mail-System entscheiden, k\u00f6nnen unsere Partner Ihnen auch Ank\u00fcndigungen zu Veranstaltungen, Produkten oder Dienstleistungen senden, die f\u00fcr Sie von Interesse sein k\u00f6nnten. Dar\u00fcber hinaus k\u00f6nnen Sie jederzeit und ohne Angabe von Gr\u00fcnden\u00a0<a href=\"mail:info@nobelexpo.com\">info@nobelexpo.com<\/a>\u00a0Sie k\u00f6nnen den E-Newsletter abbestellen, indem Sie sich mit uns in Verbindung setzen<\/p>\n<p>Als Nobel Expo werden Ihre von Ihnen angegebenen Informationen nicht f\u00fcr andere Zwecke als die Verarbeitung verwendet, werden nicht ohne Ihre Zustimmung oder aus anderen in den einschl\u00e4gigen Rechtsvorschriften festgelegten Gr\u00fcnden an Dritte weitergegeben und k\u00f6nnen an \u00f6ffentliche Einrichtungen und Organisationen, mit denen Nobel Expo zusammenarbeitet oder zu deren Zusammenarbeit im Falle gesetzlicher oder dienstleistungs-\/vertragsrechtlicher Anforderungen sie gesetzlich verpflichtet ist, sowie an Drittdienstleister und Zulieferunternehmen in der T\u00fcrkei oder im Ausland weitergegeben werden, Sie best\u00e4tigen, dass Sie so informiert wurden, dass Sie nicht z\u00f6gern, dass Sie Ihre ausdr\u00fcckliche Zustimmung zur Verarbeitung gegeben haben, einschlie\u00dflich der Tatsache, dass die Daten im Falle gesetzlicher oder dienstleistungs-\/vertragsbezogener Anforderungen ins Ausland \u00fcbertragen werden k\u00f6nnen, dass Nobel Expo Ihnen die notwendigen Erkl\u00e4rungen im Rahmen des Gesetzes Nr. 6698 gegeben hat und Sie \u00fcber die Rechte informiert hat, die sich aus diesem Gesetz ergeben.<\/p>\n<p>Als Nobel Expo werden Ihre von Ihnen angegebenen Informationen nicht f\u00fcr andere Zwecke als die Verarbeitung verwendet, werden nicht ohne Ihre Zustimmung oder aus anderen in den einschl\u00e4gigen Rechtsvorschriften festgelegten Gr\u00fcnden an Dritte weitergegeben und k\u00f6nnen an \u00f6ffentliche Einrichtungen und Organisationen, mit denen Nobel Expo zusammenarbeitet oder zu deren Zusammenarbeit im Falle gesetzlicher oder dienstleistungs-\/vertragsrechtlicher Anforderungen sie gesetzlich verpflichtet ist, sowie an Drittdienstleister und Zulieferunternehmen in der T\u00fcrkei oder im Ausland weitergegeben werden, Sie best\u00e4tigen, dass Sie so informiert wurden, dass Sie nicht z\u00f6gern, dass Sie Ihre ausdr\u00fcckliche Zustimmung zur Verarbeitung gegeben haben, einschlie\u00dflich der Tatsache, dass die Daten im Falle gesetzlicher oder dienstleistungs-\/vertragsbezogener Anforderungen ins Ausland \u00fcbertragen werden k\u00f6nnen, dass Nobel Expo Ihnen die notwendigen Erkl\u00e4rungen im Rahmen des Gesetzes Nr. 6698 gegeben hat und Sie \u00fcber die Rechte informiert hat, die sich aus diesem Gesetz ergeben.<\/p>\n<p>Im Namen der Messe erkl\u00e4ren Sie sich damit einverstanden, dass wir alle Ihre pers\u00f6nlichen Daten, die Sie bei der Registrierung erhalten haben, in der Nobel Expo-Datenbank speichern und dass diese von Nobel Expo oder Dritten f\u00fcr Werbezwecke, den Versand von e-Bulletins, Callcenter-Anrufe, SMS-Versand und gezielte Marketingzwecke verwendet werden k\u00f6nnen. Sie k\u00f6nnen Ihre Anfragen zur \u00c4nderung oder Korrektur Ihrer Daten an die Marketingabteilung, Nobel Expo, Ye\u015filk\u00f6y, Istanbul World Trade Centre, Atat\u00fcrk Caddesi A2 Blok No:14 K:4 Office No:182, 34149 Istanbul oder an\u00a0<a href=\"mail:info@nobelexpo.com\">info@nobelexpo.com<\/a>\u00a0Sie k\u00f6nnen sie an die E-Mail-Adresse senden.<\/p>\n<p>Aus Sicherheitsgr\u00fcnden wird das gesamte Messegel\u00e4nde mit einem geschlossenen Kamerasystem \u00fcberwacht, um Straftaten zu verhindern und aufzudecken.<\/p>\n<h4>Cookies<\/h4>\n<p>Cookies sind kleine Textdateien, die an den Computer des Nutzers gesendet und dort gespeichert werden, um es den Websites zu erm\u00f6glichen, den Nutzer st\u00e4ndig wiederzuerkennen und ihm den Zugang zur Website zu erleichtern, um den Inhalt der Websites zu verbessern und zu optimieren. Cookies werden verwendet, um Ihnen einzigartige Dienste oder Informationen zu bieten, die auf Ihre Bed\u00fcrfnisse und Interessen zugeschnitten sind.<\/p>\n<p>Die Informationen, die uns durch die auf unserer Website verwendeten Cookies \u00fcbermittelt werden, werden nicht f\u00fcr Werbezwecke verwendet. Nobel Expo Uluslararas\u0131 Fuarc\u0131l\u0131k A.\u015e. \u00fcberwacht das Nutzungsverhalten, um die Benutzerfreundlichkeit und Effektivit\u00e4t unserer Website durch Cookies zu verbessern. Diese Informationen werden niemals an Dritte weitergegeben oder verkauft. Sie k\u00f6nnen bereits installierte Cookies l\u00f6schen oder zuk\u00fcnftige Cookies blockieren, indem Sie die erforderlichen Einstellungen in Ihrem Internetbrowser vornehmen.<\/p>\n<p>F\u00fcr uns\u00a0<a href=\"mail:info@nobelexpo.com\">info@nobelexpo.com<\/a>\u00a0Weitere Informationen zu diesem Thema erhalten Sie, wenn Sie sich an uns wenden.<\/p>\n<\/div>\n<\/div>","protected":false},"excerpt":{"rendered":"<p>Gizlilik Politikas\u0131 &nbsp; Nobel Expo\u2019ya Ho\u015f Geldiniz! Nobel Expo Uluslararas\u0131 Fuarc\u0131l\u0131k A.\u015e. olarak www.nobelexpo.com web sitesini ziyaret edenlerin gizlilik haklar\u0131n\u0131<\/p>","protected":false},"author":1,"featured_media":0,"parent":0,"menu_order":0,"comment_status":"closed","ping_status":"closed","template":"","meta":{"_acf_changed":false,"footnotes":""},"class_list":["post-2381","page","type-page","status-publish","hentry"],"acf":[],"yoast_head":"<!-- This site is optimized with the Yoast SEO plugin v25.8 - https:\/\/yoast.com\/wordpress\/plugins\/seo\/ -->\n<title>Gizlilik Politikas\u0131 - Nobel Expo<\/title>\n<meta name=\"robots\" content=\"index, follow, max-snippet:-1, max-image-preview:large, max-video-preview:-1\" \/>\n<link rel=\"canonical\" href=\"https:\/\/nobelexpo.com\/de\/gizlilik-politikasi\/\" \/>\n<meta property=\"og:locale\" content=\"de_DE\" \/>\n<meta property=\"og:type\" content=\"article\" \/>\n<meta property=\"og:title\" content=\"Gizlilik Politikas\u0131 - Nobel Expo\" \/>\n<meta property=\"og:description\" content=\"Gizlilik Politikas\u0131 &nbsp; Nobel Expo\u2019ya Ho\u015f Geldiniz! Nobel Expo Uluslararas\u0131 Fuarc\u0131l\u0131k A.\u015e. olarak www.nobelexpo.com web sitesini ziyaret edenlerin gizlilik haklar\u0131n\u0131\" \/>\n<meta property=\"og:url\" content=\"https:\/\/nobelexpo.com\/de\/gizlilik-politikasi\/\" \/>\n<meta property=\"og:site_name\" content=\"Nobel Expo\" \/>\n<meta property=\"article:modified_time\" content=\"2025-09-06T08:42:53+00:00\" \/>\n<meta name=\"twitter:card\" content=\"summary_large_image\" \/>\n<meta name=\"twitter:label1\" content=\"Gesch\u00e4tzte Lesezeit\" \/>\n\t<meta name=\"twitter:data1\" content=\"3\u00a0Minuten\" \/>\n<script type=\"application\/ld+json\" class=\"yoast-schema-graph\">{\"@context\":\"https:\/\/schema.org\",\"@graph\":[{\"@type\":\"WebPage\",\"@id\":\"https:\/\/nobelexpo.com\/gizlilik-politikasi\/\",\"url\":\"https:\/\/nobelexpo.com\/gizlilik-politikasi\/\",\"name\":\"Gizlilik Politikas\u0131 - Nobel Expo\",\"isPartOf\":{\"@id\":\"https:\/\/nobelexpo.com\/#website\"},\"datePublished\":\"2025-09-06T08:42:26+00:00\",\"dateModified\":\"2025-09-06T08:42:53+00:00\",\"breadcrumb\":{\"@id\":\"https:\/\/nobelexpo.com\/gizlilik-politikasi\/#breadcrumb\"},\"inLanguage\":\"de\",\"potentialAction\":[{\"@type\":\"ReadAction\",\"target\":[\"https:\/\/nobelexpo.com\/gizlilik-politikasi\/\"]}]},{\"@type\":\"BreadcrumbList\",\"@id\":\"https:\/\/nobelexpo.com\/gizlilik-politikasi\/#breadcrumb\",\"itemListElement\":[{\"@type\":\"ListItem\",\"position\":1,\"name\":\"Anasayfa\",\"item\":\"https:\/\/nobelexpo.com\/\"},{\"@type\":\"ListItem\",\"position\":2,\"name\":\"Gizlilik Politikas\u0131\"}]},{\"@type\":\"WebSite\",\"@id\":\"https:\/\/nobelexpo.com\/#website\",\"url\":\"https:\/\/nobelexpo.com\/\",\"name\":\"Nobel Expo\",\"description\":\"Gelece\u011fin Fuarlar\u0131na \u015eimdi Kat\u0131l\",\"potentialAction\":[{\"@type\":\"SearchAction\",\"target\":{\"@type\":\"EntryPoint\",\"urlTemplate\":\"https:\/\/nobelexpo.com\/?s={search_term_string}\"},\"query-input\":{\"@type\":\"PropertyValueSpecification\",\"valueRequired\":true,\"valueName\":\"search_term_string\"}}],\"inLanguage\":\"de\"}]}<\/script>\n<!-- \/ Yoast SEO plugin. -->","yoast_head_json":{"title":"Gizlilik Politikas\u0131 - Nobel Expo","robots":{"index":"index","follow":"follow","max-snippet":"max-snippet:-1","max-image-preview":"max-image-preview:large","max-video-preview":"max-video-preview:-1"},"canonical":"https:\/\/nobelexpo.com\/de\/gizlilik-politikasi\/","og_locale":"de_DE","og_type":"article","og_title":"Gizlilik Politikas\u0131 - Nobel Expo","og_description":"Gizlilik Politikas\u0131 &nbsp; Nobel Expo\u2019ya Ho\u015f Geldiniz! Nobel Expo Uluslararas\u0131 Fuarc\u0131l\u0131k A.\u015e. olarak www.nobelexpo.com web sitesini ziyaret edenlerin gizlilik haklar\u0131n\u0131","og_url":"https:\/\/nobelexpo.com\/de\/gizlilik-politikasi\/","og_site_name":"Nobel Expo","article_modified_time":"2025-09-06T08:42:53+00:00","twitter_card":"summary_large_image","twitter_misc":{"Gesch\u00e4tzte Lesezeit":"3\u00a0Minuten"},"schema":{"@context":"https:\/\/schema.org","@graph":[{"@type":"WebPage","@id":"https:\/\/nobelexpo.com\/gizlilik-politikasi\/","url":"https:\/\/nobelexpo.com\/gizlilik-politikasi\/","name":"Gizlilik Politikas\u0131 - Nobel Expo","isPartOf":{"@id":"https:\/\/nobelexpo.com\/#website"},"datePublished":"2025-09-06T08:42:26+00:00","dateModified":"2025-09-06T08:42:53+00:00","breadcrumb":{"@id":"https:\/\/nobelexpo.com\/gizlilik-politikasi\/#breadcrumb"},"inLanguage":"de","potentialAction":[{"@type":"ReadAction","target":["https:\/\/nobelexpo.com\/gizlilik-politikasi\/"]}]},{"@type":"BreadcrumbList","@id":"https:\/\/nobelexpo.com\/gizlilik-politikasi\/#breadcrumb","itemListElement":[{"@type":"ListItem","position":1,"name":"Anasayfa","item":"https:\/\/nobelexpo.com\/"},{"@type":"ListItem","position":2,"name":"Gizlilik Politikas\u0131"}]},{"@type":"WebSite","@id":"https:\/\/nobelexpo.com\/#website","url":"https:\/\/nobelexpo.com\/","name":"Nobel-Expo","description":"Jetzt an den Messen der Zukunft teilnehmen","potentialAction":[{"@type":"SearchAction","target":{"@type":"EntryPoint","urlTemplate":"https:\/\/nobelexpo.com\/?s={search_term_string}"},"query-input":{"@type":"PropertyValueSpecification","valueRequired":true,"valueName":"search_term_string"}}],"inLanguage":"de"}]}},"_links":{"self":[{"href":"https:\/\/nobelexpo.com\/de\/wp-json\/wp\/v2\/pages\/2381","targetHints":{"allow":["GET"]}}],"collection":[{"href":"https:\/\/nobelexpo.com\/de\/wp-json\/wp\/v2\/pages"}],"about":[{"href":"https:\/\/nobelexpo.com\/de\/wp-json\/wp\/v2\/types\/page"}],"author":[{"embeddable":true,"href":"https:\/\/nobelexpo.com\/de\/wp-json\/wp\/v2\/users\/1"}],"replies":[{"embeddable":true,"href":"https:\/\/nobelexpo.com\/de\/wp-json\/wp\/v2\/comments?post=2381"}],"version-history":[{"count":0,"href":"https:\/\/nobelexpo.com\/de\/wp-json\/wp\/v2\/pages\/2381\/revisions"}],"wp:attachment":[{"href":"https:\/\/nobelexpo.com\/de\/wp-json\/wp\/v2\/media?parent=2381"}],"curies":[{"name":"wp","href":"https:\/\/api.w.org\/{rel}","templated":true}]}}