{"id":2384,"date":"2025-09-06T08:43:14","date_gmt":"2025-09-06T08:43:14","guid":{"rendered":"https:\/\/nobelexpo.com\/?page_id=2384"},"modified":"2025-09-06T08:43:14","modified_gmt":"2025-09-06T08:43:14","slug":"kvkk","status":"publish","type":"page","link":"https:\/\/nobelexpo.com\/de\/kvkk\/","title":{"rendered":"KVKK"},"content":{"rendered":"<div class=\"modal-header\">\n<h5 id=\"exampleModalGizlilikLabel\" class=\"modal-title\">K.V.K.K Erl\u00e4uterungstext<\/h5>\n<p>&nbsp;<\/p>\n<\/div>\n<div class=\"modal-body\">In \u00dcbereinstimmung mit dem Gesetz Nr. 6698 \u00fcber den Schutz personenbezogener Daten (\"KVKK\") werden die Einzelheiten \u00fcber den Umfang der Verarbeitung Ihrer personenbezogenen Daten durch Nobel Expo Uluslararas\u0131 Fuarc\u0131l\u0131k A.\u015e (\"Nobel Expo\" oder \"Unternehmen\") als f\u00fcr die Datenverarbeitung Verantwortlicher in den folgenden Rubriken zu Ihrer Information dargestellt.&nbsp;<\/p>\n<h6>1. die Methoden zur Erhebung Ihrer personenbezogenen Daten und ihre rechtlichen Gr\u00fcnde<\/h6>\n<p>Ihre personenbezogenen Daten werden von unserem Unternehmen \u00fcber verschiedene Kan\u00e4le gesammelt, um unsere Aktivit\u00e4ten auf der Grundlage gesetzlicher Bestimmungen zur Einhaltung der Gesetzgebung und der Unternehmenspolitik durchzuf\u00fchren. Ihre personenbezogenen Daten k\u00f6nnen auch f\u00fcr die in diesem Erl\u00e4uterungstext genannten Zwecke im Rahmen der in den Artikeln 5 und 6 der KVKK genannten Bedingungen und Zwecke der Verarbeitung personenbezogener Daten in \u00dcbereinstimmung mit den von der KVKK festgelegten Grunds\u00e4tzen verarbeitet und \u00fcbermittelt werden.<\/p>\n<h6>2. die Verarbeitung Ihrer pers\u00f6nlichen Daten<\/h6>\n<p>Ihre erfassten personenbezogenen Daten werden gem\u00e4\u00df den von der KVKK festgelegten Grundprinzipien und im Rahmen der in den Artikeln 5 und 6 der KVKK festgelegten Bedingungen und Zwecke f\u00fcr die Verarbeitung personenbezogener Daten verarbeitet, - Erf\u00fcllung der von Nobel Expo ausge\u00fcbten kommerziellen T\u00e4tigkeiten in \u00dcbereinstimmung mit der Gesetzgebung und den Unternehmensrichtlinien, - Planung und Durchf\u00fchrung von Personalaktivit\u00e4ten, - Gew\u00e4hrleistung der kommerziellen und rechtlichen Sicherheit nat\u00fcrlicher Personen, mit denen wir eine Gesch\u00e4ftsbeziehung unterhalten, - Schutz des kommerziellen Rufs von Nobel Expo und des von ihr geschaffenen Vertrauens.<\/p>\n<h6>3. die Weitergabe Ihrer pers\u00f6nlichen Daten<\/h6>\n<p>Ihre gesammelten pers\u00f6nlichen Daten k\u00f6nnen an unsere Tochtergesellschaften, Lieferanten, externe Dienstleister und gesetzlich autorisierte \u00f6ffentliche Einrichtungen und Organisationen weitergegeben werden, damit unsere Gesch\u00e4ftseinheiten die notwendigen Arbeiten in dieser Richtung durchf\u00fchren k\u00f6nnen, um unsere kommerziellen Aktivit\u00e4ten in \u00dcbereinstimmung mit der Gesetzgebung und den Unternehmensrichtlinien in \u00dcbereinstimmung mit den von der KVKK festgelegten Grundprinzipien und innerhalb der in den Artikeln 8 und 9 der KVKK festgelegten Bedingungen und Zwecke der Verarbeitung pers\u00f6nlicher Daten durchzuf\u00fchren.<\/p>\n<h6>4 Ihre Rechte als Inhaber der Daten, die in Artikel 11 der BVG-Richtlinie aufgef\u00fchrt sind<\/h6>\n<p>Gem\u00e4\u00df Artikel 11 der KVKK, die am 7. Oktober 2016 in Kraft getreten ist, haben Sie folgende Rechte in Bezug auf Ihre personenbezogenen Daten - zu erfahren, ob Ihre personenbezogenen Daten verarbeitet wurden, - Auskunft zu verlangen, wenn Ihre personenbezogenen Daten verarbeitet wurden, - zu erfahren, zu welchem Zweck Ihre personenbezogenen Daten verarbeitet werden und ob sie zweckentsprechend verwendet werden, - zu erfahren, an welche Dritten personenbezogene Daten im In- oder Ausland \u00fcbermittelt werden, - die Berichtigung personenbezogener Daten im Falle einer unvollst\u00e4ndigen oder unrichtigen Verarbeitung zu verlangen und die Mitteilung der in diesem Rahmen vorgenommenen Transaktion an Dritte, an die personenbezogene Daten \u00fcbermittelt werden, zu verlangen, - die L\u00f6schung oder Vernichtung personenbezogener Daten zu verlangen, wenn die Gr\u00fcnde f\u00fcr ihre Verarbeitung wegfallen, obwohl sie gem\u00e4\u00df den Bestimmungen der KVKK und anderer einschl\u00e4giger Gesetze verarbeitet wurden, und die Mitteilung der in diesem Rahmen vorgenommenen Transaktion an Dritte zu verlangen, an die personenbezogene Daten \u00fcbermittelt werden, - sich dem Eintritt eines Ergebnisses zum Nachteil der Person selbst zu widersetzen, indem die verarbeiteten Daten ausschlie\u00dflich durch automatisierte Systeme analysiert werden, - den Ersatz des Schadens zu verlangen, wenn dieser auf eine unrechtm\u00e4\u00dfige Verarbeitung personenbezogener Daten zur\u00fcckzuf\u00fchren ist. Mit freundlichen Gr\u00fc\u00dfen,<br \/>\nSIE K\u00d6NNEN DAS ANTRAGSFORMULAR IM RAHMEN DES KVKK AUSF\u00dcLLEN UND MIT EINEM SCHRIFTLICHEN ANTRAG INFORMATIONEN ANFORDERN.<\/p>\n<\/div>","protected":false},"excerpt":{"rendered":"<p>K.V.K.K Ayd\u0131nlatma Metni &nbsp; Ki\u015fisel verilerinizin 6698 say\u0131l\u0131 Ki\u015fisel Verilerin Korunmas\u0131 Kanunu (\u201cKVKK\u201d) uyar\u0131nca, veri sorumlusu s\u0131fat\u0131yla Nobel Expo Uluslararas\u0131<\/p>","protected":false},"author":1,"featured_media":0,"parent":0,"menu_order":0,"comment_status":"closed","ping_status":"closed","template":"","meta":{"_acf_changed":false,"footnotes":""},"class_list":["post-2384","page","type-page","status-publish","hentry"],"acf":[],"yoast_head":"<!-- This site is optimized with the Yoast SEO plugin v25.8 - https:\/\/yoast.com\/wordpress\/plugins\/seo\/ -->\n<title>KVKK - Nobel Expo<\/title>\n<meta name=\"robots\" content=\"index, follow, max-snippet:-1, max-image-preview:large, max-video-preview:-1\" \/>\n<link rel=\"canonical\" href=\"https:\/\/nobelexpo.com\/de\/kvkk\/\" \/>\n<meta property=\"og:locale\" content=\"de_DE\" \/>\n<meta property=\"og:type\" content=\"article\" \/>\n<meta property=\"og:title\" content=\"KVKK - Nobel Expo\" \/>\n<meta property=\"og:description\" content=\"K.V.K.K Ayd\u0131nlatma Metni &nbsp; Ki\u015fisel verilerinizin 6698 say\u0131l\u0131 Ki\u015fisel Verilerin Korunmas\u0131 Kanunu (\u201cKVKK\u201d) uyar\u0131nca, veri sorumlusu s\u0131fat\u0131yla Nobel Expo Uluslararas\u0131\" \/>\n<meta property=\"og:url\" content=\"https:\/\/nobelexpo.com\/de\/kvkk\/\" \/>\n<meta property=\"og:site_name\" content=\"Nobel Expo\" \/>\n<meta name=\"twitter:card\" content=\"summary_large_image\" \/>\n<script type=\"application\/ld+json\" class=\"yoast-schema-graph\">{\"@context\":\"https:\/\/schema.org\",\"@graph\":[{\"@type\":\"WebPage\",\"@id\":\"https:\/\/nobelexpo.com\/kvkk\/\",\"url\":\"https:\/\/nobelexpo.com\/kvkk\/\",\"name\":\"KVKK - Nobel Expo\",\"isPartOf\":{\"@id\":\"https:\/\/nobelexpo.com\/#website\"},\"datePublished\":\"2025-09-06T08:43:14+00:00\",\"breadcrumb\":{\"@id\":\"https:\/\/nobelexpo.com\/kvkk\/#breadcrumb\"},\"inLanguage\":\"de\",\"potentialAction\":[{\"@type\":\"ReadAction\",\"target\":[\"https:\/\/nobelexpo.com\/kvkk\/\"]}]},{\"@type\":\"BreadcrumbList\",\"@id\":\"https:\/\/nobelexpo.com\/kvkk\/#breadcrumb\",\"itemListElement\":[{\"@type\":\"ListItem\",\"position\":1,\"name\":\"Anasayfa\",\"item\":\"https:\/\/nobelexpo.com\/\"},{\"@type\":\"ListItem\",\"position\":2,\"name\":\"KVKK\"}]},{\"@type\":\"WebSite\",\"@id\":\"https:\/\/nobelexpo.com\/#website\",\"url\":\"https:\/\/nobelexpo.com\/\",\"name\":\"Nobel Expo\",\"description\":\"Gelece\u011fin Fuarlar\u0131na \u015eimdi Kat\u0131l\",\"potentialAction\":[{\"@type\":\"SearchAction\",\"target\":{\"@type\":\"EntryPoint\",\"urlTemplate\":\"https:\/\/nobelexpo.com\/?s={search_term_string}\"},\"query-input\":{\"@type\":\"PropertyValueSpecification\",\"valueRequired\":true,\"valueName\":\"search_term_string\"}}],\"inLanguage\":\"de\"}]}<\/script>\n<!-- \/ Yoast SEO plugin. -->","yoast_head_json":{"title":"KVKK - Nobel Expo","robots":{"index":"index","follow":"follow","max-snippet":"max-snippet:-1","max-image-preview":"max-image-preview:large","max-video-preview":"max-video-preview:-1"},"canonical":"https:\/\/nobelexpo.com\/de\/kvkk\/","og_locale":"de_DE","og_type":"article","og_title":"KVKK - Nobel Expo","og_description":"K.V.K.K Ayd\u0131nlatma Metni &nbsp; Ki\u015fisel verilerinizin 6698 say\u0131l\u0131 Ki\u015fisel Verilerin Korunmas\u0131 Kanunu (\u201cKVKK\u201d) uyar\u0131nca, veri sorumlusu s\u0131fat\u0131yla Nobel Expo Uluslararas\u0131","og_url":"https:\/\/nobelexpo.com\/de\/kvkk\/","og_site_name":"Nobel Expo","twitter_card":"summary_large_image","schema":{"@context":"https:\/\/schema.org","@graph":[{"@type":"WebPage","@id":"https:\/\/nobelexpo.com\/kvkk\/","url":"https:\/\/nobelexpo.com\/kvkk\/","name":"KVKK - Nobel Expo","isPartOf":{"@id":"https:\/\/nobelexpo.com\/#website"},"datePublished":"2025-09-06T08:43:14+00:00","breadcrumb":{"@id":"https:\/\/nobelexpo.com\/kvkk\/#breadcrumb"},"inLanguage":"de","potentialAction":[{"@type":"ReadAction","target":["https:\/\/nobelexpo.com\/kvkk\/"]}]},{"@type":"BreadcrumbList","@id":"https:\/\/nobelexpo.com\/kvkk\/#breadcrumb","itemListElement":[{"@type":"ListItem","position":1,"name":"Anasayfa","item":"https:\/\/nobelexpo.com\/"},{"@type":"ListItem","position":2,"name":"KVKK"}]},{"@type":"WebSite","@id":"https:\/\/nobelexpo.com\/#website","url":"https:\/\/nobelexpo.com\/","name":"Nobel-Expo","description":"Jetzt an den Messen der Zukunft teilnehmen","potentialAction":[{"@type":"SearchAction","target":{"@type":"EntryPoint","urlTemplate":"https:\/\/nobelexpo.com\/?s={search_term_string}"},"query-input":{"@type":"PropertyValueSpecification","valueRequired":true,"valueName":"search_term_string"}}],"inLanguage":"de"}]}},"_links":{"self":[{"href":"https:\/\/nobelexpo.com\/de\/wp-json\/wp\/v2\/pages\/2384","targetHints":{"allow":["GET"]}}],"collection":[{"href":"https:\/\/nobelexpo.com\/de\/wp-json\/wp\/v2\/pages"}],"about":[{"href":"https:\/\/nobelexpo.com\/de\/wp-json\/wp\/v2\/types\/page"}],"author":[{"embeddable":true,"href":"https:\/\/nobelexpo.com\/de\/wp-json\/wp\/v2\/users\/1"}],"replies":[{"embeddable":true,"href":"https:\/\/nobelexpo.com\/de\/wp-json\/wp\/v2\/comments?post=2384"}],"version-history":[{"count":0,"href":"https:\/\/nobelexpo.com\/de\/wp-json\/wp\/v2\/pages\/2384\/revisions"}],"wp:attachment":[{"href":"https:\/\/nobelexpo.com\/de\/wp-json\/wp\/v2\/media?parent=2384"}],"curies":[{"name":"wp","href":"https:\/\/api.w.org\/{rel}","templated":true}]}}