{"id":33,"date":"2025-06-14T16:06:02","date_gmt":"2025-06-14T16:06:02","guid":{"rendered":"https:\/\/nobel.websitesunum.com.tr\/?page_id=33"},"modified":"2026-01-19T17:41:46","modified_gmt":"2026-01-19T14:41:46","slug":"iletisim","status":"publish","type":"page","link":"https:\/\/nobelexpo.com\/de\/iletisim\/","title":{"rendered":"Kontakt"},"content":{"rendered":"<div class=\"wpb-content-wrapper\"><div id=\"contact-detail\" class=\"vc_row wpb_row vc_row-fluid wd-rs-685928468dcef\"><div class=\"wpb_column vc_column_container vc_col-sm-12\"><div class=\"vc_column-inner\"><div class=\"wpb_wrapper\">\n\t\t<div id=\"wd-685930c5a726b\" class=\"title-wrapper wd-wpb wd-set-mb reset-last-child  wd-rs-685930c5a726b wd-title-color-default wd-title-style-default text-center  wd-width-enabled wd-underline-colored\" style=\"--wd-max-width: 40%;\">\n\t\t\t\t\t\t\t\n\t\t\t\t<div class=\"title-subtitle  subtitle-color-default font-default subtitle-style-default wd-font-weight-400 wd-fontsize-m\">WIE K\u00d6NNEN WIR IHNEN HELFEN?<\/div>\n\t\t\t\n\t\t\t<div class=\"liner-continer\">\n\t\t\t\t<h4 class=\"woodmart-title-container title  wd-font-weight-800 wd-fontsize-xxxl\" >Kontaktieren Sie uns jetzt<\/h4>\n\t\t\t\t\t\t\t<\/div>\n\t\t\t\n\t\t\t\t\t\t\t<div class=\"title-after_title reset-last-child  wd-fontsize-s\">Ob Sie einen Platz auf der Messe buchen oder Informationen \u00fcber die Messe erhalten m\u00f6chten... Sie k\u00f6nnen uns zu jedem Thema anrufen oder Ihre Daten hinterlassen und sicherstellen, dass die zust\u00e4ndigen Personen in unserem Unternehmen Sie so schnell wie m\u00f6glich erreichen k\u00f6nnen. Unsere Kontaktinformationen finden Sie unten.<\/div>\n\t\t\t\n\t\t\t\n\t\t<\/div>\n\t\t\n\t\t<div id=\"wd-68592567e07ab\" class=\"wd-animation-slide-from-bottom wd-animation-normal wd_delay_500 wd-rs-68592567e07ab  wd-button-wrapper wd-smooth-scroll text-center\" data-smooth-time=\"500\" data-smooth-offset=\"500\"><a href=\"#row-form\" title=\"\" class=\"btn btn-color-alt btn-style-3d btn-shape-rectangle btn-size-default\">Formular ausf\u00fcllen<\/a><\/div><\/div><\/div><\/div><\/div><div id=\"row-adres\" class=\"vc_row wpb_row vc_row-fluid vc_custom_1749918300392 wd-rs-684da2559958d\"><div class=\"wpb_column vc_column_container vc_col-sm-12\"><div class=\"vc_column-inner\"><div class=\"wpb_wrapper\"><div class=\"vc_row wpb_row vc_inner vc_row-fluid\"><div class=\"wpb_column vc_column_container vc_col-sm-3\"><div class=\"vc_column-inner\"><div class=\"wpb_wrapper\"><div class=\"vc_icon_element vc_icon_element-outer vc_custom_1749918129356 vc_do_icon vc_icon_element-align-center\"><div class=\"vc_icon_element-inner vc_icon_element-color-black vc_icon_element-size-md vc_icon_element-style- vc_icon_element-background-color-grey\" ><span class=\"vc_icon_element-icon fa fa-solid fa-map-location-dot\" ><\/span><\/div><\/div>\n\t<div class=\"wpb_text_column wpb_content_element wd-animation-slide-from-bottom wd-animation-normal wd_delay_100\" >\n\t\t<div class=\"wpb_wrapper\">\n\t\t\t<div class=\"text-white-2 text-uppercase alt-font font-weight-600 margin-5px-bottom\" style=\"text-align: center;\"><strong>ADRESSE<\/strong><\/div>\n<p class=\"w-60 lg-w-80 mx-auto text-medium\" style=\"text-align: center;\">Ye\u015filk\u00f6y Mahallesi, Atat\u00fcrk Caddesi, D\u00fcnya Ticaret Merkezi, A1 Blok, Floor:12, Door No:387-388, 34149, Bak\u0131rk\u00f6y\/ISTANBUL<\/p>\n\n\t\t<\/div>\n\t<\/div>\n<\/div><\/div><\/div><div class=\"wpb_column vc_column_container vc_col-sm-3\"><div class=\"vc_column-inner\"><div class=\"wpb_wrapper\"><div class=\"vc_icon_element vc_icon_element-outer vc_custom_1749918171013 vc_do_icon vc_icon_element-align-center\"><div class=\"vc_icon_element-inner vc_icon_element-color-black vc_icon_element-size-md vc_icon_element-style- vc_icon_element-background-color-grey\" ><span class=\"vc_icon_element-icon fa fa-solid fa-phone-volume\" ><\/span><\/div><\/div>\n\t<div class=\"wpb_text_column wpb_content_element wd-animation-slide-from-bottom wd-animation-normal wd_delay_200\" >\n\t\t<div class=\"wpb_wrapper\">\n\t\t\t<div class=\"text-white-2 text-uppercase alt-font font-weight-600 margin-5px-bottom\" style=\"text-align: center;\"><strong>RUFEN SIE UNS AN<\/strong><\/div>\n<p class=\"mx-auto text-medium mb-0\" style=\"text-align: center;\">0212 830 49 66<\/p>\n\n\t\t<\/div>\n\t<\/div>\n<\/div><\/div><\/div><div class=\"wpb_column vc_column_container vc_col-sm-3\"><div class=\"vc_column-inner\"><div class=\"wpb_wrapper\"><div class=\"vc_icon_element vc_icon_element-outer vc_custom_1749918341581 vc_do_icon vc_icon_element-align-center\"><div class=\"vc_icon_element-inner vc_icon_element-color-black vc_icon_element-size-md vc_icon_element-style- vc_icon_element-background-color-grey\" ><span class=\"vc_icon_element-icon fa fa-regular fa-envelope-open\" ><\/span><\/div><\/div>\n\t<div class=\"wpb_text_column wpb_content_element wd-animation-slide-from-bottom wd-animation-normal wd_delay_300\" >\n\t\t<div class=\"wpb_wrapper\">\n\t\t\t<p style=\"text-align: center;\"><strong>E-MAIL<\/strong><\/p>\n<p class=\"mx-auto text-medium mb-0\" style=\"text-align: center;\"><a href=\"mailto:info@nobelexpo.com\">info@nobelexpo.com<\/a><\/p>\n<p class=\"mx-auto text-medium\" style=\"text-align: center;\"><a href=\"mailto:pazarlama@nobelexpo.com\">pazarlama@nobelexpo.com<\/a><\/p>\n\n\t\t<\/div>\n\t<\/div>\n<\/div><\/div><\/div><div class=\"wpb_column vc_column_container vc_col-sm-3\"><div class=\"vc_column-inner\"><div class=\"wpb_wrapper\"><div class=\"vc_icon_element vc_icon_element-outer vc_custom_1749918252876 vc_do_icon vc_icon_element-align-center\"><div class=\"vc_icon_element-inner vc_icon_element-color-black vc_icon_element-size-md vc_icon_element-style- vc_icon_element-background-color-grey\" ><span class=\"vc_icon_element-icon fa fa-regular fa-clock\" ><\/span><\/div><\/div>\n\t<div class=\"wpb_text_column wpb_content_element wd-animation-slide-from-bottom wd-animation-normal wd_delay_400\" >\n\t\t<div class=\"wpb_wrapper\">\n\t\t\t<p style=\"text-align: center;\"><strong>ARBEITSSTUNDEN<\/strong><\/p>\n<p class=\"mx-auto text-medium mb-0\" style=\"text-align: center;\">Wochentags - 09:00-18:00<\/p>\n<p class=\"mx-auto text-medium\" style=\"text-align: center;\">Wochenende - Geschlossen<\/p>\n\n\t\t<\/div>\n\t<\/div>\n<\/div><\/div><\/div><\/div><\/div><\/div><\/div><\/div><div class=\"vc_row wpb_row vc_row-fluid wd-rs-684da11014dc1 wd-section-stretch-content-no-pd\"><div class=\"wpb_column vc_column_container vc_col-sm-12\"><div class=\"vc_column-inner\"><div class=\"wpb_wrapper\">\n\t<div class=\"wpb_raw_code wpb_raw_html wpb_content_element\" >\n\t\t<div class=\"wpb_wrapper\">\n\t\t\t<iframe src=\"https:\/\/www.google.com\/maps\/embed?pb=!1m14!1m8!1m3!1d3011.785616846192!2d28.8324!3d40.986175!3m2!1i1024!2i768!4f13.1!3m3!1m2!1s0x14caaf6bc454b5e1%3A0x8e8de05d8ac1c539!2sNOBEL%20EXPO%20ULUSLARARASI%20FUARCILIK%20A.%C5%9E.!5e0!3m2!1str!2str!4v1749917939776!5m2!1str!2str\" width=\"100%\" height=\"350\" style=\"border:0;\" allowfullscreen=\"\" loading=\"lazy\" referrerpolicy=\"no-referrer-when-downgrade\"><\/iframe>\n\t\t<\/div>\n\t<\/div>\n<\/div><\/div><\/div><\/div><div id=\"row-form\" class=\"vc_row wpb_row vc_row-fluid vc_custom_1749921496432 wd-rs-684daed211377\"><div class=\"wpb_column vc_column_container vc_col-sm-12\"><div class=\"vc_column-inner\"><div class=\"wpb_wrapper\">\n\t<div class=\"wpb_text_column wpb_content_element wd-animation-slide-from-left wd-animation-normal wd_delay_200\" >\n\t\t<div class=\"wpb_wrapper\">\n\t\t\t<h2>WIR RUFEN SIE ZUR\u00dcCK<\/h2>\n<p>Schreiben Sie uns Ihre Kontaktdaten, W\u00fcnsche und Anfragen, damit wir so schnell wie m\u00f6glich auf Ihre Bed\u00fcrfnisse reagieren und sicherstellen k\u00f6nnen, dass sie die richtigen Personen in unserem Unternehmen erreichen. Sie k\u00f6nnen Informationen \u00fcber Messen anfordern, Ihren Platz reservieren und Ihren Handel beschleunigen.<\/p>\n\n\t\t<\/div>\n\t<\/div>\n\n<div class=\"wpcf7 no-js\" id=\"wpcf7-f8-o1\" lang=\"tr-TR\" dir=\"ltr\" data-wpcf7-id=\"8\">\n<div class=\"screen-reader-response\"><p role=\"status\" aria-live=\"polite\" aria-atomic=\"true\"><\/p> <ul><\/ul><\/div>\n<form action=\"\/de\/wp-json\/wp\/v2\/pages\/33#wpcf7-f8-o1\" method=\"post\" class=\"wpcf7-form init\" aria-label=\"\u0130leti\u015fim Formu\" novalidate=\"novalidate\" data-status=\"init\" data-trp-original-action=\"\/de\/wp-json\/wp\/v2\/pages\/33#wpcf7-f8-o1\">\n<div style=\"display: none;\">\n<input type=\"hidden\" name=\"_wpcf7\" value=\"8\" \/>\n<input type=\"hidden\" name=\"_wpcf7_version\" value=\"6.0.6\" \/>\n<input type=\"hidden\" name=\"_wpcf7_locale\" value=\"tr_TR\" \/>\n<input type=\"hidden\" name=\"_wpcf7_unit_tag\" value=\"wpcf7-f8-o1\" \/>\n<input type=\"hidden\" name=\"_wpcf7_container_post\" value=\"0\" \/>\n<input type=\"hidden\" name=\"_wpcf7_posted_data_hash\" value=\"\" \/>\n<\/div>\n<p><label> Ihr Name<br \/>\n<span class=\"wpcf7-form-control-wrap\" data-name=\"your-name\"><input size=\"40\" maxlength=\"400\" class=\"wpcf7-form-control wpcf7-text wpcf7-validates-as-required\" autocomplete=\"name\" aria-required=\"true\" aria-invalid=\"false\" value=\"\" type=\"text\" name=\"your-name\" \/><\/span> <\/label>\n<\/p>\n<p><label> Ihre E-Mail Adresse<br \/>\n<span class=\"wpcf7-form-control-wrap\" data-name=\"your-email\"><input size=\"40\" maxlength=\"400\" class=\"wpcf7-form-control wpcf7-email wpcf7-validates-as-required wpcf7-text wpcf7-validates-as-email\" autocomplete=\"email\" aria-required=\"true\" aria-invalid=\"false\" value=\"\" type=\"email\" name=\"your-email\" \/><\/span> <\/label>\n<\/p>\n<p><label> Thema<br \/>\n<span class=\"wpcf7-form-control-wrap\" data-name=\"your-subject\"><input size=\"40\" maxlength=\"400\" class=\"wpcf7-form-control wpcf7-text wpcf7-validates-as-required\" aria-required=\"true\" aria-invalid=\"false\" value=\"\" type=\"text\" name=\"your-subject\" \/><\/span> <\/label>\n<\/p>\n<p><label> Ihre Nachricht (optional)<br \/>\n<span class=\"wpcf7-form-control-wrap\" data-name=\"your-message\"><textarea cols=\"40\" rows=\"10\" maxlength=\"2000\" class=\"wpcf7-form-control wpcf7-textarea\" aria-invalid=\"false\" name=\"your-message\"><\/textarea><\/span> <\/label>\n<\/p>\n<p><input class=\"wpcf7-form-control wpcf7-submit has-spinner\" type=\"submit\" value=\"Senden Sie\" \/>\n<\/p><div class=\"wpcf7-response-output\" aria-hidden=\"true\"><\/div>\n<input type=\"hidden\" name=\"trp-form-language\" value=\"de\"\/><\/form>\n<\/div>\n<\/div><\/div><\/div><\/div><div id=\"row-c\" class=\"vc_row wpb_row vc_row-fluid vc_custom_1750677605146 vc_row-has-fill wd-rs-6859385916932 wd-section-stretch\"><div class=\"wpb_column vc_column_container vc_col-sm-12\"><div class=\"vc_column-inner\"><div class=\"wpb_wrapper\">\n\t<div class=\"wpb_text_column wpb_content_element vc_custom_1750675526414\" >\n\t\t<div class=\"wpb_wrapper\">\n\t\t\t<h1 style=\"text-align: center;\"><strong>FOLLOW US<\/strong><\/h1>\n\n\t\t<\/div>\n\t<\/div>\n\t\t\t<div\n\t\t\t\t\t\tclass=\"wd-rs-6859305d7d46a wd-social-icons  wd-style-simple wd-size-large social-share wd-shape-circle color-scheme-dark text-center\">\n\t\t\t\t\n\t\t\t\t\n\t\t\t\t\t\t\t\t\t<a rel=\"noopener noreferrer nofollow\" href=\"https:\/\/www.facebook.com\/sharer\/sharer.php?u=https:\/\/nobelexpo.com\/de\/iletisim\/\" target=\"_blank\" class=\"wd-social-icon social-facebook\" aria-label=\"Facebook sozialer Link\">\n\t\t\t\t\t\t<span class=\"wd-icon\"><\/span>\n\t\t\t\t\t\t\t\t\t\t\t<\/a>\n\t\t\t\t\n\t\t\t\t\t\t\t\t\t<a rel=\"noopener noreferrer nofollow\" href=\"https:\/\/x.com\/share?url=https:\/\/nobelexpo.com\/de\/iletisim\/\" target=\"_blank\" class=\"wd-social-icon social-twitter\" aria-label=\"X Sozialer Link\">\n\t\t\t\t\t\t<span class=\"wd-icon\"><\/span>\n\t\t\t\t\t\t\t\t\t\t\t<\/a>\n\t\t\t\t\n\t\t\t\t\n\t\t\t\t\n\t\t\t\t\n\t\t\t\t\n\t\t\t\t\n\t\t\t\t\t\t\t\t\t<a rel=\"noopener noreferrer nofollow\" href=\"https:\/\/pinterest.com\/pin\/create\/button\/?url=https:\/\/nobelexpo.com\/de\/iletisim\/&media=https:\/\/nobelexpo.com\/wp-includes\/images\/media\/default.svg&description=%C4%B0leti%C5%9Fim\" target=\"_blank\" class=\"wd-social-icon social-pinterest\" aria-label=\"Pinterest sozialer Link\">\n\t\t\t\t\t\t<span class=\"wd-icon\"><\/span>\n\t\t\t\t\t\t\t\t\t\t\t<\/a>\n\t\t\t\t\n\t\t\t\t\n\t\t\t\t\t\t\t\t\t<a rel=\"noopener noreferrer nofollow\" href=\"https:\/\/www.linkedin.com\/shareArticle?mini=true&url=https:\/\/nobelexpo.com\/de\/iletisim\/\" target=\"_blank\" class=\"wd-social-icon social-linkedin\" aria-label=\"Linkedin sozialer Link\">\n\t\t\t\t\t\t<span class=\"wd-icon\"><\/span>\n\t\t\t\t\t\t\t\t\t\t\t<\/a>\n\t\t\t\t\n\t\t\t\t\n\t\t\t\t\n\t\t\t\t\n\t\t\t\t\n\t\t\t\t\n\t\t\t\t\n\t\t\t\t\n\t\t\t\t\n\t\t\t\t\n\t\t\t\t\n\t\t\t\t\n\t\t\t\t\n\t\t\t\t\n\t\t\t\t\n\t\t\t\t\t\t\t\t\t<a rel=\"noopener noreferrer nofollow\" href=\"https:\/\/telegram.me\/share\/url?url=https:\/\/nobelexpo.com\/de\/iletisim\/\" target=\"_blank\" class=\"wd-social-icon social-tg\" aria-label=\"Telegramm sozialer Link\">\n\t\t\t\t\t\t<span class=\"wd-icon\"><\/span>\n\t\t\t\t\t\t\t\t\t\t\t<\/a>\n\t\t\t\t\n\t\t\t\t\n\t\t\t<\/div>\n\n\t\t<\/div><\/div><\/div><\/div>\n<\/div>","protected":false},"excerpt":{"rendered":"S\u0130ZE NASIL YARDIMCI OLAB\u0130L\u0130R\u0130Z? Bize hemen ula\u015f\u0131n \u0130ster fuardan yer ay\u0131rtmak ister fuar hakk\u0131nda bilgi almak i\u00e7in\u2026 Bizi herhangi bir","protected":false},"author":1,"featured_media":0,"parent":0,"menu_order":0,"comment_status":"closed","ping_status":"closed","template":"","meta":{"_acf_changed":false,"footnotes":""},"class_list":["post-33","page","type-page","status-publish","hentry"],"acf":[],"yoast_head":"<!-- This site is optimized with the Yoast SEO plugin v25.8 - https:\/\/yoast.com\/wordpress\/plugins\/seo\/ -->\n<title>\u0130leti\u015fim - Nobel Expo<\/title>\n<meta name=\"robots\" content=\"index, follow, max-snippet:-1, max-image-preview:large, max-video-preview:-1\" \/>\n<link rel=\"canonical\" href=\"https:\/\/nobelexpo.com\/de\/iletisim\/\" \/>\n<meta property=\"og:locale\" content=\"de_DE\" \/>\n<meta property=\"og:type\" content=\"article\" \/>\n<meta property=\"og:title\" content=\"\u0130leti\u015fim - Nobel Expo\" \/>\n<meta property=\"og:url\" content=\"https:\/\/nobelexpo.com\/de\/iletisim\/\" \/>\n<meta property=\"og:site_name\" content=\"Nobel Expo\" \/>\n<meta property=\"article:modified_time\" content=\"2026-01-19T14:41:46+00:00\" \/>\n<meta name=\"twitter:card\" content=\"summary_large_image\" \/>\n<meta name=\"twitter:label1\" content=\"Gesch\u00e4tzte Lesezeit\" \/>\n\t<meta name=\"twitter:data1\" content=\"2\u00a0Minuten\" \/>\n<script type=\"application\/ld+json\" class=\"yoast-schema-graph\">{\"@context\":\"https:\/\/schema.org\",\"@graph\":[{\"@type\":\"WebPage\",\"@id\":\"https:\/\/nobelexpo.com\/iletisim\/\",\"url\":\"https:\/\/nobelexpo.com\/iletisim\/\",\"name\":\"\u0130leti\u015fim - Nobel Expo\",\"isPartOf\":{\"@id\":\"https:\/\/nobelexpo.com\/#website\"},\"datePublished\":\"2025-06-14T16:06:02+00:00\",\"dateModified\":\"2026-01-19T14:41:46+00:00\",\"breadcrumb\":{\"@id\":\"https:\/\/nobelexpo.com\/iletisim\/#breadcrumb\"},\"inLanguage\":\"de\",\"potentialAction\":[{\"@type\":\"ReadAction\",\"target\":[\"https:\/\/nobelexpo.com\/iletisim\/\"]}]},{\"@type\":\"BreadcrumbList\",\"@id\":\"https:\/\/nobelexpo.com\/iletisim\/#breadcrumb\",\"itemListElement\":[{\"@type\":\"ListItem\",\"position\":1,\"name\":\"Anasayfa\",\"item\":\"https:\/\/nobelexpo.com\/\"},{\"@type\":\"ListItem\",\"position\":2,\"name\":\"\u0130leti\u015fim\"}]},{\"@type\":\"WebSite\",\"@id\":\"https:\/\/nobelexpo.com\/#website\",\"url\":\"https:\/\/nobelexpo.com\/\",\"name\":\"Nobel Expo\",\"description\":\"Gelece\u011fin Fuarlar\u0131na \u015eimdi Kat\u0131l\",\"potentialAction\":[{\"@type\":\"SearchAction\",\"target\":{\"@type\":\"EntryPoint\",\"urlTemplate\":\"https:\/\/nobelexpo.com\/?s={search_term_string}\"},\"query-input\":{\"@type\":\"PropertyValueSpecification\",\"valueRequired\":true,\"valueName\":\"search_term_string\"}}],\"inLanguage\":\"de\"}]}<\/script>\n<!-- \/ Yoast SEO plugin. -->","yoast_head_json":{"title":"\u0130leti\u015fim - Nobel Expo","robots":{"index":"index","follow":"follow","max-snippet":"max-snippet:-1","max-image-preview":"max-image-preview:large","max-video-preview":"max-video-preview:-1"},"canonical":"https:\/\/nobelexpo.com\/de\/iletisim\/","og_locale":"de_DE","og_type":"article","og_title":"\u0130leti\u015fim - Nobel Expo","og_url":"https:\/\/nobelexpo.com\/de\/iletisim\/","og_site_name":"Nobel Expo","article_modified_time":"2026-01-19T14:41:46+00:00","twitter_card":"summary_large_image","twitter_misc":{"Gesch\u00e4tzte Lesezeit":"2\u00a0Minuten"},"schema":{"@context":"https:\/\/schema.org","@graph":[{"@type":"WebPage","@id":"https:\/\/nobelexpo.com\/iletisim\/","url":"https:\/\/nobelexpo.com\/iletisim\/","name":"\u0130leti\u015fim - Nobel Expo","isPartOf":{"@id":"https:\/\/nobelexpo.com\/#website"},"datePublished":"2025-06-14T16:06:02+00:00","dateModified":"2026-01-19T14:41:46+00:00","breadcrumb":{"@id":"https:\/\/nobelexpo.com\/iletisim\/#breadcrumb"},"inLanguage":"de","potentialAction":[{"@type":"ReadAction","target":["https:\/\/nobelexpo.com\/iletisim\/"]}]},{"@type":"BreadcrumbList","@id":"https:\/\/nobelexpo.com\/iletisim\/#breadcrumb","itemListElement":[{"@type":"ListItem","position":1,"name":"Anasayfa","item":"https:\/\/nobelexpo.com\/"},{"@type":"ListItem","position":2,"name":"\u0130leti\u015fim"}]},{"@type":"WebSite","@id":"https:\/\/nobelexpo.com\/#website","url":"https:\/\/nobelexpo.com\/","name":"Nobel-Expo","description":"Jetzt an den Messen der Zukunft teilnehmen","potentialAction":[{"@type":"SearchAction","target":{"@type":"EntryPoint","urlTemplate":"https:\/\/nobelexpo.com\/?s={search_term_string}"},"query-input":{"@type":"PropertyValueSpecification","valueRequired":true,"valueName":"search_term_string"}}],"inLanguage":"de"}]}},"_links":{"self":[{"href":"https:\/\/nobelexpo.com\/de\/wp-json\/wp\/v2\/pages\/33","targetHints":{"allow":["GET"]}}],"collection":[{"href":"https:\/\/nobelexpo.com\/de\/wp-json\/wp\/v2\/pages"}],"about":[{"href":"https:\/\/nobelexpo.com\/de\/wp-json\/wp\/v2\/types\/page"}],"author":[{"embeddable":true,"href":"https:\/\/nobelexpo.com\/de\/wp-json\/wp\/v2\/users\/1"}],"replies":[{"embeddable":true,"href":"https:\/\/nobelexpo.com\/de\/wp-json\/wp\/v2\/comments?post=33"}],"version-history":[{"count":0,"href":"https:\/\/nobelexpo.com\/de\/wp-json\/wp\/v2\/pages\/33\/revisions"}],"wp:attachment":[{"href":"https:\/\/nobelexpo.com\/de\/wp-json\/wp\/v2\/media?parent=33"}],"curies":[{"name":"wp","href":"https:\/\/api.w.org\/{rel}","templated":true}]}}