{"id":1041,"date":"2025-06-30T17:37:22","date_gmt":"2025-06-30T17:37:22","guid":{"rendered":"https:\/\/nobel.websitesunum.com.tr\/?page_id=1041"},"modified":"2025-07-08T08:32:42","modified_gmt":"2025-07-08T08:32:42","slug":"anamob-form","status":"publish","type":"page","link":"https:\/\/nobelexpo.com\/en\/anamob-form\/","title":{"rendered":"Anamob Form"},"content":{"rendered":"<div class=\"wpb-content-wrapper\"><div id=\"row-form\" class=\"vc_row wpb_row vc_row-fluid vc_custom_1751963472048 vc_row-o-content-middle vc_row-flex wd-rs-686cd74b128e1 wd-section-stretch-content-no-pd\"><div class=\"wpb_column vc_column_container vc_col-sm-12\"><div class=\"vc_column-inner\"><div class=\"wpb_wrapper\"><div class=\"vc_row wpb_row vc_inner vc_row-fluid vc_row-o-content-middle vc_row-flex wd-rs-6862cd7191705\"><div class=\"wpb_column vc_column_container vc_col-sm-8\"><div class=\"vc_column-inner\"><div class=\"wpb_wrapper\">\t\t<div id=\"wd-686cd00df26fd\" class=\"wd-image wd-wpb wd-rs-686cd00df26fd text-left\">\n\t\t\t\t\t\t\t<a href=\"https:\/\/kapexfair.com\" >\n\t\t\t\n\t\t\t<img loading=\"lazy\" decoding=\"async\" width=\"936\" height=\"172\" src=\"https:\/\/nobelexpo.com\/wp-content\/uploads\/2025\/07\/291120241212538kapex-25-logo.jpg\" class=\"attachment-full size-full\" alt=\"\" srcset=\"https:\/\/nobelexpo.com\/wp-content\/uploads\/2025\/07\/291120241212538kapex-25-logo.jpg 936w, https:\/\/nobelexpo.com\/wp-content\/uploads\/2025\/07\/291120241212538kapex-25-logo-300x55.jpg 300w, https:\/\/nobelexpo.com\/wp-content\/uploads\/2025\/07\/291120241212538kapex-25-logo-768x141.jpg 768w, https:\/\/nobelexpo.com\/wp-content\/uploads\/2025\/07\/291120241212538kapex-25-logo-500x92.jpg 500w, https:\/\/nobelexpo.com\/wp-content\/uploads\/2025\/07\/291120241212538kapex-25-logo-800x147.jpg 800w\" sizes=\"auto, (max-width: 936px) 100vw, 936px\" \/>\n\t\t\t\t\t\t\t<\/a>\n\t\t\t\t\t<\/div>\n\t\t<\/div><\/div><\/div><div class=\"wpb_column vc_column_container vc_col-sm-4\"><div class=\"vc_column-inner\"><div class=\"wpb_wrapper\">\n\t<div class=\"wpb_text_column wpb_content_element\" >\n\t\t<div class=\"wpb_wrapper\">\n\t\t\t<p style=\"text-align: center;\"><span style=\"color: #ed1b24;\"><a style=\"color: #ed1b24;\" href=\"https:\/\/kapexfair.com\">Click for detailed information about the fair<\/a><\/span><\/p>\n\n\t\t<\/div>\n\t<\/div>\n<\/div><\/div><\/div><\/div>\n<div class=\"wpcf7 no-js\" id=\"wpcf7-f1040-o1\" lang=\"tr-TR\" dir=\"ltr\" data-wpcf7-id=\"1040\">\n<div class=\"screen-reader-response\"><p role=\"status\" aria-live=\"polite\" aria-atomic=\"true\"><\/p> <ul><\/ul><\/div>\n<form action=\"\/en\/wp-json\/wp\/v2\/pages\/1041#wpcf7-f1040-o1\" method=\"post\" class=\"wpcf7-form init\" aria-label=\"\u0130leti\u015fim Formu\" novalidate=\"novalidate\" data-status=\"init\" data-trp-original-action=\"\/en\/wp-json\/wp\/v2\/pages\/1041#wpcf7-f1040-o1\">\n<div style=\"display: none;\">\n<input type=\"hidden\" name=\"_wpcf7\" value=\"1040\" \/>\n<input type=\"hidden\" name=\"_wpcf7_version\" value=\"6.0.6\" \/>\n<input type=\"hidden\" name=\"_wpcf7_locale\" value=\"tr_TR\" \/>\n<input type=\"hidden\" name=\"_wpcf7_unit_tag\" value=\"wpcf7-f1040-o1\" \/>\n<input type=\"hidden\" name=\"_wpcf7_container_post\" value=\"0\" \/>\n<input type=\"hidden\" name=\"_wpcf7_posted_data_hash\" value=\"\" \/>\n<\/div>\n<div class=\"grid2\">\n\t<p class=\"wpcf7-form-control-wrap first-name\"><br \/>\n<label>Name *<br \/>\n<span class=\"wpcf7-form-control-wrap\" data-name=\"first-name\"><input size=\"40\" maxlength=\"400\" class=\"wpcf7-form-control wpcf7-text wpcf7-validates-as-required\" aria-required=\"true\" aria-invalid=\"false\" placeholder=\"Your Name\" value=\"\" type=\"text\" name=\"first-name\" \/><\/span><br \/>\n<\/label>\n\t<\/p>\n\t<p class=\"wpcf7-form-control-wrap last-name\"><br \/>\n<label>Surname *<br \/>\n<span class=\"wpcf7-form-control-wrap\" data-name=\"last-name\"><input size=\"40\" maxlength=\"400\" class=\"wpcf7-form-control wpcf7-text wpcf7-validates-as-required\" aria-required=\"true\" aria-invalid=\"false\" placeholder=\"Your surname\" value=\"\" type=\"text\" name=\"last-name\" \/><\/span><br \/>\n<\/label>\n\t<\/p>\n<\/div>\n<div class=\"grid2\">\n\t<p class=\"wpcf7-form-control-wrap tel-wrap\"><br \/>\n<label>Phone *<br \/>\n<span class=\"wpcf7-form-control-wrap\" data-name=\"your-tel\"><input size=\"40\" maxlength=\"400\" class=\"wpcf7-form-control wpcf7-tel wpcf7-validates-as-required wpcf7-text wpcf7-validates-as-tel\" id=\"your-tel\" aria-required=\"true\" aria-invalid=\"false\" placeholder=\"5xx xxx xx xx xx\" value=\"\" type=\"tel\" name=\"your-tel\" \/><\/span><br \/>\n<\/label>\n\t<\/p>\n\t<p class=\"wpcf7-form-control-wrap your-email\"><br \/>\n<label>E-Mail *<br \/>\n<span class=\"wpcf7-form-control-wrap\" data-name=\"your-email\"><input size=\"40\" maxlength=\"400\" class=\"wpcf7-form-control wpcf7-email wpcf7-validates-as-required wpcf7-text wpcf7-validates-as-email\" aria-required=\"true\" aria-invalid=\"false\" placeholder=\"ornek@domain.com\" value=\"\" type=\"email\" name=\"your-email\" \/><\/span><br \/>\n<\/label>\n\t<\/p>\n<\/div>\n<p class=\"wpcf7-form-control-wrap company\"><br \/>\n<label>Institution\/Company You Are Affiliated With *<br \/>\n<span class=\"wpcf7-form-control-wrap\" data-name=\"company\"><input size=\"40\" maxlength=\"400\" class=\"wpcf7-form-control wpcf7-text wpcf7-validates-as-required\" aria-required=\"true\" aria-invalid=\"false\" placeholder=\"Company Name\" value=\"\" type=\"text\" name=\"company\" \/><\/span><br \/>\n<\/label>\n<\/p>\n<div class=\"grid2\">\n\t<p class=\"wpcf7-form-control-wrap position\"><br \/>\n<label>Position\/Title *<br \/>\n<span class=\"wpcf7-form-control-wrap\" data-name=\"position\"><input size=\"40\" maxlength=\"400\" class=\"wpcf7-form-control wpcf7-text wpcf7-validates-as-required\" aria-required=\"true\" aria-invalid=\"false\" placeholder=\"Your position\" value=\"\" type=\"text\" name=\"position\" \/><\/span><br \/>\n<\/label>\n\t<\/p>\n\t<p class=\"wpcf7-form-control-wrap sector\"><br \/>\n<label>Business Sector *<br \/>\n<span class=\"wpcf7-form-control-wrap\" data-name=\"sector\"><input size=\"40\" maxlength=\"400\" class=\"wpcf7-form-control wpcf7-text wpcf7-validates-as-required\" aria-required=\"true\" aria-invalid=\"false\" placeholder=\"Sector\" value=\"\" type=\"text\" name=\"sector\" \/><\/span><br \/>\n<\/label>\n\t<\/p>\n<\/div>\n<div class=\"grid2\">\n\t<p class=\"wpcf7-form-control-wrap country\"><br \/>\n<label>Country *<br \/>\n<span class=\"wpcf7-form-control-wrap\" data-name=\"country\"><select class=\"wpcf7-form-control wpcf7-select wpcf7-validates-as-required\" aria-required=\"true\" aria-invalid=\"false\" name=\"country\"><option value=\"\">&#8212;L\u00fctfen bir se\u00e7enek se\u00e7in&#8212;<\/option><option value=\"T\u00fcrkiye\">T\u00fcrkiye<\/option><option value=\"Almanya\">Germany<\/option><option value=\"Fransa\">France<\/option><option value=\"ABD\">USA<\/option><option value=\"Di\u011fer\">Other<\/option><\/select><\/span><br \/>\n<\/label>\n\t<\/p>\n\t<p class=\"wpcf7-form-control-wrap city\"><br \/>\n<label>City *<br \/>\n<span class=\"wpcf7-form-control-wrap\" data-name=\"city\"><input size=\"40\" maxlength=\"400\" class=\"wpcf7-form-control wpcf7-text wpcf7-validates-as-required\" aria-required=\"true\" aria-invalid=\"false\" placeholder=\"City\" value=\"\" type=\"text\" name=\"city\" \/><\/span><br \/>\n<\/label>\n\t<\/p>\n<\/div>\n<p class=\"accept\"><br \/>\n<span class=\"wpcf7-form-control-wrap\" data-name=\"privacy-use\"><span class=\"wpcf7-form-control wpcf7-checkbox wpcf7-validates-as-required\" id=\"privacy-use\"><span class=\"wpcf7-list-item first last\"><label><input type=\"checkbox\" name=\"privacy-use[]\" value=\"Gizlilik Politikas\u0131 ve Ki\u015fisel Verilerin Korunmas\u0131 Kanunu ile ilgili bilgilendirme yaz\u0131s\u0131n\u0131 okudum, kabul ediyorum\" \/><span class=\"wpcf7-list-item-label\">I have read and accept the information letter regarding the Privacy Policy and the Law on the Protection of Personal Data<\/span><\/label><\/span><\/span><\/span>\n<\/p>\n<p><input class=\"wpcf7-form-control wpcf7-submit has-spinner btn-default\" type=\"submit\" value=\"Register\" \/>\n<\/p><div class=\"wpcf7-response-output\" aria-hidden=\"true\"><\/div>\n<input type=\"hidden\" name=\"trp-form-language\" value=\"en\"\/><\/form>\n<\/div>\n<\/div><\/div><\/div><\/div><div class=\"vc_row wpb_row vc_row-fluid vc_custom_1751305894449 wd-rs-6862ce9de3272\"><div class=\"wpb_column vc_column_container vc_col-sm-12\"><div class=\"vc_column-inner\"><div class=\"wpb_wrapper\">\n\t<div class=\"wpb_raw_code wpb_raw_html wpb_content_element\" >\n\t\t<div class=\"wpb_wrapper\">\n\t\t\t<!-- header.php i\u00e7inde veya enqueue ile -->\r\n<link rel=\"stylesheet\" href=\"https:\/\/cdnjs.cloudflare.com\/ajax\/libs\/intl-tel-input\/17.0.8\/css\/intlTelInput.css\"\/>\r\n<script src=\"https:\/\/cdnjs.cloudflare.com\/ajax\/libs\/intl-tel-input\/17.0.8\/js\/intlTelInput.min.js\"><\/script>\r\n\n\t\t<\/div>\n\t<\/div>\n\n\t<div class=\"wpb_raw_code wpb_raw_js\" >\n\t\t<div class=\"wpb_wrapper\">\n\t\t\t<script>\r\ndocument.addEventListener('DOMContentLoaded', function(){\r\n  var telInput = document.querySelector(\"#your-tel\");\r\n  if(!telInput) return;\r\n  window.intlTelInput(telInput, {\r\n    initialCountry: \"auto\",\r\n    geoIpLookup: function(success, failure) {\r\n      fetch('https:\/\/ipapi.co\/json')\r\n        .then(res => res.json())\r\n        .then(data => success(data.country_code))\r\n        .catch(() => success('tr'));\r\n    },\r\n    utilsScript: \"https:\/\/cdnjs.cloudflare.com\/ajax\/libs\/intl-tel-input\/17.0.8\/js\/utils.js\"\r\n  });\r\n});\r\n\r\n \r\n<\/script>\r\n\r\n\n\t\t<\/div>\n\t<\/div>\n<\/div><\/div><\/div><\/div>\n<\/div>","protected":false},"excerpt":{"rendered":"Fuar Hakk\u0131nda Detayl\u0131 Bilgi \u0130\u00e7in T\u0131klay\u0131n\u0131z Ad\u0131n\u0131z * Soyad\u0131n\u0131z * Cep Telefonunuz * E-Mail * Ba\u011fl\u0131 Oldu\u011funuz Kurum\/Firma * Pozisyon\/\u00dcnvan","protected":false},"author":1,"featured_media":0,"parent":0,"menu_order":0,"comment_status":"closed","ping_status":"closed","template":"","meta":{"_acf_changed":false,"footnotes":""},"class_list":["post-1041","page","type-page","status-publish","hentry"],"acf":[],"yoast_head":"<!-- This site is optimized with the Yoast SEO plugin v25.8 - https:\/\/yoast.com\/wordpress\/plugins\/seo\/ -->\n<title>Anamob Form - Nobel Expo<\/title>\n<meta name=\"robots\" content=\"index, follow, max-snippet:-1, max-image-preview:large, max-video-preview:-1\" \/>\n<link rel=\"canonical\" href=\"https:\/\/nobelexpo.com\/en\/anamob-form\/\" \/>\n<meta property=\"og:locale\" content=\"en_GB\" \/>\n<meta property=\"og:type\" content=\"article\" \/>\n<meta property=\"og:title\" content=\"Anamob Form - Nobel Expo\" \/>\n<meta property=\"og:url\" content=\"https:\/\/nobelexpo.com\/en\/anamob-form\/\" \/>\n<meta property=\"og:site_name\" content=\"Nobel Expo\" \/>\n<meta property=\"article:modified_time\" content=\"2025-07-08T08:32:42+00:00\" \/>\n<meta name=\"twitter:card\" content=\"summary_large_image\" \/>\n<meta name=\"twitter:label1\" content=\"Estimated reading time\" \/>\n\t<meta name=\"twitter:data1\" content=\"2 minutes\" \/>\n<script type=\"application\/ld+json\" class=\"yoast-schema-graph\">{\"@context\":\"https:\/\/schema.org\",\"@graph\":[{\"@type\":\"WebPage\",\"@id\":\"https:\/\/nobelexpo.com\/anamob-form\/\",\"url\":\"https:\/\/nobelexpo.com\/anamob-form\/\",\"name\":\"Anamob Form - Nobel Expo\",\"isPartOf\":{\"@id\":\"https:\/\/nobelexpo.com\/#website\"},\"datePublished\":\"2025-06-30T17:37:22+00:00\",\"dateModified\":\"2025-07-08T08:32:42+00:00\",\"breadcrumb\":{\"@id\":\"https:\/\/nobelexpo.com\/anamob-form\/#breadcrumb\"},\"inLanguage\":\"en-GB\",\"potentialAction\":[{\"@type\":\"ReadAction\",\"target\":[\"https:\/\/nobelexpo.com\/anamob-form\/\"]}]},{\"@type\":\"BreadcrumbList\",\"@id\":\"https:\/\/nobelexpo.com\/anamob-form\/#breadcrumb\",\"itemListElement\":[{\"@type\":\"ListItem\",\"position\":1,\"name\":\"Anasayfa\",\"item\":\"https:\/\/nobelexpo.com\/\"},{\"@type\":\"ListItem\",\"position\":2,\"name\":\"Anamob Form\"}]},{\"@type\":\"WebSite\",\"@id\":\"https:\/\/nobelexpo.com\/#website\",\"url\":\"https:\/\/nobelexpo.com\/\",\"name\":\"Nobel Expo\",\"description\":\"Gelece\u011fin Fuarlar\u0131na \u015eimdi Kat\u0131l\",\"potentialAction\":[{\"@type\":\"SearchAction\",\"target\":{\"@type\":\"EntryPoint\",\"urlTemplate\":\"https:\/\/nobelexpo.com\/?s={search_term_string}\"},\"query-input\":{\"@type\":\"PropertyValueSpecification\",\"valueRequired\":true,\"valueName\":\"search_term_string\"}}],\"inLanguage\":\"en-GB\"}]}<\/script>\n<!-- \/ Yoast SEO plugin. -->","yoast_head_json":{"title":"Anamob Form - Nobel Expo","robots":{"index":"index","follow":"follow","max-snippet":"max-snippet:-1","max-image-preview":"max-image-preview:large","max-video-preview":"max-video-preview:-1"},"canonical":"https:\/\/nobelexpo.com\/en\/anamob-form\/","og_locale":"en_GB","og_type":"article","og_title":"Anamob Form - Nobel Expo","og_url":"https:\/\/nobelexpo.com\/en\/anamob-form\/","og_site_name":"Nobel Expo","article_modified_time":"2025-07-08T08:32:42+00:00","twitter_card":"summary_large_image","twitter_misc":{"Estimated reading time":"2 minutes"},"schema":{"@context":"https:\/\/schema.org","@graph":[{"@type":"WebPage","@id":"https:\/\/nobelexpo.com\/anamob-form\/","url":"https:\/\/nobelexpo.com\/anamob-form\/","name":"Anamob Form - Nobel Expo","isPartOf":{"@id":"https:\/\/nobelexpo.com\/#website"},"datePublished":"2025-06-30T17:37:22+00:00","dateModified":"2025-07-08T08:32:42+00:00","breadcrumb":{"@id":"https:\/\/nobelexpo.com\/anamob-form\/#breadcrumb"},"inLanguage":"en-GB","potentialAction":[{"@type":"ReadAction","target":["https:\/\/nobelexpo.com\/anamob-form\/"]}]},{"@type":"BreadcrumbList","@id":"https:\/\/nobelexpo.com\/anamob-form\/#breadcrumb","itemListElement":[{"@type":"ListItem","position":1,"name":"Anasayfa","item":"https:\/\/nobelexpo.com\/"},{"@type":"ListItem","position":2,"name":"Anamob Form"}]},{"@type":"WebSite","@id":"https:\/\/nobelexpo.com\/#website","url":"https:\/\/nobelexpo.com\/","name":"Nobel Expo","description":"Join the Fairs of the Future Today","potentialAction":[{"@type":"SearchAction","target":{"@type":"EntryPoint","urlTemplate":"https:\/\/nobelexpo.com\/?s={search_term_string}"},"query-input":{"@type":"PropertyValueSpecification","valueRequired":true,"valueName":"search_term_string"}}],"inLanguage":"en-GB"}]}},"_links":{"self":[{"href":"https:\/\/nobelexpo.com\/en\/wp-json\/wp\/v2\/pages\/1041","targetHints":{"allow":["GET"]}}],"collection":[{"href":"https:\/\/nobelexpo.com\/en\/wp-json\/wp\/v2\/pages"}],"about":[{"href":"https:\/\/nobelexpo.com\/en\/wp-json\/wp\/v2\/types\/page"}],"author":[{"embeddable":true,"href":"https:\/\/nobelexpo.com\/en\/wp-json\/wp\/v2\/users\/1"}],"replies":[{"embeddable":true,"href":"https:\/\/nobelexpo.com\/en\/wp-json\/wp\/v2\/comments?post=1041"}],"version-history":[{"count":0,"href":"https:\/\/nobelexpo.com\/en\/wp-json\/wp\/v2\/pages\/1041\/revisions"}],"wp:attachment":[{"href":"https:\/\/nobelexpo.com\/en\/wp-json\/wp\/v2\/media?parent=1041"}],"curies":[{"name":"wp","href":"https:\/\/api.w.org\/{rel}","templated":true}]}}