{"id":108,"date":"2025-06-15T14:26:21","date_gmt":"2025-06-15T14:26:21","guid":{"rendered":"https:\/\/nobel.websitesunum.com.tr\/?page_id=108"},"modified":"2025-06-15T14:35:37","modified_gmt":"2025-06-15T14:35:37","slug":"hikayemiz","status":"publish","type":"page","link":"https:\/\/nobelexpo.com\/en\/hikayemiz\/","title":{"rendered":"Story"},"content":{"rendered":"<div class=\"wpb-content-wrapper\"><div class=\"vc_row wpb_row vc_row-fluid\"><div class=\"wpb_column vc_column_container vc_col-sm-12\"><div class=\"vc_column-inner\"><div class=\"wpb_wrapper\">\n\t<div class=\"wpb_text_column wpb_content_element wpb_animate_when_almost_visible wpb_fadeIn fadeIn\" >\n\t\t<div class=\"wpb_wrapper\">\n\t\t\t<h2 style=\"text-align: center;\">OUR STORY<\/h2>\n<p style=\"text-align: center;\">The story of Nobel Expo is one of rapid growth and an innovative vision. This success is not only a testament to our swift expansion but also a reflection of our commitment to meeting the needs of the industry.<\/p>\n\n\t\t<\/div>\n\t<\/div>\n<\/div><\/div><\/div><\/div><div class=\"vc_row wpb_row vc_row-fluid wd-rs-684ed9994c703\"><div class=\"wpb_column vc_column_container vc_col-sm-12\"><div class=\"vc_column-inner\"><div class=\"wpb_wrapper\"><div id=\"row-yazilar\" class=\"vc_row wpb_row vc_inner vc_row-fluid vc_column-gap-5 wd-rs-684ed98ce56ec\"><div class=\"wpb_column vc_column_container vc_col-sm-3 vc_col-has-fill wd-rs-684ed93c4afb3\"><div class=\"vc_column-inner vc_custom_1749997893427\"><div class=\"wpb_wrapper\">\n\t<div class=\"wpb_text_column wpb_content_element wd-animation-slide-from-bottom wd-animation-normal wd_delay_100\" >\n\t\t<div class=\"wpb_wrapper\">\n\t\t\t<h5 style=\"text-align: center;\">01<\/h5>\n<h3 style=\"text-align: center;\">The extraordinary journey of Nobel Expo<\/h3>\n<p style=\"text-align: center;\">Nobel Expo, which entered the world of trade fairs as recently as 2020, has operated from day one with the goal of breaking the traditional boundaries of the industry. From our initial planning and efforts, we brought a fresh perspective to the concept of trade fairs through our trade-focused approach and innovative vision. We supported our participants with our marketing and advertising services, enabling them to continue conducting business throughout the year.<\/p>\n\n\t\t<\/div>\n\t<\/div>\n<\/div><\/div><\/div><div class=\"wpb_column vc_column_container vc_col-sm-3 vc_col-has-fill wd-rs-684ed987afeb5\"><div class=\"vc_column-inner vc_custom_1749997966139\"><div class=\"wpb_wrapper\">\n\t<div class=\"wpb_text_column wpb_content_element wd-animation-slide-from-bottom wd-animation-normal wd_delay_200\" >\n\t\t<div class=\"wpb_wrapper\">\n\t\t\t<h5 style=\"text-align: center;\">02<\/h5>\n<h3 style=\"text-align: center;\">Nobel Expo\u2019s Success in Numbers<\/h3>\n<p style=\"text-align: center;\">Nobel Expo, with offices in five countries\u2014primarily Turkey, followed by Russia, Germany, the USA, and Libya\u2014has successfully hosted over 6,000 participating companies across trade fairs in 12 different cities to date. In just three years, it has provided 300,000 m\u00b2 of net exhibition space, enabling participants to meet the most relevant buyers and industry professionals.<\/p>\n\n\t\t<\/div>\n\t<\/div>\n<\/div><\/div><\/div><div class=\"wpb_column vc_column_container vc_col-sm-3 vc_col-has-fill wd-rs-684ed9483f230\"><div class=\"vc_column-inner vc_custom_1749997902403\"><div class=\"wpb_wrapper\">\n\t<div class=\"wpb_text_column wpb_content_element wd-animation-slide-from-bottom wd-animation-normal wd_delay_300\" >\n\t\t<div class=\"wpb_wrapper\">\n\t\t\t<h5 style=\"text-align: center;\">03<\/h5>\n<h3 style=\"text-align: center;\">A Dynamic Player in Global Trade<\/h3>\n<p style=\"text-align: center;\">We didn\u2019t just support trade fairs in Anatolia, Turkey; we expanded our vision to a broader horizon. By establishing trade and exhibition organizations in countries such as Russia, Germany, Libya, and the USA, we extended Nobel Expo\u2019s impact on a global scale. By building bridges across different industries, markets, and cultures around the world, we have become a dynamic player in international trade.<\/p>\n\n\t\t<\/div>\n\t<\/div>\n<\/div><\/div><\/div><div class=\"wpb_column vc_column_container vc_col-sm-3 vc_col-has-fill wd-rs-684ed94d68b3a\"><div class=\"vc_column-inner vc_custom_1749997907723\"><div class=\"wpb_wrapper\">\n\t<div class=\"wpb_text_column wpb_content_element wd-animation-slide-from-bottom wd-animation-normal wd_delay_400\" >\n\t\t<div class=\"wpb_wrapper\">\n\t\t\t<h5 style=\"text-align: center;\">04<\/h5>\n<h3 style=\"text-align: center;\">Thank You<\/h3>\n<p style=\"text-align: center;\">Our commitment to the success of every participant who chooses us lies at the heart of our story. We thank all our participants\u2014both those who have been part of this inspiring journey and those newly joining us. If you want to expand your business and create new success stories, secure your place at our trade fairs without delay and join the Future of Trade with Nobel Expo today!<\/p>\n\n\t\t<\/div>\n\t<\/div>\n<\/div><\/div><\/div><\/div><\/div><\/div><\/div><\/div><div class=\"vc_row wpb_row vc_row-fluid\"><div class=\"wpb_column vc_column_container vc_col-sm-12\"><div class=\"vc_column-inner\"><div class=\"wpb_wrapper\">\t\t<div id=\"gallery_677\" class=\"wd-images-gallery wd-wpb wd-animation-slide-from-bottom wd-animation-normal wd_delay_200 wd-rs-684ed8567f5cc wd-carousel-container wd-wpb\" style=\"--wd-justify-content:center;--wd-align-items:center;\">\n\t\t\t\t\t\t\t<div class=\"wd-carousel-inner\">\n\t\t\t\n\t\t\t<div class=\"wd-carousel wd-grid\"data-wrap=\"yes\" data-scroll_per_page=\"yes\" style=\"--wd-col-lg:1.5;--wd-col-md:1;--wd-col-sm:1;--wd-gap-lg:6px;\">\n\t\t\t\t\t\t\t\t\t<div class=\"wd-carousel-wrap\">\n\t\t\t\t\n\t\t\t\t\t\t\t\t\t\t\t\t\t\t\t<div class=\"wd-gallery-item wd-carousel-item\">\n\t\t\t\t\t\t\t\n\t\t\t\t\t\t\t\t<img loading=\"lazy\" decoding=\"async\" width=\"1973\" height=\"1279\" src=\"https:\/\/nobelexpo.com\/wp-content\/uploads\/2025\/06\/hikayemiz1.jpg\" class=\"wd-gallery-image image-1\" alt=\"\" srcset=\"https:\/\/nobelexpo.com\/wp-content\/uploads\/2025\/06\/hikayemiz1.jpg 1973w, https:\/\/nobelexpo.com\/wp-content\/uploads\/2025\/06\/hikayemiz1-300x194.jpg 300w, https:\/\/nobelexpo.com\/wp-content\/uploads\/2025\/06\/hikayemiz1-1024x664.jpg 1024w, https:\/\/nobelexpo.com\/wp-content\/uploads\/2025\/06\/hikayemiz1-768x498.jpg 768w, https:\/\/nobelexpo.com\/wp-content\/uploads\/2025\/06\/hikayemiz1-1536x996.jpg 1536w\" sizes=\"auto, (max-width: 1973px) 100vw, 1973px\" \/>\n\t\t\t\t\t\t\t\t\t\t\t\t\t\t<\/div>\n\t\t\t\t\t\t\t\t\t\t\t<div class=\"wd-gallery-item wd-carousel-item\">\n\t\t\t\t\t\t\t\n\t\t\t\t\t\t\t\t<img loading=\"lazy\" decoding=\"async\" width=\"1973\" height=\"1279\" src=\"https:\/\/nobelexpo.com\/wp-content\/uploads\/2025\/06\/hikayemiz3.jpg\" class=\"wd-gallery-image image-2\" alt=\"\" srcset=\"https:\/\/nobelexpo.com\/wp-content\/uploads\/2025\/06\/hikayemiz3.jpg 1973w, https:\/\/nobelexpo.com\/wp-content\/uploads\/2025\/06\/hikayemiz3-300x194.jpg 300w, https:\/\/nobelexpo.com\/wp-content\/uploads\/2025\/06\/hikayemiz3-1024x664.jpg 1024w, https:\/\/nobelexpo.com\/wp-content\/uploads\/2025\/06\/hikayemiz3-768x498.jpg 768w, https:\/\/nobelexpo.com\/wp-content\/uploads\/2025\/06\/hikayemiz3-1536x996.jpg 1536w\" sizes=\"auto, (max-width: 1973px) 100vw, 1973px\" \/>\n\t\t\t\t\t\t\t\t\t\t\t\t\t\t<\/div>\n\t\t\t\t\t\t\t\t\t\n\t\t\t\t\t\t\t\t\t<\/div>\n\t\t\t\t\t\t\t<\/div>\n\n\t\t\t\t\t\t\t\n\t\t\t\t<\/div>\n\n\t\t\t\t\t\t\t\t\t\t\t\t\t<\/div>\n\t\t<\/div><\/div><\/div><\/div>\n<\/div>","protected":false},"excerpt":{"rendered":"H\u0130K\u00c2YEM\u0130Z Nobel Expo\u2019nun hik\u00e2yesi, h\u0131zl\u0131 bir y\u00fckseli\u015fin ve yenilik\u00e7i bir vizyonun \u00f6yk\u00fcs\u00fcd\u00fcr. Bu ba\u015far\u0131, sadece h\u0131zl\u0131 b\u00fcy\u00fcmenin bir g\u00f6stergesi de\u011fil,","protected":false},"author":1,"featured_media":0,"parent":0,"menu_order":0,"comment_status":"closed","ping_status":"closed","template":"","meta":{"_acf_changed":false,"footnotes":""},"class_list":["post-108","page","type-page","status-publish","hentry"],"acf":[],"yoast_head":"<!-- This site is optimized with the Yoast SEO plugin v25.8 - https:\/\/yoast.com\/wordpress\/plugins\/seo\/ -->\n<title>Hikayemiz - Nobel Expo<\/title>\n<meta name=\"robots\" content=\"index, follow, max-snippet:-1, max-image-preview:large, max-video-preview:-1\" \/>\n<link rel=\"canonical\" href=\"https:\/\/nobelexpo.com\/en\/hikayemiz\/\" \/>\n<meta property=\"og:locale\" content=\"en_GB\" \/>\n<meta property=\"og:type\" content=\"article\" \/>\n<meta property=\"og:title\" content=\"Hikayemiz - Nobel Expo\" \/>\n<meta property=\"og:url\" content=\"https:\/\/nobelexpo.com\/en\/hikayemiz\/\" \/>\n<meta property=\"og:site_name\" content=\"Nobel Expo\" \/>\n<meta property=\"article:modified_time\" content=\"2025-06-15T14:35:37+00:00\" \/>\n<meta name=\"twitter:card\" content=\"summary_large_image\" \/>\n<meta name=\"twitter:label1\" content=\"Estimated reading time\" \/>\n\t<meta name=\"twitter:data1\" content=\"6 minutes\" \/>\n<script type=\"application\/ld+json\" class=\"yoast-schema-graph\">{\"@context\":\"https:\/\/schema.org\",\"@graph\":[{\"@type\":\"WebPage\",\"@id\":\"https:\/\/nobelexpo.com\/hikayemiz\/\",\"url\":\"https:\/\/nobelexpo.com\/hikayemiz\/\",\"name\":\"Hikayemiz - Nobel Expo\",\"isPartOf\":{\"@id\":\"https:\/\/nobelexpo.com\/#website\"},\"datePublished\":\"2025-06-15T14:26:21+00:00\",\"dateModified\":\"2025-06-15T14:35:37+00:00\",\"breadcrumb\":{\"@id\":\"https:\/\/nobelexpo.com\/hikayemiz\/#breadcrumb\"},\"inLanguage\":\"en-GB\",\"potentialAction\":[{\"@type\":\"ReadAction\",\"target\":[\"https:\/\/nobelexpo.com\/hikayemiz\/\"]}]},{\"@type\":\"BreadcrumbList\",\"@id\":\"https:\/\/nobelexpo.com\/hikayemiz\/#breadcrumb\",\"itemListElement\":[{\"@type\":\"ListItem\",\"position\":1,\"name\":\"Anasayfa\",\"item\":\"https:\/\/nobelexpo.com\/\"},{\"@type\":\"ListItem\",\"position\":2,\"name\":\"Hikayemiz\"}]},{\"@type\":\"WebSite\",\"@id\":\"https:\/\/nobelexpo.com\/#website\",\"url\":\"https:\/\/nobelexpo.com\/\",\"name\":\"Nobel Expo\",\"description\":\"Gelece\u011fin Fuarlar\u0131na \u015eimdi Kat\u0131l\",\"potentialAction\":[{\"@type\":\"SearchAction\",\"target\":{\"@type\":\"EntryPoint\",\"urlTemplate\":\"https:\/\/nobelexpo.com\/?s={search_term_string}\"},\"query-input\":{\"@type\":\"PropertyValueSpecification\",\"valueRequired\":true,\"valueName\":\"search_term_string\"}}],\"inLanguage\":\"en-GB\"}]}<\/script>\n<!-- \/ Yoast SEO plugin. -->","yoast_head_json":{"title":"Hikayemiz - Nobel Expo","robots":{"index":"index","follow":"follow","max-snippet":"max-snippet:-1","max-image-preview":"max-image-preview:large","max-video-preview":"max-video-preview:-1"},"canonical":"https:\/\/nobelexpo.com\/en\/hikayemiz\/","og_locale":"en_GB","og_type":"article","og_title":"Hikayemiz - Nobel Expo","og_url":"https:\/\/nobelexpo.com\/en\/hikayemiz\/","og_site_name":"Nobel Expo","article_modified_time":"2025-06-15T14:35:37+00:00","twitter_card":"summary_large_image","twitter_misc":{"Estimated reading time":"6 minutes"},"schema":{"@context":"https:\/\/schema.org","@graph":[{"@type":"WebPage","@id":"https:\/\/nobelexpo.com\/hikayemiz\/","url":"https:\/\/nobelexpo.com\/hikayemiz\/","name":"Hikayemiz - Nobel Expo","isPartOf":{"@id":"https:\/\/nobelexpo.com\/#website"},"datePublished":"2025-06-15T14:26:21+00:00","dateModified":"2025-06-15T14:35:37+00:00","breadcrumb":{"@id":"https:\/\/nobelexpo.com\/hikayemiz\/#breadcrumb"},"inLanguage":"en-GB","potentialAction":[{"@type":"ReadAction","target":["https:\/\/nobelexpo.com\/hikayemiz\/"]}]},{"@type":"BreadcrumbList","@id":"https:\/\/nobelexpo.com\/hikayemiz\/#breadcrumb","itemListElement":[{"@type":"ListItem","position":1,"name":"Anasayfa","item":"https:\/\/nobelexpo.com\/"},{"@type":"ListItem","position":2,"name":"Hikayemiz"}]},{"@type":"WebSite","@id":"https:\/\/nobelexpo.com\/#website","url":"https:\/\/nobelexpo.com\/","name":"Nobel Expo","description":"Join the Fairs of the Future Today","potentialAction":[{"@type":"SearchAction","target":{"@type":"EntryPoint","urlTemplate":"https:\/\/nobelexpo.com\/?s={search_term_string}"},"query-input":{"@type":"PropertyValueSpecification","valueRequired":true,"valueName":"search_term_string"}}],"inLanguage":"en-GB"}]}},"_links":{"self":[{"href":"https:\/\/nobelexpo.com\/en\/wp-json\/wp\/v2\/pages\/108","targetHints":{"allow":["GET"]}}],"collection":[{"href":"https:\/\/nobelexpo.com\/en\/wp-json\/wp\/v2\/pages"}],"about":[{"href":"https:\/\/nobelexpo.com\/en\/wp-json\/wp\/v2\/types\/page"}],"author":[{"embeddable":true,"href":"https:\/\/nobelexpo.com\/en\/wp-json\/wp\/v2\/users\/1"}],"replies":[{"embeddable":true,"href":"https:\/\/nobelexpo.com\/en\/wp-json\/wp\/v2\/comments?post=108"}],"version-history":[{"count":0,"href":"https:\/\/nobelexpo.com\/en\/wp-json\/wp\/v2\/pages\/108\/revisions"}],"wp:attachment":[{"href":"https:\/\/nobelexpo.com\/en\/wp-json\/wp\/v2\/media?parent=108"}],"curies":[{"name":"wp","href":"https:\/\/api.w.org\/{rel}","templated":true}]}}