{"id":124,"date":"2025-06-15T14:36:19","date_gmt":"2025-06-15T14:36:19","guid":{"rendered":"https:\/\/nobel.websitesunum.com.tr\/?page_id=124"},"modified":"2025-08-14T12:38:31","modified_gmt":"2025-08-14T12:38:31","slug":"vizyonumuz","status":"publish","type":"page","link":"https:\/\/nobelexpo.com\/en\/vizyonumuz\/","title":{"rendered":"Vision"},"content":{"rendered":"<div class=\"wpb-content-wrapper\"><div id=\"misyon-in\" class=\"vc_row wpb_row vc_row-fluid vc_custom_1750773961388 wd-rs-685ab0be0b4af\"><div class=\"wpb_column vc_column_container vc_col-sm-12\"><div class=\"vc_column-inner\"><div class=\"wpb_wrapper\">\n\t<div class=\"wpb_text_column wpb_content_element misyon-title1\" >\n\t\t<div class=\"wpb_wrapper\">\n\t\t\t<h1 style=\"text-align: center;\"><strong>OUR VISION<\/strong><\/h1>\n\n\t\t<\/div>\n\t<\/div>\n\n\t<div class=\"wpb_text_column wpb_content_element misyon-title2\" >\n\t\t<div class=\"wpb_wrapper\">\n\t\t\t<p class=\"font-weight-600 text-extra-dark-gray alt-font\" style=\"text-align: center;\">Through the trade fairs we organize globally, we aim to provide the most effective solutions to the challenges companies face in local and international markets and to redefine the boundaries of commerce.<\/p>\n\n\t\t<\/div>\n\t<\/div>\n\n\t<div class=\"wpb_text_column wpb_content_element b2b-desc\" >\n\t\t<div class=\"wpb_wrapper\">\n\t\t\t<p style=\"text-align: center;\"><em><strong>We aim to be a leading company in the B2B trade fair sector, helping businesses around the world realize and sustain their commercial potential. We understand the value of each participating company and strive to create an experience that responds to their needs, goals, and vision.<\/strong><\/em><\/p>\n\n\t\t<\/div>\n\t<\/div>\n<\/div><\/div><\/div><\/div><div id=\"row-vizyon\" class=\"vc_row wpb_row vc_row-fluid vc_custom_1755175111942 vc_row-has-fill wd-rs-689dd8858c033 wd-section-stretch\"><div class=\"wpb_column vc_column_container vc_col-sm-12\"><div class=\"vc_column-inner\"><div class=\"wpb_wrapper\">\n\t<div class=\"wpb_text_column wpb_content_element color-scheme-light\" >\n\t\t<div class=\"wpb_wrapper\">\n\t\t\t<p><span class=\"tirnak\">&#8220;<\/span><\/p>\n<h3 style=\"text-align: center;\">At Nobel Expo, our vision is to expand the boundaries of trade, enabling our participants to grow their markets and maximize their commercial potential.<\/h3>\n<p><span class=\"tirnak\">\"<\/span><\/p>\n\n\t\t<\/div>\n\t<\/div>\n<\/div><\/div><\/div><\/div><div class=\"nk-awb  nk-awb-after-vc_row\" ><div class=\"nk-awb-wrap\" data-awb-type=\"image\" data-awb-image-background-size=\"cover\" data-awb-image-background-position=\"center\"><div class=\"nk-awb-overlay\" style=\"background-color: #3A3A3ABF;\"><\/div><div  class=\"nk-awb-inner\"><img loading=\"lazy\" decoding=\"async\" width=\"1871\" height=\"1052\" src=\"https:\/\/nobelexpo.com\/wp-content\/uploads\/2025\/08\/189876318_l.jpg\" class=\"jarallax-img\" alt=\"\" style=\"object-position: center;\" srcset=\"https:\/\/nobelexpo.com\/wp-content\/uploads\/2025\/08\/189876318_l.jpg 1871w, https:\/\/nobelexpo.com\/wp-content\/uploads\/2025\/08\/189876318_l-300x169.jpg 300w, https:\/\/nobelexpo.com\/wp-content\/uploads\/2025\/08\/189876318_l-1024x576.jpg 1024w, https:\/\/nobelexpo.com\/wp-content\/uploads\/2025\/08\/189876318_l-768x432.jpg 768w, https:\/\/nobelexpo.com\/wp-content\/uploads\/2025\/08\/189876318_l-1536x864.jpg 1536w, https:\/\/nobelexpo.com\/wp-content\/uploads\/2025\/08\/189876318_l-18x10.jpg 18w, https:\/\/nobelexpo.com\/wp-content\/uploads\/2025\/08\/189876318_l-500x281.jpg 500w, https:\/\/nobelexpo.com\/wp-content\/uploads\/2025\/08\/189876318_l-800x450.jpg 800w, https:\/\/nobelexpo.com\/wp-content\/uploads\/2025\/08\/189876318_l-1280x720.jpg 1280w\" sizes=\"auto, (max-width: 1871px) 100vw, 1871px\" \/><\/div><\/div><\/div><div class=\"vc_row wpb_row vc_row-fluid vc_custom_1749998628469 wd-rs-684edc1e4110f\"><div class=\"wpb_column vc_column_container vc_col-sm-12\"><div class=\"vc_column-inner\"><div class=\"wpb_wrapper\">\n\t<div class=\"wpb_text_column wpb_content_element b2b-desc\" >\n\t\t<div class=\"wpb_wrapper\">\n\t\t\t<p style=\"text-align: center;\"><em><strong>Nobel Expo aims to be a strong and influential player in the ever-changing world of trade. This requires constant innovation, passion, and determination. Our innovative approaches and bold investments guide us in leading the industry and realizing our vision. To achieve our future goals, we will continue to closely monitor and understand industry trends and customer needs.<\/strong><\/em><\/p>\n\n\t\t<\/div>\n\t<\/div>\n<\/div><\/div><\/div><\/div><div id=\"row-imza\" class=\"vc_row wpb_row vc_row-fluid wd-rs-684edc0d7dedd\"><div class=\"wpb_column vc_column_container vc_col-sm-12\"><div class=\"vc_column-inner\"><div class=\"wpb_wrapper\">\n\t<div class=\"wpb_text_column wpb_content_element\" >\n\t\t<div class=\"wpb_wrapper\">\n\t\t\t<h2 style=\"text-align: center;\">Erhan \u00c7EL\u0130K<\/h2>\n<p style=\"text-align: center;\"><em>Chairman of the Board<\/em><\/p>\n\n\t\t<\/div>\n\t<\/div>\n\t\t<div id=\"wd-689dd85d3196c\" class=\"wd-image wd-wpb wd-rs-689dd85d3196c text-center\">\n\t\t\t\n\t\t\t<img loading=\"lazy\" decoding=\"async\" width=\"200\" height=\"40\" src=\"https:\/\/nobelexpo.com\/wp-content\/uploads\/2025\/06\/erhan-celik-imza-200x40.jpg\" class=\"attachment-200x40 size-200x40\" alt=\"\" srcset=\"https:\/\/nobelexpo.com\/wp-content\/uploads\/2025\/06\/erhan-celik-imza-200x40.jpg 200w, https:\/\/nobelexpo.com\/wp-content\/uploads\/2025\/06\/erhan-celik-imza-250x50.jpg 250w\" sizes=\"auto, (max-width: 200px) 100vw, 200px\" \/>\n\t\t\t\t\t<\/div>\n\t\t<\/div><\/div><\/div><\/div>\n<\/div>","protected":false},"excerpt":{"rendered":"V\u0130ZYONUMUZ K\u00fcresel \u00e7apta d\u00fczenledi\u011fimiz fuarlarla, firmalar\u0131n yerel ve uluslararas\u0131 pazarlarda kar\u015f\u0131la\u015ft\u0131klar\u0131 zorluklara en do\u011fru \u00e7\u00f6z\u00fcmleri sunmak ve ticaretin s\u0131n\u0131rlar\u0131n\u0131 yeniden","protected":false},"author":1,"featured_media":0,"parent":0,"menu_order":0,"comment_status":"closed","ping_status":"closed","template":"","meta":{"_acf_changed":false,"footnotes":""},"class_list":["post-124","page","type-page","status-publish","hentry"],"acf":[],"yoast_head":"<!-- This site is optimized with the Yoast SEO plugin v25.8 - https:\/\/yoast.com\/wordpress\/plugins\/seo\/ -->\n<title>Vizyonumuz - Nobel Expo<\/title>\n<meta name=\"robots\" content=\"index, follow, max-snippet:-1, max-image-preview:large, max-video-preview:-1\" \/>\n<link rel=\"canonical\" href=\"https:\/\/nobelexpo.com\/en\/vizyonumuz\/\" \/>\n<meta property=\"og:locale\" content=\"en_GB\" \/>\n<meta property=\"og:type\" content=\"article\" \/>\n<meta property=\"og:title\" content=\"Vizyonumuz - Nobel Expo\" \/>\n<meta property=\"og:url\" content=\"https:\/\/nobelexpo.com\/en\/vizyonumuz\/\" \/>\n<meta property=\"og:site_name\" content=\"Nobel Expo\" \/>\n<meta property=\"article:modified_time\" content=\"2025-08-14T12:38:31+00:00\" \/>\n<meta name=\"twitter:card\" content=\"summary_large_image\" \/>\n<meta name=\"twitter:label1\" content=\"Estimated reading time\" \/>\n\t<meta name=\"twitter:data1\" content=\"4 minutes\" \/>\n<script type=\"application\/ld+json\" class=\"yoast-schema-graph\">{\"@context\":\"https:\/\/schema.org\",\"@graph\":[{\"@type\":\"WebPage\",\"@id\":\"https:\/\/nobelexpo.com\/vizyonumuz\/\",\"url\":\"https:\/\/nobelexpo.com\/vizyonumuz\/\",\"name\":\"Vizyonumuz - Nobel Expo\",\"isPartOf\":{\"@id\":\"https:\/\/nobelexpo.com\/#website\"},\"datePublished\":\"2025-06-15T14:36:19+00:00\",\"dateModified\":\"2025-08-14T12:38:31+00:00\",\"breadcrumb\":{\"@id\":\"https:\/\/nobelexpo.com\/vizyonumuz\/#breadcrumb\"},\"inLanguage\":\"en-GB\",\"potentialAction\":[{\"@type\":\"ReadAction\",\"target\":[\"https:\/\/nobelexpo.com\/vizyonumuz\/\"]}]},{\"@type\":\"BreadcrumbList\",\"@id\":\"https:\/\/nobelexpo.com\/vizyonumuz\/#breadcrumb\",\"itemListElement\":[{\"@type\":\"ListItem\",\"position\":1,\"name\":\"Anasayfa\",\"item\":\"https:\/\/nobelexpo.com\/\"},{\"@type\":\"ListItem\",\"position\":2,\"name\":\"Vizyonumuz\"}]},{\"@type\":\"WebSite\",\"@id\":\"https:\/\/nobelexpo.com\/#website\",\"url\":\"https:\/\/nobelexpo.com\/\",\"name\":\"Nobel Expo\",\"description\":\"Gelece\u011fin Fuarlar\u0131na \u015eimdi Kat\u0131l\",\"potentialAction\":[{\"@type\":\"SearchAction\",\"target\":{\"@type\":\"EntryPoint\",\"urlTemplate\":\"https:\/\/nobelexpo.com\/?s={search_term_string}\"},\"query-input\":{\"@type\":\"PropertyValueSpecification\",\"valueRequired\":true,\"valueName\":\"search_term_string\"}}],\"inLanguage\":\"en-GB\"}]}<\/script>\n<!-- \/ Yoast SEO plugin. -->","yoast_head_json":{"title":"Vizyonumuz - Nobel Expo","robots":{"index":"index","follow":"follow","max-snippet":"max-snippet:-1","max-image-preview":"max-image-preview:large","max-video-preview":"max-video-preview:-1"},"canonical":"https:\/\/nobelexpo.com\/en\/vizyonumuz\/","og_locale":"en_GB","og_type":"article","og_title":"Vizyonumuz - Nobel Expo","og_url":"https:\/\/nobelexpo.com\/en\/vizyonumuz\/","og_site_name":"Nobel Expo","article_modified_time":"2025-08-14T12:38:31+00:00","twitter_card":"summary_large_image","twitter_misc":{"Estimated reading time":"4 minutes"},"schema":{"@context":"https:\/\/schema.org","@graph":[{"@type":"WebPage","@id":"https:\/\/nobelexpo.com\/vizyonumuz\/","url":"https:\/\/nobelexpo.com\/vizyonumuz\/","name":"Vizyonumuz - Nobel Expo","isPartOf":{"@id":"https:\/\/nobelexpo.com\/#website"},"datePublished":"2025-06-15T14:36:19+00:00","dateModified":"2025-08-14T12:38:31+00:00","breadcrumb":{"@id":"https:\/\/nobelexpo.com\/vizyonumuz\/#breadcrumb"},"inLanguage":"en-GB","potentialAction":[{"@type":"ReadAction","target":["https:\/\/nobelexpo.com\/vizyonumuz\/"]}]},{"@type":"BreadcrumbList","@id":"https:\/\/nobelexpo.com\/vizyonumuz\/#breadcrumb","itemListElement":[{"@type":"ListItem","position":1,"name":"Anasayfa","item":"https:\/\/nobelexpo.com\/"},{"@type":"ListItem","position":2,"name":"Vizyonumuz"}]},{"@type":"WebSite","@id":"https:\/\/nobelexpo.com\/#website","url":"https:\/\/nobelexpo.com\/","name":"Nobel Expo","description":"Join the Fairs of the Future Today","potentialAction":[{"@type":"SearchAction","target":{"@type":"EntryPoint","urlTemplate":"https:\/\/nobelexpo.com\/?s={search_term_string}"},"query-input":{"@type":"PropertyValueSpecification","valueRequired":true,"valueName":"search_term_string"}}],"inLanguage":"en-GB"}]}},"_links":{"self":[{"href":"https:\/\/nobelexpo.com\/en\/wp-json\/wp\/v2\/pages\/124","targetHints":{"allow":["GET"]}}],"collection":[{"href":"https:\/\/nobelexpo.com\/en\/wp-json\/wp\/v2\/pages"}],"about":[{"href":"https:\/\/nobelexpo.com\/en\/wp-json\/wp\/v2\/types\/page"}],"author":[{"embeddable":true,"href":"https:\/\/nobelexpo.com\/en\/wp-json\/wp\/v2\/users\/1"}],"replies":[{"embeddable":true,"href":"https:\/\/nobelexpo.com\/en\/wp-json\/wp\/v2\/comments?post=124"}],"version-history":[{"count":0,"href":"https:\/\/nobelexpo.com\/en\/wp-json\/wp\/v2\/pages\/124\/revisions"}],"wp:attachment":[{"href":"https:\/\/nobelexpo.com\/en\/wp-json\/wp\/v2\/media?parent=124"}],"curies":[{"name":"wp","href":"https:\/\/api.w.org\/{rel}","templated":true}]}}