{"id":20,"date":"2025-06-14T16:03:20","date_gmt":"2025-06-14T16:03:20","guid":{"rendered":"https:\/\/nobel.websitesunum.com.tr\/?page_id=20"},"modified":"2025-07-10T07:38:22","modified_gmt":"2025-07-10T07:38:22","slug":"b2b-eslestirme","status":"publish","type":"page","link":"https:\/\/nobelexpo.com\/en\/b2b-eslestirme\/","title":{"rendered":"B2B Matchmaking"},"content":{"rendered":"<div class=\"wpb-content-wrapper\"><div id=\"b2b-in\" class=\"vc_row wpb_row vc_row-fluid wpb_animate_when_almost_visible wpb_wd-slide-from-bottom wd-slide-from-bottom vc_custom_1750775979529 wd-rs-685ab8a30544c\"><div class=\"wpb_column vc_column_container vc_col-sm-12\"><div class=\"vc_column-inner\"><div class=\"wpb_wrapper\">\n\t<div class=\"wpb_text_column wpb_content_element\" >\n\t\t<div class=\"wpb_wrapper\">\n\t\t\t<h1><strong>B2B Matchmaking and Buyer Delegation Program:<\/strong><\/h1>\n\n\t\t<\/div>\n\t<\/div>\n\n\t<div class=\"wpb_text_column wpb_content_element b2b-title2\" >\n\t\t<div class=\"wpb_wrapper\">\n\t\t\t<p class=\"font-weight-600 text-extra-dark-gray alt-font\">Nobel Expo\u2019s Superior Services<\/p>\n\n\t\t<\/div>\n\t<\/div>\n\n\t<div class=\"wpb_text_column wpb_content_element b2b-desc\" >\n\t\t<div class=\"wpb_wrapper\">\n\t\t\t<p>At Nobel Expo, we are well aware that trade fairs are not merely focused on a single point. With our superior services designed to help you build the right connections to grow your business, we enable you to stay one step ahead of the competition. This is exactly where our B2B matchmaking and buyer delegation programs come into play. Nobel Expo, spanning Europe, America, Asia, and Africa\u00a0<strong><a href=\"https:\/\/nobelexpo.com\/en\/ofislerimiz.php\/\">trade offices on 4 continents<\/a><\/strong>\u00a0and thanks to its strong ties with commercial attach\u00e9s in these countries, you will be able to find customers from all around the world.<\/p>\n\n\t\t<\/div>\n\t<\/div>\n<\/div><\/div><\/div><\/div><div id=\"row-c\" class=\"vc_row wpb_row vc_row-fluid wpb_animate_when_almost_visible wpb_wd-slide-from-bottom wd-slide-from-bottom vc_custom_1750775987063 vc_row-has-fill wd-rs-685ab89e81a73 wd-section-stretch\"><div class=\"wpb_column vc_column_container vc_col-sm-12\"><div class=\"vc_column-inner\"><div class=\"wpb_wrapper\"><div class=\"vc_icon_element vc_icon_element-outer vc_do_icon vc_icon_element-align-center\"><div class=\"vc_icon_element-inner vc_icon_element-color-custom vc_icon_element-size-lg vc_icon_element-style- vc_icon_element-background-color-grey\" ><span class=\"vc_icon_element-icon fa fa-solid fa-quote-left\" style=\"color:#EE7202 !important\"><\/span><\/div><\/div>\n\t<div class=\"wpb_text_column wpb_content_element\" >\n\t\t<div class=\"wpb_wrapper\">\n\t\t\t<h5 style=\"text-align: center;\"><strong>'C-Level'<\/strong> or through the B2B meetings you will hold with executives who have decision-making authority,<br \/>\n<strong>more easily achieve your commercial goals<\/strong> you will reach.<\/h5>\n\n\t\t<\/div>\n\t<\/div>\n<div class=\"vc_icon_element vc_icon_element-outer vc_do_icon vc_icon_element-align-center\"><div class=\"vc_icon_element-inner vc_icon_element-color-custom vc_icon_element-size-lg vc_icon_element-style- vc_icon_element-background-color-grey\" ><span class=\"vc_icon_element-icon fa fa-solid fa-quote-right\" style=\"color:#EE7202 !important\"><\/span><\/div><\/div><\/div><\/div><\/div><\/div><div id=\"row-gorselke\" class=\"vc_row wpb_row vc_row-fluid wpb_animate_when_almost_visible wpb_wd-slide-from-bottom wd-slide-from-bottom wd-rs-685ab8b23a43d wd-section-stretch-content-no-pd\"><div class=\"wpb_column vc_column_container vc_col-sm-6\"><div class=\"vc_column-inner\"><div class=\"wpb_wrapper\">\t\t<div id=\"wd-685aa8d0a2bc4\" class=\"wd-image wd-wpb wd-rs-685aa8d0a2bc4 text-center\">\n\t\t\t\n\t\t\t<img loading=\"lazy\" decoding=\"async\" width=\"847\" height=\"702\" src=\"https:\/\/nobelexpo.com\/wp-content\/uploads\/2025\/06\/PHOTO-2025-06-24-11-09-13.jpg\" class=\"attachment-full size-full\" alt=\"\" srcset=\"https:\/\/nobelexpo.com\/wp-content\/uploads\/2025\/06\/PHOTO-2025-06-24-11-09-13.jpg 847w, https:\/\/nobelexpo.com\/wp-content\/uploads\/2025\/06\/PHOTO-2025-06-24-11-09-13-300x249.jpg 300w, https:\/\/nobelexpo.com\/wp-content\/uploads\/2025\/06\/PHOTO-2025-06-24-11-09-13-768x637.jpg 768w, https:\/\/nobelexpo.com\/wp-content\/uploads\/2025\/06\/PHOTO-2025-06-24-11-09-13-500x414.jpg 500w, https:\/\/nobelexpo.com\/wp-content\/uploads\/2025\/06\/PHOTO-2025-06-24-11-09-13-800x663.jpg 800w\" sizes=\"auto, (max-width: 847px) 100vw, 847px\" \/>\n\t\t\t\t\t<\/div>\n\t\t<\/div><\/div><\/div><div class=\"wpb_column vc_column_container vc_col-sm-6\"><div class=\"vc_column-inner\"><div class=\"wpb_wrapper\">\n\t\t\t<div id=\"carousel-717\" class=\"wd-carousel-container banners-carousel-wrapper   wd-rs-68594a5561fe6\">\n\t\t\t\t<div class=\"wd-carousel-inner\">\n\t\t\t\t\t<div class=\"wd-carousel wd-grid banners-carousel\" data-speed=\"5000\" data-autoplay=\"yes\" data-scroll_per_page=\"yes\" style=\"--wd-col-lg:1;--wd-col-md:1;--wd-col-sm:1;--wd-gap-lg:30px;--wd-gap-sm:10px;\">\n\t\t\t\t\t\t<div class=\"wd-carousel-wrap\">\n\t\t\t\t\t\t\t\t\t<div class=\"promo-banner-wrapper  wd-rs-686f6cff55c46  wd-carousel-item\">\n\t\t\t<div id=\"wd-686f6cff55c46\" class=\"promo-banner  banner-mask banner-hover-zoom color-scheme-light banner-btn-size-default banner-btn-style-default wd-width-enabled  with-btn banner-btn-position-static wd-with-link wd-underline-colored\" style=\"--wd-max-width: 80%;\">\n\t\t\t\t<div class=\"main-wrapp-img\">\n\t\t\t\t\t<div class=\"banner-image wd-bg-position-center\" >\n\t\t\t\t\t\t<img loading=\"lazy\" decoding=\"async\" width=\"1000\" height=\"1000\" src=\"https:\/\/nobelexpo.com\/wp-content\/uploads\/2025\/06\/b2b.webp\" class=\"attachment-full size-full\" alt=\"\" \/>\t\t\t\t\t<\/div>\n\t\t\t\t<\/div>\n\n\t\t\t\t<div class=\"wrapper-content-banner wd-fill  wd-items-middle wd-justify-center\">\n\t\t\t\t\t<div class=\"content-banner  text-center\">\n\t\t\t\t\t\t<div class=\"banner-subtitle subtitle-color-default subtitle-style-default wd-fontsize-xs wd-font-weight-\">01<\/div><h4 class=\"banner-title wd-font-weight- wd-fontsize-l\">LET THE RIGHT CUSTOMERS COME TO YOU<\/h4>\t\t\t\t\t\t\t\t\t\t\t\t\t<div class=\"banner-inner reset-last-child\">\n\t\t\t\t\t\t\t\t<\/p>\n<h3 style=\"text-align: center;\">B2B Matchmaking<\/h3>\n<p style=\"text-align: center;\">At Nobel Expo, we are aware that trade fairs are not just about renting space. With our B2B matchmaking and buyer delegation programs, developed to help you build the right connections that contribute to the growth of your business, we connect our participants with real trade opportunities.<\/p>\n<p>\n\t\t\t\t\t\t\t<\/div>\n\t\t\t\t\t\t\n\t\t\t\t\t\t\n\t\t\t\t\t\t<div class=\"banner-btn-wrapper\"><div id=\"wd-69f8e4d5920ef\" class=\"wd-button-wrapper text-center\"><a href=\"\/en\/hizmetlerimiz\/\" title=\"\" class=\"btn btn-color-primary btn-style-default btn-shape-rectangle btn-size-default\">Services<\/a><\/div><\/div>\t\t\t\t\t<\/div>\n\t\t\t\t<\/div>\n\n\t\t\t\t\t\t\t\t\t<a class=\"wd-promo-banner-link wd-fill\" aria-label=\"Banner link\" href=\"\/en\/hizmetlerimiz\/\" title=\"\"><\/a>\n\t\t\t\t\n\t\t\t\t\t\t\t<\/div>\n\t\t<\/div>\n\n\t\t\t\t<div class=\"promo-banner-wrapper  wd-rs-686f6dd610c0f  wd-carousel-item\">\n\t\t\t<div id=\"wd-686f6dd610c0f\" class=\"promo-banner  banner-mask banner-hover-zoom color-scheme-light banner-btn-size-default banner-btn-style-default wd-width-enabled  with-btn banner-btn-position-static wd-with-link wd-underline-colored\" style=\"--wd-max-width: 80%;\">\n\t\t\t\t<div class=\"main-wrapp-img\">\n\t\t\t\t\t<div class=\"banner-image wd-bg-position-center\" >\n\t\t\t\t\t\t<img loading=\"lazy\" decoding=\"async\" width=\"1000\" height=\"1000\" src=\"https:\/\/nobelexpo.com\/wp-content\/uploads\/2025\/06\/b2b.webp\" class=\"attachment-full size-full\" alt=\"\" \/>\t\t\t\t\t<\/div>\n\t\t\t\t<\/div>\n\n\t\t\t\t<div class=\"wrapper-content-banner wd-fill  wd-items-middle wd-justify-center\">\n\t\t\t\t\t<div class=\"content-banner  text-center\">\n\t\t\t\t\t\t<div class=\"banner-subtitle subtitle-color-default subtitle-style-default wd-fontsize-xs wd-font-weight-\">02<\/div><h4 class=\"banner-title wd-font-weight- wd-fontsize-l\">YOUR STAND WILL NEVER BE EMPTY<\/h4>\t\t\t\t\t\t\t\t\t\t\t\t\t<div class=\"banner-inner reset-last-child\">\n\t\t\t\t\t\t\t\t<\/p>\n<h3 style=\"text-align: center;\">BUYER DELEGATION PROGRAM<\/h3>\n<p style=\"text-align: center;\">With our trade offices in Europe, America, Asia, and Africa, and the strong collaborations we have established with commercial attach\u00e9s in these regions, we bring you together with buyers from all around the world on the same platform. Thanks to Nobel Expo\u2019s international network, stay one step ahead of the competition and enter global markets with confidence.<\/p>\n<p>\n\t\t\t\t\t\t\t<\/div>\n\t\t\t\t\t\t\n\t\t\t\t\t\t\n\t\t\t\t\t\t<div class=\"banner-btn-wrapper\"><div id=\"wd-69f8e4d592451\" class=\"wd-button-wrapper text-center\"><a href=\"\/en\/hizmetlerimiz\/\" title=\"\" class=\"btn btn-color-primary btn-style-default btn-shape-rectangle btn-size-default\">Services<\/a><\/div><\/div>\t\t\t\t\t<\/div>\n\t\t\t\t<\/div>\n\n\t\t\t\t\t\t\t\t\t<a class=\"wd-promo-banner-link wd-fill\" aria-label=\"Banner link\" href=\"\/en\/hizmetlerimiz\/\" title=\"\"><\/a>\n\t\t\t\t\n\t\t\t\t\t\t\t<\/div>\n\t\t<\/div>\n\n\t\t\t\t\t\t\t\t<\/div>\n\t\t\t\t\t<\/div>\n\n\t\t\t\t\t\t\t\t\t\t\t\t\t<div class=\"wd-nav-arrows wd-pos-sep wd-hover-1 wd-icon-1\">\n\t\t\t<div class=\"wd-btn-arrow wd-prev wd-disabled\">\n\t\t\t\t<div class=\"wd-arrow-inner\"><\/div>\n\t\t\t<\/div>\n\t\t\t<div class=\"wd-btn-arrow wd-next\">\n\t\t\t\t<div class=\"wd-arrow-inner\"><\/div>\n\t\t\t<\/div>\n\t\t<\/div>\n\t\t\t\t\t\t\t\t\t\t\t<\/div>\n\n\t\t\t\t\t\t\t\t\t\t\t<\/div>\n\n\t\t<\/div><\/div><\/div><\/div>\n<\/div>","protected":false},"excerpt":{"rendered":"B2B E\u015fle\u015ftirme ve Al\u0131m Heyeti Program\u0131: Nobel Expo\u2019nun \u00dcst\u00fcn Hizmetleri Nobel Expo olarak bizler, ticaret fuarlar\u0131n\u0131n sadece bir noktaya odaklanmad\u0131\u011f\u0131n\u0131n","protected":false},"author":1,"featured_media":0,"parent":0,"menu_order":0,"comment_status":"closed","ping_status":"closed","template":"","meta":{"_acf_changed":false,"footnotes":""},"class_list":["post-20","page","type-page","status-publish","hentry"],"acf":[],"yoast_head":"<!-- This site is optimized with the Yoast SEO plugin v25.8 - https:\/\/yoast.com\/wordpress\/plugins\/seo\/ -->\n<title>B2B E\u015fle\u015ftirme - Nobel Expo<\/title>\n<meta name=\"robots\" content=\"index, follow, max-snippet:-1, max-image-preview:large, max-video-preview:-1\" \/>\n<link rel=\"canonical\" href=\"https:\/\/nobelexpo.com\/en\/b2b-eslestirme\/\" \/>\n<meta property=\"og:locale\" content=\"en_GB\" \/>\n<meta property=\"og:type\" content=\"article\" \/>\n<meta property=\"og:title\" content=\"B2B E\u015fle\u015ftirme - Nobel Expo\" \/>\n<meta property=\"og:url\" content=\"https:\/\/nobelexpo.com\/en\/b2b-eslestirme\/\" \/>\n<meta property=\"og:site_name\" content=\"Nobel Expo\" \/>\n<meta property=\"article:modified_time\" content=\"2025-07-10T07:38:22+00:00\" \/>\n<meta name=\"twitter:card\" content=\"summary_large_image\" \/>\n<meta name=\"twitter:label1\" content=\"Estimated reading time\" \/>\n\t<meta name=\"twitter:data1\" content=\"6 minutes\" \/>\n<script type=\"application\/ld+json\" class=\"yoast-schema-graph\">{\"@context\":\"https:\/\/schema.org\",\"@graph\":[{\"@type\":\"WebPage\",\"@id\":\"https:\/\/nobelexpo.com\/b2b-eslestirme\/\",\"url\":\"https:\/\/nobelexpo.com\/b2b-eslestirme\/\",\"name\":\"B2B E\u015fle\u015ftirme - Nobel Expo\",\"isPartOf\":{\"@id\":\"https:\/\/nobelexpo.com\/#website\"},\"datePublished\":\"2025-06-14T16:03:20+00:00\",\"dateModified\":\"2025-07-10T07:38:22+00:00\",\"breadcrumb\":{\"@id\":\"https:\/\/nobelexpo.com\/b2b-eslestirme\/#breadcrumb\"},\"inLanguage\":\"en-GB\",\"potentialAction\":[{\"@type\":\"ReadAction\",\"target\":[\"https:\/\/nobelexpo.com\/b2b-eslestirme\/\"]}]},{\"@type\":\"BreadcrumbList\",\"@id\":\"https:\/\/nobelexpo.com\/b2b-eslestirme\/#breadcrumb\",\"itemListElement\":[{\"@type\":\"ListItem\",\"position\":1,\"name\":\"Anasayfa\",\"item\":\"https:\/\/nobelexpo.com\/\"},{\"@type\":\"ListItem\",\"position\":2,\"name\":\"B2B E\u015fle\u015ftirme\"}]},{\"@type\":\"WebSite\",\"@id\":\"https:\/\/nobelexpo.com\/#website\",\"url\":\"https:\/\/nobelexpo.com\/\",\"name\":\"Nobel Expo\",\"description\":\"Gelece\u011fin Fuarlar\u0131na \u015eimdi Kat\u0131l\",\"potentialAction\":[{\"@type\":\"SearchAction\",\"target\":{\"@type\":\"EntryPoint\",\"urlTemplate\":\"https:\/\/nobelexpo.com\/?s={search_term_string}\"},\"query-input\":{\"@type\":\"PropertyValueSpecification\",\"valueRequired\":true,\"valueName\":\"search_term_string\"}}],\"inLanguage\":\"en-GB\"}]}<\/script>\n<!-- \/ Yoast SEO plugin. -->","yoast_head_json":{"title":"B2B E\u015fle\u015ftirme - Nobel Expo","robots":{"index":"index","follow":"follow","max-snippet":"max-snippet:-1","max-image-preview":"max-image-preview:large","max-video-preview":"max-video-preview:-1"},"canonical":"https:\/\/nobelexpo.com\/en\/b2b-eslestirme\/","og_locale":"en_GB","og_type":"article","og_title":"B2B E\u015fle\u015ftirme - Nobel Expo","og_url":"https:\/\/nobelexpo.com\/en\/b2b-eslestirme\/","og_site_name":"Nobel Expo","article_modified_time":"2025-07-10T07:38:22+00:00","twitter_card":"summary_large_image","twitter_misc":{"Estimated reading time":"6 minutes"},"schema":{"@context":"https:\/\/schema.org","@graph":[{"@type":"WebPage","@id":"https:\/\/nobelexpo.com\/b2b-eslestirme\/","url":"https:\/\/nobelexpo.com\/b2b-eslestirme\/","name":"B2B E\u015fle\u015ftirme - Nobel Expo","isPartOf":{"@id":"https:\/\/nobelexpo.com\/#website"},"datePublished":"2025-06-14T16:03:20+00:00","dateModified":"2025-07-10T07:38:22+00:00","breadcrumb":{"@id":"https:\/\/nobelexpo.com\/b2b-eslestirme\/#breadcrumb"},"inLanguage":"en-GB","potentialAction":[{"@type":"ReadAction","target":["https:\/\/nobelexpo.com\/b2b-eslestirme\/"]}]},{"@type":"BreadcrumbList","@id":"https:\/\/nobelexpo.com\/b2b-eslestirme\/#breadcrumb","itemListElement":[{"@type":"ListItem","position":1,"name":"Anasayfa","item":"https:\/\/nobelexpo.com\/"},{"@type":"ListItem","position":2,"name":"B2B E\u015fle\u015ftirme"}]},{"@type":"WebSite","@id":"https:\/\/nobelexpo.com\/#website","url":"https:\/\/nobelexpo.com\/","name":"Nobel Expo","description":"Join the Fairs of the Future Today","potentialAction":[{"@type":"SearchAction","target":{"@type":"EntryPoint","urlTemplate":"https:\/\/nobelexpo.com\/?s={search_term_string}"},"query-input":{"@type":"PropertyValueSpecification","valueRequired":true,"valueName":"search_term_string"}}],"inLanguage":"en-GB"}]}},"_links":{"self":[{"href":"https:\/\/nobelexpo.com\/en\/wp-json\/wp\/v2\/pages\/20","targetHints":{"allow":["GET"]}}],"collection":[{"href":"https:\/\/nobelexpo.com\/en\/wp-json\/wp\/v2\/pages"}],"about":[{"href":"https:\/\/nobelexpo.com\/en\/wp-json\/wp\/v2\/types\/page"}],"author":[{"embeddable":true,"href":"https:\/\/nobelexpo.com\/en\/wp-json\/wp\/v2\/users\/1"}],"replies":[{"embeddable":true,"href":"https:\/\/nobelexpo.com\/en\/wp-json\/wp\/v2\/comments?post=20"}],"version-history":[{"count":0,"href":"https:\/\/nobelexpo.com\/en\/wp-json\/wp\/v2\/pages\/20\/revisions"}],"wp:attachment":[{"href":"https:\/\/nobelexpo.com\/en\/wp-json\/wp\/v2\/media?parent=20"}],"curies":[{"name":"wp","href":"https:\/\/api.w.org\/{rel}","templated":true}]}}