{"id":105,"date":"2025-06-15T14:19:58","date_gmt":"2025-06-15T14:19:58","guid":{"rendered":"https:\/\/nobel.websitesunum.com.tr\/?page_id=105"},"modified":"2025-08-14T12:39:45","modified_gmt":"2025-08-14T12:39:45","slug":"hizmetlerimiz","status":"publish","type":"page","link":"https:\/\/nobelexpo.com\/es\/hizmetlerimiz\/","title":{"rendered":"Nuestros servicios"},"content":{"rendered":"<div class=\"wpb-content-wrapper\"><div class=\"vc_row wpb_row vc_row-fluid vc_custom_1750685076115 wd-rs-6859558a33f17\"><div class=\"wpb_column vc_column_container vc_col-sm-12\"><div class=\"vc_column-inner\"><div class=\"wpb_wrapper\">\n\t<div class=\"wpb_text_column wpb_content_element\" >\n\t\t<div class=\"wpb_wrapper\">\n\t\t\t<p style=\"text-align: center;\">Nobel Expo le ofrece<\/p>\n<h1 style=\"text-align: center;\"><strong>ADEL\u00c1NTESE A SUS COMPETIDORES CON SERVICIOS SUPERIORES<\/strong><\/h1>\n\n\t\t<\/div>\n\t<\/div>\n<\/div><\/div><\/div><\/div><div id=\"hizmetlerimiz-bilgi\" class=\"vc_row wpb_row vc_row-fluid vc_custom_1755171250766 vc_row-has-fill vc_column-gap-30 wd-rs-689dc9a0775fe wd-section-stretch\"><div class=\"wpb_column vc_column_container vc_col-sm-12\"><div class=\"vc_column-inner\"><div class=\"wpb_wrapper\"><div class=\"vc_row wpb_row vc_inner vc_row-fluid vc_custom_1750685131472 vc_row-has-fill vc_column-gap-10 wd-rs-685955c03bc8e\"><div class=\"wpb_column vc_column_container vc_col-sm-4 wd-rs-684ee0dfa03e3\"><div class=\"vc_column-inner\"><div class=\"wpb_wrapper\">\t\t\t<div class=\"info-box-wrapper\">\n\t\t\t\t<div id=\"wd-689dcbaa3855f\" class=\"wd-animation-slide-from-bottom wd-animation-normal wd_delay_100 wd-rs-689dcbaa3855f wd-info-box wd-wpb text-left box-icon-align-top box-style- color-scheme- wd-bg-none with-btn box-btn-static\">\n\t\t\t\t\t\t\t\t\t\t<div class=\"info-box-content\">\n\t\t\t\t\t\t<h2 class=\"info-box-title title box-title-style-default wd-fontsize-m\">AGENCIA Y MARKETING<\/h2>\t\t\t\t\t\t<div class=\"info-box-inner reset-last-child\"><p>Aseg\u00farese de que sus productos y servicios llegan a los clientes adecuados utilizando las eficaces herramientas de marketing de Nobel Media. Siga promocionando su empresa y su marca no solo durante la feria, sino tambi\u00e9n antes y despu\u00e9s de ella.<\/p>\n<\/div>\n\n\t\t\t\t\t\t<div class=\"info-btn-wrapper\"><div id=\"wd-69e0c9ef16491\" class=\"wd-button-wrapper text-left\"><a href=\"\/es\/iletisim\/\" title=\"\" class=\"btn btn-color-alt btn-style-link btn-shape-rectangle btn-size-large btn-icon-pos-right\">CLIC PARA CONTACTO<span class=\"wd-btn-icon\"><span class=\"wd-icon fa fa-solid fa-right-long\"><\/span><\/span><\/a><\/div><\/div>\t\t\t\t\t<\/div>\n\n\t\t\t\t\t\n\t\t\t\t\t<style><\/style>\t\t\t\t<\/div>\n\t\t\t<\/div>\n\t\t<\/div><\/div><\/div><div class=\"wpb_column vc_column_container vc_col-sm-4\"><div class=\"vc_column-inner\"><div class=\"wpb_wrapper\">\t\t\t<div class=\"info-box-wrapper\">\n\t\t\t\t<div id=\"wd-689dcbb12ef6d\" class=\"wd-animation-slide-from-bottom wd-animation-normal wd_delay_100 wd-rs-689dcbb12ef6d wd-info-box wd-wpb text-left box-icon-align-top box-style- color-scheme- wd-bg-none with-btn box-btn-static\">\n\t\t\t\t\t\t\t\t\t\t<div class=\"info-box-content\">\n\t\t\t\t\t\t<h2 class=\"info-box-title title box-title-style-default wd-fontsize-m\">LOG\u00cdSTICA Y STAND<\/h2>\t\t\t\t\t\t<div class=\"info-box-inner reset-last-child\"><p>Marque la diferencia y destaque entre sus competidores en las ferias a las que asista con el transporte m\u00e1s fiable y los servicios de stand de dise\u00f1o m\u00e1s modernos. P\u00f3ngase en contacto con nosotros ahora para todos estos servicios operativos y mucho m\u00e1s.<\/p>\n<\/div>\n\n\t\t\t\t\t\t<div class=\"info-btn-wrapper\"><div id=\"wd-69e0c9ef16759\" class=\"wd-button-wrapper text-left\"><a href=\"\/es\/iletisim\/\" title=\"\" class=\"btn btn-color-alt btn-style-link btn-shape-rectangle btn-size-large btn-icon-pos-right\">CLIC PARA CONTACTO<span class=\"wd-btn-icon\"><span class=\"wd-icon fa fa-solid fa-right-long\"><\/span><\/span><\/a><\/div><\/div>\t\t\t\t\t<\/div>\n\n\t\t\t\t\t\n\t\t\t\t\t<style><\/style>\t\t\t\t<\/div>\n\t\t\t<\/div>\n\t\t<\/div><\/div><\/div><div class=\"wpb_column vc_column_container vc_col-sm-4\"><div class=\"vc_column-inner\"><div class=\"wpb_wrapper\">\t\t\t<div class=\"info-box-wrapper\">\n\t\t\t\t<div id=\"wd-689dcbb75061f\" class=\"wd-animation-slide-from-bottom wd-animation-normal wd_delay_100 wd-rs-689dcbb75061f wd-info-box wd-wpb text-left box-icon-align-top box-style- color-scheme- wd-bg-none with-btn box-btn-static\">\n\t\t\t\t\t\t\t\t\t\t<div class=\"info-box-content\">\n\t\t\t\t\t\t<h2 class=\"info-box-title title box-title-style-default wd-fontsize-m\">INCENTIVOS Y SUBVENCIONES JUSTOS<\/h2>\t\t\t\t\t\t<div class=\"info-box-inner reset-last-child\"><p>\u00bfCu\u00e1les son los pa\u00edses objetivo, cu\u00e1ntos incentivos o subvenciones podr\u00e1 recibir en las ferias a las que asista y en qu\u00e9 pa\u00edses? Nuestra secci\u00f3n de incentivos para ferias estar\u00e1 siempre a su lado para darle respuesta a todas estas preguntas y a muchas m\u00e1s.<\/p>\n<\/div>\n\n\t\t\t\t\t\t<div class=\"info-btn-wrapper\"><div id=\"wd-69e0c9ef169b9\" class=\"wd-button-wrapper text-left\"><a href=\"\/es\/iletisim\/\" title=\"\" class=\"btn btn-color-alt btn-style-link btn-shape-rectangle btn-size-large btn-icon-pos-right\">CLIC PARA CONTACTO<span class=\"wd-btn-icon\"><span class=\"wd-icon fa fa-solid fa-right-long\"><\/span><\/span><\/a><\/div><\/div>\t\t\t\t\t<\/div>\n\n\t\t\t\t\t\n\t\t\t\t\t<style><\/style>\t\t\t\t<\/div>\n\t\t\t<\/div>\n\t\t<\/div><\/div><\/div><\/div><div class=\"vc_row wpb_row vc_inner vc_row-fluid vc_custom_1750685131472 vc_row-has-fill vc_column-gap-10 wd-rs-685955c03bc8e\"><div class=\"wpb_column vc_column_container vc_col-sm-4 wd-rs-684ee0dfa03e3\"><div class=\"vc_column-inner\"><div class=\"wpb_wrapper\">\t\t\t<div class=\"info-box-wrapper\">\n\t\t\t\t<div id=\"wd-689dcbbd9dab9\" class=\"wd-animation-slide-from-bottom wd-animation-normal wd_delay_100 wd-rs-689dcbbd9dab9 wd-info-box wd-wpb text-left box-icon-align-top box-style- color-scheme- wd-bg-none with-btn box-btn-static\">\n\t\t\t\t\t\t\t\t\t\t<div class=\"info-box-content\">\n\t\t\t\t\t\t<h2 class=\"info-box-title title box-title-style-default wd-fontsize-m\">MATCHING B2B Y DELEGACIONES DE COMPRAS<\/h2>\t\t\t\t\t\t<div class=\"info-box-inner reset-last-child\"><p>Con nuestros exclusivos programas de B2B Matchmaking y Delegaci\u00f3n de Compradores, su stand nunca estar\u00e1 vac\u00edo. Con B2B Matchmaking, se reunir\u00e1 con el perfil de cliente al que se dirige, y con las Delegaciones de Compradores, llevar\u00e1 su producto y el conocimiento de su marca m\u00e1s all\u00e1 de las fronteras del pa\u00eds.<\/p>\n<\/div>\n\n\t\t\t\t\t\t<div class=\"info-btn-wrapper\"><div id=\"wd-69e0c9ef16d92\" class=\"wd-button-wrapper text-left\"><a href=\"\/es\/iletisim\/\" title=\"\" class=\"btn btn-color-alt btn-style-link btn-shape-rectangle btn-size-large btn-icon-pos-right\">CLIC PARA CONTACTO<span class=\"wd-btn-icon\"><span class=\"wd-icon fa fa-solid fa-right-long\"><\/span><\/span><\/a><\/div><\/div>\t\t\t\t\t<\/div>\n\n\t\t\t\t\t\n\t\t\t\t\t<style><\/style>\t\t\t\t<\/div>\n\t\t\t<\/div>\n\t\t<\/div><\/div><\/div><div class=\"wpb_column vc_column_container vc_col-sm-4\"><div class=\"vc_column-inner\"><div class=\"wpb_wrapper\">\t\t\t<div class=\"info-box-wrapper\">\n\t\t\t\t<div id=\"wd-689dd8fa65cb2\" class=\"wd-animation-slide-from-bottom wd-animation-normal wd_delay_100 wd-rs-689dd8fa65cb2 wd-info-box wd-wpb text-left box-icon-align-top box-style- color-scheme- wd-bg-none with-btn box-btn-static\">\n\t\t\t\t\t\t\t\t\t\t<div class=\"info-box-content\">\n\t\t\t\t\t\t<h2 class=\"info-box-title title box-title-style-default wd-fontsize-m\">TURISMO Y ALOJAMIENTO<\/h2>\t\t\t\t\t\t<div class=\"info-box-inner reset-last-child\"><p>Ya sea en Turqu\u00eda o en el extranjero, deje que nos ocupemos de su turismo y alojamiento encontrando las mejores y m\u00e1s adecuadas opciones para su participaci\u00f3n en la feria. Usted lim\u00edtese a centrarse en los preparativos de la feria, las presentaciones, los productos y las necesidades de los clientes.<\/p>\n<\/div>\n\n\t\t\t\t\t\t<div class=\"info-btn-wrapper\"><div id=\"wd-69e0c9ef16fc9\" class=\"wd-button-wrapper text-left\"><a href=\"\/es\/iletisim\/\" title=\"\" class=\"btn btn-color-alt btn-style-link btn-shape-rectangle btn-size-large btn-icon-pos-right\">CLIC PARA CONTACTO<span class=\"wd-btn-icon\"><span class=\"wd-icon fa fa-solid fa-right-long\"><\/span><\/span><\/a><\/div><\/div>\t\t\t\t\t<\/div>\n\n\t\t\t\t\t\n\t\t\t\t\t<style><\/style>\t\t\t\t<\/div>\n\t\t\t<\/div>\n\t\t<\/div><\/div><\/div><div class=\"wpb_column vc_column_container vc_col-sm-4\"><div class=\"vc_column-inner\"><div class=\"wpb_wrapper\">\t\t\t<div class=\"info-box-wrapper\">\n\t\t\t\t<div id=\"wd-689dcbd1da41d\" class=\"wd-animation-slide-from-bottom wd-animation-normal wd_delay_100 wd-rs-689dcbd1da41d wd-info-box wd-wpb text-left box-icon-align-top box-style- color-scheme- wd-bg-none with-btn box-btn-static\">\n\t\t\t\t\t\t\t\t\t\t<div class=\"info-box-content\">\n\t\t\t\t\t\t<h2 class=\"info-box-title title box-title-style-default wd-fontsize-m\">DESARROLLO DE NEGOCIOS E INVESTIGACI\u00d3N JUSTA<\/h2>\t\t\t\t\t\t<div class=\"info-box-inner reset-last-child\"><p>Ind\u00edquenos en qu\u00e9 pa\u00eds y en qu\u00e9 sector desea exponer. Nos pondremos en contacto con usted con las mejores opciones. De este modo, usted da forma a nuestra cartera de ferias y nosotros ampliaremos su comercio con ferias que satisfagan sus necesidades de la forma m\u00e1s saludable.<\/p>\n<\/div>\n\n\t\t\t\t\t\t<div class=\"info-btn-wrapper\"><div id=\"wd-69e0c9ef17202\" class=\"wd-button-wrapper text-left\"><a href=\"\/es\/iletisim\/\" title=\"\" class=\"btn btn-color-alt btn-style-link btn-shape-rectangle btn-size-large btn-icon-pos-right\">CLIC PARA CONTACTO<span class=\"wd-btn-icon\"><span class=\"wd-icon fa fa-solid fa-right-long\"><\/span><\/span><\/a><\/div><\/div>\t\t\t\t\t<\/div>\n\n\t\t\t\t\t\n\t\t\t\t\t<style><\/style>\t\t\t\t<\/div>\n\t\t\t<\/div>\n\t\t<\/div><\/div><\/div><\/div><\/div><\/div><\/div><\/div>\n<\/div>","protected":false},"excerpt":{"rendered":"Nobel Expo\u2019nun Size Sundu\u011fu \u00dcST\u00dcN H\u0130ZMETLERLE RAK\u0130PLER\u0130N\u0130Z\u0130N \u00d6N\u00dcNE GE\u00c7\u0130N! AJANS VE PAZARLAMA Nobel Medya\u2019n\u0131n etkili pazarlama ara\u00e7lar\u0131n\u0131 kullanarak, \u00fcr\u00fcn ve","protected":false},"author":1,"featured_media":0,"parent":0,"menu_order":0,"comment_status":"closed","ping_status":"closed","template":"","meta":{"_acf_changed":false,"footnotes":""},"class_list":["post-105","page","type-page","status-publish","hentry"],"acf":[],"yoast_head":"<!-- This site is optimized with the Yoast SEO plugin v25.8 - https:\/\/yoast.com\/wordpress\/plugins\/seo\/ -->\n<title>Hizmetlerimiz - Nobel Expo<\/title>\n<meta name=\"robots\" content=\"index, follow, max-snippet:-1, max-image-preview:large, max-video-preview:-1\" \/>\n<link rel=\"canonical\" href=\"https:\/\/nobelexpo.com\/es\/hizmetlerimiz\/\" \/>\n<meta property=\"og:locale\" content=\"es_ES\" \/>\n<meta property=\"og:type\" content=\"article\" \/>\n<meta property=\"og:title\" content=\"Hizmetlerimiz - Nobel Expo\" \/>\n<meta property=\"og:url\" content=\"https:\/\/nobelexpo.com\/es\/hizmetlerimiz\/\" \/>\n<meta property=\"og:site_name\" content=\"Nobel Expo\" \/>\n<meta property=\"article:modified_time\" content=\"2025-08-14T12:39:45+00:00\" \/>\n<meta name=\"twitter:card\" content=\"summary_large_image\" \/>\n<meta name=\"twitter:label1\" content=\"Tiempo de lectura\" \/>\n\t<meta name=\"twitter:data1\" content=\"10 minutos\" \/>\n<script type=\"application\/ld+json\" class=\"yoast-schema-graph\">{\"@context\":\"https:\/\/schema.org\",\"@graph\":[{\"@type\":\"WebPage\",\"@id\":\"https:\/\/nobelexpo.com\/hizmetlerimiz\/\",\"url\":\"https:\/\/nobelexpo.com\/hizmetlerimiz\/\",\"name\":\"Hizmetlerimiz - Nobel Expo\",\"isPartOf\":{\"@id\":\"https:\/\/nobelexpo.com\/#website\"},\"datePublished\":\"2025-06-15T14:19:58+00:00\",\"dateModified\":\"2025-08-14T12:39:45+00:00\",\"breadcrumb\":{\"@id\":\"https:\/\/nobelexpo.com\/hizmetlerimiz\/#breadcrumb\"},\"inLanguage\":\"es\",\"potentialAction\":[{\"@type\":\"ReadAction\",\"target\":[\"https:\/\/nobelexpo.com\/hizmetlerimiz\/\"]}]},{\"@type\":\"BreadcrumbList\",\"@id\":\"https:\/\/nobelexpo.com\/hizmetlerimiz\/#breadcrumb\",\"itemListElement\":[{\"@type\":\"ListItem\",\"position\":1,\"name\":\"Anasayfa\",\"item\":\"https:\/\/nobelexpo.com\/\"},{\"@type\":\"ListItem\",\"position\":2,\"name\":\"Hizmetlerimiz\"}]},{\"@type\":\"WebSite\",\"@id\":\"https:\/\/nobelexpo.com\/#website\",\"url\":\"https:\/\/nobelexpo.com\/\",\"name\":\"Nobel Expo\",\"description\":\"Gelece\u011fin Fuarlar\u0131na \u015eimdi Kat\u0131l\",\"potentialAction\":[{\"@type\":\"SearchAction\",\"target\":{\"@type\":\"EntryPoint\",\"urlTemplate\":\"https:\/\/nobelexpo.com\/?s={search_term_string}\"},\"query-input\":{\"@type\":\"PropertyValueSpecification\",\"valueRequired\":true,\"valueName\":\"search_term_string\"}}],\"inLanguage\":\"es\"}]}<\/script>\n<!-- \/ Yoast SEO plugin. -->","yoast_head_json":{"title":"Hizmetlerimiz - Nobel Expo","robots":{"index":"index","follow":"follow","max-snippet":"max-snippet:-1","max-image-preview":"max-image-preview:large","max-video-preview":"max-video-preview:-1"},"canonical":"https:\/\/nobelexpo.com\/es\/hizmetlerimiz\/","og_locale":"es_ES","og_type":"article","og_title":"Hizmetlerimiz - Nobel Expo","og_url":"https:\/\/nobelexpo.com\/es\/hizmetlerimiz\/","og_site_name":"Nobel Expo","article_modified_time":"2025-08-14T12:39:45+00:00","twitter_card":"summary_large_image","twitter_misc":{"Tiempo de lectura":"10 minutos"},"schema":{"@context":"https:\/\/schema.org","@graph":[{"@type":"WebPage","@id":"https:\/\/nobelexpo.com\/hizmetlerimiz\/","url":"https:\/\/nobelexpo.com\/hizmetlerimiz\/","name":"Hizmetlerimiz - Nobel Expo","isPartOf":{"@id":"https:\/\/nobelexpo.com\/#website"},"datePublished":"2025-06-15T14:19:58+00:00","dateModified":"2025-08-14T12:39:45+00:00","breadcrumb":{"@id":"https:\/\/nobelexpo.com\/hizmetlerimiz\/#breadcrumb"},"inLanguage":"es","potentialAction":[{"@type":"ReadAction","target":["https:\/\/nobelexpo.com\/hizmetlerimiz\/"]}]},{"@type":"BreadcrumbList","@id":"https:\/\/nobelexpo.com\/hizmetlerimiz\/#breadcrumb","itemListElement":[{"@type":"ListItem","position":1,"name":"Anasayfa","item":"https:\/\/nobelexpo.com\/"},{"@type":"ListItem","position":2,"name":"Hizmetlerimiz"}]},{"@type":"WebSite","@id":"https:\/\/nobelexpo.com\/#website","url":"https:\/\/nobelexpo.com\/","name":"Expo Nobel","description":"\u00danase ya a las Ferias del Futuro","potentialAction":[{"@type":"SearchAction","target":{"@type":"EntryPoint","urlTemplate":"https:\/\/nobelexpo.com\/?s={search_term_string}"},"query-input":{"@type":"PropertyValueSpecification","valueRequired":true,"valueName":"search_term_string"}}],"inLanguage":"es"}]}},"_links":{"self":[{"href":"https:\/\/nobelexpo.com\/es\/wp-json\/wp\/v2\/pages\/105","targetHints":{"allow":["GET"]}}],"collection":[{"href":"https:\/\/nobelexpo.com\/es\/wp-json\/wp\/v2\/pages"}],"about":[{"href":"https:\/\/nobelexpo.com\/es\/wp-json\/wp\/v2\/types\/page"}],"author":[{"embeddable":true,"href":"https:\/\/nobelexpo.com\/es\/wp-json\/wp\/v2\/users\/1"}],"replies":[{"embeddable":true,"href":"https:\/\/nobelexpo.com\/es\/wp-json\/wp\/v2\/comments?post=105"}],"version-history":[{"count":0,"href":"https:\/\/nobelexpo.com\/es\/wp-json\/wp\/v2\/pages\/105\/revisions"}],"wp:attachment":[{"href":"https:\/\/nobelexpo.com\/es\/wp-json\/wp\/v2\/media?parent=105"}],"curies":[{"name":"wp","href":"https:\/\/api.w.org\/{rel}","templated":true}]}}