{"id":108,"date":"2025-06-15T14:26:21","date_gmt":"2025-06-15T14:26:21","guid":{"rendered":"https:\/\/nobel.websitesunum.com.tr\/?page_id=108"},"modified":"2025-06-15T14:35:37","modified_gmt":"2025-06-15T14:35:37","slug":"hikayemiz","status":"publish","type":"page","link":"https:\/\/nobelexpo.com\/es\/hikayemiz\/","title":{"rendered":"Nuestra historia"},"content":{"rendered":"<div class=\"wpb-content-wrapper\"><div class=\"vc_row wpb_row vc_row-fluid\"><div class=\"wpb_column vc_column_container vc_col-sm-12\"><div class=\"vc_column-inner\"><div class=\"wpb_wrapper\">\n\t<div class=\"wpb_text_column wpb_content_element wpb_animate_when_almost_visible wpb_fadeIn fadeIn\" >\n\t\t<div class=\"wpb_wrapper\">\n\t\t\t<h2 style=\"text-align: center;\">NUESTRA HISTORIA<\/h2>\n<p style=\"text-align: center;\">La historia de Nobel Expo es la historia de un r\u00e1pido ascenso y una visi\u00f3n innovadora. Este \u00e9xito no es s\u00f3lo un indicador de r\u00e1pido crecimiento, sino tambi\u00e9n un reflejo de nuestro compromiso para satisfacer las necesidades de la industria.<\/p>\n\n\t\t<\/div>\n\t<\/div>\n<\/div><\/div><\/div><\/div><div class=\"vc_row wpb_row vc_row-fluid wd-rs-684ed9994c703\"><div class=\"wpb_column vc_column_container vc_col-sm-12\"><div class=\"vc_column-inner\"><div class=\"wpb_wrapper\"><div id=\"row-yazilar\" class=\"vc_row wpb_row vc_inner vc_row-fluid vc_column-gap-5 wd-rs-684ed98ce56ec\"><div class=\"wpb_column vc_column_container vc_col-sm-3 vc_col-has-fill wd-rs-684ed93c4afb3\"><div class=\"vc_column-inner vc_custom_1749997893427\"><div class=\"wpb_wrapper\">\n\t<div class=\"wpb_text_column wpb_content_element wd-animation-slide-from-bottom wd-animation-normal wd_delay_100\" >\n\t\t<div class=\"wpb_wrapper\">\n\t\t\t<h5 style=\"text-align: center;\">01<\/h5>\n<h3 style=\"text-align: center;\">El extraordinario viaje del Nobel Expo<\/h3>\n<p style=\"text-align: center;\">Nobel Expo, que entr\u00f3 en el mundo de las ferias comerciales en 2020, ha actuado con el objetivo de romper los l\u00edmites tradicionales del sector desde el primer d\u00eda de su creaci\u00f3n. Realizamos nuestra primera planificaci\u00f3n y trabajo aportando una nueva perspectiva al concepto de feria comercial con nuestro enfoque orientado al comercio y nuestra visi\u00f3n innovadora. Apoyando a nuestros expositores con nuestros servicios de marketing y publicidad, nos aseguramos de que siguieran comerciando durante todo el a\u00f1o.<\/p>\n\n\t\t<\/div>\n\t<\/div>\n<\/div><\/div><\/div><div class=\"wpb_column vc_column_container vc_col-sm-3 vc_col-has-fill wd-rs-684ed987afeb5\"><div class=\"vc_column-inner vc_custom_1749997966139\"><div class=\"wpb_wrapper\">\n\t<div class=\"wpb_text_column wpb_content_element wd-animation-slide-from-bottom wd-animation-normal wd_delay_200\" >\n\t\t<div class=\"wpb_wrapper\">\n\t\t\t<h5 style=\"text-align: center;\">02<\/h5>\n<h3 style=\"text-align: center;\">El \u00e9xito de la Expo Nobel en cifras<\/h3>\n<p style=\"text-align: center;\">Nobel Expo, que tiene oficinas en 5 pa\u00edses diferentes, principalmente en Turqu\u00eda, y despu\u00e9s en Rusia, Alemania, EE.UU. y Libia, ha conseguido acoger a m\u00e1s de 6.000 expositores en 12 ciudades diferentes en las ferias que ha organizado hasta ahora. En s\u00f3lo 3 a\u00f1os, ha puesto a disposici\u00f3n de las empresas 300.000 m2 netos de superficie de exposici\u00f3n y ha conseguido que los expositores se re\u00fanan con los mejores y m\u00e1s precisos compradores y profesionales del sector.<\/p>\n\n\t\t<\/div>\n\t<\/div>\n<\/div><\/div><\/div><div class=\"wpb_column vc_column_container vc_col-sm-3 vc_col-has-fill wd-rs-684ed9483f230\"><div class=\"vc_column-inner vc_custom_1749997902403\"><div class=\"wpb_wrapper\">\n\t<div class=\"wpb_text_column wpb_content_element wd-animation-slide-from-bottom wd-animation-normal wd_delay_300\" >\n\t\t<div class=\"wpb_wrapper\">\n\t\t\t<h5 style=\"text-align: center;\">03<\/h5>\n<h3 style=\"text-align: center;\">Parte din\u00e1mica del comercio mundial<\/h3>\n<p style=\"text-align: center;\">No s\u00f3lo hemos apoyado a la industria ferial de Anatolia en Turqu\u00eda, sino que tambi\u00e9n hemos ampliado nuestra visi\u00f3n a un \u00e1rea m\u00e1s amplia. Al establecer organizaciones tanto comerciales como feriales en pa\u00edses como Rusia, Alemania, Libia y EE.UU., hemos ampliado el impacto de Nobel Expo a nivel mundial. Al tender puentes entre diferentes sectores, mercados y culturas de todo el mundo, nos hemos convertido en una parte din\u00e1mica del comercio global.<\/p>\n\n\t\t<\/div>\n\t<\/div>\n<\/div><\/div><\/div><div class=\"wpb_column vc_column_container vc_col-sm-3 vc_col-has-fill wd-rs-684ed94d68b3a\"><div class=\"vc_column-inner vc_custom_1749997907723\"><div class=\"wpb_wrapper\">\n\t<div class=\"wpb_text_column wpb_content_element wd-animation-slide-from-bottom wd-animation-normal wd_delay_400\" >\n\t\t<div class=\"wpb_wrapper\">\n\t\t\t<h5 style=\"text-align: center;\">04<\/h5>\n<h3 style=\"text-align: center;\">Gracias<\/h3>\n<p style=\"text-align: center;\">Nuestro compromiso con el \u00e9xito de cada participante que nos elige es el n\u00facleo de nuestra historia. Queremos dar las gracias a todos los expositores que nos han acompa\u00f1ado en este viaje inspirador y a los que acaban de unirse a nosotros. Si usted tambi\u00e9n quiere escribir nuevas historias de \u00e9xito ampliando su comercio, reserve sin demora su plaza en las ferias y \u00fanase ya a las Ferias del Futuro con Nobel Expo.<\/p>\n\n\t\t<\/div>\n\t<\/div>\n<\/div><\/div><\/div><\/div><\/div><\/div><\/div><\/div><div class=\"vc_row wpb_row vc_row-fluid\"><div class=\"wpb_column vc_column_container vc_col-sm-12\"><div class=\"vc_column-inner\"><div class=\"wpb_wrapper\">\t\t<div id=\"gallery_137\" class=\"wd-images-gallery wd-wpb wd-animation-slide-from-bottom wd-animation-normal wd_delay_200 wd-rs-684ed8567f5cc wd-carousel-container wd-wpb\" style=\"--wd-justify-content:center;--wd-align-items:center;\">\n\t\t\t\t\t\t\t<div class=\"wd-carousel-inner\">\n\t\t\t\n\t\t\t<div class=\"wd-carousel wd-grid\"data-wrap=\"yes\" data-scroll_per_page=\"yes\" style=\"--wd-col-lg:1.5;--wd-col-md:1;--wd-col-sm:1;--wd-gap-lg:6px;\">\n\t\t\t\t\t\t\t\t\t<div class=\"wd-carousel-wrap\">\n\t\t\t\t\n\t\t\t\t\t\t\t\t\t\t\t\t\t\t\t<div class=\"wd-gallery-item wd-carousel-item\">\n\t\t\t\t\t\t\t\n\t\t\t\t\t\t\t\t<img loading=\"lazy\" decoding=\"async\" width=\"1973\" height=\"1279\" src=\"https:\/\/nobelexpo.com\/wp-content\/uploads\/2025\/06\/hikayemiz1.jpg\" class=\"wd-gallery-image image-1\" alt=\"\" srcset=\"https:\/\/nobelexpo.com\/wp-content\/uploads\/2025\/06\/hikayemiz1.jpg 1973w, https:\/\/nobelexpo.com\/wp-content\/uploads\/2025\/06\/hikayemiz1-300x194.jpg 300w, https:\/\/nobelexpo.com\/wp-content\/uploads\/2025\/06\/hikayemiz1-1024x664.jpg 1024w, https:\/\/nobelexpo.com\/wp-content\/uploads\/2025\/06\/hikayemiz1-768x498.jpg 768w, https:\/\/nobelexpo.com\/wp-content\/uploads\/2025\/06\/hikayemiz1-1536x996.jpg 1536w\" sizes=\"auto, (max-width: 1973px) 100vw, 1973px\" \/>\n\t\t\t\t\t\t\t\t\t\t\t\t\t\t<\/div>\n\t\t\t\t\t\t\t\t\t\t\t<div class=\"wd-gallery-item wd-carousel-item\">\n\t\t\t\t\t\t\t\n\t\t\t\t\t\t\t\t<img loading=\"lazy\" decoding=\"async\" width=\"1973\" height=\"1279\" src=\"https:\/\/nobelexpo.com\/wp-content\/uploads\/2025\/06\/hikayemiz3.jpg\" class=\"wd-gallery-image image-2\" alt=\"\" srcset=\"https:\/\/nobelexpo.com\/wp-content\/uploads\/2025\/06\/hikayemiz3.jpg 1973w, https:\/\/nobelexpo.com\/wp-content\/uploads\/2025\/06\/hikayemiz3-300x194.jpg 300w, https:\/\/nobelexpo.com\/wp-content\/uploads\/2025\/06\/hikayemiz3-1024x664.jpg 1024w, https:\/\/nobelexpo.com\/wp-content\/uploads\/2025\/06\/hikayemiz3-768x498.jpg 768w, https:\/\/nobelexpo.com\/wp-content\/uploads\/2025\/06\/hikayemiz3-1536x996.jpg 1536w\" sizes=\"auto, (max-width: 1973px) 100vw, 1973px\" \/>\n\t\t\t\t\t\t\t\t\t\t\t\t\t\t<\/div>\n\t\t\t\t\t\t\t\t\t\n\t\t\t\t\t\t\t\t\t<\/div>\n\t\t\t\t\t\t\t<\/div>\n\n\t\t\t\t\t\t\t\n\t\t\t\t<\/div>\n\n\t\t\t\t\t\t\t\t\t\t\t\t\t<\/div>\n\t\t<\/div><\/div><\/div><\/div>\n<\/div>","protected":false},"excerpt":{"rendered":"H\u0130K\u00c2YEM\u0130Z Nobel Expo\u2019nun hik\u00e2yesi, h\u0131zl\u0131 bir y\u00fckseli\u015fin ve yenilik\u00e7i bir vizyonun \u00f6yk\u00fcs\u00fcd\u00fcr. Bu ba\u015far\u0131, sadece h\u0131zl\u0131 b\u00fcy\u00fcmenin bir g\u00f6stergesi de\u011fil,","protected":false},"author":1,"featured_media":0,"parent":0,"menu_order":0,"comment_status":"closed","ping_status":"closed","template":"","meta":{"_acf_changed":false,"footnotes":""},"class_list":["post-108","page","type-page","status-publish","hentry"],"acf":[],"yoast_head":"<!-- This site is optimized with the Yoast SEO plugin v25.8 - https:\/\/yoast.com\/wordpress\/plugins\/seo\/ -->\n<title>Hikayemiz - Nobel Expo<\/title>\n<meta name=\"robots\" content=\"index, follow, max-snippet:-1, max-image-preview:large, max-video-preview:-1\" \/>\n<link rel=\"canonical\" href=\"https:\/\/nobelexpo.com\/es\/hikayemiz\/\" \/>\n<meta property=\"og:locale\" content=\"es_ES\" \/>\n<meta property=\"og:type\" content=\"article\" \/>\n<meta property=\"og:title\" content=\"Hikayemiz - Nobel Expo\" \/>\n<meta property=\"og:url\" content=\"https:\/\/nobelexpo.com\/es\/hikayemiz\/\" \/>\n<meta property=\"og:site_name\" content=\"Nobel Expo\" \/>\n<meta property=\"article:modified_time\" content=\"2025-06-15T14:35:37+00:00\" \/>\n<meta name=\"twitter:card\" content=\"summary_large_image\" \/>\n<meta name=\"twitter:label1\" content=\"Tiempo de lectura\" \/>\n\t<meta name=\"twitter:data1\" content=\"6 minutos\" \/>\n<script type=\"application\/ld+json\" class=\"yoast-schema-graph\">{\"@context\":\"https:\/\/schema.org\",\"@graph\":[{\"@type\":\"WebPage\",\"@id\":\"https:\/\/nobelexpo.com\/hikayemiz\/\",\"url\":\"https:\/\/nobelexpo.com\/hikayemiz\/\",\"name\":\"Hikayemiz - Nobel Expo\",\"isPartOf\":{\"@id\":\"https:\/\/nobelexpo.com\/#website\"},\"datePublished\":\"2025-06-15T14:26:21+00:00\",\"dateModified\":\"2025-06-15T14:35:37+00:00\",\"breadcrumb\":{\"@id\":\"https:\/\/nobelexpo.com\/hikayemiz\/#breadcrumb\"},\"inLanguage\":\"es\",\"potentialAction\":[{\"@type\":\"ReadAction\",\"target\":[\"https:\/\/nobelexpo.com\/hikayemiz\/\"]}]},{\"@type\":\"BreadcrumbList\",\"@id\":\"https:\/\/nobelexpo.com\/hikayemiz\/#breadcrumb\",\"itemListElement\":[{\"@type\":\"ListItem\",\"position\":1,\"name\":\"Anasayfa\",\"item\":\"https:\/\/nobelexpo.com\/\"},{\"@type\":\"ListItem\",\"position\":2,\"name\":\"Hikayemiz\"}]},{\"@type\":\"WebSite\",\"@id\":\"https:\/\/nobelexpo.com\/#website\",\"url\":\"https:\/\/nobelexpo.com\/\",\"name\":\"Nobel Expo\",\"description\":\"Gelece\u011fin Fuarlar\u0131na \u015eimdi Kat\u0131l\",\"potentialAction\":[{\"@type\":\"SearchAction\",\"target\":{\"@type\":\"EntryPoint\",\"urlTemplate\":\"https:\/\/nobelexpo.com\/?s={search_term_string}\"},\"query-input\":{\"@type\":\"PropertyValueSpecification\",\"valueRequired\":true,\"valueName\":\"search_term_string\"}}],\"inLanguage\":\"es\"}]}<\/script>\n<!-- \/ Yoast SEO plugin. -->","yoast_head_json":{"title":"Hikayemiz - Nobel Expo","robots":{"index":"index","follow":"follow","max-snippet":"max-snippet:-1","max-image-preview":"max-image-preview:large","max-video-preview":"max-video-preview:-1"},"canonical":"https:\/\/nobelexpo.com\/es\/hikayemiz\/","og_locale":"es_ES","og_type":"article","og_title":"Hikayemiz - Nobel Expo","og_url":"https:\/\/nobelexpo.com\/es\/hikayemiz\/","og_site_name":"Nobel Expo","article_modified_time":"2025-06-15T14:35:37+00:00","twitter_card":"summary_large_image","twitter_misc":{"Tiempo de lectura":"6 minutos"},"schema":{"@context":"https:\/\/schema.org","@graph":[{"@type":"WebPage","@id":"https:\/\/nobelexpo.com\/hikayemiz\/","url":"https:\/\/nobelexpo.com\/hikayemiz\/","name":"Hikayemiz - Nobel Expo","isPartOf":{"@id":"https:\/\/nobelexpo.com\/#website"},"datePublished":"2025-06-15T14:26:21+00:00","dateModified":"2025-06-15T14:35:37+00:00","breadcrumb":{"@id":"https:\/\/nobelexpo.com\/hikayemiz\/#breadcrumb"},"inLanguage":"es","potentialAction":[{"@type":"ReadAction","target":["https:\/\/nobelexpo.com\/hikayemiz\/"]}]},{"@type":"BreadcrumbList","@id":"https:\/\/nobelexpo.com\/hikayemiz\/#breadcrumb","itemListElement":[{"@type":"ListItem","position":1,"name":"Anasayfa","item":"https:\/\/nobelexpo.com\/"},{"@type":"ListItem","position":2,"name":"Hikayemiz"}]},{"@type":"WebSite","@id":"https:\/\/nobelexpo.com\/#website","url":"https:\/\/nobelexpo.com\/","name":"Expo Nobel","description":"\u00danase ya a las Ferias del Futuro","potentialAction":[{"@type":"SearchAction","target":{"@type":"EntryPoint","urlTemplate":"https:\/\/nobelexpo.com\/?s={search_term_string}"},"query-input":{"@type":"PropertyValueSpecification","valueRequired":true,"valueName":"search_term_string"}}],"inLanguage":"es"}]}},"_links":{"self":[{"href":"https:\/\/nobelexpo.com\/es\/wp-json\/wp\/v2\/pages\/108","targetHints":{"allow":["GET"]}}],"collection":[{"href":"https:\/\/nobelexpo.com\/es\/wp-json\/wp\/v2\/pages"}],"about":[{"href":"https:\/\/nobelexpo.com\/es\/wp-json\/wp\/v2\/types\/page"}],"author":[{"embeddable":true,"href":"https:\/\/nobelexpo.com\/es\/wp-json\/wp\/v2\/users\/1"}],"replies":[{"embeddable":true,"href":"https:\/\/nobelexpo.com\/es\/wp-json\/wp\/v2\/comments?post=108"}],"version-history":[{"count":0,"href":"https:\/\/nobelexpo.com\/es\/wp-json\/wp\/v2\/pages\/108\/revisions"}],"wp:attachment":[{"href":"https:\/\/nobelexpo.com\/es\/wp-json\/wp\/v2\/media?parent=108"}],"curies":[{"name":"wp","href":"https:\/\/api.w.org\/{rel}","templated":true}]}}