{"id":108,"date":"2025-06-15T14:26:21","date_gmt":"2025-06-15T14:26:21","guid":{"rendered":"https:\/\/nobel.websitesunum.com.tr\/?page_id=108"},"modified":"2025-06-15T14:35:37","modified_gmt":"2025-06-15T14:35:37","slug":"hikayemiz","status":"publish","type":"page","link":"https:\/\/nobelexpo.com\/fr\/hikayemiz\/","title":{"rendered":"Notre histoire"},"content":{"rendered":"<div class=\"wpb-content-wrapper\"><div class=\"vc_row wpb_row vc_row-fluid\"><div class=\"wpb_column vc_column_container vc_col-sm-12\"><div class=\"vc_column-inner\"><div class=\"wpb_wrapper\">\n\t<div class=\"wpb_text_column wpb_content_element wpb_animate_when_almost_visible wpb_fadeIn fadeIn\" >\n\t\t<div class=\"wpb_wrapper\">\n\t\t\t<h2 style=\"text-align: center;\">NOTRE HISTOIRE<\/h2>\n<p style=\"text-align: center;\">L'histoire de Nobel Expo est celle d'une ascension rapide et d'une vision innovante. Ce succ\u00e8s n'est pas seulement l'indicateur d'une croissance rapide, mais aussi le reflet de notre engagement \u00e0 r\u00e9pondre aux besoins de l'industrie.<\/p>\n\n\t\t<\/div>\n\t<\/div>\n<\/div><\/div><\/div><\/div><div class=\"vc_row wpb_row vc_row-fluid wd-rs-684ed9994c703\"><div class=\"wpb_column vc_column_container vc_col-sm-12\"><div class=\"vc_column-inner\"><div class=\"wpb_wrapper\"><div id=\"row-yazilar\" class=\"vc_row wpb_row vc_inner vc_row-fluid vc_column-gap-5 wd-rs-684ed98ce56ec\"><div class=\"wpb_column vc_column_container vc_col-sm-3 vc_col-has-fill wd-rs-684ed93c4afb3\"><div class=\"vc_column-inner vc_custom_1749997893427\"><div class=\"wpb_wrapper\">\n\t<div class=\"wpb_text_column wpb_content_element wd-animation-slide-from-bottom wd-animation-normal wd_delay_100\" >\n\t\t<div class=\"wpb_wrapper\">\n\t\t\t<h5 style=\"text-align: center;\">01<\/h5>\n<h3 style=\"text-align: center;\">L'extraordinaire voyage de l'Expo Nobel<\/h3>\n<p style=\"text-align: center;\">Nobel Expo, qui a fait son entr\u00e9e dans le monde des foires commerciales en 2020, a agi avec l'objectif de briser les fronti\u00e8res traditionnelles du secteur d\u00e8s le premier jour de sa cr\u00e9ation. Nous avons commenc\u00e9 \u00e0 planifier et \u00e0 travailler en apportant une nouvelle perspective au concept de salon gr\u00e2ce \u00e0 notre approche orient\u00e9e vers le commerce et \u00e0 notre vision innovante. En soutenant nos exposants gr\u00e2ce \u00e0 nos services de marketing et de publicit\u00e9, nous avons veill\u00e9 \u00e0 ce qu'ils continuent \u00e0 faire du commerce tout au long de l'ann\u00e9e.<\/p>\n\n\t\t<\/div>\n\t<\/div>\n<\/div><\/div><\/div><div class=\"wpb_column vc_column_container vc_col-sm-3 vc_col-has-fill wd-rs-684ed987afeb5\"><div class=\"vc_column-inner vc_custom_1749997966139\"><div class=\"wpb_wrapper\">\n\t<div class=\"wpb_text_column wpb_content_element wd-animation-slide-from-bottom wd-animation-normal wd_delay_200\" >\n\t\t<div class=\"wpb_wrapper\">\n\t\t\t<h5 style=\"text-align: center;\">02<\/h5>\n<h3 style=\"text-align: center;\">Le succ\u00e8s de l'Expo Nobel en chiffres<\/h3>\n<p style=\"text-align: center;\">Nobel Expo, qui poss\u00e8de des bureaux dans 5 pays diff\u00e9rents, principalement en Turquie, puis en Russie, en Allemagne, aux \u00c9tats-Unis et en Libye, a r\u00e9ussi \u00e0 accueillir plus de 6 000 exposants dans 12 villes diff\u00e9rentes lors des foires commerciales qu'elle a organis\u00e9es jusqu'\u00e0 pr\u00e9sent. En seulement 3 ans, elle a mis \u00e0 la disposition des entreprises 300 000 m2 de surface d'exposition nette et s'est assur\u00e9e que les exposants rencontrent les acheteurs et les professionnels du secteur les plus comp\u00e9tents et les plus pr\u00e9cis.<\/p>\n\n\t\t<\/div>\n\t<\/div>\n<\/div><\/div><\/div><div class=\"wpb_column vc_column_container vc_col-sm-3 vc_col-has-fill wd-rs-684ed9483f230\"><div class=\"vc_column-inner vc_custom_1749997902403\"><div class=\"wpb_wrapper\">\n\t<div class=\"wpb_text_column wpb_content_element wd-animation-slide-from-bottom wd-animation-normal wd_delay_300\" >\n\t\t<div class=\"wpb_wrapper\">\n\t\t\t<h5 style=\"text-align: center;\">03<\/h5>\n<h3 style=\"text-align: center;\">Un \u00e9l\u00e9ment dynamique du commerce mondial<\/h3>\n<p style=\"text-align: center;\">Nous n'avons pas seulement soutenu l'industrie anatolienne de l'exposition en Turquie, mais nous avons \u00e9galement \u00e9tendu notre vision \u00e0 une zone plus vaste. En \u00e9tablissant des organisations commerciales et d'exposition dans des pays tels que la Russie, l'Allemagne, la Libye et les \u00c9tats-Unis, nous avons \u00e9largi l'impact de Nobel Expo au niveau mondial. En construisant des ponts entre diff\u00e9rents secteurs, march\u00e9s et cultures \u00e0 travers le monde, nous sommes devenus un \u00e9l\u00e9ment dynamique du commerce mondial.<\/p>\n\n\t\t<\/div>\n\t<\/div>\n<\/div><\/div><\/div><div class=\"wpb_column vc_column_container vc_col-sm-3 vc_col-has-fill wd-rs-684ed94d68b3a\"><div class=\"vc_column-inner vc_custom_1749997907723\"><div class=\"wpb_wrapper\">\n\t<div class=\"wpb_text_column wpb_content_element wd-animation-slide-from-bottom wd-animation-normal wd_delay_400\" >\n\t\t<div class=\"wpb_wrapper\">\n\t\t\t<h5 style=\"text-align: center;\">04<\/h5>\n<h3 style=\"text-align: center;\">Merci de votre attention.<\/h3>\n<p style=\"text-align: center;\">Notre engagement pour la r\u00e9ussite de chaque participant qui nous choisit est au c\u0153ur de notre histoire. Nous tenons \u00e0 remercier tous les exposants qui nous ont accompagn\u00e9s dans cette aventure passionnante et ceux qui viennent de nous rejoindre. Si vous souhaitez vous aussi \u00e9crire de nouvelles histoires de r\u00e9ussite en d\u00e9veloppant votre commerce, r\u00e9servez votre place sur les salons sans tarder et rejoignez les Salons du Futur avec Nobel Expo d\u00e8s maintenant !<\/p>\n\n\t\t<\/div>\n\t<\/div>\n<\/div><\/div><\/div><\/div><\/div><\/div><\/div><\/div><div class=\"vc_row wpb_row vc_row-fluid\"><div class=\"wpb_column vc_column_container vc_col-sm-12\"><div class=\"vc_column-inner\"><div class=\"wpb_wrapper\">\t\t<div id=\"gallery_241\" class=\"wd-images-gallery wd-wpb wd-animation-slide-from-bottom wd-animation-normal wd_delay_200 wd-rs-684ed8567f5cc wd-carousel-container wd-wpb\" style=\"--wd-justify-content:center;--wd-align-items:center;\">\n\t\t\t\t\t\t\t<div class=\"wd-carousel-inner\">\n\t\t\t\n\t\t\t<div class=\"wd-carousel wd-grid\"data-wrap=\"yes\" data-scroll_per_page=\"yes\" style=\"--wd-col-lg:1.5;--wd-col-md:1;--wd-col-sm:1;--wd-gap-lg:6px;\">\n\t\t\t\t\t\t\t\t\t<div class=\"wd-carousel-wrap\">\n\t\t\t\t\n\t\t\t\t\t\t\t\t\t\t\t\t\t\t\t<div class=\"wd-gallery-item wd-carousel-item\">\n\t\t\t\t\t\t\t\n\t\t\t\t\t\t\t\t<img loading=\"lazy\" decoding=\"async\" width=\"1973\" height=\"1279\" src=\"https:\/\/nobelexpo.com\/wp-content\/uploads\/2025\/06\/hikayemiz1.jpg\" class=\"wd-gallery-image image-1\" alt=\"\" srcset=\"https:\/\/nobelexpo.com\/wp-content\/uploads\/2025\/06\/hikayemiz1.jpg 1973w, https:\/\/nobelexpo.com\/wp-content\/uploads\/2025\/06\/hikayemiz1-300x194.jpg 300w, https:\/\/nobelexpo.com\/wp-content\/uploads\/2025\/06\/hikayemiz1-1024x664.jpg 1024w, https:\/\/nobelexpo.com\/wp-content\/uploads\/2025\/06\/hikayemiz1-768x498.jpg 768w, https:\/\/nobelexpo.com\/wp-content\/uploads\/2025\/06\/hikayemiz1-1536x996.jpg 1536w\" sizes=\"auto, (max-width: 1973px) 100vw, 1973px\" \/>\n\t\t\t\t\t\t\t\t\t\t\t\t\t\t<\/div>\n\t\t\t\t\t\t\t\t\t\t\t<div class=\"wd-gallery-item wd-carousel-item\">\n\t\t\t\t\t\t\t\n\t\t\t\t\t\t\t\t<img loading=\"lazy\" decoding=\"async\" width=\"1973\" height=\"1279\" src=\"https:\/\/nobelexpo.com\/wp-content\/uploads\/2025\/06\/hikayemiz3.jpg\" class=\"wd-gallery-image image-2\" alt=\"\" srcset=\"https:\/\/nobelexpo.com\/wp-content\/uploads\/2025\/06\/hikayemiz3.jpg 1973w, https:\/\/nobelexpo.com\/wp-content\/uploads\/2025\/06\/hikayemiz3-300x194.jpg 300w, https:\/\/nobelexpo.com\/wp-content\/uploads\/2025\/06\/hikayemiz3-1024x664.jpg 1024w, https:\/\/nobelexpo.com\/wp-content\/uploads\/2025\/06\/hikayemiz3-768x498.jpg 768w, https:\/\/nobelexpo.com\/wp-content\/uploads\/2025\/06\/hikayemiz3-1536x996.jpg 1536w\" sizes=\"auto, (max-width: 1973px) 100vw, 1973px\" \/>\n\t\t\t\t\t\t\t\t\t\t\t\t\t\t<\/div>\n\t\t\t\t\t\t\t\t\t\n\t\t\t\t\t\t\t\t\t<\/div>\n\t\t\t\t\t\t\t<\/div>\n\n\t\t\t\t\t\t\t\n\t\t\t\t<\/div>\n\n\t\t\t\t\t\t\t\t\t\t\t\t\t<\/div>\n\t\t<\/div><\/div><\/div><\/div>\n<\/div>","protected":false},"excerpt":{"rendered":"H\u0130K\u00c2YEM\u0130Z Nobel Expo\u2019nun hik\u00e2yesi, h\u0131zl\u0131 bir y\u00fckseli\u015fin ve yenilik\u00e7i bir vizyonun \u00f6yk\u00fcs\u00fcd\u00fcr. Bu ba\u015far\u0131, sadece h\u0131zl\u0131 b\u00fcy\u00fcmenin bir g\u00f6stergesi de\u011fil,","protected":false},"author":1,"featured_media":0,"parent":0,"menu_order":0,"comment_status":"closed","ping_status":"closed","template":"","meta":{"_acf_changed":false,"footnotes":""},"class_list":["post-108","page","type-page","status-publish","hentry"],"acf":[],"yoast_head":"<!-- This site is optimized with the Yoast SEO plugin v25.8 - https:\/\/yoast.com\/wordpress\/plugins\/seo\/ -->\n<title>Hikayemiz - Nobel Expo<\/title>\n<meta name=\"robots\" content=\"index, follow, max-snippet:-1, max-image-preview:large, max-video-preview:-1\" \/>\n<link rel=\"canonical\" href=\"https:\/\/nobelexpo.com\/fr\/hikayemiz\/\" \/>\n<meta property=\"og:locale\" content=\"fr_FR\" \/>\n<meta property=\"og:type\" content=\"article\" \/>\n<meta property=\"og:title\" content=\"Hikayemiz - Nobel Expo\" \/>\n<meta property=\"og:url\" content=\"https:\/\/nobelexpo.com\/fr\/hikayemiz\/\" \/>\n<meta property=\"og:site_name\" content=\"Nobel Expo\" \/>\n<meta property=\"article:modified_time\" content=\"2025-06-15T14:35:37+00:00\" \/>\n<meta name=\"twitter:card\" content=\"summary_large_image\" \/>\n<meta name=\"twitter:label1\" content=\"Dur\u00e9e de lecture estim\u00e9e\" \/>\n\t<meta name=\"twitter:data1\" content=\"6 minutes\" \/>\n<script type=\"application\/ld+json\" class=\"yoast-schema-graph\">{\"@context\":\"https:\/\/schema.org\",\"@graph\":[{\"@type\":\"WebPage\",\"@id\":\"https:\/\/nobelexpo.com\/hikayemiz\/\",\"url\":\"https:\/\/nobelexpo.com\/hikayemiz\/\",\"name\":\"Hikayemiz - Nobel Expo\",\"isPartOf\":{\"@id\":\"https:\/\/nobelexpo.com\/#website\"},\"datePublished\":\"2025-06-15T14:26:21+00:00\",\"dateModified\":\"2025-06-15T14:35:37+00:00\",\"breadcrumb\":{\"@id\":\"https:\/\/nobelexpo.com\/hikayemiz\/#breadcrumb\"},\"inLanguage\":\"fr-FR\",\"potentialAction\":[{\"@type\":\"ReadAction\",\"target\":[\"https:\/\/nobelexpo.com\/hikayemiz\/\"]}]},{\"@type\":\"BreadcrumbList\",\"@id\":\"https:\/\/nobelexpo.com\/hikayemiz\/#breadcrumb\",\"itemListElement\":[{\"@type\":\"ListItem\",\"position\":1,\"name\":\"Anasayfa\",\"item\":\"https:\/\/nobelexpo.com\/\"},{\"@type\":\"ListItem\",\"position\":2,\"name\":\"Hikayemiz\"}]},{\"@type\":\"WebSite\",\"@id\":\"https:\/\/nobelexpo.com\/#website\",\"url\":\"https:\/\/nobelexpo.com\/\",\"name\":\"Nobel Expo\",\"description\":\"Gelece\u011fin Fuarlar\u0131na \u015eimdi Kat\u0131l\",\"potentialAction\":[{\"@type\":\"SearchAction\",\"target\":{\"@type\":\"EntryPoint\",\"urlTemplate\":\"https:\/\/nobelexpo.com\/?s={search_term_string}\"},\"query-input\":{\"@type\":\"PropertyValueSpecification\",\"valueRequired\":true,\"valueName\":\"search_term_string\"}}],\"inLanguage\":\"fr-FR\"}]}<\/script>\n<!-- \/ Yoast SEO plugin. -->","yoast_head_json":{"title":"Hikayemiz - Nobel Expo","robots":{"index":"index","follow":"follow","max-snippet":"max-snippet:-1","max-image-preview":"max-image-preview:large","max-video-preview":"max-video-preview:-1"},"canonical":"https:\/\/nobelexpo.com\/fr\/hikayemiz\/","og_locale":"fr_FR","og_type":"article","og_title":"Hikayemiz - Nobel Expo","og_url":"https:\/\/nobelexpo.com\/fr\/hikayemiz\/","og_site_name":"Nobel Expo","article_modified_time":"2025-06-15T14:35:37+00:00","twitter_card":"summary_large_image","twitter_misc":{"Dur\u00e9e de lecture estim\u00e9e":"6 minutes"},"schema":{"@context":"https:\/\/schema.org","@graph":[{"@type":"WebPage","@id":"https:\/\/nobelexpo.com\/hikayemiz\/","url":"https:\/\/nobelexpo.com\/hikayemiz\/","name":"Hikayemiz - Nobel Expo","isPartOf":{"@id":"https:\/\/nobelexpo.com\/#website"},"datePublished":"2025-06-15T14:26:21+00:00","dateModified":"2025-06-15T14:35:37+00:00","breadcrumb":{"@id":"https:\/\/nobelexpo.com\/hikayemiz\/#breadcrumb"},"inLanguage":"fr-FR","potentialAction":[{"@type":"ReadAction","target":["https:\/\/nobelexpo.com\/hikayemiz\/"]}]},{"@type":"BreadcrumbList","@id":"https:\/\/nobelexpo.com\/hikayemiz\/#breadcrumb","itemListElement":[{"@type":"ListItem","position":1,"name":"Anasayfa","item":"https:\/\/nobelexpo.com\/"},{"@type":"ListItem","position":2,"name":"Hikayemiz"}]},{"@type":"WebSite","@id":"https:\/\/nobelexpo.com\/#website","url":"https:\/\/nobelexpo.com\/","name":"Expo Nobel","description":"Rejoignez les foires du futur d\u00e8s maintenant","potentialAction":[{"@type":"SearchAction","target":{"@type":"EntryPoint","urlTemplate":"https:\/\/nobelexpo.com\/?s={search_term_string}"},"query-input":{"@type":"PropertyValueSpecification","valueRequired":true,"valueName":"search_term_string"}}],"inLanguage":"fr-FR"}]}},"_links":{"self":[{"href":"https:\/\/nobelexpo.com\/fr\/wp-json\/wp\/v2\/pages\/108","targetHints":{"allow":["GET"]}}],"collection":[{"href":"https:\/\/nobelexpo.com\/fr\/wp-json\/wp\/v2\/pages"}],"about":[{"href":"https:\/\/nobelexpo.com\/fr\/wp-json\/wp\/v2\/types\/page"}],"author":[{"embeddable":true,"href":"https:\/\/nobelexpo.com\/fr\/wp-json\/wp\/v2\/users\/1"}],"replies":[{"embeddable":true,"href":"https:\/\/nobelexpo.com\/fr\/wp-json\/wp\/v2\/comments?post=108"}],"version-history":[{"count":0,"href":"https:\/\/nobelexpo.com\/fr\/wp-json\/wp\/v2\/pages\/108\/revisions"}],"wp:attachment":[{"href":"https:\/\/nobelexpo.com\/fr\/wp-json\/wp\/v2\/media?parent=108"}],"curies":[{"name":"wp","href":"https:\/\/api.w.org\/{rel}","templated":true}]}}