{"id":2381,"date":"2025-09-06T08:42:26","date_gmt":"2025-09-06T08:42:26","guid":{"rendered":"https:\/\/nobelexpo.com\/?page_id=2381"},"modified":"2025-09-06T08:42:53","modified_gmt":"2025-09-06T08:42:53","slug":"gizlilik-politikasi","status":"publish","type":"page","link":"https:\/\/nobelexpo.com\/fr\/gizlilik-politikasi\/","title":{"rendered":"Politique de confidentialit\u00e9"},"content":{"rendered":"<div class=\"modal-header\">\n<div class=\"modal-header\">\n<h5 id=\"exampleModalGizlilikLabel\" class=\"modal-title\">Politique de confidentialit\u00e9<\/h5>\n<p>&nbsp;<\/p>\n<\/div>\n<div class=\"modal-body\">\n<p>Bienvenue \u00e0 Nobel Expo ! Nobel Expo Uluslaras\u0131 Fuarc\u0131l\u0131k A.\u015e. a pour principe de donner la priorit\u00e9 au droit \u00e0 la vie priv\u00e9e des visiteurs du site www.nobelexpo.com. En tant que Nobel Expo, soci\u00e9t\u00e9 responsable du stockage et de la s\u00e9curit\u00e9 de vos informations personnelles, nous prenons les mesures n\u00e9cessaires pour emp\u00eacher la perte ou l'alt\u00e9ration de vos informations et pour les stocker en toute s\u00e9curit\u00e9 ; \u00e0 cette fin, nous effectuons des op\u00e9rations techniques et logicielles. Afin de fournir des informations plus pr\u00e9cises \u00e0 nos utilisateurs, notre site Web peut contenir des liens vers des sites que nous consid\u00e9rons comme aussi fiables que nous. Toutefois, Nobel Expo ne peut \u00eatre tenu responsable des politiques de confidentialit\u00e9 ou du contenu des sites concern\u00e9s. L'utilisation de notre site Web indique que vous avez lu, compris et accept\u00e9 notre politique de confidentialit\u00e9. En cas de demande de coop\u00e9ration de la part d'autorit\u00e9s judiciaires ou administratives, nous pouvons \u00eatre amen\u00e9s \u00e0 partager vos informations personnelles conform\u00e9ment aux lois et r\u00e9glementations en vigueur.<\/p>\n<p>Les informations non personnelles sont des informations anonymes qui ne permettent pas de vous identifier personnellement. Ces informations sont automatiquement stock\u00e9es sur nos serveurs. Ces donn\u00e9es peuvent inclure votre nom r\u00e9el, votre adresse, votre num\u00e9ro de t\u00e9l\u00e9phone, votre adresse \u00e9lectronique, le nom de votre fournisseur d'acc\u00e8s \u00e0 Internet, votre adresse IP, la version de votre logiciel de navigation, le syst\u00e8me d'exploitation de l'ordinateur auquel vous acc\u00e9dez, le site web qui nous a r\u00e9f\u00e9r\u00e9, les sites sur lesquels vous avez navigu\u00e9 lors de votre visite sur notre site et les termes de recherche que vous avez utilis\u00e9s pour trouver notre site.<\/p>\n<p>En tant que Nobel Expo, nous pouvons envoyer des bulletins \u00e9lectroniques pour vous informer des activit\u00e9s commerciales de Nobel Expo avec votre accord pr\u00e9alable. Lorsque vous choisissez de vous inscrire \u00e0 notre syst\u00e8me de courrier \u00e9lectronique pr\u00e9-approuv\u00e9, nos filiales peuvent \u00e9galement vous envoyer des annonces d'\u00e9v\u00e9nements, de produits ou de services susceptibles de vous int\u00e9resser. En outre, \u00e0 tout moment et sans motif\u00a0<a href=\"mail:info@nobelexpo.com\">info@nobelexpo.com<\/a>\u00a0Vous pouvez vous d\u00e9sabonner du bulletin d'information \u00e9lectronique en nous contactant \u00e0 l'adresse suivante<\/p>\n<p>En tant que Nobel Expo, les informations que vous avez d\u00e9clar\u00e9es ne seront pas utilis\u00e9es \u00e0 d'autres fins que le traitement, ne seront pas transf\u00e9r\u00e9es \u00e0 des tiers sans votre consentement ou pour toute autre raison stipul\u00e9e dans la l\u00e9gislation applicable, et pourront \u00eatre partag\u00e9es avec des institutions publiques et des organisations avec lesquelles Nobel Expo coop\u00e8re ou est l\u00e9galement tenu de coop\u00e9rer en cas d'exigences l\u00e9gales ou contractuelles, ainsi qu'avec des prestataires de services tiers et des soci\u00e9t\u00e9s fournisseurs situ\u00e9s en Turquie ou \u00e0 l'\u00e9tranger, Vous reconnaissez avoir \u00e9t\u00e9 inform\u00e9 de mani\u00e8re \u00e0 ne pas h\u00e9siter, avoir donn\u00e9 votre consentement explicite et \u00e9clair\u00e9 au traitement, y compris au transfert \u00e0 l'\u00e9tranger en cas d'exigences l\u00e9gales ou contractuelles, que Nobel Expo vous a fourni les explications n\u00e9cessaires dans le cadre de la loi n\u00b0 6698 et qu'il vous a inform\u00e9 des droits d\u00e9coulant de cette loi.<\/p>\n<p>En tant que Nobel Expo, les informations que vous avez d\u00e9clar\u00e9es ne seront pas utilis\u00e9es \u00e0 d'autres fins que le traitement, ne seront pas transf\u00e9r\u00e9es \u00e0 des tiers sans votre consentement ou pour toute autre raison stipul\u00e9e dans la l\u00e9gislation applicable, et pourront \u00eatre partag\u00e9es avec des institutions publiques et des organisations avec lesquelles Nobel Expo coop\u00e8re ou est l\u00e9galement tenu de coop\u00e9rer en cas d'exigences l\u00e9gales ou contractuelles, ainsi qu'avec des prestataires de services tiers et des soci\u00e9t\u00e9s fournisseurs situ\u00e9s en Turquie ou \u00e0 l'\u00e9tranger, Vous reconnaissez avoir \u00e9t\u00e9 inform\u00e9 de mani\u00e8re \u00e0 ne pas h\u00e9siter, avoir donn\u00e9 votre consentement explicite et \u00e9clair\u00e9 au traitement, y compris au transfert \u00e0 l'\u00e9tranger en cas d'exigences l\u00e9gales ou contractuelles, que Nobel Expo vous a fourni les explications n\u00e9cessaires dans le cadre de la loi n\u00b0 6698 et qu'il vous a inform\u00e9 des droits d\u00e9coulant de cette loi.<\/p>\n<p>Au nom de la foire, vous acceptez que nous collections toutes les informations personnelles obtenues lors de l'inscription dans la base de donn\u00e9es de Nobel Expo et qu'elles puissent \u00eatre utilis\u00e9es par Nobel Expo ou des tiers \u00e0 des fins promotionnelles, d'envoi de bulletins \u00e9lectroniques, d'appels t\u00e9l\u00e9phoniques, d'envoi de SMS et de marketing cibl\u00e9. Vous pouvez envoyer vos demandes de modification ou de correction de vos donn\u00e9es au d\u00e9partement Marketing, Nobel Expo, Ye\u015filk\u00f6y, Istanbul World Trade Centre, Atat\u00fcrk Caddesi A2 Blok No:14 K:4 Office No:182, 34149 Istanbul ou \u00e0 l'adresse suivante\u00a0<a href=\"mail:info@nobelexpo.com\">info@nobelexpo.com<\/a>\u00a0Vous pouvez l'envoyer \u00e0 l'adresse \u00e9lectronique.<\/p>\n<p>Pour des raisons de s\u00e9curit\u00e9, l'ensemble du champ de foire est enregistr\u00e9 par un syst\u00e8me de cam\u00e9ras en circuit ferm\u00e9 afin de pr\u00e9venir et de d\u00e9tecter les d\u00e9lits.<\/p>\n<h4>Cookies<\/h4>\n<p>Les cookies sont de petits fichiers texte qui sont envoy\u00e9s et stock\u00e9s sur les ordinateurs des utilisateurs afin de permettre aux sites web de reconna\u00eetre en permanence les utilisateurs et de faciliter l'acc\u00e8s des utilisateurs au site, d'am\u00e9liorer et de perfectionner le contenu des sites. Les cookies sont utilis\u00e9s pour vous fournir des services ou des informations uniques adapt\u00e9s \u00e0 vos besoins et \u00e0 vos int\u00e9r\u00eats.<\/p>\n<p>Les informations qui nous sont transmises par le biais des cookies utilis\u00e9s sur notre site web ne sont pas utilis\u00e9es \u00e0 des fins promotionnelles. Nobel Expo Uluslararas\u0131 Fuarc\u0131l\u0131k A.\u015e. surveille les habitudes d'utilisation afin d'am\u00e9liorer la convivialit\u00e9 et l'efficacit\u00e9 de notre site Web gr\u00e2ce aux cookies. Ces informations ne sont jamais partag\u00e9es ou vendues \u00e0 des tiers. Vous pouvez supprimer les cookies pr\u00e9c\u00e9demment install\u00e9s ou bloquer les futurs cookies en proc\u00e9dant aux r\u00e9glages requis par votre navigateur Internet.<\/p>\n<p>Pour nous\u00a0<a href=\"mail:info@nobelexpo.com\">info@nobelexpo.com<\/a>\u00a0Vous pouvez obtenir plus d'informations sur ce sujet en vous adressant \u00e0.<\/p>\n<\/div>\n<\/div>","protected":false},"excerpt":{"rendered":"<p>Gizlilik Politikas\u0131 &nbsp; Nobel Expo\u2019ya Ho\u015f Geldiniz! Nobel Expo Uluslararas\u0131 Fuarc\u0131l\u0131k A.\u015e. olarak www.nobelexpo.com web sitesini ziyaret edenlerin gizlilik haklar\u0131n\u0131<\/p>","protected":false},"author":1,"featured_media":0,"parent":0,"menu_order":0,"comment_status":"closed","ping_status":"closed","template":"","meta":{"_acf_changed":false,"footnotes":""},"class_list":["post-2381","page","type-page","status-publish","hentry"],"acf":[],"yoast_head":"<!-- This site is optimized with the Yoast SEO plugin v25.8 - https:\/\/yoast.com\/wordpress\/plugins\/seo\/ -->\n<title>Gizlilik Politikas\u0131 - Nobel Expo<\/title>\n<meta name=\"robots\" content=\"index, follow, max-snippet:-1, max-image-preview:large, max-video-preview:-1\" \/>\n<link rel=\"canonical\" href=\"https:\/\/nobelexpo.com\/fr\/gizlilik-politikasi\/\" \/>\n<meta property=\"og:locale\" content=\"fr_FR\" \/>\n<meta property=\"og:type\" content=\"article\" \/>\n<meta property=\"og:title\" content=\"Gizlilik Politikas\u0131 - Nobel Expo\" \/>\n<meta property=\"og:description\" content=\"Gizlilik Politikas\u0131 &nbsp; Nobel Expo\u2019ya Ho\u015f Geldiniz! Nobel Expo Uluslararas\u0131 Fuarc\u0131l\u0131k A.\u015e. olarak www.nobelexpo.com web sitesini ziyaret edenlerin gizlilik haklar\u0131n\u0131\" \/>\n<meta property=\"og:url\" content=\"https:\/\/nobelexpo.com\/fr\/gizlilik-politikasi\/\" \/>\n<meta property=\"og:site_name\" content=\"Nobel Expo\" \/>\n<meta property=\"article:modified_time\" content=\"2025-09-06T08:42:53+00:00\" \/>\n<meta name=\"twitter:card\" content=\"summary_large_image\" \/>\n<meta name=\"twitter:label1\" content=\"Dur\u00e9e de lecture estim\u00e9e\" \/>\n\t<meta name=\"twitter:data1\" content=\"3 minutes\" \/>\n<script type=\"application\/ld+json\" class=\"yoast-schema-graph\">{\"@context\":\"https:\/\/schema.org\",\"@graph\":[{\"@type\":\"WebPage\",\"@id\":\"https:\/\/nobelexpo.com\/gizlilik-politikasi\/\",\"url\":\"https:\/\/nobelexpo.com\/gizlilik-politikasi\/\",\"name\":\"Gizlilik Politikas\u0131 - Nobel Expo\",\"isPartOf\":{\"@id\":\"https:\/\/nobelexpo.com\/#website\"},\"datePublished\":\"2025-09-06T08:42:26+00:00\",\"dateModified\":\"2025-09-06T08:42:53+00:00\",\"breadcrumb\":{\"@id\":\"https:\/\/nobelexpo.com\/gizlilik-politikasi\/#breadcrumb\"},\"inLanguage\":\"fr-FR\",\"potentialAction\":[{\"@type\":\"ReadAction\",\"target\":[\"https:\/\/nobelexpo.com\/gizlilik-politikasi\/\"]}]},{\"@type\":\"BreadcrumbList\",\"@id\":\"https:\/\/nobelexpo.com\/gizlilik-politikasi\/#breadcrumb\",\"itemListElement\":[{\"@type\":\"ListItem\",\"position\":1,\"name\":\"Anasayfa\",\"item\":\"https:\/\/nobelexpo.com\/\"},{\"@type\":\"ListItem\",\"position\":2,\"name\":\"Gizlilik Politikas\u0131\"}]},{\"@type\":\"WebSite\",\"@id\":\"https:\/\/nobelexpo.com\/#website\",\"url\":\"https:\/\/nobelexpo.com\/\",\"name\":\"Nobel Expo\",\"description\":\"Gelece\u011fin Fuarlar\u0131na \u015eimdi Kat\u0131l\",\"potentialAction\":[{\"@type\":\"SearchAction\",\"target\":{\"@type\":\"EntryPoint\",\"urlTemplate\":\"https:\/\/nobelexpo.com\/?s={search_term_string}\"},\"query-input\":{\"@type\":\"PropertyValueSpecification\",\"valueRequired\":true,\"valueName\":\"search_term_string\"}}],\"inLanguage\":\"fr-FR\"}]}<\/script>\n<!-- \/ Yoast SEO plugin. -->","yoast_head_json":{"title":"Gizlilik Politikas\u0131 - Nobel Expo","robots":{"index":"index","follow":"follow","max-snippet":"max-snippet:-1","max-image-preview":"max-image-preview:large","max-video-preview":"max-video-preview:-1"},"canonical":"https:\/\/nobelexpo.com\/fr\/gizlilik-politikasi\/","og_locale":"fr_FR","og_type":"article","og_title":"Gizlilik Politikas\u0131 - Nobel Expo","og_description":"Gizlilik Politikas\u0131 &nbsp; Nobel Expo\u2019ya Ho\u015f Geldiniz! Nobel Expo Uluslararas\u0131 Fuarc\u0131l\u0131k A.\u015e. olarak www.nobelexpo.com web sitesini ziyaret edenlerin gizlilik haklar\u0131n\u0131","og_url":"https:\/\/nobelexpo.com\/fr\/gizlilik-politikasi\/","og_site_name":"Nobel Expo","article_modified_time":"2025-09-06T08:42:53+00:00","twitter_card":"summary_large_image","twitter_misc":{"Dur\u00e9e de lecture estim\u00e9e":"3 minutes"},"schema":{"@context":"https:\/\/schema.org","@graph":[{"@type":"WebPage","@id":"https:\/\/nobelexpo.com\/gizlilik-politikasi\/","url":"https:\/\/nobelexpo.com\/gizlilik-politikasi\/","name":"Gizlilik Politikas\u0131 - Nobel Expo","isPartOf":{"@id":"https:\/\/nobelexpo.com\/#website"},"datePublished":"2025-09-06T08:42:26+00:00","dateModified":"2025-09-06T08:42:53+00:00","breadcrumb":{"@id":"https:\/\/nobelexpo.com\/gizlilik-politikasi\/#breadcrumb"},"inLanguage":"fr-FR","potentialAction":[{"@type":"ReadAction","target":["https:\/\/nobelexpo.com\/gizlilik-politikasi\/"]}]},{"@type":"BreadcrumbList","@id":"https:\/\/nobelexpo.com\/gizlilik-politikasi\/#breadcrumb","itemListElement":[{"@type":"ListItem","position":1,"name":"Anasayfa","item":"https:\/\/nobelexpo.com\/"},{"@type":"ListItem","position":2,"name":"Gizlilik Politikas\u0131"}]},{"@type":"WebSite","@id":"https:\/\/nobelexpo.com\/#website","url":"https:\/\/nobelexpo.com\/","name":"Expo Nobel","description":"Rejoignez les foires du futur d\u00e8s maintenant","potentialAction":[{"@type":"SearchAction","target":{"@type":"EntryPoint","urlTemplate":"https:\/\/nobelexpo.com\/?s={search_term_string}"},"query-input":{"@type":"PropertyValueSpecification","valueRequired":true,"valueName":"search_term_string"}}],"inLanguage":"fr-FR"}]}},"_links":{"self":[{"href":"https:\/\/nobelexpo.com\/fr\/wp-json\/wp\/v2\/pages\/2381","targetHints":{"allow":["GET"]}}],"collection":[{"href":"https:\/\/nobelexpo.com\/fr\/wp-json\/wp\/v2\/pages"}],"about":[{"href":"https:\/\/nobelexpo.com\/fr\/wp-json\/wp\/v2\/types\/page"}],"author":[{"embeddable":true,"href":"https:\/\/nobelexpo.com\/fr\/wp-json\/wp\/v2\/users\/1"}],"replies":[{"embeddable":true,"href":"https:\/\/nobelexpo.com\/fr\/wp-json\/wp\/v2\/comments?post=2381"}],"version-history":[{"count":0,"href":"https:\/\/nobelexpo.com\/fr\/wp-json\/wp\/v2\/pages\/2381\/revisions"}],"wp:attachment":[{"href":"https:\/\/nobelexpo.com\/fr\/wp-json\/wp\/v2\/media?parent=2381"}],"curies":[{"name":"wp","href":"https:\/\/api.w.org\/{rel}","templated":true}]}}