{"id":2384,"date":"2025-09-06T08:43:14","date_gmt":"2025-09-06T08:43:14","guid":{"rendered":"https:\/\/nobelexpo.com\/?page_id=2384"},"modified":"2025-09-06T08:43:14","modified_gmt":"2025-09-06T08:43:14","slug":"kvkk","status":"publish","type":"page","link":"https:\/\/nobelexpo.com\/fr\/kvkk\/","title":{"rendered":"KVKK"},"content":{"rendered":"<div class=\"modal-header\">\n<h5 id=\"exampleModalGizlilikLabel\" class=\"modal-title\">K.V.K.K Texte de clarification<\/h5>\n<p>&nbsp;<\/p>\n<\/div>\n<div class=\"modal-body\">Conform\u00e9ment \u00e0 la loi n\u00b0 6698 sur la protection des donn\u00e9es personnelles (\"KVKK\"), les d\u00e9tails concernant la port\u00e9e du traitement de vos donn\u00e9es personnelles par Nobel Expo Uluslararas\u0131 Fuarc\u0131l\u0131k A.\u015e (\"Nobel Expo\" ou \"Soci\u00e9t\u00e9\") en tant que responsable du traitement des donn\u00e9es sont pr\u00e9sent\u00e9s \u00e0 titre d'information dans les rubriques ci-dessous.&nbsp;<\/p>\n<h6>1. les m\u00e9thodes de collecte de vos donn\u00e9es \u00e0 caract\u00e8re personnel et leurs motifs l\u00e9gaux<\/h6>\n<p>Vos donn\u00e9es personnelles sont collect\u00e9es par notre soci\u00e9t\u00e9 par le biais de diff\u00e9rents canaux afin de mener \u00e0 bien nos activit\u00e9s sur la base de motifs l\u00e9gaux pour se conformer \u00e0 la l\u00e9gislation et aux politiques de la soci\u00e9t\u00e9. Vos donn\u00e9es personnelles peuvent \u00e9galement \u00eatre trait\u00e9es et transf\u00e9r\u00e9es aux fins sp\u00e9cifi\u00e9es dans le pr\u00e9sent texte de clarification dans le cadre des conditions et des objectifs de traitement des donn\u00e9es personnelles sp\u00e9cifi\u00e9s aux articles 5 et 6 de la KVKK, conform\u00e9ment aux principes de base stipul\u00e9s par la KVKK.<\/p>\n<h6>2. le traitement de vos donn\u00e9es \u00e0 caract\u00e8re personnel<\/h6>\n<p>Les donn\u00e9es personnelles collect\u00e9es sont trait\u00e9es conform\u00e9ment aux principes de base stipul\u00e9s par la KVKK et dans le cadre des conditions et finalit\u00e9s de traitement des donn\u00e9es personnelles sp\u00e9cifi\u00e9es aux articles 5 et 6 de la KVKK, - R\u00e9alisation des activit\u00e9s commerciales exerc\u00e9es par Nobel Expo conform\u00e9ment \u00e0 la l\u00e9gislation et aux politiques de l'entreprise, - Conception et ex\u00e9cution des activit\u00e9s de ressources humaines, - Garantie de la s\u00e9curit\u00e9 commerciale et juridique des personnes physiques avec lesquelles nous entretenons des relations d'affaires, - Protection de la r\u00e9putation commerciale de Nobel Expo et de la confiance qu'elle suscite.<\/p>\n<h6>3. le partage de vos donn\u00e9es personnelles<\/h6>\n<p>Vos donn\u00e9es personnelles collect\u00e9es peuvent \u00eatre partag\u00e9es avec nos affili\u00e9s, fournisseurs, prestataires de services externes et institutions et organisations publiques l\u00e9galement autoris\u00e9es afin que nos unit\u00e9s commerciales effectuent le travail n\u00e9cessaire dans ce sens pour mener \u00e0 bien nos activit\u00e9s commerciales conform\u00e9ment \u00e0 la l\u00e9gislation et aux politiques de l'entreprise dans le respect des principes de base stipul\u00e9s par la KVKK et dans les conditions et finalit\u00e9s de traitement des donn\u00e9es personnelles sp\u00e9cifi\u00e9es dans les articles 8 et 9 de la KVKK.<\/p>\n<h6>4. vos droits en tant que propri\u00e9taire de donn\u00e9es, \u00e9num\u00e9r\u00e9s \u00e0 l'article 11 de la LPPD<\/h6>\n<p>Conform\u00e9ment \u00e0 l'article 11 de la LAMal, entr\u00e9e en vigueur le 7 octobre 2016, vous disposez des droits suivants concernant vos donn\u00e9es \u00e0 caract\u00e8re personnel - Savoir si vos donn\u00e9es personnelles ont \u00e9t\u00e9 trait\u00e9es, - Demander des informations si vos donn\u00e9es personnelles ont \u00e9t\u00e9 trait\u00e9es, - Savoir le but du traitement de vos donn\u00e9es personnelles et si elles sont utilis\u00e9es conform\u00e9ment \u00e0 leur but, - Conna\u00eetre les tiers auxquels les donn\u00e9es personnelles sont transf\u00e9r\u00e9es en Suisse ou \u00e0 l'\u00e9tranger, - Demander la correction des donn\u00e9es personnelles en cas de traitement incomplet ou incorrect et demander la notification de la transaction effectu\u00e9e dans ce cadre aux tiers auxquels les donn\u00e9es personnelles sont transf\u00e9r\u00e9es, - demander l'effacement ou la destruction des donn\u00e9es personnelles au cas o\u00f9 les raisons justifiant leur traitement dispara\u00eetraient, bien qu'elles aient \u00e9t\u00e9 trait\u00e9es conform\u00e9ment aux dispositions du KVKK et d'autres lois pertinentes, et demander la notification de la transaction effectu\u00e9e dans ce cadre aux tiers auxquels les donn\u00e9es personnelles sont transf\u00e9r\u00e9es, - s'opposer \u00e0 l'obtention d'un r\u00e9sultat pr\u00e9judiciable \u00e0 la personne elle-m\u00eame par l'analyse des donn\u00e9es trait\u00e9es exclusivement au moyen de syst\u00e8mes automatis\u00e9s, - demander la r\u00e9paration du pr\u00e9judice en cas de dommage d\u00fb \u00e0 un traitement ill\u00e9gal des donn\u00e9es personnelles. Je vous prie d'agr\u00e9er, Madame, Monsieur, l'expression de mes salutations distingu\u00e9es,<br \/>\nVOUS POUVEZ REMPLIR LE FORMULAIRE DE DEMANDE DANS LE CADRE DE KVKK ET DEMANDER DES INFORMATIONS PAR \u00c9CRIT.<\/p>\n<\/div>","protected":false},"excerpt":{"rendered":"<p>K.V.K.K Ayd\u0131nlatma Metni &nbsp; Ki\u015fisel verilerinizin 6698 say\u0131l\u0131 Ki\u015fisel Verilerin Korunmas\u0131 Kanunu (\u201cKVKK\u201d) uyar\u0131nca, veri sorumlusu s\u0131fat\u0131yla Nobel Expo Uluslararas\u0131<\/p>","protected":false},"author":1,"featured_media":0,"parent":0,"menu_order":0,"comment_status":"closed","ping_status":"closed","template":"","meta":{"_acf_changed":false,"footnotes":""},"class_list":["post-2384","page","type-page","status-publish","hentry"],"acf":[],"yoast_head":"<!-- This site is optimized with the Yoast SEO plugin v25.8 - https:\/\/yoast.com\/wordpress\/plugins\/seo\/ -->\n<title>KVKK - Nobel Expo<\/title>\n<meta name=\"robots\" content=\"index, follow, max-snippet:-1, max-image-preview:large, max-video-preview:-1\" \/>\n<link rel=\"canonical\" href=\"https:\/\/nobelexpo.com\/fr\/kvkk\/\" \/>\n<meta property=\"og:locale\" content=\"fr_FR\" \/>\n<meta property=\"og:type\" content=\"article\" \/>\n<meta property=\"og:title\" content=\"KVKK - Nobel Expo\" \/>\n<meta property=\"og:description\" content=\"K.V.K.K Ayd\u0131nlatma Metni &nbsp; Ki\u015fisel verilerinizin 6698 say\u0131l\u0131 Ki\u015fisel Verilerin Korunmas\u0131 Kanunu (\u201cKVKK\u201d) uyar\u0131nca, veri sorumlusu s\u0131fat\u0131yla Nobel Expo Uluslararas\u0131\" \/>\n<meta property=\"og:url\" content=\"https:\/\/nobelexpo.com\/fr\/kvkk\/\" \/>\n<meta property=\"og:site_name\" content=\"Nobel Expo\" \/>\n<meta name=\"twitter:card\" content=\"summary_large_image\" \/>\n<script type=\"application\/ld+json\" class=\"yoast-schema-graph\">{\"@context\":\"https:\/\/schema.org\",\"@graph\":[{\"@type\":\"WebPage\",\"@id\":\"https:\/\/nobelexpo.com\/kvkk\/\",\"url\":\"https:\/\/nobelexpo.com\/kvkk\/\",\"name\":\"KVKK - Nobel Expo\",\"isPartOf\":{\"@id\":\"https:\/\/nobelexpo.com\/#website\"},\"datePublished\":\"2025-09-06T08:43:14+00:00\",\"breadcrumb\":{\"@id\":\"https:\/\/nobelexpo.com\/kvkk\/#breadcrumb\"},\"inLanguage\":\"fr-FR\",\"potentialAction\":[{\"@type\":\"ReadAction\",\"target\":[\"https:\/\/nobelexpo.com\/kvkk\/\"]}]},{\"@type\":\"BreadcrumbList\",\"@id\":\"https:\/\/nobelexpo.com\/kvkk\/#breadcrumb\",\"itemListElement\":[{\"@type\":\"ListItem\",\"position\":1,\"name\":\"Anasayfa\",\"item\":\"https:\/\/nobelexpo.com\/\"},{\"@type\":\"ListItem\",\"position\":2,\"name\":\"KVKK\"}]},{\"@type\":\"WebSite\",\"@id\":\"https:\/\/nobelexpo.com\/#website\",\"url\":\"https:\/\/nobelexpo.com\/\",\"name\":\"Nobel Expo\",\"description\":\"Gelece\u011fin Fuarlar\u0131na \u015eimdi Kat\u0131l\",\"potentialAction\":[{\"@type\":\"SearchAction\",\"target\":{\"@type\":\"EntryPoint\",\"urlTemplate\":\"https:\/\/nobelexpo.com\/?s={search_term_string}\"},\"query-input\":{\"@type\":\"PropertyValueSpecification\",\"valueRequired\":true,\"valueName\":\"search_term_string\"}}],\"inLanguage\":\"fr-FR\"}]}<\/script>\n<!-- \/ Yoast SEO plugin. -->","yoast_head_json":{"title":"KVKK - Nobel Expo","robots":{"index":"index","follow":"follow","max-snippet":"max-snippet:-1","max-image-preview":"max-image-preview:large","max-video-preview":"max-video-preview:-1"},"canonical":"https:\/\/nobelexpo.com\/fr\/kvkk\/","og_locale":"fr_FR","og_type":"article","og_title":"KVKK - Nobel Expo","og_description":"K.V.K.K Ayd\u0131nlatma Metni &nbsp; Ki\u015fisel verilerinizin 6698 say\u0131l\u0131 Ki\u015fisel Verilerin Korunmas\u0131 Kanunu (\u201cKVKK\u201d) uyar\u0131nca, veri sorumlusu s\u0131fat\u0131yla Nobel Expo Uluslararas\u0131","og_url":"https:\/\/nobelexpo.com\/fr\/kvkk\/","og_site_name":"Nobel Expo","twitter_card":"summary_large_image","schema":{"@context":"https:\/\/schema.org","@graph":[{"@type":"WebPage","@id":"https:\/\/nobelexpo.com\/kvkk\/","url":"https:\/\/nobelexpo.com\/kvkk\/","name":"KVKK - Nobel Expo","isPartOf":{"@id":"https:\/\/nobelexpo.com\/#website"},"datePublished":"2025-09-06T08:43:14+00:00","breadcrumb":{"@id":"https:\/\/nobelexpo.com\/kvkk\/#breadcrumb"},"inLanguage":"fr-FR","potentialAction":[{"@type":"ReadAction","target":["https:\/\/nobelexpo.com\/kvkk\/"]}]},{"@type":"BreadcrumbList","@id":"https:\/\/nobelexpo.com\/kvkk\/#breadcrumb","itemListElement":[{"@type":"ListItem","position":1,"name":"Anasayfa","item":"https:\/\/nobelexpo.com\/"},{"@type":"ListItem","position":2,"name":"KVKK"}]},{"@type":"WebSite","@id":"https:\/\/nobelexpo.com\/#website","url":"https:\/\/nobelexpo.com\/","name":"Expo Nobel","description":"Rejoignez les foires du futur d\u00e8s maintenant","potentialAction":[{"@type":"SearchAction","target":{"@type":"EntryPoint","urlTemplate":"https:\/\/nobelexpo.com\/?s={search_term_string}"},"query-input":{"@type":"PropertyValueSpecification","valueRequired":true,"valueName":"search_term_string"}}],"inLanguage":"fr-FR"}]}},"_links":{"self":[{"href":"https:\/\/nobelexpo.com\/fr\/wp-json\/wp\/v2\/pages\/2384","targetHints":{"allow":["GET"]}}],"collection":[{"href":"https:\/\/nobelexpo.com\/fr\/wp-json\/wp\/v2\/pages"}],"about":[{"href":"https:\/\/nobelexpo.com\/fr\/wp-json\/wp\/v2\/types\/page"}],"author":[{"embeddable":true,"href":"https:\/\/nobelexpo.com\/fr\/wp-json\/wp\/v2\/users\/1"}],"replies":[{"embeddable":true,"href":"https:\/\/nobelexpo.com\/fr\/wp-json\/wp\/v2\/comments?post=2384"}],"version-history":[{"count":0,"href":"https:\/\/nobelexpo.com\/fr\/wp-json\/wp\/v2\/pages\/2384\/revisions"}],"wp:attachment":[{"href":"https:\/\/nobelexpo.com\/fr\/wp-json\/wp\/v2\/media?parent=2384"}],"curies":[{"name":"wp","href":"https:\/\/api.w.org\/{rel}","templated":true}]}}