{"id":105,"date":"2025-06-15T14:19:58","date_gmt":"2025-06-15T14:19:58","guid":{"rendered":"https:\/\/nobel.websitesunum.com.tr\/?page_id=105"},"modified":"2025-08-14T12:39:45","modified_gmt":"2025-08-14T12:39:45","slug":"hizmetlerimiz","status":"publish","type":"page","link":"https:\/\/nobelexpo.com\/ru\/hizmetlerimiz\/","title":{"rendered":"\u041d\u0430\u0448\u0438 \u0443\u0441\u043b\u0443\u0433\u0438"},"content":{"rendered":"<div class=\"wpb-content-wrapper\"><div class=\"vc_row wpb_row vc_row-fluid vc_custom_1750685076115 wd-rs-6859558a33f17\"><div class=\"wpb_column vc_column_container vc_col-sm-12\"><div class=\"vc_column-inner\"><div class=\"wpb_wrapper\">\n\t<div class=\"wpb_text_column wpb_content_element\" >\n\t\t<div class=\"wpb_wrapper\">\n\t\t\t<p style=\"text-align: center;\">Nobel Expo \u043f\u0440\u0435\u0434\u043b\u0430\u0433\u0430\u0435\u0442 \u0432\u0430\u043c<\/p>\n<h1 style=\"text-align: center;\"><strong>\u041e\u041f\u0415\u0420\u0415\u0414\u0418\u0422\u0415 \u0421\u0412\u041e\u0418\u0425 \u041a\u041e\u041d\u041a\u0423\u0420\u0415\u041d\u0422\u041e\u0412 \u0411\u041b\u0410\u0413\u041e\u0414\u0410\u0420\u042f \u041f\u0420\u0415\u0412\u041e\u0421\u0425\u041e\u0414\u041d\u042b\u041c \u0423\u0421\u041b\u0423\u0413\u0410\u041c!<\/strong><\/h1>\n\n\t\t<\/div>\n\t<\/div>\n<\/div><\/div><\/div><\/div><div id=\"hizmetlerimiz-bilgi\" class=\"vc_row wpb_row vc_row-fluid vc_custom_1755171250766 vc_row-has-fill vc_column-gap-30 wd-rs-689dc9a0775fe wd-section-stretch\"><div class=\"wpb_column vc_column_container vc_col-sm-12\"><div class=\"vc_column-inner\"><div class=\"wpb_wrapper\"><div class=\"vc_row wpb_row vc_inner vc_row-fluid vc_custom_1750685131472 vc_row-has-fill vc_column-gap-10 wd-rs-685955c03bc8e\"><div class=\"wpb_column vc_column_container vc_col-sm-4 wd-rs-684ee0dfa03e3\"><div class=\"vc_column-inner\"><div class=\"wpb_wrapper\">\t\t\t<div class=\"info-box-wrapper\">\n\t\t\t\t<div id=\"wd-689dcbaa3855f\" class=\"wd-animation-slide-from-bottom wd-animation-normal wd_delay_100 wd-rs-689dcbaa3855f wd-info-box wd-wpb text-left box-icon-align-top box-style- color-scheme- wd-bg-none with-btn box-btn-static\">\n\t\t\t\t\t\t\t\t\t\t<div class=\"info-box-content\">\n\t\t\t\t\t\t<h2 class=\"info-box-title title box-title-style-default wd-fontsize-m\">\u0410\u0413\u0415\u041d\u0422\u0421\u0422\u0412\u041e \u0418 \u041c\u0410\u0420\u041a\u0415\u0422\u0418\u041d\u0413<\/h2>\t\t\t\t\t\t<div class=\"info-box-inner reset-last-child\"><p>\u0423\u0431\u0435\u0434\u0438\u0442\u0435\u0441\u044c, \u0447\u0442\u043e \u0432\u0430\u0448\u0438 \u0442\u043e\u0432\u0430\u0440\u044b \u0438 \u0443\u0441\u043b\u0443\u0433\u0438 \u043d\u0430\u0439\u0434\u0443\u0442 \u043d\u0443\u0436\u043d\u044b\u0445 \u043f\u043e\u043a\u0443\u043f\u0430\u0442\u0435\u043b\u0435\u0439, \u0438\u0441\u043f\u043e\u043b\u044c\u0437\u0443\u044f \u044d\u0444\u0444\u0435\u043a\u0442\u0438\u0432\u043d\u044b\u0435 \u043c\u0430\u0440\u043a\u0435\u0442\u0438\u043d\u0433\u043e\u0432\u044b\u0435 \u0438\u043d\u0441\u0442\u0440\u0443\u043c\u0435\u043d\u0442\u044b Nobel Media. \u041f\u0440\u043e\u0434\u043e\u043b\u0436\u0430\u0439\u0442\u0435 \u043f\u0440\u043e\u0434\u0432\u0438\u0433\u0430\u0442\u044c \u0441\u0432\u043e\u044e \u043a\u043e\u043c\u043f\u0430\u043d\u0438\u044e \u0438 \u0431\u0440\u0435\u043d\u0434 \u043d\u0435 \u0442\u043e\u043b\u044c\u043a\u043e \u0432\u043e \u0432\u0440\u0435\u043c\u044f \u0432\u044b\u0441\u0442\u0430\u0432\u043a\u0438, \u043d\u043e \u0438 \u0434\u043e \u0438 \u043f\u043e\u0441\u043b\u0435 \u043d\u0435\u0435.<\/p>\n<\/div>\n\n\t\t\t\t\t\t<div class=\"info-btn-wrapper\"><div id=\"wd-69f9510c735eb\" class=\"wd-button-wrapper text-left\"><a href=\"\/ru\/iletisim\/\" title=\"\" class=\"btn btn-color-alt btn-style-link btn-shape-rectangle btn-size-large btn-icon-pos-right\">\u041d\u0410\u0416\u041c\u0418\u0422\u0415 \u0414\u041b\u042f \u0421\u0412\u042f\u0417\u0418<span class=\"wd-btn-icon\"><span class=\"wd-icon fa fa-solid fa-right-long\"><\/span><\/span><\/a><\/div><\/div>\t\t\t\t\t<\/div>\n\n\t\t\t\t\t\n\t\t\t\t\t<style><\/style>\t\t\t\t<\/div>\n\t\t\t<\/div>\n\t\t<\/div><\/div><\/div><div class=\"wpb_column vc_column_container vc_col-sm-4\"><div class=\"vc_column-inner\"><div class=\"wpb_wrapper\">\t\t\t<div class=\"info-box-wrapper\">\n\t\t\t\t<div id=\"wd-689dcbb12ef6d\" class=\"wd-animation-slide-from-bottom wd-animation-normal wd_delay_100 wd-rs-689dcbb12ef6d wd-info-box wd-wpb text-left box-icon-align-top box-style- color-scheme- wd-bg-none with-btn box-btn-static\">\n\t\t\t\t\t\t\t\t\t\t<div class=\"info-box-content\">\n\t\t\t\t\t\t<h2 class=\"info-box-title title box-title-style-default wd-fontsize-m\">\u041b\u041e\u0413\u0418\u0421\u0422\u0418\u041a\u0410 \u0418 \u0421\u0422\u0415\u041d\u0414<\/h2>\t\t\t\t\t\t<div class=\"info-box-inner reset-last-child\"><p>\u0412\u044b\u0434\u0435\u043b\u044f\u0439\u0442\u0435\u0441\u044c \u0441\u0440\u0435\u0434\u0438 \u043a\u043e\u043d\u043a\u0443\u0440\u0435\u043d\u0442\u043e\u0432 \u043d\u0430 \u0432\u044b\u0441\u0442\u0430\u0432\u043a\u0430\u0445, \u043a\u043e\u0442\u043e\u0440\u044b\u0435 \u0432\u044b \u043f\u043e\u0441\u0435\u0449\u0430\u0435\u0442\u0435, \u0441 \u043f\u043e\u043c\u043e\u0449\u044c\u044e \u0441\u0430\u043c\u043e\u0433\u043e \u043d\u0430\u0434\u0435\u0436\u043d\u043e\u0433\u043e \u0442\u0440\u0430\u043d\u0441\u043f\u043e\u0440\u0442\u0430 \u0438 \u0441\u0430\u043c\u044b\u0445 \u0441\u043e\u0432\u0440\u0435\u043c\u0435\u043d\u043d\u044b\u0445 \u0443\u0441\u043b\u0443\u0433 \u043f\u043e \u043e\u0444\u043e\u0440\u043c\u043b\u0435\u043d\u0438\u044e \u0441\u0442\u0435\u043d\u0434\u043e\u0432. \u0421\u0432\u044f\u0436\u0438\u0442\u0435\u0441\u044c \u0441 \u043d\u0430\u043c\u0438 \u043f\u0440\u044f\u043c\u043e \u0441\u0435\u0439\u0447\u0430\u0441, \u0447\u0442\u043e\u0431\u044b \u043f\u043e\u043b\u0443\u0447\u0438\u0442\u044c \u0432\u0441\u0435 \u044d\u0442\u0438 \u0438 \u0434\u0440\u0443\u0433\u0438\u0435 \u043e\u043f\u0435\u0440\u0430\u0442\u0438\u0432\u043d\u044b\u0435 \u0443\u0441\u043b\u0443\u0433\u0438.<\/p>\n<\/div>\n\n\t\t\t\t\t\t<div class=\"info-btn-wrapper\"><div id=\"wd-69f9510c739b4\" class=\"wd-button-wrapper text-left\"><a href=\"\/ru\/iletisim\/\" title=\"\" class=\"btn btn-color-alt btn-style-link btn-shape-rectangle btn-size-large btn-icon-pos-right\">\u041d\u0410\u0416\u041c\u0418\u0422\u0415 \u0414\u041b\u042f \u0421\u0412\u042f\u0417\u0418<span class=\"wd-btn-icon\"><span class=\"wd-icon fa fa-solid fa-right-long\"><\/span><\/span><\/a><\/div><\/div>\t\t\t\t\t<\/div>\n\n\t\t\t\t\t\n\t\t\t\t\t<style><\/style>\t\t\t\t<\/div>\n\t\t\t<\/div>\n\t\t<\/div><\/div><\/div><div class=\"wpb_column vc_column_container vc_col-sm-4\"><div class=\"vc_column-inner\"><div class=\"wpb_wrapper\">\t\t\t<div class=\"info-box-wrapper\">\n\t\t\t\t<div id=\"wd-689dcbb75061f\" class=\"wd-animation-slide-from-bottom wd-animation-normal wd_delay_100 wd-rs-689dcbb75061f wd-info-box wd-wpb text-left box-icon-align-top box-style- color-scheme- wd-bg-none with-btn box-btn-static\">\n\t\t\t\t\t\t\t\t\t\t<div class=\"info-box-content\">\n\t\t\t\t\t\t<h2 class=\"info-box-title title box-title-style-default wd-fontsize-m\">\u0421\u041f\u0420\u0410\u0412\u0415\u0414\u041b\u0418\u0412\u042b\u0415 \u0421\u0422\u0418\u041c\u0423\u041b\u042b \u0418 \u0413\u0420\u0410\u041d\u0422\u042b<\/h2>\t\t\t\t\t\t<div class=\"info-box-inner reset-last-child\"><p>\u041a\u0430\u043a\u0438\u0435 \u0441\u0442\u0440\u0430\u043d\u044b \u044f\u0432\u043b\u044f\u044e\u0442\u0441\u044f \u0446\u0435\u043b\u0435\u0432\u044b\u043c\u0438, \u0441\u043a\u043e\u043b\u044c\u043a\u043e \u0441\u0442\u0438\u043c\u0443\u043b\u043e\u0432 \u0438\u043b\u0438 \u0433\u0440\u0430\u043d\u0442\u043e\u0432 \u0432\u044b \u0441\u043c\u043e\u0436\u0435\u0442\u0435 \u043f\u043e\u043b\u0443\u0447\u0438\u0442\u044c \u043d\u0430 \u0432\u044b\u0441\u0442\u0430\u0432\u043a\u0430\u0445, \u043a\u043e\u0442\u043e\u0440\u044b\u0435 \u0432\u044b \u043f\u043e\u0441\u0435\u0442\u0438\u0442\u0435 \u0432 \u043a\u0430\u043a\u0438\u0445 \u0441\u0442\u0440\u0430\u043d\u0430\u0445? \u041e\u0442\u0432\u0435\u0442\u044b \u043d\u0430 \u0432\u0441\u0435 \u044d\u0442\u0438 \u0438 \u0434\u0440\u0443\u0433\u0438\u0435 \u0432\u043e\u043f\u0440\u043e\u0441\u044b \u0432\u044b \u0432\u0441\u0435\u0433\u0434\u0430 \u043d\u0430\u0439\u0434\u0435\u0442\u0435 \u0432 \u043d\u0430\u0448\u0435\u043c \u0440\u0430\u0437\u0434\u0435\u043b\u0435 Fair Incentive.<\/p>\n<\/div>\n\n\t\t\t\t\t\t<div class=\"info-btn-wrapper\"><div id=\"wd-69f9510c73c43\" class=\"wd-button-wrapper text-left\"><a href=\"\/ru\/iletisim\/\" title=\"\" class=\"btn btn-color-alt btn-style-link btn-shape-rectangle btn-size-large btn-icon-pos-right\">\u041d\u0410\u0416\u041c\u0418\u0422\u0415 \u0414\u041b\u042f \u0421\u0412\u042f\u0417\u0418<span class=\"wd-btn-icon\"><span class=\"wd-icon fa fa-solid fa-right-long\"><\/span><\/span><\/a><\/div><\/div>\t\t\t\t\t<\/div>\n\n\t\t\t\t\t\n\t\t\t\t\t<style><\/style>\t\t\t\t<\/div>\n\t\t\t<\/div>\n\t\t<\/div><\/div><\/div><\/div><div class=\"vc_row wpb_row vc_inner vc_row-fluid vc_custom_1750685131472 vc_row-has-fill vc_column-gap-10 wd-rs-685955c03bc8e\"><div class=\"wpb_column vc_column_container vc_col-sm-4 wd-rs-684ee0dfa03e3\"><div class=\"vc_column-inner\"><div class=\"wpb_wrapper\">\t\t\t<div class=\"info-box-wrapper\">\n\t\t\t\t<div id=\"wd-689dcbbd9dab9\" class=\"wd-animation-slide-from-bottom wd-animation-normal wd_delay_100 wd-rs-689dcbbd9dab9 wd-info-box wd-wpb text-left box-icon-align-top box-style- color-scheme- wd-bg-none with-btn box-btn-static\">\n\t\t\t\t\t\t\t\t\t\t<div class=\"info-box-content\">\n\t\t\t\t\t\t<h2 class=\"info-box-title title box-title-style-default wd-fontsize-m\">\u0414\u0415\u041b\u0415\u0413\u0410\u0426\u0418\u0418 \u041f\u041e \u041f\u041e\u0414\u0411\u041e\u0420\u0423 \u0418 \u0417\u0410\u041a\u0423\u041f\u041a\u0415 \u0422\u041e\u0412\u0410\u0420\u041e\u0412 \u0414\u041b\u042f B2B<\/h2>\t\t\t\t\t\t<div class=\"info-box-inner reset-last-child\"><p>\u0411\u043b\u0430\u0433\u043e\u0434\u0430\u0440\u044f \u043d\u0430\u0448\u0438\u043c \u0443\u043d\u0438\u043a\u0430\u043b\u044c\u043d\u044b\u043c \u043f\u0440\u043e\u0433\u0440\u0430\u043c\u043c\u0430\u043c B2B Matchmaking \u0438 Buyer Delegation \u0432\u0430\u0448 \u0441\u0442\u0435\u043d\u0434 \u043d\u0438\u043a\u043e\u0433\u0434\u0430 \u043d\u0435 \u0431\u0443\u0434\u0435\u0442 \u043f\u0443\u0441\u0442\u043e\u0432\u0430\u0442\u044c. \u0421 \u043f\u043e\u043c\u043e\u0449\u044c\u044e B2B Matchmaking \u0432\u044b \u0432\u0441\u0442\u0440\u0435\u0442\u0438\u0442\u0435\u0441\u044c \u0441 \u0442\u0435\u043c\u0438 \u043a\u043b\u0438\u0435\u043d\u0442\u0430\u043c\u0438, \u043d\u0430 \u043a\u043e\u0442\u043e\u0440\u044b\u0445 \u0432\u044b \u043e\u0440\u0438\u0435\u043d\u0442\u0438\u0440\u0443\u0435\u0442\u0435\u0441\u044c, \u0430 \u0441 \u043f\u043e\u043c\u043e\u0449\u044c\u044e Buyer Delegations \u0432\u044b \u0432\u044b\u0432\u0435\u0434\u0435\u0442\u0435 \u0441\u0432\u043e\u0439 \u043f\u0440\u043e\u0434\u0443\u043a\u0442 \u0438 \u0431\u0440\u0435\u043d\u0434 \u0437\u0430 \u043f\u0440\u0435\u0434\u0435\u043b\u044b \u0441\u0442\u0440\u0430\u043d\u044b.<\/p>\n<\/div>\n\n\t\t\t\t\t\t<div class=\"info-btn-wrapper\"><div id=\"wd-69f9510c7402c\" class=\"wd-button-wrapper text-left\"><a href=\"\/ru\/iletisim\/\" title=\"\" class=\"btn btn-color-alt btn-style-link btn-shape-rectangle btn-size-large btn-icon-pos-right\">\u041d\u0410\u0416\u041c\u0418\u0422\u0415 \u0414\u041b\u042f \u0421\u0412\u042f\u0417\u0418<span class=\"wd-btn-icon\"><span class=\"wd-icon fa fa-solid fa-right-long\"><\/span><\/span><\/a><\/div><\/div>\t\t\t\t\t<\/div>\n\n\t\t\t\t\t\n\t\t\t\t\t<style><\/style>\t\t\t\t<\/div>\n\t\t\t<\/div>\n\t\t<\/div><\/div><\/div><div class=\"wpb_column vc_column_container vc_col-sm-4\"><div class=\"vc_column-inner\"><div class=\"wpb_wrapper\">\t\t\t<div class=\"info-box-wrapper\">\n\t\t\t\t<div id=\"wd-689dd8fa65cb2\" class=\"wd-animation-slide-from-bottom wd-animation-normal wd_delay_100 wd-rs-689dd8fa65cb2 wd-info-box wd-wpb text-left box-icon-align-top box-style- color-scheme- wd-bg-none with-btn box-btn-static\">\n\t\t\t\t\t\t\t\t\t\t<div class=\"info-box-content\">\n\t\t\t\t\t\t<h2 class=\"info-box-title title box-title-style-default wd-fontsize-m\">\u0422\u0423\u0420\u0418\u0417\u041c \u0418 \u0420\u0410\u0417\u041c\u0415\u0429\u0415\u041d\u0418\u0415<\/h2>\t\t\t\t\t\t<div class=\"info-box-inner reset-last-child\"><p>\u0411\u0443\u0434\u044c \u0442\u043e \u0432 \u0422\u0443\u0440\u0446\u0438\u0438 \u0438\u043b\u0438 \u0437\u0430 \u0440\u0443\u0431\u0435\u0436\u043e\u043c, \u043f\u043e\u0437\u0432\u043e\u043b\u044c\u0442\u0435 \u043d\u0430\u043c \u043f\u043e\u0437\u0430\u0431\u043e\u0442\u0438\u0442\u044c\u0441\u044f \u043e \u0432\u0430\u0448\u0435\u043c \u0442\u0443\u0440\u0438\u0437\u043c\u0435 \u0438 \u0440\u0430\u0437\u043c\u0435\u0449\u0435\u043d\u0438\u0438, \u043f\u043e\u0434\u043e\u0431\u0440\u0430\u0432 \u043b\u0443\u0447\u0448\u0438\u0435 \u0438 \u043d\u0430\u0438\u0431\u043e\u043b\u0435\u0435 \u043f\u043e\u0434\u0445\u043e\u0434\u044f\u0449\u0438\u0435 \u0432\u0430\u0440\u0438\u0430\u043d\u0442\u044b \u0434\u043b\u044f \u0432\u0430\u0448\u0435\u0433\u043e \u0443\u0447\u0430\u0441\u0442\u0438\u044f \u0432 \u0432\u044b\u0441\u0442\u0430\u0432\u043a\u0435. \u0412\u044b \u0436\u0435 \u0441\u043e\u0441\u0440\u0435\u0434\u043e\u0442\u043e\u0447\u0438\u0442\u0435\u0441\u044c \u043d\u0430 \u043f\u043e\u0434\u0433\u043e\u0442\u043e\u0432\u043a\u0435 \u043a \u0432\u044b\u0441\u0442\u0430\u0432\u043a\u0435, \u043f\u0440\u0435\u0437\u0435\u043d\u0442\u0430\u0446\u0438\u044f\u0445, \u043f\u0440\u043e\u0434\u0443\u043a\u0446\u0438\u0438 \u0438 \u043f\u043e\u0442\u0440\u0435\u0431\u043d\u043e\u0441\u0442\u044f\u0445 \u043a\u043b\u0438\u0435\u043d\u0442\u043e\u0432.<\/p>\n<\/div>\n\n\t\t\t\t\t\t<div class=\"info-btn-wrapper\"><div id=\"wd-69f9510c7421b\" class=\"wd-button-wrapper text-left\"><a href=\"\/ru\/iletisim\/\" title=\"\" class=\"btn btn-color-alt btn-style-link btn-shape-rectangle btn-size-large btn-icon-pos-right\">\u041d\u0410\u0416\u041c\u0418\u0422\u0415 \u0414\u041b\u042f \u0421\u0412\u042f\u0417\u0418<span class=\"wd-btn-icon\"><span class=\"wd-icon fa fa-solid fa-right-long\"><\/span><\/span><\/a><\/div><\/div>\t\t\t\t\t<\/div>\n\n\t\t\t\t\t\n\t\t\t\t\t<style><\/style>\t\t\t\t<\/div>\n\t\t\t<\/div>\n\t\t<\/div><\/div><\/div><div class=\"wpb_column vc_column_container vc_col-sm-4\"><div class=\"vc_column-inner\"><div class=\"wpb_wrapper\">\t\t\t<div class=\"info-box-wrapper\">\n\t\t\t\t<div id=\"wd-689dcbd1da41d\" class=\"wd-animation-slide-from-bottom wd-animation-normal wd_delay_100 wd-rs-689dcbd1da41d wd-info-box wd-wpb text-left box-icon-align-top box-style- color-scheme- wd-bg-none with-btn box-btn-static\">\n\t\t\t\t\t\t\t\t\t\t<div class=\"info-box-content\">\n\t\t\t\t\t\t<h2 class=\"info-box-title title box-title-style-default wd-fontsize-m\">\u0420\u0410\u0417\u0412\u0418\u0422\u0418\u0415 \u0411\u0418\u0417\u041d\u0415\u0421\u0410 \u0418 \u041f\u041e\u0418\u0421\u041a \u041a\u041b\u0418\u0415\u041d\u0422\u041e\u0412<\/h2>\t\t\t\t\t\t<div class=\"info-box-inner reset-last-child\"><p>\u0421\u043e\u043e\u0431\u0449\u0438\u0442\u0435 \u043d\u0430\u043c, \u0432 \u043a\u0430\u043a\u043e\u0439 \u0441\u0442\u0440\u0430\u043d\u0435 \u0438 \u0432 \u043a\u0430\u043a\u043e\u043c \u0441\u0435\u043a\u0442\u043e\u0440\u0435 \u0432\u044b \u0445\u043e\u0442\u0438\u0442\u0435 \u043f\u0440\u0438\u043d\u044f\u0442\u044c \u0443\u0447\u0430\u0441\u0442\u0438\u0435 \u0432 \u0432\u044b\u0441\u0442\u0430\u0432\u043a\u0435. \u041c\u044b \u043e\u0442\u0432\u0435\u0442\u0438\u043c \u0432\u0430\u043c, \u043f\u0440\u0435\u0434\u043b\u043e\u0436\u0438\u0432 \u043b\u0443\u0447\u0448\u0438\u0435 \u0432\u0430\u0440\u0438\u0430\u043d\u0442\u044b. \u0422\u0430\u043a\u0438\u043c \u043e\u0431\u0440\u0430\u0437\u043e\u043c, \u0432\u044b \u0444\u043e\u0440\u043c\u0438\u0440\u0443\u0435\u0442\u0435 \u043d\u0430\u0448 \u043f\u043e\u0440\u0442\u0444\u0435\u043b\u044c \u0432\u044b\u0441\u0442\u0430\u0432\u043e\u043a, \u0430 \u043c\u044b \u0440\u0430\u0441\u0448\u0438\u0440\u044f\u0435\u043c \u0432\u0430\u0448\u0443 \u0442\u043e\u0440\u0433\u043e\u0432\u043b\u044e \u0437\u0430 \u0441\u0447\u0435\u0442 \u0432\u044b\u0441\u0442\u0430\u0432\u043e\u043a, \u043a\u043e\u0442\u043e\u0440\u044b\u0435 \u043d\u0430\u0438\u0431\u043e\u043b\u0435\u0435 \u043f\u043e\u043b\u043d\u043e \u043e\u0442\u0432\u0435\u0447\u0430\u044e\u0442 \u0432\u0430\u0448\u0438\u043c \u043f\u043e\u0442\u0440\u0435\u0431\u043d\u043e\u0441\u0442\u044f\u043c.<\/p>\n<\/div>\n\n\t\t\t\t\t\t<div class=\"info-btn-wrapper\"><div id=\"wd-69f9510c74447\" class=\"wd-button-wrapper text-left\"><a href=\"\/ru\/iletisim\/\" title=\"\" class=\"btn btn-color-alt btn-style-link btn-shape-rectangle btn-size-large btn-icon-pos-right\">\u041d\u0410\u0416\u041c\u0418\u0422\u0415 \u0414\u041b\u042f \u0421\u0412\u042f\u0417\u0418<span class=\"wd-btn-icon\"><span class=\"wd-icon fa fa-solid fa-right-long\"><\/span><\/span><\/a><\/div><\/div>\t\t\t\t\t<\/div>\n\n\t\t\t\t\t\n\t\t\t\t\t<style><\/style>\t\t\t\t<\/div>\n\t\t\t<\/div>\n\t\t<\/div><\/div><\/div><\/div><\/div><\/div><\/div><\/div>\n<\/div>","protected":false},"excerpt":{"rendered":"Nobel Expo\u2019nun Size Sundu\u011fu \u00dcST\u00dcN H\u0130ZMETLERLE RAK\u0130PLER\u0130N\u0130Z\u0130N \u00d6N\u00dcNE GE\u00c7\u0130N! AJANS VE PAZARLAMA Nobel Medya\u2019n\u0131n etkili pazarlama ara\u00e7lar\u0131n\u0131 kullanarak, \u00fcr\u00fcn ve","protected":false},"author":1,"featured_media":0,"parent":0,"menu_order":0,"comment_status":"closed","ping_status":"closed","template":"","meta":{"_acf_changed":false,"footnotes":""},"class_list":["post-105","page","type-page","status-publish","hentry"],"acf":[],"yoast_head":"<!-- This site is optimized with the Yoast SEO plugin v25.8 - https:\/\/yoast.com\/wordpress\/plugins\/seo\/ -->\n<title>Hizmetlerimiz - Nobel Expo<\/title>\n<meta name=\"robots\" content=\"index, follow, max-snippet:-1, max-image-preview:large, max-video-preview:-1\" \/>\n<link rel=\"canonical\" href=\"https:\/\/nobelexpo.com\/ru\/hizmetlerimiz\/\" \/>\n<meta property=\"og:locale\" content=\"ru_RU\" \/>\n<meta property=\"og:type\" content=\"article\" \/>\n<meta property=\"og:title\" content=\"Hizmetlerimiz - Nobel Expo\" \/>\n<meta property=\"og:url\" content=\"https:\/\/nobelexpo.com\/ru\/hizmetlerimiz\/\" \/>\n<meta property=\"og:site_name\" content=\"Nobel Expo\" \/>\n<meta property=\"article:modified_time\" content=\"2025-08-14T12:39:45+00:00\" \/>\n<meta name=\"twitter:card\" content=\"summary_large_image\" \/>\n<meta name=\"twitter:label1\" content=\"\u041f\u0440\u0438\u043c\u0435\u0440\u043d\u043e\u0435 \u0432\u0440\u0435\u043c\u044f \u0434\u043b\u044f \u0447\u0442\u0435\u043d\u0438\u044f\" \/>\n\t<meta name=\"twitter:data1\" content=\"10 \u043c\u0438\u043d\u0443\u0442\" \/>\n<script type=\"application\/ld+json\" class=\"yoast-schema-graph\">{\"@context\":\"https:\/\/schema.org\",\"@graph\":[{\"@type\":\"WebPage\",\"@id\":\"https:\/\/nobelexpo.com\/hizmetlerimiz\/\",\"url\":\"https:\/\/nobelexpo.com\/hizmetlerimiz\/\",\"name\":\"Hizmetlerimiz - Nobel Expo\",\"isPartOf\":{\"@id\":\"https:\/\/nobelexpo.com\/#website\"},\"datePublished\":\"2025-06-15T14:19:58+00:00\",\"dateModified\":\"2025-08-14T12:39:45+00:00\",\"breadcrumb\":{\"@id\":\"https:\/\/nobelexpo.com\/hizmetlerimiz\/#breadcrumb\"},\"inLanguage\":\"ru-RU\",\"potentialAction\":[{\"@type\":\"ReadAction\",\"target\":[\"https:\/\/nobelexpo.com\/hizmetlerimiz\/\"]}]},{\"@type\":\"BreadcrumbList\",\"@id\":\"https:\/\/nobelexpo.com\/hizmetlerimiz\/#breadcrumb\",\"itemListElement\":[{\"@type\":\"ListItem\",\"position\":1,\"name\":\"Anasayfa\",\"item\":\"https:\/\/nobelexpo.com\/\"},{\"@type\":\"ListItem\",\"position\":2,\"name\":\"Hizmetlerimiz\"}]},{\"@type\":\"WebSite\",\"@id\":\"https:\/\/nobelexpo.com\/#website\",\"url\":\"https:\/\/nobelexpo.com\/\",\"name\":\"Nobel Expo\",\"description\":\"Gelece\u011fin Fuarlar\u0131na \u015eimdi Kat\u0131l\",\"potentialAction\":[{\"@type\":\"SearchAction\",\"target\":{\"@type\":\"EntryPoint\",\"urlTemplate\":\"https:\/\/nobelexpo.com\/?s={search_term_string}\"},\"query-input\":{\"@type\":\"PropertyValueSpecification\",\"valueRequired\":true,\"valueName\":\"search_term_string\"}}],\"inLanguage\":\"ru-RU\"}]}<\/script>\n<!-- \/ Yoast SEO plugin. -->","yoast_head_json":{"title":"Hizmetlerimiz - Nobel Expo","robots":{"index":"index","follow":"follow","max-snippet":"max-snippet:-1","max-image-preview":"max-image-preview:large","max-video-preview":"max-video-preview:-1"},"canonical":"https:\/\/nobelexpo.com\/ru\/hizmetlerimiz\/","og_locale":"ru_RU","og_type":"article","og_title":"Hizmetlerimiz - Nobel Expo","og_url":"https:\/\/nobelexpo.com\/ru\/hizmetlerimiz\/","og_site_name":"Nobel Expo","article_modified_time":"2025-08-14T12:39:45+00:00","twitter_card":"summary_large_image","twitter_misc":{"\u041f\u0440\u0438\u043c\u0435\u0440\u043d\u043e\u0435 \u0432\u0440\u0435\u043c\u044f \u0434\u043b\u044f \u0447\u0442\u0435\u043d\u0438\u044f":"10 \u043c\u0438\u043d\u0443\u0442"},"schema":{"@context":"https:\/\/schema.org","@graph":[{"@type":"WebPage","@id":"https:\/\/nobelexpo.com\/hizmetlerimiz\/","url":"https:\/\/nobelexpo.com\/hizmetlerimiz\/","name":"Hizmetlerimiz - Nobel Expo","isPartOf":{"@id":"https:\/\/nobelexpo.com\/#website"},"datePublished":"2025-06-15T14:19:58+00:00","dateModified":"2025-08-14T12:39:45+00:00","breadcrumb":{"@id":"https:\/\/nobelexpo.com\/hizmetlerimiz\/#breadcrumb"},"inLanguage":"ru-RU","potentialAction":[{"@type":"ReadAction","target":["https:\/\/nobelexpo.com\/hizmetlerimiz\/"]}]},{"@type":"BreadcrumbList","@id":"https:\/\/nobelexpo.com\/hizmetlerimiz\/#breadcrumb","itemListElement":[{"@type":"ListItem","position":1,"name":"Anasayfa","item":"https:\/\/nobelexpo.com\/"},{"@type":"ListItem","position":2,"name":"Hizmetlerimiz"}]},{"@type":"WebSite","@id":"https:\/\/nobelexpo.com\/#website","url":"https:\/\/nobelexpo.com\/","name":"\u041d\u043e\u0431\u0435\u043b\u0435\u0432\u0441\u043a\u0430\u044f \u0432\u044b\u0441\u0442\u0430\u0432\u043a\u0430","description":"\u041f\u0440\u0438\u0441\u043e\u0435\u0434\u0438\u043d\u044f\u0439\u0442\u0435\u0441\u044c \u043a \u044f\u0440\u043c\u0430\u0440\u043a\u0430\u043c \u0431\u0443\u0434\u0443\u0449\u0435\u0433\u043e \u043f\u0440\u044f\u043c\u043e \u0441\u0435\u0439\u0447\u0430\u0441","potentialAction":[{"@type":"SearchAction","target":{"@type":"EntryPoint","urlTemplate":"https:\/\/nobelexpo.com\/?s={search_term_string}"},"query-input":{"@type":"PropertyValueSpecification","valueRequired":true,"valueName":"search_term_string"}}],"inLanguage":"ru-RU"}]}},"_links":{"self":[{"href":"https:\/\/nobelexpo.com\/ru\/wp-json\/wp\/v2\/pages\/105","targetHints":{"allow":["GET"]}}],"collection":[{"href":"https:\/\/nobelexpo.com\/ru\/wp-json\/wp\/v2\/pages"}],"about":[{"href":"https:\/\/nobelexpo.com\/ru\/wp-json\/wp\/v2\/types\/page"}],"author":[{"embeddable":true,"href":"https:\/\/nobelexpo.com\/ru\/wp-json\/wp\/v2\/users\/1"}],"replies":[{"embeddable":true,"href":"https:\/\/nobelexpo.com\/ru\/wp-json\/wp\/v2\/comments?post=105"}],"version-history":[{"count":0,"href":"https:\/\/nobelexpo.com\/ru\/wp-json\/wp\/v2\/pages\/105\/revisions"}],"wp:attachment":[{"href":"https:\/\/nobelexpo.com\/ru\/wp-json\/wp\/v2\/media?parent=105"}],"curies":[{"name":"wp","href":"https:\/\/api.w.org\/{rel}","templated":true}]}}