{"id":199,"date":"2025-06-15T15:09:36","date_gmt":"2025-06-15T15:09:36","guid":{"rendered":"https:\/\/nobel.websitesunum.com.tr\/?page_id=199"},"modified":"2025-06-27T06:46:46","modified_gmt":"2025-06-27T06:46:46","slug":"ik-politikamiz-2","status":"publish","type":"page","link":"https:\/\/nobelexpo.com\/ru\/ik-politikamiz-2\/","title":{"rendered":"\u041d\u0430\u0448\u0430 \u043a\u0430\u0434\u0440\u043e\u0432\u0430\u044f \u043f\u043e\u043b\u0438\u0442\u0438\u043a\u0430"},"content":{"rendered":"<div class=\"wpb-content-wrapper\"><div class=\"vc_row wpb_row vc_row-fluid vc_custom_1750000498100 wd-rs-684ee36cbc877 wd-section-stretch-content-no-pd\"><div class=\"wpb_column vc_column_container vc_col-sm-12\"><div class=\"vc_column-inner\"><div class=\"wpb_wrapper\">\t\t<div class=\"promo-banner-wrapper  wd-rs-685ab5dd28cf0\">\n\t\t\t<div id=\"wd-685ab5dd28cf0\" class=\"promo-banner  banner-mask banner-hover-zoom color-scheme-light banner-btn-size-default banner-btn-style-default  with-btn banner-btn-position-static wd-with-link wd-underline-colored\">\n\t\t\t\t<div class=\"main-wrapp-img\">\n\t\t\t\t\t<div class=\"banner-image wd-bg-position-center\" >\n\t\t\t\t\t\t<img loading=\"lazy\" decoding=\"async\" width=\"1472\" height=\"832\" src=\"https:\/\/nobelexpo.com\/wp-content\/uploads\/2025\/06\/PHOTO-2025-06-24-16-55-18.jpg\" class=\"attachment-full size-full\" alt=\"\" \/>\t\t\t\t\t<\/div>\n\t\t\t\t<\/div>\n\n\t\t\t\t<div class=\"wrapper-content-banner wd-fill  wd-items-middle wd-justify-center\">\n\t\t\t\t\t<div class=\"content-banner  text-center\">\n\t\t\t\t\t\t<div class=\"banner-subtitle subtitle-color-default subtitle-style-default wd-fontsize-xs wd-font-weight-\">\u041c\u042b \u0423\u0421\u0415\u0420\u0414\u041d\u041e \u0420\u0410\u0411\u041e\u0422\u0410\u0415\u041c \u041c\u042b \u041c\u041d\u041e\u0413\u041e \u0412\u0415\u0421\u0415\u041b\u0418\u041c\u0421\u042f<\/div><h4 class=\"banner-title wd-font-weight- wd-fontsize-l\">\u041d\u0410\u0428\u0410 \u041a\u0410\u0414\u0420\u041e\u0412\u0410\u042f \u041f\u041e\u041b\u0418\u0422\u0418\u041a\u0410<\/h4>\t\t\t\t\t\t\n\t\t\t\t\t\t\n\t\t\t\t\t\t<div class=\"banner-btn-wrapper\"><div id=\"wd-69f8e5c4afedd\" class=\"wd-button-wrapper text-center\"><a href=\"\/ru\/aramiza-katilin\/\" title=\"\u041f\u0440\u0438\u0441\u043e\u0435\u0434\u0438\u043d\u044f\u0439\u0442\u0435\u0441\u044c \u043a \u043d\u0430\u043c\" class=\"btn btn-style-default btn-shape-rectangle btn-size-default\">\u041f\u0420\u0418\u0421\u041e\u0415\u0414\u0418\u041d\u042f\u0419\u0422\u0415\u0421\u042c \u041a \u0421\u0428\u0410<\/a><\/div><\/div>\t\t\t\t\t<\/div>\n\t\t\t\t<\/div>\n\n\t\t\t\t\t\t\t\t\t<a class=\"wd-promo-banner-link wd-fill\" aria-label=\"\u0411\u0430\u043d\u043d\u0435\u0440\u043d\u0430\u044f \u0441\u0441\u044b\u043b\u043a\u0430\" href=\"\/ru\/aramiza-katilin\/\" title=\"\u041f\u0440\u0438\u0441\u043e\u0435\u0434\u0438\u043d\u044f\u0439\u0442\u0435\u0441\u044c \u043a \u043d\u0430\u043c\"><\/a>\n\t\t\t\t\n\t\t\t\t\t\t\t<\/div>\n\t\t<\/div>\n\n\t\t<\/div><\/div><\/div><\/div><div class=\"vc_row wpb_row vc_row-fluid vc_custom_1750688635901 wd-rs-6859636da6153\"><div class=\"wpb_column vc_column_container vc_col-sm-12\"><div class=\"vc_column-inner\"><div class=\"wpb_wrapper\">\n\t<div class=\"wpb_text_column wpb_content_element\" >\n\t\t<div class=\"wpb_wrapper\">\n\t\t\t<h2 style=\"text-align: center;\">\u0414\u0410\u0412\u0410\u0419\u0422\u0415 \u0412\u041c\u0415\u0421\u0422\u0415 \u041f\u0420\u0410\u0417\u0414\u041d\u041e\u0412\u0410\u0422\u042c \u0420\u0410\u0417\u041b\u0418\u0427\u0418\u042f \u0418 \u041c\u041d\u041e\u0413\u041e\u041e\u0411\u0420\u0410\u0417\u0418\u0415!<\/h2>\n\n\t\t<\/div>\n\t<\/div>\n<\/div><\/div><\/div><\/div><div id=\"row-esit\" class=\"vc_row wpb_row vc_row-fluid vc_custom_1750000790363 wd-rs-684ee490edab4\"><div class=\"wpb_column vc_column_container vc_col-sm-2\"><div class=\"vc_column-inner\"><div class=\"wpb_wrapper\"><\/div><\/div><\/div><div class=\"wpb_column vc_column_container vc_col-sm-8\"><div class=\"vc_column-inner\"><div class=\"wpb_wrapper\"><div class=\"vc_row wpb_row vc_inner vc_row-fluid vc_column-gap-10 wd-rs-684ee3b862f8e\"><div class=\"wpb_column vc_column_container vc_col-sm-4\"><div class=\"vc_column-inner\"><div class=\"wpb_wrapper\">\n\t<div class=\"wpb_text_column wpb_content_element vc_custom_1750688565404\" >\n\t\t<div class=\"wpb_wrapper\">\n\t\t\t<h2 style=\"text-align: center;\">01<\/h2>\n\n\t\t<\/div>\n\t<\/div>\n\n\t<div class=\"wpb_text_column wpb_content_element text-larger wd-animation-slide-from-bottom wd-animation-normal wd_delay_200\" >\n\t\t<div class=\"wpb_wrapper\">\n\t\t\t<div class=\"alt-font text-medium text-extra-dark-gray margin-10px-bottom\" style=\"text-align: center;\">\n<p><strong>\u0420\u0430\u0432\u0435\u043d\u0441\u0442\u0432\u043e<\/strong><\/p>\n<p class=\"alt-font text-medium text-extra-dark-gray margin-10px-bottom\" style=\"text-align: center;\">\u041c\u044b \u0441\u0442\u0440\u043e\u0433\u043e \u043f\u0440\u0438\u0434\u0435\u0440\u0436\u0438\u0432\u0430\u0435\u043c\u0441\u044f \u043f\u0440\u0438\u043d\u0446\u0438\u043f\u0430 \u0440\u0430\u0432\u0435\u043d\u0441\u0442\u0432\u0430 \u043d\u0430 \u0432\u0441\u0435\u0445 \u044d\u0442\u0430\u043f\u0430\u0445 - \u043e\u0442 \u043d\u0430\u0439\u043c\u0430 \u0434\u043e \u043e\u0431\u0443\u0447\u0435\u043d\u0438\u044f, \u043e\u0442 \u0440\u0430\u0437\u0432\u0438\u0442\u0438\u044f \u0434\u043e \u043e\u0446\u0435\u043d\u043a\u0438 \u0440\u0430\u0431\u043e\u0442\u044b.<\/p>\n<\/div>\n\n\t\t<\/div>\n\t<\/div>\n<\/div><\/div><\/div><div class=\"wpb_column vc_column_container vc_col-sm-4\"><div class=\"vc_column-inner\"><div class=\"wpb_wrapper\">\n\t<div class=\"wpb_text_column wpb_content_element vc_custom_1750688572341\" >\n\t\t<div class=\"wpb_wrapper\">\n\t\t\t<h2 style=\"text-align: center;\">02<\/h2>\n\n\t\t<\/div>\n\t<\/div>\n\n\t<div class=\"wpb_text_column wpb_content_element text-larger wd-animation-slide-from-bottom wd-animation-normal wd_delay_200\" >\n\t\t<div class=\"wpb_wrapper\">\n\t\t\t<div class=\"alt-font text-medium text-extra-dark-gray margin-10px-bottom\" style=\"text-align: center;\"><strong>\u0420\u0430\u0437\u043d\u043e\u043e\u0431\u0440\u0430\u0437\u0438\u0435<\/strong><\/div>\n<p class=\"w-75 lg-w-85 md-w-90 mx-auto\" style=\"text-align: center;\">\u041d\u0438 \u043e\u0434\u0438\u043d \u0438\u0437 \u0444\u0430\u043a\u0442\u043e\u0440\u043e\u0432, \u0442\u0430\u043a\u0438\u0445 \u043a\u0430\u043a \u044f\u0437\u044b\u043a, \u0440\u0435\u043b\u0438\u0433\u0438\u044f, \u0440\u0430\u0441\u0430, \u0441\u0435\u043a\u0442\u0430, \u0441\u0435\u043a\u0441\u0443\u0430\u043b\u044c\u043d\u0430\u044f \u043e\u0440\u0438\u0435\u043d\u0442\u0430\u0446\u0438\u044f \u0438 \u043f\u043e\u043b\u0438\u0442\u0438\u0447\u0435\u0441\u043a\u0438\u0435 \u0432\u0437\u0433\u043b\u044f\u0434\u044b, \u043d\u0435 \u044f\u0432\u043b\u044f\u0435\u0442\u0441\u044f \u043f\u0440\u0438\u0447\u0438\u043d\u043e\u0439 \u0434\u0438\u0441\u043a\u0440\u0438\u043c\u0438\u043d\u0430\u0446\u0438\u0438 \u043f\u0440\u0438 \u043f\u0440\u0438\u0435\u043c\u0435 \u043d\u0430 \u0440\u0430\u0431\u043e\u0442\u0443.<\/p>\n\n\t\t<\/div>\n\t<\/div>\n<\/div><\/div><\/div><div class=\"wpb_column vc_column_container vc_col-sm-4\"><div class=\"vc_column-inner\"><div class=\"wpb_wrapper\">\n\t<div class=\"wpb_text_column wpb_content_element vc_custom_1750688578142\" >\n\t\t<div class=\"wpb_wrapper\">\n\t\t\t<h2 style=\"text-align: center;\">03<\/h2>\n\n\t\t<\/div>\n\t<\/div>\n\n\t<div class=\"wpb_text_column wpb_content_element text-larger wd-animation-slide-from-bottom wd-animation-normal wd_delay_300\" >\n\t\t<div class=\"wpb_wrapper\">\n\t\t\t<div class=\"alt-font text-medium text-extra-dark-gray margin-10px-bottom\" style=\"text-align: center;\"><strong>\u041b\u0438\u0434\u0435\u0440\u0441\u0442\u0432\u043e<\/strong><\/div>\n<p class=\"w-75 lg-w-85 md-w-90 mx-auto\" style=\"text-align: center;\">\u0412 \u043a\u043e\u043c\u0430\u043d\u0434\u0435, \u043a\u043e\u0442\u043e\u0440\u0443\u044e \u043c\u044b \u0441\u043e\u0437\u0434\u0430\u043b\u0438, \u0446\u0435\u043d\u044f \u0440\u0430\u0437\u043d\u043e\u043e\u0431\u0440\u0430\u0437\u0438\u0435, \u043c\u044b \u0440\u0430\u0431\u043e\u0442\u0430\u0435\u043c \u0432\u043c\u0435\u0441\u0442\u0435, \u0447\u0442\u043e\u0431\u044b \u043e\u0431\u0435\u0441\u043f\u0435\u0447\u0438\u0442\u044c \u043b\u0443\u0447\u0448\u0438\u0439 \u0441\u0435\u0440\u0432\u0438\u0441 \u0434\u043b\u044f \u043d\u0430\u0448\u0438\u0445 \u043a\u043b\u0438\u0435\u043d\u0442\u043e\u0432 \u0438 \u0431\u044b\u0442\u044c \u043b\u0438\u0434\u0435\u0440\u043e\u043c \u0432 \u043e\u0442\u0440\u0430\u0441\u043b\u0438.<\/p>\n\n\t\t<\/div>\n\t<\/div>\n<\/div><\/div><\/div><\/div><\/div><\/div><\/div><div class=\"wpb_column vc_column_container vc_col-sm-2\"><div class=\"vc_column-inner\"><div class=\"wpb_wrapper\"><\/div><\/div><\/div><\/div><div class=\"vc_row wpb_row vc_row-fluid wpb_animate_when_almost_visible wpb_wd-slide-from-bottom wd-slide-from-bottom vc_custom_1750689511828 wd-rs-685966de2b2e5\"><div class=\"wpb_column vc_column_container vc_col-sm-12\"><div class=\"vc_column-inner\"><div class=\"wpb_wrapper\">\n\t<div class=\"wpb_text_column wpb_content_element\" >\n\t\t<div class=\"wpb_wrapper\">\n\t\t\t<h1 style=\"text-align: center;\">\u041f\u041e\u0427\u0415\u041c\u0423 \u0412\u042b \u0414\u041e\u041b\u0416\u041d\u042b \u0420\u0410\u0411\u041e\u0422\u0410\u0422\u042c \u0421 \u041d\u0410\u041c\u0418?<\/h1>\n\n\t\t<\/div>\n\t<\/div>\n<div class=\"vc_row wpb_row vc_inner vc_row-fluid vc_column-gap-10 wd-rs-684ee4f76418e\"><div class=\"wpb_column vc_column_container vc_col-sm-4\"><div class=\"vc_column-inner\"><div class=\"wpb_wrapper\"><div class=\"vc-hoverbox-wrapper vc_custom_1750772862699 vc-hoverbox-shape--square vc-hoverbox-align--center vc-hoverbox-direction--default vc-hoverbox-width--100\"  ontouchstart=\"\">\n  <div class=\"vc-hoverbox\">\n    <div class=\"vc-hoverbox-inner\">\n      <div class=\"vc-hoverbox-block vc-hoverbox-front\" style=\"background-image: url(https:\/\/nobelexpo.com\/wp-content\/uploads\/2025\/06\/yaraticilk.png);\">\n        <div class=\"vc-hoverbox-block-inner vc-hoverbox-front-inner\">\n            \n        <\/div>\n      <\/div>\n      <div class=\"vc-hoverbox-block vc-hoverbox-back\" style=\"background-color: #ebebeb;\">\n        <div class=\"vc-hoverbox-block-inner vc-hoverbox-back-inner\">\n            <h2 style=\"text-align:center\">\u0415\u0441\u043b\u0438 \u0432\u044b \u0441\u0447\u0438\u0442\u0430\u0435\u0442\u0435, \u0447\u0442\u043e \u043c\u043e\u0436\u0435\u0442\u0435 \u0434\u043e\u0431\u0430\u0432\u0438\u0442\u044c \u043a\u0440\u0435\u0430\u0442\u0438\u0432\u0430 \u0432 \u0441\u0432\u043e\u0435 \u0442\u0432\u043e\u0440\u0447\u0435\u0441\u0442\u0432\u043e, \u043f\u043e\u0434\u0430\u0432\u0430\u0439\u0442\u0435 \u0437\u0430\u044f\u0432\u043a\u0443 \u043f\u0440\u044f\u043c\u043e \u0441\u0435\u0439\u0447\u0430\u0441!<\/h2>\n            \n            \n        <\/div>\n      <\/div>\n    <\/div>\n  <\/div>\n<\/div>\n\t<div class=\"wpb_text_column wpb_content_element\" >\n\t\t<div class=\"wpb_wrapper\">\n\t\t\t<h2 style=\"text-align: center;\"><strong>\u041c\u044b \u0432\u0435\u0440\u0438\u043c \u0432 \u0442\u0432\u043e\u0440\u0447\u0435\u0441\u0442\u0432\u043e<\/strong><\/h2>\n<p style=\"text-align: center;\">\u0422\u0432\u043e\u0440\u0447\u0435\u0441\u0442\u0432\u043e \u0438 \u0432\u043e\u043e\u0431\u0440\u0430\u0436\u0435\u043d\u0438\u0435 - \u043d\u0435 \u043f\u0440\u043e\u0441\u0442\u043e \u043f\u043e\u043d\u044f\u0442\u0438\u044f \u0434\u043b\u044f \u043d\u0430\u0441; \u043e\u043d\u0438 \u043b\u0435\u0436\u0430\u0442 \u0432 \u043e\u0441\u043d\u043e\u0432\u0435 \u0438\u0434\u0435\u0439, \u043a\u043e\u0442\u043e\u0440\u044b\u0435 \u0432\u044b\u0445\u043e\u0434\u044f\u0442 \u0437\u0430 \u043f\u0440\u0435\u0434\u0435\u043b\u044b \u0433\u0440\u0430\u043d\u0438\u0446. \u041a\u043e\u0433\u0434\u0430 \u0440\u0435\u0447\u044c \u0438\u0434\u0435\u0442 \u043e \u0442\u0432\u043e\u0440\u0447\u0435\u0441\u0442\u0432\u0435, \u043c\u044b \u043d\u0435 \u0437\u043d\u0430\u0435\u043c \u0433\u0440\u0430\u043d\u0438\u0446 - \u043d\u0430\u0448 \u043f\u0440\u0435\u0434\u0435\u043b \u0434\u0430\u0436\u0435 \u043d\u0435 \u043d\u0435\u0431\u043e, \u0430 \u0441\u0430\u043c\u0430 \u0412\u0441\u0435\u043b\u0435\u043d\u043d\u0430\u044f.<\/p>\n\n\t\t<\/div>\n\t<\/div>\n<\/div><\/div><\/div><div class=\"wpb_column vc_column_container vc_col-sm-4\"><div class=\"vc_column-inner\"><div class=\"wpb_wrapper\"><div class=\"vc-hoverbox-wrapper vc_custom_1750772874470 vc-hoverbox-shape--square vc-hoverbox-align--center vc-hoverbox-direction--default vc-hoverbox-width--100\"  ontouchstart=\"\">\n  <div class=\"vc-hoverbox\">\n    <div class=\"vc-hoverbox-inner\">\n      <div class=\"vc-hoverbox-block vc-hoverbox-front\" style=\"background-image: url(https:\/\/nobelexpo.com\/wp-content\/uploads\/2025\/06\/kalite.png);\">\n        <div class=\"vc-hoverbox-block-inner vc-hoverbox-front-inner\">\n            \n        <\/div>\n      <\/div>\n      <div class=\"vc-hoverbox-block vc-hoverbox-back\" style=\"background-color: #ebebeb;\">\n        <div class=\"vc-hoverbox-block-inner vc-hoverbox-back-inner\">\n            <h2 style=\"text-align:center\">\u0415\u0441\u043b\u0438 \u0432\u044b \u0441\u043a\u0430\u0436\u0435\u0442\u0435, \u0447\u0442\u043e \u044f \u043d\u0435 \u0438\u0434\u0443 \u043d\u0430 \u043a\u043e\u043c\u043f\u0440\u043e\u043c\u0438\u0441\u0441 \u0441 \u043a\u0430\u0447\u0435\u0441\u0442\u0432\u043e\u043c, \u044f \u0434\u0435\u043b\u0430\u044e \u0441\u0430\u043c\u0443\u044e \u043a\u0430\u0447\u0435\u0441\u0442\u0432\u0435\u043d\u043d\u0443\u044e \u0440\u0430\u0431\u043e\u0442\u0443, \u043e\u0431\u0440\u0430\u0449\u0430\u0439\u0442\u0435\u0441\u044c \u043f\u0440\u044f\u043c\u043e \u0441\u0435\u0439\u0447\u0430\u0441!<\/h2>\n            \n            \n        <\/div>\n      <\/div>\n    <\/div>\n  <\/div>\n<\/div>\n\t<div class=\"wpb_text_column wpb_content_element\" >\n\t\t<div class=\"wpb_wrapper\">\n\t\t\t<h2 style=\"text-align: center;\"><strong>\u041c\u044b \u0432\u0435\u0440\u0438\u043c \u0432 \u043a\u0430\u0447\u0435\u0441\u0442\u0432\u043e<\/strong><\/h2>\n<p style=\"text-align: center;\">\u0414\u043b\u044f \u043d\u0430\u0441 \u0446\u0435\u043d\u043d\u043e\u0441\u0442\u044c \u0440\u0430\u0431\u043e\u0442\u044b \u0438\u0437\u043c\u0435\u0440\u044f\u0435\u0442\u0441\u044f \u0442\u0435\u043c, \u043d\u0430\u0441\u043a\u043e\u043b\u044c\u043a\u043e \u043a\u0430\u0447\u0435\u0441\u0442\u0432\u0435\u043d\u043d\u043e \u043e\u043d\u0430 \u0432\u044b\u043f\u043e\u043b\u043d\u0435\u043d\u0430.<br data-start=\"560\" data-end=\"563\" \/>\u041c\u044b \u043d\u0435 \u0441\u0442\u0435\u0441\u043d\u044f\u0435\u043c\u0441\u044f \u0442\u0435\u0440\u044f\u0442\u044c\u0441\u044f \u0432 \u0434\u0435\u0442\u0430\u043b\u044f\u0445, \u043f\u043e\u0442\u043e\u043c\u0443 \u0447\u0442\u043e \u0441\u043e\u0432\u0435\u0440\u0448\u0435\u043d\u0441\u0442\u0432\u043e \u0441\u043a\u0440\u044b\u0442\u043e \u0432 \u0434\u0435\u0442\u0430\u043b\u044f\u0445.<\/p>\n\n\t\t<\/div>\n\t<\/div>\n<\/div><\/div><\/div><div class=\"wpb_column vc_column_container vc_col-sm-4\"><div class=\"vc_column-inner\"><div class=\"wpb_wrapper\"><div class=\"vc-hoverbox-wrapper vc_custom_1750772893060 vc-hoverbox-shape--square vc-hoverbox-align--center vc-hoverbox-direction--default vc-hoverbox-width--100\"  ontouchstart=\"\">\n  <div class=\"vc-hoverbox\">\n    <div class=\"vc-hoverbox-inner\">\n      <div class=\"vc-hoverbox-block vc-hoverbox-front\" style=\"background-image: url(https:\/\/nobelexpo.com\/wp-content\/uploads\/2025\/06\/iletisim2.png);\">\n        <div class=\"vc-hoverbox-block-inner vc-hoverbox-front-inner\">\n            \n        <\/div>\n      <\/div>\n      <div class=\"vc-hoverbox-block vc-hoverbox-back\" style=\"background-color: #ebebeb;\">\n        <div class=\"vc-hoverbox-block-inner vc-hoverbox-back-inner\">\n            <h2 style=\"text-align:center\">\u0415\u0441\u043b\u0438 \u0432\u044b \u0441\u0447\u0438\u0442\u0430\u0435\u0442\u0435, \u0447\u0442\u043e \u0441\u0430\u043c\u044b\u0435 \u0437\u0434\u043e\u0440\u043e\u0432\u044b\u0435 \u0431\u0438\u0437\u043d\u0435\u0441-\u043f\u0440\u043e\u0446\u0435\u0441\u0441\u044b \u043d\u0430\u0447\u0438\u043d\u0430\u044e\u0442\u0441\u044f \u0441 \u043e\u0431\u0449\u0435\u043d\u0438\u044f, \u043f\u0440\u0438\u0441\u043e\u0435\u0434\u0438\u043d\u044f\u0439\u0442\u0435\u0441\u044c \u043a \u043d\u0430\u043c!<\/h2>\n            \n            \n        <\/div>\n      <\/div>\n    <\/div>\n  <\/div>\n<\/div>\n\t<div class=\"wpb_text_column wpb_content_element\" >\n\t\t<div class=\"wpb_wrapper\">\n\t\t\t<h2 style=\"text-align: center;\"><strong>\u041c\u044b \u0432\u0435\u0440\u0438\u043c \u0432 \u043e\u0431\u0449\u0435\u043d\u0438\u0435<\/strong><\/h2>\n<p style=\"text-align: center;\">\u0425\u043e\u0440\u043e\u0448\u0430\u044f \u0438\u0434\u0435\u044f \u043f\u0440\u0438\u043e\u0431\u0440\u0435\u0442\u0430\u0435\u0442 \u0441\u043c\u044b\u0441\u043b \u043f\u0440\u0438 \u043f\u0440\u0430\u0432\u0438\u043b\u044c\u043d\u043e\u0439 \u043a\u043e\u043c\u043c\u0443\u043d\u0438\u043a\u0430\u0446\u0438\u0438. \u041c\u044b \u0440\u0430\u0441\u0441\u043c\u0430\u0442\u0440\u0438\u0432\u0430\u0435\u043c \u043e\u0431\u0449\u0435\u043d\u0438\u0435 \u043d\u0435 \u0442\u043e\u043b\u044c\u043a\u043e \u043a\u0430\u043a \u0438\u043d\u0441\u0442\u0440\u0443\u043c\u0435\u043d\u0442, \u043d\u043e \u0438 \u043a\u0430\u043a \u043f\u0443\u0442\u044c \u043a \u0443\u0441\u043f\u0435\u0445\u0443. \u041c\u044b \u043d\u0435 \u0440\u0430\u0431\u043e\u0442\u0430\u0435\u043c \u0431\u0435\u0437 \u043e\u0431\u0449\u0435\u043d\u0438\u044f, \u043f\u043e\u0442\u043e\u043c\u0443 \u0447\u0442\u043e \u0437\u043d\u0430\u0435\u043c, \u0447\u0442\u043e \u0441\u0438\u043b\u044c\u043d\u044b\u0435 \u043a\u043e\u043c\u0430\u043d\u0434\u044b \u0441\u0442\u0440\u043e\u044f\u0442\u0441\u044f \u043d\u0430 \u043e\u0441\u043d\u043e\u0432\u0435 \u043e\u0442\u043a\u0440\u044b\u0442\u043e\u0433\u043e \u043e\u0431\u0449\u0435\u043d\u0438\u044f.<\/p>\n\n\t\t<\/div>\n\t<\/div>\n<\/div><\/div><\/div><\/div><\/div><\/div><\/div><\/div>\n<\/div>","protected":false},"excerpt":{"rendered":"\u00c7OK \u00c7ALI\u015eIYORUZ. \u00c7OK E\u011eLEN\u0130YORUZ\u0130NSAN KAYNAKLARI POL\u0130T\u0130KAMIZ ARAMIZA KATILIN FARKLILI\u011eI VE \u00c7E\u015e\u0130TL\u0130L\u0130\u011e\u0130 HEP B\u0130RL\u0130KTE KUTLAYALIM! 01 E\u015fitlik \u0130\u015fe al\u0131mdan e\u011fitime, geli\u015fimden","protected":false},"author":1,"featured_media":0,"parent":0,"menu_order":0,"comment_status":"closed","ping_status":"closed","template":"","meta":{"_acf_changed":false,"footnotes":""},"class_list":["post-199","page","type-page","status-publish","hentry"],"acf":[],"yoast_head":"<!-- This site is optimized with the Yoast SEO plugin v25.8 - https:\/\/yoast.com\/wordpress\/plugins\/seo\/ -->\n<title>\u0130K Politikam\u0131z - Nobel Expo<\/title>\n<meta name=\"robots\" content=\"index, follow, max-snippet:-1, max-image-preview:large, max-video-preview:-1\" \/>\n<link rel=\"canonical\" href=\"https:\/\/nobelexpo.com\/ru\/ik-politikamiz-2\/\" \/>\n<meta property=\"og:locale\" content=\"ru_RU\" \/>\n<meta property=\"og:type\" content=\"article\" \/>\n<meta property=\"og:title\" content=\"\u0130K Politikam\u0131z - Nobel Expo\" \/>\n<meta property=\"og:url\" content=\"https:\/\/nobelexpo.com\/ru\/ik-politikamiz-2\/\" \/>\n<meta property=\"og:site_name\" content=\"Nobel Expo\" \/>\n<meta property=\"article:modified_time\" content=\"2025-06-27T06:46:46+00:00\" \/>\n<meta name=\"twitter:card\" content=\"summary_large_image\" \/>\n<meta name=\"twitter:label1\" content=\"\u041f\u0440\u0438\u043c\u0435\u0440\u043d\u043e\u0435 \u0432\u0440\u0435\u043c\u044f \u0434\u043b\u044f \u0447\u0442\u0435\u043d\u0438\u044f\" \/>\n\t<meta name=\"twitter:data1\" content=\"6 \u043c\u0438\u043d\u0443\u0442\" \/>\n<script type=\"application\/ld+json\" class=\"yoast-schema-graph\">{\"@context\":\"https:\/\/schema.org\",\"@graph\":[{\"@type\":\"WebPage\",\"@id\":\"https:\/\/nobelexpo.com\/ik-politikamiz-2\/\",\"url\":\"https:\/\/nobelexpo.com\/ik-politikamiz-2\/\",\"name\":\"\u0130K Politikam\u0131z - Nobel Expo\",\"isPartOf\":{\"@id\":\"https:\/\/nobelexpo.com\/#website\"},\"datePublished\":\"2025-06-15T15:09:36+00:00\",\"dateModified\":\"2025-06-27T06:46:46+00:00\",\"breadcrumb\":{\"@id\":\"https:\/\/nobelexpo.com\/ik-politikamiz-2\/#breadcrumb\"},\"inLanguage\":\"ru-RU\",\"potentialAction\":[{\"@type\":\"ReadAction\",\"target\":[\"https:\/\/nobelexpo.com\/ik-politikamiz-2\/\"]}]},{\"@type\":\"BreadcrumbList\",\"@id\":\"https:\/\/nobelexpo.com\/ik-politikamiz-2\/#breadcrumb\",\"itemListElement\":[{\"@type\":\"ListItem\",\"position\":1,\"name\":\"Anasayfa\",\"item\":\"https:\/\/nobelexpo.com\/\"},{\"@type\":\"ListItem\",\"position\":2,\"name\":\"\u0130K Politikam\u0131z\"}]},{\"@type\":\"WebSite\",\"@id\":\"https:\/\/nobelexpo.com\/#website\",\"url\":\"https:\/\/nobelexpo.com\/\",\"name\":\"Nobel Expo\",\"description\":\"Gelece\u011fin Fuarlar\u0131na \u015eimdi Kat\u0131l\",\"potentialAction\":[{\"@type\":\"SearchAction\",\"target\":{\"@type\":\"EntryPoint\",\"urlTemplate\":\"https:\/\/nobelexpo.com\/?s={search_term_string}\"},\"query-input\":{\"@type\":\"PropertyValueSpecification\",\"valueRequired\":true,\"valueName\":\"search_term_string\"}}],\"inLanguage\":\"ru-RU\"}]}<\/script>\n<!-- \/ Yoast SEO plugin. -->","yoast_head_json":{"title":"\u0130K Politikam\u0131z - Nobel Expo","robots":{"index":"index","follow":"follow","max-snippet":"max-snippet:-1","max-image-preview":"max-image-preview:large","max-video-preview":"max-video-preview:-1"},"canonical":"https:\/\/nobelexpo.com\/ru\/ik-politikamiz-2\/","og_locale":"ru_RU","og_type":"article","og_title":"\u0130K Politikam\u0131z - Nobel Expo","og_url":"https:\/\/nobelexpo.com\/ru\/ik-politikamiz-2\/","og_site_name":"Nobel Expo","article_modified_time":"2025-06-27T06:46:46+00:00","twitter_card":"summary_large_image","twitter_misc":{"\u041f\u0440\u0438\u043c\u0435\u0440\u043d\u043e\u0435 \u0432\u0440\u0435\u043c\u044f \u0434\u043b\u044f \u0447\u0442\u0435\u043d\u0438\u044f":"6 \u043c\u0438\u043d\u0443\u0442"},"schema":{"@context":"https:\/\/schema.org","@graph":[{"@type":"WebPage","@id":"https:\/\/nobelexpo.com\/ik-politikamiz-2\/","url":"https:\/\/nobelexpo.com\/ik-politikamiz-2\/","name":"\u0130K Politikam\u0131z - Nobel Expo","isPartOf":{"@id":"https:\/\/nobelexpo.com\/#website"},"datePublished":"2025-06-15T15:09:36+00:00","dateModified":"2025-06-27T06:46:46+00:00","breadcrumb":{"@id":"https:\/\/nobelexpo.com\/ik-politikamiz-2\/#breadcrumb"},"inLanguage":"ru-RU","potentialAction":[{"@type":"ReadAction","target":["https:\/\/nobelexpo.com\/ik-politikamiz-2\/"]}]},{"@type":"BreadcrumbList","@id":"https:\/\/nobelexpo.com\/ik-politikamiz-2\/#breadcrumb","itemListElement":[{"@type":"ListItem","position":1,"name":"Anasayfa","item":"https:\/\/nobelexpo.com\/"},{"@type":"ListItem","position":2,"name":"\u0130K Politikam\u0131z"}]},{"@type":"WebSite","@id":"https:\/\/nobelexpo.com\/#website","url":"https:\/\/nobelexpo.com\/","name":"\u041d\u043e\u0431\u0435\u043b\u0435\u0432\u0441\u043a\u0430\u044f \u0432\u044b\u0441\u0442\u0430\u0432\u043a\u0430","description":"\u041f\u0440\u0438\u0441\u043e\u0435\u0434\u0438\u043d\u044f\u0439\u0442\u0435\u0441\u044c \u043a \u044f\u0440\u043c\u0430\u0440\u043a\u0430\u043c \u0431\u0443\u0434\u0443\u0449\u0435\u0433\u043e \u043f\u0440\u044f\u043c\u043e \u0441\u0435\u0439\u0447\u0430\u0441","potentialAction":[{"@type":"SearchAction","target":{"@type":"EntryPoint","urlTemplate":"https:\/\/nobelexpo.com\/?s={search_term_string}"},"query-input":{"@type":"PropertyValueSpecification","valueRequired":true,"valueName":"search_term_string"}}],"inLanguage":"ru-RU"}]}},"_links":{"self":[{"href":"https:\/\/nobelexpo.com\/ru\/wp-json\/wp\/v2\/pages\/199","targetHints":{"allow":["GET"]}}],"collection":[{"href":"https:\/\/nobelexpo.com\/ru\/wp-json\/wp\/v2\/pages"}],"about":[{"href":"https:\/\/nobelexpo.com\/ru\/wp-json\/wp\/v2\/types\/page"}],"author":[{"embeddable":true,"href":"https:\/\/nobelexpo.com\/ru\/wp-json\/wp\/v2\/users\/1"}],"replies":[{"embeddable":true,"href":"https:\/\/nobelexpo.com\/ru\/wp-json\/wp\/v2\/comments?post=199"}],"version-history":[{"count":0,"href":"https:\/\/nobelexpo.com\/ru\/wp-json\/wp\/v2\/pages\/199\/revisions"}],"wp:attachment":[{"href":"https:\/\/nobelexpo.com\/ru\/wp-json\/wp\/v2\/media?parent=199"}],"curies":[{"name":"wp","href":"https:\/\/api.w.org\/{rel}","templated":true}]}}