{"id":2384,"date":"2025-09-06T08:43:14","date_gmt":"2025-09-06T08:43:14","guid":{"rendered":"https:\/\/nobelexpo.com\/?page_id=2384"},"modified":"2025-09-06T08:43:14","modified_gmt":"2025-09-06T08:43:14","slug":"kvkk","status":"publish","type":"page","link":"https:\/\/nobelexpo.com\/ru\/kvkk\/","title":{"rendered":"KVKK"},"content":{"rendered":"<div class=\"modal-header\">\n<h5 id=\"exampleModalGizlilikLabel\" class=\"modal-title\">K.V.K.K \u0423\u0442\u043e\u0447\u043d\u044f\u044e\u0449\u0438\u0439 \u0442\u0435\u043a\u0441\u0442<\/h5>\n<p>&nbsp;<\/p>\n<\/div>\n<div class=\"modal-body\">\u0412 \u0441\u043e\u043e\u0442\u0432\u0435\u0442\u0441\u0442\u0432\u0438\u0438 \u0441 \u0417\u0430\u043a\u043e\u043d\u043e\u043c \u2116 6698 \u043e \u0437\u0430\u0449\u0438\u0442\u0435 \u043f\u0435\u0440\u0441\u043e\u043d\u0430\u043b\u044c\u043d\u044b\u0445 \u0434\u0430\u043d\u043d\u044b\u0445 (\"KVKK\"), \u0434\u0435\u0442\u0430\u043b\u0438, \u043a\u0430\u0441\u0430\u044e\u0449\u0438\u0435\u0441\u044f \u043e\u0431\u044a\u0435\u043c\u0430 \u043e\u0431\u0440\u0430\u0431\u043e\u0442\u043a\u0438 \u0432\u0430\u0448\u0438\u0445 \u043f\u0435\u0440\u0441\u043e\u043d\u0430\u043b\u044c\u043d\u044b\u0445 \u0434\u0430\u043d\u043d\u044b\u0445 \u043a\u043e\u043c\u043f\u0430\u043d\u0438\u0435\u0439 Nobel Expo Uluslararas\u0131 Fuarc\u0131l\u0131k A.\u015e (\"Nobel Expo\" \u0438\u043b\u0438 \"\u041a\u043e\u043c\u043f\u0430\u043d\u0438\u044f\") \u0432 \u043a\u0430\u0447\u0435\u0441\u0442\u0432\u0435 \u043a\u043e\u043d\u0442\u0440\u043e\u043b\u0435\u0440\u0430 \u0434\u0430\u043d\u043d\u044b\u0445, \u043f\u0440\u0435\u0434\u0441\u0442\u0430\u0432\u043b\u0435\u043d\u044b \u0434\u043b\u044f \u0432\u0430\u0448\u0435\u0433\u043e \u0441\u0432\u0435\u0434\u0435\u043d\u0438\u044f \u0432 \u0441\u043b\u0435\u0434\u0443\u044e\u0449\u0438\u0445 \u0440\u0430\u0437\u0434\u0435\u043b\u0430\u0445.&nbsp;<\/p>\n<h6>1. \u0441\u043f\u043e\u0441\u043e\u0431\u044b \u0441\u0431\u043e\u0440\u0430 \u0432\u0430\u0448\u0438\u0445 \u043f\u0435\u0440\u0441\u043e\u043d\u0430\u043b\u044c\u043d\u044b\u0445 \u0434\u0430\u043d\u043d\u044b\u0445 \u0438 \u0438\u0445 \u0437\u0430\u043a\u043e\u043d\u043d\u044b\u0435 \u043e\u0441\u043d\u043e\u0432\u0430\u043d\u0438\u044f<\/h6>\n<p>\u0412\u0430\u0448\u0438 \u043f\u0435\u0440\u0441\u043e\u043d\u0430\u043b\u044c\u043d\u044b\u0435 \u0434\u0430\u043d\u043d\u044b\u0435 \u0441\u043e\u0431\u0438\u0440\u0430\u044e\u0442\u0441\u044f \u043d\u0430\u0448\u0435\u0439 \u043a\u043e\u043c\u043f\u0430\u043d\u0438\u0435\u0439 \u043f\u043e \u0440\u0430\u0437\u043b\u0438\u0447\u043d\u044b\u043c \u043a\u0430\u043d\u0430\u043b\u0430\u043c \u0434\u043b\u044f \u043e\u0441\u0443\u0449\u0435\u0441\u0442\u0432\u043b\u0435\u043d\u0438\u044f \u043d\u0430\u0448\u0435\u0439 \u0434\u0435\u044f\u0442\u0435\u043b\u044c\u043d\u043e\u0441\u0442\u0438 \u043d\u0430 \u0437\u0430\u043a\u043e\u043d\u043d\u044b\u0445 \u043e\u0441\u043d\u043e\u0432\u0430\u043d\u0438\u044f\u0445 \u0432 \u0441\u043e\u043e\u0442\u0432\u0435\u0442\u0441\u0442\u0432\u0438\u0438 \u0441 \u0437\u0430\u043a\u043e\u043d\u043e\u0434\u0430\u0442\u0435\u043b\u044c\u0441\u0442\u0432\u043e\u043c \u0438 \u043f\u043e\u043b\u0438\u0442\u0438\u043a\u043e\u0439 \u043a\u043e\u043c\u043f\u0430\u043d\u0438\u0438. \u0412\u0430\u0448\u0438 \u043f\u0435\u0440\u0441\u043e\u043d\u0430\u043b\u044c\u043d\u044b\u0435 \u0434\u0430\u043d\u043d\u044b\u0435 \u0442\u0430\u043a\u0436\u0435 \u043c\u043e\u0433\u0443\u0442 \u043e\u0431\u0440\u0430\u0431\u0430\u0442\u044b\u0432\u0430\u0442\u044c\u0441\u044f \u0438 \u043f\u0435\u0440\u0435\u0434\u0430\u0432\u0430\u0442\u044c\u0441\u044f \u0434\u043b\u044f \u0446\u0435\u043b\u0435\u0439, \u0443\u043a\u0430\u0437\u0430\u043d\u043d\u044b\u0445 \u0432 \u043d\u0430\u0441\u0442\u043e\u044f\u0449\u0435\u043c \u0420\u0430\u0437\u044a\u044f\u0441\u043d\u0438\u0442\u0435\u043b\u044c\u043d\u043e\u043c \u0442\u0435\u043a\u0441\u0442\u0435, \u0432 \u0440\u0430\u043c\u043a\u0430\u0445 \u0443\u0441\u043b\u043e\u0432\u0438\u0439 \u0438 \u0446\u0435\u043b\u0435\u0439 \u043e\u0431\u0440\u0430\u0431\u043e\u0442\u043a\u0438 \u043f\u0435\u0440\u0441\u043e\u043d\u0430\u043b\u044c\u043d\u044b\u0445 \u0434\u0430\u043d\u043d\u044b\u0445, \u0443\u043a\u0430\u0437\u0430\u043d\u043d\u044b\u0445 \u0432 \u0441\u0442\u0430\u0442\u044c\u044f\u0445 5 \u0438 6 \u041a\u0412\u041a\u041a, \u0432 \u0441\u043e\u043e\u0442\u0432\u0435\u0442\u0441\u0442\u0432\u0438\u0438 \u0441 \u043e\u0441\u043d\u043e\u0432\u043d\u044b\u043c\u0438 \u043f\u0440\u0438\u043d\u0446\u0438\u043f\u0430\u043c\u0438, \u0443\u0441\u0442\u0430\u043d\u043e\u0432\u043b\u0435\u043d\u043d\u044b\u043c\u0438 \u041a\u0412\u041a\u041a.<\/p>\n<h6>2. \u043e\u0431\u0440\u0430\u0431\u043e\u0442\u043a\u0430 \u0432\u0430\u0448\u0438\u0445 \u043f\u0435\u0440\u0441\u043e\u043d\u0430\u043b\u044c\u043d\u044b\u0445 \u0434\u0430\u043d\u043d\u044b\u0445<\/h6>\n<p>\u0412\u0430\u0448\u0438 \u043f\u0435\u0440\u0441\u043e\u043d\u0430\u043b\u044c\u043d\u044b\u0435 \u0434\u0430\u043d\u043d\u044b\u0435 \u043e\u0431\u0440\u0430\u0431\u0430\u0442\u044b\u0432\u0430\u044e\u0442\u0441\u044f \u0432 \u0441\u043e\u043e\u0442\u0432\u0435\u0442\u0441\u0442\u0432\u0438\u0438 \u0441 \u043e\u0441\u043d\u043e\u0432\u043d\u044b\u043c\u0438 \u043f\u0440\u0438\u043d\u0446\u0438\u043f\u0430\u043c\u0438, \u0443\u0441\u0442\u0430\u043d\u043e\u0432\u043b\u0435\u043d\u043d\u044b\u043c\u0438 KVKK, \u0438 \u0432 \u0440\u0430\u043c\u043a\u0430\u0445 \u0443\u0441\u043b\u043e\u0432\u0438\u0439 \u0438 \u0446\u0435\u043b\u0435\u0439 \u043e\u0431\u0440\u0430\u0431\u043e\u0442\u043a\u0438 \u043f\u0435\u0440\u0441\u043e\u043d\u0430\u043b\u044c\u043d\u044b\u0445 \u0434\u0430\u043d\u043d\u044b\u0445, \u0443\u043a\u0430\u0437\u0430\u043d\u043d\u044b\u0445 \u0432 \u0441\u0442\u0430\u0442\u044c\u044f\u0445 5 \u0438 6 KVKK, - \u043e\u0441\u0443\u0449\u0435\u0441\u0442\u0432\u043b\u0435\u043d\u0438\u0435 \u043a\u043e\u043c\u043c\u0435\u0440\u0447\u0435\u0441\u043a\u043e\u0439 \u0434\u0435\u044f\u0442\u0435\u043b\u044c\u043d\u043e\u0441\u0442\u0438, \u043e\u0441\u0443\u0449\u0435\u0441\u0442\u0432\u043b\u044f\u0435\u043c\u043e\u0439 Nobel Expo \u0432 \u0441\u043e\u043e\u0442\u0432\u0435\u0442\u0441\u0442\u0432\u0438\u0438 \u0441 \u0437\u0430\u043a\u043e\u043d\u043e\u0434\u0430\u0442\u0435\u043b\u044c\u0441\u0442\u0432\u043e\u043c \u0438 \u043f\u043e\u043b\u0438\u0442\u0438\u043a\u043e\u0439 \u043a\u043e\u043c\u043f\u0430\u043d\u0438\u0438, - \u0440\u0430\u0437\u0440\u0430\u0431\u043e\u0442\u043a\u0430 \u0438 \u043e\u0441\u0443\u0449\u0435\u0441\u0442\u0432\u043b\u0435\u043d\u0438\u0435 \u0434\u0435\u044f\u0442\u0435\u043b\u044c\u043d\u043e\u0441\u0442\u0438 \u043f\u043e \u0443\u043f\u0440\u0430\u0432\u043b\u0435\u043d\u0438\u044e \u043f\u0435\u0440\u0441\u043e\u043d\u0430\u043b\u043e\u043c, - \u043e\u0431\u0435\u0441\u043f\u0435\u0447\u0435\u043d\u0438\u0435 \u043a\u043e\u043c\u043c\u0435\u0440\u0447\u0435\u0441\u043a\u043e\u0439 \u0438 \u043f\u0440\u0430\u0432\u043e\u0432\u043e\u0439 \u0431\u0435\u0437\u043e\u043f\u0430\u0441\u043d\u043e\u0441\u0442\u0438 \u0444\u0438\u0437\u0438\u0447\u0435\u0441\u043a\u0438\u0445 \u043b\u0438\u0446, \u0441 \u043a\u043e\u0442\u043e\u0440\u044b\u043c\u0438 \u043c\u044b \u0438\u043c\u0435\u0435\u043c \u0434\u0435\u043b\u043e\u0432\u044b\u0435 \u043e\u0442\u043d\u043e\u0448\u0435\u043d\u0438\u044f, - \u0437\u0430\u0449\u0438\u0442\u0430 \u043a\u043e\u043c\u043c\u0435\u0440\u0447\u0435\u0441\u043a\u043e\u0439 \u0440\u0435\u043f\u0443\u0442\u0430\u0446\u0438\u0438 Nobel Expo \u0438 \u0434\u043e\u0432\u0435\u0440\u0438\u044f, \u043a\u043e\u0442\u043e\u0440\u043e\u0435 \u043e\u043d\u0430 \u0441\u043e\u0437\u0434\u0430\u0435\u0442.<\/p>\n<h6>3. \u0421\u043e\u0432\u043c\u0435\u0441\u0442\u043d\u043e\u0435 \u0438\u0441\u043f\u043e\u043b\u044c\u0437\u043e\u0432\u0430\u043d\u0438\u0435 \u0432\u0430\u0448\u0438\u0445 \u043b\u0438\u0447\u043d\u044b\u0445 \u0434\u0430\u043d\u043d\u044b\u0445<\/h6>\n<p>\u0421\u043e\u0431\u0440\u0430\u043d\u043d\u044b\u0435 \u0432\u0430\u043c\u0438 \u043f\u0435\u0440\u0441\u043e\u043d\u0430\u043b\u044c\u043d\u044b\u0435 \u0434\u0430\u043d\u043d\u044b\u0435 \u043c\u043e\u0433\u0443\u0442 \u0431\u044b\u0442\u044c \u043f\u0435\u0440\u0435\u0434\u0430\u043d\u044b \u043d\u0430\u0448\u0438\u043c \u0444\u0438\u043b\u0438\u0430\u043b\u0430\u043c, \u043f\u043e\u0441\u0442\u0430\u0432\u0449\u0438\u043a\u0430\u043c, \u0432\u043d\u0435\u0448\u043d\u0438\u043c \u043f\u043e\u0441\u0442\u0430\u0432\u0449\u0438\u043a\u0430\u043c \u0443\u0441\u043b\u0443\u0433 \u0438 \u0443\u043f\u043e\u043b\u043d\u043e\u043c\u043e\u0447\u0435\u043d\u043d\u044b\u043c \u0437\u0430\u043a\u043e\u043d\u043e\u043c \u0433\u043e\u0441\u0443\u0434\u0430\u0440\u0441\u0442\u0432\u0435\u043d\u043d\u044b\u043c \u0443\u0447\u0440\u0435\u0436\u0434\u0435\u043d\u0438\u044f\u043c \u0438 \u043e\u0440\u0433\u0430\u043d\u0438\u0437\u0430\u0446\u0438\u044f\u043c, \u0447\u0442\u043e\u0431\u044b \u043d\u0430\u0448\u0438 \u043f\u043e\u0434\u0440\u0430\u0437\u0434\u0435\u043b\u0435\u043d\u0438\u044f \u0432\u044b\u043f\u043e\u043b\u043d\u044f\u043b\u0438 \u043d\u0435\u043e\u0431\u0445\u043e\u0434\u0438\u043c\u0443\u044e \u0440\u0430\u0431\u043e\u0442\u0443 \u0432 \u044d\u0442\u043e\u043c \u043d\u0430\u043f\u0440\u0430\u0432\u043b\u0435\u043d\u0438\u0438 \u0434\u043b\u044f \u043e\u0441\u0443\u0449\u0435\u0441\u0442\u0432\u043b\u0435\u043d\u0438\u044f \u043d\u0430\u0448\u0435\u0439 \u043a\u043e\u043c\u043c\u0435\u0440\u0447\u0435\u0441\u043a\u043e\u0439 \u0434\u0435\u044f\u0442\u0435\u043b\u044c\u043d\u043e\u0441\u0442\u0438 \u0432 \u0441\u043e\u043e\u0442\u0432\u0435\u0442\u0441\u0442\u0432\u0438\u0438 \u0441 \u0437\u0430\u043a\u043e\u043d\u043e\u0434\u0430\u0442\u0435\u043b\u044c\u0441\u0442\u0432\u043e\u043c \u0438 \u043f\u043e\u043b\u0438\u0442\u0438\u043a\u043e\u0439 \u043a\u043e\u043c\u043f\u0430\u043d\u0438\u0438 \u0432 \u0441\u043e\u043e\u0442\u0432\u0435\u0442\u0441\u0442\u0432\u0438\u0438 \u0441 \u043e\u0441\u043d\u043e\u0432\u043d\u044b\u043c\u0438 \u043f\u0440\u0438\u043d\u0446\u0438\u043f\u0430\u043c\u0438, \u0443\u0441\u0442\u0430\u043d\u043e\u0432\u043b\u0435\u043d\u043d\u044b\u043c\u0438 KVKK, \u0438 \u0432 \u0440\u0430\u043c\u043a\u0430\u0445 \u0443\u0441\u043b\u043e\u0432\u0438\u0439 \u0438 \u0446\u0435\u043b\u0435\u0439 \u043e\u0431\u0440\u0430\u0431\u043e\u0442\u043a\u0438 \u043f\u0435\u0440\u0441\u043e\u043d\u0430\u043b\u044c\u043d\u044b\u0445 \u0434\u0430\u043d\u043d\u044b\u0445, \u0443\u043a\u0430\u0437\u0430\u043d\u043d\u044b\u0445 \u0432 \u0441\u0442\u0430\u0442\u044c\u044f\u0445 8 \u0438 9 KVKK.<\/p>\n<h6>4. \u0412\u0430\u0448\u0438 \u043f\u0440\u0430\u0432\u0430 \u043a\u0430\u043a \u0432\u043b\u0430\u0434\u0435\u043b\u044c\u0446\u0430 \u0434\u0430\u043d\u043d\u044b\u0445, \u043f\u0435\u0440\u0435\u0447\u0438\u0441\u043b\u0435\u043d\u043d\u044b\u0435 \u0432 \u0441\u0442\u0430\u0442\u044c\u0435 11 LPPD<\/h6>\n<p>\u0412 \u0441\u043e\u043e\u0442\u0432\u0435\u0442\u0441\u0442\u0432\u0438\u0438 \u0441\u043e \u0441\u0442\u0430\u0442\u044c\u0435\u0439 11 \u041a\u0412\u041a\u041a, \u0432\u0441\u0442\u0443\u043f\u0438\u0432\u0448\u0435\u0439 \u0432 \u0441\u0438\u043b\u0443 7 \u043e\u043a\u0442\u044f\u0431\u0440\u044f 2016 \u0433\u043e\u0434\u0430, \u0432\u044b \u0438\u043c\u0435\u0435\u0442\u0435 \u0441\u043b\u0435\u0434\u0443\u044e\u0449\u0438\u0435 \u043f\u0440\u0430\u0432\u0430 \u0432 \u043e\u0442\u043d\u043e\u0448\u0435\u043d\u0438\u0438 \u0432\u0430\u0448\u0438\u0445 \u043f\u0435\u0440\u0441\u043e\u043d\u0430\u043b\u044c\u043d\u044b\u0445 \u0434\u0430\u043d\u043d\u044b\u0445 - \u0423\u0437\u043d\u0430\u0432\u0430\u0442\u044c, \u043e\u0431\u0440\u0430\u0431\u0430\u0442\u044b\u0432\u0430\u043b\u0438\u0441\u044c \u043b\u0438 \u0432\u0430\u0448\u0438 \u043f\u0435\u0440\u0441\u043e\u043d\u0430\u043b\u044c\u043d\u044b\u0435 \u0434\u0430\u043d\u043d\u044b\u0435; - \u0417\u0430\u043f\u0440\u0430\u0448\u0438\u0432\u0430\u0442\u044c \u0438\u043d\u0444\u043e\u0440\u043c\u0430\u0446\u0438\u044e, \u0435\u0441\u043b\u0438 \u0432\u0430\u0448\u0438 \u043f\u0435\u0440\u0441\u043e\u043d\u0430\u043b\u044c\u043d\u044b\u0435 \u0434\u0430\u043d\u043d\u044b\u0435 \u043e\u0431\u0440\u0430\u0431\u0430\u0442\u044b\u0432\u0430\u043b\u0438\u0441\u044c; - \u0423\u0437\u043d\u0430\u0432\u0430\u0442\u044c \u0446\u0435\u043b\u044c \u043e\u0431\u0440\u0430\u0431\u043e\u0442\u043a\u0438 \u0432\u0430\u0448\u0438\u0445 \u043f\u0435\u0440\u0441\u043e\u043d\u0430\u043b\u044c\u043d\u044b\u0445 \u0434\u0430\u043d\u043d\u044b\u0445 \u0438 \u0442\u043e, \u0438\u0441\u043f\u043e\u043b\u044c\u0437\u0443\u044e\u0442\u0441\u044f \u043b\u0438 \u043e\u043d\u0438 \u0432 \u0441\u043e\u043e\u0442\u0432\u0435\u0442\u0441\u0442\u0432\u0438\u0438 \u0441 \u0438\u0445 \u043d\u0430\u0437\u043d\u0430\u0447\u0435\u043d\u0438\u0435\u043c; - \u0417\u043d\u0430\u0442\u044c \u0442\u0440\u0435\u0442\u044c\u0438\u0445 \u043b\u0438\u0446, \u043a\u043e\u0442\u043e\u0440\u044b\u043c \u043f\u0435\u0440\u0435\u0434\u0430\u044e\u0442\u0441\u044f \u043f\u0435\u0440\u0441\u043e\u043d\u0430\u043b\u044c\u043d\u044b\u0435 \u0434\u0430\u043d\u043d\u044b\u0435 \u0432\u043d\u0443\u0442\u0440\u0438 \u0441\u0442\u0440\u0430\u043d\u044b \u0438\u043b\u0438 \u0437\u0430 \u0440\u0443\u0431\u0435\u0436\u043e\u043c; - \u0422\u0440\u0435\u0431\u043e\u0432\u0430\u0442\u044c \u0438\u0441\u043f\u0440\u0430\u0432\u043b\u0435\u043d\u0438\u044f \u043f\u0435\u0440\u0441\u043e\u043d\u0430\u043b\u044c\u043d\u044b\u0445 \u0434\u0430\u043d\u043d\u044b\u0445 \u0432 \u0441\u043b\u0443\u0447\u0430\u0435 \u043d\u0435\u043f\u043e\u043b\u043d\u043e\u0439 \u0438\u043b\u0438 \u043d\u0435\u043f\u0440\u0430\u0432\u0438\u043b\u044c\u043d\u043e\u0439 \u043e\u0431\u0440\u0430\u0431\u043e\u0442\u043a\u0438 \u0438 \u0442\u0440\u0435\u0431\u043e\u0432\u0430\u0442\u044c \u0443\u0432\u0435\u0434\u043e\u043c\u043b\u0435\u043d\u0438\u044f \u0442\u0440\u0435\u0442\u044c\u0438\u0445 \u043b\u0438\u0446, \u043a\u043e\u0442\u043e\u0440\u044b\u043c \u043f\u0435\u0440\u0435\u0434\u0430\u044e\u0442\u0441\u044f \u043f\u0435\u0440\u0441\u043e\u043d\u0430\u043b\u044c\u043d\u044b\u0435 \u0434\u0430\u043d\u043d\u044b\u0435, \u043e \u0441\u043e\u0432\u0435\u0440\u0448\u0435\u043d\u043d\u043e\u0439 \u0432 \u044d\u0442\u0438\u0445 \u0440\u0430\u043c\u043a\u0430\u0445 \u043e\u043f\u0435\u0440\u0430\u0446\u0438\u0438, - \u0442\u0440\u0435\u0431\u043e\u0432\u0430\u0442\u044c \u0443\u0434\u0430\u043b\u0435\u043d\u0438\u044f \u0438\u043b\u0438 \u0443\u043d\u0438\u0447\u0442\u043e\u0436\u0435\u043d\u0438\u044f \u043f\u0435\u0440\u0441\u043e\u043d\u0430\u043b\u044c\u043d\u044b\u0445 \u0434\u0430\u043d\u043d\u044b\u0445 \u0432 \u0441\u043b\u0443\u0447\u0430\u0435 \u0438\u0441\u0447\u0435\u0437\u043d\u043e\u0432\u0435\u043d\u0438\u044f \u043f\u0440\u0438\u0447\u0438\u043d, \u0442\u0440\u0435\u0431\u0443\u044e\u0449\u0438\u0445 \u0438\u0445 \u043e\u0431\u0440\u0430\u0431\u043e\u0442\u043a\u0438, \u0445\u043e\u0442\u044f \u043e\u043d\u0438 \u0431\u044b\u043b\u0438 \u043e\u0431\u0440\u0430\u0431\u043e\u0442\u0430\u043d\u044b \u0432 \u0441\u043e\u043e\u0442\u0432\u0435\u0442\u0441\u0442\u0432\u0438\u0438 \u0441 \u043f\u043e\u043b\u043e\u0436\u0435\u043d\u0438\u044f\u043c\u0438 KVKK \u0438 \u0434\u0440\u0443\u0433\u0438\u0445 \u0441\u043e\u043e\u0442\u0432\u0435\u0442\u0441\u0442\u0432\u0443\u044e\u0449\u0438\u0445 \u0437\u0430\u043a\u043e\u043d\u043e\u0432, \u0438 \u0442\u0440\u0435\u0431\u043e\u0432\u0430\u0442\u044c \u0443\u0432\u0435\u0434\u043e\u043c\u043b\u0435\u043d\u0438\u044f \u0442\u0440\u0435\u0442\u044c\u0438\u0445 \u043b\u0438\u0446, \u043a\u043e\u0442\u043e\u0440\u044b\u043c \u043f\u0435\u0440\u0435\u0434\u0430\u044e\u0442\u0441\u044f \u043f\u0435\u0440\u0441\u043e\u043d\u0430\u043b\u044c\u043d\u044b\u0435 \u0434\u0430\u043d\u043d\u044b\u0435, \u043e \u0441\u043e\u0432\u0435\u0440\u0448\u0435\u043d\u043d\u043e\u0439 \u0432 \u044d\u0442\u0438\u0445 \u0440\u0430\u043c\u043a\u0430\u0445 \u043e\u043f\u0435\u0440\u0430\u0446\u0438\u0438; - \u0432\u043e\u0437\u0440\u0430\u0436\u0430\u0442\u044c \u043f\u0440\u043e\u0442\u0438\u0432 \u043d\u0430\u0441\u0442\u0443\u043f\u043b\u0435\u043d\u0438\u044f \u0440\u0435\u0437\u0443\u043b\u044c\u0442\u0430\u0442\u0430 \u0432 \u0443\u0449\u0435\u0440\u0431 \u0441\u0430\u043c\u043e\u043c\u0443 \u043b\u0438\u0446\u0443 \u043f\u0443\u0442\u0435\u043c \u0430\u043d\u0430\u043b\u0438\u0437\u0430 \u043e\u0431\u0440\u0430\u0431\u0430\u0442\u044b\u0432\u0430\u0435\u043c\u044b\u0445 \u0434\u0430\u043d\u043d\u044b\u0445 \u0438\u0441\u043a\u043b\u044e\u0447\u0438\u0442\u0435\u043b\u044c\u043d\u043e \u0441 \u043f\u043e\u043c\u043e\u0449\u044c\u044e \u0430\u0432\u0442\u043e\u043c\u0430\u0442\u0438\u0437\u0438\u0440\u043e\u0432\u0430\u043d\u043d\u044b\u0445 \u0441\u0438\u0441\u0442\u0435\u043c; - \u0442\u0440\u0435\u0431\u043e\u0432\u0430\u0442\u044c \u0432\u043e\u0437\u043c\u0435\u0449\u0435\u043d\u0438\u044f \u0443\u0449\u0435\u0440\u0431\u0430 \u0432 \u0441\u043b\u0443\u0447\u0430\u0435 \u043d\u0430\u043d\u0435\u0441\u0435\u043d\u0438\u044f \u0443\u0449\u0435\u0440\u0431\u0430 \u0432 \u0440\u0435\u0437\u0443\u043b\u044c\u0442\u0430\u0442\u0435 \u043d\u0435\u0437\u0430\u043a\u043e\u043d\u043d\u043e\u0439 \u043e\u0431\u0440\u0430\u0431\u043e\u0442\u043a\u0438 \u043f\u0435\u0440\u0441\u043e\u043d\u0430\u043b\u044c\u043d\u044b\u0445 \u0434\u0430\u043d\u043d\u044b\u0445. \u0418\u0441\u043a\u0440\u0435\u043d\u043d\u0435,<br \/>\n\u0412\u042b \u041c\u041e\u0416\u0415\u0422\u0415 \u0417\u0410\u041f\u041e\u041b\u041d\u0418\u0422\u042c \u0424\u041e\u0420\u041c\u0423 \u0417\u0410\u042f\u0412\u041b\u0415\u041d\u0418\u042f \u0412 \u0420\u0410\u041c\u041a\u0410\u0425 KVKK \u0418 \u0417\u0410\u041f\u0420\u041e\u0421\u0418\u0422\u042c \u0418\u041d\u0424\u041e\u0420\u041c\u0410\u0426\u0418\u042e \u0421 \u041f\u041e\u041c\u041e\u0429\u042c\u042e \u041f\u0418\u0421\u042c\u041c\u0415\u041d\u041d\u041e\u0413\u041e \u0417\u0410\u042f\u0412\u041b\u0415\u041d\u0418\u042f.<\/p>\n<\/div>","protected":false},"excerpt":{"rendered":"<p>K.V.K.K Ayd\u0131nlatma Metni &nbsp; Ki\u015fisel verilerinizin 6698 say\u0131l\u0131 Ki\u015fisel Verilerin Korunmas\u0131 Kanunu (\u201cKVKK\u201d) uyar\u0131nca, veri sorumlusu s\u0131fat\u0131yla Nobel Expo Uluslararas\u0131<\/p>","protected":false},"author":1,"featured_media":0,"parent":0,"menu_order":0,"comment_status":"closed","ping_status":"closed","template":"","meta":{"_acf_changed":false,"footnotes":""},"class_list":["post-2384","page","type-page","status-publish","hentry"],"acf":[],"yoast_head":"<!-- This site is optimized with the Yoast SEO plugin v25.8 - https:\/\/yoast.com\/wordpress\/plugins\/seo\/ -->\n<title>KVKK - Nobel Expo<\/title>\n<meta name=\"robots\" content=\"index, follow, max-snippet:-1, max-image-preview:large, max-video-preview:-1\" \/>\n<link rel=\"canonical\" href=\"https:\/\/nobelexpo.com\/ru\/kvkk\/\" \/>\n<meta property=\"og:locale\" content=\"ru_RU\" \/>\n<meta property=\"og:type\" content=\"article\" \/>\n<meta property=\"og:title\" content=\"KVKK - Nobel Expo\" \/>\n<meta property=\"og:description\" content=\"K.V.K.K Ayd\u0131nlatma Metni &nbsp; Ki\u015fisel verilerinizin 6698 say\u0131l\u0131 Ki\u015fisel Verilerin Korunmas\u0131 Kanunu (\u201cKVKK\u201d) uyar\u0131nca, veri sorumlusu s\u0131fat\u0131yla Nobel Expo Uluslararas\u0131\" \/>\n<meta property=\"og:url\" content=\"https:\/\/nobelexpo.com\/ru\/kvkk\/\" \/>\n<meta property=\"og:site_name\" content=\"Nobel Expo\" \/>\n<meta name=\"twitter:card\" content=\"summary_large_image\" \/>\n<script type=\"application\/ld+json\" class=\"yoast-schema-graph\">{\"@context\":\"https:\/\/schema.org\",\"@graph\":[{\"@type\":\"WebPage\",\"@id\":\"https:\/\/nobelexpo.com\/kvkk\/\",\"url\":\"https:\/\/nobelexpo.com\/kvkk\/\",\"name\":\"KVKK - Nobel Expo\",\"isPartOf\":{\"@id\":\"https:\/\/nobelexpo.com\/#website\"},\"datePublished\":\"2025-09-06T08:43:14+00:00\",\"breadcrumb\":{\"@id\":\"https:\/\/nobelexpo.com\/kvkk\/#breadcrumb\"},\"inLanguage\":\"ru-RU\",\"potentialAction\":[{\"@type\":\"ReadAction\",\"target\":[\"https:\/\/nobelexpo.com\/kvkk\/\"]}]},{\"@type\":\"BreadcrumbList\",\"@id\":\"https:\/\/nobelexpo.com\/kvkk\/#breadcrumb\",\"itemListElement\":[{\"@type\":\"ListItem\",\"position\":1,\"name\":\"Anasayfa\",\"item\":\"https:\/\/nobelexpo.com\/\"},{\"@type\":\"ListItem\",\"position\":2,\"name\":\"KVKK\"}]},{\"@type\":\"WebSite\",\"@id\":\"https:\/\/nobelexpo.com\/#website\",\"url\":\"https:\/\/nobelexpo.com\/\",\"name\":\"Nobel Expo\",\"description\":\"Gelece\u011fin Fuarlar\u0131na \u015eimdi Kat\u0131l\",\"potentialAction\":[{\"@type\":\"SearchAction\",\"target\":{\"@type\":\"EntryPoint\",\"urlTemplate\":\"https:\/\/nobelexpo.com\/?s={search_term_string}\"},\"query-input\":{\"@type\":\"PropertyValueSpecification\",\"valueRequired\":true,\"valueName\":\"search_term_string\"}}],\"inLanguage\":\"ru-RU\"}]}<\/script>\n<!-- \/ Yoast SEO plugin. -->","yoast_head_json":{"title":"KVKK - Nobel Expo","robots":{"index":"index","follow":"follow","max-snippet":"max-snippet:-1","max-image-preview":"max-image-preview:large","max-video-preview":"max-video-preview:-1"},"canonical":"https:\/\/nobelexpo.com\/ru\/kvkk\/","og_locale":"ru_RU","og_type":"article","og_title":"KVKK - Nobel Expo","og_description":"K.V.K.K Ayd\u0131nlatma Metni &nbsp; Ki\u015fisel verilerinizin 6698 say\u0131l\u0131 Ki\u015fisel Verilerin Korunmas\u0131 Kanunu (\u201cKVKK\u201d) uyar\u0131nca, veri sorumlusu s\u0131fat\u0131yla Nobel Expo Uluslararas\u0131","og_url":"https:\/\/nobelexpo.com\/ru\/kvkk\/","og_site_name":"Nobel Expo","twitter_card":"summary_large_image","schema":{"@context":"https:\/\/schema.org","@graph":[{"@type":"WebPage","@id":"https:\/\/nobelexpo.com\/kvkk\/","url":"https:\/\/nobelexpo.com\/kvkk\/","name":"KVKK - Nobel Expo","isPartOf":{"@id":"https:\/\/nobelexpo.com\/#website"},"datePublished":"2025-09-06T08:43:14+00:00","breadcrumb":{"@id":"https:\/\/nobelexpo.com\/kvkk\/#breadcrumb"},"inLanguage":"ru-RU","potentialAction":[{"@type":"ReadAction","target":["https:\/\/nobelexpo.com\/kvkk\/"]}]},{"@type":"BreadcrumbList","@id":"https:\/\/nobelexpo.com\/kvkk\/#breadcrumb","itemListElement":[{"@type":"ListItem","position":1,"name":"Anasayfa","item":"https:\/\/nobelexpo.com\/"},{"@type":"ListItem","position":2,"name":"KVKK"}]},{"@type":"WebSite","@id":"https:\/\/nobelexpo.com\/#website","url":"https:\/\/nobelexpo.com\/","name":"\u041d\u043e\u0431\u0435\u043b\u0435\u0432\u0441\u043a\u0430\u044f \u0432\u044b\u0441\u0442\u0430\u0432\u043a\u0430","description":"\u041f\u0440\u0438\u0441\u043e\u0435\u0434\u0438\u043d\u044f\u0439\u0442\u0435\u0441\u044c \u043a \u044f\u0440\u043c\u0430\u0440\u043a\u0430\u043c \u0431\u0443\u0434\u0443\u0449\u0435\u0433\u043e \u043f\u0440\u044f\u043c\u043e \u0441\u0435\u0439\u0447\u0430\u0441","potentialAction":[{"@type":"SearchAction","target":{"@type":"EntryPoint","urlTemplate":"https:\/\/nobelexpo.com\/?s={search_term_string}"},"query-input":{"@type":"PropertyValueSpecification","valueRequired":true,"valueName":"search_term_string"}}],"inLanguage":"ru-RU"}]}},"_links":{"self":[{"href":"https:\/\/nobelexpo.com\/ru\/wp-json\/wp\/v2\/pages\/2384","targetHints":{"allow":["GET"]}}],"collection":[{"href":"https:\/\/nobelexpo.com\/ru\/wp-json\/wp\/v2\/pages"}],"about":[{"href":"https:\/\/nobelexpo.com\/ru\/wp-json\/wp\/v2\/types\/page"}],"author":[{"embeddable":true,"href":"https:\/\/nobelexpo.com\/ru\/wp-json\/wp\/v2\/users\/1"}],"replies":[{"embeddable":true,"href":"https:\/\/nobelexpo.com\/ru\/wp-json\/wp\/v2\/comments?post=2384"}],"version-history":[{"count":0,"href":"https:\/\/nobelexpo.com\/ru\/wp-json\/wp\/v2\/pages\/2384\/revisions"}],"wp:attachment":[{"href":"https:\/\/nobelexpo.com\/ru\/wp-json\/wp\/v2\/media?parent=2384"}],"curies":[{"name":"wp","href":"https:\/\/api.w.org\/{rel}","templated":true}]}}