{"id":105,"date":"2025-06-15T14:19:58","date_gmt":"2025-06-15T14:19:58","guid":{"rendered":"https:\/\/nobel.websitesunum.com.tr\/?page_id=105"},"modified":"2025-08-14T12:39:45","modified_gmt":"2025-08-14T12:39:45","slug":"hizmetlerimiz","status":"publish","type":"page","link":"https:\/\/nobelexpo.com\/tr\/hizmetlerimiz\/","title":{"rendered":"Hizmetlerimiz"},"content":{"rendered":"<div class=\"wpb-content-wrapper\"><div class=\"vc_row wpb_row vc_row-fluid vc_custom_1750685076115 wd-rs-6859558a33f17\"><div class=\"wpb_column vc_column_container vc_col-sm-12\"><div class=\"vc_column-inner\"><div class=\"wpb_wrapper\">\n\t<div class=\"wpb_text_column wpb_content_element\" >\n\t\t<div class=\"wpb_wrapper\">\n\t\t\t<p style=\"text-align: center;\">Nobel Expo\u2019nun Size Sundu\u011fu<\/p>\n<h1 style=\"text-align: center;\"><strong>\u00dcST\u00dcN H\u0130ZMETLERLE RAK\u0130PLER\u0130N\u0130Z\u0130N \u00d6N\u00dcNE GE\u00c7\u0130N!<\/strong><\/h1>\n\n\t\t<\/div>\n\t<\/div>\n<\/div><\/div><\/div><\/div><div id=\"hizmetlerimiz-bilgi\" class=\"vc_row wpb_row vc_row-fluid vc_custom_1755171250766 vc_row-has-fill vc_column-gap-30 wd-rs-689dc9a0775fe wd-section-stretch\"><div class=\"wpb_column vc_column_container vc_col-sm-12\"><div class=\"vc_column-inner\"><div class=\"wpb_wrapper\"><div class=\"vc_row wpb_row vc_inner vc_row-fluid vc_custom_1750685131472 vc_row-has-fill vc_column-gap-10 wd-rs-685955c03bc8e\"><div class=\"wpb_column vc_column_container vc_col-sm-4 wd-rs-684ee0dfa03e3\"><div class=\"vc_column-inner\"><div class=\"wpb_wrapper\">\t\t\t<div class=\"info-box-wrapper\">\n\t\t\t\t<div id=\"wd-689dcbaa3855f\" class=\" wd-animation-slide-from-bottom wd-animation-normal wd_delay_100 wd-rs-689dcbaa3855f wd-info-box wd-wpb text-left box-icon-align-top box-style- color-scheme- wd-bg-none with-btn box-btn-static \">\n\t\t\t\t\t\t\t\t\t\t<div class=\"info-box-content\">\n\t\t\t\t\t\t<h2 class=\"info-box-title title box-title-style-default wd-fontsize-m\">AJANS VE PAZARLAMA<\/h2>\t\t\t\t\t\t<div class=\"info-box-inner reset-last-child\"><p>Nobel Medya\u2019n\u0131n etkili pazarlama ara\u00e7lar\u0131n\u0131 kullanarak, \u00fcr\u00fcn ve hizmetlerinizin en do\u011fru m\u00fc\u015fterilerle bulu\u015fmas\u0131n\u0131 sa\u011flay\u0131n. Firman\u0131z\u0131 ve markan\u0131z\u0131 sadece fuar s\u0131ras\u0131nda de\u011fil, fuar \u00f6ncesi ve sonras\u0131nda da tan\u0131t\u0131m\u0131n\u0131 yapmaya devam edin.<\/p>\n<\/div>\n\n\t\t\t\t\t\t<div class=\"info-btn-wrapper\"><div id=\"wd-69de1df6b56f2\" class=\"  wd-button-wrapper text-left\"><a href=\"\/iletisim\" title=\"\" class=\"btn btn-color-alt btn-style-link btn-shape-rectangle btn-size-large btn-icon-pos-right\">\u0130LET\u0130\u015e\u0130M \u0130\u00c7\u0130N TIKLAYIN<span class=\"wd-btn-icon\"><span class=\"wd-icon fa fa-solid fa-right-long\"><\/span><\/span><\/a><\/div><\/div>\t\t\t\t\t<\/div>\n\n\t\t\t\t\t\n\t\t\t\t\t<style><\/style>\t\t\t\t<\/div>\n\t\t\t<\/div>\n\t\t<\/div><\/div><\/div><div class=\"wpb_column vc_column_container vc_col-sm-4\"><div class=\"vc_column-inner\"><div class=\"wpb_wrapper\">\t\t\t<div class=\"info-box-wrapper\">\n\t\t\t\t<div id=\"wd-689dcbb12ef6d\" class=\" wd-animation-slide-from-bottom wd-animation-normal wd_delay_100 wd-rs-689dcbb12ef6d wd-info-box wd-wpb text-left box-icon-align-top box-style- color-scheme- wd-bg-none with-btn box-btn-static \">\n\t\t\t\t\t\t\t\t\t\t<div class=\"info-box-content\">\n\t\t\t\t\t\t<h2 class=\"info-box-title title box-title-style-default wd-fontsize-m\">LOJ\u0130ST\u0130K VE STANT<\/h2>\t\t\t\t\t\t<div class=\"info-box-inner reset-last-child\"><p>En g\u00fcvenilir nakliye ve en modern tasar\u0131ml\u0131 stant hizmetlerimiz ile kat\u0131ld\u0131\u011f\u0131n\u0131z fuarlarda fark\u0131n\u0131z\u0131 ortaya koyun ve rakiplerinizden s\u0131yr\u0131l\u0131n. T\u00fcm bu operasyonal hizmetler ve daha fazlas\u0131 i\u00e7in hemen ileti\u015fime ge\u00e7in.<\/p>\n<\/div>\n\n\t\t\t\t\t\t<div class=\"info-btn-wrapper\"><div id=\"wd-69de1df6b5ad3\" class=\"  wd-button-wrapper text-left\"><a href=\"\/iletisim\" title=\"\" class=\"btn btn-color-alt btn-style-link btn-shape-rectangle btn-size-large btn-icon-pos-right\">\u0130LET\u0130\u015e\u0130M \u0130\u00c7\u0130N TIKLAYIN<span class=\"wd-btn-icon\"><span class=\"wd-icon fa fa-solid fa-right-long\"><\/span><\/span><\/a><\/div><\/div>\t\t\t\t\t<\/div>\n\n\t\t\t\t\t\n\t\t\t\t\t<style><\/style>\t\t\t\t<\/div>\n\t\t\t<\/div>\n\t\t<\/div><\/div><\/div><div class=\"wpb_column vc_column_container vc_col-sm-4\"><div class=\"vc_column-inner\"><div class=\"wpb_wrapper\">\t\t\t<div class=\"info-box-wrapper\">\n\t\t\t\t<div id=\"wd-689dcbb75061f\" class=\" wd-animation-slide-from-bottom wd-animation-normal wd_delay_100 wd-rs-689dcbb75061f wd-info-box wd-wpb text-left box-icon-align-top box-style- color-scheme- wd-bg-none with-btn box-btn-static \">\n\t\t\t\t\t\t\t\t\t\t<div class=\"info-box-content\">\n\t\t\t\t\t\t<h2 class=\"info-box-title title box-title-style-default wd-fontsize-m\">FUAR TE\u015eV\u0130KLER\u0130 VE H\u0130BELER<\/h2>\t\t\t\t\t\t<div class=\"info-box-inner reset-last-child\"><p>Hangi \u00fclkeler hedef \u00fclke, hangi \u00fclkelerde kat\u0131laca\u011f\u0131n\u0131z fuarlarda ne kadar te\u015fvik ya da hibe alabileceksiniz? T\u00fcm bu sorular\u0131n\u0131z\u0131n yan\u0131t\u0131 ve daha fazlas\u0131 i\u00e7in Fuar Te\u015fvik b\u00f6l\u00fcm\u00fcm\u00fcz sizin daima yan\u0131n\u0131zda olacak.<\/p>\n<\/div>\n\n\t\t\t\t\t\t<div class=\"info-btn-wrapper\"><div id=\"wd-69de1df6b5d70\" class=\"  wd-button-wrapper text-left\"><a href=\"\/iletisim\" title=\"\" class=\"btn btn-color-alt btn-style-link btn-shape-rectangle btn-size-large btn-icon-pos-right\">\u0130LET\u0130\u015e\u0130M \u0130\u00c7\u0130N TIKLAYIN<span class=\"wd-btn-icon\"><span class=\"wd-icon fa fa-solid fa-right-long\"><\/span><\/span><\/a><\/div><\/div>\t\t\t\t\t<\/div>\n\n\t\t\t\t\t\n\t\t\t\t\t<style><\/style>\t\t\t\t<\/div>\n\t\t\t<\/div>\n\t\t<\/div><\/div><\/div><\/div><div class=\"vc_row wpb_row vc_inner vc_row-fluid vc_custom_1750685131472 vc_row-has-fill vc_column-gap-10 wd-rs-685955c03bc8e\"><div class=\"wpb_column vc_column_container vc_col-sm-4 wd-rs-684ee0dfa03e3\"><div class=\"vc_column-inner\"><div class=\"wpb_wrapper\">\t\t\t<div class=\"info-box-wrapper\">\n\t\t\t\t<div id=\"wd-689dcbbd9dab9\" class=\" wd-animation-slide-from-bottom wd-animation-normal wd_delay_100 wd-rs-689dcbbd9dab9 wd-info-box wd-wpb text-left box-icon-align-top box-style- color-scheme- wd-bg-none with-btn box-btn-static \">\n\t\t\t\t\t\t\t\t\t\t<div class=\"info-box-content\">\n\t\t\t\t\t\t<h2 class=\"info-box-title title box-title-style-default wd-fontsize-m\">B2B E\u015eLE\u015eT\u0130RME VE SATIN ALMA HEYETLER\u0130<\/h2>\t\t\t\t\t\t<div class=\"info-box-inner reset-last-child\"><p>Benzersiz B2B E\u015fle\u015ftirme ve Sat\u0131n Alma Heyet Programlar\u0131m\u0131zla fuarlarda stand\u0131n\u0131z hi\u00e7 bo\u015f kalmayacak. B2B E\u015fle\u015ftirme ile hedefledi\u011finiz m\u00fc\u015fteri profili ile bula\u015facak, Sat\u0131n Alma Heyetleri ile \u00fcr\u00fcn ve marka bilinirli\u011finizi \u00fclke s\u0131n\u0131rlar\u0131n\u0131n \u00f6tesine ta\u015f\u0131yacaks\u0131n\u0131z.<\/p>\n<\/div>\n\n\t\t\t\t\t\t<div class=\"info-btn-wrapper\"><div id=\"wd-69de1df6b61fc\" class=\"  wd-button-wrapper text-left\"><a href=\"\/iletisim\" title=\"\" class=\"btn btn-color-alt btn-style-link btn-shape-rectangle btn-size-large btn-icon-pos-right\">\u0130LET\u0130\u015e\u0130M \u0130\u00c7\u0130N TIKLAYIN<span class=\"wd-btn-icon\"><span class=\"wd-icon fa fa-solid fa-right-long\"><\/span><\/span><\/a><\/div><\/div>\t\t\t\t\t<\/div>\n\n\t\t\t\t\t\n\t\t\t\t\t<style><\/style>\t\t\t\t<\/div>\n\t\t\t<\/div>\n\t\t<\/div><\/div><\/div><div class=\"wpb_column vc_column_container vc_col-sm-4\"><div class=\"vc_column-inner\"><div class=\"wpb_wrapper\">\t\t\t<div class=\"info-box-wrapper\">\n\t\t\t\t<div id=\"wd-689dd8fa65cb2\" class=\" wd-animation-slide-from-bottom wd-animation-normal wd_delay_100 wd-rs-689dd8fa65cb2 wd-info-box wd-wpb text-left box-icon-align-top box-style- color-scheme- wd-bg-none with-btn box-btn-static \">\n\t\t\t\t\t\t\t\t\t\t<div class=\"info-box-content\">\n\t\t\t\t\t\t<h2 class=\"info-box-title title box-title-style-default wd-fontsize-m\">TUR\u0130ZM VE KONAKLAMA<\/h2>\t\t\t\t\t\t<div class=\"info-box-inner reset-last-child\"><p>Gerek yurt i\u00e7inde, gerekse yurt d\u0131\u015f\u0131nda, b\u0131rak\u0131n fuar kat\u0131l\u0131m\u0131n\u0131z i\u00e7in size en iyi ve en uygun se\u00e7enekleri bularak, turizm ve konaklama i\u015flerinizle biz ilgilenelim. Siz sadece fuar haz\u0131rl\u0131klar\u0131n\u0131za, sunum ve \u00fcr\u00fcnlerinize ve m\u00fc\u015fteri ihtiya\u00e7lar\u0131n\u0131za odaklan\u0131n.<\/p>\n<\/div>\n\n\t\t\t\t\t\t<div class=\"info-btn-wrapper\"><div id=\"wd-69de1df6b64f0\" class=\"  wd-button-wrapper text-left\"><a href=\"\/iletisim\" title=\"\" class=\"btn btn-color-alt btn-style-link btn-shape-rectangle btn-size-large btn-icon-pos-right\">\u0130LET\u0130\u015e\u0130M \u0130\u00c7\u0130N TIKLAYIN<span class=\"wd-btn-icon\"><span class=\"wd-icon fa fa-solid fa-right-long\"><\/span><\/span><\/a><\/div><\/div>\t\t\t\t\t<\/div>\n\n\t\t\t\t\t\n\t\t\t\t\t<style><\/style>\t\t\t\t<\/div>\n\t\t\t<\/div>\n\t\t<\/div><\/div><\/div><div class=\"wpb_column vc_column_container vc_col-sm-4\"><div class=\"vc_column-inner\"><div class=\"wpb_wrapper\">\t\t\t<div class=\"info-box-wrapper\">\n\t\t\t\t<div id=\"wd-689dcbd1da41d\" class=\" wd-animation-slide-from-bottom wd-animation-normal wd_delay_100 wd-rs-689dcbd1da41d wd-info-box wd-wpb text-left box-icon-align-top box-style- color-scheme- wd-bg-none with-btn box-btn-static \">\n\t\t\t\t\t\t\t\t\t\t<div class=\"info-box-content\">\n\t\t\t\t\t\t<h2 class=\"info-box-title title box-title-style-default wd-fontsize-m\">\u0130\u015e GEL\u0130\u015eT\u0130RME VE FUAR \u0130STEME<\/h2>\t\t\t\t\t\t<div class=\"info-box-inner reset-last-child\"><p>Hangi \u00fclkede ve hangi sekt\u00f6rde fuar istedi\u011finizi bizimle payla\u015f\u0131n. Biz de en iyi se\u00e7eneklerle size geri d\u00f6n\u00fc\u015f yapal\u0131m. Bu yolla, siz fuar portf\u00f6y\u00fcm\u00fcze \u015fekil verin, biz de en sa\u011fl\u0131kl\u0131 \u015fekilde sizin ihtiya\u00e7lar\u0131n\u0131z\u0131 kar\u015f\u0131layacak fuarlarla ticaretinizi geni\u015fletelim.<\/p>\n<\/div>\n\n\t\t\t\t\t\t<div class=\"info-btn-wrapper\"><div id=\"wd-69de1df6b6830\" class=\"  wd-button-wrapper text-left\"><a href=\"\/iletisim\" title=\"\" class=\"btn btn-color-alt btn-style-link btn-shape-rectangle btn-size-large btn-icon-pos-right\">\u0130LET\u0130\u015e\u0130M \u0130\u00c7\u0130N TIKLAYIN<span class=\"wd-btn-icon\"><span class=\"wd-icon fa fa-solid fa-right-long\"><\/span><\/span><\/a><\/div><\/div>\t\t\t\t\t<\/div>\n\n\t\t\t\t\t\n\t\t\t\t\t<style><\/style>\t\t\t\t<\/div>\n\t\t\t<\/div>\n\t\t<\/div><\/div><\/div><\/div><\/div><\/div><\/div><\/div>\n<\/div>","protected":false},"excerpt":{"rendered":"Nobel Expo\u2019nun Size Sundu\u011fu \u00dcST\u00dcN H\u0130ZMETLERLE RAK\u0130PLER\u0130N\u0130Z\u0130N \u00d6N\u00dcNE GE\u00c7\u0130N! AJANS VE PAZARLAMA Nobel Medya\u2019n\u0131n etkili pazarlama ara\u00e7lar\u0131n\u0131 kullanarak, \u00fcr\u00fcn ve","protected":false},"author":1,"featured_media":0,"parent":0,"menu_order":0,"comment_status":"closed","ping_status":"closed","template":"","meta":{"_acf_changed":false,"footnotes":""},"class_list":["post-105","page","type-page","status-publish","hentry"],"acf":[],"yoast_head":"<!-- This site is optimized with the Yoast SEO plugin v25.8 - https:\/\/yoast.com\/wordpress\/plugins\/seo\/ -->\n<title>Hizmetlerimiz - Nobel Expo<\/title>\n<meta name=\"robots\" content=\"index, follow, max-snippet:-1, max-image-preview:large, max-video-preview:-1\" \/>\n<link rel=\"canonical\" href=\"https:\/\/nobelexpo.com\/tr\/hizmetlerimiz\/\" \/>\n<meta property=\"og:locale\" content=\"tr_TR\" \/>\n<meta property=\"og:type\" content=\"article\" \/>\n<meta property=\"og:title\" content=\"Hizmetlerimiz - Nobel Expo\" \/>\n<meta property=\"og:url\" content=\"https:\/\/nobelexpo.com\/tr\/hizmetlerimiz\/\" \/>\n<meta property=\"og:site_name\" content=\"Nobel Expo\" \/>\n<meta property=\"article:modified_time\" content=\"2025-08-14T12:39:45+00:00\" \/>\n<meta name=\"twitter:card\" content=\"summary_large_image\" \/>\n<meta name=\"twitter:label1\" content=\"Tahmini okuma s\u00fcresi\" \/>\n\t<meta name=\"twitter:data1\" content=\"10 dakika\" \/>\n<script type=\"application\/ld+json\" class=\"yoast-schema-graph\">{\"@context\":\"https:\/\/schema.org\",\"@graph\":[{\"@type\":\"WebPage\",\"@id\":\"https:\/\/nobelexpo.com\/hizmetlerimiz\/\",\"url\":\"https:\/\/nobelexpo.com\/hizmetlerimiz\/\",\"name\":\"Hizmetlerimiz - Nobel Expo\",\"isPartOf\":{\"@id\":\"https:\/\/nobelexpo.com\/#website\"},\"datePublished\":\"2025-06-15T14:19:58+00:00\",\"dateModified\":\"2025-08-14T12:39:45+00:00\",\"breadcrumb\":{\"@id\":\"https:\/\/nobelexpo.com\/hizmetlerimiz\/#breadcrumb\"},\"inLanguage\":\"tr\",\"potentialAction\":[{\"@type\":\"ReadAction\",\"target\":[\"https:\/\/nobelexpo.com\/hizmetlerimiz\/\"]}]},{\"@type\":\"BreadcrumbList\",\"@id\":\"https:\/\/nobelexpo.com\/hizmetlerimiz\/#breadcrumb\",\"itemListElement\":[{\"@type\":\"ListItem\",\"position\":1,\"name\":\"Anasayfa\",\"item\":\"https:\/\/nobelexpo.com\/\"},{\"@type\":\"ListItem\",\"position\":2,\"name\":\"Hizmetlerimiz\"}]},{\"@type\":\"WebSite\",\"@id\":\"https:\/\/nobelexpo.com\/#website\",\"url\":\"https:\/\/nobelexpo.com\/\",\"name\":\"Nobel Expo\",\"description\":\"Gelece\u011fin Fuarlar\u0131na \u015eimdi Kat\u0131l\",\"potentialAction\":[{\"@type\":\"SearchAction\",\"target\":{\"@type\":\"EntryPoint\",\"urlTemplate\":\"https:\/\/nobelexpo.com\/?s={search_term_string}\"},\"query-input\":{\"@type\":\"PropertyValueSpecification\",\"valueRequired\":true,\"valueName\":\"search_term_string\"}}],\"inLanguage\":\"tr\"}]}<\/script>\n<!-- \/ Yoast SEO plugin. -->","yoast_head_json":{"title":"Hizmetlerimiz - Nobel Expo","robots":{"index":"index","follow":"follow","max-snippet":"max-snippet:-1","max-image-preview":"max-image-preview:large","max-video-preview":"max-video-preview:-1"},"canonical":"https:\/\/nobelexpo.com\/tr\/hizmetlerimiz\/","og_locale":"tr_TR","og_type":"article","og_title":"Hizmetlerimiz - Nobel Expo","og_url":"https:\/\/nobelexpo.com\/tr\/hizmetlerimiz\/","og_site_name":"Nobel Expo","article_modified_time":"2025-08-14T12:39:45+00:00","twitter_card":"summary_large_image","twitter_misc":{"Tahmini okuma s\u00fcresi":"10 dakika"},"schema":{"@context":"https:\/\/schema.org","@graph":[{"@type":"WebPage","@id":"https:\/\/nobelexpo.com\/hizmetlerimiz\/","url":"https:\/\/nobelexpo.com\/hizmetlerimiz\/","name":"Hizmetlerimiz - Nobel Expo","isPartOf":{"@id":"https:\/\/nobelexpo.com\/#website"},"datePublished":"2025-06-15T14:19:58+00:00","dateModified":"2025-08-14T12:39:45+00:00","breadcrumb":{"@id":"https:\/\/nobelexpo.com\/hizmetlerimiz\/#breadcrumb"},"inLanguage":"tr","potentialAction":[{"@type":"ReadAction","target":["https:\/\/nobelexpo.com\/hizmetlerimiz\/"]}]},{"@type":"BreadcrumbList","@id":"https:\/\/nobelexpo.com\/hizmetlerimiz\/#breadcrumb","itemListElement":[{"@type":"ListItem","position":1,"name":"Anasayfa","item":"https:\/\/nobelexpo.com\/"},{"@type":"ListItem","position":2,"name":"Hizmetlerimiz"}]},{"@type":"WebSite","@id":"https:\/\/nobelexpo.com\/#website","url":"https:\/\/nobelexpo.com\/","name":"Nobel Expo","description":"Gelece\u011fin Fuarlar\u0131na \u015eimdi Kat\u0131l","potentialAction":[{"@type":"SearchAction","target":{"@type":"EntryPoint","urlTemplate":"https:\/\/nobelexpo.com\/?s={search_term_string}"},"query-input":{"@type":"PropertyValueSpecification","valueRequired":true,"valueName":"search_term_string"}}],"inLanguage":"tr"}]}},"_links":{"self":[{"href":"https:\/\/nobelexpo.com\/tr\/wp-json\/wp\/v2\/pages\/105","targetHints":{"allow":["GET"]}}],"collection":[{"href":"https:\/\/nobelexpo.com\/tr\/wp-json\/wp\/v2\/pages"}],"about":[{"href":"https:\/\/nobelexpo.com\/tr\/wp-json\/wp\/v2\/types\/page"}],"author":[{"embeddable":true,"href":"https:\/\/nobelexpo.com\/tr\/wp-json\/wp\/v2\/users\/1"}],"replies":[{"embeddable":true,"href":"https:\/\/nobelexpo.com\/tr\/wp-json\/wp\/v2\/comments?post=105"}],"version-history":[{"count":45,"href":"https:\/\/nobelexpo.com\/tr\/wp-json\/wp\/v2\/pages\/105\/revisions"}],"predecessor-version":[{"id":2279,"href":"https:\/\/nobelexpo.com\/tr\/wp-json\/wp\/v2\/pages\/105\/revisions\/2279"}],"wp:attachment":[{"href":"https:\/\/nobelexpo.com\/tr\/wp-json\/wp\/v2\/media?parent=105"}],"curies":[{"name":"wp","href":"https:\/\/api.w.org\/{rel}","templated":true}]}}