{"id":124,"date":"2025-06-15T14:36:19","date_gmt":"2025-06-15T14:36:19","guid":{"rendered":"https:\/\/nobel.websitesunum.com.tr\/?page_id=124"},"modified":"2025-08-14T12:38:31","modified_gmt":"2025-08-14T12:38:31","slug":"vizyonumuz","status":"publish","type":"page","link":"https:\/\/nobelexpo.com\/tr\/vizyonumuz\/","title":{"rendered":"Vizyonumuz"},"content":{"rendered":"<div class=\"wpb-content-wrapper\"><div id=\"misyon-in\" class=\"vc_row wpb_row vc_row-fluid vc_custom_1750773961388 wd-rs-685ab0be0b4af\"><div class=\"wpb_column vc_column_container vc_col-sm-12\"><div class=\"vc_column-inner\"><div class=\"wpb_wrapper\">\n\t<div class=\"wpb_text_column wpb_content_element misyon-title1\" >\n\t\t<div class=\"wpb_wrapper\">\n\t\t\t<h1 style=\"text-align: center;\"><strong>V\u0130ZYONUMUZ<\/strong><\/h1>\n\n\t\t<\/div>\n\t<\/div>\n\n\t<div class=\"wpb_text_column wpb_content_element misyon-title2\" >\n\t\t<div class=\"wpb_wrapper\">\n\t\t\t<p class=\"font-weight-600 text-extra-dark-gray alt-font\" style=\"text-align: center;\">K\u00fcresel \u00e7apta d\u00fczenledi\u011fimiz fuarlarla, firmalar\u0131n yerel ve uluslararas\u0131 pazarlarda kar\u015f\u0131la\u015ft\u0131klar\u0131 zorluklara en do\u011fru \u00e7\u00f6z\u00fcmleri sunmak ve ticaretin s\u0131n\u0131rlar\u0131n\u0131 yeniden tan\u0131mlamak istiyoruz<\/p>\n\n\t\t<\/div>\n\t<\/div>\n\n\t<div class=\"wpb_text_column wpb_content_element b2b-desc\" >\n\t\t<div class=\"wpb_wrapper\">\n\t\t\t<p style=\"text-align: center;\"><em><strong>D\u00fcnyan\u0131n d\u00f6rt bir yan\u0131nda i\u015fletmelerin ticari potansiyelini ger\u00e7ekle\u015ftirmeleri ve s\u00fcrd\u00fcrmeleri i\u00e7in B2B fuarlar\u0131 alan\u0131nda lider bir firma olmay\u0131 ama\u00e7l\u0131yoruz. Her bir kat\u0131l\u0131mc\u0131 firman\u0131n de\u011ferini anl\u0131yor ve onlar\u0131n ihtiya\u00e7lar\u0131na, hedeflerine ve vizyonuna yan\u0131t veren bir deneyim yaratmay\u0131 hedefliyoruz.<\/strong><\/em><\/p>\n\n\t\t<\/div>\n\t<\/div>\n<\/div><\/div><\/div><\/div><div id=\"row-vizyon\" class=\"vc_row wpb_row vc_row-fluid vc_custom_1755175111942 vc_row-has-fill wd-rs-689dd8858c033 wd-section-stretch\"><div class=\"wpb_column vc_column_container vc_col-sm-12\"><div class=\"vc_column-inner\"><div class=\"wpb_wrapper\">\n\t<div class=\"wpb_text_column wpb_content_element color-scheme-light\" >\n\t\t<div class=\"wpb_wrapper\">\n\t\t\t<p><span class=\"tirnak\">&#8220;<\/span><\/p>\n<h3 style=\"text-align: center;\">Nobel Expo olarak vizyonumuz, ticaretin s\u0131n\u0131rlar\u0131n\u0131 geni\u015fleterek kat\u0131l\u0131mc\u0131lar\u0131m\u0131z\u0131n pazarlar\u0131n\u0131 geni\u015fletme ve ticari potansiyellerini maksimuma \u00e7\u0131karma imk\u00e2n\u0131 sa\u011flamakt\u0131r.<\/h3>\n<p><span class=\"tirnak\">\u201d<\/span><\/p>\n\n\t\t<\/div>\n\t<\/div>\n<\/div><\/div><\/div><\/div><div class=\"nk-awb  nk-awb-after-vc_row \" ><div class=\"nk-awb-wrap\" data-awb-type=\"image\" data-awb-image-background-size=\"cover\" data-awb-image-background-position=\"center\"><div class=\"nk-awb-overlay\" style=\"background-color: #3A3A3ABF;\"><\/div><div  class=\"nk-awb-inner\"><img loading=\"lazy\" decoding=\"async\" width=\"1871\" height=\"1052\" src=\"https:\/\/nobelexpo.com\/wp-content\/uploads\/2025\/08\/189876318_l.jpg\" class=\"jarallax-img\" alt=\"\" style=\"object-position: center;\" srcset=\"https:\/\/nobelexpo.com\/wp-content\/uploads\/2025\/08\/189876318_l.jpg 1871w, https:\/\/nobelexpo.com\/wp-content\/uploads\/2025\/08\/189876318_l-300x169.jpg 300w, https:\/\/nobelexpo.com\/wp-content\/uploads\/2025\/08\/189876318_l-1024x576.jpg 1024w, https:\/\/nobelexpo.com\/wp-content\/uploads\/2025\/08\/189876318_l-768x432.jpg 768w, https:\/\/nobelexpo.com\/wp-content\/uploads\/2025\/08\/189876318_l-1536x864.jpg 1536w, https:\/\/nobelexpo.com\/wp-content\/uploads\/2025\/08\/189876318_l-18x10.jpg 18w, https:\/\/nobelexpo.com\/wp-content\/uploads\/2025\/08\/189876318_l-500x281.jpg 500w, https:\/\/nobelexpo.com\/wp-content\/uploads\/2025\/08\/189876318_l-800x450.jpg 800w, https:\/\/nobelexpo.com\/wp-content\/uploads\/2025\/08\/189876318_l-1280x720.jpg 1280w\" sizes=\"auto, (max-width: 1871px) 100vw, 1871px\" \/><\/div><\/div><\/div><div class=\"vc_row wpb_row vc_row-fluid vc_custom_1749998628469 wd-rs-684edc1e4110f\"><div class=\"wpb_column vc_column_container vc_col-sm-12\"><div class=\"vc_column-inner\"><div class=\"wpb_wrapper\">\n\t<div class=\"wpb_text_column wpb_content_element b2b-desc\" >\n\t\t<div class=\"wpb_wrapper\">\n\t\t\t<p style=\"text-align: center;\"><em><strong>Nobel Expo ticaretin s\u00fcrekli de\u011fi\u015fen d\u00fcnyas\u0131nda g\u00fc\u00e7l\u00fc ve etkin bir oyuncu olmay\u0131 hedeflemektedir. Bu, s\u00fcrekli inovasyon, tutku ve kararl\u0131l\u0131k gerektirir. Yenilik\u00e7i yakla\u015f\u0131mlar\u0131m\u0131z ve cesur yat\u0131r\u0131mlar\u0131m\u0131z, bizi sekt\u00f6r\u00fcn \u00f6nc\u00fcs\u00fc yapmak ve vizyonumuzu ger\u00e7ekle\u015ftirmek i\u00e7in bize rehberlik etmektedir. Gelecekteki hedeflerimize ula\u015fmak i\u00e7in sekt\u00f6rel trendleri ve m\u00fc\u015fteri ihtiya\u00e7lar\u0131n\u0131 yak\u0131ndan izlemeye ve anlamaya devam edece\u011fiz.<\/strong><\/em><\/p>\n\n\t\t<\/div>\n\t<\/div>\n<\/div><\/div><\/div><\/div><div id=\"row-imza\" class=\"vc_row wpb_row vc_row-fluid wd-rs-684edc0d7dedd\"><div class=\"wpb_column vc_column_container vc_col-sm-12\"><div class=\"vc_column-inner\"><div class=\"wpb_wrapper\">\n\t<div class=\"wpb_text_column wpb_content_element\" >\n\t\t<div class=\"wpb_wrapper\">\n\t\t\t<h2 style=\"text-align: center;\">Erhan \u00c7EL\u0130K<\/h2>\n<p style=\"text-align: center;\"><em>Y\u00f6netim Kurulu Ba\u015fkan\u0131<\/em><\/p>\n\n\t\t<\/div>\n\t<\/div>\n\t\t<div id=\"wd-689dd85d3196c\" class=\"wd-image wd-wpb wd-rs-689dd85d3196c text-center \">\n\t\t\t\n\t\t\t<img loading=\"lazy\" decoding=\"async\" width=\"200\" height=\"40\" src=\"https:\/\/nobelexpo.com\/wp-content\/uploads\/2025\/06\/erhan-celik-imza-200x40.jpg\" class=\"attachment-200x40 size-200x40\" alt=\"\" srcset=\"https:\/\/nobelexpo.com\/wp-content\/uploads\/2025\/06\/erhan-celik-imza-200x40.jpg 200w, https:\/\/nobelexpo.com\/wp-content\/uploads\/2025\/06\/erhan-celik-imza-250x50.jpg 250w\" sizes=\"auto, (max-width: 200px) 100vw, 200px\" \/>\n\t\t\t\t\t<\/div>\n\t\t<\/div><\/div><\/div><\/div>\n<\/div>","protected":false},"excerpt":{"rendered":"V\u0130ZYONUMUZ K\u00fcresel \u00e7apta d\u00fczenledi\u011fimiz fuarlarla, firmalar\u0131n yerel ve uluslararas\u0131 pazarlarda kar\u015f\u0131la\u015ft\u0131klar\u0131 zorluklara en do\u011fru \u00e7\u00f6z\u00fcmleri sunmak ve ticaretin s\u0131n\u0131rlar\u0131n\u0131 yeniden","protected":false},"author":1,"featured_media":0,"parent":0,"menu_order":0,"comment_status":"closed","ping_status":"closed","template":"","meta":{"_acf_changed":false,"footnotes":""},"class_list":["post-124","page","type-page","status-publish","hentry"],"acf":[],"yoast_head":"<!-- This site is optimized with the Yoast SEO plugin v25.8 - https:\/\/yoast.com\/wordpress\/plugins\/seo\/ -->\n<title>Vizyonumuz - Nobel Expo<\/title>\n<meta name=\"robots\" content=\"index, follow, max-snippet:-1, max-image-preview:large, max-video-preview:-1\" \/>\n<link rel=\"canonical\" href=\"https:\/\/nobelexpo.com\/tr\/vizyonumuz\/\" \/>\n<meta property=\"og:locale\" content=\"tr_TR\" \/>\n<meta property=\"og:type\" content=\"article\" \/>\n<meta property=\"og:title\" content=\"Vizyonumuz - Nobel Expo\" \/>\n<meta property=\"og:url\" content=\"https:\/\/nobelexpo.com\/tr\/vizyonumuz\/\" \/>\n<meta property=\"og:site_name\" content=\"Nobel Expo\" \/>\n<meta property=\"article:modified_time\" content=\"2025-08-14T12:38:31+00:00\" \/>\n<meta name=\"twitter:card\" content=\"summary_large_image\" \/>\n<meta name=\"twitter:label1\" content=\"Tahmini okuma s\u00fcresi\" \/>\n\t<meta name=\"twitter:data1\" content=\"4 dakika\" \/>\n<script type=\"application\/ld+json\" class=\"yoast-schema-graph\">{\"@context\":\"https:\/\/schema.org\",\"@graph\":[{\"@type\":\"WebPage\",\"@id\":\"https:\/\/nobelexpo.com\/vizyonumuz\/\",\"url\":\"https:\/\/nobelexpo.com\/vizyonumuz\/\",\"name\":\"Vizyonumuz - Nobel Expo\",\"isPartOf\":{\"@id\":\"https:\/\/nobelexpo.com\/#website\"},\"datePublished\":\"2025-06-15T14:36:19+00:00\",\"dateModified\":\"2025-08-14T12:38:31+00:00\",\"breadcrumb\":{\"@id\":\"https:\/\/nobelexpo.com\/vizyonumuz\/#breadcrumb\"},\"inLanguage\":\"tr\",\"potentialAction\":[{\"@type\":\"ReadAction\",\"target\":[\"https:\/\/nobelexpo.com\/vizyonumuz\/\"]}]},{\"@type\":\"BreadcrumbList\",\"@id\":\"https:\/\/nobelexpo.com\/vizyonumuz\/#breadcrumb\",\"itemListElement\":[{\"@type\":\"ListItem\",\"position\":1,\"name\":\"Anasayfa\",\"item\":\"https:\/\/nobelexpo.com\/\"},{\"@type\":\"ListItem\",\"position\":2,\"name\":\"Vizyonumuz\"}]},{\"@type\":\"WebSite\",\"@id\":\"https:\/\/nobelexpo.com\/#website\",\"url\":\"https:\/\/nobelexpo.com\/\",\"name\":\"Nobel Expo\",\"description\":\"Gelece\u011fin Fuarlar\u0131na \u015eimdi Kat\u0131l\",\"potentialAction\":[{\"@type\":\"SearchAction\",\"target\":{\"@type\":\"EntryPoint\",\"urlTemplate\":\"https:\/\/nobelexpo.com\/?s={search_term_string}\"},\"query-input\":{\"@type\":\"PropertyValueSpecification\",\"valueRequired\":true,\"valueName\":\"search_term_string\"}}],\"inLanguage\":\"tr\"}]}<\/script>\n<!-- \/ Yoast SEO plugin. -->","yoast_head_json":{"title":"Vizyonumuz - Nobel Expo","robots":{"index":"index","follow":"follow","max-snippet":"max-snippet:-1","max-image-preview":"max-image-preview:large","max-video-preview":"max-video-preview:-1"},"canonical":"https:\/\/nobelexpo.com\/tr\/vizyonumuz\/","og_locale":"tr_TR","og_type":"article","og_title":"Vizyonumuz - Nobel Expo","og_url":"https:\/\/nobelexpo.com\/tr\/vizyonumuz\/","og_site_name":"Nobel Expo","article_modified_time":"2025-08-14T12:38:31+00:00","twitter_card":"summary_large_image","twitter_misc":{"Tahmini okuma s\u00fcresi":"4 dakika"},"schema":{"@context":"https:\/\/schema.org","@graph":[{"@type":"WebPage","@id":"https:\/\/nobelexpo.com\/vizyonumuz\/","url":"https:\/\/nobelexpo.com\/vizyonumuz\/","name":"Vizyonumuz - Nobel Expo","isPartOf":{"@id":"https:\/\/nobelexpo.com\/#website"},"datePublished":"2025-06-15T14:36:19+00:00","dateModified":"2025-08-14T12:38:31+00:00","breadcrumb":{"@id":"https:\/\/nobelexpo.com\/vizyonumuz\/#breadcrumb"},"inLanguage":"tr","potentialAction":[{"@type":"ReadAction","target":["https:\/\/nobelexpo.com\/vizyonumuz\/"]}]},{"@type":"BreadcrumbList","@id":"https:\/\/nobelexpo.com\/vizyonumuz\/#breadcrumb","itemListElement":[{"@type":"ListItem","position":1,"name":"Anasayfa","item":"https:\/\/nobelexpo.com\/"},{"@type":"ListItem","position":2,"name":"Vizyonumuz"}]},{"@type":"WebSite","@id":"https:\/\/nobelexpo.com\/#website","url":"https:\/\/nobelexpo.com\/","name":"Nobel Expo","description":"Gelece\u011fin Fuarlar\u0131na \u015eimdi Kat\u0131l","potentialAction":[{"@type":"SearchAction","target":{"@type":"EntryPoint","urlTemplate":"https:\/\/nobelexpo.com\/?s={search_term_string}"},"query-input":{"@type":"PropertyValueSpecification","valueRequired":true,"valueName":"search_term_string"}}],"inLanguage":"tr"}]}},"_links":{"self":[{"href":"https:\/\/nobelexpo.com\/tr\/wp-json\/wp\/v2\/pages\/124","targetHints":{"allow":["GET"]}}],"collection":[{"href":"https:\/\/nobelexpo.com\/tr\/wp-json\/wp\/v2\/pages"}],"about":[{"href":"https:\/\/nobelexpo.com\/tr\/wp-json\/wp\/v2\/types\/page"}],"author":[{"embeddable":true,"href":"https:\/\/nobelexpo.com\/tr\/wp-json\/wp\/v2\/users\/1"}],"replies":[{"embeddable":true,"href":"https:\/\/nobelexpo.com\/tr\/wp-json\/wp\/v2\/comments?post=124"}],"version-history":[{"count":33,"href":"https:\/\/nobelexpo.com\/tr\/wp-json\/wp\/v2\/pages\/124\/revisions"}],"predecessor-version":[{"id":2278,"href":"https:\/\/nobelexpo.com\/tr\/wp-json\/wp\/v2\/pages\/124\/revisions\/2278"}],"wp:attachment":[{"href":"https:\/\/nobelexpo.com\/tr\/wp-json\/wp\/v2\/media?parent=124"}],"curies":[{"name":"wp","href":"https:\/\/api.w.org\/{rel}","templated":true}]}}