{"id":175,"date":"2025-06-15T14:57:37","date_gmt":"2025-06-15T14:57:37","guid":{"rendered":"https:\/\/nobel.websitesunum.com.tr\/?page_id=175"},"modified":"2025-07-10T07:12:22","modified_gmt":"2025-07-10T07:12:22","slug":"misyonumuz","status":"publish","type":"page","link":"https:\/\/nobelexpo.com\/tr\/misyonumuz\/","title":{"rendered":"Misyonumuz"},"content":{"rendered":"<div class=\"wpb-content-wrapper\"><div id=\"misyon-in\" class=\"vc_row wpb_row vc_row-fluid vc_custom_1750773961388 wd-rs-685ab0be0b4af\"><div class=\"wpb_column vc_column_container vc_col-sm-12\"><div class=\"vc_column-inner\"><div class=\"wpb_wrapper\">\n\t<div class=\"wpb_text_column wpb_content_element misyon-title1\" >\n\t\t<div class=\"wpb_wrapper\">\n\t\t\t<h1 style=\"text-align: center;\"><strong>M\u0130SYONUMUZ<\/strong><\/h1>\n\n\t\t<\/div>\n\t<\/div>\n\n\t<div class=\"wpb_text_column wpb_content_element misyon-title2\" >\n\t\t<div class=\"wpb_wrapper\">\n\t\t\t<p class=\"font-weight-600 text-extra-dark-gray alt-font\" style=\"text-align: center;\">Her fuar\u0131n yaln\u0131zca bir bulu\u015fma noktas\u0131 de\u011fil, ticaretin geli\u015fti\u011fi, i\u015f birliklerinin kuruldu\u011fu ve yeni f\u0131rsatlar\u0131n ke\u015ffedildi\u011fi canl\u0131 ve etkile\u015fimli bir platform olmas\u0131n\u0131 sa\u011flamak.<\/p>\n\n\t\t<\/div>\n\t<\/div>\n\n\t<div class=\"wpb_text_column wpb_content_element b2b-desc\" >\n\t\t<div class=\"wpb_wrapper\">\n\t\t\t<p style=\"text-align: center;\"><em><strong>Misyonumuz, \u00fclkemizi ve ihracat hedeflerimizi baz alarak, k\u00fcresel ticaret d\u00fcnyas\u0131na yepyeni bir bak\u0131\u015f a\u00e7\u0131s\u0131 getirip, sekt\u00f6rel liderler ve yenilik\u00e7i giri\u015fimler aras\u0131nda k\u00f6pr\u00fc g\u00f6revi g\u00f6rmektir. De\u011ferli kat\u0131l\u0131mc\u0131lar\u0131m\u0131z\u0131 ve profesyonel ziyaret\u00e7ileri bir araya getirerek, her iki taraf\u0131n da en iyi sonu\u00e7lar\u0131 elde etmesine yard\u0131mc\u0131 olacak bir platform yaratmak ve T\u00fcrkiye\u2019nin ilelebet devam eden milli kalk\u0131nma hamlesine katk\u0131 sa\u011flamak, Nobel Expo olarak en \u00f6nemli misyonumuzdur.<\/strong><\/em><\/p>\n\n\t\t<\/div>\n\t<\/div>\n<\/div><\/div><\/div><\/div><div id=\"row-vizyon\" class=\"vc_row wpb_row vc_row-fluid vc_custom_1750773170547 vc_row-has-fill wd-rs-685aad98651a2 wd-section-stretch\"><div class=\"wpb_column vc_column_container vc_col-sm-12\"><div class=\"vc_column-inner\"><div class=\"wpb_wrapper\">\n\t<div class=\"wpb_text_column wpb_content_element color-scheme-light\" >\n\t\t<div class=\"wpb_wrapper\">\n\t\t\t<p><span class=\"tirnak\">&#8220;<\/span><\/p>\n<h1 style=\"text-align: center;\">Misyonumuz, her fuar\u0131n sadece bir toplant\u0131 noktas\u0131 olmaktan \u00f6te, ticaret ve i\u015f birliklerinin yap\u0131ld\u0131\u011f\u0131, yeni f\u0131rsatlar\u0131n ke\u015ffedildi\u011fi ve ba\u015far\u0131 hik\u00e2yelerinin yaz\u0131ld\u0131\u011f\u0131 canl\u0131 ve etkile\u015fimli bir deneyim olmas\u0131n\u0131 sa\u011flamakt\u0131r.<\/h1>\n<p><span class=\"tirnak\">\u201d<\/span><\/p>\n\n\t\t<\/div>\n\t<\/div>\n<\/div><\/div><\/div><\/div><div class=\"nk-awb  nk-awb-after-vc_row \" ><div class=\"nk-awb-wrap\" data-awb-type=\"image\" data-awb-image-background-size=\"cover\" data-awb-image-background-position=\"50% 50%\"><div class=\"nk-awb-overlay\" style=\"background-color: #3A3A3ABF;\"><\/div><div  class=\"nk-awb-inner\"><img loading=\"lazy\" decoding=\"async\" width=\"1600\" height=\"900\" src=\"https:\/\/nobelexpo.com\/wp-content\/uploads\/2025\/06\/PHOTO-2025-06-24-10-53-16.jpg\" class=\"jarallax-img\" alt=\"\" style=\"object-position: 50% 50%;\" srcset=\"https:\/\/nobelexpo.com\/wp-content\/uploads\/2025\/06\/PHOTO-2025-06-24-10-53-16.jpg 1600w, https:\/\/nobelexpo.com\/wp-content\/uploads\/2025\/06\/PHOTO-2025-06-24-10-53-16-300x169.jpg 300w, https:\/\/nobelexpo.com\/wp-content\/uploads\/2025\/06\/PHOTO-2025-06-24-10-53-16-1024x576.jpg 1024w, https:\/\/nobelexpo.com\/wp-content\/uploads\/2025\/06\/PHOTO-2025-06-24-10-53-16-768x432.jpg 768w, https:\/\/nobelexpo.com\/wp-content\/uploads\/2025\/06\/PHOTO-2025-06-24-10-53-16-1536x864.jpg 1536w, https:\/\/nobelexpo.com\/wp-content\/uploads\/2025\/06\/PHOTO-2025-06-24-10-53-16-500x281.jpg 500w, https:\/\/nobelexpo.com\/wp-content\/uploads\/2025\/06\/PHOTO-2025-06-24-10-53-16-800x450.jpg 800w, https:\/\/nobelexpo.com\/wp-content\/uploads\/2025\/06\/PHOTO-2025-06-24-10-53-16-1280x720.jpg 1280w\" sizes=\"auto, (max-width: 1600px) 100vw, 1600px\" \/><\/div><\/div><\/div><div id=\"row-imza\" class=\"vc_row wpb_row vc_row-fluid wd-rs-684edc0d7dedd\"><div class=\"wpb_column vc_column_container vc_col-sm-12\"><div class=\"vc_column-inner\"><div class=\"wpb_wrapper\">\n\t<div class=\"wpb_text_column wpb_content_element\" >\n\t\t<div class=\"wpb_wrapper\">\n\t\t\t<h2 style=\"text-align: center;\">Erhan \u00c7EL\u0130K<\/h2>\n<p style=\"text-align: center;\"><em>Y\u00f6netim Kurulu Ba\u015fkan\u0131<\/em><\/p>\n\n\t\t<\/div>\n\t<\/div>\n\t\t<div id=\"wd-684edc168fc47\" class=\"wd-image wd-wpb wd-rs-684edc168fc47 text-center \">\n\t\t\t\n\t\t\t<img loading=\"lazy\" decoding=\"async\" width=\"349\" height=\"95\" src=\"https:\/\/nobelexpo.com\/wp-content\/uploads\/2025\/06\/erhan-celik-imza.jpg\" class=\"attachment-full size-full\" alt=\"\" srcset=\"https:\/\/nobelexpo.com\/wp-content\/uploads\/2025\/06\/erhan-celik-imza.jpg 349w, https:\/\/nobelexpo.com\/wp-content\/uploads\/2025\/06\/erhan-celik-imza-300x82.jpg 300w\" sizes=\"auto, (max-width: 349px) 100vw, 349px\" \/>\n\t\t\t\t\t<\/div>\n\t\t<\/div><\/div><\/div><\/div>\n<\/div>","protected":false},"excerpt":{"rendered":"M\u0130SYONUMUZ Her fuar\u0131n yaln\u0131zca bir bulu\u015fma noktas\u0131 de\u011fil, ticaretin geli\u015fti\u011fi, i\u015f birliklerinin kuruldu\u011fu ve yeni f\u0131rsatlar\u0131n ke\u015ffedildi\u011fi canl\u0131 ve etkile\u015fimli","protected":false},"author":1,"featured_media":0,"parent":0,"menu_order":0,"comment_status":"closed","ping_status":"closed","template":"","meta":{"_acf_changed":false,"footnotes":""},"class_list":["post-175","page","type-page","status-publish","hentry"],"acf":[],"yoast_head":"<!-- This site is optimized with the Yoast SEO plugin v25.8 - https:\/\/yoast.com\/wordpress\/plugins\/seo\/ -->\n<title>Misyonumuz - Nobel Expo<\/title>\n<meta name=\"robots\" content=\"index, follow, max-snippet:-1, max-image-preview:large, max-video-preview:-1\" \/>\n<link rel=\"canonical\" href=\"https:\/\/nobelexpo.com\/tr\/misyonumuz\/\" \/>\n<meta property=\"og:locale\" content=\"tr_TR\" \/>\n<meta property=\"og:type\" content=\"article\" \/>\n<meta property=\"og:title\" content=\"Misyonumuz - Nobel Expo\" \/>\n<meta property=\"og:url\" content=\"https:\/\/nobelexpo.com\/tr\/misyonumuz\/\" \/>\n<meta property=\"og:site_name\" content=\"Nobel Expo\" \/>\n<meta property=\"article:modified_time\" content=\"2025-07-10T07:12:22+00:00\" \/>\n<meta name=\"twitter:card\" content=\"summary_large_image\" \/>\n<meta name=\"twitter:label1\" content=\"Tahmini okuma s\u00fcresi\" \/>\n\t<meta name=\"twitter:data1\" content=\"3 dakika\" \/>\n<script type=\"application\/ld+json\" class=\"yoast-schema-graph\">{\"@context\":\"https:\/\/schema.org\",\"@graph\":[{\"@type\":\"WebPage\",\"@id\":\"https:\/\/nobelexpo.com\/misyonumuz\/\",\"url\":\"https:\/\/nobelexpo.com\/misyonumuz\/\",\"name\":\"Misyonumuz - Nobel Expo\",\"isPartOf\":{\"@id\":\"https:\/\/nobelexpo.com\/#website\"},\"datePublished\":\"2025-06-15T14:57:37+00:00\",\"dateModified\":\"2025-07-10T07:12:22+00:00\",\"breadcrumb\":{\"@id\":\"https:\/\/nobelexpo.com\/misyonumuz\/#breadcrumb\"},\"inLanguage\":\"tr\",\"potentialAction\":[{\"@type\":\"ReadAction\",\"target\":[\"https:\/\/nobelexpo.com\/misyonumuz\/\"]}]},{\"@type\":\"BreadcrumbList\",\"@id\":\"https:\/\/nobelexpo.com\/misyonumuz\/#breadcrumb\",\"itemListElement\":[{\"@type\":\"ListItem\",\"position\":1,\"name\":\"Anasayfa\",\"item\":\"https:\/\/nobelexpo.com\/\"},{\"@type\":\"ListItem\",\"position\":2,\"name\":\"Misyonumuz\"}]},{\"@type\":\"WebSite\",\"@id\":\"https:\/\/nobelexpo.com\/#website\",\"url\":\"https:\/\/nobelexpo.com\/\",\"name\":\"Nobel Expo\",\"description\":\"Gelece\u011fin Fuarlar\u0131na \u015eimdi Kat\u0131l\",\"potentialAction\":[{\"@type\":\"SearchAction\",\"target\":{\"@type\":\"EntryPoint\",\"urlTemplate\":\"https:\/\/nobelexpo.com\/?s={search_term_string}\"},\"query-input\":{\"@type\":\"PropertyValueSpecification\",\"valueRequired\":true,\"valueName\":\"search_term_string\"}}],\"inLanguage\":\"tr\"}]}<\/script>\n<!-- \/ Yoast SEO plugin. -->","yoast_head_json":{"title":"Misyonumuz - Nobel Expo","robots":{"index":"index","follow":"follow","max-snippet":"max-snippet:-1","max-image-preview":"max-image-preview:large","max-video-preview":"max-video-preview:-1"},"canonical":"https:\/\/nobelexpo.com\/tr\/misyonumuz\/","og_locale":"tr_TR","og_type":"article","og_title":"Misyonumuz - Nobel Expo","og_url":"https:\/\/nobelexpo.com\/tr\/misyonumuz\/","og_site_name":"Nobel Expo","article_modified_time":"2025-07-10T07:12:22+00:00","twitter_card":"summary_large_image","twitter_misc":{"Tahmini okuma s\u00fcresi":"3 dakika"},"schema":{"@context":"https:\/\/schema.org","@graph":[{"@type":"WebPage","@id":"https:\/\/nobelexpo.com\/misyonumuz\/","url":"https:\/\/nobelexpo.com\/misyonumuz\/","name":"Misyonumuz - Nobel Expo","isPartOf":{"@id":"https:\/\/nobelexpo.com\/#website"},"datePublished":"2025-06-15T14:57:37+00:00","dateModified":"2025-07-10T07:12:22+00:00","breadcrumb":{"@id":"https:\/\/nobelexpo.com\/misyonumuz\/#breadcrumb"},"inLanguage":"tr","potentialAction":[{"@type":"ReadAction","target":["https:\/\/nobelexpo.com\/misyonumuz\/"]}]},{"@type":"BreadcrumbList","@id":"https:\/\/nobelexpo.com\/misyonumuz\/#breadcrumb","itemListElement":[{"@type":"ListItem","position":1,"name":"Anasayfa","item":"https:\/\/nobelexpo.com\/"},{"@type":"ListItem","position":2,"name":"Misyonumuz"}]},{"@type":"WebSite","@id":"https:\/\/nobelexpo.com\/#website","url":"https:\/\/nobelexpo.com\/","name":"Nobel Expo","description":"Gelece\u011fin Fuarlar\u0131na \u015eimdi Kat\u0131l","potentialAction":[{"@type":"SearchAction","target":{"@type":"EntryPoint","urlTemplate":"https:\/\/nobelexpo.com\/?s={search_term_string}"},"query-input":{"@type":"PropertyValueSpecification","valueRequired":true,"valueName":"search_term_string"}}],"inLanguage":"tr"}]}},"_links":{"self":[{"href":"https:\/\/nobelexpo.com\/tr\/wp-json\/wp\/v2\/pages\/175","targetHints":{"allow":["GET"]}}],"collection":[{"href":"https:\/\/nobelexpo.com\/tr\/wp-json\/wp\/v2\/pages"}],"about":[{"href":"https:\/\/nobelexpo.com\/tr\/wp-json\/wp\/v2\/types\/page"}],"author":[{"embeddable":true,"href":"https:\/\/nobelexpo.com\/tr\/wp-json\/wp\/v2\/users\/1"}],"replies":[{"embeddable":true,"href":"https:\/\/nobelexpo.com\/tr\/wp-json\/wp\/v2\/comments?post=175"}],"version-history":[{"count":14,"href":"https:\/\/nobelexpo.com\/tr\/wp-json\/wp\/v2\/pages\/175\/revisions"}],"predecessor-version":[{"id":1245,"href":"https:\/\/nobelexpo.com\/tr\/wp-json\/wp\/v2\/pages\/175\/revisions\/1245"}],"wp:attachment":[{"href":"https:\/\/nobelexpo.com\/tr\/wp-json\/wp\/v2\/media?parent=175"}],"curies":[{"name":"wp","href":"https:\/\/api.w.org\/{rel}","templated":true}]}}