{"id":199,"date":"2025-06-15T15:09:36","date_gmt":"2025-06-15T15:09:36","guid":{"rendered":"https:\/\/nobel.websitesunum.com.tr\/?page_id=199"},"modified":"2025-06-27T06:46:46","modified_gmt":"2025-06-27T06:46:46","slug":"ik-politikamiz-2","status":"publish","type":"page","link":"https:\/\/nobelexpo.com\/tr\/ik-politikamiz-2\/","title":{"rendered":"\u0130K Politikam\u0131z"},"content":{"rendered":"<div class=\"wpb-content-wrapper\"><div class=\"vc_row wpb_row vc_row-fluid vc_custom_1750000498100 wd-rs-684ee36cbc877 wd-section-stretch-content-no-pd\"><div class=\"wpb_column vc_column_container vc_col-sm-12\"><div class=\"vc_column-inner\"><div class=\"wpb_wrapper\">\t\t<div class=\"promo-banner-wrapper  wd-rs-685ab5dd28cf0 \">\n\t\t\t<div id=\"wd-685ab5dd28cf0\" class=\"promo-banner  banner-mask banner-hover-zoom color-scheme-light banner-btn-size-default banner-btn-style-default  with-btn banner-btn-position-static wd-with-link wd-underline-colored\">\n\t\t\t\t<div class=\"main-wrapp-img\">\n\t\t\t\t\t<div class=\"banner-image wd-bg-position-center\" >\n\t\t\t\t\t\t<img loading=\"lazy\" decoding=\"async\" width=\"1472\" height=\"832\" src=\"https:\/\/nobelexpo.com\/wp-content\/uploads\/2025\/06\/PHOTO-2025-06-24-16-55-18.jpg\" class=\"attachment-full size-full\" alt=\"\" \/>\t\t\t\t\t<\/div>\n\t\t\t\t<\/div>\n\n\t\t\t\t<div class=\"wrapper-content-banner wd-fill  wd-items-middle wd-justify-center\">\n\t\t\t\t\t<div class=\"content-banner  text-center\">\n\t\t\t\t\t\t<div class=\"banner-subtitle subtitle-color-default subtitle-style-default wd-fontsize-xs wd-font-weight-\">\u00c7OK \u00c7ALI\u015eIYORUZ. \u00c7OK E\u011eLEN\u0130YORUZ<\/div><h4 class=\"banner-title wd-font-weight- wd-fontsize-l\">\u0130NSAN KAYNAKLARI POL\u0130T\u0130KAMIZ<\/h4>\t\t\t\t\t\t\n\t\t\t\t\t\t\n\t\t\t\t\t\t<div class=\"banner-btn-wrapper\"><div id=\"wd-69de1d96d38a4\" class=\"  wd-button-wrapper text-center\"><a href=\"\/aramiza-katilin\/\" title=\"Aram\u0131za Kat\u0131l\u0131n\" class=\"btn btn-style-default btn-shape-rectangle btn-size-default\">ARAMIZA KATILIN<\/a><\/div><\/div>\t\t\t\t\t<\/div>\n\t\t\t\t<\/div>\n\n\t\t\t\t\t\t\t\t\t<a class=\"wd-promo-banner-link wd-fill\" aria-label=\"Banner ba\u011flant\u0131s\u0131\" href=\"\/aramiza-katilin\/\" title=\"Aram\u0131za Kat\u0131l\u0131n\"><\/a>\n\t\t\t\t\n\t\t\t\t\t\t\t<\/div>\n\t\t<\/div>\n\n\t\t<\/div><\/div><\/div><\/div><div class=\"vc_row wpb_row vc_row-fluid vc_custom_1750688635901 wd-rs-6859636da6153\"><div class=\"wpb_column vc_column_container vc_col-sm-12\"><div class=\"vc_column-inner\"><div class=\"wpb_wrapper\">\n\t<div class=\"wpb_text_column wpb_content_element\" >\n\t\t<div class=\"wpb_wrapper\">\n\t\t\t<h2 style=\"text-align: center;\">FARKLILI\u011eI VE \u00c7E\u015e\u0130TL\u0130L\u0130\u011e\u0130 HEP B\u0130RL\u0130KTE KUTLAYALIM!<\/h2>\n\n\t\t<\/div>\n\t<\/div>\n<\/div><\/div><\/div><\/div><div id=\"row-esit\" class=\"vc_row wpb_row vc_row-fluid vc_custom_1750000790363 wd-rs-684ee490edab4\"><div class=\"wpb_column vc_column_container vc_col-sm-2\"><div class=\"vc_column-inner\"><div class=\"wpb_wrapper\"><\/div><\/div><\/div><div class=\"wpb_column vc_column_container vc_col-sm-8\"><div class=\"vc_column-inner\"><div class=\"wpb_wrapper\"><div class=\"vc_row wpb_row vc_inner vc_row-fluid vc_column-gap-10 wd-rs-684ee3b862f8e\"><div class=\"wpb_column vc_column_container vc_col-sm-4\"><div class=\"vc_column-inner\"><div class=\"wpb_wrapper\">\n\t<div class=\"wpb_text_column wpb_content_element vc_custom_1750688565404\" >\n\t\t<div class=\"wpb_wrapper\">\n\t\t\t<h2 style=\"text-align: center;\">01<\/h2>\n\n\t\t<\/div>\n\t<\/div>\n\n\t<div class=\"wpb_text_column wpb_content_element text-larger wd-animation-slide-from-bottom wd-animation-normal wd_delay_200\" >\n\t\t<div class=\"wpb_wrapper\">\n\t\t\t<div class=\"alt-font text-medium text-extra-dark-gray margin-10px-bottom\" style=\"text-align: center;\">\n<p><strong>E\u015fitlik<\/strong><\/p>\n<p class=\"alt-font text-medium text-extra-dark-gray margin-10px-bottom\" style=\"text-align: center;\">\u0130\u015fe al\u0131mdan e\u011fitime, geli\u015fimden performans de\u011ferlendirmeye kadar her a\u015famada e\u015fitlik ilkesine s\u0131k\u0131 s\u0131k\u0131ya ba\u011fl\u0131y\u0131z.<\/p>\n<\/div>\n\n\t\t<\/div>\n\t<\/div>\n<\/div><\/div><\/div><div class=\"wpb_column vc_column_container vc_col-sm-4\"><div class=\"vc_column-inner\"><div class=\"wpb_wrapper\">\n\t<div class=\"wpb_text_column wpb_content_element vc_custom_1750688572341\" >\n\t\t<div class=\"wpb_wrapper\">\n\t\t\t<h2 style=\"text-align: center;\">02<\/h2>\n\n\t\t<\/div>\n\t<\/div>\n\n\t<div class=\"wpb_text_column wpb_content_element text-larger wd-animation-slide-from-bottom wd-animation-normal wd_delay_200\" >\n\t\t<div class=\"wpb_wrapper\">\n\t\t\t<div class=\"alt-font text-medium text-extra-dark-gray margin-10px-bottom\" style=\"text-align: center;\"><strong>\u00c7e\u015fitlilik<\/strong><\/div>\n<p class=\"w-75 lg-w-85 md-w-90 mx-auto\" style=\"text-align: center;\">Dil, din, \u0131rk, mezhep, cinsel y\u00f6nelim ve siyasi d\u00fc\u015f\u00fcnce gibi unsurlar\u0131n hi\u00e7biri i\u015fe al\u0131m s\u00fcre\u00e7lerimizde bir ayr\u0131mc\u0131l\u0131\u011fa sebep olmaz.<\/p>\n\n\t\t<\/div>\n\t<\/div>\n<\/div><\/div><\/div><div class=\"wpb_column vc_column_container vc_col-sm-4\"><div class=\"vc_column-inner\"><div class=\"wpb_wrapper\">\n\t<div class=\"wpb_text_column wpb_content_element vc_custom_1750688578142\" >\n\t\t<div class=\"wpb_wrapper\">\n\t\t\t<h2 style=\"text-align: center;\">03<\/h2>\n\n\t\t<\/div>\n\t<\/div>\n\n\t<div class=\"wpb_text_column wpb_content_element text-larger wd-animation-slide-from-bottom wd-animation-normal wd_delay_300\" >\n\t\t<div class=\"wpb_wrapper\">\n\t\t\t<div class=\"alt-font text-medium text-extra-dark-gray margin-10px-bottom\" style=\"text-align: center;\"><strong>Liderlik<\/strong><\/div>\n<p class=\"w-75 lg-w-85 md-w-90 mx-auto\" style=\"text-align: center;\">\u00c7e\u015fitlili\u011fe de\u011fer vererek kurdu\u011fumuz ekiple, m\u00fc\u015fterilerimize en iyi hizmeti sunmak ve sekt\u00f6rde lider olmak i\u00e7in birlikte \u00e7al\u0131\u015f\u0131r\u0131z.<\/p>\n\n\t\t<\/div>\n\t<\/div>\n<\/div><\/div><\/div><\/div><\/div><\/div><\/div><div class=\"wpb_column vc_column_container vc_col-sm-2\"><div class=\"vc_column-inner\"><div class=\"wpb_wrapper\"><\/div><\/div><\/div><\/div><div class=\"vc_row wpb_row vc_row-fluid wpb_animate_when_almost_visible wpb_wd-slide-from-bottom wd-slide-from-bottom vc_custom_1750689511828 wd-rs-685966de2b2e5\"><div class=\"wpb_column vc_column_container vc_col-sm-12\"><div class=\"vc_column-inner\"><div class=\"wpb_wrapper\">\n\t<div class=\"wpb_text_column wpb_content_element\" >\n\t\t<div class=\"wpb_wrapper\">\n\t\t\t<h1 style=\"text-align: center;\">B\u0130Z\u0130MLE NEDEN \u00c7ALI\u015eMALISIN?<\/h1>\n\n\t\t<\/div>\n\t<\/div>\n<div class=\"vc_row wpb_row vc_inner vc_row-fluid vc_column-gap-10 wd-rs-684ee4f76418e\"><div class=\"wpb_column vc_column_container vc_col-sm-4\"><div class=\"vc_column-inner\"><div class=\"wpb_wrapper\"><div class=\"vc-hoverbox-wrapper vc_custom_1750772862699 vc-hoverbox-shape--square vc-hoverbox-align--center vc-hoverbox-direction--default vc-hoverbox-width--100\"  ontouchstart=\"\">\n  <div class=\"vc-hoverbox\">\n    <div class=\"vc-hoverbox-inner\">\n      <div class=\"vc-hoverbox-block vc-hoverbox-front\" style=\"background-image: url(https:\/\/nobelexpo.com\/wp-content\/uploads\/2025\/06\/yaraticilk.png);\">\n        <div class=\"vc-hoverbox-block-inner vc-hoverbox-front-inner\">\n            \n        <\/div>\n      <\/div>\n      <div class=\"vc-hoverbox-block vc-hoverbox-back\" style=\"background-color: #ebebeb;\">\n        <div class=\"vc-hoverbox-block-inner vc-hoverbox-back-inner\">\n            <h2 style=\"text-align:center\">E\u011fer yarat\u0131c\u0131l\u0131\u011f\u0131n\u0131za yarat\u0131c\u0131l\u0131k katar\u0131m diyorsan, hemen ba\u015fvurunu yap!<\/h2>\n            \n            \n        <\/div>\n      <\/div>\n    <\/div>\n  <\/div>\n<\/div>\n\t<div class=\"wpb_text_column wpb_content_element\" >\n\t\t<div class=\"wpb_wrapper\">\n\t\t\t<h2 style=\"text-align: center;\"><strong>Yarat\u0131c\u0131l\u0131\u011fa \u0130nan\u0131yoruz<\/strong><\/h2>\n<p style=\"text-align: center;\">Yarat\u0131c\u0131l\u0131k ve hayal g\u00fcc\u00fc bizim i\u00e7in sadece birer kavram de\u011fil; s\u0131n\u0131rlar\u0131 a\u015fan fikirlerin temelidir. S\u00f6z konusu yarat\u0131c\u0131l\u0131k oldu\u011funda, s\u0131n\u0131r tan\u0131may\u0131z \u2014 bizim limitimiz g\u00f6ky\u00fcz\u00fc bile de\u011fil, evrenin ta kendisidir.<\/p>\n\n\t\t<\/div>\n\t<\/div>\n<\/div><\/div><\/div><div class=\"wpb_column vc_column_container vc_col-sm-4\"><div class=\"vc_column-inner\"><div class=\"wpb_wrapper\"><div class=\"vc-hoverbox-wrapper vc_custom_1750772874470 vc-hoverbox-shape--square vc-hoverbox-align--center vc-hoverbox-direction--default vc-hoverbox-width--100\"  ontouchstart=\"\">\n  <div class=\"vc-hoverbox\">\n    <div class=\"vc-hoverbox-inner\">\n      <div class=\"vc-hoverbox-block vc-hoverbox-front\" style=\"background-image: url(https:\/\/nobelexpo.com\/wp-content\/uploads\/2025\/06\/kalite.png);\">\n        <div class=\"vc-hoverbox-block-inner vc-hoverbox-front-inner\">\n            \n        <\/div>\n      <\/div>\n      <div class=\"vc-hoverbox-block vc-hoverbox-back\" style=\"background-color: #ebebeb;\">\n        <div class=\"vc-hoverbox-block-inner vc-hoverbox-back-inner\">\n            <h2 style=\"text-align:center\">Kaliteden \u00f6d\u00fcn vermem, en kaliteli i\u015fi ben yapar\u0131m dersen, hemen ba\u015fvur!<\/h2>\n            \n            \n        <\/div>\n      <\/div>\n    <\/div>\n  <\/div>\n<\/div>\n\t<div class=\"wpb_text_column wpb_content_element\" >\n\t\t<div class=\"wpb_wrapper\">\n\t\t\t<h2 style=\"text-align: center;\"><strong>Kaliteye \u0130nan\u0131yoruz<\/strong><\/h2>\n<p style=\"text-align: center;\">Bizim i\u00e7in i\u015fin de\u011feri, onun ne kadar kaliteli yap\u0131ld\u0131\u011f\u0131yla \u00f6l\u00e7\u00fcl\u00fcr.<br data-start=\"560\" data-end=\"563\" \/>Detaylarda kaybolmaktan \u00e7ekinmeyiz \u00e7\u00fcnk\u00fc m\u00fckemmellik, ayr\u0131nt\u0131larda gizlidir.<\/p>\n\n\t\t<\/div>\n\t<\/div>\n<\/div><\/div><\/div><div class=\"wpb_column vc_column_container vc_col-sm-4\"><div class=\"vc_column-inner\"><div class=\"wpb_wrapper\"><div class=\"vc-hoverbox-wrapper vc_custom_1750772893060 vc-hoverbox-shape--square vc-hoverbox-align--center vc-hoverbox-direction--default vc-hoverbox-width--100\"  ontouchstart=\"\">\n  <div class=\"vc-hoverbox\">\n    <div class=\"vc-hoverbox-inner\">\n      <div class=\"vc-hoverbox-block vc-hoverbox-front\" style=\"background-image: url(https:\/\/nobelexpo.com\/wp-content\/uploads\/2025\/06\/iletisim2.png);\">\n        <div class=\"vc-hoverbox-block-inner vc-hoverbox-front-inner\">\n            \n        <\/div>\n      <\/div>\n      <div class=\"vc-hoverbox-block vc-hoverbox-back\" style=\"background-color: #ebebeb;\">\n        <div class=\"vc-hoverbox-block-inner vc-hoverbox-back-inner\">\n            <h2 style=\"text-align:center\">En sa\u011fl\u0131kl\u0131 i\u015f s\u00fcre\u00e7lerinin ileti\u015fimle ba\u015flad\u0131\u011f\u0131n\u0131 d\u00fc\u015f\u00fcn\u00fcyorsan, aram\u0131za kat\u0131l!<\/h2>\n            \n            \n        <\/div>\n      <\/div>\n    <\/div>\n  <\/div>\n<\/div>\n\t<div class=\"wpb_text_column wpb_content_element\" >\n\t\t<div class=\"wpb_wrapper\">\n\t\t\t<h2 style=\"text-align: center;\"><strong>\u0130leti\u015fime \u0130nan\u0131yoruz<\/strong><\/h2>\n<p style=\"text-align: center;\">\u0130yi bir fikir, do\u011fru ileti\u015fimle anlam kazan\u0131r. Biz, ileti\u015fimi sadece bir ara\u00e7 de\u011fil, ba\u015far\u0131ya giden yolun kendisi olarak g\u00f6r\u00fcyoruz. \u0130leti\u015fim kurmadan \u00e7al\u0131\u015fmay\u0131z; \u00e7\u00fcnk\u00fc biliyoruz ki g\u00fc\u00e7l\u00fc ekipler, a\u00e7\u0131k ileti\u015fimle kurulur.<\/p>\n\n\t\t<\/div>\n\t<\/div>\n<\/div><\/div><\/div><\/div><\/div><\/div><\/div><\/div>\n<\/div>","protected":false},"excerpt":{"rendered":"\u00c7OK \u00c7ALI\u015eIYORUZ. \u00c7OK E\u011eLEN\u0130YORUZ\u0130NSAN KAYNAKLARI POL\u0130T\u0130KAMIZ ARAMIZA KATILIN FARKLILI\u011eI VE \u00c7E\u015e\u0130TL\u0130L\u0130\u011e\u0130 HEP B\u0130RL\u0130KTE KUTLAYALIM! 01 E\u015fitlik \u0130\u015fe al\u0131mdan e\u011fitime, geli\u015fimden","protected":false},"author":1,"featured_media":0,"parent":0,"menu_order":0,"comment_status":"closed","ping_status":"closed","template":"","meta":{"_acf_changed":false,"footnotes":""},"class_list":["post-199","page","type-page","status-publish","hentry"],"acf":[],"yoast_head":"<!-- This site is optimized with the Yoast SEO plugin v25.8 - https:\/\/yoast.com\/wordpress\/plugins\/seo\/ -->\n<title>\u0130K Politikam\u0131z - Nobel Expo<\/title>\n<meta name=\"robots\" content=\"index, follow, max-snippet:-1, max-image-preview:large, max-video-preview:-1\" \/>\n<link rel=\"canonical\" href=\"https:\/\/nobelexpo.com\/tr\/ik-politikamiz-2\/\" \/>\n<meta property=\"og:locale\" content=\"tr_TR\" \/>\n<meta property=\"og:type\" content=\"article\" \/>\n<meta property=\"og:title\" content=\"\u0130K Politikam\u0131z - Nobel Expo\" \/>\n<meta property=\"og:url\" content=\"https:\/\/nobelexpo.com\/tr\/ik-politikamiz-2\/\" \/>\n<meta property=\"og:site_name\" content=\"Nobel Expo\" \/>\n<meta property=\"article:modified_time\" content=\"2025-06-27T06:46:46+00:00\" \/>\n<meta name=\"twitter:card\" content=\"summary_large_image\" \/>\n<meta name=\"twitter:label1\" content=\"Tahmini okuma s\u00fcresi\" \/>\n\t<meta name=\"twitter:data1\" content=\"6 dakika\" \/>\n<script type=\"application\/ld+json\" class=\"yoast-schema-graph\">{\"@context\":\"https:\/\/schema.org\",\"@graph\":[{\"@type\":\"WebPage\",\"@id\":\"https:\/\/nobelexpo.com\/ik-politikamiz-2\/\",\"url\":\"https:\/\/nobelexpo.com\/ik-politikamiz-2\/\",\"name\":\"\u0130K Politikam\u0131z - Nobel Expo\",\"isPartOf\":{\"@id\":\"https:\/\/nobelexpo.com\/#website\"},\"datePublished\":\"2025-06-15T15:09:36+00:00\",\"dateModified\":\"2025-06-27T06:46:46+00:00\",\"breadcrumb\":{\"@id\":\"https:\/\/nobelexpo.com\/ik-politikamiz-2\/#breadcrumb\"},\"inLanguage\":\"tr\",\"potentialAction\":[{\"@type\":\"ReadAction\",\"target\":[\"https:\/\/nobelexpo.com\/ik-politikamiz-2\/\"]}]},{\"@type\":\"BreadcrumbList\",\"@id\":\"https:\/\/nobelexpo.com\/ik-politikamiz-2\/#breadcrumb\",\"itemListElement\":[{\"@type\":\"ListItem\",\"position\":1,\"name\":\"Anasayfa\",\"item\":\"https:\/\/nobelexpo.com\/\"},{\"@type\":\"ListItem\",\"position\":2,\"name\":\"\u0130K Politikam\u0131z\"}]},{\"@type\":\"WebSite\",\"@id\":\"https:\/\/nobelexpo.com\/#website\",\"url\":\"https:\/\/nobelexpo.com\/\",\"name\":\"Nobel Expo\",\"description\":\"Gelece\u011fin Fuarlar\u0131na \u015eimdi Kat\u0131l\",\"potentialAction\":[{\"@type\":\"SearchAction\",\"target\":{\"@type\":\"EntryPoint\",\"urlTemplate\":\"https:\/\/nobelexpo.com\/?s={search_term_string}\"},\"query-input\":{\"@type\":\"PropertyValueSpecification\",\"valueRequired\":true,\"valueName\":\"search_term_string\"}}],\"inLanguage\":\"tr\"}]}<\/script>\n<!-- \/ Yoast SEO plugin. -->","yoast_head_json":{"title":"\u0130K Politikam\u0131z - Nobel Expo","robots":{"index":"index","follow":"follow","max-snippet":"max-snippet:-1","max-image-preview":"max-image-preview:large","max-video-preview":"max-video-preview:-1"},"canonical":"https:\/\/nobelexpo.com\/tr\/ik-politikamiz-2\/","og_locale":"tr_TR","og_type":"article","og_title":"\u0130K Politikam\u0131z - Nobel Expo","og_url":"https:\/\/nobelexpo.com\/tr\/ik-politikamiz-2\/","og_site_name":"Nobel Expo","article_modified_time":"2025-06-27T06:46:46+00:00","twitter_card":"summary_large_image","twitter_misc":{"Tahmini okuma s\u00fcresi":"6 dakika"},"schema":{"@context":"https:\/\/schema.org","@graph":[{"@type":"WebPage","@id":"https:\/\/nobelexpo.com\/ik-politikamiz-2\/","url":"https:\/\/nobelexpo.com\/ik-politikamiz-2\/","name":"\u0130K Politikam\u0131z - Nobel Expo","isPartOf":{"@id":"https:\/\/nobelexpo.com\/#website"},"datePublished":"2025-06-15T15:09:36+00:00","dateModified":"2025-06-27T06:46:46+00:00","breadcrumb":{"@id":"https:\/\/nobelexpo.com\/ik-politikamiz-2\/#breadcrumb"},"inLanguage":"tr","potentialAction":[{"@type":"ReadAction","target":["https:\/\/nobelexpo.com\/ik-politikamiz-2\/"]}]},{"@type":"BreadcrumbList","@id":"https:\/\/nobelexpo.com\/ik-politikamiz-2\/#breadcrumb","itemListElement":[{"@type":"ListItem","position":1,"name":"Anasayfa","item":"https:\/\/nobelexpo.com\/"},{"@type":"ListItem","position":2,"name":"\u0130K Politikam\u0131z"}]},{"@type":"WebSite","@id":"https:\/\/nobelexpo.com\/#website","url":"https:\/\/nobelexpo.com\/","name":"Nobel Expo","description":"Gelece\u011fin Fuarlar\u0131na \u015eimdi Kat\u0131l","potentialAction":[{"@type":"SearchAction","target":{"@type":"EntryPoint","urlTemplate":"https:\/\/nobelexpo.com\/?s={search_term_string}"},"query-input":{"@type":"PropertyValueSpecification","valueRequired":true,"valueName":"search_term_string"}}],"inLanguage":"tr"}]}},"_links":{"self":[{"href":"https:\/\/nobelexpo.com\/tr\/wp-json\/wp\/v2\/pages\/199","targetHints":{"allow":["GET"]}}],"collection":[{"href":"https:\/\/nobelexpo.com\/tr\/wp-json\/wp\/v2\/pages"}],"about":[{"href":"https:\/\/nobelexpo.com\/tr\/wp-json\/wp\/v2\/types\/page"}],"author":[{"embeddable":true,"href":"https:\/\/nobelexpo.com\/tr\/wp-json\/wp\/v2\/users\/1"}],"replies":[{"embeddable":true,"href":"https:\/\/nobelexpo.com\/tr\/wp-json\/wp\/v2\/comments?post=199"}],"version-history":[{"count":52,"href":"https:\/\/nobelexpo.com\/tr\/wp-json\/wp\/v2\/pages\/199\/revisions"}],"predecessor-version":[{"id":999,"href":"https:\/\/nobelexpo.com\/tr\/wp-json\/wp\/v2\/pages\/199\/revisions\/999"}],"wp:attachment":[{"href":"https:\/\/nobelexpo.com\/tr\/wp-json\/wp\/v2\/media?parent=199"}],"curies":[{"name":"wp","href":"https:\/\/api.w.org\/{rel}","templated":true}]}}