{"id":20,"date":"2025-06-14T16:03:20","date_gmt":"2025-06-14T16:03:20","guid":{"rendered":"https:\/\/nobel.websitesunum.com.tr\/?page_id=20"},"modified":"2025-07-10T07:38:22","modified_gmt":"2025-07-10T07:38:22","slug":"b2b-eslestirme","status":"publish","type":"page","link":"https:\/\/nobelexpo.com\/tr\/b2b-eslestirme\/","title":{"rendered":"B2B E\u015fle\u015ftirme"},"content":{"rendered":"<div class=\"wpb-content-wrapper\"><div id=\"b2b-in\" class=\"vc_row wpb_row vc_row-fluid wpb_animate_when_almost_visible wpb_wd-slide-from-bottom wd-slide-from-bottom vc_custom_1750775979529 wd-rs-685ab8a30544c\"><div class=\"wpb_column vc_column_container vc_col-sm-12\"><div class=\"vc_column-inner\"><div class=\"wpb_wrapper\">\n\t<div class=\"wpb_text_column wpb_content_element\" >\n\t\t<div class=\"wpb_wrapper\">\n\t\t\t<h1><strong>B2B E\u015fle\u015ftirme ve Al\u0131m Heyeti Program\u0131:<\/strong><\/h1>\n\n\t\t<\/div>\n\t<\/div>\n\n\t<div class=\"wpb_text_column wpb_content_element b2b-title2\" >\n\t\t<div class=\"wpb_wrapper\">\n\t\t\t<p class=\"font-weight-600 text-extra-dark-gray alt-font\">Nobel Expo\u2019nun \u00dcst\u00fcn Hizmetleri<\/p>\n\n\t\t<\/div>\n\t<\/div>\n\n\t<div class=\"wpb_text_column wpb_content_element b2b-desc\" >\n\t\t<div class=\"wpb_wrapper\">\n\t\t\t<p>Nobel Expo olarak bizler, ticaret fuarlar\u0131n\u0131n sadece bir noktaya odaklanmad\u0131\u011f\u0131n\u0131n pek\u00e2l\u00e2 fark\u0131nday\u0131z. \u0130\u015finizi b\u00fcy\u00fctmenize yard\u0131mc\u0131 olacak do\u011fru ba\u011flant\u0131lar\u0131 kurman\u0131z i\u00e7in geli\u015ftirdi\u011fimiz \u00fcst\u00fcn hizmetlerimizle, rekabette bir ad\u0131m \u00f6ne ge\u00e7menizi sa\u011fl\u0131yoruz. \u0130\u015fte tam da bu noktada devreye B2B e\u015fle\u015ftirme ve al\u0131m heyeti programlar\u0131m\u0131z giriyor. Nobel Expo\u2019nun Avrupa, Amerika, Asya ve Afrika olmak \u00fczere\u00a0<strong><a href=\"https:\/\/www.nobelexpo.com\/ofislerimiz.php\">4 ayr\u0131 k\u0131tada bulunan ticaret ofisleri<\/a><\/strong>\u00a0ve bu \u00fclkelerdeki ticari ata\u015feliklerle olan s\u0131k\u0131 ba\u011flar\u0131 sayesinde kendinize d\u00fcnyan\u0131n d\u00f6rt bir yan\u0131ndan m\u00fc\u015fteri bulabileceksiniz.<\/p>\n\n\t\t<\/div>\n\t<\/div>\n<\/div><\/div><\/div><\/div><div id=\"row-c\" class=\"vc_row wpb_row vc_row-fluid wpb_animate_when_almost_visible wpb_wd-slide-from-bottom wd-slide-from-bottom vc_custom_1750775987063 vc_row-has-fill wd-rs-685ab89e81a73 wd-section-stretch\"><div class=\"wpb_column vc_column_container vc_col-sm-12\"><div class=\"vc_column-inner\"><div class=\"wpb_wrapper\"><div class=\"vc_icon_element vc_icon_element-outer vc_do_icon vc_icon_element-align-center\"><div class=\"vc_icon_element-inner vc_icon_element-color-custom vc_icon_element-size-lg vc_icon_element-style- vc_icon_element-background-color-grey\" ><span class=\"vc_icon_element-icon fa fa-solid fa-quote-left\" style=\"color:#EE7202 !important\"><\/span><\/div><\/div>\n\t<div class=\"wpb_text_column wpb_content_element\" >\n\t\t<div class=\"wpb_wrapper\">\n\t\t\t<h5 style=\"text-align: center;\"><strong>\u2018C-Level\u2019<\/strong> ya da karar alma yetkisine sahip y\u00f6neticilerle ger\u00e7ekle\u015ftirece\u011finiz B2B toplant\u0131lar\u0131yla,<br \/>\n<strong>ticari hedeflerinize daha kolay<\/strong> ula\u015facaks\u0131n\u0131z.<\/h5>\n\n\t\t<\/div>\n\t<\/div>\n<div class=\"vc_icon_element vc_icon_element-outer vc_do_icon vc_icon_element-align-center\"><div class=\"vc_icon_element-inner vc_icon_element-color-custom vc_icon_element-size-lg vc_icon_element-style- vc_icon_element-background-color-grey\" ><span class=\"vc_icon_element-icon fa fa-solid fa-quote-right\" style=\"color:#EE7202 !important\"><\/span><\/div><\/div><\/div><\/div><\/div><\/div><div id=\"row-gorselke\" class=\"vc_row wpb_row vc_row-fluid wpb_animate_when_almost_visible wpb_wd-slide-from-bottom wd-slide-from-bottom wd-rs-685ab8b23a43d wd-section-stretch-content-no-pd\"><div class=\"wpb_column vc_column_container vc_col-sm-6\"><div class=\"vc_column-inner\"><div class=\"wpb_wrapper\">\t\t<div id=\"wd-685aa8d0a2bc4\" class=\"wd-image wd-wpb wd-rs-685aa8d0a2bc4 text-center \">\n\t\t\t\n\t\t\t<img loading=\"lazy\" decoding=\"async\" width=\"847\" height=\"702\" src=\"https:\/\/nobelexpo.com\/wp-content\/uploads\/2025\/06\/PHOTO-2025-06-24-11-09-13.jpg\" class=\"attachment-full size-full\" alt=\"\" srcset=\"https:\/\/nobelexpo.com\/wp-content\/uploads\/2025\/06\/PHOTO-2025-06-24-11-09-13.jpg 847w, https:\/\/nobelexpo.com\/wp-content\/uploads\/2025\/06\/PHOTO-2025-06-24-11-09-13-300x249.jpg 300w, https:\/\/nobelexpo.com\/wp-content\/uploads\/2025\/06\/PHOTO-2025-06-24-11-09-13-768x637.jpg 768w, https:\/\/nobelexpo.com\/wp-content\/uploads\/2025\/06\/PHOTO-2025-06-24-11-09-13-500x414.jpg 500w, https:\/\/nobelexpo.com\/wp-content\/uploads\/2025\/06\/PHOTO-2025-06-24-11-09-13-800x663.jpg 800w\" sizes=\"auto, (max-width: 847px) 100vw, 847px\" \/>\n\t\t\t\t\t<\/div>\n\t\t<\/div><\/div><\/div><div class=\"wpb_column vc_column_container vc_col-sm-6\"><div class=\"vc_column-inner\"><div class=\"wpb_wrapper\">\n\t\t\t<div id=\"carousel-621\" class=\"wd-carousel-container banners-carousel-wrapper   wd-rs-68594a5561fe6\">\n\t\t\t\t<div class=\"wd-carousel-inner\">\n\t\t\t\t\t<div class=\"wd-carousel wd-grid banners-carousel \" data-speed=\"5000\" data-autoplay=\"yes\" data-scroll_per_page=\"yes\" style=\"--wd-col-lg:1;--wd-col-md:1;--wd-col-sm:1;--wd-gap-lg:30px;--wd-gap-sm:10px;\">\n\t\t\t\t\t\t<div class=\"wd-carousel-wrap\">\n\t\t\t\t\t\t\t\t\t<div class=\"promo-banner-wrapper  wd-rs-686f6cff55c46  wd-carousel-item\">\n\t\t\t<div id=\"wd-686f6cff55c46\" class=\"promo-banner  banner-mask banner-hover-zoom color-scheme-light banner-btn-size-default banner-btn-style-default wd-width-enabled  with-btn banner-btn-position-static wd-with-link wd-underline-colored\" style=\"--wd-max-width: 80%;\">\n\t\t\t\t<div class=\"main-wrapp-img\">\n\t\t\t\t\t<div class=\"banner-image wd-bg-position-center\" >\n\t\t\t\t\t\t<img loading=\"lazy\" decoding=\"async\" width=\"1000\" height=\"1000\" src=\"https:\/\/nobelexpo.com\/wp-content\/uploads\/2025\/06\/b2b.webp\" class=\"attachment-full size-full\" alt=\"\" \/>\t\t\t\t\t<\/div>\n\t\t\t\t<\/div>\n\n\t\t\t\t<div class=\"wrapper-content-banner wd-fill  wd-items-middle wd-justify-center\">\n\t\t\t\t\t<div class=\"content-banner  text-center\">\n\t\t\t\t\t\t<div class=\"banner-subtitle subtitle-color-default subtitle-style-default wd-fontsize-xs wd-font-weight-\">01<\/div><h4 class=\"banner-title wd-font-weight- wd-fontsize-l\">EN DO\u011eRU M\u00dc\u015eTER\u0130LER S\u0130ZE GELS\u0130N<\/h4>\t\t\t\t\t\t\t\t\t\t\t\t\t<div class=\"banner-inner reset-last-child \">\n\t\t\t\t\t\t\t\t<\/p>\n<h3 style=\"text-align: center;\">B2B E\u015fle\u015ftirme<\/h3>\n<p style=\"text-align: center;\">Nobel Expo olarak, fuarc\u0131l\u0131\u011f\u0131n sadece alan kiralamaktan ibaret olmad\u0131\u011f\u0131n\u0131n bilincindeyiz. \u0130\u015finizi b\u00fcy\u00fctmenize katk\u0131 sa\u011flayacak do\u011fru ba\u011flant\u0131lar\u0131 kurman\u0131z i\u00e7in geli\u015ftirdi\u011fimiz B2B e\u015fle\u015ftirme ve al\u0131m heyeti programlar\u0131m\u0131zla, kat\u0131l\u0131mc\u0131lar\u0131m\u0131z\u0131 ger\u00e7ek ticaret f\u0131rsatlar\u0131yla bulu\u015fturuyoruz.<\/p>\n<p>\n\t\t\t\t\t\t\t<\/div>\n\t\t\t\t\t\t\n\t\t\t\t\t\t\n\t\t\t\t\t\t<div class=\"banner-btn-wrapper\"><div id=\"wd-69de1d95819fc\" class=\"  wd-button-wrapper text-center\"><a href=\"\/hizmetlerimiz\" title=\"\" class=\"btn btn-color-primary btn-style-default btn-shape-rectangle btn-size-default\">Hizmetlerimiz<\/a><\/div><\/div>\t\t\t\t\t<\/div>\n\t\t\t\t<\/div>\n\n\t\t\t\t\t\t\t\t\t<a class=\"wd-promo-banner-link wd-fill\" aria-label=\"Banner ba\u011flant\u0131s\u0131\" href=\"\/hizmetlerimiz\" title=\"\"><\/a>\n\t\t\t\t\n\t\t\t\t\t\t\t<\/div>\n\t\t<\/div>\n\n\t\t\t\t<div class=\"promo-banner-wrapper  wd-rs-686f6dd610c0f  wd-carousel-item\">\n\t\t\t<div id=\"wd-686f6dd610c0f\" class=\"promo-banner  banner-mask banner-hover-zoom color-scheme-light banner-btn-size-default banner-btn-style-default wd-width-enabled  with-btn banner-btn-position-static wd-with-link wd-underline-colored\" style=\"--wd-max-width: 80%;\">\n\t\t\t\t<div class=\"main-wrapp-img\">\n\t\t\t\t\t<div class=\"banner-image wd-bg-position-center\" >\n\t\t\t\t\t\t<img loading=\"lazy\" decoding=\"async\" width=\"1000\" height=\"1000\" src=\"https:\/\/nobelexpo.com\/wp-content\/uploads\/2025\/06\/b2b.webp\" class=\"attachment-full size-full\" alt=\"\" \/>\t\t\t\t\t<\/div>\n\t\t\t\t<\/div>\n\n\t\t\t\t<div class=\"wrapper-content-banner wd-fill  wd-items-middle wd-justify-center\">\n\t\t\t\t\t<div class=\"content-banner  text-center\">\n\t\t\t\t\t\t<div class=\"banner-subtitle subtitle-color-default subtitle-style-default wd-fontsize-xs wd-font-weight-\">02<\/div><h4 class=\"banner-title wd-font-weight- wd-fontsize-l\">STANDINIZ H\u0130\u00c7 BO\u015e KALMAYACAK<\/h4>\t\t\t\t\t\t\t\t\t\t\t\t\t<div class=\"banner-inner reset-last-child \">\n\t\t\t\t\t\t\t\t<\/p>\n<h3 style=\"text-align: center;\">ALIM HEYET\u0130 PROGRAMI<\/h3>\n<p style=\"text-align: center;\">Avrupa, Amerika, Asya ve Afrika\u2019daki ticaret ofislerimiz ve bu b\u00f6lgelerdeki ticari ata\u015feliklerle kurdu\u011fumuz g\u00fc\u00e7l\u00fc i\u015f birlikleri sayesinde, d\u00fcnyan\u0131n d\u00f6rt bir yan\u0131ndan al\u0131c\u0131larla sizi ayn\u0131 platformda bir araya getiriyoruz. Nobel Expo\u2019nun uluslararas\u0131 a\u011f\u0131 sayesinde rekabette bir ad\u0131m \u00f6ne ge\u00e7in, global pazarlara g\u00fcvenle a\u00e7\u0131l\u0131n.<\/p>\n<p>\n\t\t\t\t\t\t\t<\/div>\n\t\t\t\t\t\t\n\t\t\t\t\t\t\n\t\t\t\t\t\t<div class=\"banner-btn-wrapper\"><div id=\"wd-69de1d9581ba8\" class=\"  wd-button-wrapper text-center\"><a href=\"\/hizmetlerimiz\" title=\"\" class=\"btn btn-color-primary btn-style-default btn-shape-rectangle btn-size-default\">Hizmetlerimiz<\/a><\/div><\/div>\t\t\t\t\t<\/div>\n\t\t\t\t<\/div>\n\n\t\t\t\t\t\t\t\t\t<a class=\"wd-promo-banner-link wd-fill\" aria-label=\"Banner ba\u011flant\u0131s\u0131\" href=\"\/hizmetlerimiz\" title=\"\"><\/a>\n\t\t\t\t\n\t\t\t\t\t\t\t<\/div>\n\t\t<\/div>\n\n\t\t\t\t\t\t\t\t<\/div>\n\t\t\t\t\t<\/div>\n\n\t\t\t\t\t\t\t\t\t\t\t\t\t<div class=\"wd-nav-arrows wd-pos-sep wd-hover-1 wd-icon-1\">\n\t\t\t<div class=\"wd-btn-arrow wd-prev wd-disabled\">\n\t\t\t\t<div class=\"wd-arrow-inner\"><\/div>\n\t\t\t<\/div>\n\t\t\t<div class=\"wd-btn-arrow wd-next\">\n\t\t\t\t<div class=\"wd-arrow-inner\"><\/div>\n\t\t\t<\/div>\n\t\t<\/div>\n\t\t\t\t\t\t\t\t\t\t\t<\/div>\n\n\t\t\t\t\t\t\t\t\t\t\t<\/div>\n\n\t\t<\/div><\/div><\/div><\/div>\n<\/div>","protected":false},"excerpt":{"rendered":"B2B E\u015fle\u015ftirme ve Al\u0131m Heyeti Program\u0131: Nobel Expo\u2019nun \u00dcst\u00fcn Hizmetleri Nobel Expo olarak bizler, ticaret fuarlar\u0131n\u0131n sadece bir noktaya odaklanmad\u0131\u011f\u0131n\u0131n","protected":false},"author":1,"featured_media":0,"parent":0,"menu_order":0,"comment_status":"closed","ping_status":"closed","template":"","meta":{"_acf_changed":false,"footnotes":""},"class_list":["post-20","page","type-page","status-publish","hentry"],"acf":[],"yoast_head":"<!-- This site is optimized with the Yoast SEO plugin v25.8 - https:\/\/yoast.com\/wordpress\/plugins\/seo\/ -->\n<title>B2B E\u015fle\u015ftirme - Nobel Expo<\/title>\n<meta name=\"robots\" content=\"index, follow, max-snippet:-1, max-image-preview:large, max-video-preview:-1\" \/>\n<link rel=\"canonical\" href=\"https:\/\/nobelexpo.com\/tr\/b2b-eslestirme\/\" \/>\n<meta property=\"og:locale\" content=\"tr_TR\" \/>\n<meta property=\"og:type\" content=\"article\" \/>\n<meta property=\"og:title\" content=\"B2B E\u015fle\u015ftirme - Nobel Expo\" \/>\n<meta property=\"og:url\" content=\"https:\/\/nobelexpo.com\/tr\/b2b-eslestirme\/\" \/>\n<meta property=\"og:site_name\" content=\"Nobel Expo\" \/>\n<meta property=\"article:modified_time\" content=\"2025-07-10T07:38:22+00:00\" \/>\n<meta name=\"twitter:card\" content=\"summary_large_image\" \/>\n<meta name=\"twitter:label1\" content=\"Tahmini okuma s\u00fcresi\" \/>\n\t<meta name=\"twitter:data1\" content=\"6 dakika\" \/>\n<script type=\"application\/ld+json\" class=\"yoast-schema-graph\">{\"@context\":\"https:\/\/schema.org\",\"@graph\":[{\"@type\":\"WebPage\",\"@id\":\"https:\/\/nobelexpo.com\/b2b-eslestirme\/\",\"url\":\"https:\/\/nobelexpo.com\/b2b-eslestirme\/\",\"name\":\"B2B E\u015fle\u015ftirme - Nobel Expo\",\"isPartOf\":{\"@id\":\"https:\/\/nobelexpo.com\/#website\"},\"datePublished\":\"2025-06-14T16:03:20+00:00\",\"dateModified\":\"2025-07-10T07:38:22+00:00\",\"breadcrumb\":{\"@id\":\"https:\/\/nobelexpo.com\/b2b-eslestirme\/#breadcrumb\"},\"inLanguage\":\"tr\",\"potentialAction\":[{\"@type\":\"ReadAction\",\"target\":[\"https:\/\/nobelexpo.com\/b2b-eslestirme\/\"]}]},{\"@type\":\"BreadcrumbList\",\"@id\":\"https:\/\/nobelexpo.com\/b2b-eslestirme\/#breadcrumb\",\"itemListElement\":[{\"@type\":\"ListItem\",\"position\":1,\"name\":\"Anasayfa\",\"item\":\"https:\/\/nobelexpo.com\/\"},{\"@type\":\"ListItem\",\"position\":2,\"name\":\"B2B E\u015fle\u015ftirme\"}]},{\"@type\":\"WebSite\",\"@id\":\"https:\/\/nobelexpo.com\/#website\",\"url\":\"https:\/\/nobelexpo.com\/\",\"name\":\"Nobel Expo\",\"description\":\"Gelece\u011fin Fuarlar\u0131na \u015eimdi Kat\u0131l\",\"potentialAction\":[{\"@type\":\"SearchAction\",\"target\":{\"@type\":\"EntryPoint\",\"urlTemplate\":\"https:\/\/nobelexpo.com\/?s={search_term_string}\"},\"query-input\":{\"@type\":\"PropertyValueSpecification\",\"valueRequired\":true,\"valueName\":\"search_term_string\"}}],\"inLanguage\":\"tr\"}]}<\/script>\n<!-- \/ Yoast SEO plugin. -->","yoast_head_json":{"title":"B2B E\u015fle\u015ftirme - Nobel Expo","robots":{"index":"index","follow":"follow","max-snippet":"max-snippet:-1","max-image-preview":"max-image-preview:large","max-video-preview":"max-video-preview:-1"},"canonical":"https:\/\/nobelexpo.com\/tr\/b2b-eslestirme\/","og_locale":"tr_TR","og_type":"article","og_title":"B2B E\u015fle\u015ftirme - Nobel Expo","og_url":"https:\/\/nobelexpo.com\/tr\/b2b-eslestirme\/","og_site_name":"Nobel Expo","article_modified_time":"2025-07-10T07:38:22+00:00","twitter_card":"summary_large_image","twitter_misc":{"Tahmini okuma s\u00fcresi":"6 dakika"},"schema":{"@context":"https:\/\/schema.org","@graph":[{"@type":"WebPage","@id":"https:\/\/nobelexpo.com\/b2b-eslestirme\/","url":"https:\/\/nobelexpo.com\/b2b-eslestirme\/","name":"B2B E\u015fle\u015ftirme - Nobel Expo","isPartOf":{"@id":"https:\/\/nobelexpo.com\/#website"},"datePublished":"2025-06-14T16:03:20+00:00","dateModified":"2025-07-10T07:38:22+00:00","breadcrumb":{"@id":"https:\/\/nobelexpo.com\/b2b-eslestirme\/#breadcrumb"},"inLanguage":"tr","potentialAction":[{"@type":"ReadAction","target":["https:\/\/nobelexpo.com\/b2b-eslestirme\/"]}]},{"@type":"BreadcrumbList","@id":"https:\/\/nobelexpo.com\/b2b-eslestirme\/#breadcrumb","itemListElement":[{"@type":"ListItem","position":1,"name":"Anasayfa","item":"https:\/\/nobelexpo.com\/"},{"@type":"ListItem","position":2,"name":"B2B E\u015fle\u015ftirme"}]},{"@type":"WebSite","@id":"https:\/\/nobelexpo.com\/#website","url":"https:\/\/nobelexpo.com\/","name":"Nobel Expo","description":"Gelece\u011fin Fuarlar\u0131na \u015eimdi Kat\u0131l","potentialAction":[{"@type":"SearchAction","target":{"@type":"EntryPoint","urlTemplate":"https:\/\/nobelexpo.com\/?s={search_term_string}"},"query-input":{"@type":"PropertyValueSpecification","valueRequired":true,"valueName":"search_term_string"}}],"inLanguage":"tr"}]}},"_links":{"self":[{"href":"https:\/\/nobelexpo.com\/tr\/wp-json\/wp\/v2\/pages\/20","targetHints":{"allow":["GET"]}}],"collection":[{"href":"https:\/\/nobelexpo.com\/tr\/wp-json\/wp\/v2\/pages"}],"about":[{"href":"https:\/\/nobelexpo.com\/tr\/wp-json\/wp\/v2\/types\/page"}],"author":[{"embeddable":true,"href":"https:\/\/nobelexpo.com\/tr\/wp-json\/wp\/v2\/users\/1"}],"replies":[{"embeddable":true,"href":"https:\/\/nobelexpo.com\/tr\/wp-json\/wp\/v2\/comments?post=20"}],"version-history":[{"count":78,"href":"https:\/\/nobelexpo.com\/tr\/wp-json\/wp\/v2\/pages\/20\/revisions"}],"predecessor-version":[{"id":1249,"href":"https:\/\/nobelexpo.com\/tr\/wp-json\/wp\/v2\/pages\/20\/revisions\/1249"}],"wp:attachment":[{"href":"https:\/\/nobelexpo.com\/tr\/wp-json\/wp\/v2\/media?parent=20"}],"curies":[{"name":"wp","href":"https:\/\/api.w.org\/{rel}","templated":true}]}}