{"id":2381,"date":"2025-09-06T08:42:26","date_gmt":"2025-09-06T08:42:26","guid":{"rendered":"https:\/\/nobelexpo.com\/?page_id=2381"},"modified":"2025-09-06T08:42:53","modified_gmt":"2025-09-06T08:42:53","slug":"gizlilik-politikasi","status":"publish","type":"page","link":"https:\/\/nobelexpo.com\/tr\/gizlilik-politikasi\/","title":{"rendered":"Gizlilik Politikas\u0131"},"content":{"rendered":"<div class=\"modal-header\">\n<div class=\"modal-header\">\n<h5 id=\"exampleModalGizlilikLabel\" class=\"modal-title\">Gizlilik Politikas\u0131<\/h5>\n<p>&nbsp;<\/p>\n<\/div>\n<div class=\"modal-body\">\n<p>Nobel Expo\u2019ya Ho\u015f Geldiniz! Nobel Expo Uluslararas\u0131 Fuarc\u0131l\u0131k A.\u015e. olarak www.nobelexpo.com web sitesini ziyaret edenlerin gizlilik haklar\u0131n\u0131 \u00f6n planda tutmay\u0131 ilke olarak benimsemekteyiz. Nobel Expo olarak, ki\u015fisel bilgilerinizin saklanmas\u0131 ve g\u00fcvenli\u011fi konusunda sorumlu bir \u015firket olarak, bilgilerinizin kaybolmas\u0131n\u0131 veya de\u011fi\u015ftirilmesini \u00f6nlemek ve g\u00fcvenli bir \u015fekilde saklamak i\u00e7in gerekli \u00f6nlemleri almaktay\u0131z; bu ama\u00e7la teknik ve yaz\u0131l\u0131msal i\u015flemler ger\u00e7ekle\u015ftirmekteyiz. Web sitemiz, kullan\u0131c\u0131lar\u0131m\u0131za daha do\u011fru bilgiler sunmak i\u00e7in, bizim kadar g\u00fcvenilir oldu\u011funu d\u00fc\u015f\u00fcnd\u00fc\u011f\u00fcm\u00fcz sitelere y\u00f6nlendirme ba\u011flant\u0131lar\u0131 i\u00e7erebilir. Ancak, Nobel Expo, ilgili sitelerin gizlilik politikalar\u0131 veya i\u00e7erikleri konusunda sorumlu tutulamaz. Web sitemizi kullanman\u0131z, gizlilik politikam\u0131z\u0131 okudu\u011funuzu, anlad\u0131\u011f\u0131n\u0131z\u0131 ve kabul etti\u011finizi g\u00f6sterir. Adli veya idari mercilerden gelebilecek i\u015f birli\u011fi talepleri durumunda, ilgili yasa ve y\u00f6netmeliklere uygun olarak ki\u015fisel bilgilerinizi payla\u015fabiliriz.<\/p>\n<p>Ki\u015fisel olmayan bilgiler, anonim ve sizi ki\u015fisel olarak tan\u0131mlamayan bilgilerdir. Bu bilgiler sunucular\u0131m\u0131zda otomatik olarak depolan\u0131r. Bu veriler aras\u0131nda ger\u00e7ek ad\u0131n\u0131z, adresiniz, telefon numaran\u0131z, e-posta adresiniz, \u0130nternet Servis sa\u011flay\u0131c\u0131n\u0131z\u0131n ad\u0131, IP adresiniz, web taray\u0131c\u0131 yaz\u0131l\u0131m\u0131n\u0131z\u0131n versiyonu, eri\u015filen bilgisayar\u0131n i\u015fletim sistemi, bizi y\u00f6nlendiren web sitesi, sitemizi ziyaret ederken gezindi\u011finiz siteler ve sitemizi bulmak i\u00e7in kulland\u0131\u011f\u0131n\u0131z arama terimleri bulunabilir.<\/p>\n<p>Nobel Expo olarak, sizin \u00f6nceden onay\u0131n\u0131z al\u0131narak Nobel Expo\u2019nun ticari faaliyetleri hakk\u0131nda bilgilendirme ama\u00e7l\u0131 e-b\u00fclten g\u00f6nderimi yapabiliriz. \u00d6nceden onayl\u0131 e-posta sistemimize kat\u0131lmay\u0131 se\u00e7ti\u011finizde, ba\u011fl\u0131 ortakl\u0131klar\u0131m\u0131z da ilginizi \u00e7ekebilecek etkinlikler, \u00fcr\u00fcnler veya hizmetlerin duyurular\u0131n\u0131 g\u00f6nderebilirler. Ayr\u0131ca, istedi\u011finiz zaman hi\u00e7bir neden belirtmeksizin\u00a0<a href=\"mail:info@nobelexpo.com\">info@nobelexpo.com<\/a>\u00a0adresi \u00fczerinden bize ula\u015farak e-b\u00fclten aboneli\u011finden ayr\u0131labilirsiniz.<\/p>\n<p>Nobel Expo olarak, taraf\u0131n\u0131zdan beyan edilen bilgilerinizin i\u015fleme amac\u0131 d\u0131\u015f\u0131nda kullan\u0131lmayaca\u011f\u0131n\u0131, r\u0131zan\u0131z olmadan veya ilgili mevzuatta \u00f6ng\u00f6r\u00fclen ba\u015fka bir sebep olmadan \u00fc\u00e7\u00fcnc\u00fc taraflara aktar\u0131lmayaca\u011f\u0131n\u0131, kanuni veya hizmet\/s\u00f6zle\u015fme gereklilikleri durumunda Nobel Expo\u2019nun i\u015f birli\u011fi yapt\u0131\u011f\u0131 veya yasal olarak y\u00fck\u00fcml\u00fc oldu\u011fu kamu kurumlar\u0131 ve kurulu\u015flar\u0131 ile T\u00fcrkiye\u2019de veya yurtd\u0131\u015f\u0131nda bulunan \u00fc\u00e7\u00fcnc\u00fc taraf hizmet sa\u011flay\u0131c\u0131lar\u0131 ve tedarik\u00e7i firmalarla payla\u015f\u0131labilece\u011fini, kanuni veya hizmet\/s\u00f6zle\u015fme gereklilikleri durumunda yurtd\u0131\u015f\u0131na aktar\u0131labilece\u011fini de dahil olmak \u00fczere i\u015flenmesine, bu konuda teredd\u00fct etmeyecek \u015fekilde bilgilendirildi\u011finizi, ayd\u0131nlat\u0131lm\u0131\u015f a\u00e7\u0131k r\u0131zan\u0131zla onay verdi\u011finizi, Nobel Expo\u2019nun size 6698 say\u0131l\u0131 yasa kapsam\u0131nda gerekli a\u00e7\u0131klamalar\u0131 yapt\u0131\u011f\u0131n\u0131 ve bu yasadan kaynaklanan haklara ili\u015fkin size bilgi verdi\u011fini kabul etmektesiniz.<\/p>\n<p>Nobel Expo olarak, taraf\u0131n\u0131zdan beyan edilen bilgilerinizin i\u015fleme amac\u0131 d\u0131\u015f\u0131nda kullan\u0131lmayaca\u011f\u0131n\u0131, r\u0131zan\u0131z olmadan veya ilgili mevzuatta \u00f6ng\u00f6r\u00fclen ba\u015fka bir sebep olmadan \u00fc\u00e7\u00fcnc\u00fc taraflara aktar\u0131lmayaca\u011f\u0131n\u0131, kanuni veya hizmet\/s\u00f6zle\u015fme gereklilikleri durumunda Nobel Expo\u2019nun i\u015f birli\u011fi yapt\u0131\u011f\u0131 veya yasal olarak y\u00fck\u00fcml\u00fc oldu\u011fu kamu kurumlar\u0131 ve kurulu\u015flar\u0131 ile T\u00fcrkiye\u2019de veya yurtd\u0131\u015f\u0131nda bulunan \u00fc\u00e7\u00fcnc\u00fc taraf hizmet sa\u011flay\u0131c\u0131lar\u0131 ve tedarik\u00e7i firmalarla payla\u015f\u0131labilece\u011fini, kanuni veya hizmet\/s\u00f6zle\u015fme gereklilikleri durumunda yurtd\u0131\u015f\u0131na aktar\u0131labilece\u011fini de dahil olmak \u00fczere i\u015flenmesine, bu konuda teredd\u00fct etmeyecek \u015fekilde bilgilendirildi\u011finizi, ayd\u0131nlat\u0131lm\u0131\u015f a\u00e7\u0131k r\u0131zan\u0131zla onay verdi\u011finizi, Nobel Expo\u2019nun size 6698 say\u0131l\u0131 yasa kapsam\u0131nda gerekli a\u00e7\u0131klamalar\u0131 yapt\u0131\u011f\u0131n\u0131 ve bu yasadan kaynaklanan haklara ili\u015fkin size bilgi verdi\u011fini kabul etmektesiniz.<\/p>\n<p>Fuar ad\u0131na, kay\u0131t s\u0131ras\u0131nda elde etti\u011fimiz t\u00fcm ki\u015fisel bilgilerinizi Nobel Expo veritaban\u0131nda toplayaca\u011f\u0131m\u0131z\u0131 ve Nobel Expo veya \u00fc\u00e7\u00fcnc\u00fc taraflar taraf\u0131ndan promosyon, e-b\u00fclten g\u00f6nderimi, \u00e7a\u011fr\u0131 merkezi aramalar\u0131, SMS g\u00f6nderimi ve hedefli pazarlama ama\u00e7lar\u0131yla kullan\u0131labilece\u011fini kabul etmektesiniz. Verilerinizin de\u011fi\u015ftirilmesi veya d\u00fczeltilmesi taleplerinizi Pazarlama Departman\u0131, Nobel Expo, Ye\u015filk\u00f6y, \u0130stanbul D\u00fcnya Ticaret Merkezi, Atat\u00fcrk Caddesi A2 Blok No:14 K:4 Ofis No:182, 34149 \u0130stanbul adresine veya\u00a0<a href=\"mail:info@nobelexpo.com\">info@nobelexpo.com<\/a>\u00a0e-posta adresine iletebilirsiniz.<\/p>\n<p>G\u00fcvenlik nedenleriyle su\u00e7lar\u0131 \u00f6nlemek ve tespit etmek amac\u0131yla t\u00fcm fuar alan\u0131 kapal\u0131 devre kamera sistemiyle kaydedilmektedir.<\/p>\n<h4>\u00c7erezler (Cookies)<\/h4>\n<p>\u00c7erezler, web sitelerinin s\u00fcrekli kullan\u0131c\u0131lar\u0131 tan\u0131mas\u0131na ve kullan\u0131c\u0131lar\u0131n siteye giri\u015flerini kolayla\u015ft\u0131rmak, sitelerin i\u00e7eri\u011fini iyile\u015ftirmek ve geli\u015ftirmek i\u00e7in kullan\u0131c\u0131lar\u0131n bilgisayarlar\u0131na g\u00f6nderilen ve orada depolanan k\u00fc\u00e7\u00fck metin dosyalar\u0131d\u0131r. \u00c7erezler, size ihtiya\u00e7lar\u0131n\u0131za ve ilgi alanlar\u0131n\u0131za uygun \u00f6zg\u00fcn hizmetler veya bilgiler sunmak amac\u0131yla kullan\u0131lmaktad\u0131r.<\/p>\n<p>Web sitemizde kullan\u0131lan \u00e7erezler arac\u0131l\u0131\u011f\u0131yla taraf\u0131m\u0131za iletilen bilgiler, herhangi bir promosyon amac\u0131yla kullan\u0131lmamaktad\u0131r. Nobel Expo Uluslararas\u0131 Fuarc\u0131l\u0131k A.\u015e., \u00e7erezler vas\u0131tas\u0131yla sitemizin kullan\u0131labilirli\u011fini ve etkinli\u011fini iyile\u015ftirmek i\u00e7in kullan\u0131m \u015fekillerini izlemektedir. Bu bilgiler kesinlikle \u00fc\u00e7\u00fcnc\u00fc taraflarla payla\u015f\u0131lmaz veya sat\u0131lmaz. \u0130nternet taray\u0131c\u0131n\u0131z\u0131n gerektirdi\u011fi ayarlar\u0131 yaparak \u00f6nceden y\u00fcklenmi\u015f \u00e7erezleri silebilir veya gelecekte y\u00fcklenecek \u00e7erezleri engelleyebilirsiniz.<\/p>\n<p>Bize\u00a0<a href=\"mail:info@nobelexpo.com\">info@nobelexpo.com<\/a>\u00a0\u00fczerinden de ula\u015farak bu konuda daha fazla bilgi alabilirsiniz.<\/p>\n<\/div>\n<\/div>\n","protected":false},"excerpt":{"rendered":"<p>Gizlilik Politikas\u0131 &nbsp; Nobel Expo\u2019ya Ho\u015f Geldiniz! Nobel Expo Uluslararas\u0131 Fuarc\u0131l\u0131k A.\u015e. olarak www.nobelexpo.com web sitesini ziyaret edenlerin gizlilik haklar\u0131n\u0131<\/p>\n","protected":false},"author":1,"featured_media":0,"parent":0,"menu_order":0,"comment_status":"closed","ping_status":"closed","template":"","meta":{"_acf_changed":false,"footnotes":""},"class_list":["post-2381","page","type-page","status-publish","hentry"],"acf":[],"yoast_head":"<!-- This site is optimized with the Yoast SEO plugin v25.8 - https:\/\/yoast.com\/wordpress\/plugins\/seo\/ -->\n<title>Gizlilik Politikas\u0131 - Nobel Expo<\/title>\n<meta name=\"robots\" content=\"index, follow, max-snippet:-1, max-image-preview:large, max-video-preview:-1\" \/>\n<link rel=\"canonical\" href=\"https:\/\/nobelexpo.com\/tr\/gizlilik-politikasi\/\" \/>\n<meta property=\"og:locale\" content=\"tr_TR\" \/>\n<meta property=\"og:type\" content=\"article\" \/>\n<meta property=\"og:title\" content=\"Gizlilik Politikas\u0131 - Nobel Expo\" \/>\n<meta property=\"og:description\" content=\"Gizlilik Politikas\u0131 &nbsp; Nobel Expo\u2019ya Ho\u015f Geldiniz! Nobel Expo Uluslararas\u0131 Fuarc\u0131l\u0131k A.\u015e. olarak www.nobelexpo.com web sitesini ziyaret edenlerin gizlilik haklar\u0131n\u0131\" \/>\n<meta property=\"og:url\" content=\"https:\/\/nobelexpo.com\/tr\/gizlilik-politikasi\/\" \/>\n<meta property=\"og:site_name\" content=\"Nobel Expo\" \/>\n<meta property=\"article:modified_time\" content=\"2025-09-06T08:42:53+00:00\" \/>\n<meta name=\"twitter:card\" content=\"summary_large_image\" \/>\n<meta name=\"twitter:label1\" content=\"Tahmini okuma s\u00fcresi\" \/>\n\t<meta name=\"twitter:data1\" content=\"3 dakika\" \/>\n<script type=\"application\/ld+json\" class=\"yoast-schema-graph\">{\"@context\":\"https:\/\/schema.org\",\"@graph\":[{\"@type\":\"WebPage\",\"@id\":\"https:\/\/nobelexpo.com\/gizlilik-politikasi\/\",\"url\":\"https:\/\/nobelexpo.com\/gizlilik-politikasi\/\",\"name\":\"Gizlilik Politikas\u0131 - Nobel Expo\",\"isPartOf\":{\"@id\":\"https:\/\/nobelexpo.com\/#website\"},\"datePublished\":\"2025-09-06T08:42:26+00:00\",\"dateModified\":\"2025-09-06T08:42:53+00:00\",\"breadcrumb\":{\"@id\":\"https:\/\/nobelexpo.com\/gizlilik-politikasi\/#breadcrumb\"},\"inLanguage\":\"tr\",\"potentialAction\":[{\"@type\":\"ReadAction\",\"target\":[\"https:\/\/nobelexpo.com\/gizlilik-politikasi\/\"]}]},{\"@type\":\"BreadcrumbList\",\"@id\":\"https:\/\/nobelexpo.com\/gizlilik-politikasi\/#breadcrumb\",\"itemListElement\":[{\"@type\":\"ListItem\",\"position\":1,\"name\":\"Anasayfa\",\"item\":\"https:\/\/nobelexpo.com\/\"},{\"@type\":\"ListItem\",\"position\":2,\"name\":\"Gizlilik Politikas\u0131\"}]},{\"@type\":\"WebSite\",\"@id\":\"https:\/\/nobelexpo.com\/#website\",\"url\":\"https:\/\/nobelexpo.com\/\",\"name\":\"Nobel Expo\",\"description\":\"Gelece\u011fin Fuarlar\u0131na \u015eimdi Kat\u0131l\",\"potentialAction\":[{\"@type\":\"SearchAction\",\"target\":{\"@type\":\"EntryPoint\",\"urlTemplate\":\"https:\/\/nobelexpo.com\/?s={search_term_string}\"},\"query-input\":{\"@type\":\"PropertyValueSpecification\",\"valueRequired\":true,\"valueName\":\"search_term_string\"}}],\"inLanguage\":\"tr\"}]}<\/script>\n<!-- \/ Yoast SEO plugin. -->","yoast_head_json":{"title":"Gizlilik Politikas\u0131 - Nobel Expo","robots":{"index":"index","follow":"follow","max-snippet":"max-snippet:-1","max-image-preview":"max-image-preview:large","max-video-preview":"max-video-preview:-1"},"canonical":"https:\/\/nobelexpo.com\/tr\/gizlilik-politikasi\/","og_locale":"tr_TR","og_type":"article","og_title":"Gizlilik Politikas\u0131 - Nobel Expo","og_description":"Gizlilik Politikas\u0131 &nbsp; Nobel Expo\u2019ya Ho\u015f Geldiniz! Nobel Expo Uluslararas\u0131 Fuarc\u0131l\u0131k A.\u015e. olarak www.nobelexpo.com web sitesini ziyaret edenlerin gizlilik haklar\u0131n\u0131","og_url":"https:\/\/nobelexpo.com\/tr\/gizlilik-politikasi\/","og_site_name":"Nobel Expo","article_modified_time":"2025-09-06T08:42:53+00:00","twitter_card":"summary_large_image","twitter_misc":{"Tahmini okuma s\u00fcresi":"3 dakika"},"schema":{"@context":"https:\/\/schema.org","@graph":[{"@type":"WebPage","@id":"https:\/\/nobelexpo.com\/gizlilik-politikasi\/","url":"https:\/\/nobelexpo.com\/gizlilik-politikasi\/","name":"Gizlilik Politikas\u0131 - Nobel Expo","isPartOf":{"@id":"https:\/\/nobelexpo.com\/#website"},"datePublished":"2025-09-06T08:42:26+00:00","dateModified":"2025-09-06T08:42:53+00:00","breadcrumb":{"@id":"https:\/\/nobelexpo.com\/gizlilik-politikasi\/#breadcrumb"},"inLanguage":"tr","potentialAction":[{"@type":"ReadAction","target":["https:\/\/nobelexpo.com\/gizlilik-politikasi\/"]}]},{"@type":"BreadcrumbList","@id":"https:\/\/nobelexpo.com\/gizlilik-politikasi\/#breadcrumb","itemListElement":[{"@type":"ListItem","position":1,"name":"Anasayfa","item":"https:\/\/nobelexpo.com\/"},{"@type":"ListItem","position":2,"name":"Gizlilik Politikas\u0131"}]},{"@type":"WebSite","@id":"https:\/\/nobelexpo.com\/#website","url":"https:\/\/nobelexpo.com\/","name":"Nobel Expo","description":"Gelece\u011fin Fuarlar\u0131na \u015eimdi Kat\u0131l","potentialAction":[{"@type":"SearchAction","target":{"@type":"EntryPoint","urlTemplate":"https:\/\/nobelexpo.com\/?s={search_term_string}"},"query-input":{"@type":"PropertyValueSpecification","valueRequired":true,"valueName":"search_term_string"}}],"inLanguage":"tr"}]}},"_links":{"self":[{"href":"https:\/\/nobelexpo.com\/tr\/wp-json\/wp\/v2\/pages\/2381","targetHints":{"allow":["GET"]}}],"collection":[{"href":"https:\/\/nobelexpo.com\/tr\/wp-json\/wp\/v2\/pages"}],"about":[{"href":"https:\/\/nobelexpo.com\/tr\/wp-json\/wp\/v2\/types\/page"}],"author":[{"embeddable":true,"href":"https:\/\/nobelexpo.com\/tr\/wp-json\/wp\/v2\/users\/1"}],"replies":[{"embeddable":true,"href":"https:\/\/nobelexpo.com\/tr\/wp-json\/wp\/v2\/comments?post=2381"}],"version-history":[{"count":2,"href":"https:\/\/nobelexpo.com\/tr\/wp-json\/wp\/v2\/pages\/2381\/revisions"}],"predecessor-version":[{"id":2383,"href":"https:\/\/nobelexpo.com\/tr\/wp-json\/wp\/v2\/pages\/2381\/revisions\/2383"}],"wp:attachment":[{"href":"https:\/\/nobelexpo.com\/tr\/wp-json\/wp\/v2\/media?parent=2381"}],"curies":[{"name":"wp","href":"https:\/\/api.w.org\/{rel}","templated":true}]}}