{"id":2384,"date":"2025-09-06T08:43:14","date_gmt":"2025-09-06T08:43:14","guid":{"rendered":"https:\/\/nobelexpo.com\/?page_id=2384"},"modified":"2025-09-06T08:43:14","modified_gmt":"2025-09-06T08:43:14","slug":"kvkk","status":"publish","type":"page","link":"https:\/\/nobelexpo.com\/tr\/kvkk\/","title":{"rendered":"KVKK"},"content":{"rendered":"<div class=\"modal-header\">\n<h5 id=\"exampleModalGizlilikLabel\" class=\"modal-title\">K.V.K.K Ayd\u0131nlatma Metni<\/h5>\n<p>&nbsp;<\/p>\n<\/div>\n<div class=\"modal-body\">Ki\u015fisel verilerinizin 6698 say\u0131l\u0131 Ki\u015fisel Verilerin Korunmas\u0131 Kanunu (\u201cKVKK\u201d) uyar\u0131nca, veri sorumlusu s\u0131fat\u0131yla Nobel Expo Uluslararas\u0131 Fuarc\u0131l\u0131k A.\u015e (\u201cNobel Expo\u201d veya \u201c\u015eirket\u201d) taraf\u0131ndan hangi kapsamda i\u015flenece\u011fine ili\u015fkin detaylar a\u015fa\u011f\u0131da ba\u015fl\u0131klar halinde bilgilerinize sunulmaktad\u0131r.&nbsp;<\/p>\n<h6>1. Ki\u015fisel Verilerinizin Toplanma Y\u00f6ntemleri ve Bunlar\u0131n Hukuki Sebepleri<\/h6>\n<p>Ki\u015fisel verileriniz, faaliyetlerimizi y\u00fcr\u00fctmek amac\u0131yla \u015eirketimiz taraf\u0131ndan farkl\u0131 kanallarla mevzuata ve \u015eirket politikalar\u0131na uyum sa\u011flama hukuki sebeplerine dayan\u0131larak toplanmaktad\u0131r. Ki\u015fisel verileriniz, KVKK taraf\u0131ndan \u00f6ng\u00f6r\u00fclen temel ilkelere uygun olarak, KVKK\u2019n\u0131n 5. ve 6. maddelerinde belirtilen ki\u015fisel veri i\u015fleme \u015fartlar\u0131 ve ama\u00e7lar\u0131 kapsam\u0131nda i\u015fbu Ayd\u0131nlatma Metninde belirtilen ama\u00e7larla da i\u015flenebilmekte ve aktar\u0131labilmektedir.<\/p>\n<h6>2. Ki\u015fisel Verilerinizin \u0130\u015flenmesi<\/h6>\n<p>Toplanan ki\u015fisel verileriniz, KVKK taraf\u0131ndan \u00f6ng\u00f6r\u00fclen temel ilkelere uygun olarak ve KVKK\u2019n\u0131n 5. ve 6. maddelerinde belirtilen ki\u015fisel veri i\u015fleme \u015fartlar\u0131 ve ama\u00e7lar\u0131 dahilinde, \u2022 Nobel Expo\u2019nun y\u00fcr\u00fctt\u00fc\u011f\u00fc ticari faaliyetlerin mevzuata ve \u015eirket politikalar\u0131na uygun olarak yerine getirilmesi, \u2022 \u0130nsan Kaynaklar\u0131 faaliyetlerinin tasarlanmas\u0131 ve y\u00fcr\u00fct\u00fclmesi, \u2022 \u0130\u015f ili\u015fkisi i\u00e7erisinde olunan ger\u00e7ek ki\u015filerin ticari ve hukuki emniyetinin sa\u011flanmas\u0131, \u2022 Nobel Expo\u2019nun ticari itibar\u0131n\u0131n ve olu\u015fturdu\u011fu g\u00fcvenin korunmas\u0131 amac\u0131yla i\u015flenmektedir.<\/p>\n<h6>3. Ki\u015fisel Verilerinizin Payla\u015f\u0131lmas\u0131<\/h6>\n<p>Toplanan ki\u015fisel verileriniz; KVKK taraf\u0131ndan \u00f6ng\u00f6r\u00fclen temel ilkelere uygun olarak ve KVKK\u2019n\u0131n 8. ve 9. maddelerinde belirtilen ki\u015fisel veri i\u015fleme \u015fartlar\u0131 ve ama\u00e7lar\u0131 dahilinde, mevzuata ve \u015eirket politikalar\u0131na uygun olarak ticari faaliyetlerimizi y\u00fcr\u00fctmek amac\u0131yla i\u015f birimlerimizin bu do\u011frultuda gerekli \u00e7al\u0131\u015fmalar\u0131n\u0131 yapmas\u0131 i\u00e7in, i\u015ftiraklerimizle, tedarik\u00e7ilerimizle, d\u0131\u015f hizmet sa\u011flay\u0131c\u0131lar\u0131m\u0131zla ve kanunen yetkili kamu kurum ve kurulu\u015flar\u0131 ile payla\u015f\u0131labilecektir.<\/p>\n<h6>4. Veri Sahibi Olarak KVKK\u2019n\u0131n 11. Maddesinde Say\u0131lan Haklar\u0131n\u0131z<\/h6>\n<p>7 Ekim 2016 tarihi ile y\u00fcr\u00fcrl\u00fc\u011fe giren KVKK\u2019n\u0131n 11. maddesi uyar\u0131nca ki\u015fisel verilerinize ili\u015fkin olarak a\u015fa\u011f\u0131daki haklara sahipsiniz: \u2013 Ki\u015fisel verilerinizin i\u015flenip i\u015flenmedi\u011fini \u00f6\u011frenme, \u2013 Ki\u015fisel verileriniz i\u015flenmi\u015fse buna ili\u015fkin bilgi talep etme, \u2013 Ki\u015fisel verilerinizin i\u015flenme amac\u0131n\u0131 ve bunlar\u0131n amac\u0131na uygun kullan\u0131l\u0131p kullan\u0131lmad\u0131\u011f\u0131n\u0131 \u00f6\u011frenme, \u2013 Yurt i\u00e7inde veya yurt d\u0131\u015f\u0131nda ki\u015fisel verilerin aktar\u0131ld\u0131\u011f\u0131 \u00fc\u00e7\u00fcnc\u00fc ki\u015fileri bilme, \u2013 Ki\u015fisel verilerin eksik veya yanl\u0131\u015f i\u015flenmi\u015f olmas\u0131 halinde bunlar\u0131n d\u00fczeltilmesini isteme ve bu kapsamda yap\u0131lan i\u015flemin ki\u015fisel verilerin aktar\u0131ld\u0131\u011f\u0131 \u00fc\u00e7\u00fcnc\u00fc ki\u015filere bildirilmesini isteme, \u2013 KVKK ve ilgili di\u011fer kanun h\u00fck\u00fcmlerine uygun olarak i\u015flenmi\u015f olmas\u0131na ra\u011fmen, i\u015flenmesini gerektiren sebeplerin ortadan kalkmas\u0131 halinde ki\u015fisel verilerin silinmesini veya yok edilmesini isteme ve bu kapsamda yap\u0131lan i\u015flemin ki\u015fisel verilerin aktar\u0131ld\u0131\u011f\u0131 \u00fc\u00e7\u00fcnc\u00fc ki\u015filere bildirilmesini isteme, \u2013 \u0130\u015flenen verilerin m\u00fcnhas\u0131ran otomatik sistemler vas\u0131tas\u0131yla analiz edilmesi suretiyle ki\u015finin kendisi aleyhine bir sonucun ortaya \u00e7\u0131kmas\u0131na itiraz etme, \u2013 Ki\u015fisel verilerin kanuna ayk\u0131r\u0131 olarak i\u015flenmesi sebebiyle zarara u\u011framas\u0131 halinde zarar\u0131n giderilmesini talep etme. Sayg\u0131lar\u0131m\u0131zla,<br \/>\nKVKK KAPSAMINDA BA\u015eVURU FORMUNU DOLDURUP YAZILI BA\u015eVURU \u0130LE B\u0130LG\u0130 \u0130STE\u011e\u0130NDE BULANAB\u0130L\u0130RS\u0130N\u0130Z.<\/p>\n<\/div>\n","protected":false},"excerpt":{"rendered":"<p>K.V.K.K Ayd\u0131nlatma Metni &nbsp; Ki\u015fisel verilerinizin 6698 say\u0131l\u0131 Ki\u015fisel Verilerin Korunmas\u0131 Kanunu (\u201cKVKK\u201d) uyar\u0131nca, veri sorumlusu s\u0131fat\u0131yla Nobel Expo Uluslararas\u0131<\/p>\n","protected":false},"author":1,"featured_media":0,"parent":0,"menu_order":0,"comment_status":"closed","ping_status":"closed","template":"","meta":{"_acf_changed":false,"footnotes":""},"class_list":["post-2384","page","type-page","status-publish","hentry"],"acf":[],"yoast_head":"<!-- This site is optimized with the Yoast SEO plugin v25.8 - https:\/\/yoast.com\/wordpress\/plugins\/seo\/ -->\n<title>KVKK - Nobel Expo<\/title>\n<meta name=\"robots\" content=\"index, follow, max-snippet:-1, max-image-preview:large, max-video-preview:-1\" \/>\n<link rel=\"canonical\" href=\"https:\/\/nobelexpo.com\/tr\/kvkk\/\" \/>\n<meta property=\"og:locale\" content=\"tr_TR\" \/>\n<meta property=\"og:type\" content=\"article\" \/>\n<meta property=\"og:title\" content=\"KVKK - Nobel Expo\" \/>\n<meta property=\"og:description\" content=\"K.V.K.K Ayd\u0131nlatma Metni &nbsp; Ki\u015fisel verilerinizin 6698 say\u0131l\u0131 Ki\u015fisel Verilerin Korunmas\u0131 Kanunu (\u201cKVKK\u201d) uyar\u0131nca, veri sorumlusu s\u0131fat\u0131yla Nobel Expo Uluslararas\u0131\" \/>\n<meta property=\"og:url\" content=\"https:\/\/nobelexpo.com\/tr\/kvkk\/\" \/>\n<meta property=\"og:site_name\" content=\"Nobel Expo\" \/>\n<meta name=\"twitter:card\" content=\"summary_large_image\" \/>\n<script type=\"application\/ld+json\" class=\"yoast-schema-graph\">{\"@context\":\"https:\/\/schema.org\",\"@graph\":[{\"@type\":\"WebPage\",\"@id\":\"https:\/\/nobelexpo.com\/kvkk\/\",\"url\":\"https:\/\/nobelexpo.com\/kvkk\/\",\"name\":\"KVKK - Nobel Expo\",\"isPartOf\":{\"@id\":\"https:\/\/nobelexpo.com\/#website\"},\"datePublished\":\"2025-09-06T08:43:14+00:00\",\"breadcrumb\":{\"@id\":\"https:\/\/nobelexpo.com\/kvkk\/#breadcrumb\"},\"inLanguage\":\"tr\",\"potentialAction\":[{\"@type\":\"ReadAction\",\"target\":[\"https:\/\/nobelexpo.com\/kvkk\/\"]}]},{\"@type\":\"BreadcrumbList\",\"@id\":\"https:\/\/nobelexpo.com\/kvkk\/#breadcrumb\",\"itemListElement\":[{\"@type\":\"ListItem\",\"position\":1,\"name\":\"Anasayfa\",\"item\":\"https:\/\/nobelexpo.com\/\"},{\"@type\":\"ListItem\",\"position\":2,\"name\":\"KVKK\"}]},{\"@type\":\"WebSite\",\"@id\":\"https:\/\/nobelexpo.com\/#website\",\"url\":\"https:\/\/nobelexpo.com\/\",\"name\":\"Nobel Expo\",\"description\":\"Gelece\u011fin Fuarlar\u0131na \u015eimdi Kat\u0131l\",\"potentialAction\":[{\"@type\":\"SearchAction\",\"target\":{\"@type\":\"EntryPoint\",\"urlTemplate\":\"https:\/\/nobelexpo.com\/?s={search_term_string}\"},\"query-input\":{\"@type\":\"PropertyValueSpecification\",\"valueRequired\":true,\"valueName\":\"search_term_string\"}}],\"inLanguage\":\"tr\"}]}<\/script>\n<!-- \/ Yoast SEO plugin. -->","yoast_head_json":{"title":"KVKK - Nobel Expo","robots":{"index":"index","follow":"follow","max-snippet":"max-snippet:-1","max-image-preview":"max-image-preview:large","max-video-preview":"max-video-preview:-1"},"canonical":"https:\/\/nobelexpo.com\/tr\/kvkk\/","og_locale":"tr_TR","og_type":"article","og_title":"KVKK - Nobel Expo","og_description":"K.V.K.K Ayd\u0131nlatma Metni &nbsp; Ki\u015fisel verilerinizin 6698 say\u0131l\u0131 Ki\u015fisel Verilerin Korunmas\u0131 Kanunu (\u201cKVKK\u201d) uyar\u0131nca, veri sorumlusu s\u0131fat\u0131yla Nobel Expo Uluslararas\u0131","og_url":"https:\/\/nobelexpo.com\/tr\/kvkk\/","og_site_name":"Nobel Expo","twitter_card":"summary_large_image","schema":{"@context":"https:\/\/schema.org","@graph":[{"@type":"WebPage","@id":"https:\/\/nobelexpo.com\/kvkk\/","url":"https:\/\/nobelexpo.com\/kvkk\/","name":"KVKK - Nobel Expo","isPartOf":{"@id":"https:\/\/nobelexpo.com\/#website"},"datePublished":"2025-09-06T08:43:14+00:00","breadcrumb":{"@id":"https:\/\/nobelexpo.com\/kvkk\/#breadcrumb"},"inLanguage":"tr","potentialAction":[{"@type":"ReadAction","target":["https:\/\/nobelexpo.com\/kvkk\/"]}]},{"@type":"BreadcrumbList","@id":"https:\/\/nobelexpo.com\/kvkk\/#breadcrumb","itemListElement":[{"@type":"ListItem","position":1,"name":"Anasayfa","item":"https:\/\/nobelexpo.com\/"},{"@type":"ListItem","position":2,"name":"KVKK"}]},{"@type":"WebSite","@id":"https:\/\/nobelexpo.com\/#website","url":"https:\/\/nobelexpo.com\/","name":"Nobel Expo","description":"Gelece\u011fin Fuarlar\u0131na \u015eimdi Kat\u0131l","potentialAction":[{"@type":"SearchAction","target":{"@type":"EntryPoint","urlTemplate":"https:\/\/nobelexpo.com\/?s={search_term_string}"},"query-input":{"@type":"PropertyValueSpecification","valueRequired":true,"valueName":"search_term_string"}}],"inLanguage":"tr"}]}},"_links":{"self":[{"href":"https:\/\/nobelexpo.com\/tr\/wp-json\/wp\/v2\/pages\/2384","targetHints":{"allow":["GET"]}}],"collection":[{"href":"https:\/\/nobelexpo.com\/tr\/wp-json\/wp\/v2\/pages"}],"about":[{"href":"https:\/\/nobelexpo.com\/tr\/wp-json\/wp\/v2\/types\/page"}],"author":[{"embeddable":true,"href":"https:\/\/nobelexpo.com\/tr\/wp-json\/wp\/v2\/users\/1"}],"replies":[{"embeddable":true,"href":"https:\/\/nobelexpo.com\/tr\/wp-json\/wp\/v2\/comments?post=2384"}],"version-history":[{"count":1,"href":"https:\/\/nobelexpo.com\/tr\/wp-json\/wp\/v2\/pages\/2384\/revisions"}],"predecessor-version":[{"id":2385,"href":"https:\/\/nobelexpo.com\/tr\/wp-json\/wp\/v2\/pages\/2384\/revisions\/2385"}],"wp:attachment":[{"href":"https:\/\/nobelexpo.com\/tr\/wp-json\/wp\/v2\/media?parent=2384"}],"curies":[{"name":"wp","href":"https:\/\/api.w.org\/{rel}","templated":true}]}}