{"id":24,"date":"2025-06-14T16:04:24","date_gmt":"2025-06-14T16:04:24","guid":{"rendered":"https:\/\/nobel.websitesunum.com.tr\/?page_id=24"},"modified":"2025-07-10T07:52:00","modified_gmt":"2025-07-10T07:52:00","slug":"son-haberler","status":"publish","type":"page","link":"https:\/\/nobelexpo.com\/tr\/son-haberler\/","title":{"rendered":"Haberler"},"content":{"rendered":"<div class=\"wpb-content-wrapper\"><div class=\"vc_row wpb_row vc_row-fluid wd-rs-685ab3600d506\"><div class=\"wpb_column vc_column_container vc_col-sm-12\"><div class=\"vc_column-inner\"><div class=\"wpb_wrapper\">\t\t<div id=\"gallery_646\" class=\"wd-images-gallery wd-wpb wd-animation-slide-from-bottom wd-animation-normal wd_delay_200 wd-rs-686f710f82261 vc_custom_1752133915825 photoswipe-images\" style=\"--wd-justify-content:center;--wd-align-items:center;\">\n\t\t\t\n\t\t\t<div class=\" wd-grid-g\" style=\"--wd-col-lg:3;--wd-col-md:3;--wd-col-sm:1;--wd-gap-lg:20px;--wd-gap-sm:10px;\">\n\t\t\t\t\n\t\t\t\t\t\t\t\t\t\t\t\t\t\t\t<div class=\"wd-gallery-item wd-col\">\n\t\t\t\t\t\t\t\t\t\t\t\t\t\t<a href=\"https:\/\/nobelexpo.com\/wp-content\/uploads\/2025\/06\/WhatsApp-Image-2025-01-09-at-11_12_19.jpg\" data-elementor-open-lightbox=\"no\" data-index=\"1\" data-width=\"1200\" data-height=\"1200\" \n\t\t\t\t\t\t\t\t\t\t\t\t >\n\t\t\t\t\t\t\t\t\n\t\t\t\t\t\t\t\t<img loading=\"lazy\" decoding=\"async\" width=\"1200\" height=\"1200\" src=\"https:\/\/nobelexpo.com\/wp-content\/uploads\/2025\/06\/WhatsApp-Image-2025-01-09-at-11_12_19.jpg\" class=\"wd-gallery-image image-1\" alt=\"\" srcset=\"https:\/\/nobelexpo.com\/wp-content\/uploads\/2025\/06\/WhatsApp-Image-2025-01-09-at-11_12_19.jpg 1200w, https:\/\/nobelexpo.com\/wp-content\/uploads\/2025\/06\/WhatsApp-Image-2025-01-09-at-11_12_19-300x300.jpg 300w, https:\/\/nobelexpo.com\/wp-content\/uploads\/2025\/06\/WhatsApp-Image-2025-01-09-at-11_12_19-1024x1024.jpg 1024w, https:\/\/nobelexpo.com\/wp-content\/uploads\/2025\/06\/WhatsApp-Image-2025-01-09-at-11_12_19-150x150.jpg 150w, https:\/\/nobelexpo.com\/wp-content\/uploads\/2025\/06\/WhatsApp-Image-2025-01-09-at-11_12_19-768x768.jpg 768w, https:\/\/nobelexpo.com\/wp-content\/uploads\/2025\/06\/WhatsApp-Image-2025-01-09-at-11_12_19-500x500.jpg 500w, https:\/\/nobelexpo.com\/wp-content\/uploads\/2025\/06\/WhatsApp-Image-2025-01-09-at-11_12_19-800x800.jpg 800w\" sizes=\"auto, (max-width: 1200px) 100vw, 1200px\" \/>\n\t\t\t\t\t\t\t\t\t\t\t\t\t\t\t<\/a>\n\t\t\t\t\t\t\t\t\t\t\t\t<\/div>\n\t\t\t\t\t\t\t\t\t\t\t<div class=\"wd-gallery-item wd-col\">\n\t\t\t\t\t\t\t\t\t\t\t\t\t\t<a href=\"https:\/\/nobelexpo.com\/wp-content\/uploads\/2025\/06\/abdpost_20230902.jpg\" data-elementor-open-lightbox=\"no\" data-index=\"2\" data-width=\"800\" data-height=\"650\" \n\t\t\t\t\t\t\t\t\t\t\t\t >\n\t\t\t\t\t\t\t\t\n\t\t\t\t\t\t\t\t<img loading=\"lazy\" decoding=\"async\" width=\"800\" height=\"650\" src=\"https:\/\/nobelexpo.com\/wp-content\/uploads\/2025\/06\/abdpost_20230902.jpg\" class=\"wd-gallery-image image-2\" alt=\"\" srcset=\"https:\/\/nobelexpo.com\/wp-content\/uploads\/2025\/06\/abdpost_20230902.jpg 800w, https:\/\/nobelexpo.com\/wp-content\/uploads\/2025\/06\/abdpost_20230902-300x244.jpg 300w, https:\/\/nobelexpo.com\/wp-content\/uploads\/2025\/06\/abdpost_20230902-768x624.jpg 768w, https:\/\/nobelexpo.com\/wp-content\/uploads\/2025\/06\/abdpost_20230902-500x406.jpg 500w\" sizes=\"auto, (max-width: 800px) 100vw, 800px\" \/>\n\t\t\t\t\t\t\t\t\t\t\t\t\t\t\t<\/a>\n\t\t\t\t\t\t\t\t\t\t\t\t<\/div>\n\t\t\t\t\t\t\t\t\t\t\t<div class=\"wd-gallery-item wd-col\">\n\t\t\t\t\t\t\t\t\t\t\t\t\t\t<a href=\"https:\/\/nobelexpo.com\/wp-content\/uploads\/2025\/06\/sondakika_20231101.jpg\" data-elementor-open-lightbox=\"no\" data-index=\"3\" data-width=\"800\" data-height=\"650\" \n\t\t\t\t\t\t\t\t\t\t\t\t >\n\t\t\t\t\t\t\t\t\n\t\t\t\t\t\t\t\t<img loading=\"lazy\" decoding=\"async\" width=\"800\" height=\"650\" src=\"https:\/\/nobelexpo.com\/wp-content\/uploads\/2025\/06\/sondakika_20231101.jpg\" class=\"wd-gallery-image image-3\" alt=\"\" srcset=\"https:\/\/nobelexpo.com\/wp-content\/uploads\/2025\/06\/sondakika_20231101.jpg 800w, https:\/\/nobelexpo.com\/wp-content\/uploads\/2025\/06\/sondakika_20231101-300x244.jpg 300w, https:\/\/nobelexpo.com\/wp-content\/uploads\/2025\/06\/sondakika_20231101-768x624.jpg 768w, https:\/\/nobelexpo.com\/wp-content\/uploads\/2025\/06\/sondakika_20231101-500x406.jpg 500w\" sizes=\"auto, (max-width: 800px) 100vw, 800px\" \/>\n\t\t\t\t\t\t\t\t\t\t\t\t\t\t\t<\/a>\n\t\t\t\t\t\t\t\t\t\t\t\t<\/div>\n\t\t\t\t\t\t\t\t\t\t\t<div class=\"wd-gallery-item wd-col\">\n\t\t\t\t\t\t\t\t\t\t\t\t\t\t<a href=\"https:\/\/nobelexpo.com\/wp-content\/uploads\/2025\/06\/sondakika_20230917.jpg\" data-elementor-open-lightbox=\"no\" data-index=\"4\" data-width=\"800\" data-height=\"650\" \n\t\t\t\t\t\t\t\t\t\t\t\t >\n\t\t\t\t\t\t\t\t\n\t\t\t\t\t\t\t\t<img loading=\"lazy\" decoding=\"async\" width=\"800\" height=\"650\" src=\"https:\/\/nobelexpo.com\/wp-content\/uploads\/2025\/06\/sondakika_20230917.jpg\" class=\"wd-gallery-image image-4\" alt=\"\" srcset=\"https:\/\/nobelexpo.com\/wp-content\/uploads\/2025\/06\/sondakika_20230917.jpg 800w, https:\/\/nobelexpo.com\/wp-content\/uploads\/2025\/06\/sondakika_20230917-300x244.jpg 300w, https:\/\/nobelexpo.com\/wp-content\/uploads\/2025\/06\/sondakika_20230917-768x624.jpg 768w, https:\/\/nobelexpo.com\/wp-content\/uploads\/2025\/06\/sondakika_20230917-500x406.jpg 500w\" sizes=\"auto, (max-width: 800px) 100vw, 800px\" \/>\n\t\t\t\t\t\t\t\t\t\t\t\t\t\t\t<\/a>\n\t\t\t\t\t\t\t\t\t\t\t\t<\/div>\n\t\t\t\t\t\t\t\t\t\t\t<div class=\"wd-gallery-item wd-col\">\n\t\t\t\t\t\t\t\t\t\t\t\t\t\t<a href=\"https:\/\/nobelexpo.com\/wp-content\/uploads\/2025\/06\/aksam_15092023.jpg\" data-elementor-open-lightbox=\"no\" data-index=\"5\" data-width=\"800\" data-height=\"650\" \n\t\t\t\t\t\t\t\t\t\t\t\t >\n\t\t\t\t\t\t\t\t\n\t\t\t\t\t\t\t\t<img loading=\"lazy\" decoding=\"async\" width=\"800\" height=\"650\" src=\"https:\/\/nobelexpo.com\/wp-content\/uploads\/2025\/06\/aksam_15092023.jpg\" class=\"wd-gallery-image image-5\" alt=\"\" srcset=\"https:\/\/nobelexpo.com\/wp-content\/uploads\/2025\/06\/aksam_15092023.jpg 800w, https:\/\/nobelexpo.com\/wp-content\/uploads\/2025\/06\/aksam_15092023-300x244.jpg 300w, https:\/\/nobelexpo.com\/wp-content\/uploads\/2025\/06\/aksam_15092023-768x624.jpg 768w, https:\/\/nobelexpo.com\/wp-content\/uploads\/2025\/06\/aksam_15092023-500x406.jpg 500w\" sizes=\"auto, (max-width: 800px) 100vw, 800px\" \/>\n\t\t\t\t\t\t\t\t\t\t\t\t\t\t\t<\/a>\n\t\t\t\t\t\t\t\t\t\t\t\t<\/div>\n\t\t\t\t\t\t\t\t\t\t\t<div class=\"wd-gallery-item wd-col\">\n\t\t\t\t\t\t\t\t\t\t\t\t\t\t<a href=\"https:\/\/nobelexpo.com\/wp-content\/uploads\/2025\/06\/analiz_20231014.jpg\" data-elementor-open-lightbox=\"no\" data-index=\"6\" data-width=\"800\" data-height=\"650\" \n\t\t\t\t\t\t\t\t\t\t\t\t >\n\t\t\t\t\t\t\t\t\n\t\t\t\t\t\t\t\t<img loading=\"lazy\" decoding=\"async\" width=\"800\" height=\"650\" src=\"https:\/\/nobelexpo.com\/wp-content\/uploads\/2025\/06\/analiz_20231014.jpg\" class=\"wd-gallery-image image-6\" alt=\"\" srcset=\"https:\/\/nobelexpo.com\/wp-content\/uploads\/2025\/06\/analiz_20231014.jpg 800w, https:\/\/nobelexpo.com\/wp-content\/uploads\/2025\/06\/analiz_20231014-300x244.jpg 300w, https:\/\/nobelexpo.com\/wp-content\/uploads\/2025\/06\/analiz_20231014-768x624.jpg 768w, https:\/\/nobelexpo.com\/wp-content\/uploads\/2025\/06\/analiz_20231014-500x406.jpg 500w\" sizes=\"auto, (max-width: 800px) 100vw, 800px\" \/>\n\t\t\t\t\t\t\t\t\t\t\t\t\t\t\t<\/a>\n\t\t\t\t\t\t\t\t\t\t\t\t<\/div>\n\t\t\t\t\t\t\t\t\t\t\t<div class=\"wd-gallery-item wd-col\">\n\t\t\t\t\t\t\t\t\t\t\t\t\t\t<a href=\"https:\/\/nobelexpo.com\/wp-content\/uploads\/2025\/06\/analiz_30092023.jpg\" data-elementor-open-lightbox=\"no\" data-index=\"7\" data-width=\"800\" data-height=\"650\" \n\t\t\t\t\t\t\t\t\t\t\t\t >\n\t\t\t\t\t\t\t\t\n\t\t\t\t\t\t\t\t<img loading=\"lazy\" decoding=\"async\" width=\"800\" height=\"650\" src=\"https:\/\/nobelexpo.com\/wp-content\/uploads\/2025\/06\/analiz_30092023.jpg\" class=\"wd-gallery-image image-7\" alt=\"\" srcset=\"https:\/\/nobelexpo.com\/wp-content\/uploads\/2025\/06\/analiz_30092023.jpg 800w, https:\/\/nobelexpo.com\/wp-content\/uploads\/2025\/06\/analiz_30092023-300x244.jpg 300w, https:\/\/nobelexpo.com\/wp-content\/uploads\/2025\/06\/analiz_30092023-768x624.jpg 768w, https:\/\/nobelexpo.com\/wp-content\/uploads\/2025\/06\/analiz_30092023-500x406.jpg 500w\" sizes=\"auto, (max-width: 800px) 100vw, 800px\" \/>\n\t\t\t\t\t\t\t\t\t\t\t\t\t\t\t<\/a>\n\t\t\t\t\t\t\t\t\t\t\t\t<\/div>\n\t\t\t\t\t\t\t\t\t\t\t<div class=\"wd-gallery-item wd-col\">\n\t\t\t\t\t\t\t\t\t\t\t\t\t\t<a href=\"https:\/\/nobelexpo.com\/wp-content\/uploads\/2025\/06\/bloomberght_17062023.jpg\" data-elementor-open-lightbox=\"no\" data-index=\"8\" data-width=\"800\" data-height=\"650\" \n\t\t\t\t\t\t\t\t\t\t\t\t >\n\t\t\t\t\t\t\t\t\n\t\t\t\t\t\t\t\t<img loading=\"lazy\" decoding=\"async\" width=\"800\" height=\"650\" src=\"https:\/\/nobelexpo.com\/wp-content\/uploads\/2025\/06\/bloomberght_17062023.jpg\" class=\"wd-gallery-image image-8\" alt=\"\" srcset=\"https:\/\/nobelexpo.com\/wp-content\/uploads\/2025\/06\/bloomberght_17062023.jpg 800w, https:\/\/nobelexpo.com\/wp-content\/uploads\/2025\/06\/bloomberght_17062023-300x244.jpg 300w, https:\/\/nobelexpo.com\/wp-content\/uploads\/2025\/06\/bloomberght_17062023-768x624.jpg 768w, https:\/\/nobelexpo.com\/wp-content\/uploads\/2025\/06\/bloomberght_17062023-500x406.jpg 500w\" sizes=\"auto, (max-width: 800px) 100vw, 800px\" \/>\n\t\t\t\t\t\t\t\t\t\t\t\t\t\t\t<\/a>\n\t\t\t\t\t\t\t\t\t\t\t\t<\/div>\n\t\t\t\t\t\t\t\t\t\t\t<div class=\"wd-gallery-item wd-col\">\n\t\t\t\t\t\t\t\t\t\t\t\t\t\t<a href=\"https:\/\/nobelexpo.com\/wp-content\/uploads\/2025\/06\/dunya_03102023.jpg\" data-elementor-open-lightbox=\"no\" data-index=\"9\" data-width=\"800\" data-height=\"650\" \n\t\t\t\t\t\t\t\t\t\t\t\t >\n\t\t\t\t\t\t\t\t\n\t\t\t\t\t\t\t\t<img loading=\"lazy\" decoding=\"async\" width=\"800\" height=\"650\" src=\"https:\/\/nobelexpo.com\/wp-content\/uploads\/2025\/06\/dunya_03102023.jpg\" class=\"wd-gallery-image image-9\" alt=\"\" srcset=\"https:\/\/nobelexpo.com\/wp-content\/uploads\/2025\/06\/dunya_03102023.jpg 800w, https:\/\/nobelexpo.com\/wp-content\/uploads\/2025\/06\/dunya_03102023-300x244.jpg 300w, https:\/\/nobelexpo.com\/wp-content\/uploads\/2025\/06\/dunya_03102023-768x624.jpg 768w, https:\/\/nobelexpo.com\/wp-content\/uploads\/2025\/06\/dunya_03102023-500x406.jpg 500w\" sizes=\"auto, (max-width: 800px) 100vw, 800px\" \/>\n\t\t\t\t\t\t\t\t\t\t\t\t\t\t\t<\/a>\n\t\t\t\t\t\t\t\t\t\t\t\t<\/div>\n\t\t\t\t\t\t\t\t\t\t\t<div class=\"wd-gallery-item wd-col\">\n\t\t\t\t\t\t\t\t\t\t\t\t\t\t<a href=\"https:\/\/nobelexpo.com\/wp-content\/uploads\/2025\/06\/dunya_17062023.jpg\" data-elementor-open-lightbox=\"no\" data-index=\"10\" data-width=\"800\" data-height=\"650\" \n\t\t\t\t\t\t\t\t\t\t\t\t >\n\t\t\t\t\t\t\t\t\n\t\t\t\t\t\t\t\t<img loading=\"lazy\" decoding=\"async\" width=\"800\" height=\"650\" src=\"https:\/\/nobelexpo.com\/wp-content\/uploads\/2025\/06\/dunya_17062023.jpg\" class=\"wd-gallery-image image-10\" alt=\"\" srcset=\"https:\/\/nobelexpo.com\/wp-content\/uploads\/2025\/06\/dunya_17062023.jpg 800w, https:\/\/nobelexpo.com\/wp-content\/uploads\/2025\/06\/dunya_17062023-300x244.jpg 300w, https:\/\/nobelexpo.com\/wp-content\/uploads\/2025\/06\/dunya_17062023-768x624.jpg 768w, https:\/\/nobelexpo.com\/wp-content\/uploads\/2025\/06\/dunya_17062023-500x406.jpg 500w\" sizes=\"auto, (max-width: 800px) 100vw, 800px\" \/>\n\t\t\t\t\t\t\t\t\t\t\t\t\t\t\t<\/a>\n\t\t\t\t\t\t\t\t\t\t\t\t<\/div>\n\t\t\t\t\t\t\t\t\t\t\t<div class=\"wd-gallery-item wd-col\">\n\t\t\t\t\t\t\t\t\t\t\t\t\t\t<a href=\"https:\/\/nobelexpo.com\/wp-content\/uploads\/2025\/06\/haberler_20230917.jpg\" data-elementor-open-lightbox=\"no\" data-index=\"11\" data-width=\"800\" data-height=\"650\" \n\t\t\t\t\t\t\t\t\t\t\t\t >\n\t\t\t\t\t\t\t\t\n\t\t\t\t\t\t\t\t<img loading=\"lazy\" decoding=\"async\" width=\"800\" height=\"650\" src=\"https:\/\/nobelexpo.com\/wp-content\/uploads\/2025\/06\/haberler_20230917.jpg\" class=\"wd-gallery-image image-11\" alt=\"\" srcset=\"https:\/\/nobelexpo.com\/wp-content\/uploads\/2025\/06\/haberler_20230917.jpg 800w, https:\/\/nobelexpo.com\/wp-content\/uploads\/2025\/06\/haberler_20230917-300x244.jpg 300w, https:\/\/nobelexpo.com\/wp-content\/uploads\/2025\/06\/haberler_20230917-768x624.jpg 768w, https:\/\/nobelexpo.com\/wp-content\/uploads\/2025\/06\/haberler_20230917-500x406.jpg 500w\" sizes=\"auto, (max-width: 800px) 100vw, 800px\" \/>\n\t\t\t\t\t\t\t\t\t\t\t\t\t\t\t<\/a>\n\t\t\t\t\t\t\t\t\t\t\t\t<\/div>\n\t\t\t\t\t\t\t\t\t\t\t<div class=\"wd-gallery-item wd-col\">\n\t\t\t\t\t\t\t\t\t\t\t\t\t\t<a href=\"https:\/\/nobelexpo.com\/wp-content\/uploads\/2025\/06\/haberturk_20230919.jpg\" data-elementor-open-lightbox=\"no\" data-index=\"12\" data-width=\"800\" data-height=\"650\" \n\t\t\t\t\t\t\t\t\t\t\t\t >\n\t\t\t\t\t\t\t\t\n\t\t\t\t\t\t\t\t<img loading=\"lazy\" decoding=\"async\" width=\"800\" height=\"650\" src=\"https:\/\/nobelexpo.com\/wp-content\/uploads\/2025\/06\/haberturk_20230919.jpg\" class=\"wd-gallery-image image-12\" alt=\"\" srcset=\"https:\/\/nobelexpo.com\/wp-content\/uploads\/2025\/06\/haberturk_20230919.jpg 800w, https:\/\/nobelexpo.com\/wp-content\/uploads\/2025\/06\/haberturk_20230919-300x244.jpg 300w, https:\/\/nobelexpo.com\/wp-content\/uploads\/2025\/06\/haberturk_20230919-768x624.jpg 768w, https:\/\/nobelexpo.com\/wp-content\/uploads\/2025\/06\/haberturk_20230919-500x406.jpg 500w\" sizes=\"auto, (max-width: 800px) 100vw, 800px\" \/>\n\t\t\t\t\t\t\t\t\t\t\t\t\t\t\t<\/a>\n\t\t\t\t\t\t\t\t\t\t\t\t<\/div>\n\t\t\t\t\t\t\t\t\t\t\t<div class=\"wd-gallery-item wd-col\">\n\t\t\t\t\t\t\t\t\t\t\t\t\t\t<a href=\"https:\/\/nobelexpo.com\/wp-content\/uploads\/2025\/06\/haberturk_20231011.jpg\" data-elementor-open-lightbox=\"no\" data-index=\"13\" data-width=\"800\" data-height=\"650\" \n\t\t\t\t\t\t\t\t\t\t\t\t >\n\t\t\t\t\t\t\t\t\n\t\t\t\t\t\t\t\t<img loading=\"lazy\" decoding=\"async\" width=\"800\" height=\"650\" src=\"https:\/\/nobelexpo.com\/wp-content\/uploads\/2025\/06\/haberturk_20231011.jpg\" class=\"wd-gallery-image image-13\" alt=\"\" srcset=\"https:\/\/nobelexpo.com\/wp-content\/uploads\/2025\/06\/haberturk_20231011.jpg 800w, https:\/\/nobelexpo.com\/wp-content\/uploads\/2025\/06\/haberturk_20231011-300x244.jpg 300w, https:\/\/nobelexpo.com\/wp-content\/uploads\/2025\/06\/haberturk_20231011-768x624.jpg 768w, https:\/\/nobelexpo.com\/wp-content\/uploads\/2025\/06\/haberturk_20231011-500x406.jpg 500w\" sizes=\"auto, (max-width: 800px) 100vw, 800px\" \/>\n\t\t\t\t\t\t\t\t\t\t\t\t\t\t\t<\/a>\n\t\t\t\t\t\t\t\t\t\t\t\t<\/div>\n\t\t\t\t\t\t\t\t\t\t\t<div class=\"wd-gallery-item wd-col\">\n\t\t\t\t\t\t\t\t\t\t\t\t\t\t<a href=\"https:\/\/nobelexpo.com\/wp-content\/uploads\/2025\/06\/haberturk_20231026.jpg\" data-elementor-open-lightbox=\"no\" data-index=\"14\" data-width=\"800\" data-height=\"650\" \n\t\t\t\t\t\t\t\t\t\t\t\t >\n\t\t\t\t\t\t\t\t\n\t\t\t\t\t\t\t\t<img loading=\"lazy\" decoding=\"async\" width=\"800\" height=\"650\" src=\"https:\/\/nobelexpo.com\/wp-content\/uploads\/2025\/06\/haberturk_20231026.jpg\" class=\"wd-gallery-image image-14\" alt=\"\" srcset=\"https:\/\/nobelexpo.com\/wp-content\/uploads\/2025\/06\/haberturk_20231026.jpg 800w, https:\/\/nobelexpo.com\/wp-content\/uploads\/2025\/06\/haberturk_20231026-300x244.jpg 300w, https:\/\/nobelexpo.com\/wp-content\/uploads\/2025\/06\/haberturk_20231026-768x624.jpg 768w, https:\/\/nobelexpo.com\/wp-content\/uploads\/2025\/06\/haberturk_20231026-500x406.jpg 500w\" sizes=\"auto, (max-width: 800px) 100vw, 800px\" \/>\n\t\t\t\t\t\t\t\t\t\t\t\t\t\t\t<\/a>\n\t\t\t\t\t\t\t\t\t\t\t\t<\/div>\n\t\t\t\t\t\t\t\t\t\t\t<div class=\"wd-gallery-item wd-col\">\n\t\t\t\t\t\t\t\t\t\t\t\t\t\t<a href=\"https:\/\/nobelexpo.com\/wp-content\/uploads\/2025\/06\/milliyet_20231004.jpg\" data-elementor-open-lightbox=\"no\" data-index=\"15\" data-width=\"800\" data-height=\"650\" \n\t\t\t\t\t\t\t\t\t\t\t\t >\n\t\t\t\t\t\t\t\t\n\t\t\t\t\t\t\t\t<img loading=\"lazy\" decoding=\"async\" width=\"800\" height=\"650\" src=\"https:\/\/nobelexpo.com\/wp-content\/uploads\/2025\/06\/milliyet_20231004.jpg\" class=\"wd-gallery-image image-15\" alt=\"\" srcset=\"https:\/\/nobelexpo.com\/wp-content\/uploads\/2025\/06\/milliyet_20231004.jpg 800w, https:\/\/nobelexpo.com\/wp-content\/uploads\/2025\/06\/milliyet_20231004-300x244.jpg 300w, https:\/\/nobelexpo.com\/wp-content\/uploads\/2025\/06\/milliyet_20231004-768x624.jpg 768w, https:\/\/nobelexpo.com\/wp-content\/uploads\/2025\/06\/milliyet_20231004-500x406.jpg 500w\" sizes=\"auto, (max-width: 800px) 100vw, 800px\" \/>\n\t\t\t\t\t\t\t\t\t\t\t\t\t\t\t<\/a>\n\t\t\t\t\t\t\t\t\t\t\t\t<\/div>\n\t\t\t\t\t\t\t\t\t\t\t<div class=\"wd-gallery-item wd-col\">\n\t\t\t\t\t\t\t\t\t\t\t\t\t\t<a href=\"https:\/\/nobelexpo.com\/wp-content\/uploads\/2025\/06\/milliyet_24092023.jpg\" data-elementor-open-lightbox=\"no\" data-index=\"16\" data-width=\"800\" data-height=\"650\" \n\t\t\t\t\t\t\t\t\t\t\t\t >\n\t\t\t\t\t\t\t\t\n\t\t\t\t\t\t\t\t<img loading=\"lazy\" decoding=\"async\" width=\"800\" height=\"650\" src=\"https:\/\/nobelexpo.com\/wp-content\/uploads\/2025\/06\/milliyet_24092023.jpg\" class=\"wd-gallery-image image-16\" alt=\"\" srcset=\"https:\/\/nobelexpo.com\/wp-content\/uploads\/2025\/06\/milliyet_24092023.jpg 800w, https:\/\/nobelexpo.com\/wp-content\/uploads\/2025\/06\/milliyet_24092023-300x244.jpg 300w, https:\/\/nobelexpo.com\/wp-content\/uploads\/2025\/06\/milliyet_24092023-768x624.jpg 768w, https:\/\/nobelexpo.com\/wp-content\/uploads\/2025\/06\/milliyet_24092023-500x406.jpg 500w\" sizes=\"auto, (max-width: 800px) 100vw, 800px\" \/>\n\t\t\t\t\t\t\t\t\t\t\t\t\t\t\t<\/a>\n\t\t\t\t\t\t\t\t\t\t\t\t<\/div>\n\t\t\t\t\t\t\t\t\t\t\t<div class=\"wd-gallery-item wd-col\">\n\t\t\t\t\t\t\t\t\t\t\t\t\t\t<a href=\"https:\/\/nobelexpo.com\/wp-content\/uploads\/2025\/06\/milliyet20230911.jpg\" data-elementor-open-lightbox=\"no\" data-index=\"17\" data-width=\"800\" data-height=\"650\" \n\t\t\t\t\t\t\t\t\t\t\t\t >\n\t\t\t\t\t\t\t\t\n\t\t\t\t\t\t\t\t<img loading=\"lazy\" decoding=\"async\" width=\"800\" height=\"650\" src=\"https:\/\/nobelexpo.com\/wp-content\/uploads\/2025\/06\/milliyet20230911.jpg\" class=\"wd-gallery-image image-17\" alt=\"\" srcset=\"https:\/\/nobelexpo.com\/wp-content\/uploads\/2025\/06\/milliyet20230911.jpg 800w, https:\/\/nobelexpo.com\/wp-content\/uploads\/2025\/06\/milliyet20230911-300x244.jpg 300w, https:\/\/nobelexpo.com\/wp-content\/uploads\/2025\/06\/milliyet20230911-768x624.jpg 768w, https:\/\/nobelexpo.com\/wp-content\/uploads\/2025\/06\/milliyet20230911-500x406.jpg 500w\" sizes=\"auto, (max-width: 800px) 100vw, 800px\" \/>\n\t\t\t\t\t\t\t\t\t\t\t\t\t\t\t<\/a>\n\t\t\t\t\t\t\t\t\t\t\t\t<\/div>\n\t\t\t\t\t\t\t\t\t\t\t<div class=\"wd-gallery-item wd-col\">\n\t\t\t\t\t\t\t\t\t\t\t\t\t\t<a href=\"https:\/\/nobelexpo.com\/wp-content\/uploads\/2025\/06\/nasil_bir_ekonomi_14092023.jpg\" data-elementor-open-lightbox=\"no\" data-index=\"18\" data-width=\"800\" data-height=\"650\" \n\t\t\t\t\t\t\t\t\t\t\t\t >\n\t\t\t\t\t\t\t\t\n\t\t\t\t\t\t\t\t<img loading=\"lazy\" decoding=\"async\" width=\"800\" height=\"650\" src=\"https:\/\/nobelexpo.com\/wp-content\/uploads\/2025\/06\/nasil_bir_ekonomi_14092023.jpg\" class=\"wd-gallery-image image-18\" alt=\"\" srcset=\"https:\/\/nobelexpo.com\/wp-content\/uploads\/2025\/06\/nasil_bir_ekonomi_14092023.jpg 800w, https:\/\/nobelexpo.com\/wp-content\/uploads\/2025\/06\/nasil_bir_ekonomi_14092023-300x244.jpg 300w, https:\/\/nobelexpo.com\/wp-content\/uploads\/2025\/06\/nasil_bir_ekonomi_14092023-768x624.jpg 768w, https:\/\/nobelexpo.com\/wp-content\/uploads\/2025\/06\/nasil_bir_ekonomi_14092023-500x406.jpg 500w\" sizes=\"auto, (max-width: 800px) 100vw, 800px\" \/>\n\t\t\t\t\t\t\t\t\t\t\t\t\t\t\t<\/a>\n\t\t\t\t\t\t\t\t\t\t\t\t<\/div>\n\t\t\t\t\t\t\t\t\t\t\t<div class=\"wd-gallery-item wd-col\">\n\t\t\t\t\t\t\t\t\t\t\t\t\t\t<a href=\"https:\/\/nobelexpo.com\/wp-content\/uploads\/2025\/06\/sabah_01112023.jpg\" data-elementor-open-lightbox=\"no\" data-index=\"19\" data-width=\"800\" data-height=\"650\" \n\t\t\t\t\t\t\t\t\t\t\t\t >\n\t\t\t\t\t\t\t\t\n\t\t\t\t\t\t\t\t<img loading=\"lazy\" decoding=\"async\" width=\"800\" height=\"650\" src=\"https:\/\/nobelexpo.com\/wp-content\/uploads\/2025\/06\/sabah_01112023.jpg\" class=\"wd-gallery-image image-19\" alt=\"\" srcset=\"https:\/\/nobelexpo.com\/wp-content\/uploads\/2025\/06\/sabah_01112023.jpg 800w, https:\/\/nobelexpo.com\/wp-content\/uploads\/2025\/06\/sabah_01112023-300x244.jpg 300w, https:\/\/nobelexpo.com\/wp-content\/uploads\/2025\/06\/sabah_01112023-768x624.jpg 768w, https:\/\/nobelexpo.com\/wp-content\/uploads\/2025\/06\/sabah_01112023-500x406.jpg 500w\" sizes=\"auto, (max-width: 800px) 100vw, 800px\" \/>\n\t\t\t\t\t\t\t\t\t\t\t\t\t\t\t<\/a>\n\t\t\t\t\t\t\t\t\t\t\t\t<\/div>\n\t\t\t\t\t\t\t\t\t\n\t\t\t\t\t\t\t<\/div>\n\n\t\t\t\t\t<\/div>\n\t\t<\/div><\/div><\/div><\/div><div class=\"nk-awb  nk-awb-after-vc_row \" ><div class=\"nk-awb-wrap\" data-awb-type=\"image\" data-awb-image-background-size=\"cover\" data-awb-image-background-position=\"50% 50%\"><div class=\"nk-awb-overlay\" style=\"background-color: #FFFFFF00;\"><\/div><div  class=\"nk-awb-inner\"><\/div><\/div><\/div>\n<\/div>","protected":false},"excerpt":{"rendered":"","protected":false},"author":1,"featured_media":0,"parent":0,"menu_order":0,"comment_status":"closed","ping_status":"closed","template":"","meta":{"_acf_changed":false,"footnotes":""},"class_list":["post-24","page","type-page","status-publish","hentry"],"acf":[],"yoast_head":"<!-- This site is optimized with the Yoast SEO plugin v25.8 - https:\/\/yoast.com\/wordpress\/plugins\/seo\/ -->\n<title>Haberler - Nobel Expo<\/title>\n<meta name=\"robots\" content=\"index, follow, max-snippet:-1, max-image-preview:large, max-video-preview:-1\" \/>\n<link rel=\"canonical\" href=\"https:\/\/nobelexpo.com\/tr\/son-haberler\/\" \/>\n<meta property=\"og:locale\" content=\"tr_TR\" \/>\n<meta property=\"og:type\" content=\"article\" \/>\n<meta property=\"og:title\" content=\"Haberler - Nobel Expo\" \/>\n<meta property=\"og:url\" content=\"https:\/\/nobelexpo.com\/tr\/son-haberler\/\" \/>\n<meta property=\"og:site_name\" content=\"Nobel Expo\" \/>\n<meta property=\"article:modified_time\" content=\"2025-07-10T07:52:00+00:00\" \/>\n<meta name=\"twitter:card\" content=\"summary_large_image\" \/>\n<meta name=\"twitter:label1\" content=\"Tahmini okuma s\u00fcresi\" \/>\n\t<meta name=\"twitter:data1\" content=\"1 dakika\" \/>\n<script type=\"application\/ld+json\" class=\"yoast-schema-graph\">{\"@context\":\"https:\/\/schema.org\",\"@graph\":[{\"@type\":\"WebPage\",\"@id\":\"https:\/\/nobelexpo.com\/son-haberler\/\",\"url\":\"https:\/\/nobelexpo.com\/son-haberler\/\",\"name\":\"Haberler - Nobel Expo\",\"isPartOf\":{\"@id\":\"https:\/\/nobelexpo.com\/#website\"},\"datePublished\":\"2025-06-14T16:04:24+00:00\",\"dateModified\":\"2025-07-10T07:52:00+00:00\",\"breadcrumb\":{\"@id\":\"https:\/\/nobelexpo.com\/son-haberler\/#breadcrumb\"},\"inLanguage\":\"tr\",\"potentialAction\":[{\"@type\":\"ReadAction\",\"target\":[\"https:\/\/nobelexpo.com\/son-haberler\/\"]}]},{\"@type\":\"BreadcrumbList\",\"@id\":\"https:\/\/nobelexpo.com\/son-haberler\/#breadcrumb\",\"itemListElement\":[{\"@type\":\"ListItem\",\"position\":1,\"name\":\"Anasayfa\",\"item\":\"https:\/\/nobelexpo.com\/\"},{\"@type\":\"ListItem\",\"position\":2,\"name\":\"Haberler\"}]},{\"@type\":\"WebSite\",\"@id\":\"https:\/\/nobelexpo.com\/#website\",\"url\":\"https:\/\/nobelexpo.com\/\",\"name\":\"Nobel Expo\",\"description\":\"Gelece\u011fin Fuarlar\u0131na \u015eimdi Kat\u0131l\",\"potentialAction\":[{\"@type\":\"SearchAction\",\"target\":{\"@type\":\"EntryPoint\",\"urlTemplate\":\"https:\/\/nobelexpo.com\/?s={search_term_string}\"},\"query-input\":{\"@type\":\"PropertyValueSpecification\",\"valueRequired\":true,\"valueName\":\"search_term_string\"}}],\"inLanguage\":\"tr\"}]}<\/script>\n<!-- \/ Yoast SEO plugin. -->","yoast_head_json":{"title":"Haberler - Nobel Expo","robots":{"index":"index","follow":"follow","max-snippet":"max-snippet:-1","max-image-preview":"max-image-preview:large","max-video-preview":"max-video-preview:-1"},"canonical":"https:\/\/nobelexpo.com\/tr\/son-haberler\/","og_locale":"tr_TR","og_type":"article","og_title":"Haberler - Nobel Expo","og_url":"https:\/\/nobelexpo.com\/tr\/son-haberler\/","og_site_name":"Nobel Expo","article_modified_time":"2025-07-10T07:52:00+00:00","twitter_card":"summary_large_image","twitter_misc":{"Tahmini okuma s\u00fcresi":"1 dakika"},"schema":{"@context":"https:\/\/schema.org","@graph":[{"@type":"WebPage","@id":"https:\/\/nobelexpo.com\/son-haberler\/","url":"https:\/\/nobelexpo.com\/son-haberler\/","name":"Haberler - Nobel Expo","isPartOf":{"@id":"https:\/\/nobelexpo.com\/#website"},"datePublished":"2025-06-14T16:04:24+00:00","dateModified":"2025-07-10T07:52:00+00:00","breadcrumb":{"@id":"https:\/\/nobelexpo.com\/son-haberler\/#breadcrumb"},"inLanguage":"tr","potentialAction":[{"@type":"ReadAction","target":["https:\/\/nobelexpo.com\/son-haberler\/"]}]},{"@type":"BreadcrumbList","@id":"https:\/\/nobelexpo.com\/son-haberler\/#breadcrumb","itemListElement":[{"@type":"ListItem","position":1,"name":"Anasayfa","item":"https:\/\/nobelexpo.com\/"},{"@type":"ListItem","position":2,"name":"Haberler"}]},{"@type":"WebSite","@id":"https:\/\/nobelexpo.com\/#website","url":"https:\/\/nobelexpo.com\/","name":"Nobel Expo","description":"Gelece\u011fin Fuarlar\u0131na \u015eimdi Kat\u0131l","potentialAction":[{"@type":"SearchAction","target":{"@type":"EntryPoint","urlTemplate":"https:\/\/nobelexpo.com\/?s={search_term_string}"},"query-input":{"@type":"PropertyValueSpecification","valueRequired":true,"valueName":"search_term_string"}}],"inLanguage":"tr"}]}},"_links":{"self":[{"href":"https:\/\/nobelexpo.com\/tr\/wp-json\/wp\/v2\/pages\/24","targetHints":{"allow":["GET"]}}],"collection":[{"href":"https:\/\/nobelexpo.com\/tr\/wp-json\/wp\/v2\/pages"}],"about":[{"href":"https:\/\/nobelexpo.com\/tr\/wp-json\/wp\/v2\/types\/page"}],"author":[{"embeddable":true,"href":"https:\/\/nobelexpo.com\/tr\/wp-json\/wp\/v2\/users\/1"}],"replies":[{"embeddable":true,"href":"https:\/\/nobelexpo.com\/tr\/wp-json\/wp\/v2\/comments?post=24"}],"version-history":[{"count":26,"href":"https:\/\/nobelexpo.com\/tr\/wp-json\/wp\/v2\/pages\/24\/revisions"}],"predecessor-version":[{"id":1250,"href":"https:\/\/nobelexpo.com\/tr\/wp-json\/wp\/v2\/pages\/24\/revisions\/1250"}],"wp:attachment":[{"href":"https:\/\/nobelexpo.com\/tr\/wp-json\/wp\/v2\/media?parent=24"}],"curies":[{"name":"wp","href":"https:\/\/api.w.org\/{rel}","templated":true}]}}