{"id":31,"date":"2025-06-14T16:05:51","date_gmt":"2025-06-14T16:05:51","guid":{"rendered":"https:\/\/nobel.websitesunum.com.tr\/?page_id=31"},"modified":"2025-06-30T14:29:32","modified_gmt":"2025-06-30T14:29:32","slug":"aramiza-katilin","status":"publish","type":"page","link":"https:\/\/nobelexpo.com\/tr\/aramiza-katilin\/","title":{"rendered":"Aram\u0131za Kat\u0131l\u0131n"},"content":{"rendered":"<div class=\"wpb-content-wrapper\"><div id=\"row-ara\" class=\"vc_row wpb_row vc_row-fluid vc_row-o-content-middle vc_row-flex wd-rs-684ee690ef3f3\"><div class=\"wpb_column vc_column_container vc_col-sm-6 wd-rs-68596600935d7\" id=\"column-calis\"><div class=\"vc_column-inner\"><div class=\"wpb_wrapper\"><div class=\"vc_empty_space\"   style=\"height: 72px\"><span class=\"vc_empty_space_inner\"><\/span><\/div>\n\t<div class=\"wpb_text_column wpb_content_element color-scheme-light wd-animation-slide-from-left wd-animation-normal wd_delay_200\" >\n\t\t<div class=\"wpb_wrapper\">\n\t\t\t<p>bizimle \u00e7al\u0131\u015fmaya<\/p>\n<h1>haz\u0131r<br \/>\nm\u0131s\u0131n?<\/h1>\n\n\t\t<\/div>\n\t<\/div>\n<\/div><\/div><\/div><div class=\"nk-awb  nk-awb-after-vc_column \" ><div class=\"nk-awb-wrap\" data-awb-type=\"yt_vm_video\" data-awb-image-background-size=\"cover\" data-awb-image-background-position=\"50% 50%\" data-awb-video=\"https:\/\/www.youtube.com\/watch?v=6-Fo4EvCLik\" data-awb-video-start-time=\"0\" data-awb-video-end-time=\"0\" data-awb-video-volume=\"0\" data-awb-video-mobile=\"false\"><div class=\"nk-awb-overlay\" style=\"background-color: #6A6A6AB3;\"><\/div><div  class=\"nk-awb-inner\"><\/div><\/div><\/div><div class=\"wpb_column vc_column_container vc_col-sm-6\"><div class=\"vc_column-inner\"><div class=\"wpb_wrapper\">\n\t<div class=\"wpb_text_column wpb_content_element\" >\n\t\t<div class=\"wpb_wrapper\">\n\t\t\t<p style=\"text-align: center;\">Her ge\u00e7en g\u00fcn b\u00fcy\u00fcyen ve geli\u015fen Nobel Expo ailesine kat\u0131larak kariyerinizi zenginle\u015ftirin!<\/p>\n<p style=\"text-align: center;\"><strong>Genel Ba\u015fvuru<\/strong><\/p>\n\n\t\t<\/div>\n\t<\/div>\n\n<div class=\"wpcf7 no-js\" id=\"wpcf7-f232-o1\" lang=\"tr-TR\" dir=\"ltr\" data-wpcf7-id=\"232\">\n<div class=\"screen-reader-response\"><p role=\"status\" aria-live=\"polite\" aria-atomic=\"true\"><\/p> <ul><\/ul><\/div>\n<form action=\"\/tr\/wp-json\/wp\/v2\/pages\/31#wpcf7-f232-o1\" method=\"post\" class=\"wpcf7-form init\" aria-label=\"\u0130leti\u015fim Formu\" enctype=\"multipart\/form-data\" novalidate=\"novalidate\" data-status=\"init\">\n<div style=\"display: none;\">\n<input type=\"hidden\" name=\"_wpcf7\" value=\"232\" \/>\n<input type=\"hidden\" name=\"_wpcf7_version\" value=\"6.0.6\" \/>\n<input type=\"hidden\" name=\"_wpcf7_locale\" value=\"tr_TR\" \/>\n<input type=\"hidden\" name=\"_wpcf7_unit_tag\" value=\"wpcf7-f232-o1\" \/>\n<input type=\"hidden\" name=\"_wpcf7_container_post\" value=\"0\" \/>\n<input type=\"hidden\" name=\"_wpcf7_posted_data_hash\" value=\"\" \/>\n<\/div>\n<div class=\"row\">\n\t<div class=\"col-12 col-md-3 mb-3\">\n\t\t<p><span class=\"wpcf7-form-control-wrap\" data-name=\"ad\"><input size=\"40\" maxlength=\"400\" class=\"wpcf7-form-control wpcf7-text wpcf7-validates-as-required\" aria-required=\"true\" aria-invalid=\"false\" placeholder=\"Ad\u0131 *\" value=\"\" type=\"text\" name=\"ad\" \/><\/span>\n\t\t<\/p>\n\t<\/div>\n\t<div class=\"col-12 col-md-3 mb-3\">\n\t\t<p><span class=\"wpcf7-form-control-wrap\" data-name=\"soyad\"><input size=\"40\" maxlength=\"400\" class=\"wpcf7-form-control wpcf7-text wpcf7-validates-as-required\" aria-required=\"true\" aria-invalid=\"false\" placeholder=\"Soyad\u0131 *\" value=\"\" type=\"text\" name=\"soyad\" \/><\/span>\n\t\t<\/p>\n\t<\/div>\n\t<div class=\"col-12 col-md-3 mb-3\">\n\t\t<p><span class=\"wpcf7-form-control-wrap\" data-name=\"phone\"><input size=\"40\" maxlength=\"400\" class=\"wpcf7-form-control wpcf7-tel wpcf7-validates-as-required wpcf7-text wpcf7-validates-as-tel\" aria-required=\"true\" aria-invalid=\"false\" placeholder=\"Cep Telefonunuz *\" value=\"\" type=\"tel\" name=\"phone\" \/><\/span>\n\t\t<\/p>\n\t<\/div>\n\t<div class=\"col-12 col-md-3 mb-3\">\n\t\t<p><span class=\"wpcf7-form-control-wrap\" data-name=\"email\"><input size=\"40\" maxlength=\"400\" class=\"wpcf7-form-control wpcf7-email wpcf7-validates-as-required wpcf7-text wpcf7-validates-as-email\" aria-required=\"true\" aria-invalid=\"false\" placeholder=\"E-mail *\" value=\"\" type=\"email\" name=\"email\" \/><\/span>\n\t\t<\/p>\n\t<\/div>\n<\/div>\n<div class=\"row\">\n\t<div class=\"col-12 col-md-6 mb-3\">\n\t\t<p><span class=\"wpcf7-form-control-wrap\" data-name=\"ulke\"><input size=\"40\" maxlength=\"400\" class=\"wpcf7-form-control wpcf7-text wpcf7-validates-as-required\" aria-required=\"true\" aria-invalid=\"false\" placeholder=\"\u00dclke *\" value=\"\" type=\"text\" name=\"ulke\" \/><\/span>\n\t\t<\/p>\n\t<\/div>\n\t<div class=\"col-12 col-md-6 mb-3\">\n\t\t<p><span class=\"wpcf7-form-control-wrap\" data-name=\"sehir\"><input size=\"40\" maxlength=\"400\" class=\"wpcf7-form-control wpcf7-text wpcf7-validates-as-required\" aria-required=\"true\" aria-invalid=\"false\" placeholder=\"\u015eehir *\" value=\"\" type=\"text\" name=\"sehir\" \/><\/span>\n\t\t<\/p>\n\t<\/div>\n<\/div>\n<div class=\"row \">\n\t<div class=\"col-12 mb-3\">\n\t\t<p><span class=\"wpcf7-form-control-wrap\" data-name=\"pozisyon\"><select class=\"wpcf7-form-control wpcf7-select wpcf7-validates-as-required\" aria-required=\"true\" aria-invalid=\"false\" name=\"pozisyon\"><option value=\"Aday Olunan Pozisyon\">Aday Olunan Pozisyon<\/option><option value=\"Sat\u0131\u015f\">Sat\u0131\u015f<\/option><option value=\"Finans\">Finans<\/option><option value=\"Pazarlama\">Pazarlama<\/option><option value=\"Operasyon\">Operasyon<\/option><option value=\"Di\u011fer\">Di\u011fer<\/option><\/select><\/span>\n\t\t<\/p>\n\t<\/div>\n<\/div>\n<div class=\"row dosya-alani-buttons\">\n\t<div class=\"col-12 col-md-4 mb-3\">\n\t\t<p><span class=\"wpcf7-form-control-wrap\" data-name=\"fileInput1\"><input size=\"40\" class=\"wpcf7-form-control wpcf7-file dosya-alani\" id=\"cv-input\" accept=\".pdf,.doc,.docx\" aria-invalid=\"false\" type=\"file\" name=\"fileInput1\" \/><\/span><br \/>\n<button type=\"button\" class=\"btn btn-sm btn-dark btn-block mt-2\" onclick=\"document.getElementById('cv-input').click();\"><br \/>\nCV\u2019nizi Y\u00fckleyin<br \/>\n<\/button>\n\t\t<\/p>\n\t<\/div>\n\t<div class=\"col-12 col-md-4 mb-3\">\n\t\t<p><span class=\"wpcf7-form-control-wrap\" data-name=\"fileInput2\"><input size=\"40\" class=\"wpcf7-form-control wpcf7-file dosya-alani\" id=\"onyazi-input\" accept=\".pdf,.doc,.docx\" aria-invalid=\"false\" type=\"file\" name=\"fileInput2\" \/><\/span><br \/>\n<button type=\"button\" class=\"btn btn-sm btn-dark btn-block mt-2\" onclick=\"document.getElementById('onyazi-input').click();\"><br \/>\n\u00d6n Yaz\u0131n\u0131z\u0131 Y\u00fckleyin<br \/>\n<\/button>\n\t\t<\/p>\n\t<\/div>\n\t<div class=\"col-12 col-md-4 mb-3\">\n\t\t<p><span class=\"wpcf7-form-control-wrap\" data-name=\"fileInput3\"><input size=\"40\" class=\"wpcf7-form-control wpcf7-file dosya-alani\" id=\"ekdosya-input\" accept=\".pdf,.doc,.docx\" aria-invalid=\"false\" type=\"file\" name=\"fileInput3\" \/><\/span><br \/>\n<button type=\"button\" class=\"btn btn-sm btn-dark btn-block mt-2\" onclick=\"document.getElementById('ekdosya-input').click();\"><br \/>\nEk Dosyalar<br \/>\n<\/button>\n\t\t<\/p>\n\t<\/div>\n<\/div>\n<div class=\"row\">\n\t<div class=\"col-12 text-center mt-4\">\n\t\t<p><input class=\"wpcf7-form-control wpcf7-submit has-spinner btn btn-dark form-button-me btn-lg\" type=\"submit\" value=\"G\u00f6nder\" \/>\n\t\t<\/p>\n\t<\/div>\n<\/div><div class=\"wpcf7-response-output\" aria-hidden=\"true\"><\/div>\n<\/form>\n<\/div>\n<\/div><\/div><\/div><\/div>\n<\/div>","protected":false},"excerpt":{"rendered":"bizimle \u00e7al\u0131\u015fmaya haz\u0131r m\u0131s\u0131n? Her ge\u00e7en g\u00fcn b\u00fcy\u00fcyen ve geli\u015fen Nobel Expo ailesine kat\u0131larak kariyerinizi zenginle\u015ftirin! Genel Ba\u015fvuru Aday Olunan","protected":false},"author":1,"featured_media":0,"parent":0,"menu_order":0,"comment_status":"closed","ping_status":"closed","template":"","meta":{"_acf_changed":false,"footnotes":""},"class_list":["post-31","page","type-page","status-publish","hentry"],"acf":[],"yoast_head":"<!-- This site is optimized with the Yoast SEO plugin v25.8 - https:\/\/yoast.com\/wordpress\/plugins\/seo\/ -->\n<title>Aram\u0131za Kat\u0131l\u0131n - Nobel Expo<\/title>\n<meta name=\"robots\" content=\"index, follow, max-snippet:-1, max-image-preview:large, max-video-preview:-1\" \/>\n<link rel=\"canonical\" href=\"https:\/\/nobelexpo.com\/tr\/aramiza-katilin\/\" \/>\n<meta property=\"og:locale\" content=\"tr_TR\" \/>\n<meta property=\"og:type\" content=\"article\" \/>\n<meta property=\"og:title\" content=\"Aram\u0131za Kat\u0131l\u0131n - Nobel Expo\" \/>\n<meta property=\"og:url\" content=\"https:\/\/nobelexpo.com\/tr\/aramiza-katilin\/\" \/>\n<meta property=\"og:site_name\" content=\"Nobel Expo\" \/>\n<meta property=\"article:modified_time\" content=\"2025-06-30T14:29:32+00:00\" \/>\n<meta name=\"twitter:card\" content=\"summary_large_image\" \/>\n<meta name=\"twitter:label1\" content=\"Tahmini okuma s\u00fcresi\" \/>\n\t<meta name=\"twitter:data1\" content=\"1 dakika\" \/>\n<script type=\"application\/ld+json\" class=\"yoast-schema-graph\">{\"@context\":\"https:\/\/schema.org\",\"@graph\":[{\"@type\":\"WebPage\",\"@id\":\"https:\/\/nobelexpo.com\/aramiza-katilin\/\",\"url\":\"https:\/\/nobelexpo.com\/aramiza-katilin\/\",\"name\":\"Aram\u0131za Kat\u0131l\u0131n - Nobel Expo\",\"isPartOf\":{\"@id\":\"https:\/\/nobelexpo.com\/#website\"},\"datePublished\":\"2025-06-14T16:05:51+00:00\",\"dateModified\":\"2025-06-30T14:29:32+00:00\",\"breadcrumb\":{\"@id\":\"https:\/\/nobelexpo.com\/aramiza-katilin\/#breadcrumb\"},\"inLanguage\":\"tr\",\"potentialAction\":[{\"@type\":\"ReadAction\",\"target\":[\"https:\/\/nobelexpo.com\/aramiza-katilin\/\"]}]},{\"@type\":\"BreadcrumbList\",\"@id\":\"https:\/\/nobelexpo.com\/aramiza-katilin\/#breadcrumb\",\"itemListElement\":[{\"@type\":\"ListItem\",\"position\":1,\"name\":\"Anasayfa\",\"item\":\"https:\/\/nobelexpo.com\/\"},{\"@type\":\"ListItem\",\"position\":2,\"name\":\"Aram\u0131za Kat\u0131l\u0131n\"}]},{\"@type\":\"WebSite\",\"@id\":\"https:\/\/nobelexpo.com\/#website\",\"url\":\"https:\/\/nobelexpo.com\/\",\"name\":\"Nobel Expo\",\"description\":\"Gelece\u011fin Fuarlar\u0131na \u015eimdi Kat\u0131l\",\"potentialAction\":[{\"@type\":\"SearchAction\",\"target\":{\"@type\":\"EntryPoint\",\"urlTemplate\":\"https:\/\/nobelexpo.com\/?s={search_term_string}\"},\"query-input\":{\"@type\":\"PropertyValueSpecification\",\"valueRequired\":true,\"valueName\":\"search_term_string\"}}],\"inLanguage\":\"tr\"}]}<\/script>\n<!-- \/ Yoast SEO plugin. -->","yoast_head_json":{"title":"Aram\u0131za Kat\u0131l\u0131n - Nobel Expo","robots":{"index":"index","follow":"follow","max-snippet":"max-snippet:-1","max-image-preview":"max-image-preview:large","max-video-preview":"max-video-preview:-1"},"canonical":"https:\/\/nobelexpo.com\/tr\/aramiza-katilin\/","og_locale":"tr_TR","og_type":"article","og_title":"Aram\u0131za Kat\u0131l\u0131n - Nobel Expo","og_url":"https:\/\/nobelexpo.com\/tr\/aramiza-katilin\/","og_site_name":"Nobel Expo","article_modified_time":"2025-06-30T14:29:32+00:00","twitter_card":"summary_large_image","twitter_misc":{"Tahmini okuma s\u00fcresi":"1 dakika"},"schema":{"@context":"https:\/\/schema.org","@graph":[{"@type":"WebPage","@id":"https:\/\/nobelexpo.com\/aramiza-katilin\/","url":"https:\/\/nobelexpo.com\/aramiza-katilin\/","name":"Aram\u0131za Kat\u0131l\u0131n - Nobel Expo","isPartOf":{"@id":"https:\/\/nobelexpo.com\/#website"},"datePublished":"2025-06-14T16:05:51+00:00","dateModified":"2025-06-30T14:29:32+00:00","breadcrumb":{"@id":"https:\/\/nobelexpo.com\/aramiza-katilin\/#breadcrumb"},"inLanguage":"tr","potentialAction":[{"@type":"ReadAction","target":["https:\/\/nobelexpo.com\/aramiza-katilin\/"]}]},{"@type":"BreadcrumbList","@id":"https:\/\/nobelexpo.com\/aramiza-katilin\/#breadcrumb","itemListElement":[{"@type":"ListItem","position":1,"name":"Anasayfa","item":"https:\/\/nobelexpo.com\/"},{"@type":"ListItem","position":2,"name":"Aram\u0131za Kat\u0131l\u0131n"}]},{"@type":"WebSite","@id":"https:\/\/nobelexpo.com\/#website","url":"https:\/\/nobelexpo.com\/","name":"Nobel Expo","description":"Gelece\u011fin Fuarlar\u0131na \u015eimdi Kat\u0131l","potentialAction":[{"@type":"SearchAction","target":{"@type":"EntryPoint","urlTemplate":"https:\/\/nobelexpo.com\/?s={search_term_string}"},"query-input":{"@type":"PropertyValueSpecification","valueRequired":true,"valueName":"search_term_string"}}],"inLanguage":"tr"}]}},"_links":{"self":[{"href":"https:\/\/nobelexpo.com\/tr\/wp-json\/wp\/v2\/pages\/31","targetHints":{"allow":["GET"]}}],"collection":[{"href":"https:\/\/nobelexpo.com\/tr\/wp-json\/wp\/v2\/pages"}],"about":[{"href":"https:\/\/nobelexpo.com\/tr\/wp-json\/wp\/v2\/types\/page"}],"author":[{"embeddable":true,"href":"https:\/\/nobelexpo.com\/tr\/wp-json\/wp\/v2\/users\/1"}],"replies":[{"embeddable":true,"href":"https:\/\/nobelexpo.com\/tr\/wp-json\/wp\/v2\/comments?post=31"}],"version-history":[{"count":16,"href":"https:\/\/nobelexpo.com\/tr\/wp-json\/wp\/v2\/pages\/31\/revisions"}],"predecessor-version":[{"id":1022,"href":"https:\/\/nobelexpo.com\/tr\/wp-json\/wp\/v2\/pages\/31\/revisions\/1022"}],"wp:attachment":[{"href":"https:\/\/nobelexpo.com\/tr\/wp-json\/wp\/v2\/media?parent=31"}],"curies":[{"name":"wp","href":"https:\/\/api.w.org\/{rel}","templated":true}]}}