{"id":108,"date":"2025-06-15T14:26:21","date_gmt":"2025-06-15T14:26:21","guid":{"rendered":"https:\/\/nobel.websitesunum.com.tr\/?page_id=108"},"modified":"2025-06-15T14:35:37","modified_gmt":"2025-06-15T14:35:37","slug":"hikayemiz","status":"publish","type":"page","link":"https:\/\/nobelexpo.com\/zh-cn\/hikayemiz\/","title":{"rendered":"\u6211\u4eec\u7684\u6545\u4e8b"},"content":{"rendered":"<div class=\"wpb-content-wrapper\"><div class=\"vc_row wpb_row vc_row-fluid\"><div class=\"wpb_column vc_column_container vc_col-sm-12\"><div class=\"vc_column-inner\"><div class=\"wpb_wrapper\">\n\t<div class=\"wpb_text_column wpb_content_element wpb_animate_when_almost_visible wpb_fadeIn fadeIn\" >\n\t\t<div class=\"wpb_wrapper\">\n\t\t\t<h2 style=\"text-align: center;\">H\u0130K\u00c2YEM\u0130Z<\/h2>\n<p style=\"text-align: center;\">Nobel Expo\u2019nun hik\u00e2yesi, h\u0131zl\u0131 bir y\u00fckseli\u015fin ve yenilik\u00e7i bir vizyonun \u00f6yk\u00fcs\u00fcd\u00fcr. Bu ba\u015far\u0131, sadece h\u0131zl\u0131 b\u00fcy\u00fcmenin bir g\u00f6stergesi de\u011fil, ayn\u0131 zamanda sekt\u00f6r\u00fcn ihtiya\u00e7lar\u0131n\u0131 kar\u015f\u0131lamak ad\u0131na verdi\u011fimiz taahh\u00fcd\u00fcn bir yans\u0131mas\u0131d\u0131r.<\/p>\n\n\t\t<\/div>\n\t<\/div>\n<\/div><\/div><\/div><\/div><div class=\"vc_row wpb_row vc_row-fluid wd-rs-684ed9994c703\"><div class=\"wpb_column vc_column_container vc_col-sm-12\"><div class=\"vc_column-inner\"><div class=\"wpb_wrapper\"><div id=\"row-yazilar\" class=\"vc_row wpb_row vc_inner vc_row-fluid vc_column-gap-5 wd-rs-684ed98ce56ec\"><div class=\"wpb_column vc_column_container vc_col-sm-3 vc_col-has-fill wd-rs-684ed93c4afb3\"><div class=\"vc_column-inner vc_custom_1749997893427\"><div class=\"wpb_wrapper\">\n\t<div class=\"wpb_text_column wpb_content_element wd-animation-slide-from-bottom wd-animation-normal wd_delay_100\" >\n\t\t<div class=\"wpb_wrapper\">\n\t\t\t<h5 style=\"text-align: center;\">01<\/h5>\n<h3 style=\"text-align: center;\">Nobel Expo&#8217;nun ola\u011fan\u00fcst\u00fc yolculu\u011fu<\/h3>\n<p style=\"text-align: center;\">Ticaret fuarlar\u0131 d\u00fcnyas\u0131na 2020 y\u0131l\u0131 gibi \u00e7ok yak\u0131n bir zamanda ad\u0131m atan Nobel Expo, kuruldu\u011fu ilk g\u00fcnden itibaren, sekt\u00f6rdeki geleneksel s\u0131n\u0131rlar\u0131 y\u0131kma hedefi ile hareket etti. \u0130lk planlama ve \u00e7al\u0131\u015fmalar\u0131m\u0131z\u0131, ticaret odakl\u0131 yakla\u015f\u0131m\u0131m\u0131z ve yenilik\u00e7i vizyonumuz ile ticaret fuar\u0131 kavram\u0131na taze bir bak\u0131\u015f a\u00e7\u0131s\u0131 getirerek yapt\u0131k. Kat\u0131l\u0131mc\u0131lar\u0131m\u0131z\u0131, pazarlama ve reklam hizmetlerimizle destekleyerek, y\u0131l i\u00e7inde ticaret yapmaya devam etmelerini sa\u011flad\u0131k.<\/p>\n\n\t\t<\/div>\n\t<\/div>\n<\/div><\/div><\/div><div class=\"wpb_column vc_column_container vc_col-sm-3 vc_col-has-fill wd-rs-684ed987afeb5\"><div class=\"vc_column-inner vc_custom_1749997966139\"><div class=\"wpb_wrapper\">\n\t<div class=\"wpb_text_column wpb_content_element wd-animation-slide-from-bottom wd-animation-normal wd_delay_200\" >\n\t\t<div class=\"wpb_wrapper\">\n\t\t\t<h5 style=\"text-align: center;\">02<\/h5>\n<h3 style=\"text-align: center;\">Say\u0131larla Nobel Expo\u2019nun ba\u015far\u0131s\u0131<\/h3>\n<p style=\"text-align: center;\">Ba\u015fta T\u00fcrkiye, sonras\u0131nda Rusya, Almanya, ABD ve Libya olmak \u00fczere 5 farkl\u0131 \u00fclkede ofisleri bulunan Nobel Expo, bug\u00fcne kadar 12 farkl\u0131 \u015fehirde 6000+ kat\u0131l\u0131mc\u0131 firmay\u0131 d\u00fczenledi\u011fi ticaret fuarlar\u0131nda a\u011f\u0131rlama ba\u015far\u0131s\u0131n\u0131 g\u00f6stermi\u015ftir. Sadece 3 y\u0131l i\u00e7inde 300.000 m2 net fuar alan\u0131n\u0131 firmalara tahsil ederek, kat\u0131l\u0131mc\u0131lar\u0131n en iyi ve en do\u011fru sat\u0131n almac\u0131 ve sekt\u00f6r profesyonelleriyle bulu\u015fmas\u0131n\u0131 sa\u011flam\u0131\u015ft\u0131r.<\/p>\n\n\t\t<\/div>\n\t<\/div>\n<\/div><\/div><\/div><div class=\"wpb_column vc_column_container vc_col-sm-3 vc_col-has-fill wd-rs-684ed9483f230\"><div class=\"vc_column-inner vc_custom_1749997902403\"><div class=\"wpb_wrapper\">\n\t<div class=\"wpb_text_column wpb_content_element wd-animation-slide-from-bottom wd-animation-normal wd_delay_300\" >\n\t\t<div class=\"wpb_wrapper\">\n\t\t\t<h5 style=\"text-align: center;\">03<\/h5>\n<h3 style=\"text-align: center;\">Global ticaretin dinamik par\u00e7as\u0131<\/h3>\n<p style=\"text-align: center;\">T\u00fcrkiye&#8217;de Anadolu fuarc\u0131l\u0131\u011f\u0131n\u0131 desteklemekle kalmad\u0131k, vizyonumuzu daha geni\u015f bir alana yayd\u0131k. Rusya, Almanya, Libya ve ABD gibi \u00fclkelerde hem ticaret hem de fuar kurulu\u015flar\u0131 olu\u015fturarak, Nobel Expo&#8217;nun etkisini k\u00fcresel anlamda geni\u015flettik. D\u00fcnyan\u0131n d\u00f6rt bir yan\u0131nda farkl\u0131 sekt\u00f6rler, pazarlar ve k\u00fclt\u00fcrler aras\u0131nda k\u00f6pr\u00fcler kurarak, global ticaretin dinamik bir par\u00e7as\u0131 haline geldik.<\/p>\n\n\t\t<\/div>\n\t<\/div>\n<\/div><\/div><\/div><div class=\"wpb_column vc_column_container vc_col-sm-3 vc_col-has-fill wd-rs-684ed94d68b3a\"><div class=\"vc_column-inner vc_custom_1749997907723\"><div class=\"wpb_wrapper\">\n\t<div class=\"wpb_text_column wpb_content_element wd-animation-slide-from-bottom wd-animation-normal wd_delay_400\" >\n\t\t<div class=\"wpb_wrapper\">\n\t\t\t<h5 style=\"text-align: center;\">04<\/h5>\n<h3 style=\"text-align: center;\">Te\u015fekk\u00fcrler<\/h3>\n<p style=\"text-align: center;\">Bizi tercih eden her kat\u0131l\u0131mc\u0131n\u0131n ba\u015far\u0131s\u0131na olan ba\u011fl\u0131l\u0131\u011f\u0131m\u0131z, hik\u00e2yemizin kalbinde yer al\u0131r. Bu ilham verici yolculukta bizimle birlikte olan ve bu yolculu\u011fa yeni kat\u0131lan t\u00fcm kat\u0131l\u0131mc\u0131lar\u0131m\u0131za te\u015fekk\u00fcr ederiz. E\u011fer siz de ticaretinizi geni\u015fleterek yeni ba\u015far\u0131 hik\u00e2yeleri yazmak istiyorsan\u0131z, ge\u00e7 kalmadan fuarlarda yerinizi ay\u0131rt\u0131n ve Nobel Expo ile Gelece\u011fin Fuarlar\u0131na \u015fimdi kat\u0131l\u0131n!<\/p>\n\n\t\t<\/div>\n\t<\/div>\n<\/div><\/div><\/div><\/div><\/div><\/div><\/div><\/div><div class=\"vc_row wpb_row vc_row-fluid\"><div class=\"wpb_column vc_column_container vc_col-sm-12\"><div class=\"vc_column-inner\"><div class=\"wpb_wrapper\">\t\t<div id=\"gallery_962\" class=\"wd-images-gallery wd-wpb wd-animation-slide-from-bottom wd-animation-normal wd_delay_200 wd-rs-684ed8567f5cc wd-carousel-container wd-wpb\" style=\"--wd-justify-content:center;--wd-align-items:center;\">\n\t\t\t\t\t\t\t<div class=\"wd-carousel-inner\">\n\t\t\t\n\t\t\t<div class=\"wd-carousel wd-grid\"data-wrap=\"yes\" data-scroll_per_page=\"yes\" style=\"--wd-col-lg:1.5;--wd-col-md:1;--wd-col-sm:1;--wd-gap-lg:6px;\">\n\t\t\t\t\t\t\t\t\t<div class=\"wd-carousel-wrap\">\n\t\t\t\t\n\t\t\t\t\t\t\t\t\t\t\t\t\t\t\t<div class=\"wd-gallery-item wd-carousel-item\">\n\t\t\t\t\t\t\t\n\t\t\t\t\t\t\t\t<img loading=\"lazy\" decoding=\"async\" width=\"1973\" height=\"1279\" src=\"https:\/\/nobelexpo.com\/wp-content\/uploads\/2025\/06\/hikayemiz1.jpg\" class=\"wd-gallery-image image-1\" alt=\"\" srcset=\"https:\/\/nobelexpo.com\/wp-content\/uploads\/2025\/06\/hikayemiz1.jpg 1973w, https:\/\/nobelexpo.com\/wp-content\/uploads\/2025\/06\/hikayemiz1-300x194.jpg 300w, https:\/\/nobelexpo.com\/wp-content\/uploads\/2025\/06\/hikayemiz1-1024x664.jpg 1024w, https:\/\/nobelexpo.com\/wp-content\/uploads\/2025\/06\/hikayemiz1-768x498.jpg 768w, https:\/\/nobelexpo.com\/wp-content\/uploads\/2025\/06\/hikayemiz1-1536x996.jpg 1536w\" sizes=\"auto, (max-width: 1973px) 100vw, 1973px\" \/>\n\t\t\t\t\t\t\t\t\t\t\t\t\t\t<\/div>\n\t\t\t\t\t\t\t\t\t\t\t<div class=\"wd-gallery-item wd-carousel-item\">\n\t\t\t\t\t\t\t\n\t\t\t\t\t\t\t\t<img loading=\"lazy\" decoding=\"async\" width=\"1973\" height=\"1279\" src=\"https:\/\/nobelexpo.com\/wp-content\/uploads\/2025\/06\/hikayemiz3.jpg\" class=\"wd-gallery-image image-2\" alt=\"\" srcset=\"https:\/\/nobelexpo.com\/wp-content\/uploads\/2025\/06\/hikayemiz3.jpg 1973w, https:\/\/nobelexpo.com\/wp-content\/uploads\/2025\/06\/hikayemiz3-300x194.jpg 300w, https:\/\/nobelexpo.com\/wp-content\/uploads\/2025\/06\/hikayemiz3-1024x664.jpg 1024w, https:\/\/nobelexpo.com\/wp-content\/uploads\/2025\/06\/hikayemiz3-768x498.jpg 768w, https:\/\/nobelexpo.com\/wp-content\/uploads\/2025\/06\/hikayemiz3-1536x996.jpg 1536w\" sizes=\"auto, (max-width: 1973px) 100vw, 1973px\" \/>\n\t\t\t\t\t\t\t\t\t\t\t\t\t\t<\/div>\n\t\t\t\t\t\t\t\t\t\n\t\t\t\t\t\t\t\t\t<\/div>\n\t\t\t\t\t\t\t<\/div>\n\n\t\t\t\t\t\t\t\n\t\t\t\t<\/div>\n\n\t\t\t\t\t\t\t\t\t\t\t\t\t<\/div>\n\t\t<\/div><\/div><\/div><\/div>\n<\/div>","protected":false},"excerpt":{"rendered":"H\u0130K\u00c2YEM\u0130Z Nobel Expo\u2019nun hik\u00e2yesi, h\u0131zl\u0131 bir y\u00fckseli\u015fin ve yenilik\u00e7i bir vizyonun \u00f6yk\u00fcs\u00fcd\u00fcr. Bu ba\u015far\u0131, sadece h\u0131zl\u0131 b\u00fcy\u00fcmenin bir g\u00f6stergesi de\u011fil,","protected":false},"author":1,"featured_media":0,"parent":0,"menu_order":0,"comment_status":"closed","ping_status":"closed","template":"","meta":{"_acf_changed":false,"footnotes":""},"class_list":["post-108","page","type-page","status-publish","hentry"],"acf":[],"yoast_head":"<!-- This site is optimized with the Yoast SEO plugin v25.8 - https:\/\/yoast.com\/wordpress\/plugins\/seo\/ -->\n<title>Hikayemiz - Nobel Expo<\/title>\n<meta name=\"robots\" content=\"index, follow, max-snippet:-1, max-image-preview:large, max-video-preview:-1\" \/>\n<link rel=\"canonical\" href=\"https:\/\/nobelexpo.com\/zh-cn\/hikayemiz\/\" \/>\n<meta property=\"og:locale\" content=\"zh_CN\" \/>\n<meta property=\"og:type\" content=\"article\" \/>\n<meta property=\"og:title\" content=\"Hikayemiz - Nobel Expo\" \/>\n<meta property=\"og:url\" content=\"https:\/\/nobelexpo.com\/zh-cn\/hikayemiz\/\" \/>\n<meta property=\"og:site_name\" content=\"Nobel Expo\" \/>\n<meta property=\"article:modified_time\" content=\"2025-06-15T14:35:37+00:00\" \/>\n<meta name=\"twitter:card\" content=\"summary_large_image\" \/>\n<meta name=\"twitter:label1\" content=\"\u9884\u8ba1\u9605\u8bfb\u65f6\u95f4\" \/>\n\t<meta name=\"twitter:data1\" content=\"6 \u5206\" \/>\n<script type=\"application\/ld+json\" class=\"yoast-schema-graph\">{\"@context\":\"https:\/\/schema.org\",\"@graph\":[{\"@type\":\"WebPage\",\"@id\":\"https:\/\/nobelexpo.com\/hikayemiz\/\",\"url\":\"https:\/\/nobelexpo.com\/hikayemiz\/\",\"name\":\"Hikayemiz - Nobel Expo\",\"isPartOf\":{\"@id\":\"https:\/\/nobelexpo.com\/#website\"},\"datePublished\":\"2025-06-15T14:26:21+00:00\",\"dateModified\":\"2025-06-15T14:35:37+00:00\",\"breadcrumb\":{\"@id\":\"https:\/\/nobelexpo.com\/hikayemiz\/#breadcrumb\"},\"inLanguage\":\"zh-Hans\",\"potentialAction\":[{\"@type\":\"ReadAction\",\"target\":[\"https:\/\/nobelexpo.com\/hikayemiz\/\"]}]},{\"@type\":\"BreadcrumbList\",\"@id\":\"https:\/\/nobelexpo.com\/hikayemiz\/#breadcrumb\",\"itemListElement\":[{\"@type\":\"ListItem\",\"position\":1,\"name\":\"Anasayfa\",\"item\":\"https:\/\/nobelexpo.com\/\"},{\"@type\":\"ListItem\",\"position\":2,\"name\":\"Hikayemiz\"}]},{\"@type\":\"WebSite\",\"@id\":\"https:\/\/nobelexpo.com\/#website\",\"url\":\"https:\/\/nobelexpo.com\/\",\"name\":\"Nobel Expo\",\"description\":\"Gelece\u011fin Fuarlar\u0131na \u015eimdi Kat\u0131l\",\"potentialAction\":[{\"@type\":\"SearchAction\",\"target\":{\"@type\":\"EntryPoint\",\"urlTemplate\":\"https:\/\/nobelexpo.com\/?s={search_term_string}\"},\"query-input\":{\"@type\":\"PropertyValueSpecification\",\"valueRequired\":true,\"valueName\":\"search_term_string\"}}],\"inLanguage\":\"zh-Hans\"}]}<\/script>\n<!-- \/ Yoast SEO plugin. -->","yoast_head_json":{"title":"Hikayemiz - Nobel Expo","robots":{"index":"index","follow":"follow","max-snippet":"max-snippet:-1","max-image-preview":"max-image-preview:large","max-video-preview":"max-video-preview:-1"},"canonical":"https:\/\/nobelexpo.com\/zh-cn\/hikayemiz\/","og_locale":"zh_CN","og_type":"article","og_title":"Hikayemiz - Nobel Expo","og_url":"https:\/\/nobelexpo.com\/zh-cn\/hikayemiz\/","og_site_name":"Nobel Expo","article_modified_time":"2025-06-15T14:35:37+00:00","twitter_card":"summary_large_image","twitter_misc":{"\u9884\u8ba1\u9605\u8bfb\u65f6\u95f4":"6 \u5206"},"schema":{"@context":"https:\/\/schema.org","@graph":[{"@type":"WebPage","@id":"https:\/\/nobelexpo.com\/hikayemiz\/","url":"https:\/\/nobelexpo.com\/hikayemiz\/","name":"Hikayemiz - Nobel Expo","isPartOf":{"@id":"https:\/\/nobelexpo.com\/#website"},"datePublished":"2025-06-15T14:26:21+00:00","dateModified":"2025-06-15T14:35:37+00:00","breadcrumb":{"@id":"https:\/\/nobelexpo.com\/hikayemiz\/#breadcrumb"},"inLanguage":"zh-Hans","potentialAction":[{"@type":"ReadAction","target":["https:\/\/nobelexpo.com\/hikayemiz\/"]}]},{"@type":"BreadcrumbList","@id":"https:\/\/nobelexpo.com\/hikayemiz\/#breadcrumb","itemListElement":[{"@type":"ListItem","position":1,"name":"Anasayfa","item":"https:\/\/nobelexpo.com\/"},{"@type":"ListItem","position":2,"name":"Hikayemiz"}]},{"@type":"WebSite","@id":"https:\/\/nobelexpo.com\/#website","url":"https:\/\/nobelexpo.com\/","name":"\u8bfa\u8d1d\u5c14\u535a\u89c8\u4f1a","description":"\u73b0\u5728\u5c31\u52a0\u5165\u672a\u6765\u535a\u89c8\u4f1a","potentialAction":[{"@type":"SearchAction","target":{"@type":"EntryPoint","urlTemplate":"https:\/\/nobelexpo.com\/?s={search_term_string}"},"query-input":{"@type":"PropertyValueSpecification","valueRequired":true,"valueName":"search_term_string"}}],"inLanguage":"zh-Hans"}]}},"_links":{"self":[{"href":"https:\/\/nobelexpo.com\/zh-cn\/wp-json\/wp\/v2\/pages\/108","targetHints":{"allow":["GET"]}}],"collection":[{"href":"https:\/\/nobelexpo.com\/zh-cn\/wp-json\/wp\/v2\/pages"}],"about":[{"href":"https:\/\/nobelexpo.com\/zh-cn\/wp-json\/wp\/v2\/types\/page"}],"author":[{"embeddable":true,"href":"https:\/\/nobelexpo.com\/zh-cn\/wp-json\/wp\/v2\/users\/1"}],"replies":[{"embeddable":true,"href":"https:\/\/nobelexpo.com\/zh-cn\/wp-json\/wp\/v2\/comments?post=108"}],"version-history":[{"count":0,"href":"https:\/\/nobelexpo.com\/zh-cn\/wp-json\/wp\/v2\/pages\/108\/revisions"}],"wp:attachment":[{"href":"https:\/\/nobelexpo.com\/zh-cn\/wp-json\/wp\/v2\/media?parent=108"}],"curies":[{"name":"wp","href":"https:\/\/api.w.org\/{rel}","templated":true}]}}