{"id":124,"date":"2025-06-15T14:36:19","date_gmt":"2025-06-15T14:36:19","guid":{"rendered":"https:\/\/nobel.websitesunum.com.tr\/?page_id=124"},"modified":"2025-08-14T12:38:31","modified_gmt":"2025-08-14T12:38:31","slug":"vizyonumuz","status":"publish","type":"page","link":"https:\/\/nobelexpo.com\/zh-cn\/vizyonumuz\/","title":{"rendered":"\u6211\u4eec\u7684\u613f\u666f"},"content":{"rendered":"<div class=\"wpb-content-wrapper\"><div id=\"misyon-in\" class=\"vc_row wpb_row vc_row-fluid vc_custom_1750773961388 wd-rs-685ab0be0b4af\"><div class=\"wpb_column vc_column_container vc_col-sm-12\"><div class=\"vc_column-inner\"><div class=\"wpb_wrapper\">\n\t<div class=\"wpb_text_column wpb_content_element misyon-title1\" >\n\t\t<div class=\"wpb_wrapper\">\n\t\t\t<h1 style=\"text-align: center;\"><strong>\u6211\u4eec\u7684\u613f\u666f<\/strong><\/h1>\n\n\t\t<\/div>\n\t<\/div>\n\n\t<div class=\"wpb_text_column wpb_content_element misyon-title2\" >\n\t\t<div class=\"wpb_wrapper\">\n\t\t\t<p class=\"font-weight-600 text-extra-dark-gray alt-font\" style=\"text-align: center;\">\u6211\u4eec\u5e0c\u671b\u901a\u8fc7\u5728\u5168\u7403\u4e3e\u529e\u535a\u89c8\u4f1a\uff0c\u4e3a\u4f01\u4e1a\u5728\u672c\u5730\u548c\u56fd\u9645\u5e02\u573a\u4e0a\u9762\u4e34\u7684\u6311\u6218\u63d0\u4f9b\u6b63\u786e\u7684\u89e3\u51b3\u65b9\u6848\uff0c\u5e76\u91cd\u65b0\u5b9a\u4e49\u8d38\u6613\u7684\u754c\u9650\u3002<\/p>\n\n\t\t<\/div>\n\t<\/div>\n\n\t<div class=\"wpb_text_column wpb_content_element b2b-desc\" >\n\t\t<div class=\"wpb_wrapper\">\n\t\t\t<p style=\"text-align: center;\"><em><strong>\u6211\u4eec\u7684\u76ee\u6807\u662f\u6210\u4e3a\u5168\u7403\u9886\u5148\u7684 B2B \u5c55\u89c8\u4f1a\u63d0\u4f9b\u5546\uff0c\u5e2e\u52a9\u4e16\u754c\u5404\u5730\u7684\u4f01\u4e1a\u5b9e\u73b0\u5e76\u4fdd\u6301\u5176\u5546\u4e1a\u6f5c\u529b\u3002\u6211\u4eec\u8ba4\u8bc6\u5230\u6bcf\u4e2a\u53c2\u5c55\u5546\u7684\u4ef7\u503c\uff0c\u5e76\u81f4\u529b\u4e8e\u521b\u9020\u7b26\u5408\u5176\u9700\u6c42\u3001\u76ee\u6807\u548c\u613f\u666f\u7684\u4f53\u9a8c\u3002<\/strong><\/em><\/p>\n\n\t\t<\/div>\n\t<\/div>\n<\/div><\/div><\/div><\/div><div id=\"row-vizyon\" class=\"vc_row wpb_row vc_row-fluid vc_custom_1755175111942 vc_row-has-fill wd-rs-689dd8858c033 wd-section-stretch\"><div class=\"wpb_column vc_column_container vc_col-sm-12\"><div class=\"vc_column-inner\"><div class=\"wpb_wrapper\">\n\t<div class=\"wpb_text_column wpb_content_element color-scheme-light\" >\n\t\t<div class=\"wpb_wrapper\">\n\t\t\t<p><span class=\"tirnak\">&#8220;<\/span><\/p>\n<h3 style=\"text-align: center;\">\u4f5c\u4e3a\u8bfa\u8d1d\u5c14\u535a\u89c8\u4f1a\uff0c\u6211\u4eec\u7684\u613f\u666f\u662f\u62d3\u5c55\u8d38\u6613\u8fb9\u754c\uff0c\u4f7f\u6211\u4eec\u7684\u53c2\u5c55\u5546\u80fd\u591f\u62d3\u5c55\u5e02\u573a\uff0c\u6700\u5927\u9650\u5ea6\u5730\u53d1\u6325\u5176\u5546\u4e1a\u6f5c\u529b\u3002<\/h3>\n<p><span class=\"tirnak\">\"<\/span><\/p>\n\n\t\t<\/div>\n\t<\/div>\n<\/div><\/div><\/div><\/div><div class=\"nk-awb  nk-awb-after-vc_row\" ><div class=\"nk-awb-wrap\" data-awb-type=\"image\" data-awb-image-background-size=\"cover\" data-awb-image-background-position=\"center\"><div class=\"nk-awb-overlay\" style=\"background-color: #3A3A3ABF;\"><\/div><div  class=\"nk-awb-inner\"><img loading=\"lazy\" decoding=\"async\" width=\"1871\" height=\"1052\" src=\"https:\/\/nobelexpo.com\/wp-content\/uploads\/2025\/08\/189876318_l.jpg\" class=\"jarallax-img\" alt=\"\" style=\"object-position: center;\" srcset=\"https:\/\/nobelexpo.com\/wp-content\/uploads\/2025\/08\/189876318_l.jpg 1871w, https:\/\/nobelexpo.com\/wp-content\/uploads\/2025\/08\/189876318_l-300x169.jpg 300w, https:\/\/nobelexpo.com\/wp-content\/uploads\/2025\/08\/189876318_l-1024x576.jpg 1024w, https:\/\/nobelexpo.com\/wp-content\/uploads\/2025\/08\/189876318_l-768x432.jpg 768w, https:\/\/nobelexpo.com\/wp-content\/uploads\/2025\/08\/189876318_l-1536x864.jpg 1536w, https:\/\/nobelexpo.com\/wp-content\/uploads\/2025\/08\/189876318_l-18x10.jpg 18w, https:\/\/nobelexpo.com\/wp-content\/uploads\/2025\/08\/189876318_l-500x281.jpg 500w, https:\/\/nobelexpo.com\/wp-content\/uploads\/2025\/08\/189876318_l-800x450.jpg 800w, https:\/\/nobelexpo.com\/wp-content\/uploads\/2025\/08\/189876318_l-1280x720.jpg 1280w\" sizes=\"auto, (max-width: 1871px) 100vw, 1871px\" \/><\/div><\/div><\/div><div class=\"vc_row wpb_row vc_row-fluid vc_custom_1749998628469 wd-rs-684edc1e4110f\"><div class=\"wpb_column vc_column_container vc_col-sm-12\"><div class=\"vc_column-inner\"><div class=\"wpb_wrapper\">\n\t<div class=\"wpb_text_column wpb_content_element b2b-desc\" >\n\t\t<div class=\"wpb_wrapper\">\n\t\t\t<p style=\"text-align: center;\"><em><strong>\u8bfa\u8d1d\u5c14\u535a\u89c8\u4f1a\u7684\u76ee\u6807\u662f\u5728\u77ac\u606f\u4e07\u53d8\u7684\u8d38\u6613\u4e16\u754c\u4e2d\u6210\u4e3a\u4e00\u4e2a\u5f3a\u5927\u800c\u6709\u6548\u7684\u53c2\u4e0e\u8005\u3002\u8fd9\u9700\u8981\u4e0d\u65ad\u521b\u65b0\u3001\u6fc0\u60c5\u548c\u51b3\u5fc3\u3002\u6211\u4eec\u7684\u521b\u65b0\u65b9\u6cd5\u548c\u5927\u80c6\u6295\u8d44\u6307\u5f15\u6211\u4eec\u6210\u4e3a\u884c\u4e1a\u5148\u950b\uff0c\u5b9e\u73b0\u6211\u4eec\u7684\u613f\u666f\u3002\u6211\u4eec\u5c06\u7ee7\u7eed\u5bc6\u5207\u5173\u6ce8\u5e76\u4e86\u89e3\u884c\u4e1a\u8d8b\u52bf\u548c\u5ba2\u6237\u9700\u6c42\uff0c\u4ee5\u5b9e\u73b0\u6211\u4eec\u7684\u672a\u6765\u76ee\u6807\u3002<\/strong><\/em><\/p>\n\n\t\t<\/div>\n\t<\/div>\n<\/div><\/div><\/div><\/div><div id=\"row-imza\" class=\"vc_row wpb_row vc_row-fluid wd-rs-684edc0d7dedd\"><div class=\"wpb_column vc_column_container vc_col-sm-12\"><div class=\"vc_column-inner\"><div class=\"wpb_wrapper\">\n\t<div class=\"wpb_text_column wpb_content_element\" >\n\t\t<div class=\"wpb_wrapper\">\n\t\t\t<h2 style=\"text-align: center;\">Erhan \u00c7EL\u0130K<\/h2>\n<p style=\"text-align: center;\"><em>\u8463\u4e8b\u4f1a\u4e3b\u5e2d<\/em><\/p>\n\n\t\t<\/div>\n\t<\/div>\n\t\t<div id=\"wd-689dd85d3196c\" class=\"wd-image wd-wpb wd-rs-689dd85d3196c text-center\">\n\t\t\t\n\t\t\t<img loading=\"lazy\" decoding=\"async\" width=\"200\" height=\"40\" src=\"https:\/\/nobelexpo.com\/wp-content\/uploads\/2025\/06\/erhan-celik-imza-200x40.jpg\" class=\"attachment-200x40 size-200x40\" alt=\"\" srcset=\"https:\/\/nobelexpo.com\/wp-content\/uploads\/2025\/06\/erhan-celik-imza-200x40.jpg 200w, https:\/\/nobelexpo.com\/wp-content\/uploads\/2025\/06\/erhan-celik-imza-250x50.jpg 250w\" sizes=\"auto, (max-width: 200px) 100vw, 200px\" \/>\n\t\t\t\t\t<\/div>\n\t\t<\/div><\/div><\/div><\/div>\n<\/div>","protected":false},"excerpt":{"rendered":"V\u0130ZYONUMUZ K\u00fcresel \u00e7apta d\u00fczenledi\u011fimiz fuarlarla, firmalar\u0131n yerel ve uluslararas\u0131 pazarlarda kar\u015f\u0131la\u015ft\u0131klar\u0131 zorluklara en do\u011fru \u00e7\u00f6z\u00fcmleri sunmak ve ticaretin s\u0131n\u0131rlar\u0131n\u0131 yeniden","protected":false},"author":1,"featured_media":0,"parent":0,"menu_order":0,"comment_status":"closed","ping_status":"closed","template":"","meta":{"_acf_changed":false,"footnotes":""},"class_list":["post-124","page","type-page","status-publish","hentry"],"acf":[],"yoast_head":"<!-- This site is optimized with the Yoast SEO plugin v25.8 - https:\/\/yoast.com\/wordpress\/plugins\/seo\/ -->\n<title>Vizyonumuz - Nobel Expo<\/title>\n<meta name=\"robots\" content=\"index, follow, max-snippet:-1, max-image-preview:large, max-video-preview:-1\" \/>\n<link rel=\"canonical\" href=\"https:\/\/nobelexpo.com\/zh-cn\/vizyonumuz\/\" \/>\n<meta property=\"og:locale\" content=\"zh_CN\" \/>\n<meta property=\"og:type\" content=\"article\" \/>\n<meta property=\"og:title\" content=\"Vizyonumuz - Nobel Expo\" \/>\n<meta property=\"og:url\" content=\"https:\/\/nobelexpo.com\/zh-cn\/vizyonumuz\/\" \/>\n<meta property=\"og:site_name\" content=\"Nobel Expo\" \/>\n<meta property=\"article:modified_time\" content=\"2025-08-14T12:38:31+00:00\" \/>\n<meta name=\"twitter:card\" content=\"summary_large_image\" \/>\n<meta name=\"twitter:label1\" content=\"\u9884\u8ba1\u9605\u8bfb\u65f6\u95f4\" \/>\n\t<meta name=\"twitter:data1\" content=\"4 \u5206\" \/>\n<script type=\"application\/ld+json\" class=\"yoast-schema-graph\">{\"@context\":\"https:\/\/schema.org\",\"@graph\":[{\"@type\":\"WebPage\",\"@id\":\"https:\/\/nobelexpo.com\/vizyonumuz\/\",\"url\":\"https:\/\/nobelexpo.com\/vizyonumuz\/\",\"name\":\"Vizyonumuz - Nobel Expo\",\"isPartOf\":{\"@id\":\"https:\/\/nobelexpo.com\/#website\"},\"datePublished\":\"2025-06-15T14:36:19+00:00\",\"dateModified\":\"2025-08-14T12:38:31+00:00\",\"breadcrumb\":{\"@id\":\"https:\/\/nobelexpo.com\/vizyonumuz\/#breadcrumb\"},\"inLanguage\":\"zh-Hans\",\"potentialAction\":[{\"@type\":\"ReadAction\",\"target\":[\"https:\/\/nobelexpo.com\/vizyonumuz\/\"]}]},{\"@type\":\"BreadcrumbList\",\"@id\":\"https:\/\/nobelexpo.com\/vizyonumuz\/#breadcrumb\",\"itemListElement\":[{\"@type\":\"ListItem\",\"position\":1,\"name\":\"Anasayfa\",\"item\":\"https:\/\/nobelexpo.com\/\"},{\"@type\":\"ListItem\",\"position\":2,\"name\":\"Vizyonumuz\"}]},{\"@type\":\"WebSite\",\"@id\":\"https:\/\/nobelexpo.com\/#website\",\"url\":\"https:\/\/nobelexpo.com\/\",\"name\":\"Nobel Expo\",\"description\":\"Gelece\u011fin Fuarlar\u0131na \u015eimdi Kat\u0131l\",\"potentialAction\":[{\"@type\":\"SearchAction\",\"target\":{\"@type\":\"EntryPoint\",\"urlTemplate\":\"https:\/\/nobelexpo.com\/?s={search_term_string}\"},\"query-input\":{\"@type\":\"PropertyValueSpecification\",\"valueRequired\":true,\"valueName\":\"search_term_string\"}}],\"inLanguage\":\"zh-Hans\"}]}<\/script>\n<!-- \/ Yoast SEO plugin. -->","yoast_head_json":{"title":"Vizyonumuz - Nobel Expo","robots":{"index":"index","follow":"follow","max-snippet":"max-snippet:-1","max-image-preview":"max-image-preview:large","max-video-preview":"max-video-preview:-1"},"canonical":"https:\/\/nobelexpo.com\/zh-cn\/vizyonumuz\/","og_locale":"zh_CN","og_type":"article","og_title":"Vizyonumuz - Nobel Expo","og_url":"https:\/\/nobelexpo.com\/zh-cn\/vizyonumuz\/","og_site_name":"Nobel Expo","article_modified_time":"2025-08-14T12:38:31+00:00","twitter_card":"summary_large_image","twitter_misc":{"\u9884\u8ba1\u9605\u8bfb\u65f6\u95f4":"4 \u5206"},"schema":{"@context":"https:\/\/schema.org","@graph":[{"@type":"WebPage","@id":"https:\/\/nobelexpo.com\/vizyonumuz\/","url":"https:\/\/nobelexpo.com\/vizyonumuz\/","name":"Vizyonumuz - Nobel Expo","isPartOf":{"@id":"https:\/\/nobelexpo.com\/#website"},"datePublished":"2025-06-15T14:36:19+00:00","dateModified":"2025-08-14T12:38:31+00:00","breadcrumb":{"@id":"https:\/\/nobelexpo.com\/vizyonumuz\/#breadcrumb"},"inLanguage":"zh-Hans","potentialAction":[{"@type":"ReadAction","target":["https:\/\/nobelexpo.com\/vizyonumuz\/"]}]},{"@type":"BreadcrumbList","@id":"https:\/\/nobelexpo.com\/vizyonumuz\/#breadcrumb","itemListElement":[{"@type":"ListItem","position":1,"name":"Anasayfa","item":"https:\/\/nobelexpo.com\/"},{"@type":"ListItem","position":2,"name":"Vizyonumuz"}]},{"@type":"WebSite","@id":"https:\/\/nobelexpo.com\/#website","url":"https:\/\/nobelexpo.com\/","name":"\u8bfa\u8d1d\u5c14\u535a\u89c8\u4f1a","description":"\u73b0\u5728\u5c31\u52a0\u5165\u672a\u6765\u535a\u89c8\u4f1a","potentialAction":[{"@type":"SearchAction","target":{"@type":"EntryPoint","urlTemplate":"https:\/\/nobelexpo.com\/?s={search_term_string}"},"query-input":{"@type":"PropertyValueSpecification","valueRequired":true,"valueName":"search_term_string"}}],"inLanguage":"zh-Hans"}]}},"_links":{"self":[{"href":"https:\/\/nobelexpo.com\/zh-cn\/wp-json\/wp\/v2\/pages\/124","targetHints":{"allow":["GET"]}}],"collection":[{"href":"https:\/\/nobelexpo.com\/zh-cn\/wp-json\/wp\/v2\/pages"}],"about":[{"href":"https:\/\/nobelexpo.com\/zh-cn\/wp-json\/wp\/v2\/types\/page"}],"author":[{"embeddable":true,"href":"https:\/\/nobelexpo.com\/zh-cn\/wp-json\/wp\/v2\/users\/1"}],"replies":[{"embeddable":true,"href":"https:\/\/nobelexpo.com\/zh-cn\/wp-json\/wp\/v2\/comments?post=124"}],"version-history":[{"count":0,"href":"https:\/\/nobelexpo.com\/zh-cn\/wp-json\/wp\/v2\/pages\/124\/revisions"}],"wp:attachment":[{"href":"https:\/\/nobelexpo.com\/zh-cn\/wp-json\/wp\/v2\/media?parent=124"}],"curies":[{"name":"wp","href":"https:\/\/api.w.org\/{rel}","templated":true}]}}