{"id":175,"date":"2025-06-15T14:57:37","date_gmt":"2025-06-15T14:57:37","guid":{"rendered":"https:\/\/nobel.websitesunum.com.tr\/?page_id=175"},"modified":"2025-07-10T07:12:22","modified_gmt":"2025-07-10T07:12:22","slug":"misyonumuz","status":"publish","type":"page","link":"https:\/\/nobelexpo.com\/zh-cn\/misyonumuz\/","title":{"rendered":"\u6211\u4eec\u7684\u4f7f\u547d"},"content":{"rendered":"<div class=\"wpb-content-wrapper\"><div id=\"misyon-in\" class=\"vc_row wpb_row vc_row-fluid vc_custom_1750773961388 wd-rs-685ab0be0b4af\"><div class=\"wpb_column vc_column_container vc_col-sm-12\"><div class=\"vc_column-inner\"><div class=\"wpb_wrapper\">\n\t<div class=\"wpb_text_column wpb_content_element misyon-title1\" >\n\t\t<div class=\"wpb_wrapper\">\n\t\t\t<h1 style=\"text-align: center;\"><strong>\u6211\u4eec\u7684\u4f7f\u547d<\/strong><\/h1>\n\n\t\t<\/div>\n\t<\/div>\n\n\t<div class=\"wpb_text_column wpb_content_element misyon-title2\" >\n\t\t<div class=\"wpb_wrapper\">\n\t\t\t<p class=\"font-weight-600 text-extra-dark-gray alt-font\" style=\"text-align: center;\">\u786e\u4fdd\u6bcf\u5c4a\u535a\u89c8\u4f1a\u4e0d\u4ec5\u4ec5\u662f\u4e00\u4e2a\u805a\u4f1a\u70b9\uff0c\u800c\u662f\u4e00\u4e2a\u751f\u52a8\u6d3b\u6cfc\u7684\u4e92\u52a8\u5e73\u53f0\uff0c\u5728\u8fd9\u4e2a\u5e73\u53f0\u4e0a\uff0c\u8d38\u6613\u5f97\u4ee5\u53d1\u5c55\uff0c\u5408\u4f5c\u5f97\u4ee5\u5efa\u7acb\uff0c\u65b0\u673a\u9047\u5f97\u4ee5\u53d1\u73b0\u3002<\/p>\n\n\t\t<\/div>\n\t<\/div>\n\n\t<div class=\"wpb_text_column wpb_content_element b2b-desc\" >\n\t\t<div class=\"wpb_wrapper\">\n\t\t\t<p style=\"text-align: center;\"><em><strong>\u6211\u4eec\u7684\u4f7f\u547d\u662f\u4ee5\u6211\u4eec\u7684\u56fd\u5bb6\u548c\u51fa\u53e3\u76ee\u6807\u4e3a\u57fa\u7840\uff0c\u4e3a\u5168\u7403\u8d38\u6613\u4e16\u754c\u5e26\u6765\u5168\u65b0\u7684\u89c6\u89d2\uff0c\u6210\u4e3a\u884c\u4e1a\u9886\u5bfc\u8005\u548c\u521b\u65b0\u4e3e\u63aa\u4e4b\u95f4\u7684\u6865\u6881\u3002\u4f5c\u4e3a\u8bfa\u8d1d\u5c14\u535a\u89c8\u4f1a\uff0c\u6211\u4eec\u6700\u91cd\u8981\u7684\u4f7f\u547d\u662f\u521b\u5efa\u4e00\u4e2a\u5e73\u53f0\uff0c\u901a\u8fc7\u6c47\u805a\u6211\u4eec\u6709\u4ef7\u503c\u7684\u53c2\u5c55\u5546\u548c\u4e13\u4e1a\u89c2\u4f17\uff0c\u5e2e\u52a9\u53cc\u65b9\u53d6\u5f97\u6700\u4f73\u6210\u679c\uff0c\u5e76\u4e3a\u571f\u8033\u5176\u7684\u56fd\u5bb6\u53d1\u5c55\u505a\u51fa\u8d21\u732e\uff0c\u8ba9\u8fd9\u4e00\u884c\u52a8\u6c38\u8fdc\u6301\u7eed\u4e0b\u53bb\u3002<\/strong><\/em><\/p>\n\n\t\t<\/div>\n\t<\/div>\n<\/div><\/div><\/div><\/div><div id=\"row-vizyon\" class=\"vc_row wpb_row vc_row-fluid vc_custom_1750773170547 vc_row-has-fill wd-rs-685aad98651a2 wd-section-stretch\"><div class=\"wpb_column vc_column_container vc_col-sm-12\"><div class=\"vc_column-inner\"><div class=\"wpb_wrapper\">\n\t<div class=\"wpb_text_column wpb_content_element color-scheme-light\" >\n\t\t<div class=\"wpb_wrapper\">\n\t\t\t<p><span class=\"tirnak\">&#8220;<\/span><\/p>\n<h1 style=\"text-align: center;\">\u6211\u4eec\u7684\u4f7f\u547d\u662f\u786e\u4fdd\u6bcf\u4e00\u6b21\u5c55\u89c8\u90fd\u4e0d\u4ec5\u4ec5\u662f\u4e00\u4e2a\u805a\u4f1a\u70b9\uff0c\u800c\u662f\u4e00\u6b21\u751f\u52a8\u7684\u4e92\u52a8\u4f53\u9a8c\uff0c\u5728\u8fd9\u91cc\uff0c\u8d38\u6613\u548c\u5546\u4e1a\u5408\u4f5c\u5f97\u4ee5\u8fbe\u6210\uff0c\u65b0\u673a\u9047\u5f97\u4ee5\u53d1\u73b0\uff0c\u6210\u529f\u6545\u4e8b\u5f97\u4ee5\u4e66\u5199\u3002<\/h1>\n<p><span class=\"tirnak\">\"<\/span><\/p>\n\n\t\t<\/div>\n\t<\/div>\n<\/div><\/div><\/div><\/div><div class=\"nk-awb  nk-awb-after-vc_row\" ><div class=\"nk-awb-wrap\" data-awb-type=\"image\" data-awb-image-background-size=\"cover\" data-awb-image-background-position=\"50% 50%\"><div class=\"nk-awb-overlay\" style=\"background-color: #3A3A3ABF;\"><\/div><div  class=\"nk-awb-inner\"><img loading=\"lazy\" decoding=\"async\" width=\"1600\" height=\"900\" src=\"https:\/\/nobelexpo.com\/wp-content\/uploads\/2025\/06\/PHOTO-2025-06-24-10-53-16.jpg\" class=\"jarallax-img\" alt=\"\" style=\"object-position: 50% 50%;\" srcset=\"https:\/\/nobelexpo.com\/wp-content\/uploads\/2025\/06\/PHOTO-2025-06-24-10-53-16.jpg 1600w, https:\/\/nobelexpo.com\/wp-content\/uploads\/2025\/06\/PHOTO-2025-06-24-10-53-16-300x169.jpg 300w, https:\/\/nobelexpo.com\/wp-content\/uploads\/2025\/06\/PHOTO-2025-06-24-10-53-16-1024x576.jpg 1024w, https:\/\/nobelexpo.com\/wp-content\/uploads\/2025\/06\/PHOTO-2025-06-24-10-53-16-768x432.jpg 768w, https:\/\/nobelexpo.com\/wp-content\/uploads\/2025\/06\/PHOTO-2025-06-24-10-53-16-1536x864.jpg 1536w, https:\/\/nobelexpo.com\/wp-content\/uploads\/2025\/06\/PHOTO-2025-06-24-10-53-16-500x281.jpg 500w, https:\/\/nobelexpo.com\/wp-content\/uploads\/2025\/06\/PHOTO-2025-06-24-10-53-16-800x450.jpg 800w, https:\/\/nobelexpo.com\/wp-content\/uploads\/2025\/06\/PHOTO-2025-06-24-10-53-16-1280x720.jpg 1280w\" sizes=\"auto, (max-width: 1600px) 100vw, 1600px\" \/><\/div><\/div><\/div><div id=\"row-imza\" class=\"vc_row wpb_row vc_row-fluid wd-rs-684edc0d7dedd\"><div class=\"wpb_column vc_column_container vc_col-sm-12\"><div class=\"vc_column-inner\"><div class=\"wpb_wrapper\">\n\t<div class=\"wpb_text_column wpb_content_element\" >\n\t\t<div class=\"wpb_wrapper\">\n\t\t\t<h2 style=\"text-align: center;\">Erhan \u00c7EL\u0130K<\/h2>\n<p style=\"text-align: center;\"><em>\u8463\u4e8b\u4f1a\u4e3b\u5e2d<\/em><\/p>\n\n\t\t<\/div>\n\t<\/div>\n\t\t<div id=\"wd-684edc168fc47\" class=\"wd-image wd-wpb wd-rs-684edc168fc47 text-center\">\n\t\t\t\n\t\t\t<img loading=\"lazy\" decoding=\"async\" width=\"349\" height=\"95\" src=\"https:\/\/nobelexpo.com\/wp-content\/uploads\/2025\/06\/erhan-celik-imza.jpg\" class=\"attachment-full size-full\" alt=\"\" srcset=\"https:\/\/nobelexpo.com\/wp-content\/uploads\/2025\/06\/erhan-celik-imza.jpg 349w, https:\/\/nobelexpo.com\/wp-content\/uploads\/2025\/06\/erhan-celik-imza-300x82.jpg 300w\" sizes=\"auto, (max-width: 349px) 100vw, 349px\" \/>\n\t\t\t\t\t<\/div>\n\t\t<\/div><\/div><\/div><\/div>\n<\/div>","protected":false},"excerpt":{"rendered":"M\u0130SYONUMUZ Her fuar\u0131n yaln\u0131zca bir bulu\u015fma noktas\u0131 de\u011fil, ticaretin geli\u015fti\u011fi, i\u015f birliklerinin kuruldu\u011fu ve yeni f\u0131rsatlar\u0131n ke\u015ffedildi\u011fi canl\u0131 ve etkile\u015fimli","protected":false},"author":1,"featured_media":0,"parent":0,"menu_order":0,"comment_status":"closed","ping_status":"closed","template":"","meta":{"_acf_changed":false,"footnotes":""},"class_list":["post-175","page","type-page","status-publish","hentry"],"acf":[],"yoast_head":"<!-- This site is optimized with the Yoast SEO plugin v25.8 - https:\/\/yoast.com\/wordpress\/plugins\/seo\/ -->\n<title>Misyonumuz - Nobel Expo<\/title>\n<meta name=\"robots\" content=\"index, follow, max-snippet:-1, max-image-preview:large, max-video-preview:-1\" \/>\n<link rel=\"canonical\" href=\"https:\/\/nobelexpo.com\/zh-cn\/misyonumuz\/\" \/>\n<meta property=\"og:locale\" content=\"zh_CN\" \/>\n<meta property=\"og:type\" content=\"article\" \/>\n<meta property=\"og:title\" content=\"Misyonumuz - Nobel Expo\" \/>\n<meta property=\"og:url\" content=\"https:\/\/nobelexpo.com\/zh-cn\/misyonumuz\/\" \/>\n<meta property=\"og:site_name\" content=\"Nobel Expo\" \/>\n<meta property=\"article:modified_time\" content=\"2025-07-10T07:12:22+00:00\" \/>\n<meta name=\"twitter:card\" content=\"summary_large_image\" \/>\n<meta name=\"twitter:label1\" content=\"\u9884\u8ba1\u9605\u8bfb\u65f6\u95f4\" \/>\n\t<meta name=\"twitter:data1\" content=\"3 \u5206\" \/>\n<script type=\"application\/ld+json\" class=\"yoast-schema-graph\">{\"@context\":\"https:\/\/schema.org\",\"@graph\":[{\"@type\":\"WebPage\",\"@id\":\"https:\/\/nobelexpo.com\/misyonumuz\/\",\"url\":\"https:\/\/nobelexpo.com\/misyonumuz\/\",\"name\":\"Misyonumuz - Nobel Expo\",\"isPartOf\":{\"@id\":\"https:\/\/nobelexpo.com\/#website\"},\"datePublished\":\"2025-06-15T14:57:37+00:00\",\"dateModified\":\"2025-07-10T07:12:22+00:00\",\"breadcrumb\":{\"@id\":\"https:\/\/nobelexpo.com\/misyonumuz\/#breadcrumb\"},\"inLanguage\":\"zh-Hans\",\"potentialAction\":[{\"@type\":\"ReadAction\",\"target\":[\"https:\/\/nobelexpo.com\/misyonumuz\/\"]}]},{\"@type\":\"BreadcrumbList\",\"@id\":\"https:\/\/nobelexpo.com\/misyonumuz\/#breadcrumb\",\"itemListElement\":[{\"@type\":\"ListItem\",\"position\":1,\"name\":\"Anasayfa\",\"item\":\"https:\/\/nobelexpo.com\/\"},{\"@type\":\"ListItem\",\"position\":2,\"name\":\"Misyonumuz\"}]},{\"@type\":\"WebSite\",\"@id\":\"https:\/\/nobelexpo.com\/#website\",\"url\":\"https:\/\/nobelexpo.com\/\",\"name\":\"Nobel Expo\",\"description\":\"Gelece\u011fin Fuarlar\u0131na \u015eimdi Kat\u0131l\",\"potentialAction\":[{\"@type\":\"SearchAction\",\"target\":{\"@type\":\"EntryPoint\",\"urlTemplate\":\"https:\/\/nobelexpo.com\/?s={search_term_string}\"},\"query-input\":{\"@type\":\"PropertyValueSpecification\",\"valueRequired\":true,\"valueName\":\"search_term_string\"}}],\"inLanguage\":\"zh-Hans\"}]}<\/script>\n<!-- \/ Yoast SEO plugin. -->","yoast_head_json":{"title":"Misyonumuz - Nobel Expo","robots":{"index":"index","follow":"follow","max-snippet":"max-snippet:-1","max-image-preview":"max-image-preview:large","max-video-preview":"max-video-preview:-1"},"canonical":"https:\/\/nobelexpo.com\/zh-cn\/misyonumuz\/","og_locale":"zh_CN","og_type":"article","og_title":"Misyonumuz - Nobel Expo","og_url":"https:\/\/nobelexpo.com\/zh-cn\/misyonumuz\/","og_site_name":"Nobel Expo","article_modified_time":"2025-07-10T07:12:22+00:00","twitter_card":"summary_large_image","twitter_misc":{"\u9884\u8ba1\u9605\u8bfb\u65f6\u95f4":"3 \u5206"},"schema":{"@context":"https:\/\/schema.org","@graph":[{"@type":"WebPage","@id":"https:\/\/nobelexpo.com\/misyonumuz\/","url":"https:\/\/nobelexpo.com\/misyonumuz\/","name":"Misyonumuz - Nobel Expo","isPartOf":{"@id":"https:\/\/nobelexpo.com\/#website"},"datePublished":"2025-06-15T14:57:37+00:00","dateModified":"2025-07-10T07:12:22+00:00","breadcrumb":{"@id":"https:\/\/nobelexpo.com\/misyonumuz\/#breadcrumb"},"inLanguage":"zh-Hans","potentialAction":[{"@type":"ReadAction","target":["https:\/\/nobelexpo.com\/misyonumuz\/"]}]},{"@type":"BreadcrumbList","@id":"https:\/\/nobelexpo.com\/misyonumuz\/#breadcrumb","itemListElement":[{"@type":"ListItem","position":1,"name":"Anasayfa","item":"https:\/\/nobelexpo.com\/"},{"@type":"ListItem","position":2,"name":"Misyonumuz"}]},{"@type":"WebSite","@id":"https:\/\/nobelexpo.com\/#website","url":"https:\/\/nobelexpo.com\/","name":"\u8bfa\u8d1d\u5c14\u535a\u89c8\u4f1a","description":"\u73b0\u5728\u5c31\u52a0\u5165\u672a\u6765\u535a\u89c8\u4f1a","potentialAction":[{"@type":"SearchAction","target":{"@type":"EntryPoint","urlTemplate":"https:\/\/nobelexpo.com\/?s={search_term_string}"},"query-input":{"@type":"PropertyValueSpecification","valueRequired":true,"valueName":"search_term_string"}}],"inLanguage":"zh-Hans"}]}},"_links":{"self":[{"href":"https:\/\/nobelexpo.com\/zh-cn\/wp-json\/wp\/v2\/pages\/175","targetHints":{"allow":["GET"]}}],"collection":[{"href":"https:\/\/nobelexpo.com\/zh-cn\/wp-json\/wp\/v2\/pages"}],"about":[{"href":"https:\/\/nobelexpo.com\/zh-cn\/wp-json\/wp\/v2\/types\/page"}],"author":[{"embeddable":true,"href":"https:\/\/nobelexpo.com\/zh-cn\/wp-json\/wp\/v2\/users\/1"}],"replies":[{"embeddable":true,"href":"https:\/\/nobelexpo.com\/zh-cn\/wp-json\/wp\/v2\/comments?post=175"}],"version-history":[{"count":0,"href":"https:\/\/nobelexpo.com\/zh-cn\/wp-json\/wp\/v2\/pages\/175\/revisions"}],"wp:attachment":[{"href":"https:\/\/nobelexpo.com\/zh-cn\/wp-json\/wp\/v2\/media?parent=175"}],"curies":[{"name":"wp","href":"https:\/\/api.w.org\/{rel}","templated":true}]}}