{"id":20,"date":"2025-06-14T16:03:20","date_gmt":"2025-06-14T16:03:20","guid":{"rendered":"https:\/\/nobel.websitesunum.com.tr\/?page_id=20"},"modified":"2025-07-10T07:38:22","modified_gmt":"2025-07-10T07:38:22","slug":"b2b-eslestirme","status":"publish","type":"page","link":"https:\/\/nobelexpo.com\/zh-cn\/b2b-eslestirme\/","title":{"rendered":"B2B \u7275\u7ebf\u642d\u6865"},"content":{"rendered":"<div class=\"wpb-content-wrapper\"><div id=\"b2b-in\" class=\"vc_row wpb_row vc_row-fluid wpb_animate_when_almost_visible wpb_wd-slide-from-bottom wd-slide-from-bottom vc_custom_1750775979529 wd-rs-685ab8a30544c\"><div class=\"wpb_column vc_column_container vc_col-sm-12\"><div class=\"vc_column-inner\"><div class=\"wpb_wrapper\">\n\t<div class=\"wpb_text_column wpb_content_element\" >\n\t\t<div class=\"wpb_wrapper\">\n\t\t\t<h1><strong>B2B \u914d\u5bf9\u548c\u4e70\u5bb6\u4ee3\u8868\u56e2\u8ba1\u5212\uff1a<\/strong><\/h1>\n\n\t\t<\/div>\n\t<\/div>\n\n\t<div class=\"wpb_text_column wpb_content_element b2b-title2\" >\n\t\t<div class=\"wpb_wrapper\">\n\t\t\t<p class=\"font-weight-600 text-extra-dark-gray alt-font\">\u8bfa\u8d1d\u5c14\u535a\u89c8\u4f1a\u7684\u6770\u51fa\u670d\u52a1<\/p>\n\n\t\t<\/div>\n\t<\/div>\n\n\t<div class=\"wpb_text_column wpb_content_element b2b-desc\" >\n\t\t<div class=\"wpb_wrapper\">\n\t\t\t<p>\u4f5c\u4e3a Nobel Expo\uff0c\u6211\u4eec\u6e05\u695a\u5730\u8ba4\u8bc6\u5230\uff0c\u8d38\u6613\u5c55\u89c8\u4f1a\u5e76\u975e\u53ea\u5173\u6ce8\u4e00\u70b9\u3002\u6211\u4eec\u63d0\u4f9b\u4f18\u8d28\u7684\u670d\u52a1\uff0c\u5e2e\u52a9\u60a8\u5efa\u7acb\u6b63\u786e\u7684\u8054\u7cfb\uff0c\u52a9\u60a8\u62d3\u5c55\u4e1a\u52a1\uff0c\u786e\u4fdd\u60a8\u5728\u7ade\u4e89\u4e2d\u9886\u5148\u4e00\u6b65\u3002\u8fd9\u6b63\u662f\u6211\u4eec\u7684 B2B \u7275\u7ebf\u642d\u6865\u548c\u4e70\u5bb6\u4ee3\u8868\u56e2\u8ba1\u5212\u53d1\u6325\u4f5c\u7528\u7684\u5730\u65b9\u3002\u8bfa\u8d1d\u5c14\u535a\u89c8\u4f1a\u7684 B2B \u914d\u5bf9\u548c\u4e70\u5bb6\u4ee3\u8868\u56e2\u8ba1\u5212\u5728\u6b27\u6d32\u3001\u7f8e\u6d32\u3001\u4e9a\u6d32\u548c\u975e\u6d32\u5747\u6709\u4e3e\u529e\u3002\u00a0<strong><a href=\"https:\/\/nobelexpo.com\/zh-cn\/ofislerimiz.php\/\">\u5728\u56db\u5927\u6d32\u8bbe\u7acb\u8d38\u6613\u529e\u4e8b\u5904<\/a><\/strong>\u00a0\u901a\u8fc7\u4e0e\u8fd9\u4e9b\u56fd\u5bb6\u7684\u5546\u52a1\u53c2\u8d5e\u5904\u7684\u5bc6\u5207\u8054\u7cfb\uff0c\u60a8\u53ef\u4ee5\u627e\u5230\u6765\u81ea\u4e16\u754c\u5404\u5730\u7684\u5ba2\u6237\u3002<\/p>\n\n\t\t<\/div>\n\t<\/div>\n<\/div><\/div><\/div><\/div><div id=\"row-c\" class=\"vc_row wpb_row vc_row-fluid wpb_animate_when_almost_visible wpb_wd-slide-from-bottom wd-slide-from-bottom vc_custom_1750775987063 vc_row-has-fill wd-rs-685ab89e81a73 wd-section-stretch\"><div class=\"wpb_column vc_column_container vc_col-sm-12\"><div class=\"vc_column-inner\"><div class=\"wpb_wrapper\"><div class=\"vc_icon_element vc_icon_element-outer vc_do_icon vc_icon_element-align-center\"><div class=\"vc_icon_element-inner vc_icon_element-color-custom vc_icon_element-size-lg vc_icon_element-style- vc_icon_element-background-color-grey\" ><span class=\"vc_icon_element-icon fa fa-solid fa-quote-left\" style=\"color:#EE7202 !important\"><\/span><\/div><\/div>\n\t<div class=\"wpb_text_column wpb_content_element\" >\n\t\t<div class=\"wpb_wrapper\">\n\t\t\t<h5 style=\"text-align: center;\"><strong>C \u7ea7<\/strong> \u6216\u4e0e\u6709\u51b3\u7b56\u6743\u7684\u7ba1\u7406\u4eba\u5458\u4e3e\u884c B2B \u4f1a\u8bae\u3001<br \/>\n<strong>\u66f4\u8f7b\u677e\u5730\u5b9e\u73b0\u5546\u4e1a\u76ee\u6807<\/strong> \u60a8\u5c06\u5230\u8fbe<\/h5>\n\n\t\t<\/div>\n\t<\/div>\n<div class=\"vc_icon_element vc_icon_element-outer vc_do_icon vc_icon_element-align-center\"><div class=\"vc_icon_element-inner vc_icon_element-color-custom vc_icon_element-size-lg vc_icon_element-style- vc_icon_element-background-color-grey\" ><span class=\"vc_icon_element-icon fa fa-solid fa-quote-right\" style=\"color:#EE7202 !important\"><\/span><\/div><\/div><\/div><\/div><\/div><\/div><div id=\"row-gorselke\" class=\"vc_row wpb_row vc_row-fluid wpb_animate_when_almost_visible wpb_wd-slide-from-bottom wd-slide-from-bottom wd-rs-685ab8b23a43d wd-section-stretch-content-no-pd\"><div class=\"wpb_column vc_column_container vc_col-sm-6\"><div class=\"vc_column-inner\"><div class=\"wpb_wrapper\">\t\t<div id=\"wd-685aa8d0a2bc4\" class=\"wd-image wd-wpb wd-rs-685aa8d0a2bc4 text-center\">\n\t\t\t\n\t\t\t<img loading=\"lazy\" decoding=\"async\" width=\"847\" height=\"702\" src=\"https:\/\/nobelexpo.com\/wp-content\/uploads\/2025\/06\/PHOTO-2025-06-24-11-09-13.jpg\" class=\"attachment-full size-full\" alt=\"\" srcset=\"https:\/\/nobelexpo.com\/wp-content\/uploads\/2025\/06\/PHOTO-2025-06-24-11-09-13.jpg 847w, https:\/\/nobelexpo.com\/wp-content\/uploads\/2025\/06\/PHOTO-2025-06-24-11-09-13-300x249.jpg 300w, https:\/\/nobelexpo.com\/wp-content\/uploads\/2025\/06\/PHOTO-2025-06-24-11-09-13-768x637.jpg 768w, https:\/\/nobelexpo.com\/wp-content\/uploads\/2025\/06\/PHOTO-2025-06-24-11-09-13-500x414.jpg 500w, https:\/\/nobelexpo.com\/wp-content\/uploads\/2025\/06\/PHOTO-2025-06-24-11-09-13-800x663.jpg 800w\" sizes=\"auto, (max-width: 847px) 100vw, 847px\" \/>\n\t\t\t\t\t<\/div>\n\t\t<\/div><\/div><\/div><div class=\"wpb_column vc_column_container vc_col-sm-6\"><div class=\"vc_column-inner\"><div class=\"wpb_wrapper\">\n\t\t\t<div id=\"carousel-849\" class=\"wd-carousel-container banners-carousel-wrapper   wd-rs-68594a5561fe6\">\n\t\t\t\t<div class=\"wd-carousel-inner\">\n\t\t\t\t\t<div class=\"wd-carousel wd-grid banners-carousel\" data-speed=\"5000\" data-autoplay=\"yes\" data-scroll_per_page=\"yes\" style=\"--wd-col-lg:1;--wd-col-md:1;--wd-col-sm:1;--wd-gap-lg:30px;--wd-gap-sm:10px;\">\n\t\t\t\t\t\t<div class=\"wd-carousel-wrap\">\n\t\t\t\t\t\t\t\t\t<div class=\"promo-banner-wrapper  wd-rs-686f6cff55c46  wd-carousel-item\">\n\t\t\t<div id=\"wd-686f6cff55c46\" class=\"promo-banner  banner-mask banner-hover-zoom color-scheme-light banner-btn-size-default banner-btn-style-default wd-width-enabled  with-btn banner-btn-position-static wd-with-link wd-underline-colored\" style=\"--wd-max-width: 80%;\">\n\t\t\t\t<div class=\"main-wrapp-img\">\n\t\t\t\t\t<div class=\"banner-image wd-bg-position-center\" >\n\t\t\t\t\t\t<img loading=\"lazy\" decoding=\"async\" width=\"1000\" height=\"1000\" src=\"https:\/\/nobelexpo.com\/wp-content\/uploads\/2025\/06\/b2b.webp\" class=\"attachment-full size-full\" alt=\"\" \/>\t\t\t\t\t<\/div>\n\t\t\t\t<\/div>\n\n\t\t\t\t<div class=\"wrapper-content-banner wd-fill  wd-items-middle wd-justify-center\">\n\t\t\t\t\t<div class=\"content-banner  text-center\">\n\t\t\t\t\t\t<div class=\"banner-subtitle subtitle-color-default subtitle-style-default wd-fontsize-xs wd-font-weight-\">01<\/div><h4 class=\"banner-title wd-font-weight- wd-fontsize-l\">\u8ba9\u5408\u9002\u7684\u5ba2\u6237\u6765\u627e\u60a8<\/h4>\t\t\t\t\t\t\t\t\t\t\t\t\t<div class=\"banner-inner reset-last-child\">\n\t\t\t\t\t\t\t\t<\/p>\n<h3 style=\"text-align: center;\">B2B \u7275\u7ebf\u642d\u6865<\/h3>\n<p style=\"text-align: center;\">\u4f5c\u4e3a\u8bfa\u8d1d\u5c14\u535a\u89c8\u4f1a\uff0c\u6211\u4eec\u6df1\u77e5\u53c2\u5c55\u4e0d\u4ec5\u4ec5\u662f\u79df\u7528\u573a\u5730\u3002\u6211\u4eec\u901a\u8fc7 B2B \u914d\u5bf9\u548c\u4e70\u5bb6\u4ee3\u8868\u56e2\u8ba1\u5212\u4e3a\u53c2\u5c55\u5546\u5e26\u6765\u771f\u6b63\u7684\u8d38\u6613\u673a\u4f1a\uff0c\u6211\u4eec\u4e3a\u60a8\u5efa\u7acb\u6b63\u786e\u7684\u8054\u7cfb\uff0c\u4fc3\u8fdb\u60a8\u7684\u4e1a\u52a1\u589e\u957f\u3002<\/p>\n<p>\n\t\t\t\t\t\t\t<\/div>\n\t\t\t\t\t\t\n\t\t\t\t\t\t\n\t\t\t\t\t\t<div class=\"banner-btn-wrapper\"><div id=\"wd-69f2326bdd8d1\" class=\"wd-button-wrapper text-center\"><a href=\"\/zh-cn\/hizmetlerimiz\/\" title=\"\" class=\"btn btn-color-primary btn-style-default btn-shape-rectangle btn-size-default\">\u6211\u4eec\u7684\u670d\u52a1<\/a><\/div><\/div>\t\t\t\t\t<\/div>\n\t\t\t\t<\/div>\n\n\t\t\t\t\t\t\t\t\t<a class=\"wd-promo-banner-link wd-fill\" aria-label=\"Banner link\" href=\"\/zh-cn\/hizmetlerimiz\/\" title=\"\"><\/a>\n\t\t\t\t\n\t\t\t\t\t\t\t<\/div>\n\t\t<\/div>\n\n\t\t\t\t<div class=\"promo-banner-wrapper  wd-rs-686f6dd610c0f  wd-carousel-item\">\n\t\t\t<div id=\"wd-686f6dd610c0f\" class=\"promo-banner  banner-mask banner-hover-zoom color-scheme-light banner-btn-size-default banner-btn-style-default wd-width-enabled  with-btn banner-btn-position-static wd-with-link wd-underline-colored\" style=\"--wd-max-width: 80%;\">\n\t\t\t\t<div class=\"main-wrapp-img\">\n\t\t\t\t\t<div class=\"banner-image wd-bg-position-center\" >\n\t\t\t\t\t\t<img loading=\"lazy\" decoding=\"async\" width=\"1000\" height=\"1000\" src=\"https:\/\/nobelexpo.com\/wp-content\/uploads\/2025\/06\/b2b.webp\" class=\"attachment-full size-full\" alt=\"\" \/>\t\t\t\t\t<\/div>\n\t\t\t\t<\/div>\n\n\t\t\t\t<div class=\"wrapper-content-banner wd-fill  wd-items-middle wd-justify-center\">\n\t\t\t\t\t<div class=\"content-banner  text-center\">\n\t\t\t\t\t\t<div class=\"banner-subtitle subtitle-color-default subtitle-style-default wd-fontsize-xs wd-font-weight-\">02<\/div><h4 class=\"banner-title wd-font-weight- wd-fontsize-l\">\u4f60\u7684\u644a\u4f4d\u6c38\u8fdc\u4e0d\u4f1a\u7a7a<\/h4>\t\t\t\t\t\t\t\t\t\t\t\t\t<div class=\"banner-inner reset-last-child\">\n\t\t\t\t\t\t\t\t<\/p>\n<h3 style=\"text-align: center;\">\u4e70\u5bb6\u4ee3\u8868\u56e2\u8ba1\u5212<\/h3>\n<p style=\"text-align: center;\">\u51ed\u501f\u6211\u4eec\u5728\u6b27\u6d32\u3001\u7f8e\u6d32\u3001\u4e9a\u6d32\u548c\u975e\u6d32\u7684\u8d38\u6613\u529e\u4e8b\u5904\u4ee5\u53ca\u4e0e\u8fd9\u4e9b\u5730\u533a\u7684\u5546\u52a1\u4e13\u5458\u529e\u4e8b\u5904\u7684\u7d27\u5bc6\u5408\u4f5c\uff0c\u6211\u4eec\u5c06\u60a8\u4e0e\u6765\u81ea\u4e16\u754c\u5404\u5730\u7684\u4e70\u5bb6\u6c47\u805a\u5728\u540c\u4e00\u4e2a\u5e73\u53f0\u4e0a\u3002\u501f\u52a9\u8bfa\u8d1d\u5c14\u535a\u89c8\u4f1a\u7684\u56fd\u9645\u7f51\u7edc\uff0c\u60a8\u5c06\u5728\u7ade\u4e89\u4e2d\u9886\u5148\u4e00\u6b65\uff0c\u6ee1\u6000\u4fe1\u5fc3\u5730\u6253\u5f00\u5168\u7403\u5e02\u573a\u3002<\/p>\n<p>\n\t\t\t\t\t\t\t<\/div>\n\t\t\t\t\t\t\n\t\t\t\t\t\t\n\t\t\t\t\t\t<div class=\"banner-btn-wrapper\"><div id=\"wd-69f2326bddb00\" class=\"wd-button-wrapper text-center\"><a href=\"\/zh-cn\/hizmetlerimiz\/\" title=\"\" class=\"btn btn-color-primary btn-style-default btn-shape-rectangle btn-size-default\">\u6211\u4eec\u7684\u670d\u52a1<\/a><\/div><\/div>\t\t\t\t\t<\/div>\n\t\t\t\t<\/div>\n\n\t\t\t\t\t\t\t\t\t<a class=\"wd-promo-banner-link wd-fill\" aria-label=\"Banner link\" href=\"\/zh-cn\/hizmetlerimiz\/\" title=\"\"><\/a>\n\t\t\t\t\n\t\t\t\t\t\t\t<\/div>\n\t\t<\/div>\n\n\t\t\t\t\t\t\t\t<\/div>\n\t\t\t\t\t<\/div>\n\n\t\t\t\t\t\t\t\t\t\t\t\t\t<div class=\"wd-nav-arrows wd-pos-sep wd-hover-1 wd-icon-1\">\n\t\t\t<div class=\"wd-btn-arrow wd-prev wd-disabled\">\n\t\t\t\t<div class=\"wd-arrow-inner\"><\/div>\n\t\t\t<\/div>\n\t\t\t<div class=\"wd-btn-arrow wd-next\">\n\t\t\t\t<div class=\"wd-arrow-inner\"><\/div>\n\t\t\t<\/div>\n\t\t<\/div>\n\t\t\t\t\t\t\t\t\t\t\t<\/div>\n\n\t\t\t\t\t\t\t\t\t\t\t<\/div>\n\n\t\t<\/div><\/div><\/div><\/div>\n<\/div>","protected":false},"excerpt":{"rendered":"B2B E\u015fle\u015ftirme ve Al\u0131m Heyeti Program\u0131: Nobel Expo\u2019nun \u00dcst\u00fcn Hizmetleri Nobel Expo olarak bizler, ticaret fuarlar\u0131n\u0131n sadece bir noktaya odaklanmad\u0131\u011f\u0131n\u0131n","protected":false},"author":1,"featured_media":0,"parent":0,"menu_order":0,"comment_status":"closed","ping_status":"closed","template":"","meta":{"_acf_changed":false,"footnotes":""},"class_list":["post-20","page","type-page","status-publish","hentry"],"acf":[],"yoast_head":"<!-- This site is optimized with the Yoast SEO plugin v25.8 - https:\/\/yoast.com\/wordpress\/plugins\/seo\/ -->\n<title>B2B E\u015fle\u015ftirme - Nobel Expo<\/title>\n<meta name=\"robots\" content=\"index, follow, max-snippet:-1, max-image-preview:large, max-video-preview:-1\" \/>\n<link rel=\"canonical\" href=\"https:\/\/nobelexpo.com\/zh-cn\/b2b-eslestirme\/\" \/>\n<meta property=\"og:locale\" content=\"zh_CN\" \/>\n<meta property=\"og:type\" content=\"article\" \/>\n<meta property=\"og:title\" content=\"B2B E\u015fle\u015ftirme - Nobel Expo\" \/>\n<meta property=\"og:url\" content=\"https:\/\/nobelexpo.com\/zh-cn\/b2b-eslestirme\/\" \/>\n<meta property=\"og:site_name\" content=\"Nobel Expo\" \/>\n<meta property=\"article:modified_time\" content=\"2025-07-10T07:38:22+00:00\" \/>\n<meta name=\"twitter:card\" content=\"summary_large_image\" \/>\n<meta name=\"twitter:label1\" content=\"\u9884\u8ba1\u9605\u8bfb\u65f6\u95f4\" \/>\n\t<meta name=\"twitter:data1\" content=\"6 \u5206\" \/>\n<script type=\"application\/ld+json\" class=\"yoast-schema-graph\">{\"@context\":\"https:\/\/schema.org\",\"@graph\":[{\"@type\":\"WebPage\",\"@id\":\"https:\/\/nobelexpo.com\/b2b-eslestirme\/\",\"url\":\"https:\/\/nobelexpo.com\/b2b-eslestirme\/\",\"name\":\"B2B E\u015fle\u015ftirme - Nobel Expo\",\"isPartOf\":{\"@id\":\"https:\/\/nobelexpo.com\/#website\"},\"datePublished\":\"2025-06-14T16:03:20+00:00\",\"dateModified\":\"2025-07-10T07:38:22+00:00\",\"breadcrumb\":{\"@id\":\"https:\/\/nobelexpo.com\/b2b-eslestirme\/#breadcrumb\"},\"inLanguage\":\"zh-Hans\",\"potentialAction\":[{\"@type\":\"ReadAction\",\"target\":[\"https:\/\/nobelexpo.com\/b2b-eslestirme\/\"]}]},{\"@type\":\"BreadcrumbList\",\"@id\":\"https:\/\/nobelexpo.com\/b2b-eslestirme\/#breadcrumb\",\"itemListElement\":[{\"@type\":\"ListItem\",\"position\":1,\"name\":\"Anasayfa\",\"item\":\"https:\/\/nobelexpo.com\/\"},{\"@type\":\"ListItem\",\"position\":2,\"name\":\"B2B E\u015fle\u015ftirme\"}]},{\"@type\":\"WebSite\",\"@id\":\"https:\/\/nobelexpo.com\/#website\",\"url\":\"https:\/\/nobelexpo.com\/\",\"name\":\"Nobel Expo\",\"description\":\"Gelece\u011fin Fuarlar\u0131na \u015eimdi Kat\u0131l\",\"potentialAction\":[{\"@type\":\"SearchAction\",\"target\":{\"@type\":\"EntryPoint\",\"urlTemplate\":\"https:\/\/nobelexpo.com\/?s={search_term_string}\"},\"query-input\":{\"@type\":\"PropertyValueSpecification\",\"valueRequired\":true,\"valueName\":\"search_term_string\"}}],\"inLanguage\":\"zh-Hans\"}]}<\/script>\n<!-- \/ Yoast SEO plugin. -->","yoast_head_json":{"title":"B2B E\u015fle\u015ftirme - Nobel Expo","robots":{"index":"index","follow":"follow","max-snippet":"max-snippet:-1","max-image-preview":"max-image-preview:large","max-video-preview":"max-video-preview:-1"},"canonical":"https:\/\/nobelexpo.com\/zh-cn\/b2b-eslestirme\/","og_locale":"zh_CN","og_type":"article","og_title":"B2B E\u015fle\u015ftirme - Nobel Expo","og_url":"https:\/\/nobelexpo.com\/zh-cn\/b2b-eslestirme\/","og_site_name":"Nobel Expo","article_modified_time":"2025-07-10T07:38:22+00:00","twitter_card":"summary_large_image","twitter_misc":{"\u9884\u8ba1\u9605\u8bfb\u65f6\u95f4":"6 \u5206"},"schema":{"@context":"https:\/\/schema.org","@graph":[{"@type":"WebPage","@id":"https:\/\/nobelexpo.com\/b2b-eslestirme\/","url":"https:\/\/nobelexpo.com\/b2b-eslestirme\/","name":"B2B E\u015fle\u015ftirme - Nobel Expo","isPartOf":{"@id":"https:\/\/nobelexpo.com\/#website"},"datePublished":"2025-06-14T16:03:20+00:00","dateModified":"2025-07-10T07:38:22+00:00","breadcrumb":{"@id":"https:\/\/nobelexpo.com\/b2b-eslestirme\/#breadcrumb"},"inLanguage":"zh-Hans","potentialAction":[{"@type":"ReadAction","target":["https:\/\/nobelexpo.com\/b2b-eslestirme\/"]}]},{"@type":"BreadcrumbList","@id":"https:\/\/nobelexpo.com\/b2b-eslestirme\/#breadcrumb","itemListElement":[{"@type":"ListItem","position":1,"name":"Anasayfa","item":"https:\/\/nobelexpo.com\/"},{"@type":"ListItem","position":2,"name":"B2B E\u015fle\u015ftirme"}]},{"@type":"WebSite","@id":"https:\/\/nobelexpo.com\/#website","url":"https:\/\/nobelexpo.com\/","name":"\u8bfa\u8d1d\u5c14\u535a\u89c8\u4f1a","description":"\u73b0\u5728\u5c31\u52a0\u5165\u672a\u6765\u535a\u89c8\u4f1a","potentialAction":[{"@type":"SearchAction","target":{"@type":"EntryPoint","urlTemplate":"https:\/\/nobelexpo.com\/?s={search_term_string}"},"query-input":{"@type":"PropertyValueSpecification","valueRequired":true,"valueName":"search_term_string"}}],"inLanguage":"zh-Hans"}]}},"_links":{"self":[{"href":"https:\/\/nobelexpo.com\/zh-cn\/wp-json\/wp\/v2\/pages\/20","targetHints":{"allow":["GET"]}}],"collection":[{"href":"https:\/\/nobelexpo.com\/zh-cn\/wp-json\/wp\/v2\/pages"}],"about":[{"href":"https:\/\/nobelexpo.com\/zh-cn\/wp-json\/wp\/v2\/types\/page"}],"author":[{"embeddable":true,"href":"https:\/\/nobelexpo.com\/zh-cn\/wp-json\/wp\/v2\/users\/1"}],"replies":[{"embeddable":true,"href":"https:\/\/nobelexpo.com\/zh-cn\/wp-json\/wp\/v2\/comments?post=20"}],"version-history":[{"count":0,"href":"https:\/\/nobelexpo.com\/zh-cn\/wp-json\/wp\/v2\/pages\/20\/revisions"}],"wp:attachment":[{"href":"https:\/\/nobelexpo.com\/zh-cn\/wp-json\/wp\/v2\/media?parent=20"}],"curies":[{"name":"wp","href":"https:\/\/api.w.org\/{rel}","templated":true}]}}